{"id":43269,"date":"2025-10-01T00:04:42","date_gmt":"2025-10-01T00:04:42","guid":{"rendered":"https:\/\/lovme.pt\/?post_type=product&p=43269"},"modified":"2026-02-19T20:14:15","modified_gmt":"2026-02-19T20:14:15","slug":"intense-shelly-plug-anal-controle-remoto-roxo","status":"publish","type":"product","link":"https:\/\/lovme.pt\/index.php\/produto\/intense-shelly-plug-anal-controle-remoto-roxo\/","title":{"rendered":"INTENSE &#8211; SHELLY PLUG ANAL CONTROLE REMOTO ROXO"},"content":{"rendered":"<p>Forte, mais forte, intenso: o plug Intense\u2122 Shelly\u2122 \u00e9 o sonho de todo f\u00e3 anal que se torna realidade. Com o plug anal vibrat\u00f3rio unissex, voc\u00ea experimentar\u00e1 as vibra\u00e7\u00f5es mais poderosas, estimula\u00e7\u00e3o deliciosa e infinitas possibilidades gra\u00e7as ao controle remoto inclu\u00eddo.<\/p>\n<p>Por que Intense\u2122 Shelly\u2122? Damos-lhe 7 motivos exclusivos que o far\u00e3o procurar Intense\u2122 Shelly\u2122<\/p>\n<ul>\n<li>3 anos de garantia<\/li>\n<li>Silicone amigo do corpo<\/li>\n<li>Vibra\u00e7\u00e3o profunda muito poderosa<\/li>\n<li>Unissex: O dispositivo pode ser usado por pessoas de todos os sexos<\/li>\n<li>\u00c0 prova d\u00e1gua (IPX7)<\/li>\n<li>Tamb\u00e9m pode ser usado sem o controle remoto<\/li>\n<li>Bateria de \u00edon de l\u00edtio F\u00e1cil de limpar<\/li>\n<\/ul>\n<p>Plugue Intense\u2122 Shelly\u2122 &#8211; Estimula\u00e7\u00e3o anal, mais intensa do que nunca<\/p>\n<p>Voc\u00ea gosta de estimula\u00e7\u00e3o anal forte? Voc\u00ea vai adorar o Plug Intense\u2122 Shelly\u2122: Pot\u00eancia que encanta com vibra\u00e7\u00f5es intensas e controle remoto. Este plug anal vibrat\u00f3rio \u00e9 feito de silicone higi\u00eanico. Um material flex\u00edvel e agrad\u00e1vel ao corpo. Seu formato ergon\u00f4mico facilita a inser\u00e7\u00e3o. O Intense\u2122 Shelly\u2122 est\u00e1 equipado com um ovo e motores duplos que proporcionam estimula\u00e7\u00e3o adicional. Sua ampla base promete seguran\u00e7a confi\u00e1vel. O Intense\u2122 Shelly\u2122 d\u00e1-lhe tudo o que sonha com o seu telecomando: Controle tudo com o telecomando totalmente discreto, d\u00ea vida a programas totalmente novos, d\u00ea liberdade \u00e0 sua mente criativa brincando consigo mesmo ou com a pessoa que lhe d\u00e1 o poder do comando.<\/p>\n<p>Vibrador anal com muita pot\u00eancia: Intense\u2122 Shelly\u2122 Anal Plug<\/p>\n<p>O Intense\u2122 Shelly\u2122 recupera a for\u00e7a ap\u00f3s um \u00e1rduo dia de trabalho atrav\u00e9s do cabo USB inclu\u00eddo. A divers\u00e3o anal com \u00e1gua \u00e9 ainda mais intensa: Aproveite as vibra\u00e7\u00f5es do plug anal no chuveiro ou na banheira sem problemas gra\u00e7as ao acabamento \u00e0 prova d\u00e1gua (IPX6). Voc\u00ea pode limpar este dispositivo sexual facilmente com um limpador de dispositivos sexuais ou um pouco de \u00e1gua morna e sab\u00e3o neutro.<\/p>\n<p>LIMPEZA<\/p>\n<ul>\n<li>Limpe bem o brinquedo antes e depois de cada uso com \u00e1gua morna e sab\u00e3o neutro.<\/li>\n<\/ul>\n<p>ARMAZENAR<\/p>\n<ul>\n<li>Guarde o seu brinquedo Intense\u2122 Shelly\u2122 num local sem p\u00f3 e mantenha-o afastado de brinquedos feitos de outros materiais. Evite deix\u00e1-lo exposto \u00e0 luz solar direta e NUNCA exponha-o a calor extremo.<\/li>\n<\/ul>\n<p>DICAS DE USO<\/p>\n<ul>\n<li>Intense\u2122 Shelly\u2122 recomenda o uso de lubrificantes \u00e0 base de \u00e1gua, como Waterfeel\u2122, Aqua\u2122, Bioaqua\u2122, Aquatravel\u2122 ou Coquette\u2122 para uma inser\u00e7\u00e3o f\u00e1cil e suave de todos os produtos de silicone. N\u00e3o utilize lubrificantes, \u00f3leos ou cremes de silicone com qualquer produto de silicone, pois podem degradar o material do produto e limitar o seu desempenho e vida \u00fatil.<\/li>\n<\/ul>\n<p>3 ANOS DE GARANTIA<\/p>\n<ul>\n<li>Esta garantia se aplica a todos os produtos Intense\u2122 adquiridos, a partir da data da compra original de tal produto. Esta garantia n\u00e3o cobre danos causados por uso indevido ou diferente do pretendido e descrito no manual de instru\u00e7\u00f5es do produto, desgaste normal, altera\u00e7\u00e3o, uso n\u00e3o razo\u00e1vel, servi\u00e7o por ag\u00eancias de servi\u00e7o n\u00e3o autorizadas ou perda ou dano a baterias ou baterias. remov\u00edvel.<\/li>\n<\/ul>\n","protected":false},"excerpt":{"rendered":"<p>INTENSE &#8211; SHELLY PLUG ANAL CONTROLE REMOTO ROXO<\/p>\n","protected":false},"featured_media":84281,"template":"","meta":{"_acf_changed":false},"product_brand":[],"product_cat":[48,17,62,63,76],"product_tag":[],"class_list":{"0":"post-43269","1":"product","2":"type-product","3":"status-publish","4":"has-post-thumbnail","6":"product_cat-bdsm","7":"product_cat-brinquedos-de-bem-estar-sexual","8":"product_cat-plugues-e-correntes-anais","9":"product_cat-sexo-anal","10":"product_cat-vibradores","11":"yith_product_brand-intense","12":"yith_product_brand-intenseintense-toysintense-anal-toys","13":"yith_product_brand-intenseintense-toys","15":"first","16":"instock","17":"taxable","18":"shipping-taxable","19":"purchasable","20":"product-type-simple"},"acf":[],"yoast_head":"<!-- This site is optimized with the Yoast SEO plugin v27.4 - https:\/\/yoast.com\/product\/yoast-seo-wordpress\/ -->\n<title>INTENSE - SHELLY PLUG ANAL CONTROLE REMOTO ROXO - Lovme<\/title>\n<meta name=\"robots\" content=\"index, follow, max-snippet:-1, max-image-preview:large, max-video-preview:-1\" \/>\n<link rel=\"canonical\" href=\"https:\/\/lovme.pt\/index.php\/produto\/intense-shelly-plug-anal-controle-remoto-roxo\/\" \/>\n<meta property=\"og:locale\" content=\"pt_PT\" \/>\n<meta property=\"og:type\" content=\"article\" \/>\n<meta property=\"og:title\" content=\"INTENSE - SHELLY PLUG ANAL CONTROLE REMOTO ROXO - Lovme\" \/>\n<meta property=\"og:description\" content=\"INTENSE - SHELLY PLUG ANAL CONTROLE REMOTO ROXO\" \/>\n<meta property=\"og:url\" content=\"https:\/\/lovme.pt\/index.php\/produto\/intense-shelly-plug-anal-controle-remoto-roxo\/\" \/>\n<meta property=\"og:site_name\" content=\"Lovme\" \/>\n<meta property=\"article:modified_time\" content=\"2026-02-19T20:14:15+00:00\" \/>\n<meta property=\"og:image\" content=\"https:\/\/erki24nd3ub.exactdn.com\/wp-content\/uploads\/dream\/img\/img_143147_d573c178bb676d604b2859371dd1b22d_1.png?strip=all\" \/>\n\t<meta property=\"og:image:width\" content=\"800\" \/>\n\t<meta property=\"og:image:height\" content=\"800\" \/>\n\t<meta property=\"og:image:type\" content=\"image\/png\" \/>\n<meta name=\"twitter:card\" content=\"summary_large_image\" \/>\n<meta name=\"twitter:label1\" content=\"Tempo estimado de leitura\" \/>\n\t<meta name=\"twitter:data1\" content=\"3 minutos\" \/>\n<script type=\"application\/ld+json\" class=\"yoast-schema-graph\">{\"@context\":\"https:\\\/\\\/schema.org\",\"@graph\":[{\"@type\":\"WebPage\",\"@id\":\"https:\\\/\\\/lovme.pt\\\/index.php\\\/produto\\\/intense-shelly-plug-anal-controle-remoto-roxo\\\/\",\"url\":\"https:\\\/\\\/lovme.pt\\\/index.php\\\/produto\\\/intense-shelly-plug-anal-controle-remoto-roxo\\\/\",\"name\":\"INTENSE - SHELLY PLUG ANAL CONTROLE REMOTO ROXO - Lovme\",\"isPartOf\":{\"@id\":\"https:\\\/\\\/lovme.pt\\\/#website\"},\"primaryImageOfPage\":{\"@id\":\"https:\\\/\\\/lovme.pt\\\/index.php\\\/produto\\\/intense-shelly-plug-anal-controle-remoto-roxo\\\/#primaryimage\"},\"image\":{\"@id\":\"https:\\\/\\\/lovme.pt\\\/index.php\\\/produto\\\/intense-shelly-plug-anal-controle-remoto-roxo\\\/#primaryimage\"},\"thumbnailUrl\":\"https:\\\/\\\/erki24nd3ub.exactdn.com\\\/wp-content\\\/uploads\\\/dream\\\/img\\\/img_143147_d573c178bb676d604b2859371dd1b22d_1.png?strip=all\",\"datePublished\":\"2025-10-01T00:04:42+00:00\",\"dateModified\":\"2026-02-19T20:14:15+00:00\",\"breadcrumb\":{\"@id\":\"https:\\\/\\\/lovme.pt\\\/index.php\\\/produto\\\/intense-shelly-plug-anal-controle-remoto-roxo\\\/#breadcrumb\"},\"inLanguage\":\"pt-PT\",\"potentialAction\":[{\"@type\":\"ReadAction\",\"target\":[\"https:\\\/\\\/lovme.pt\\\/index.php\\\/produto\\\/intense-shelly-plug-anal-controle-remoto-roxo\\\/\"]}]},{\"@type\":\"ImageObject\",\"inLanguage\":\"pt-PT\",\"@id\":\"https:\\\/\\\/lovme.pt\\\/index.php\\\/produto\\\/intense-shelly-plug-anal-controle-remoto-roxo\\\/#primaryimage\",\"url\":\"https:\\\/\\\/erki24nd3ub.exactdn.com\\\/wp-content\\\/uploads\\\/dream\\\/img\\\/img_143147_d573c178bb676d604b2859371dd1b22d_1.png?strip=all\",\"contentUrl\":\"https:\\\/\\\/erki24nd3ub.exactdn.com\\\/wp-content\\\/uploads\\\/dream\\\/img\\\/img_143147_d573c178bb676d604b2859371dd1b22d_1.png?strip=all\",\"width\":800,\"height\":800},{\"@type\":\"BreadcrumbList\",\"@id\":\"https:\\\/\\\/lovme.pt\\\/index.php\\\/produto\\\/intense-shelly-plug-anal-controle-remoto-roxo\\\/#breadcrumb\",\"itemListElement\":[{\"@type\":\"ListItem\",\"position\":1,\"name\":\"In\u00edcio\",\"item\":\"https:\\\/\\\/lovme.pt\\\/\"},{\"@type\":\"ListItem\",\"position\":2,\"name\":\"Loja\",\"item\":\"https:\\\/\\\/lovme.pt\\\/index.php\\\/loja\\\/\"},{\"@type\":\"ListItem\",\"position\":3,\"name\":\"INTENSE &#8211; SHELLY PLUG ANAL CONTROLE REMOTO ROXO\"}]},{\"@type\":\"WebSite\",\"@id\":\"https:\\\/\\\/lovme.pt\\\/#website\",\"url\":\"https:\\\/\\\/lovme.pt\\\/\",\"name\":\"Lovme Loja Er\u00f3tica N\u00ba1 em Portugal\",\"description\":\"A melhor loja er\u00f3tica de Portugal.\",\"alternateName\":\"Loja Er\u00f3tica Lovme\",\"potentialAction\":[{\"@type\":\"SearchAction\",\"target\":{\"@type\":\"EntryPoint\",\"urlTemplate\":\"https:\\\/\\\/lovme.pt\\\/?s={search_term_string}\"},\"query-input\":{\"@type\":\"PropertyValueSpecification\",\"valueRequired\":true,\"valueName\":\"search_term_string\"}}],\"inLanguage\":\"pt-PT\"}]}<\/script>\n<!-- \/ Yoast SEO plugin. -->","yoast_head_json":{"title":"INTENSE - SHELLY PLUG ANAL CONTROLE REMOTO ROXO - Lovme","robots":{"index":"index","follow":"follow","max-snippet":"max-snippet:-1","max-image-preview":"max-image-preview:large","max-video-preview":"max-video-preview:-1"},"canonical":"https:\/\/lovme.pt\/index.php\/produto\/intense-shelly-plug-anal-controle-remoto-roxo\/","og_locale":"pt_PT","og_type":"article","og_title":"INTENSE - SHELLY PLUG ANAL CONTROLE REMOTO ROXO - Lovme","og_description":"INTENSE - SHELLY PLUG ANAL CONTROLE REMOTO ROXO","og_url":"https:\/\/lovme.pt\/index.php\/produto\/intense-shelly-plug-anal-controle-remoto-roxo\/","og_site_name":"Lovme","article_modified_time":"2026-02-19T20:14:15+00:00","og_image":[{"width":800,"height":800,"url":"https:\/\/erki24nd3ub.exactdn.com\/wp-content\/uploads\/dream\/img\/img_143147_d573c178bb676d604b2859371dd1b22d_1.png?strip=all","type":"image\/png"}],"twitter_card":"summary_large_image","twitter_misc":{"Tempo estimado de leitura":"3 minutos"},"schema":{"@context":"https:\/\/schema.org","@graph":[{"@type":"WebPage","@id":"https:\/\/lovme.pt\/index.php\/produto\/intense-shelly-plug-anal-controle-remoto-roxo\/","url":"https:\/\/lovme.pt\/index.php\/produto\/intense-shelly-plug-anal-controle-remoto-roxo\/","name":"INTENSE - SHELLY PLUG ANAL CONTROLE REMOTO ROXO - Lovme","isPartOf":{"@id":"https:\/\/lovme.pt\/#website"},"primaryImageOfPage":{"@id":"https:\/\/lovme.pt\/index.php\/produto\/intense-shelly-plug-anal-controle-remoto-roxo\/#primaryimage"},"image":{"@id":"https:\/\/lovme.pt\/index.php\/produto\/intense-shelly-plug-anal-controle-remoto-roxo\/#primaryimage"},"thumbnailUrl":"https:\/\/erki24nd3ub.exactdn.com\/wp-content\/uploads\/dream\/img\/img_143147_d573c178bb676d604b2859371dd1b22d_1.png?strip=all","datePublished":"2025-10-01T00:04:42+00:00","dateModified":"2026-02-19T20:14:15+00:00","breadcrumb":{"@id":"https:\/\/lovme.pt\/index.php\/produto\/intense-shelly-plug-anal-controle-remoto-roxo\/#breadcrumb"},"inLanguage":"pt-PT","potentialAction":[{"@type":"ReadAction","target":["https:\/\/lovme.pt\/index.php\/produto\/intense-shelly-plug-anal-controle-remoto-roxo\/"]}]},{"@type":"ImageObject","inLanguage":"pt-PT","@id":"https:\/\/lovme.pt\/index.php\/produto\/intense-shelly-plug-anal-controle-remoto-roxo\/#primaryimage","url":"https:\/\/erki24nd3ub.exactdn.com\/wp-content\/uploads\/dream\/img\/img_143147_d573c178bb676d604b2859371dd1b22d_1.png?strip=all","contentUrl":"https:\/\/erki24nd3ub.exactdn.com\/wp-content\/uploads\/dream\/img\/img_143147_d573c178bb676d604b2859371dd1b22d_1.png?strip=all","width":800,"height":800},{"@type":"BreadcrumbList","@id":"https:\/\/lovme.pt\/index.php\/produto\/intense-shelly-plug-anal-controle-remoto-roxo\/#breadcrumb","itemListElement":[{"@type":"ListItem","position":1,"name":"In\u00edcio","item":"https:\/\/lovme.pt\/"},{"@type":"ListItem","position":2,"name":"Loja","item":"https:\/\/lovme.pt\/index.php\/loja\/"},{"@type":"ListItem","position":3,"name":"INTENSE &#8211; SHELLY PLUG ANAL CONTROLE REMOTO ROXO"}]},{"@type":"WebSite","@id":"https:\/\/lovme.pt\/#website","url":"https:\/\/lovme.pt\/","name":"Lovme Loja Er\u00f3tica N\u00ba1 em Portugal","description":"A melhor loja er\u00f3tica de Portugal.","alternateName":"Loja Er\u00f3tica Lovme","potentialAction":[{"@type":"SearchAction","target":{"@type":"EntryPoint","urlTemplate":"https:\/\/lovme.pt\/?s={search_term_string}"},"query-input":{"@type":"PropertyValueSpecification","valueRequired":true,"valueName":"search_term_string"}}],"inLanguage":"pt-PT"}]}},"_links":{"self":[{"href":"https:\/\/lovme.pt\/index.php\/wp-json\/wp\/v2\/product\/43269","targetHints":{"allow":["GET"]}}],"collection":[{"href":"https:\/\/lovme.pt\/index.php\/wp-json\/wp\/v2\/product"}],"about":[{"href":"https:\/\/lovme.pt\/index.php\/wp-json\/wp\/v2\/types\/product"}],"wp:featuredmedia":[{"embeddable":true,"href":"https:\/\/lovme.pt\/index.php\/wp-json\/wp\/v2\/media\/84281"}],"wp:attachment":[{"href":"https:\/\/lovme.pt\/index.php\/wp-json\/wp\/v2\/media?parent=43269"}],"wp:term":[{"taxonomy":"product_brand","embeddable":true,"href":"https:\/\/lovme.pt\/index.php\/wp-json\/wp\/v2\/product_brand?post=43269"},{"taxonomy":"product_cat","embeddable":true,"href":"https:\/\/lovme.pt\/index.php\/wp-json\/wp\/v2\/product_cat?post=43269"},{"taxonomy":"product_tag","embeddable":true,"href":"https:\/\/lovme.pt\/index.php\/wp-json\/wp\/v2\/product_tag?post=43269"}],"curies":[{"name":"wp","href":"https:\/\/api.w.org\/{rel}","templated":true}]}}