{"id":43252,"date":"2025-10-01T02:28:47","date_gmt":"2025-10-01T02:28:47","guid":{"rendered":"https:\/\/lovme.pt\/?post_type=product&#038;p=43252"},"modified":"2026-05-13T16:25:35","modified_gmt":"2026-05-13T16:25:35","slug":"jamyjob-astra-oral-extrem-vibracao-e-ondas-estimulantes","status":"publish","type":"product","link":"https:\/\/lovme.pt\/index.php\/produto\/jamyjob-astra-oral-extrem-vibracao-e-ondas-estimulantes\/","title":{"rendered":"JAMYJOB &#8211; ASTRA ORAL EXTREM VIBRA\u00c7\u00c3O E SUC\u00c7\u00c3O"},"content":{"rendered":"<p>Dois motores potentes e profundos para uma sensa\u00e7\u00e3o alucinante<\/p>\n<ul>\n<li> Envolve a cabe\u00e7a do p\u00eanis com vibra\u00e7\u00e3o e suc\u00e7\u00e3o<\/li>\n<li> Uma experi\u00eancia de masturba\u00e7\u00e3o sem esfor\u00e7o<\/li>\n<li> Use-o sozinho ou convide seu parceiro para promover o orgasmo<\/li>\n<li> F\u00e1cil de usar com uma m\u00e3o ou com as m\u00e3os livres<\/li>\n<\/ul>\n<p> UM BRINQUEDO DE P\u00caNIS M\u00c3OS LIVRES<\/p>\n<p> Voc\u00ea sabia que pode ser dif\u00edcil manter um bom ritmo de car\u00edcias enquanto tamb\u00e9m se penetra? Este brinquedo resolve isso.<\/p>\n<p> COMPARTILHE A VIBRA\u00c7\u00c3O<\/p>\n<p> Sem ere\u00e7\u00e3o? Sem problemas. Pe\u00e7a para seu parceiro brincar com voc\u00ea e usar o brinquedo ao mesmo tempo.<\/p>\n<p> SUC\u00c7\u00c3O<\/p>\n<p> Desenvolver uma tecnologia que forne\u00e7a valor diferencial \u00e9 a tarefa mais dif\u00edcil, e na JAMYJOB, n\u00f3s conseguimos.<\/p>\n<p> O MELHOR MASTURBADOR COM SUC\u00c7\u00c3O<\/p>\n<p> Lembra da primeira vez que voc\u00ea sentou ao volante de um carro? Aquelas sensa\u00e7\u00f5es de liberdade, possibilidade e poder? O conhecimento que voc\u00ea p\u00f4de explorar e descobrir de maneiras nunca antes poss\u00edveis? \u00c9 basicamente isso que acontece com o seu p\u00eanis na primeira vez que voc\u00ea usa o JAMYJOB\u2122 ASTRA.<\/p>\n<p> O QUE TORNA O JAMYJOB\u2122 ASTRA ESPECIAL?<\/p>\n<p> O JAMYJOB\u2122 ASTRA envolve sensualmente seu p\u00eanis em silicone aveludado e vibra\u00e7\u00f5es incr\u00edveis. Seus dois motores refletem as vibra\u00e7\u00f5es um no outro, proporcionando uma suave sensa\u00e7\u00e3o de suc\u00e7\u00e3o. N\u00e3o \u00e9 preciso empurrar, apertar ou acariciar: basta deitar e aproveitar.<\/p>\n<p> POSSO USAR ESTE MASTURBADOR VIBRANTE PARA SEXO DE CASAL?<\/p>\n<p> Estamos dois passos \u00e0 sua frente! Uma das vantagens de ter dois motores \u00e9 que voc\u00ea tamb\u00e9m pode sentir a forte vibra\u00e7\u00e3o na parte externa da capa de silicone. Recomendamos que voc\u00ea se deite com o JAMYJOB\u2122 ASTRA e convide seu parceiro para subir em voc\u00ea.<\/p>\n<p> POSSO USAR O JAMYJOB\u2122 ASTRA SEM TER ERE\u00c7\u00c3O?<\/p>\n<p> Sim. Como tudo o que voc\u00ea precisa fazer \u00e9 colocar a cabe\u00e7a do seu p\u00eanis dentro do brinquedo, voc\u00ea pode aproveit\u00e1-lo com ou sem ere\u00e7\u00e3o. Este tamb\u00e9m \u00e9 um brinquedo popular para pessoas com artrite e outras condi\u00e7\u00f5es que dificultam a rotina de masturba\u00e7\u00e3o com as m\u00e3os. Depois de configur\u00e1-lo na configura\u00e7\u00e3o desejada, voc\u00ea pode ficar completamente sem as m\u00e3os!<\/p>\n<p> MATERIAL E CUIDADOS<\/p>\n<p> Jamyjob \u00e9 um brinquedo \u00e0 prova d\u00e1gua feito de silicone m\u00e9dico sedoso e macio, extremamente escorregadio e que absorve rapidamente o calor do corpo. O brinquedo pode ser facilmente limpo com um pouco de sab\u00e3o em \u00e1gua morna. Com um pouco de limpador desinfetante para brinquedos, voc\u00ea pode garantir uma higiene particularmente completa depois, idealmente com o spray desinfetante perfeitamente coordenado da Waterfeel. Para o m\u00e1ximo prazer, use sempre seu brinquedo com um dos lubrificantes \u00e0 base de \u00e1gua da Waterfeel, perfeitamente adequado ao produto. Eles est\u00e3o dispon\u00edveis nas vers\u00f5es cl\u00e1ssica, sedosa e quente. A composi\u00e7\u00e3o vegana \u00e0 base de \u00e1gua protege o material e mant\u00e9m a superf\u00edcie do seu brinquedo agradavelmente lisa.<\/p>\n<p> <strong>Caracter\u00edsticas<\/strong> :<\/p>\n<ul>\n<li> Silicone Premium de Luxo<\/li>\n<li> 9 modos de vibra\u00e7\u00e3o poderosos<\/li>\n<li> 3 velocidades de suc\u00e7\u00e3o<\/li>\n<li> 4 Fun\u00e7\u00f5es<\/li>\n<li> Material livre de ftalatos.<\/li>\n<li> Carregador magn\u00e9tico<\/li>\n<li> Submers\u00edvel \/ adequado para chuveiro ou spa.<\/li>\n<li> <span style=\"font-size: 13px;\"><strong>Medidas<\/strong> : Comprimento: 13 cm \/ Largura: 6,5 cm \/ Comprimento inser\u00edvel: 6 cm \/ Di\u00e2metro da abertura: 2,5 cm<\/span><\/li>\n<\/ul>\n","protected":false},"excerpt":{"rendered":"<p>JAMYJOB &#8211; ASTRA ORAL EXTREM VIBRA\u00c7\u00c3O E SUC\u00c7\u00c3O<\/p>\n","protected":false},"featured_media":97137,"template":"","meta":{"_acf_changed":false},"product_brand":[],"product_cat":[17,58,60],"product_tag":[],"class_list":{"0":"post-43252","1":"product","2":"type-product","3":"status-publish","4":"has-post-thumbnail","6":"product_cat-brinquedos-de-bem-estar-sexual","7":"product_cat-masturbadores-para-penis","8":"product_cat-para-eles","9":"yith_product_brand-jamyjob","11":"first","12":"outofstock","13":"taxable","14":"shipping-taxable","15":"purchasable","16":"product-type-simple"},"acf":[],"yoast_head":"<!-- This site is optimized with the Yoast SEO plugin v27.4 - https:\/\/yoast.com\/product\/yoast-seo-wordpress\/ -->\n<title>JAMYJOB - ASTRA ORAL EXTREM VIBRA\u00c7\u00c3O E SUC\u00c7\u00c3O - Lovme<\/title>\n<meta name=\"robots\" content=\"index, follow, max-snippet:-1, max-image-preview:large, max-video-preview:-1\" \/>\n<link rel=\"canonical\" href=\"https:\/\/lovme.pt\/index.php\/produto\/jamyjob-astra-oral-extrem-vibracao-e-ondas-estimulantes\/\" \/>\n<meta property=\"og:locale\" content=\"pt_PT\" \/>\n<meta property=\"og:type\" content=\"article\" \/>\n<meta property=\"og:title\" content=\"JAMYJOB - ASTRA ORAL EXTREM VIBRA\u00c7\u00c3O E SUC\u00c7\u00c3O - Lovme\" \/>\n<meta property=\"og:description\" content=\"JAMYJOB - ASTRA ORAL EXTREM VIBRA\u00c7\u00c3O E SUC\u00c7\u00c3O\" \/>\n<meta property=\"og:url\" content=\"https:\/\/lovme.pt\/index.php\/produto\/jamyjob-astra-oral-extrem-vibracao-e-ondas-estimulantes\/\" \/>\n<meta property=\"og:site_name\" content=\"Lovme\" \/>\n<meta property=\"article:modified_time\" content=\"2026-05-13T16:25:35+00:00\" \/>\n<meta property=\"og:image\" content=\"https:\/\/erki24nd3ub.exactdn.com\/wp-content\/uploads\/dream\/img\/img_143091_5739758295ec28ba3a686fc189c08386_1.png?strip=all\" \/>\n\t<meta property=\"og:image:width\" content=\"800\" \/>\n\t<meta property=\"og:image:height\" content=\"800\" \/>\n\t<meta property=\"og:image:type\" content=\"image\/png\" \/>\n<meta name=\"twitter:card\" content=\"summary_large_image\" \/>\n<meta name=\"twitter:label1\" content=\"Tempo estimado de leitura\" \/>\n\t<meta name=\"twitter:data1\" content=\"3 minutos\" \/>\n<script type=\"application\/ld+json\" class=\"yoast-schema-graph\">{\"@context\":\"https:\\\/\\\/schema.org\",\"@graph\":[{\"@type\":\"WebPage\",\"@id\":\"https:\\\/\\\/lovme.pt\\\/index.php\\\/produto\\\/jamyjob-astra-oral-extrem-vibracao-e-ondas-estimulantes\\\/\",\"url\":\"https:\\\/\\\/lovme.pt\\\/index.php\\\/produto\\\/jamyjob-astra-oral-extrem-vibracao-e-ondas-estimulantes\\\/\",\"name\":\"JAMYJOB - ASTRA ORAL EXTREM VIBRA\u00c7\u00c3O E SUC\u00c7\u00c3O - Lovme\",\"isPartOf\":{\"@id\":\"https:\\\/\\\/lovme.pt\\\/#website\"},\"primaryImageOfPage\":{\"@id\":\"https:\\\/\\\/lovme.pt\\\/index.php\\\/produto\\\/jamyjob-astra-oral-extrem-vibracao-e-ondas-estimulantes\\\/#primaryimage\"},\"image\":{\"@id\":\"https:\\\/\\\/lovme.pt\\\/index.php\\\/produto\\\/jamyjob-astra-oral-extrem-vibracao-e-ondas-estimulantes\\\/#primaryimage\"},\"thumbnailUrl\":\"https:\\\/\\\/erki24nd3ub.exactdn.com\\\/wp-content\\\/uploads\\\/dream\\\/img\\\/img_143091_5739758295ec28ba3a686fc189c08386_1.png?strip=all\",\"datePublished\":\"2025-10-01T02:28:47+00:00\",\"dateModified\":\"2026-05-13T16:25:35+00:00\",\"breadcrumb\":{\"@id\":\"https:\\\/\\\/lovme.pt\\\/index.php\\\/produto\\\/jamyjob-astra-oral-extrem-vibracao-e-ondas-estimulantes\\\/#breadcrumb\"},\"inLanguage\":\"pt-PT\",\"potentialAction\":[{\"@type\":\"ReadAction\",\"target\":[\"https:\\\/\\\/lovme.pt\\\/index.php\\\/produto\\\/jamyjob-astra-oral-extrem-vibracao-e-ondas-estimulantes\\\/\"]}]},{\"@type\":\"ImageObject\",\"inLanguage\":\"pt-PT\",\"@id\":\"https:\\\/\\\/lovme.pt\\\/index.php\\\/produto\\\/jamyjob-astra-oral-extrem-vibracao-e-ondas-estimulantes\\\/#primaryimage\",\"url\":\"https:\\\/\\\/erki24nd3ub.exactdn.com\\\/wp-content\\\/uploads\\\/dream\\\/img\\\/img_143091_5739758295ec28ba3a686fc189c08386_1.png?strip=all\",\"contentUrl\":\"https:\\\/\\\/erki24nd3ub.exactdn.com\\\/wp-content\\\/uploads\\\/dream\\\/img\\\/img_143091_5739758295ec28ba3a686fc189c08386_1.png?strip=all\",\"width\":800,\"height\":800},{\"@type\":\"BreadcrumbList\",\"@id\":\"https:\\\/\\\/lovme.pt\\\/index.php\\\/produto\\\/jamyjob-astra-oral-extrem-vibracao-e-ondas-estimulantes\\\/#breadcrumb\",\"itemListElement\":[{\"@type\":\"ListItem\",\"position\":1,\"name\":\"In\u00edcio\",\"item\":\"https:\\\/\\\/lovme.pt\\\/\"},{\"@type\":\"ListItem\",\"position\":2,\"name\":\"Loja\",\"item\":\"https:\\\/\\\/lovme.pt\\\/index.php\\\/loja\\\/\"},{\"@type\":\"ListItem\",\"position\":3,\"name\":\"JAMYJOB &#8211; ASTRA ORAL EXTREM VIBRA\u00c7\u00c3O E SUC\u00c7\u00c3O\"}]},{\"@type\":\"WebSite\",\"@id\":\"https:\\\/\\\/lovme.pt\\\/#website\",\"url\":\"https:\\\/\\\/lovme.pt\\\/\",\"name\":\"Lovme Loja Er\u00f3tica N\u00ba1 em Portugal\",\"description\":\"A melhor loja er\u00f3tica de Portugal.\",\"alternateName\":\"Loja Er\u00f3tica Lovme\",\"potentialAction\":[{\"@type\":\"SearchAction\",\"target\":{\"@type\":\"EntryPoint\",\"urlTemplate\":\"https:\\\/\\\/lovme.pt\\\/?s={search_term_string}\"},\"query-input\":{\"@type\":\"PropertyValueSpecification\",\"valueRequired\":true,\"valueName\":\"search_term_string\"}}],\"inLanguage\":\"pt-PT\"}]}<\/script>\n<!-- \/ Yoast SEO plugin. -->","yoast_head_json":{"title":"JAMYJOB - ASTRA ORAL EXTREM VIBRA\u00c7\u00c3O E SUC\u00c7\u00c3O - Lovme","robots":{"index":"index","follow":"follow","max-snippet":"max-snippet:-1","max-image-preview":"max-image-preview:large","max-video-preview":"max-video-preview:-1"},"canonical":"https:\/\/lovme.pt\/index.php\/produto\/jamyjob-astra-oral-extrem-vibracao-e-ondas-estimulantes\/","og_locale":"pt_PT","og_type":"article","og_title":"JAMYJOB - ASTRA ORAL EXTREM VIBRA\u00c7\u00c3O E SUC\u00c7\u00c3O - Lovme","og_description":"JAMYJOB - ASTRA ORAL EXTREM VIBRA\u00c7\u00c3O E SUC\u00c7\u00c3O","og_url":"https:\/\/lovme.pt\/index.php\/produto\/jamyjob-astra-oral-extrem-vibracao-e-ondas-estimulantes\/","og_site_name":"Lovme","article_modified_time":"2026-05-13T16:25:35+00:00","og_image":[{"width":800,"height":800,"url":"https:\/\/erki24nd3ub.exactdn.com\/wp-content\/uploads\/dream\/img\/img_143091_5739758295ec28ba3a686fc189c08386_1.png?strip=all","type":"image\/png"}],"twitter_card":"summary_large_image","twitter_misc":{"Tempo estimado de leitura":"3 minutos"},"schema":{"@context":"https:\/\/schema.org","@graph":[{"@type":"WebPage","@id":"https:\/\/lovme.pt\/index.php\/produto\/jamyjob-astra-oral-extrem-vibracao-e-ondas-estimulantes\/","url":"https:\/\/lovme.pt\/index.php\/produto\/jamyjob-astra-oral-extrem-vibracao-e-ondas-estimulantes\/","name":"JAMYJOB - ASTRA ORAL EXTREM VIBRA\u00c7\u00c3O E SUC\u00c7\u00c3O - Lovme","isPartOf":{"@id":"https:\/\/lovme.pt\/#website"},"primaryImageOfPage":{"@id":"https:\/\/lovme.pt\/index.php\/produto\/jamyjob-astra-oral-extrem-vibracao-e-ondas-estimulantes\/#primaryimage"},"image":{"@id":"https:\/\/lovme.pt\/index.php\/produto\/jamyjob-astra-oral-extrem-vibracao-e-ondas-estimulantes\/#primaryimage"},"thumbnailUrl":"https:\/\/erki24nd3ub.exactdn.com\/wp-content\/uploads\/dream\/img\/img_143091_5739758295ec28ba3a686fc189c08386_1.png?strip=all","datePublished":"2025-10-01T02:28:47+00:00","dateModified":"2026-05-13T16:25:35+00:00","breadcrumb":{"@id":"https:\/\/lovme.pt\/index.php\/produto\/jamyjob-astra-oral-extrem-vibracao-e-ondas-estimulantes\/#breadcrumb"},"inLanguage":"pt-PT","potentialAction":[{"@type":"ReadAction","target":["https:\/\/lovme.pt\/index.php\/produto\/jamyjob-astra-oral-extrem-vibracao-e-ondas-estimulantes\/"]}]},{"@type":"ImageObject","inLanguage":"pt-PT","@id":"https:\/\/lovme.pt\/index.php\/produto\/jamyjob-astra-oral-extrem-vibracao-e-ondas-estimulantes\/#primaryimage","url":"https:\/\/erki24nd3ub.exactdn.com\/wp-content\/uploads\/dream\/img\/img_143091_5739758295ec28ba3a686fc189c08386_1.png?strip=all","contentUrl":"https:\/\/erki24nd3ub.exactdn.com\/wp-content\/uploads\/dream\/img\/img_143091_5739758295ec28ba3a686fc189c08386_1.png?strip=all","width":800,"height":800},{"@type":"BreadcrumbList","@id":"https:\/\/lovme.pt\/index.php\/produto\/jamyjob-astra-oral-extrem-vibracao-e-ondas-estimulantes\/#breadcrumb","itemListElement":[{"@type":"ListItem","position":1,"name":"In\u00edcio","item":"https:\/\/lovme.pt\/"},{"@type":"ListItem","position":2,"name":"Loja","item":"https:\/\/lovme.pt\/index.php\/loja\/"},{"@type":"ListItem","position":3,"name":"JAMYJOB &#8211; ASTRA ORAL EXTREM VIBRA\u00c7\u00c3O E SUC\u00c7\u00c3O"}]},{"@type":"WebSite","@id":"https:\/\/lovme.pt\/#website","url":"https:\/\/lovme.pt\/","name":"Lovme Loja Er\u00f3tica N\u00ba1 em Portugal","description":"A melhor loja er\u00f3tica de Portugal.","alternateName":"Loja Er\u00f3tica Lovme","potentialAction":[{"@type":"SearchAction","target":{"@type":"EntryPoint","urlTemplate":"https:\/\/lovme.pt\/?s={search_term_string}"},"query-input":{"@type":"PropertyValueSpecification","valueRequired":true,"valueName":"search_term_string"}}],"inLanguage":"pt-PT"}]}},"_links":{"self":[{"href":"https:\/\/lovme.pt\/index.php\/wp-json\/wp\/v2\/product\/43252","targetHints":{"allow":["GET"]}}],"collection":[{"href":"https:\/\/lovme.pt\/index.php\/wp-json\/wp\/v2\/product"}],"about":[{"href":"https:\/\/lovme.pt\/index.php\/wp-json\/wp\/v2\/types\/product"}],"wp:featuredmedia":[{"embeddable":true,"href":"https:\/\/lovme.pt\/index.php\/wp-json\/wp\/v2\/media\/97137"}],"wp:attachment":[{"href":"https:\/\/lovme.pt\/index.php\/wp-json\/wp\/v2\/media?parent=43252"}],"wp:term":[{"taxonomy":"product_brand","embeddable":true,"href":"https:\/\/lovme.pt\/index.php\/wp-json\/wp\/v2\/product_brand?post=43252"},{"taxonomy":"product_cat","embeddable":true,"href":"https:\/\/lovme.pt\/index.php\/wp-json\/wp\/v2\/product_cat?post=43252"},{"taxonomy":"product_tag","embeddable":true,"href":"https:\/\/lovme.pt\/index.php\/wp-json\/wp\/v2\/product_tag?post=43252"}],"curies":[{"name":"wp","href":"https:\/\/api.w.org\/{rel}","templated":true}]}}