{"id":43225,"date":"2025-10-01T00:04:38","date_gmt":"2025-10-01T00:04:38","guid":{"rendered":"https:\/\/lovme.pt\/?post_type=product&p=43225"},"modified":"2026-02-19T20:14:15","modified_gmt":"2026-02-19T20:14:15","slug":"secretplay-plug-anal-de-metal-corao-de-cristal-transparente-tamanho-pequeno-7-cm","status":"publish","type":"product","link":"https:\/\/lovme.pt\/index.php\/produto\/secretplay-plug-anal-de-metal-corao-de-cristal-transparente-tamanho-pequeno-7-cm\/","title":{"rendered":"SECRETPLAY &#8211; PLUG ANAL DE METAL CORAO DE CRISTAL TRANSPARENTE TAMANHO PEQUENO 7 CM"},"content":{"rendered":"<p>Se voc\u00ea est\u00e1 em busca de novas experi\u00eancias e quer come\u00e7ar no sexo anal, este plug anal de metal \u00e9 perfeito para voc\u00ea. Projetado para oferecer infinitas sensa\u00e7\u00f5es de prazer, \u00e9 perfeito para dar mais intensidade aos seus orgasmos e dilatar o \u00e2nus.<\/p>\n<p> Seu formato c\u00f4nico \u00e9 ideal para estimular e oferecer orgasmos incr\u00edveis. Al\u00e9m disso, voc\u00ea vai adorar sua textura suave e extra macia. Voc\u00ea pode brincar com a temperatura aquecendo-a ou resfriando-a. Isso adicionar\u00e1 mais tempo. excita\u00e7\u00e3o em suas fantasias er\u00f3ticas.<\/p>\n<p> <strong>Caracter\u00edsticas:<\/strong><\/p>\n<ul>\n<li> Feito de alum\u00ednio ultra-liso<\/li>\n<li> N\u00e3o cont\u00e9m n\u00edquel<\/li>\n<li> Decora\u00e7\u00e3o fixada na base em forma de brilhante em pl\u00e1stico r\u00edgido<\/li>\n<li> 62 gramas<\/li>\n<li> 7 cm de comprimento<\/li>\n<li> 2,8 cm de di\u00e2metro<\/li>\n<li> Cor cristal transparente<\/li>\n<li> Limpeza f\u00e1cil ap\u00f3s cada utiliza\u00e7\u00e3o<\/li>\n<li> Compat\u00edvel com qualquer lubrificante, \u00e0 base de \u00e1gua ou \u00e0 base de silicone.<\/li>\n<\/ul>\n","protected":false},"excerpt":{"rendered":"<p>SECRETPLAY &#8211; PLUG ANAL DE METAL CORAO DE CRISTAL TRANSPARENTE TAMANHO PEQUENO 7 CM<\/p>\n","protected":false},"featured_media":84272,"template":"","meta":{"_acf_changed":false},"product_brand":[],"product_cat":[48,17,56,62,63],"product_tag":[],"class_list":{"0":"post-43225","1":"product","2":"type-product","3":"status-publish","4":"has-post-thumbnail","6":"product_cat-bdsm","7":"product_cat-brinquedos-de-bem-estar-sexual","8":"product_cat-dildos-e-arneses","9":"product_cat-plugues-e-correntes-anais","10":"product_cat-sexo-anal","11":"yith_product_brand-secretplay","12":"yith_product_brand-secretplaysecretplay-toys","14":"first","15":"instock","16":"taxable","17":"shipping-taxable","18":"purchasable","19":"product-type-simple"},"acf":[],"yoast_head":"<!-- This site is optimized with the Yoast SEO plugin v27.4 - https:\/\/yoast.com\/product\/yoast-seo-wordpress\/ -->\n<title>SECRETPLAY - PLUG ANAL DE METAL CORAO DE CRISTAL TRANSPARENTE TAMANHO PEQUENO 7 CM - Lovme<\/title>\n<meta name=\"robots\" content=\"index, follow, max-snippet:-1, max-image-preview:large, max-video-preview:-1\" \/>\n<link rel=\"canonical\" href=\"https:\/\/lovme.pt\/index.php\/produto\/secretplay-plug-anal-de-metal-corao-de-cristal-transparente-tamanho-pequeno-7-cm\/\" \/>\n<meta property=\"og:locale\" content=\"pt_PT\" \/>\n<meta property=\"og:type\" content=\"article\" \/>\n<meta property=\"og:title\" content=\"SECRETPLAY - PLUG ANAL DE METAL CORAO DE CRISTAL TRANSPARENTE TAMANHO PEQUENO 7 CM - Lovme\" \/>\n<meta property=\"og:description\" content=\"SECRETPLAY - PLUG ANAL DE METAL CORAO DE CRISTAL TRANSPARENTE TAMANHO PEQUENO 7 CM\" \/>\n<meta property=\"og:url\" content=\"https:\/\/lovme.pt\/index.php\/produto\/secretplay-plug-anal-de-metal-corao-de-cristal-transparente-tamanho-pequeno-7-cm\/\" \/>\n<meta property=\"og:site_name\" content=\"Lovme\" \/>\n<meta property=\"article:modified_time\" content=\"2026-02-19T20:14:15+00:00\" \/>\n<meta property=\"og:image\" content=\"https:\/\/erki24nd3ub.exactdn.com\/wp-content\/uploads\/dream\/img\/img_142809_e22471d7799c573d9d4ffc84cdb6c912_1.jpg?strip=all\" \/>\n\t<meta property=\"og:image:width\" content=\"800\" \/>\n\t<meta property=\"og:image:height\" content=\"800\" \/>\n\t<meta property=\"og:image:type\" content=\"image\/jpeg\" \/>\n<meta name=\"twitter:card\" content=\"summary_large_image\" \/>\n<meta name=\"twitter:label1\" content=\"Tempo estimado de leitura\" \/>\n\t<meta name=\"twitter:data1\" content=\"1 minuto\" \/>\n<script type=\"application\/ld+json\" class=\"yoast-schema-graph\">{\"@context\":\"https:\\\/\\\/schema.org\",\"@graph\":[{\"@type\":\"WebPage\",\"@id\":\"https:\\\/\\\/lovme.pt\\\/index.php\\\/produto\\\/secretplay-plug-anal-de-metal-corao-de-cristal-transparente-tamanho-pequeno-7-cm\\\/\",\"url\":\"https:\\\/\\\/lovme.pt\\\/index.php\\\/produto\\\/secretplay-plug-anal-de-metal-corao-de-cristal-transparente-tamanho-pequeno-7-cm\\\/\",\"name\":\"SECRETPLAY - PLUG ANAL DE METAL CORAO DE CRISTAL TRANSPARENTE TAMANHO PEQUENO 7 CM - Lovme\",\"isPartOf\":{\"@id\":\"https:\\\/\\\/lovme.pt\\\/#website\"},\"primaryImageOfPage\":{\"@id\":\"https:\\\/\\\/lovme.pt\\\/index.php\\\/produto\\\/secretplay-plug-anal-de-metal-corao-de-cristal-transparente-tamanho-pequeno-7-cm\\\/#primaryimage\"},\"image\":{\"@id\":\"https:\\\/\\\/lovme.pt\\\/index.php\\\/produto\\\/secretplay-plug-anal-de-metal-corao-de-cristal-transparente-tamanho-pequeno-7-cm\\\/#primaryimage\"},\"thumbnailUrl\":\"https:\\\/\\\/erki24nd3ub.exactdn.com\\\/wp-content\\\/uploads\\\/dream\\\/img\\\/img_142809_e22471d7799c573d9d4ffc84cdb6c912_1.jpg?strip=all\",\"datePublished\":\"2025-10-01T00:04:38+00:00\",\"dateModified\":\"2026-02-19T20:14:15+00:00\",\"breadcrumb\":{\"@id\":\"https:\\\/\\\/lovme.pt\\\/index.php\\\/produto\\\/secretplay-plug-anal-de-metal-corao-de-cristal-transparente-tamanho-pequeno-7-cm\\\/#breadcrumb\"},\"inLanguage\":\"pt-PT\",\"potentialAction\":[{\"@type\":\"ReadAction\",\"target\":[\"https:\\\/\\\/lovme.pt\\\/index.php\\\/produto\\\/secretplay-plug-anal-de-metal-corao-de-cristal-transparente-tamanho-pequeno-7-cm\\\/\"]}]},{\"@type\":\"ImageObject\",\"inLanguage\":\"pt-PT\",\"@id\":\"https:\\\/\\\/lovme.pt\\\/index.php\\\/produto\\\/secretplay-plug-anal-de-metal-corao-de-cristal-transparente-tamanho-pequeno-7-cm\\\/#primaryimage\",\"url\":\"https:\\\/\\\/erki24nd3ub.exactdn.com\\\/wp-content\\\/uploads\\\/dream\\\/img\\\/img_142809_e22471d7799c573d9d4ffc84cdb6c912_1.jpg?strip=all\",\"contentUrl\":\"https:\\\/\\\/erki24nd3ub.exactdn.com\\\/wp-content\\\/uploads\\\/dream\\\/img\\\/img_142809_e22471d7799c573d9d4ffc84cdb6c912_1.jpg?strip=all\",\"width\":800,\"height\":800},{\"@type\":\"BreadcrumbList\",\"@id\":\"https:\\\/\\\/lovme.pt\\\/index.php\\\/produto\\\/secretplay-plug-anal-de-metal-corao-de-cristal-transparente-tamanho-pequeno-7-cm\\\/#breadcrumb\",\"itemListElement\":[{\"@type\":\"ListItem\",\"position\":1,\"name\":\"In\u00edcio\",\"item\":\"https:\\\/\\\/lovme.pt\\\/\"},{\"@type\":\"ListItem\",\"position\":2,\"name\":\"Loja\",\"item\":\"https:\\\/\\\/lovme.pt\\\/index.php\\\/loja\\\/\"},{\"@type\":\"ListItem\",\"position\":3,\"name\":\"SECRETPLAY &#8211; PLUG ANAL DE METAL CORAO DE CRISTAL TRANSPARENTE TAMANHO PEQUENO 7 CM\"}]},{\"@type\":\"WebSite\",\"@id\":\"https:\\\/\\\/lovme.pt\\\/#website\",\"url\":\"https:\\\/\\\/lovme.pt\\\/\",\"name\":\"Lovme Loja Er\u00f3tica N\u00ba1 em Portugal\",\"description\":\"A melhor loja er\u00f3tica de Portugal.\",\"alternateName\":\"Loja Er\u00f3tica Lovme\",\"potentialAction\":[{\"@type\":\"SearchAction\",\"target\":{\"@type\":\"EntryPoint\",\"urlTemplate\":\"https:\\\/\\\/lovme.pt\\\/?s={search_term_string}\"},\"query-input\":{\"@type\":\"PropertyValueSpecification\",\"valueRequired\":true,\"valueName\":\"search_term_string\"}}],\"inLanguage\":\"pt-PT\"}]}<\/script>\n<!-- \/ Yoast SEO plugin. -->","yoast_head_json":{"title":"SECRETPLAY - PLUG ANAL DE METAL CORAO DE CRISTAL TRANSPARENTE TAMANHO PEQUENO 7 CM - Lovme","robots":{"index":"index","follow":"follow","max-snippet":"max-snippet:-1","max-image-preview":"max-image-preview:large","max-video-preview":"max-video-preview:-1"},"canonical":"https:\/\/lovme.pt\/index.php\/produto\/secretplay-plug-anal-de-metal-corao-de-cristal-transparente-tamanho-pequeno-7-cm\/","og_locale":"pt_PT","og_type":"article","og_title":"SECRETPLAY - PLUG ANAL DE METAL CORAO DE CRISTAL TRANSPARENTE TAMANHO PEQUENO 7 CM - Lovme","og_description":"SECRETPLAY - PLUG ANAL DE METAL CORAO DE CRISTAL TRANSPARENTE TAMANHO PEQUENO 7 CM","og_url":"https:\/\/lovme.pt\/index.php\/produto\/secretplay-plug-anal-de-metal-corao-de-cristal-transparente-tamanho-pequeno-7-cm\/","og_site_name":"Lovme","article_modified_time":"2026-02-19T20:14:15+00:00","og_image":[{"width":800,"height":800,"url":"https:\/\/erki24nd3ub.exactdn.com\/wp-content\/uploads\/dream\/img\/img_142809_e22471d7799c573d9d4ffc84cdb6c912_1.jpg?strip=all","type":"image\/jpeg"}],"twitter_card":"summary_large_image","twitter_misc":{"Tempo estimado de leitura":"1 minuto"},"schema":{"@context":"https:\/\/schema.org","@graph":[{"@type":"WebPage","@id":"https:\/\/lovme.pt\/index.php\/produto\/secretplay-plug-anal-de-metal-corao-de-cristal-transparente-tamanho-pequeno-7-cm\/","url":"https:\/\/lovme.pt\/index.php\/produto\/secretplay-plug-anal-de-metal-corao-de-cristal-transparente-tamanho-pequeno-7-cm\/","name":"SECRETPLAY - PLUG ANAL DE METAL CORAO DE CRISTAL TRANSPARENTE TAMANHO PEQUENO 7 CM - Lovme","isPartOf":{"@id":"https:\/\/lovme.pt\/#website"},"primaryImageOfPage":{"@id":"https:\/\/lovme.pt\/index.php\/produto\/secretplay-plug-anal-de-metal-corao-de-cristal-transparente-tamanho-pequeno-7-cm\/#primaryimage"},"image":{"@id":"https:\/\/lovme.pt\/index.php\/produto\/secretplay-plug-anal-de-metal-corao-de-cristal-transparente-tamanho-pequeno-7-cm\/#primaryimage"},"thumbnailUrl":"https:\/\/erki24nd3ub.exactdn.com\/wp-content\/uploads\/dream\/img\/img_142809_e22471d7799c573d9d4ffc84cdb6c912_1.jpg?strip=all","datePublished":"2025-10-01T00:04:38+00:00","dateModified":"2026-02-19T20:14:15+00:00","breadcrumb":{"@id":"https:\/\/lovme.pt\/index.php\/produto\/secretplay-plug-anal-de-metal-corao-de-cristal-transparente-tamanho-pequeno-7-cm\/#breadcrumb"},"inLanguage":"pt-PT","potentialAction":[{"@type":"ReadAction","target":["https:\/\/lovme.pt\/index.php\/produto\/secretplay-plug-anal-de-metal-corao-de-cristal-transparente-tamanho-pequeno-7-cm\/"]}]},{"@type":"ImageObject","inLanguage":"pt-PT","@id":"https:\/\/lovme.pt\/index.php\/produto\/secretplay-plug-anal-de-metal-corao-de-cristal-transparente-tamanho-pequeno-7-cm\/#primaryimage","url":"https:\/\/erki24nd3ub.exactdn.com\/wp-content\/uploads\/dream\/img\/img_142809_e22471d7799c573d9d4ffc84cdb6c912_1.jpg?strip=all","contentUrl":"https:\/\/erki24nd3ub.exactdn.com\/wp-content\/uploads\/dream\/img\/img_142809_e22471d7799c573d9d4ffc84cdb6c912_1.jpg?strip=all","width":800,"height":800},{"@type":"BreadcrumbList","@id":"https:\/\/lovme.pt\/index.php\/produto\/secretplay-plug-anal-de-metal-corao-de-cristal-transparente-tamanho-pequeno-7-cm\/#breadcrumb","itemListElement":[{"@type":"ListItem","position":1,"name":"In\u00edcio","item":"https:\/\/lovme.pt\/"},{"@type":"ListItem","position":2,"name":"Loja","item":"https:\/\/lovme.pt\/index.php\/loja\/"},{"@type":"ListItem","position":3,"name":"SECRETPLAY &#8211; PLUG ANAL DE METAL CORAO DE CRISTAL TRANSPARENTE TAMANHO PEQUENO 7 CM"}]},{"@type":"WebSite","@id":"https:\/\/lovme.pt\/#website","url":"https:\/\/lovme.pt\/","name":"Lovme Loja Er\u00f3tica N\u00ba1 em Portugal","description":"A melhor loja er\u00f3tica de Portugal.","alternateName":"Loja Er\u00f3tica Lovme","potentialAction":[{"@type":"SearchAction","target":{"@type":"EntryPoint","urlTemplate":"https:\/\/lovme.pt\/?s={search_term_string}"},"query-input":{"@type":"PropertyValueSpecification","valueRequired":true,"valueName":"search_term_string"}}],"inLanguage":"pt-PT"}]}},"_links":{"self":[{"href":"https:\/\/lovme.pt\/index.php\/wp-json\/wp\/v2\/product\/43225","targetHints":{"allow":["GET"]}}],"collection":[{"href":"https:\/\/lovme.pt\/index.php\/wp-json\/wp\/v2\/product"}],"about":[{"href":"https:\/\/lovme.pt\/index.php\/wp-json\/wp\/v2\/types\/product"}],"wp:featuredmedia":[{"embeddable":true,"href":"https:\/\/lovme.pt\/index.php\/wp-json\/wp\/v2\/media\/84272"}],"wp:attachment":[{"href":"https:\/\/lovme.pt\/index.php\/wp-json\/wp\/v2\/media?parent=43225"}],"wp:term":[{"taxonomy":"product_brand","embeddable":true,"href":"https:\/\/lovme.pt\/index.php\/wp-json\/wp\/v2\/product_brand?post=43225"},{"taxonomy":"product_cat","embeddable":true,"href":"https:\/\/lovme.pt\/index.php\/wp-json\/wp\/v2\/product_cat?post=43225"},{"taxonomy":"product_tag","embeddable":true,"href":"https:\/\/lovme.pt\/index.php\/wp-json\/wp\/v2\/product_tag?post=43225"}],"curies":[{"name":"wp","href":"https:\/\/api.w.org\/{rel}","templated":true}]}}