{"id":42957,"date":"2025-09-30T22:27:48","date_gmt":"2025-09-30T22:27:48","guid":{"rendered":"https:\/\/lovme.pt\/?post_type=product&p=42957"},"modified":"2026-03-31T23:01:01","modified_gmt":"2026-03-31T23:01:01","slug":"taloka-fantstico-leve-em-forma-de-penis-de-cor-de-carne","status":"publish","type":"product","link":"https:\/\/lovme.pt\/index.php\/produto\/taloka-fantstico-leve-em-forma-de-penis-de-cor-de-carne\/","title":{"rendered":"TALOKA &#8211; FANTSTICO LEVE EM FORMA DE P\u00caNIS DE COR DE CARNE"},"content":{"rendered":"<p>Blister com Isqueiro FANT\u00c1STICO EM FORMA DE P\u00caNIS COR DE CARNE 100% RECARREG\u00c1VEL COM FRASES ENGRA\u00c7ADAS<\/p>\n","protected":false},"excerpt":{"rendered":"<p>TALOKA &#8211; FANTSTICO LEVE EM FORMA DE P\u00caNIS DE COR DE CARNE<\/p>\n","protected":false},"featured_media":77985,"template":"","meta":{"_acf_changed":false},"product_brand":[],"product_cat":[69,15],"product_tag":[],"class_list":{"0":"post-42957","1":"product","2":"type-product","3":"status-publish","4":"has-post-thumbnail","6":"product_cat-jogos-eroticos","7":"product_cat-loja","8":"yith_product_brand-diverty-sex","9":"yith_product_brand-diverty-sextaloka","11":"first","12":"instock","13":"taxable","14":"shipping-taxable","15":"purchasable","16":"product-type-simple"},"acf":[],"yoast_head":"<!-- This site is optimized with the Yoast SEO plugin v27.3 - https:\/\/yoast.com\/product\/yoast-seo-wordpress\/ -->\n<title>TALOKA - FANTSTICO LEVE EM FORMA DE P\u00caNIS DE COR DE CARNE - Lovme<\/title>\n<meta name=\"robots\" content=\"index, follow, max-snippet:-1, max-image-preview:large, max-video-preview:-1\" \/>\n<link rel=\"canonical\" href=\"https:\/\/lovme.pt\/index.php\/produto\/taloka-fantstico-leve-em-forma-de-penis-de-cor-de-carne\/\" \/>\n<meta property=\"og:locale\" content=\"pt_PT\" \/>\n<meta property=\"og:type\" content=\"article\" \/>\n<meta property=\"og:title\" content=\"TALOKA - FANTSTICO LEVE EM FORMA DE P\u00caNIS DE COR DE CARNE - Lovme\" \/>\n<meta property=\"og:description\" content=\"TALOKA - FANTSTICO LEVE EM FORMA DE P\u00caNIS DE COR DE CARNE\" \/>\n<meta property=\"og:url\" content=\"https:\/\/lovme.pt\/index.php\/produto\/taloka-fantstico-leve-em-forma-de-penis-de-cor-de-carne\/\" \/>\n<meta property=\"og:site_name\" content=\"Lovme\" \/>\n<meta property=\"article:modified_time\" content=\"2026-03-31T23:01:01+00:00\" \/>\n<meta property=\"og:image\" content=\"https:\/\/erki24nd3ub.exactdn.com\/wp-content\/uploads\/dream\/img\/img_142780_2ef0894d4a8dce1b65a856b4d58ea939_1.jpg?strip=all\" \/>\n\t<meta property=\"og:image:width\" content=\"800\" \/>\n\t<meta property=\"og:image:height\" content=\"799\" \/>\n\t<meta property=\"og:image:type\" content=\"image\/jpeg\" \/>\n<meta name=\"twitter:card\" content=\"summary_large_image\" \/>\n<script type=\"application\/ld+json\" class=\"yoast-schema-graph\">{\"@context\":\"https:\\\/\\\/schema.org\",\"@graph\":[{\"@type\":\"WebPage\",\"@id\":\"https:\\\/\\\/lovme.pt\\\/index.php\\\/produto\\\/taloka-fantstico-leve-em-forma-de-penis-de-cor-de-carne\\\/\",\"url\":\"https:\\\/\\\/lovme.pt\\\/index.php\\\/produto\\\/taloka-fantstico-leve-em-forma-de-penis-de-cor-de-carne\\\/\",\"name\":\"TALOKA - FANTSTICO LEVE EM FORMA DE P\u00caNIS DE COR DE CARNE - Lovme\",\"isPartOf\":{\"@id\":\"https:\\\/\\\/lovme.pt\\\/#website\"},\"primaryImageOfPage\":{\"@id\":\"https:\\\/\\\/lovme.pt\\\/index.php\\\/produto\\\/taloka-fantstico-leve-em-forma-de-penis-de-cor-de-carne\\\/#primaryimage\"},\"image\":{\"@id\":\"https:\\\/\\\/lovme.pt\\\/index.php\\\/produto\\\/taloka-fantstico-leve-em-forma-de-penis-de-cor-de-carne\\\/#primaryimage\"},\"thumbnailUrl\":\"https:\\\/\\\/erki24nd3ub.exactdn.com\\\/wp-content\\\/uploads\\\/dream\\\/img\\\/img_142780_2ef0894d4a8dce1b65a856b4d58ea939_1.jpg?strip=all\",\"datePublished\":\"2025-09-30T22:27:48+00:00\",\"dateModified\":\"2026-03-31T23:01:01+00:00\",\"breadcrumb\":{\"@id\":\"https:\\\/\\\/lovme.pt\\\/index.php\\\/produto\\\/taloka-fantstico-leve-em-forma-de-penis-de-cor-de-carne\\\/#breadcrumb\"},\"inLanguage\":\"pt-PT\",\"potentialAction\":[{\"@type\":\"ReadAction\",\"target\":[\"https:\\\/\\\/lovme.pt\\\/index.php\\\/produto\\\/taloka-fantstico-leve-em-forma-de-penis-de-cor-de-carne\\\/\"]}]},{\"@type\":\"ImageObject\",\"inLanguage\":\"pt-PT\",\"@id\":\"https:\\\/\\\/lovme.pt\\\/index.php\\\/produto\\\/taloka-fantstico-leve-em-forma-de-penis-de-cor-de-carne\\\/#primaryimage\",\"url\":\"https:\\\/\\\/erki24nd3ub.exactdn.com\\\/wp-content\\\/uploads\\\/dream\\\/img\\\/img_142780_2ef0894d4a8dce1b65a856b4d58ea939_1.jpg?strip=all\",\"contentUrl\":\"https:\\\/\\\/erki24nd3ub.exactdn.com\\\/wp-content\\\/uploads\\\/dream\\\/img\\\/img_142780_2ef0894d4a8dce1b65a856b4d58ea939_1.jpg?strip=all\",\"width\":800,\"height\":799},{\"@type\":\"BreadcrumbList\",\"@id\":\"https:\\\/\\\/lovme.pt\\\/index.php\\\/produto\\\/taloka-fantstico-leve-em-forma-de-penis-de-cor-de-carne\\\/#breadcrumb\",\"itemListElement\":[{\"@type\":\"ListItem\",\"position\":1,\"name\":\"In\u00edcio\",\"item\":\"https:\\\/\\\/lovme.pt\\\/\"},{\"@type\":\"ListItem\",\"position\":2,\"name\":\"Loja\",\"item\":\"https:\\\/\\\/lovme.pt\\\/index.php\\\/loja\\\/\"},{\"@type\":\"ListItem\",\"position\":3,\"name\":\"TALOKA &#8211; FANTSTICO LEVE EM FORMA DE P\u00caNIS DE COR DE CARNE\"}]},{\"@type\":\"WebSite\",\"@id\":\"https:\\\/\\\/lovme.pt\\\/#website\",\"url\":\"https:\\\/\\\/lovme.pt\\\/\",\"name\":\"Lovme Loja Er\u00f3tica N\u00ba1 em Portugal\",\"description\":\"A melhor loja er\u00f3tica de Portugal.\",\"alternateName\":\"Loja Er\u00f3tica Lovme\",\"potentialAction\":[{\"@type\":\"SearchAction\",\"target\":{\"@type\":\"EntryPoint\",\"urlTemplate\":\"https:\\\/\\\/lovme.pt\\\/?s={search_term_string}\"},\"query-input\":{\"@type\":\"PropertyValueSpecification\",\"valueRequired\":true,\"valueName\":\"search_term_string\"}}],\"inLanguage\":\"pt-PT\"}]}<\/script>\n<!-- \/ Yoast SEO plugin. -->","yoast_head_json":{"title":"TALOKA - FANTSTICO LEVE EM FORMA DE P\u00caNIS DE COR DE CARNE - Lovme","robots":{"index":"index","follow":"follow","max-snippet":"max-snippet:-1","max-image-preview":"max-image-preview:large","max-video-preview":"max-video-preview:-1"},"canonical":"https:\/\/lovme.pt\/index.php\/produto\/taloka-fantstico-leve-em-forma-de-penis-de-cor-de-carne\/","og_locale":"pt_PT","og_type":"article","og_title":"TALOKA - FANTSTICO LEVE EM FORMA DE P\u00caNIS DE COR DE CARNE - Lovme","og_description":"TALOKA - FANTSTICO LEVE EM FORMA DE P\u00caNIS DE COR DE CARNE","og_url":"https:\/\/lovme.pt\/index.php\/produto\/taloka-fantstico-leve-em-forma-de-penis-de-cor-de-carne\/","og_site_name":"Lovme","article_modified_time":"2026-03-31T23:01:01+00:00","og_image":[{"width":800,"height":799,"url":"https:\/\/erki24nd3ub.exactdn.com\/wp-content\/uploads\/dream\/img\/img_142780_2ef0894d4a8dce1b65a856b4d58ea939_1.jpg?strip=all","type":"image\/jpeg"}],"twitter_card":"summary_large_image","schema":{"@context":"https:\/\/schema.org","@graph":[{"@type":"WebPage","@id":"https:\/\/lovme.pt\/index.php\/produto\/taloka-fantstico-leve-em-forma-de-penis-de-cor-de-carne\/","url":"https:\/\/lovme.pt\/index.php\/produto\/taloka-fantstico-leve-em-forma-de-penis-de-cor-de-carne\/","name":"TALOKA - FANTSTICO LEVE EM FORMA DE P\u00caNIS DE COR DE CARNE - Lovme","isPartOf":{"@id":"https:\/\/lovme.pt\/#website"},"primaryImageOfPage":{"@id":"https:\/\/lovme.pt\/index.php\/produto\/taloka-fantstico-leve-em-forma-de-penis-de-cor-de-carne\/#primaryimage"},"image":{"@id":"https:\/\/lovme.pt\/index.php\/produto\/taloka-fantstico-leve-em-forma-de-penis-de-cor-de-carne\/#primaryimage"},"thumbnailUrl":"https:\/\/erki24nd3ub.exactdn.com\/wp-content\/uploads\/dream\/img\/img_142780_2ef0894d4a8dce1b65a856b4d58ea939_1.jpg?strip=all","datePublished":"2025-09-30T22:27:48+00:00","dateModified":"2026-03-31T23:01:01+00:00","breadcrumb":{"@id":"https:\/\/lovme.pt\/index.php\/produto\/taloka-fantstico-leve-em-forma-de-penis-de-cor-de-carne\/#breadcrumb"},"inLanguage":"pt-PT","potentialAction":[{"@type":"ReadAction","target":["https:\/\/lovme.pt\/index.php\/produto\/taloka-fantstico-leve-em-forma-de-penis-de-cor-de-carne\/"]}]},{"@type":"ImageObject","inLanguage":"pt-PT","@id":"https:\/\/lovme.pt\/index.php\/produto\/taloka-fantstico-leve-em-forma-de-penis-de-cor-de-carne\/#primaryimage","url":"https:\/\/erki24nd3ub.exactdn.com\/wp-content\/uploads\/dream\/img\/img_142780_2ef0894d4a8dce1b65a856b4d58ea939_1.jpg?strip=all","contentUrl":"https:\/\/erki24nd3ub.exactdn.com\/wp-content\/uploads\/dream\/img\/img_142780_2ef0894d4a8dce1b65a856b4d58ea939_1.jpg?strip=all","width":800,"height":799},{"@type":"BreadcrumbList","@id":"https:\/\/lovme.pt\/index.php\/produto\/taloka-fantstico-leve-em-forma-de-penis-de-cor-de-carne\/#breadcrumb","itemListElement":[{"@type":"ListItem","position":1,"name":"In\u00edcio","item":"https:\/\/lovme.pt\/"},{"@type":"ListItem","position":2,"name":"Loja","item":"https:\/\/lovme.pt\/index.php\/loja\/"},{"@type":"ListItem","position":3,"name":"TALOKA &#8211; FANTSTICO LEVE EM FORMA DE P\u00caNIS DE COR DE CARNE"}]},{"@type":"WebSite","@id":"https:\/\/lovme.pt\/#website","url":"https:\/\/lovme.pt\/","name":"Lovme Loja Er\u00f3tica N\u00ba1 em Portugal","description":"A melhor loja er\u00f3tica de Portugal.","alternateName":"Loja Er\u00f3tica Lovme","potentialAction":[{"@type":"SearchAction","target":{"@type":"EntryPoint","urlTemplate":"https:\/\/lovme.pt\/?s={search_term_string}"},"query-input":{"@type":"PropertyValueSpecification","valueRequired":true,"valueName":"search_term_string"}}],"inLanguage":"pt-PT"}]}},"_links":{"self":[{"href":"https:\/\/lovme.pt\/index.php\/wp-json\/wp\/v2\/product\/42957","targetHints":{"allow":["GET"]}}],"collection":[{"href":"https:\/\/lovme.pt\/index.php\/wp-json\/wp\/v2\/product"}],"about":[{"href":"https:\/\/lovme.pt\/index.php\/wp-json\/wp\/v2\/types\/product"}],"wp:featuredmedia":[{"embeddable":true,"href":"https:\/\/lovme.pt\/index.php\/wp-json\/wp\/v2\/media\/77985"}],"wp:attachment":[{"href":"https:\/\/lovme.pt\/index.php\/wp-json\/wp\/v2\/media?parent=42957"}],"wp:term":[{"taxonomy":"product_brand","embeddable":true,"href":"https:\/\/lovme.pt\/index.php\/wp-json\/wp\/v2\/product_brand?post=42957"},{"taxonomy":"product_cat","embeddable":true,"href":"https:\/\/lovme.pt\/index.php\/wp-json\/wp\/v2\/product_cat?post=42957"},{"taxonomy":"product_tag","embeddable":true,"href":"https:\/\/lovme.pt\/index.php\/wp-json\/wp\/v2\/product_tag?post=42957"}],"curies":[{"name":"wp","href":"https:\/\/api.w.org\/{rel}","templated":true}]}}