{"id":42919,"date":"2025-10-01T00:04:29","date_gmt":"2025-10-01T00:04:29","guid":{"rendered":"https:\/\/lovme.pt\/?post_type=product&p=42919"},"modified":"2026-02-19T20:14:15","modified_gmt":"2026-02-19T20:14:15","slug":"bathmate-plugues-de-treinamento-anal-vibe","status":"publish","type":"product","link":"https:\/\/lovme.pt\/index.php\/produto\/bathmate-plugues-de-treinamento-anal-vibe\/","title":{"rendered":"BATHMATE &#8211; PLUGUES DE TREINAMENTO ANAL VIBE"},"content":{"rendered":"<p>Kit de treinamento anal de 4 pe\u00e7as (Vibe Bullet inclu\u00eddo)<\/p>\n<ul>\n<li> 10 padr\u00f5es<\/li>\n<li> USB recarreg\u00e1vel<\/li>\n<li> IPX7\/100% \u00e0 prova d\u00e1gua<\/li>\n<li> Ponta c\u00f4nica para f\u00e1cil inser\u00e7\u00e3o<\/li>\n<li> La\u00e7o de dedo para f\u00e1cil remo\u00e7\u00e3o<\/li>\n<li> Ergonomicamente projetado<\/li>\n<li> Feito de silicone seguro para o corpo<\/li>\n<li> 1quot; \/ 1,25quot; \/ 1,5quot; Di\u00e2metro<\/li>\n<\/ul>\n<p> Os plugues de treinamento anal Bathmate s\u00e3o o trio perfeito para adicionar uma nova dimens\u00e3o ao seu tempo de jogo.<\/p>\n<p> Nossos plugues de silicone t\u00eam uma ponta c\u00f4nica para f\u00e1cil inser\u00e7\u00e3o e variam de 1 a 1,5&#8243; de largura, ent\u00e3o comece aos poucos e trabalhe at\u00e9 obter um prazer alucinante.<\/p>\n<p> Quer um toque extra? Nossa bala VIBE foi perfeitamente projetada para funcionar em un\u00edssono, basta desliz\u00e1-la pela al\u00e7a do dedo e adicionar um pouco de vibra\u00e7\u00e3o \u00e0 sua explora\u00e7\u00e3o anal!<\/p>\n","protected":false},"excerpt":{"rendered":"<p>BATHMATE &#8211; PLUGUES DE TREINAMENTO ANAL VIBE<\/p>\n","protected":false},"featured_media":84250,"template":"","meta":{"_acf_changed":false},"product_brand":[],"product_cat":[48,17,62,63],"product_tag":[],"class_list":{"0":"post-42919","1":"product","2":"type-product","3":"status-publish","4":"has-post-thumbnail","6":"product_cat-bdsm","7":"product_cat-brinquedos-de-bem-estar-sexual","8":"product_cat-plugues-e-correntes-anais","9":"product_cat-sexo-anal","10":"yith_product_brand-bathmate","12":"first","13":"instock","14":"taxable","15":"shipping-taxable","16":"purchasable","17":"product-type-simple"},"acf":[],"yoast_head":"<!-- This site is optimized with the Yoast SEO plugin v27.4 - https:\/\/yoast.com\/product\/yoast-seo-wordpress\/ -->\n<title>BATHMATE - PLUGUES DE TREINAMENTO ANAL VIBE - Lovme<\/title>\n<meta name=\"robots\" content=\"index, follow, max-snippet:-1, max-image-preview:large, max-video-preview:-1\" \/>\n<link rel=\"canonical\" href=\"https:\/\/lovme.pt\/index.php\/produto\/bathmate-plugues-de-treinamento-anal-vibe\/\" \/>\n<meta property=\"og:locale\" content=\"pt_PT\" \/>\n<meta property=\"og:type\" content=\"article\" \/>\n<meta property=\"og:title\" content=\"BATHMATE - PLUGUES DE TREINAMENTO ANAL VIBE - Lovme\" \/>\n<meta property=\"og:description\" content=\"BATHMATE - PLUGUES DE TREINAMENTO ANAL VIBE\" \/>\n<meta property=\"og:url\" content=\"https:\/\/lovme.pt\/index.php\/produto\/bathmate-plugues-de-treinamento-anal-vibe\/\" \/>\n<meta property=\"og:site_name\" content=\"Lovme\" \/>\n<meta property=\"article:modified_time\" content=\"2026-02-19T20:14:15+00:00\" \/>\n<meta property=\"og:image\" content=\"https:\/\/erki24nd3ub.exactdn.com\/wp-content\/uploads\/dream\/img\/img_141371_57ecaa1f98704101e07a37d4e90b6eaf_1.jpg?strip=all\" \/>\n\t<meta property=\"og:image:width\" content=\"800\" \/>\n\t<meta property=\"og:image:height\" content=\"800\" \/>\n\t<meta property=\"og:image:type\" content=\"image\/jpeg\" \/>\n<meta name=\"twitter:card\" content=\"summary_large_image\" \/>\n<meta name=\"twitter:label1\" content=\"Tempo estimado de leitura\" \/>\n\t<meta name=\"twitter:data1\" content=\"1 minuto\" \/>\n<script type=\"application\/ld+json\" class=\"yoast-schema-graph\">{\"@context\":\"https:\\\/\\\/schema.org\",\"@graph\":[{\"@type\":\"WebPage\",\"@id\":\"https:\\\/\\\/lovme.pt\\\/index.php\\\/produto\\\/bathmate-plugues-de-treinamento-anal-vibe\\\/\",\"url\":\"https:\\\/\\\/lovme.pt\\\/index.php\\\/produto\\\/bathmate-plugues-de-treinamento-anal-vibe\\\/\",\"name\":\"BATHMATE - PLUGUES DE TREINAMENTO ANAL VIBE - Lovme\",\"isPartOf\":{\"@id\":\"https:\\\/\\\/lovme.pt\\\/#website\"},\"primaryImageOfPage\":{\"@id\":\"https:\\\/\\\/lovme.pt\\\/index.php\\\/produto\\\/bathmate-plugues-de-treinamento-anal-vibe\\\/#primaryimage\"},\"image\":{\"@id\":\"https:\\\/\\\/lovme.pt\\\/index.php\\\/produto\\\/bathmate-plugues-de-treinamento-anal-vibe\\\/#primaryimage\"},\"thumbnailUrl\":\"https:\\\/\\\/erki24nd3ub.exactdn.com\\\/wp-content\\\/uploads\\\/dream\\\/img\\\/img_141371_57ecaa1f98704101e07a37d4e90b6eaf_1.jpg?strip=all\",\"datePublished\":\"2025-10-01T00:04:29+00:00\",\"dateModified\":\"2026-02-19T20:14:15+00:00\",\"breadcrumb\":{\"@id\":\"https:\\\/\\\/lovme.pt\\\/index.php\\\/produto\\\/bathmate-plugues-de-treinamento-anal-vibe\\\/#breadcrumb\"},\"inLanguage\":\"pt-PT\",\"potentialAction\":[{\"@type\":\"ReadAction\",\"target\":[\"https:\\\/\\\/lovme.pt\\\/index.php\\\/produto\\\/bathmate-plugues-de-treinamento-anal-vibe\\\/\"]}]},{\"@type\":\"ImageObject\",\"inLanguage\":\"pt-PT\",\"@id\":\"https:\\\/\\\/lovme.pt\\\/index.php\\\/produto\\\/bathmate-plugues-de-treinamento-anal-vibe\\\/#primaryimage\",\"url\":\"https:\\\/\\\/erki24nd3ub.exactdn.com\\\/wp-content\\\/uploads\\\/dream\\\/img\\\/img_141371_57ecaa1f98704101e07a37d4e90b6eaf_1.jpg?strip=all\",\"contentUrl\":\"https:\\\/\\\/erki24nd3ub.exactdn.com\\\/wp-content\\\/uploads\\\/dream\\\/img\\\/img_141371_57ecaa1f98704101e07a37d4e90b6eaf_1.jpg?strip=all\",\"width\":800,\"height\":800},{\"@type\":\"BreadcrumbList\",\"@id\":\"https:\\\/\\\/lovme.pt\\\/index.php\\\/produto\\\/bathmate-plugues-de-treinamento-anal-vibe\\\/#breadcrumb\",\"itemListElement\":[{\"@type\":\"ListItem\",\"position\":1,\"name\":\"In\u00edcio\",\"item\":\"https:\\\/\\\/lovme.pt\\\/\"},{\"@type\":\"ListItem\",\"position\":2,\"name\":\"Loja\",\"item\":\"https:\\\/\\\/lovme.pt\\\/index.php\\\/loja\\\/\"},{\"@type\":\"ListItem\",\"position\":3,\"name\":\"BATHMATE &#8211; PLUGUES DE TREINAMENTO ANAL VIBE\"}]},{\"@type\":\"WebSite\",\"@id\":\"https:\\\/\\\/lovme.pt\\\/#website\",\"url\":\"https:\\\/\\\/lovme.pt\\\/\",\"name\":\"Lovme Loja Er\u00f3tica N\u00ba1 em Portugal\",\"description\":\"A melhor loja er\u00f3tica de Portugal.\",\"alternateName\":\"Loja Er\u00f3tica Lovme\",\"potentialAction\":[{\"@type\":\"SearchAction\",\"target\":{\"@type\":\"EntryPoint\",\"urlTemplate\":\"https:\\\/\\\/lovme.pt\\\/?s={search_term_string}\"},\"query-input\":{\"@type\":\"PropertyValueSpecification\",\"valueRequired\":true,\"valueName\":\"search_term_string\"}}],\"inLanguage\":\"pt-PT\"}]}<\/script>\n<!-- \/ Yoast SEO plugin. -->","yoast_head_json":{"title":"BATHMATE - PLUGUES DE TREINAMENTO ANAL VIBE - Lovme","robots":{"index":"index","follow":"follow","max-snippet":"max-snippet:-1","max-image-preview":"max-image-preview:large","max-video-preview":"max-video-preview:-1"},"canonical":"https:\/\/lovme.pt\/index.php\/produto\/bathmate-plugues-de-treinamento-anal-vibe\/","og_locale":"pt_PT","og_type":"article","og_title":"BATHMATE - PLUGUES DE TREINAMENTO ANAL VIBE - Lovme","og_description":"BATHMATE - PLUGUES DE TREINAMENTO ANAL VIBE","og_url":"https:\/\/lovme.pt\/index.php\/produto\/bathmate-plugues-de-treinamento-anal-vibe\/","og_site_name":"Lovme","article_modified_time":"2026-02-19T20:14:15+00:00","og_image":[{"width":800,"height":800,"url":"https:\/\/erki24nd3ub.exactdn.com\/wp-content\/uploads\/dream\/img\/img_141371_57ecaa1f98704101e07a37d4e90b6eaf_1.jpg?strip=all","type":"image\/jpeg"}],"twitter_card":"summary_large_image","twitter_misc":{"Tempo estimado de leitura":"1 minuto"},"schema":{"@context":"https:\/\/schema.org","@graph":[{"@type":"WebPage","@id":"https:\/\/lovme.pt\/index.php\/produto\/bathmate-plugues-de-treinamento-anal-vibe\/","url":"https:\/\/lovme.pt\/index.php\/produto\/bathmate-plugues-de-treinamento-anal-vibe\/","name":"BATHMATE - PLUGUES DE TREINAMENTO ANAL VIBE - Lovme","isPartOf":{"@id":"https:\/\/lovme.pt\/#website"},"primaryImageOfPage":{"@id":"https:\/\/lovme.pt\/index.php\/produto\/bathmate-plugues-de-treinamento-anal-vibe\/#primaryimage"},"image":{"@id":"https:\/\/lovme.pt\/index.php\/produto\/bathmate-plugues-de-treinamento-anal-vibe\/#primaryimage"},"thumbnailUrl":"https:\/\/erki24nd3ub.exactdn.com\/wp-content\/uploads\/dream\/img\/img_141371_57ecaa1f98704101e07a37d4e90b6eaf_1.jpg?strip=all","datePublished":"2025-10-01T00:04:29+00:00","dateModified":"2026-02-19T20:14:15+00:00","breadcrumb":{"@id":"https:\/\/lovme.pt\/index.php\/produto\/bathmate-plugues-de-treinamento-anal-vibe\/#breadcrumb"},"inLanguage":"pt-PT","potentialAction":[{"@type":"ReadAction","target":["https:\/\/lovme.pt\/index.php\/produto\/bathmate-plugues-de-treinamento-anal-vibe\/"]}]},{"@type":"ImageObject","inLanguage":"pt-PT","@id":"https:\/\/lovme.pt\/index.php\/produto\/bathmate-plugues-de-treinamento-anal-vibe\/#primaryimage","url":"https:\/\/erki24nd3ub.exactdn.com\/wp-content\/uploads\/dream\/img\/img_141371_57ecaa1f98704101e07a37d4e90b6eaf_1.jpg?strip=all","contentUrl":"https:\/\/erki24nd3ub.exactdn.com\/wp-content\/uploads\/dream\/img\/img_141371_57ecaa1f98704101e07a37d4e90b6eaf_1.jpg?strip=all","width":800,"height":800},{"@type":"BreadcrumbList","@id":"https:\/\/lovme.pt\/index.php\/produto\/bathmate-plugues-de-treinamento-anal-vibe\/#breadcrumb","itemListElement":[{"@type":"ListItem","position":1,"name":"In\u00edcio","item":"https:\/\/lovme.pt\/"},{"@type":"ListItem","position":2,"name":"Loja","item":"https:\/\/lovme.pt\/index.php\/loja\/"},{"@type":"ListItem","position":3,"name":"BATHMATE &#8211; PLUGUES DE TREINAMENTO ANAL VIBE"}]},{"@type":"WebSite","@id":"https:\/\/lovme.pt\/#website","url":"https:\/\/lovme.pt\/","name":"Lovme Loja Er\u00f3tica N\u00ba1 em Portugal","description":"A melhor loja er\u00f3tica de Portugal.","alternateName":"Loja Er\u00f3tica Lovme","potentialAction":[{"@type":"SearchAction","target":{"@type":"EntryPoint","urlTemplate":"https:\/\/lovme.pt\/?s={search_term_string}"},"query-input":{"@type":"PropertyValueSpecification","valueRequired":true,"valueName":"search_term_string"}}],"inLanguage":"pt-PT"}]}},"_links":{"self":[{"href":"https:\/\/lovme.pt\/index.php\/wp-json\/wp\/v2\/product\/42919","targetHints":{"allow":["GET"]}}],"collection":[{"href":"https:\/\/lovme.pt\/index.php\/wp-json\/wp\/v2\/product"}],"about":[{"href":"https:\/\/lovme.pt\/index.php\/wp-json\/wp\/v2\/types\/product"}],"wp:featuredmedia":[{"embeddable":true,"href":"https:\/\/lovme.pt\/index.php\/wp-json\/wp\/v2\/media\/84250"}],"wp:attachment":[{"href":"https:\/\/lovme.pt\/index.php\/wp-json\/wp\/v2\/media?parent=42919"}],"wp:term":[{"taxonomy":"product_brand","embeddable":true,"href":"https:\/\/lovme.pt\/index.php\/wp-json\/wp\/v2\/product_brand?post=42919"},{"taxonomy":"product_cat","embeddable":true,"href":"https:\/\/lovme.pt\/index.php\/wp-json\/wp\/v2\/product_cat?post=42919"},{"taxonomy":"product_tag","embeddable":true,"href":"https:\/\/lovme.pt\/index.php\/wp-json\/wp\/v2\/product_tag?post=42919"}],"curies":[{"name":"wp","href":"https:\/\/api.w.org\/{rel}","templated":true}]}}