{"id":42811,"date":"2025-09-30T09:39:39","date_gmt":"2025-09-30T09:39:39","guid":{"rendered":"https:\/\/lovme.pt\/?post_type=product&p=42811"},"modified":"2026-02-19T20:01:18","modified_gmt":"2026-02-19T20:01:18","slug":"zalo-queen-g-spot-puls-wave-vibe-verde","status":"publish","type":"product","link":"https:\/\/lovme.pt\/index.php\/produto\/zalo-queen-g-spot-puls-wave-vibe-verde\/","title":{"rendered":"ZALO &#8211; QUEEN G-SPOT PULS WAVE VIBE VERDE"},"content":{"rendered":"<p>Experimente o verdadeiro luxo com o vibrador ZALO Queen G-spot PulseWave, projetado para fazer voc\u00ea se sentir como uma rainha.<br \/>Inspirada em Cle\u00f3patra, a silhueta elegante e sedutora da Rainha, com detalhes dourados e um verdadeiro enfeite Swarovski, exala poder e opul\u00eancia.<br \/>Vencedor do pr\u00eamio de Produto de Luxo do Ano 2018 da XBIZ Europa e de Melhor Produto de Prazer para Mulheres do AVN O Awards. A ZALO tamb\u00e9m foi homenageada com o prestigiado pr\u00eamio Excel\u00eancia em Embalagem de Produto 2019 da XBIZ e o pr\u00eamio ANME StorErotica 2019 por Excel\u00eancia em Embalagem de Produto.<\/p>\n<p>\u00a0<\/p>\n<p><strong>ESPECIFICA\u00c7\u00d5ES<\/strong><\/p>\n<ul>\n<li>Dimens\u00e3o do produto: 21,6 x 4,2 x 4,2 cm<\/li>\n<li>Comprimento total: 21,6 cm<\/li>\n<li>Vibrando: Sim<\/li>\n<li>Modos de vibra\u00e7\u00e3o: 8<\/li>\n<li>Resist\u00eancia \u00e0 \u00e1gua: \u00e0 prova de respingos<\/li>\n<li>Seguran\u00e7a corporal: Sim<\/li>\n<li>Material Silicone: Pl\u00e1stico ABS<\/li>\n<li>Recarreg\u00e1vel: Sim<\/li>\n<li>Baterias: \u00edon de l\u00edtio<\/li>\n<li>Baterias inclu\u00eddas: Sim<\/li>\n<li>Tempo de carregamento em minutos: 120<\/li>\n<li>Tempo de opera\u00e7\u00e3o em minutos: 90<\/li>\n<li>Aquece: Sim<\/li>\n<\/ul>\n<p>ZALO \u00e9 uma marca de produtos \u00edntimos criada para o amor e a beleza, que demonstra o amor reverente \u00e0 vida e o grande esp\u00edrito feminista, inicia continuamente o valor do produto e a altura da marca e cria um gosto incomparavelmente luxuoso com concep\u00e7\u00e3o art\u00edstica est\u00e9tica, tecnologia profunda, materiais perfeitos e excelente usu\u00e1rio experi\u00eancia.<\/p>\n","protected":false},"excerpt":{"rendered":"<p>ZALO &#8211; QUEEN G-SPOT PULS WAVE VIBE VERDE<\/p>\n","protected":false},"featured_media":55418,"template":"","meta":{"_acf_changed":false},"product_brand":[],"product_cat":[17,76],"product_tag":[],"class_list":{"0":"post-42811","1":"product","2":"type-product","3":"status-publish","4":"has-post-thumbnail","6":"product_cat-brinquedos-de-bem-estar-sexual","7":"product_cat-vibradores","8":"yith_product_brand-zalo","10":"first","11":"instock","12":"taxable","13":"shipping-taxable","14":"purchasable","15":"product-type-simple"},"acf":[],"yoast_head":"<!-- This site is optimized with the Yoast SEO plugin v27.4 - https:\/\/yoast.com\/product\/yoast-seo-wordpress\/ -->\n<title>ZALO - QUEEN G-SPOT PULS WAVE VIBE VERDE - Lovme<\/title>\n<meta name=\"robots\" content=\"index, follow, max-snippet:-1, max-image-preview:large, max-video-preview:-1\" \/>\n<link rel=\"canonical\" href=\"https:\/\/lovme.pt\/index.php\/produto\/zalo-queen-g-spot-puls-wave-vibe-verde\/\" \/>\n<meta property=\"og:locale\" content=\"pt_PT\" \/>\n<meta property=\"og:type\" content=\"article\" \/>\n<meta property=\"og:title\" content=\"ZALO - QUEEN G-SPOT PULS WAVE VIBE VERDE - Lovme\" \/>\n<meta property=\"og:description\" content=\"ZALO - QUEEN G-SPOT PULS WAVE VIBE VERDE\" \/>\n<meta property=\"og:url\" content=\"https:\/\/lovme.pt\/index.php\/produto\/zalo-queen-g-spot-puls-wave-vibe-verde\/\" \/>\n<meta property=\"og:site_name\" content=\"Lovme\" \/>\n<meta property=\"article:modified_time\" content=\"2026-02-19T20:01:18+00:00\" \/>\n<meta property=\"og:image\" content=\"https:\/\/erki24nd3ub.exactdn.com\/wp-content\/uploads\/dream\/img\/img_141079_76c938d03783e9e1a1582d7726b0ac3b_1.jpg?strip=all\" \/>\n\t<meta property=\"og:image:width\" content=\"800\" \/>\n\t<meta property=\"og:image:height\" content=\"800\" \/>\n\t<meta property=\"og:image:type\" content=\"image\/jpeg\" \/>\n<meta name=\"twitter:card\" content=\"summary_large_image\" \/>\n<meta name=\"twitter:label1\" content=\"Tempo estimado de leitura\" \/>\n\t<meta name=\"twitter:data1\" content=\"1 minuto\" \/>\n<script type=\"application\/ld+json\" class=\"yoast-schema-graph\">{\"@context\":\"https:\\\/\\\/schema.org\",\"@graph\":[{\"@type\":\"WebPage\",\"@id\":\"https:\\\/\\\/lovme.pt\\\/index.php\\\/produto\\\/zalo-queen-g-spot-puls-wave-vibe-verde\\\/\",\"url\":\"https:\\\/\\\/lovme.pt\\\/index.php\\\/produto\\\/zalo-queen-g-spot-puls-wave-vibe-verde\\\/\",\"name\":\"ZALO - QUEEN G-SPOT PULS WAVE VIBE VERDE - Lovme\",\"isPartOf\":{\"@id\":\"https:\\\/\\\/lovme.pt\\\/#website\"},\"primaryImageOfPage\":{\"@id\":\"https:\\\/\\\/lovme.pt\\\/index.php\\\/produto\\\/zalo-queen-g-spot-puls-wave-vibe-verde\\\/#primaryimage\"},\"image\":{\"@id\":\"https:\\\/\\\/lovme.pt\\\/index.php\\\/produto\\\/zalo-queen-g-spot-puls-wave-vibe-verde\\\/#primaryimage\"},\"thumbnailUrl\":\"https:\\\/\\\/erki24nd3ub.exactdn.com\\\/wp-content\\\/uploads\\\/dream\\\/img\\\/img_141079_76c938d03783e9e1a1582d7726b0ac3b_1.jpg?strip=all\",\"datePublished\":\"2025-09-30T09:39:39+00:00\",\"dateModified\":\"2026-02-19T20:01:18+00:00\",\"breadcrumb\":{\"@id\":\"https:\\\/\\\/lovme.pt\\\/index.php\\\/produto\\\/zalo-queen-g-spot-puls-wave-vibe-verde\\\/#breadcrumb\"},\"inLanguage\":\"pt-PT\",\"potentialAction\":[{\"@type\":\"ReadAction\",\"target\":[\"https:\\\/\\\/lovme.pt\\\/index.php\\\/produto\\\/zalo-queen-g-spot-puls-wave-vibe-verde\\\/\"]}]},{\"@type\":\"ImageObject\",\"inLanguage\":\"pt-PT\",\"@id\":\"https:\\\/\\\/lovme.pt\\\/index.php\\\/produto\\\/zalo-queen-g-spot-puls-wave-vibe-verde\\\/#primaryimage\",\"url\":\"https:\\\/\\\/erki24nd3ub.exactdn.com\\\/wp-content\\\/uploads\\\/dream\\\/img\\\/img_141079_76c938d03783e9e1a1582d7726b0ac3b_1.jpg?strip=all\",\"contentUrl\":\"https:\\\/\\\/erki24nd3ub.exactdn.com\\\/wp-content\\\/uploads\\\/dream\\\/img\\\/img_141079_76c938d03783e9e1a1582d7726b0ac3b_1.jpg?strip=all\",\"width\":800,\"height\":800},{\"@type\":\"BreadcrumbList\",\"@id\":\"https:\\\/\\\/lovme.pt\\\/index.php\\\/produto\\\/zalo-queen-g-spot-puls-wave-vibe-verde\\\/#breadcrumb\",\"itemListElement\":[{\"@type\":\"ListItem\",\"position\":1,\"name\":\"In\u00edcio\",\"item\":\"https:\\\/\\\/lovme.pt\\\/\"},{\"@type\":\"ListItem\",\"position\":2,\"name\":\"Loja\",\"item\":\"https:\\\/\\\/lovme.pt\\\/index.php\\\/loja\\\/\"},{\"@type\":\"ListItem\",\"position\":3,\"name\":\"ZALO &#8211; QUEEN G-SPOT PULS WAVE VIBE VERDE\"}]},{\"@type\":\"WebSite\",\"@id\":\"https:\\\/\\\/lovme.pt\\\/#website\",\"url\":\"https:\\\/\\\/lovme.pt\\\/\",\"name\":\"Lovme Loja Er\u00f3tica N\u00ba1 em Portugal\",\"description\":\"A melhor loja er\u00f3tica de Portugal.\",\"alternateName\":\"Loja Er\u00f3tica Lovme\",\"potentialAction\":[{\"@type\":\"SearchAction\",\"target\":{\"@type\":\"EntryPoint\",\"urlTemplate\":\"https:\\\/\\\/lovme.pt\\\/?s={search_term_string}\"},\"query-input\":{\"@type\":\"PropertyValueSpecification\",\"valueRequired\":true,\"valueName\":\"search_term_string\"}}],\"inLanguage\":\"pt-PT\"}]}<\/script>\n<!-- \/ Yoast SEO plugin. -->","yoast_head_json":{"title":"ZALO - QUEEN G-SPOT PULS WAVE VIBE VERDE - Lovme","robots":{"index":"index","follow":"follow","max-snippet":"max-snippet:-1","max-image-preview":"max-image-preview:large","max-video-preview":"max-video-preview:-1"},"canonical":"https:\/\/lovme.pt\/index.php\/produto\/zalo-queen-g-spot-puls-wave-vibe-verde\/","og_locale":"pt_PT","og_type":"article","og_title":"ZALO - QUEEN G-SPOT PULS WAVE VIBE VERDE - Lovme","og_description":"ZALO - QUEEN G-SPOT PULS WAVE VIBE VERDE","og_url":"https:\/\/lovme.pt\/index.php\/produto\/zalo-queen-g-spot-puls-wave-vibe-verde\/","og_site_name":"Lovme","article_modified_time":"2026-02-19T20:01:18+00:00","og_image":[{"width":800,"height":800,"url":"https:\/\/erki24nd3ub.exactdn.com\/wp-content\/uploads\/dream\/img\/img_141079_76c938d03783e9e1a1582d7726b0ac3b_1.jpg?strip=all","type":"image\/jpeg"}],"twitter_card":"summary_large_image","twitter_misc":{"Tempo estimado de leitura":"1 minuto"},"schema":{"@context":"https:\/\/schema.org","@graph":[{"@type":"WebPage","@id":"https:\/\/lovme.pt\/index.php\/produto\/zalo-queen-g-spot-puls-wave-vibe-verde\/","url":"https:\/\/lovme.pt\/index.php\/produto\/zalo-queen-g-spot-puls-wave-vibe-verde\/","name":"ZALO - QUEEN G-SPOT PULS WAVE VIBE VERDE - Lovme","isPartOf":{"@id":"https:\/\/lovme.pt\/#website"},"primaryImageOfPage":{"@id":"https:\/\/lovme.pt\/index.php\/produto\/zalo-queen-g-spot-puls-wave-vibe-verde\/#primaryimage"},"image":{"@id":"https:\/\/lovme.pt\/index.php\/produto\/zalo-queen-g-spot-puls-wave-vibe-verde\/#primaryimage"},"thumbnailUrl":"https:\/\/erki24nd3ub.exactdn.com\/wp-content\/uploads\/dream\/img\/img_141079_76c938d03783e9e1a1582d7726b0ac3b_1.jpg?strip=all","datePublished":"2025-09-30T09:39:39+00:00","dateModified":"2026-02-19T20:01:18+00:00","breadcrumb":{"@id":"https:\/\/lovme.pt\/index.php\/produto\/zalo-queen-g-spot-puls-wave-vibe-verde\/#breadcrumb"},"inLanguage":"pt-PT","potentialAction":[{"@type":"ReadAction","target":["https:\/\/lovme.pt\/index.php\/produto\/zalo-queen-g-spot-puls-wave-vibe-verde\/"]}]},{"@type":"ImageObject","inLanguage":"pt-PT","@id":"https:\/\/lovme.pt\/index.php\/produto\/zalo-queen-g-spot-puls-wave-vibe-verde\/#primaryimage","url":"https:\/\/erki24nd3ub.exactdn.com\/wp-content\/uploads\/dream\/img\/img_141079_76c938d03783e9e1a1582d7726b0ac3b_1.jpg?strip=all","contentUrl":"https:\/\/erki24nd3ub.exactdn.com\/wp-content\/uploads\/dream\/img\/img_141079_76c938d03783e9e1a1582d7726b0ac3b_1.jpg?strip=all","width":800,"height":800},{"@type":"BreadcrumbList","@id":"https:\/\/lovme.pt\/index.php\/produto\/zalo-queen-g-spot-puls-wave-vibe-verde\/#breadcrumb","itemListElement":[{"@type":"ListItem","position":1,"name":"In\u00edcio","item":"https:\/\/lovme.pt\/"},{"@type":"ListItem","position":2,"name":"Loja","item":"https:\/\/lovme.pt\/index.php\/loja\/"},{"@type":"ListItem","position":3,"name":"ZALO &#8211; QUEEN G-SPOT PULS WAVE VIBE VERDE"}]},{"@type":"WebSite","@id":"https:\/\/lovme.pt\/#website","url":"https:\/\/lovme.pt\/","name":"Lovme Loja Er\u00f3tica N\u00ba1 em Portugal","description":"A melhor loja er\u00f3tica de Portugal.","alternateName":"Loja Er\u00f3tica Lovme","potentialAction":[{"@type":"SearchAction","target":{"@type":"EntryPoint","urlTemplate":"https:\/\/lovme.pt\/?s={search_term_string}"},"query-input":{"@type":"PropertyValueSpecification","valueRequired":true,"valueName":"search_term_string"}}],"inLanguage":"pt-PT"}]}},"_links":{"self":[{"href":"https:\/\/lovme.pt\/index.php\/wp-json\/wp\/v2\/product\/42811","targetHints":{"allow":["GET"]}}],"collection":[{"href":"https:\/\/lovme.pt\/index.php\/wp-json\/wp\/v2\/product"}],"about":[{"href":"https:\/\/lovme.pt\/index.php\/wp-json\/wp\/v2\/types\/product"}],"wp:featuredmedia":[{"embeddable":true,"href":"https:\/\/lovme.pt\/index.php\/wp-json\/wp\/v2\/media\/55418"}],"wp:attachment":[{"href":"https:\/\/lovme.pt\/index.php\/wp-json\/wp\/v2\/media?parent=42811"}],"wp:term":[{"taxonomy":"product_brand","embeddable":true,"href":"https:\/\/lovme.pt\/index.php\/wp-json\/wp\/v2\/product_brand?post=42811"},{"taxonomy":"product_cat","embeddable":true,"href":"https:\/\/lovme.pt\/index.php\/wp-json\/wp\/v2\/product_cat?post=42811"},{"taxonomy":"product_tag","embeddable":true,"href":"https:\/\/lovme.pt\/index.php\/wp-json\/wp\/v2\/product_tag?post=42811"}],"curies":[{"name":"wp","href":"https:\/\/api.w.org\/{rel}","templated":true}]}}