{"id":42792,"date":"2025-10-01T20:15:32","date_gmt":"2025-10-01T20:15:32","guid":{"rendered":"https:\/\/lovme.pt\/?post_type=product&p=42792"},"modified":"2026-02-19T20:19:22","modified_gmt":"2026-02-19T20:19:22","slug":"xocoon-estimulador-de-amor-divino-roxo","status":"publish","type":"product","link":"https:\/\/lovme.pt\/index.php\/produto\/xocoon-estimulador-de-amor-divino-roxo\/","title":{"rendered":"XOCOON &#8211; ESTIMULADOR DE AMOR DIVINO ROXO"},"content":{"rendered":"<p>Aproveite o prazer sensacional da estimula\u00e7\u00e3o do clit\u00f3ris com o estimulador de pulso port\u00e1til Divine Love. Este design requintado apresenta fun\u00e7\u00f5es duplas. Estimule o clit\u00f3ris com a fun\u00e7\u00e3o alucinante que imita o sexo oral ou use o outro lado de textura ondulada para massagear a vulva com vibra\u00e7\u00f5es poderosas. Ambas as fun\u00e7\u00f5es podem ser controladas separadamente, ent\u00e3o prepare-se para um orgasmo alucinante.<\/p>\n<p>\u00a0<\/p>\n<p>Viva, ame, brinque&#8230;\u00a0juntos! Os brinquedos sexuais Xocoon s\u00e3o projetados especificamente para casais que desejam trazer uma dimens\u00e3o extra \u00e0s preliminares ou ao sexo. Ao trazer uma emo\u00e7\u00e3o de prazer simult\u00e2neo e o cl\u00edmax inevit\u00e1vel para os casais, Xocoon ir\u00e1 facilmente persuadir qualquer casal a recuar e passar algum tempo juntos com um Xocooning imperturbado e desinibido.<\/p>\n","protected":false},"excerpt":{"rendered":"<p>XOCOON &#8211; ESTIMULADOR DE AMOR DIVINO ROXO<\/p>\n","protected":false},"featured_media":103292,"template":"","meta":{"_acf_changed":false},"product_brand":[],"product_cat":[17,61,64,76],"product_tag":[],"class_list":{"0":"post-42792","1":"product","2":"type-product","3":"status-publish","4":"has-post-thumbnail","6":"product_cat-brinquedos-de-bem-estar-sexual","7":"product_cat-para-elas","8":"product_cat-sugadores","9":"product_cat-vibradores","10":"yith_product_brand-xocoon","12":"first","13":"instock","14":"taxable","15":"shipping-taxable","16":"purchasable","17":"product-type-simple"},"acf":[],"yoast_head":"<!-- This site is optimized with the Yoast SEO plugin v27.4 - https:\/\/yoast.com\/product\/yoast-seo-wordpress\/ -->\n<title>XOCOON - ESTIMULADOR DE AMOR DIVINO ROXO - Lovme<\/title>\n<meta name=\"robots\" content=\"index, follow, max-snippet:-1, max-image-preview:large, max-video-preview:-1\" \/>\n<link rel=\"canonical\" href=\"https:\/\/lovme.pt\/index.php\/produto\/xocoon-estimulador-de-amor-divino-roxo\/\" \/>\n<meta property=\"og:locale\" content=\"pt_PT\" \/>\n<meta property=\"og:type\" content=\"article\" \/>\n<meta property=\"og:title\" content=\"XOCOON - ESTIMULADOR DE AMOR DIVINO ROXO - Lovme\" \/>\n<meta property=\"og:description\" content=\"XOCOON - ESTIMULADOR DE AMOR DIVINO ROXO\" \/>\n<meta property=\"og:url\" content=\"https:\/\/lovme.pt\/index.php\/produto\/xocoon-estimulador-de-amor-divino-roxo\/\" \/>\n<meta property=\"og:site_name\" content=\"Lovme\" \/>\n<meta property=\"article:modified_time\" content=\"2026-02-19T20:19:22+00:00\" \/>\n<meta property=\"og:image\" content=\"https:\/\/erki24nd3ub.exactdn.com\/wp-content\/uploads\/dream\/img\/img_140904_c366fc59a465e1ac8a2c481a35e92372_1.jpg?strip=all\" \/>\n\t<meta property=\"og:image:width\" content=\"800\" \/>\n\t<meta property=\"og:image:height\" content=\"800\" \/>\n\t<meta property=\"og:image:type\" content=\"image\/jpeg\" \/>\n<meta name=\"twitter:card\" content=\"summary_large_image\" \/>\n<meta name=\"twitter:label1\" content=\"Tempo estimado de leitura\" \/>\n\t<meta name=\"twitter:data1\" content=\"1 minuto\" \/>\n<script type=\"application\/ld+json\" class=\"yoast-schema-graph\">{\"@context\":\"https:\\\/\\\/schema.org\",\"@graph\":[{\"@type\":\"WebPage\",\"@id\":\"https:\\\/\\\/lovme.pt\\\/index.php\\\/produto\\\/xocoon-estimulador-de-amor-divino-roxo\\\/\",\"url\":\"https:\\\/\\\/lovme.pt\\\/index.php\\\/produto\\\/xocoon-estimulador-de-amor-divino-roxo\\\/\",\"name\":\"XOCOON - ESTIMULADOR DE AMOR DIVINO ROXO - Lovme\",\"isPartOf\":{\"@id\":\"https:\\\/\\\/lovme.pt\\\/#website\"},\"primaryImageOfPage\":{\"@id\":\"https:\\\/\\\/lovme.pt\\\/index.php\\\/produto\\\/xocoon-estimulador-de-amor-divino-roxo\\\/#primaryimage\"},\"image\":{\"@id\":\"https:\\\/\\\/lovme.pt\\\/index.php\\\/produto\\\/xocoon-estimulador-de-amor-divino-roxo\\\/#primaryimage\"},\"thumbnailUrl\":\"https:\\\/\\\/erki24nd3ub.exactdn.com\\\/wp-content\\\/uploads\\\/dream\\\/img\\\/img_140904_c366fc59a465e1ac8a2c481a35e92372_1.jpg?strip=all\",\"datePublished\":\"2025-10-01T20:15:32+00:00\",\"dateModified\":\"2026-02-19T20:19:22+00:00\",\"breadcrumb\":{\"@id\":\"https:\\\/\\\/lovme.pt\\\/index.php\\\/produto\\\/xocoon-estimulador-de-amor-divino-roxo\\\/#breadcrumb\"},\"inLanguage\":\"pt-PT\",\"potentialAction\":[{\"@type\":\"ReadAction\",\"target\":[\"https:\\\/\\\/lovme.pt\\\/index.php\\\/produto\\\/xocoon-estimulador-de-amor-divino-roxo\\\/\"]}]},{\"@type\":\"ImageObject\",\"inLanguage\":\"pt-PT\",\"@id\":\"https:\\\/\\\/lovme.pt\\\/index.php\\\/produto\\\/xocoon-estimulador-de-amor-divino-roxo\\\/#primaryimage\",\"url\":\"https:\\\/\\\/erki24nd3ub.exactdn.com\\\/wp-content\\\/uploads\\\/dream\\\/img\\\/img_140904_c366fc59a465e1ac8a2c481a35e92372_1.jpg?strip=all\",\"contentUrl\":\"https:\\\/\\\/erki24nd3ub.exactdn.com\\\/wp-content\\\/uploads\\\/dream\\\/img\\\/img_140904_c366fc59a465e1ac8a2c481a35e92372_1.jpg?strip=all\",\"width\":800,\"height\":800},{\"@type\":\"BreadcrumbList\",\"@id\":\"https:\\\/\\\/lovme.pt\\\/index.php\\\/produto\\\/xocoon-estimulador-de-amor-divino-roxo\\\/#breadcrumb\",\"itemListElement\":[{\"@type\":\"ListItem\",\"position\":1,\"name\":\"In\u00edcio\",\"item\":\"https:\\\/\\\/lovme.pt\\\/\"},{\"@type\":\"ListItem\",\"position\":2,\"name\":\"Loja\",\"item\":\"https:\\\/\\\/lovme.pt\\\/index.php\\\/loja\\\/\"},{\"@type\":\"ListItem\",\"position\":3,\"name\":\"XOCOON &#8211; ESTIMULADOR DE AMOR DIVINO ROXO\"}]},{\"@type\":\"WebSite\",\"@id\":\"https:\\\/\\\/lovme.pt\\\/#website\",\"url\":\"https:\\\/\\\/lovme.pt\\\/\",\"name\":\"Lovme Loja Er\u00f3tica N\u00ba1 em Portugal\",\"description\":\"A melhor loja er\u00f3tica de Portugal.\",\"alternateName\":\"Loja Er\u00f3tica Lovme\",\"potentialAction\":[{\"@type\":\"SearchAction\",\"target\":{\"@type\":\"EntryPoint\",\"urlTemplate\":\"https:\\\/\\\/lovme.pt\\\/?s={search_term_string}\"},\"query-input\":{\"@type\":\"PropertyValueSpecification\",\"valueRequired\":true,\"valueName\":\"search_term_string\"}}],\"inLanguage\":\"pt-PT\"}]}<\/script>\n<!-- \/ Yoast SEO plugin. -->","yoast_head_json":{"title":"XOCOON - ESTIMULADOR DE AMOR DIVINO ROXO - Lovme","robots":{"index":"index","follow":"follow","max-snippet":"max-snippet:-1","max-image-preview":"max-image-preview:large","max-video-preview":"max-video-preview:-1"},"canonical":"https:\/\/lovme.pt\/index.php\/produto\/xocoon-estimulador-de-amor-divino-roxo\/","og_locale":"pt_PT","og_type":"article","og_title":"XOCOON - ESTIMULADOR DE AMOR DIVINO ROXO - Lovme","og_description":"XOCOON - ESTIMULADOR DE AMOR DIVINO ROXO","og_url":"https:\/\/lovme.pt\/index.php\/produto\/xocoon-estimulador-de-amor-divino-roxo\/","og_site_name":"Lovme","article_modified_time":"2026-02-19T20:19:22+00:00","og_image":[{"width":800,"height":800,"url":"https:\/\/erki24nd3ub.exactdn.com\/wp-content\/uploads\/dream\/img\/img_140904_c366fc59a465e1ac8a2c481a35e92372_1.jpg?strip=all","type":"image\/jpeg"}],"twitter_card":"summary_large_image","twitter_misc":{"Tempo estimado de leitura":"1 minuto"},"schema":{"@context":"https:\/\/schema.org","@graph":[{"@type":"WebPage","@id":"https:\/\/lovme.pt\/index.php\/produto\/xocoon-estimulador-de-amor-divino-roxo\/","url":"https:\/\/lovme.pt\/index.php\/produto\/xocoon-estimulador-de-amor-divino-roxo\/","name":"XOCOON - ESTIMULADOR DE AMOR DIVINO ROXO - Lovme","isPartOf":{"@id":"https:\/\/lovme.pt\/#website"},"primaryImageOfPage":{"@id":"https:\/\/lovme.pt\/index.php\/produto\/xocoon-estimulador-de-amor-divino-roxo\/#primaryimage"},"image":{"@id":"https:\/\/lovme.pt\/index.php\/produto\/xocoon-estimulador-de-amor-divino-roxo\/#primaryimage"},"thumbnailUrl":"https:\/\/erki24nd3ub.exactdn.com\/wp-content\/uploads\/dream\/img\/img_140904_c366fc59a465e1ac8a2c481a35e92372_1.jpg?strip=all","datePublished":"2025-10-01T20:15:32+00:00","dateModified":"2026-02-19T20:19:22+00:00","breadcrumb":{"@id":"https:\/\/lovme.pt\/index.php\/produto\/xocoon-estimulador-de-amor-divino-roxo\/#breadcrumb"},"inLanguage":"pt-PT","potentialAction":[{"@type":"ReadAction","target":["https:\/\/lovme.pt\/index.php\/produto\/xocoon-estimulador-de-amor-divino-roxo\/"]}]},{"@type":"ImageObject","inLanguage":"pt-PT","@id":"https:\/\/lovme.pt\/index.php\/produto\/xocoon-estimulador-de-amor-divino-roxo\/#primaryimage","url":"https:\/\/erki24nd3ub.exactdn.com\/wp-content\/uploads\/dream\/img\/img_140904_c366fc59a465e1ac8a2c481a35e92372_1.jpg?strip=all","contentUrl":"https:\/\/erki24nd3ub.exactdn.com\/wp-content\/uploads\/dream\/img\/img_140904_c366fc59a465e1ac8a2c481a35e92372_1.jpg?strip=all","width":800,"height":800},{"@type":"BreadcrumbList","@id":"https:\/\/lovme.pt\/index.php\/produto\/xocoon-estimulador-de-amor-divino-roxo\/#breadcrumb","itemListElement":[{"@type":"ListItem","position":1,"name":"In\u00edcio","item":"https:\/\/lovme.pt\/"},{"@type":"ListItem","position":2,"name":"Loja","item":"https:\/\/lovme.pt\/index.php\/loja\/"},{"@type":"ListItem","position":3,"name":"XOCOON &#8211; ESTIMULADOR DE AMOR DIVINO ROXO"}]},{"@type":"WebSite","@id":"https:\/\/lovme.pt\/#website","url":"https:\/\/lovme.pt\/","name":"Lovme Loja Er\u00f3tica N\u00ba1 em Portugal","description":"A melhor loja er\u00f3tica de Portugal.","alternateName":"Loja Er\u00f3tica Lovme","potentialAction":[{"@type":"SearchAction","target":{"@type":"EntryPoint","urlTemplate":"https:\/\/lovme.pt\/?s={search_term_string}"},"query-input":{"@type":"PropertyValueSpecification","valueRequired":true,"valueName":"search_term_string"}}],"inLanguage":"pt-PT"}]}},"_links":{"self":[{"href":"https:\/\/lovme.pt\/index.php\/wp-json\/wp\/v2\/product\/42792","targetHints":{"allow":["GET"]}}],"collection":[{"href":"https:\/\/lovme.pt\/index.php\/wp-json\/wp\/v2\/product"}],"about":[{"href":"https:\/\/lovme.pt\/index.php\/wp-json\/wp\/v2\/types\/product"}],"wp:featuredmedia":[{"embeddable":true,"href":"https:\/\/lovme.pt\/index.php\/wp-json\/wp\/v2\/media\/103292"}],"wp:attachment":[{"href":"https:\/\/lovme.pt\/index.php\/wp-json\/wp\/v2\/media?parent=42792"}],"wp:term":[{"taxonomy":"product_brand","embeddable":true,"href":"https:\/\/lovme.pt\/index.php\/wp-json\/wp\/v2\/product_brand?post=42792"},{"taxonomy":"product_cat","embeddable":true,"href":"https:\/\/lovme.pt\/index.php\/wp-json\/wp\/v2\/product_cat?post=42792"},{"taxonomy":"product_tag","embeddable":true,"href":"https:\/\/lovme.pt\/index.php\/wp-json\/wp\/v2\/product_tag?post=42792"}],"curies":[{"name":"wp","href":"https:\/\/api.w.org\/{rel}","templated":true}]}}