{"id":42739,"date":"2025-09-30T09:35:50","date_gmt":"2025-09-30T09:35:50","guid":{"rendered":"https:\/\/lovme.pt\/?post_type=product&p=42739"},"modified":"2026-02-19T20:01:05","modified_gmt":"2026-02-19T20:01:05","slug":"get-real-dildo-28-cm-com-bolas-pretas","status":"publish","type":"product","link":"https:\/\/lovme.pt\/index.php\/produto\/get-real-dildo-28-cm-com-bolas-pretas\/","title":{"rendered":"GET REAL &#8211; DILDO 28 CM COM BOLAS PRETAS"},"content":{"rendered":"<p>O Get Real \u00e9 um p\u00eanis realista projetado para estimular todos os seus pontos \u00edntimos.<\/p>\n<p> O design apresenta detalhes cuidadosamente elaborados, como veias pulsantes proeminentes ao longo de sua haste lisa e \u00e9 gravado no formato do corpo. feito de PVC sem ftalatos.<\/p>\n<ul>\n<li> Material: PVC<\/li>\n<\/ul>\n","protected":false},"excerpt":{"rendered":"<p>GET REAL &#8211; DILDO 28 CM COM BOLAS PRETAS<\/p>\n","protected":false},"featured_media":54267,"template":"","meta":{"_acf_changed":false},"product_brand":[],"product_cat":[17,56],"product_tag":[],"class_list":{"0":"post-42739","1":"product","2":"type-product","3":"status-publish","4":"has-post-thumbnail","6":"product_cat-brinquedos-de-bem-estar-sexual","7":"product_cat-dildos-e-arneses","8":"yith_product_brand-get-real","10":"first","11":"instock","12":"taxable","13":"shipping-taxable","14":"purchasable","15":"product-type-simple"},"acf":[],"yoast_head":"<!-- This site is optimized with the Yoast SEO plugin v27.3 - https:\/\/yoast.com\/product\/yoast-seo-wordpress\/ -->\n<title>GET REAL - DILDO 28 CM COM BOLAS PRETAS - Lovme<\/title>\n<meta name=\"robots\" content=\"index, follow, max-snippet:-1, max-image-preview:large, max-video-preview:-1\" \/>\n<link rel=\"canonical\" href=\"https:\/\/lovme.pt\/index.php\/produto\/get-real-dildo-28-cm-com-bolas-pretas\/\" \/>\n<meta property=\"og:locale\" content=\"pt_PT\" \/>\n<meta property=\"og:type\" content=\"article\" \/>\n<meta property=\"og:title\" content=\"GET REAL - DILDO 28 CM COM BOLAS PRETAS - Lovme\" \/>\n<meta property=\"og:description\" content=\"GET REAL - DILDO 28 CM COM BOLAS PRETAS\" \/>\n<meta property=\"og:url\" content=\"https:\/\/lovme.pt\/index.php\/produto\/get-real-dildo-28-cm-com-bolas-pretas\/\" \/>\n<meta property=\"og:site_name\" content=\"Lovme\" \/>\n<meta property=\"article:modified_time\" content=\"2026-02-19T20:01:05+00:00\" \/>\n<meta property=\"og:image\" content=\"https:\/\/erki24nd3ub.exactdn.com\/wp-content\/uploads\/dream\/img\/img_140381_c815b6fbefca55a7ad279c3286e03a0d_1.jpg?strip=all\" \/>\n\t<meta property=\"og:image:width\" content=\"800\" \/>\n\t<meta property=\"og:image:height\" content=\"800\" \/>\n\t<meta property=\"og:image:type\" content=\"image\/jpeg\" \/>\n<meta name=\"twitter:card\" content=\"summary_large_image\" \/>\n<script type=\"application\/ld+json\" class=\"yoast-schema-graph\">{\"@context\":\"https:\\\/\\\/schema.org\",\"@graph\":[{\"@type\":\"WebPage\",\"@id\":\"https:\\\/\\\/lovme.pt\\\/index.php\\\/produto\\\/get-real-dildo-28-cm-com-bolas-pretas\\\/\",\"url\":\"https:\\\/\\\/lovme.pt\\\/index.php\\\/produto\\\/get-real-dildo-28-cm-com-bolas-pretas\\\/\",\"name\":\"GET REAL - DILDO 28 CM COM BOLAS PRETAS - Lovme\",\"isPartOf\":{\"@id\":\"https:\\\/\\\/lovme.pt\\\/#website\"},\"primaryImageOfPage\":{\"@id\":\"https:\\\/\\\/lovme.pt\\\/index.php\\\/produto\\\/get-real-dildo-28-cm-com-bolas-pretas\\\/#primaryimage\"},\"image\":{\"@id\":\"https:\\\/\\\/lovme.pt\\\/index.php\\\/produto\\\/get-real-dildo-28-cm-com-bolas-pretas\\\/#primaryimage\"},\"thumbnailUrl\":\"https:\\\/\\\/erki24nd3ub.exactdn.com\\\/wp-content\\\/uploads\\\/dream\\\/img\\\/img_140381_c815b6fbefca55a7ad279c3286e03a0d_1.jpg?strip=all\",\"datePublished\":\"2025-09-30T09:35:50+00:00\",\"dateModified\":\"2026-02-19T20:01:05+00:00\",\"breadcrumb\":{\"@id\":\"https:\\\/\\\/lovme.pt\\\/index.php\\\/produto\\\/get-real-dildo-28-cm-com-bolas-pretas\\\/#breadcrumb\"},\"inLanguage\":\"pt-PT\",\"potentialAction\":[{\"@type\":\"ReadAction\",\"target\":[\"https:\\\/\\\/lovme.pt\\\/index.php\\\/produto\\\/get-real-dildo-28-cm-com-bolas-pretas\\\/\"]}]},{\"@type\":\"ImageObject\",\"inLanguage\":\"pt-PT\",\"@id\":\"https:\\\/\\\/lovme.pt\\\/index.php\\\/produto\\\/get-real-dildo-28-cm-com-bolas-pretas\\\/#primaryimage\",\"url\":\"https:\\\/\\\/erki24nd3ub.exactdn.com\\\/wp-content\\\/uploads\\\/dream\\\/img\\\/img_140381_c815b6fbefca55a7ad279c3286e03a0d_1.jpg?strip=all\",\"contentUrl\":\"https:\\\/\\\/erki24nd3ub.exactdn.com\\\/wp-content\\\/uploads\\\/dream\\\/img\\\/img_140381_c815b6fbefca55a7ad279c3286e03a0d_1.jpg?strip=all\",\"width\":800,\"height\":800},{\"@type\":\"BreadcrumbList\",\"@id\":\"https:\\\/\\\/lovme.pt\\\/index.php\\\/produto\\\/get-real-dildo-28-cm-com-bolas-pretas\\\/#breadcrumb\",\"itemListElement\":[{\"@type\":\"ListItem\",\"position\":1,\"name\":\"In\u00edcio\",\"item\":\"https:\\\/\\\/lovme.pt\\\/\"},{\"@type\":\"ListItem\",\"position\":2,\"name\":\"Loja\",\"item\":\"https:\\\/\\\/lovme.pt\\\/index.php\\\/loja\\\/\"},{\"@type\":\"ListItem\",\"position\":3,\"name\":\"GET REAL &#8211; DILDO 28 CM COM BOLAS PRETAS\"}]},{\"@type\":\"WebSite\",\"@id\":\"https:\\\/\\\/lovme.pt\\\/#website\",\"url\":\"https:\\\/\\\/lovme.pt\\\/\",\"name\":\"Lovme Loja Er\u00f3tica N\u00ba1 em Portugal\",\"description\":\"A melhor loja er\u00f3tica de Portugal.\",\"alternateName\":\"Loja Er\u00f3tica Lovme\",\"potentialAction\":[{\"@type\":\"SearchAction\",\"target\":{\"@type\":\"EntryPoint\",\"urlTemplate\":\"https:\\\/\\\/lovme.pt\\\/?s={search_term_string}\"},\"query-input\":{\"@type\":\"PropertyValueSpecification\",\"valueRequired\":true,\"valueName\":\"search_term_string\"}}],\"inLanguage\":\"pt-PT\"}]}<\/script>\n<!-- \/ Yoast SEO plugin. -->","yoast_head_json":{"title":"GET REAL - DILDO 28 CM COM BOLAS PRETAS - Lovme","robots":{"index":"index","follow":"follow","max-snippet":"max-snippet:-1","max-image-preview":"max-image-preview:large","max-video-preview":"max-video-preview:-1"},"canonical":"https:\/\/lovme.pt\/index.php\/produto\/get-real-dildo-28-cm-com-bolas-pretas\/","og_locale":"pt_PT","og_type":"article","og_title":"GET REAL - DILDO 28 CM COM BOLAS PRETAS - Lovme","og_description":"GET REAL - DILDO 28 CM COM BOLAS PRETAS","og_url":"https:\/\/lovme.pt\/index.php\/produto\/get-real-dildo-28-cm-com-bolas-pretas\/","og_site_name":"Lovme","article_modified_time":"2026-02-19T20:01:05+00:00","og_image":[{"width":800,"height":800,"url":"https:\/\/erki24nd3ub.exactdn.com\/wp-content\/uploads\/dream\/img\/img_140381_c815b6fbefca55a7ad279c3286e03a0d_1.jpg?strip=all","type":"image\/jpeg"}],"twitter_card":"summary_large_image","schema":{"@context":"https:\/\/schema.org","@graph":[{"@type":"WebPage","@id":"https:\/\/lovme.pt\/index.php\/produto\/get-real-dildo-28-cm-com-bolas-pretas\/","url":"https:\/\/lovme.pt\/index.php\/produto\/get-real-dildo-28-cm-com-bolas-pretas\/","name":"GET REAL - DILDO 28 CM COM BOLAS PRETAS - Lovme","isPartOf":{"@id":"https:\/\/lovme.pt\/#website"},"primaryImageOfPage":{"@id":"https:\/\/lovme.pt\/index.php\/produto\/get-real-dildo-28-cm-com-bolas-pretas\/#primaryimage"},"image":{"@id":"https:\/\/lovme.pt\/index.php\/produto\/get-real-dildo-28-cm-com-bolas-pretas\/#primaryimage"},"thumbnailUrl":"https:\/\/erki24nd3ub.exactdn.com\/wp-content\/uploads\/dream\/img\/img_140381_c815b6fbefca55a7ad279c3286e03a0d_1.jpg?strip=all","datePublished":"2025-09-30T09:35:50+00:00","dateModified":"2026-02-19T20:01:05+00:00","breadcrumb":{"@id":"https:\/\/lovme.pt\/index.php\/produto\/get-real-dildo-28-cm-com-bolas-pretas\/#breadcrumb"},"inLanguage":"pt-PT","potentialAction":[{"@type":"ReadAction","target":["https:\/\/lovme.pt\/index.php\/produto\/get-real-dildo-28-cm-com-bolas-pretas\/"]}]},{"@type":"ImageObject","inLanguage":"pt-PT","@id":"https:\/\/lovme.pt\/index.php\/produto\/get-real-dildo-28-cm-com-bolas-pretas\/#primaryimage","url":"https:\/\/erki24nd3ub.exactdn.com\/wp-content\/uploads\/dream\/img\/img_140381_c815b6fbefca55a7ad279c3286e03a0d_1.jpg?strip=all","contentUrl":"https:\/\/erki24nd3ub.exactdn.com\/wp-content\/uploads\/dream\/img\/img_140381_c815b6fbefca55a7ad279c3286e03a0d_1.jpg?strip=all","width":800,"height":800},{"@type":"BreadcrumbList","@id":"https:\/\/lovme.pt\/index.php\/produto\/get-real-dildo-28-cm-com-bolas-pretas\/#breadcrumb","itemListElement":[{"@type":"ListItem","position":1,"name":"In\u00edcio","item":"https:\/\/lovme.pt\/"},{"@type":"ListItem","position":2,"name":"Loja","item":"https:\/\/lovme.pt\/index.php\/loja\/"},{"@type":"ListItem","position":3,"name":"GET REAL &#8211; DILDO 28 CM COM BOLAS PRETAS"}]},{"@type":"WebSite","@id":"https:\/\/lovme.pt\/#website","url":"https:\/\/lovme.pt\/","name":"Lovme Loja Er\u00f3tica N\u00ba1 em Portugal","description":"A melhor loja er\u00f3tica de Portugal.","alternateName":"Loja Er\u00f3tica Lovme","potentialAction":[{"@type":"SearchAction","target":{"@type":"EntryPoint","urlTemplate":"https:\/\/lovme.pt\/?s={search_term_string}"},"query-input":{"@type":"PropertyValueSpecification","valueRequired":true,"valueName":"search_term_string"}}],"inLanguage":"pt-PT"}]}},"_links":{"self":[{"href":"https:\/\/lovme.pt\/index.php\/wp-json\/wp\/v2\/product\/42739","targetHints":{"allow":["GET"]}}],"collection":[{"href":"https:\/\/lovme.pt\/index.php\/wp-json\/wp\/v2\/product"}],"about":[{"href":"https:\/\/lovme.pt\/index.php\/wp-json\/wp\/v2\/types\/product"}],"wp:featuredmedia":[{"embeddable":true,"href":"https:\/\/lovme.pt\/index.php\/wp-json\/wp\/v2\/media\/54267"}],"wp:attachment":[{"href":"https:\/\/lovme.pt\/index.php\/wp-json\/wp\/v2\/media?parent=42739"}],"wp:term":[{"taxonomy":"product_brand","embeddable":true,"href":"https:\/\/lovme.pt\/index.php\/wp-json\/wp\/v2\/product_brand?post=42739"},{"taxonomy":"product_cat","embeddable":true,"href":"https:\/\/lovme.pt\/index.php\/wp-json\/wp\/v2\/product_cat?post=42739"},{"taxonomy":"product_tag","embeddable":true,"href":"https:\/\/lovme.pt\/index.php\/wp-json\/wp\/v2\/product_tag?post=42739"}],"curies":[{"name":"wp","href":"https:\/\/api.w.org\/{rel}","templated":true}]}}