{"id":42706,"date":"2025-09-30T10:03:13","date_gmt":"2025-09-30T10:03:13","guid":{"rendered":"https:\/\/lovme.pt\/?post_type=product&p=42706"},"modified":"2026-02-19T20:06:21","modified_gmt":"2026-02-19T20:06:21","slug":"get-real-vibrador-roxo-original-clssico","status":"publish","type":"product","link":"https:\/\/lovme.pt\/index.php\/produto\/get-real-vibrador-roxo-original-clssico\/","title":{"rendered":"GET REAL &#8211; VIBRADOR ROXO ORIGINAL CLSSICO"},"content":{"rendered":"<p>O Vibrador Original Cl\u00e1ssico Get Real Collection \u00e9 um vibrador de qualidade com habilidades e emo\u00e7\u00f5es incr\u00edveis para proporcionar prazer \u00edntimo ilimitado.<\/p>\n<p> O design apresenta um eixo sexy e ligeiramente curvo que ir\u00e1 ench\u00ea-lo sem esfor\u00e7o de desejo lascivo.<\/p>\n<p> Este fornecedor de prazer tem uma silhueta realista com detalhes realistas, como veias pulsantes e uma ponta pronunciada.<\/p>\n<p> Suas vibra\u00e7\u00f5es poderosas e de v\u00e1rias velocidades s\u00e3o f\u00e1ceis de controlar com uma base de tampa girat\u00f3ria, e seu exterior de silicone macio \u00e9 suave como seda na pele.<\/p>\n<p> O vibrador cl\u00e1ssico original usa 2 pilhas AA e vem em uma embalagem moderna e elegante.<\/p>\n<p> <strong>Caracter\u00edsticas:<\/strong><\/p>\n<ul>\n<li> Comprimento total:<span style=\"white-space:pre\"> <\/span>20,1 cent\u00edmetros<\/li>\n<li> Di\u00e2metro:<span style=\"white-space:pre\"> <\/span>\u00d84,4cm<\/li>\n<li> comprimento inser\u00edvel:<span style=\"white-space:pre\"> <\/span>17cm<\/li>\n<li> Vibra\u00e7\u00e3o:<span style=\"white-space:pre\"> <\/span>Sim<\/li>\n<li> modos de velocidade:<span style=\"white-space: pre;\"> <\/span>7<\/li>\n<li> \u00c0 prova d\u00e1gua:<span style=\"white-space: pre;\"> <\/span>Capa de chuva<\/li>\n<li> Seguro para o corpo:<span style=\"white-space:pre\"> <\/span>Sim<\/li>\n<li> Material:<span style=\"white-space: pre;\"> <\/span>Silicone<\/li>\n<li> Recarreg\u00e1vel:<span style=\"white-space:pre\"> <\/span>N\u00e3o<\/li>\n<li> Baterias:<span style=\"white-space:pre\"> <\/span>AA<\/li>\n<li> Quantidade de bateria:<span style=\"white-space:pre\"> <\/span>2<\/li>\n<li> Baterias inclu\u00eddas:<span style=\"white-space:pre\"> <\/span>N\u00e3o<\/li>\n<\/ul>\n","protected":false},"excerpt":{"rendered":"<p>GET REAL &#8211; VIBRADOR ROXO ORIGINAL CLSSICO<\/p>\n","protected":false},"featured_media":61565,"template":"","meta":{"_acf_changed":false},"product_brand":[],"product_cat":[17,63,76],"product_tag":[],"class_list":{"0":"post-42706","1":"product","2":"type-product","3":"status-publish","4":"has-post-thumbnail","6":"product_cat-brinquedos-de-bem-estar-sexual","7":"product_cat-sexo-anal","8":"product_cat-vibradores","9":"yith_product_brand-get-real","11":"first","12":"instock","13":"taxable","14":"shipping-taxable","15":"purchasable","16":"product-type-simple"},"acf":[],"yoast_head":"<!-- This site is optimized with the Yoast SEO plugin v27.3 - https:\/\/yoast.com\/product\/yoast-seo-wordpress\/ -->\n<title>GET REAL - VIBRADOR ROXO ORIGINAL CLSSICO - Lovme<\/title>\n<meta name=\"robots\" content=\"index, follow, max-snippet:-1, max-image-preview:large, max-video-preview:-1\" \/>\n<link rel=\"canonical\" href=\"https:\/\/lovme.pt\/index.php\/produto\/get-real-vibrador-roxo-original-clssico\/\" \/>\n<meta property=\"og:locale\" content=\"pt_PT\" \/>\n<meta property=\"og:type\" content=\"article\" \/>\n<meta property=\"og:title\" content=\"GET REAL - VIBRADOR ROXO ORIGINAL CLSSICO - Lovme\" \/>\n<meta property=\"og:description\" content=\"GET REAL - VIBRADOR ROXO ORIGINAL CLSSICO\" \/>\n<meta property=\"og:url\" content=\"https:\/\/lovme.pt\/index.php\/produto\/get-real-vibrador-roxo-original-clssico\/\" \/>\n<meta property=\"og:site_name\" content=\"Lovme\" \/>\n<meta property=\"article:modified_time\" content=\"2026-02-19T20:06:21+00:00\" \/>\n<meta property=\"og:image\" content=\"https:\/\/erki24nd3ub.exactdn.com\/wp-content\/uploads\/dream\/img\/img_140302_b7f4e1ea3199ae03a3a69d9ef8c6076e_1.jpg?strip=all\" \/>\n\t<meta property=\"og:image:width\" content=\"800\" \/>\n\t<meta property=\"og:image:height\" content=\"800\" \/>\n\t<meta property=\"og:image:type\" content=\"image\/jpeg\" \/>\n<meta name=\"twitter:card\" content=\"summary_large_image\" \/>\n<meta name=\"twitter:label1\" content=\"Tempo estimado de leitura\" \/>\n\t<meta name=\"twitter:data1\" content=\"1 minuto\" \/>\n<script type=\"application\/ld+json\" class=\"yoast-schema-graph\">{\"@context\":\"https:\\\/\\\/schema.org\",\"@graph\":[{\"@type\":\"WebPage\",\"@id\":\"https:\\\/\\\/lovme.pt\\\/index.php\\\/produto\\\/get-real-vibrador-roxo-original-clssico\\\/\",\"url\":\"https:\\\/\\\/lovme.pt\\\/index.php\\\/produto\\\/get-real-vibrador-roxo-original-clssico\\\/\",\"name\":\"GET REAL - VIBRADOR ROXO ORIGINAL CLSSICO - Lovme\",\"isPartOf\":{\"@id\":\"https:\\\/\\\/lovme.pt\\\/#website\"},\"primaryImageOfPage\":{\"@id\":\"https:\\\/\\\/lovme.pt\\\/index.php\\\/produto\\\/get-real-vibrador-roxo-original-clssico\\\/#primaryimage\"},\"image\":{\"@id\":\"https:\\\/\\\/lovme.pt\\\/index.php\\\/produto\\\/get-real-vibrador-roxo-original-clssico\\\/#primaryimage\"},\"thumbnailUrl\":\"https:\\\/\\\/erki24nd3ub.exactdn.com\\\/wp-content\\\/uploads\\\/dream\\\/img\\\/img_140302_b7f4e1ea3199ae03a3a69d9ef8c6076e_1.jpg?strip=all\",\"datePublished\":\"2025-09-30T10:03:13+00:00\",\"dateModified\":\"2026-02-19T20:06:21+00:00\",\"breadcrumb\":{\"@id\":\"https:\\\/\\\/lovme.pt\\\/index.php\\\/produto\\\/get-real-vibrador-roxo-original-clssico\\\/#breadcrumb\"},\"inLanguage\":\"pt-PT\",\"potentialAction\":[{\"@type\":\"ReadAction\",\"target\":[\"https:\\\/\\\/lovme.pt\\\/index.php\\\/produto\\\/get-real-vibrador-roxo-original-clssico\\\/\"]}]},{\"@type\":\"ImageObject\",\"inLanguage\":\"pt-PT\",\"@id\":\"https:\\\/\\\/lovme.pt\\\/index.php\\\/produto\\\/get-real-vibrador-roxo-original-clssico\\\/#primaryimage\",\"url\":\"https:\\\/\\\/erki24nd3ub.exactdn.com\\\/wp-content\\\/uploads\\\/dream\\\/img\\\/img_140302_b7f4e1ea3199ae03a3a69d9ef8c6076e_1.jpg?strip=all\",\"contentUrl\":\"https:\\\/\\\/erki24nd3ub.exactdn.com\\\/wp-content\\\/uploads\\\/dream\\\/img\\\/img_140302_b7f4e1ea3199ae03a3a69d9ef8c6076e_1.jpg?strip=all\",\"width\":800,\"height\":800},{\"@type\":\"BreadcrumbList\",\"@id\":\"https:\\\/\\\/lovme.pt\\\/index.php\\\/produto\\\/get-real-vibrador-roxo-original-clssico\\\/#breadcrumb\",\"itemListElement\":[{\"@type\":\"ListItem\",\"position\":1,\"name\":\"In\u00edcio\",\"item\":\"https:\\\/\\\/lovme.pt\\\/\"},{\"@type\":\"ListItem\",\"position\":2,\"name\":\"Loja\",\"item\":\"https:\\\/\\\/lovme.pt\\\/index.php\\\/loja\\\/\"},{\"@type\":\"ListItem\",\"position\":3,\"name\":\"GET REAL &#8211; VIBRADOR ROXO ORIGINAL CLSSICO\"}]},{\"@type\":\"WebSite\",\"@id\":\"https:\\\/\\\/lovme.pt\\\/#website\",\"url\":\"https:\\\/\\\/lovme.pt\\\/\",\"name\":\"Lovme Loja Er\u00f3tica N\u00ba1 em Portugal\",\"description\":\"A melhor loja er\u00f3tica de Portugal.\",\"alternateName\":\"Loja Er\u00f3tica Lovme\",\"potentialAction\":[{\"@type\":\"SearchAction\",\"target\":{\"@type\":\"EntryPoint\",\"urlTemplate\":\"https:\\\/\\\/lovme.pt\\\/?s={search_term_string}\"},\"query-input\":{\"@type\":\"PropertyValueSpecification\",\"valueRequired\":true,\"valueName\":\"search_term_string\"}}],\"inLanguage\":\"pt-PT\"}]}<\/script>\n<!-- \/ Yoast SEO plugin. -->","yoast_head_json":{"title":"GET REAL - VIBRADOR ROXO ORIGINAL CLSSICO - Lovme","robots":{"index":"index","follow":"follow","max-snippet":"max-snippet:-1","max-image-preview":"max-image-preview:large","max-video-preview":"max-video-preview:-1"},"canonical":"https:\/\/lovme.pt\/index.php\/produto\/get-real-vibrador-roxo-original-clssico\/","og_locale":"pt_PT","og_type":"article","og_title":"GET REAL - VIBRADOR ROXO ORIGINAL CLSSICO - Lovme","og_description":"GET REAL - VIBRADOR ROXO ORIGINAL CLSSICO","og_url":"https:\/\/lovme.pt\/index.php\/produto\/get-real-vibrador-roxo-original-clssico\/","og_site_name":"Lovme","article_modified_time":"2026-02-19T20:06:21+00:00","og_image":[{"width":800,"height":800,"url":"https:\/\/erki24nd3ub.exactdn.com\/wp-content\/uploads\/dream\/img\/img_140302_b7f4e1ea3199ae03a3a69d9ef8c6076e_1.jpg?strip=all","type":"image\/jpeg"}],"twitter_card":"summary_large_image","twitter_misc":{"Tempo estimado de leitura":"1 minuto"},"schema":{"@context":"https:\/\/schema.org","@graph":[{"@type":"WebPage","@id":"https:\/\/lovme.pt\/index.php\/produto\/get-real-vibrador-roxo-original-clssico\/","url":"https:\/\/lovme.pt\/index.php\/produto\/get-real-vibrador-roxo-original-clssico\/","name":"GET REAL - VIBRADOR ROXO ORIGINAL CLSSICO - Lovme","isPartOf":{"@id":"https:\/\/lovme.pt\/#website"},"primaryImageOfPage":{"@id":"https:\/\/lovme.pt\/index.php\/produto\/get-real-vibrador-roxo-original-clssico\/#primaryimage"},"image":{"@id":"https:\/\/lovme.pt\/index.php\/produto\/get-real-vibrador-roxo-original-clssico\/#primaryimage"},"thumbnailUrl":"https:\/\/erki24nd3ub.exactdn.com\/wp-content\/uploads\/dream\/img\/img_140302_b7f4e1ea3199ae03a3a69d9ef8c6076e_1.jpg?strip=all","datePublished":"2025-09-30T10:03:13+00:00","dateModified":"2026-02-19T20:06:21+00:00","breadcrumb":{"@id":"https:\/\/lovme.pt\/index.php\/produto\/get-real-vibrador-roxo-original-clssico\/#breadcrumb"},"inLanguage":"pt-PT","potentialAction":[{"@type":"ReadAction","target":["https:\/\/lovme.pt\/index.php\/produto\/get-real-vibrador-roxo-original-clssico\/"]}]},{"@type":"ImageObject","inLanguage":"pt-PT","@id":"https:\/\/lovme.pt\/index.php\/produto\/get-real-vibrador-roxo-original-clssico\/#primaryimage","url":"https:\/\/erki24nd3ub.exactdn.com\/wp-content\/uploads\/dream\/img\/img_140302_b7f4e1ea3199ae03a3a69d9ef8c6076e_1.jpg?strip=all","contentUrl":"https:\/\/erki24nd3ub.exactdn.com\/wp-content\/uploads\/dream\/img\/img_140302_b7f4e1ea3199ae03a3a69d9ef8c6076e_1.jpg?strip=all","width":800,"height":800},{"@type":"BreadcrumbList","@id":"https:\/\/lovme.pt\/index.php\/produto\/get-real-vibrador-roxo-original-clssico\/#breadcrumb","itemListElement":[{"@type":"ListItem","position":1,"name":"In\u00edcio","item":"https:\/\/lovme.pt\/"},{"@type":"ListItem","position":2,"name":"Loja","item":"https:\/\/lovme.pt\/index.php\/loja\/"},{"@type":"ListItem","position":3,"name":"GET REAL &#8211; VIBRADOR ROXO ORIGINAL CLSSICO"}]},{"@type":"WebSite","@id":"https:\/\/lovme.pt\/#website","url":"https:\/\/lovme.pt\/","name":"Lovme Loja Er\u00f3tica N\u00ba1 em Portugal","description":"A melhor loja er\u00f3tica de Portugal.","alternateName":"Loja Er\u00f3tica Lovme","potentialAction":[{"@type":"SearchAction","target":{"@type":"EntryPoint","urlTemplate":"https:\/\/lovme.pt\/?s={search_term_string}"},"query-input":{"@type":"PropertyValueSpecification","valueRequired":true,"valueName":"search_term_string"}}],"inLanguage":"pt-PT"}]}},"_links":{"self":[{"href":"https:\/\/lovme.pt\/index.php\/wp-json\/wp\/v2\/product\/42706","targetHints":{"allow":["GET"]}}],"collection":[{"href":"https:\/\/lovme.pt\/index.php\/wp-json\/wp\/v2\/product"}],"about":[{"href":"https:\/\/lovme.pt\/index.php\/wp-json\/wp\/v2\/types\/product"}],"wp:featuredmedia":[{"embeddable":true,"href":"https:\/\/lovme.pt\/index.php\/wp-json\/wp\/v2\/media\/61565"}],"wp:attachment":[{"href":"https:\/\/lovme.pt\/index.php\/wp-json\/wp\/v2\/media?parent=42706"}],"wp:term":[{"taxonomy":"product_brand","embeddable":true,"href":"https:\/\/lovme.pt\/index.php\/wp-json\/wp\/v2\/product_brand?post=42706"},{"taxonomy":"product_cat","embeddable":true,"href":"https:\/\/lovme.pt\/index.php\/wp-json\/wp\/v2\/product_cat?post=42706"},{"taxonomy":"product_tag","embeddable":true,"href":"https:\/\/lovme.pt\/index.php\/wp-json\/wp\/v2\/product_tag?post=42706"}],"curies":[{"name":"wp","href":"https:\/\/api.w.org\/{rel}","templated":true}]}}