{"id":42666,"date":"2025-10-01T02:35:51","date_gmt":"2025-10-01T02:35:51","guid":{"rendered":"https:\/\/lovme.pt\/?post_type=product&p=42666"},"modified":"2026-05-13T16:16:47","modified_gmt":"2026-05-13T16:16:47","slug":"satisfyer-estimulador-de-pulso-de-ar-orca-vibrao","status":"publish","type":"product","link":"https:\/\/lovme.pt\/index.php\/produto\/satisfyer-estimulador-de-pulso-de-ar-orca-vibrao\/","title":{"rendered":"SATISFYER &#8211; ESTIMULADOR DE PULSO DE AR ORCA + VIBRAO"},"content":{"rendered":"<p>Nosso maravilhoso vibrador Orca estimula voc\u00ea em seus pontos mais sens\u00edveis com vibra\u00e7\u00f5es poderosas e ondas de press\u00e3o sensuais: 2 motores potentes tornam isso poss\u00edvel.<\/p>\n<p>Sugador de clit\u00f3ris recarreg\u00e1vel pequeno, elegante e intenso e vibrador com diferentes intensidades. Possui um bocal menor em compara\u00e7\u00e3o com as demais ventosas da marca feitas de silicone macio. Incorpora 11 n\u00edveis de suc\u00e7\u00e3o e 10 vibra\u00e7\u00f5es indicadas por uma luz LED. Possui motores independentes para que possam ser utilizados separadamente. \u00c9 totalmente submers\u00edvel, podendo ser utilizado no duche ou na banheira.<\/p>\n<p>\u00a0<\/p>\n<ul>\n<li>Resistente \u00e0 \u00e1gua (IPX7).<\/li>\n<li>Feito de silicone m\u00e9dico.<\/li>\n<li>Os programas podem ser controlados separadamente.<\/li>\n<li>Peso 115g<\/li>\n<li>Comprimento 115mm<\/li>\n<li>largura 56 mm<\/li>\n<li>altura 49mm<\/li>\n<li>Silicone, pl\u00e1stico ABS<\/li>\n<li>cor preto, branco<\/li>\n<li>Bateria 1x bateria recarreg\u00e1vel<\/li>\n<\/ul>\n","protected":false},"excerpt":{"rendered":"<p>SATISFYER &#8211; ESTIMULADOR DE PULSO DE AR ORCA + VIBRAO<\/p>\n","protected":false},"featured_media":97941,"template":"","meta":{"_acf_changed":false},"product_brand":[],"product_cat":[17,61,64,76],"product_tag":[],"class_list":{"0":"post-42666","1":"product","2":"type-product","3":"status-publish","4":"has-post-thumbnail","6":"product_cat-brinquedos-de-bem-estar-sexual","7":"product_cat-para-elas","8":"product_cat-sugadores","9":"product_cat-vibradores","10":"yith_product_brand-satisfyer","11":"yith_product_brand-satisfyer-satisfyer-air-pulse","13":"first","14":"outofstock","15":"taxable","16":"shipping-taxable","17":"purchasable","18":"product-type-simple"},"acf":[],"yoast_head":"<!-- This site is optimized with the Yoast SEO plugin v27.4 - https:\/\/yoast.com\/product\/yoast-seo-wordpress\/ -->\n<title>SATISFYER - ESTIMULADOR DE PULSO DE AR ORCA + VIBRAO - Lovme<\/title>\n<meta name=\"robots\" content=\"index, follow, max-snippet:-1, max-image-preview:large, max-video-preview:-1\" \/>\n<link rel=\"canonical\" href=\"https:\/\/lovme.pt\/index.php\/produto\/satisfyer-estimulador-de-pulso-de-ar-orca-vibrao\/\" \/>\n<meta property=\"og:locale\" content=\"pt_PT\" \/>\n<meta property=\"og:type\" content=\"article\" \/>\n<meta property=\"og:title\" content=\"SATISFYER - ESTIMULADOR DE PULSO DE AR ORCA + VIBRAO - Lovme\" \/>\n<meta property=\"og:description\" content=\"SATISFYER - ESTIMULADOR DE PULSO DE AR ORCA + VIBRAO\" \/>\n<meta property=\"og:url\" content=\"https:\/\/lovme.pt\/index.php\/produto\/satisfyer-estimulador-de-pulso-de-ar-orca-vibrao\/\" \/>\n<meta property=\"og:site_name\" content=\"Lovme\" \/>\n<meta property=\"article:modified_time\" content=\"2026-05-13T16:16:47+00:00\" \/>\n<meta property=\"og:image\" content=\"https:\/\/erki24nd3ub.exactdn.com\/wp-content\/uploads\/dream\/img\/img_139938_68f7c7318775648314f3f4bd07dd2b7d_1.jpg?strip=all\" \/>\n\t<meta property=\"og:image:width\" content=\"800\" \/>\n\t<meta property=\"og:image:height\" content=\"800\" \/>\n\t<meta property=\"og:image:type\" content=\"image\/jpeg\" \/>\n<meta name=\"twitter:card\" content=\"summary_large_image\" \/>\n<meta name=\"twitter:label1\" content=\"Tempo estimado de leitura\" \/>\n\t<meta name=\"twitter:data1\" content=\"1 minuto\" \/>\n<script type=\"application\/ld+json\" class=\"yoast-schema-graph\">{\"@context\":\"https:\\\/\\\/schema.org\",\"@graph\":[{\"@type\":\"WebPage\",\"@id\":\"https:\\\/\\\/lovme.pt\\\/index.php\\\/produto\\\/satisfyer-estimulador-de-pulso-de-ar-orca-vibrao\\\/\",\"url\":\"https:\\\/\\\/lovme.pt\\\/index.php\\\/produto\\\/satisfyer-estimulador-de-pulso-de-ar-orca-vibrao\\\/\",\"name\":\"SATISFYER - ESTIMULADOR DE PULSO DE AR ORCA + VIBRAO - Lovme\",\"isPartOf\":{\"@id\":\"https:\\\/\\\/lovme.pt\\\/#website\"},\"primaryImageOfPage\":{\"@id\":\"https:\\\/\\\/lovme.pt\\\/index.php\\\/produto\\\/satisfyer-estimulador-de-pulso-de-ar-orca-vibrao\\\/#primaryimage\"},\"image\":{\"@id\":\"https:\\\/\\\/lovme.pt\\\/index.php\\\/produto\\\/satisfyer-estimulador-de-pulso-de-ar-orca-vibrao\\\/#primaryimage\"},\"thumbnailUrl\":\"https:\\\/\\\/erki24nd3ub.exactdn.com\\\/wp-content\\\/uploads\\\/dream\\\/img\\\/img_139938_68f7c7318775648314f3f4bd07dd2b7d_1.jpg?strip=all\",\"datePublished\":\"2025-10-01T02:35:51+00:00\",\"dateModified\":\"2026-05-13T16:16:47+00:00\",\"breadcrumb\":{\"@id\":\"https:\\\/\\\/lovme.pt\\\/index.php\\\/produto\\\/satisfyer-estimulador-de-pulso-de-ar-orca-vibrao\\\/#breadcrumb\"},\"inLanguage\":\"pt-PT\",\"potentialAction\":[{\"@type\":\"ReadAction\",\"target\":[\"https:\\\/\\\/lovme.pt\\\/index.php\\\/produto\\\/satisfyer-estimulador-de-pulso-de-ar-orca-vibrao\\\/\"]}]},{\"@type\":\"ImageObject\",\"inLanguage\":\"pt-PT\",\"@id\":\"https:\\\/\\\/lovme.pt\\\/index.php\\\/produto\\\/satisfyer-estimulador-de-pulso-de-ar-orca-vibrao\\\/#primaryimage\",\"url\":\"https:\\\/\\\/erki24nd3ub.exactdn.com\\\/wp-content\\\/uploads\\\/dream\\\/img\\\/img_139938_68f7c7318775648314f3f4bd07dd2b7d_1.jpg?strip=all\",\"contentUrl\":\"https:\\\/\\\/erki24nd3ub.exactdn.com\\\/wp-content\\\/uploads\\\/dream\\\/img\\\/img_139938_68f7c7318775648314f3f4bd07dd2b7d_1.jpg?strip=all\",\"width\":800,\"height\":800},{\"@type\":\"BreadcrumbList\",\"@id\":\"https:\\\/\\\/lovme.pt\\\/index.php\\\/produto\\\/satisfyer-estimulador-de-pulso-de-ar-orca-vibrao\\\/#breadcrumb\",\"itemListElement\":[{\"@type\":\"ListItem\",\"position\":1,\"name\":\"In\u00edcio\",\"item\":\"https:\\\/\\\/lovme.pt\\\/\"},{\"@type\":\"ListItem\",\"position\":2,\"name\":\"Loja\",\"item\":\"https:\\\/\\\/lovme.pt\\\/index.php\\\/loja\\\/\"},{\"@type\":\"ListItem\",\"position\":3,\"name\":\"SATISFYER &#8211; ESTIMULADOR DE PULSO DE AR ORCA + VIBRAO\"}]},{\"@type\":\"WebSite\",\"@id\":\"https:\\\/\\\/lovme.pt\\\/#website\",\"url\":\"https:\\\/\\\/lovme.pt\\\/\",\"name\":\"Lovme Loja Er\u00f3tica N\u00ba1 em Portugal\",\"description\":\"A melhor loja er\u00f3tica de Portugal.\",\"alternateName\":\"Loja Er\u00f3tica Lovme\",\"potentialAction\":[{\"@type\":\"SearchAction\",\"target\":{\"@type\":\"EntryPoint\",\"urlTemplate\":\"https:\\\/\\\/lovme.pt\\\/?s={search_term_string}\"},\"query-input\":{\"@type\":\"PropertyValueSpecification\",\"valueRequired\":true,\"valueName\":\"search_term_string\"}}],\"inLanguage\":\"pt-PT\"}]}<\/script>\n<!-- \/ Yoast SEO plugin. -->","yoast_head_json":{"title":"SATISFYER - ESTIMULADOR DE PULSO DE AR ORCA + VIBRAO - Lovme","robots":{"index":"index","follow":"follow","max-snippet":"max-snippet:-1","max-image-preview":"max-image-preview:large","max-video-preview":"max-video-preview:-1"},"canonical":"https:\/\/lovme.pt\/index.php\/produto\/satisfyer-estimulador-de-pulso-de-ar-orca-vibrao\/","og_locale":"pt_PT","og_type":"article","og_title":"SATISFYER - ESTIMULADOR DE PULSO DE AR ORCA + VIBRAO - Lovme","og_description":"SATISFYER - ESTIMULADOR DE PULSO DE AR ORCA + VIBRAO","og_url":"https:\/\/lovme.pt\/index.php\/produto\/satisfyer-estimulador-de-pulso-de-ar-orca-vibrao\/","og_site_name":"Lovme","article_modified_time":"2026-05-13T16:16:47+00:00","og_image":[{"width":800,"height":800,"url":"https:\/\/erki24nd3ub.exactdn.com\/wp-content\/uploads\/dream\/img\/img_139938_68f7c7318775648314f3f4bd07dd2b7d_1.jpg?strip=all","type":"image\/jpeg"}],"twitter_card":"summary_large_image","twitter_misc":{"Tempo estimado de leitura":"1 minuto"},"schema":{"@context":"https:\/\/schema.org","@graph":[{"@type":"WebPage","@id":"https:\/\/lovme.pt\/index.php\/produto\/satisfyer-estimulador-de-pulso-de-ar-orca-vibrao\/","url":"https:\/\/lovme.pt\/index.php\/produto\/satisfyer-estimulador-de-pulso-de-ar-orca-vibrao\/","name":"SATISFYER - ESTIMULADOR DE PULSO DE AR ORCA + VIBRAO - Lovme","isPartOf":{"@id":"https:\/\/lovme.pt\/#website"},"primaryImageOfPage":{"@id":"https:\/\/lovme.pt\/index.php\/produto\/satisfyer-estimulador-de-pulso-de-ar-orca-vibrao\/#primaryimage"},"image":{"@id":"https:\/\/lovme.pt\/index.php\/produto\/satisfyer-estimulador-de-pulso-de-ar-orca-vibrao\/#primaryimage"},"thumbnailUrl":"https:\/\/erki24nd3ub.exactdn.com\/wp-content\/uploads\/dream\/img\/img_139938_68f7c7318775648314f3f4bd07dd2b7d_1.jpg?strip=all","datePublished":"2025-10-01T02:35:51+00:00","dateModified":"2026-05-13T16:16:47+00:00","breadcrumb":{"@id":"https:\/\/lovme.pt\/index.php\/produto\/satisfyer-estimulador-de-pulso-de-ar-orca-vibrao\/#breadcrumb"},"inLanguage":"pt-PT","potentialAction":[{"@type":"ReadAction","target":["https:\/\/lovme.pt\/index.php\/produto\/satisfyer-estimulador-de-pulso-de-ar-orca-vibrao\/"]}]},{"@type":"ImageObject","inLanguage":"pt-PT","@id":"https:\/\/lovme.pt\/index.php\/produto\/satisfyer-estimulador-de-pulso-de-ar-orca-vibrao\/#primaryimage","url":"https:\/\/erki24nd3ub.exactdn.com\/wp-content\/uploads\/dream\/img\/img_139938_68f7c7318775648314f3f4bd07dd2b7d_1.jpg?strip=all","contentUrl":"https:\/\/erki24nd3ub.exactdn.com\/wp-content\/uploads\/dream\/img\/img_139938_68f7c7318775648314f3f4bd07dd2b7d_1.jpg?strip=all","width":800,"height":800},{"@type":"BreadcrumbList","@id":"https:\/\/lovme.pt\/index.php\/produto\/satisfyer-estimulador-de-pulso-de-ar-orca-vibrao\/#breadcrumb","itemListElement":[{"@type":"ListItem","position":1,"name":"In\u00edcio","item":"https:\/\/lovme.pt\/"},{"@type":"ListItem","position":2,"name":"Loja","item":"https:\/\/lovme.pt\/index.php\/loja\/"},{"@type":"ListItem","position":3,"name":"SATISFYER &#8211; ESTIMULADOR DE PULSO DE AR ORCA + VIBRAO"}]},{"@type":"WebSite","@id":"https:\/\/lovme.pt\/#website","url":"https:\/\/lovme.pt\/","name":"Lovme Loja Er\u00f3tica N\u00ba1 em Portugal","description":"A melhor loja er\u00f3tica de Portugal.","alternateName":"Loja Er\u00f3tica Lovme","potentialAction":[{"@type":"SearchAction","target":{"@type":"EntryPoint","urlTemplate":"https:\/\/lovme.pt\/?s={search_term_string}"},"query-input":{"@type":"PropertyValueSpecification","valueRequired":true,"valueName":"search_term_string"}}],"inLanguage":"pt-PT"}]}},"_links":{"self":[{"href":"https:\/\/lovme.pt\/index.php\/wp-json\/wp\/v2\/product\/42666","targetHints":{"allow":["GET"]}}],"collection":[{"href":"https:\/\/lovme.pt\/index.php\/wp-json\/wp\/v2\/product"}],"about":[{"href":"https:\/\/lovme.pt\/index.php\/wp-json\/wp\/v2\/types\/product"}],"wp:featuredmedia":[{"embeddable":true,"href":"https:\/\/lovme.pt\/index.php\/wp-json\/wp\/v2\/media\/97941"}],"wp:attachment":[{"href":"https:\/\/lovme.pt\/index.php\/wp-json\/wp\/v2\/media?parent=42666"}],"wp:term":[{"taxonomy":"product_brand","embeddable":true,"href":"https:\/\/lovme.pt\/index.php\/wp-json\/wp\/v2\/product_brand?post=42666"},{"taxonomy":"product_cat","embeddable":true,"href":"https:\/\/lovme.pt\/index.php\/wp-json\/wp\/v2\/product_cat?post=42666"},{"taxonomy":"product_tag","embeddable":true,"href":"https:\/\/lovme.pt\/index.php\/wp-json\/wp\/v2\/product_tag?post=42666"}],"curies":[{"name":"wp","href":"https:\/\/api.w.org\/{rel}","templated":true}]}}