{"id":42552,"date":"2025-09-30T09:53:51","date_gmt":"2025-09-30T09:53:51","guid":{"rendered":"https:\/\/lovme.pt\/?post_type=product&p=42552"},"modified":"2026-02-19T20:05:54","modified_gmt":"2026-02-19T20:05:54","slug":"kheper-games-boobs-boners-card-game-pt","status":"publish","type":"product","link":"https:\/\/lovme.pt\/index.php\/produto\/kheper-games-boobs-boners-card-game-pt\/","title":{"rendered":"KHEPER GAMES &#8211; BOOBS  BONERS CARD GAME \/PT"},"content":{"rendered":"<p>Desfrute de perguntas de verdade escandalosas, desafios e tarefas de bebida com o hilariante jogo de bebida em ritmo acelerado! Os jogadores rapidamente viram as cartas em um esfor\u00e7o para combinar cartas de peitos, ere\u00e7\u00f5es ou bundas com outros jogadores. Ao ganhar cartas, voc\u00ea tamb\u00e9m pode atribuir tarefas de verdades, desafios e bebidas! O vencedor \u00e9 o \u00faltimo jogador que resta com cartas.<\/p>\n","protected":false},"excerpt":{"rendered":"<p>KHEPER GAMES &#8211; BOOBS  BONERS CARD GAME \/PT<\/p>\n","protected":false},"featured_media":59030,"template":"","meta":{"_acf_changed":false},"product_brand":[],"product_cat":[69],"product_tag":[],"class_list":{"0":"post-42552","1":"product","2":"type-product","3":"status-publish","4":"has-post-thumbnail","6":"product_cat-jogos-eroticos","7":"yith_product_brand-kheper-games","9":"first","10":"instock","11":"taxable","12":"shipping-taxable","13":"purchasable","14":"product-type-simple"},"acf":[],"yoast_head":"<!-- This site is optimized with the Yoast SEO plugin v27.4 - https:\/\/yoast.com\/product\/yoast-seo-wordpress\/ -->\n<title>KHEPER GAMES - BOOBS BONERS CARD GAME \/PT - Lovme<\/title>\n<meta name=\"robots\" content=\"index, follow, max-snippet:-1, max-image-preview:large, max-video-preview:-1\" \/>\n<link rel=\"canonical\" href=\"https:\/\/lovme.pt\/index.php\/produto\/kheper-games-boobs-boners-card-game-pt\/\" \/>\n<meta property=\"og:locale\" content=\"pt_PT\" \/>\n<meta property=\"og:type\" content=\"article\" \/>\n<meta property=\"og:title\" content=\"KHEPER GAMES - BOOBS BONERS CARD GAME \/PT - Lovme\" \/>\n<meta property=\"og:description\" content=\"KHEPER GAMES - BOOBS BONERS CARD GAME \/PT\" \/>\n<meta property=\"og:url\" content=\"https:\/\/lovme.pt\/index.php\/produto\/kheper-games-boobs-boners-card-game-pt\/\" \/>\n<meta property=\"og:site_name\" content=\"Lovme\" \/>\n<meta property=\"article:modified_time\" content=\"2026-02-19T20:05:54+00:00\" \/>\n<meta property=\"og:image\" content=\"https:\/\/erki24nd3ub.exactdn.com\/wp-content\/uploads\/dream\/img\/img_139338_9e211d636ae482504f36cf114ce4e0b9_1.jpg?strip=all\" \/>\n\t<meta property=\"og:image:width\" content=\"800\" \/>\n\t<meta property=\"og:image:height\" content=\"800\" \/>\n\t<meta property=\"og:image:type\" content=\"image\/jpeg\" \/>\n<meta name=\"twitter:card\" content=\"summary_large_image\" \/>\n<script type=\"application\/ld+json\" class=\"yoast-schema-graph\">{\"@context\":\"https:\\\/\\\/schema.org\",\"@graph\":[{\"@type\":\"WebPage\",\"@id\":\"https:\\\/\\\/lovme.pt\\\/index.php\\\/produto\\\/kheper-games-boobs-boners-card-game-pt\\\/\",\"url\":\"https:\\\/\\\/lovme.pt\\\/index.php\\\/produto\\\/kheper-games-boobs-boners-card-game-pt\\\/\",\"name\":\"KHEPER GAMES - BOOBS BONERS CARD GAME \\\/PT - Lovme\",\"isPartOf\":{\"@id\":\"https:\\\/\\\/lovme.pt\\\/#website\"},\"primaryImageOfPage\":{\"@id\":\"https:\\\/\\\/lovme.pt\\\/index.php\\\/produto\\\/kheper-games-boobs-boners-card-game-pt\\\/#primaryimage\"},\"image\":{\"@id\":\"https:\\\/\\\/lovme.pt\\\/index.php\\\/produto\\\/kheper-games-boobs-boners-card-game-pt\\\/#primaryimage\"},\"thumbnailUrl\":\"https:\\\/\\\/erki24nd3ub.exactdn.com\\\/wp-content\\\/uploads\\\/dream\\\/img\\\/img_139338_9e211d636ae482504f36cf114ce4e0b9_1.jpg?strip=all\",\"datePublished\":\"2025-09-30T09:53:51+00:00\",\"dateModified\":\"2026-02-19T20:05:54+00:00\",\"breadcrumb\":{\"@id\":\"https:\\\/\\\/lovme.pt\\\/index.php\\\/produto\\\/kheper-games-boobs-boners-card-game-pt\\\/#breadcrumb\"},\"inLanguage\":\"pt-PT\",\"potentialAction\":[{\"@type\":\"ReadAction\",\"target\":[\"https:\\\/\\\/lovme.pt\\\/index.php\\\/produto\\\/kheper-games-boobs-boners-card-game-pt\\\/\"]}]},{\"@type\":\"ImageObject\",\"inLanguage\":\"pt-PT\",\"@id\":\"https:\\\/\\\/lovme.pt\\\/index.php\\\/produto\\\/kheper-games-boobs-boners-card-game-pt\\\/#primaryimage\",\"url\":\"https:\\\/\\\/erki24nd3ub.exactdn.com\\\/wp-content\\\/uploads\\\/dream\\\/img\\\/img_139338_9e211d636ae482504f36cf114ce4e0b9_1.jpg?strip=all\",\"contentUrl\":\"https:\\\/\\\/erki24nd3ub.exactdn.com\\\/wp-content\\\/uploads\\\/dream\\\/img\\\/img_139338_9e211d636ae482504f36cf114ce4e0b9_1.jpg?strip=all\",\"width\":800,\"height\":800},{\"@type\":\"BreadcrumbList\",\"@id\":\"https:\\\/\\\/lovme.pt\\\/index.php\\\/produto\\\/kheper-games-boobs-boners-card-game-pt\\\/#breadcrumb\",\"itemListElement\":[{\"@type\":\"ListItem\",\"position\":1,\"name\":\"In\u00edcio\",\"item\":\"https:\\\/\\\/lovme.pt\\\/\"},{\"@type\":\"ListItem\",\"position\":2,\"name\":\"Loja\",\"item\":\"https:\\\/\\\/lovme.pt\\\/index.php\\\/loja\\\/\"},{\"@type\":\"ListItem\",\"position\":3,\"name\":\"KHEPER GAMES &#8211; BOOBS BONERS CARD GAME \\\/PT\"}]},{\"@type\":\"WebSite\",\"@id\":\"https:\\\/\\\/lovme.pt\\\/#website\",\"url\":\"https:\\\/\\\/lovme.pt\\\/\",\"name\":\"Lovme Loja Er\u00f3tica N\u00ba1 em Portugal\",\"description\":\"A melhor loja er\u00f3tica de Portugal.\",\"alternateName\":\"Loja Er\u00f3tica Lovme\",\"potentialAction\":[{\"@type\":\"SearchAction\",\"target\":{\"@type\":\"EntryPoint\",\"urlTemplate\":\"https:\\\/\\\/lovme.pt\\\/?s={search_term_string}\"},\"query-input\":{\"@type\":\"PropertyValueSpecification\",\"valueRequired\":true,\"valueName\":\"search_term_string\"}}],\"inLanguage\":\"pt-PT\"}]}<\/script>\n<!-- \/ Yoast SEO plugin. -->","yoast_head_json":{"title":"KHEPER GAMES - BOOBS BONERS CARD GAME \/PT - Lovme","robots":{"index":"index","follow":"follow","max-snippet":"max-snippet:-1","max-image-preview":"max-image-preview:large","max-video-preview":"max-video-preview:-1"},"canonical":"https:\/\/lovme.pt\/index.php\/produto\/kheper-games-boobs-boners-card-game-pt\/","og_locale":"pt_PT","og_type":"article","og_title":"KHEPER GAMES - BOOBS BONERS CARD GAME \/PT - Lovme","og_description":"KHEPER GAMES - BOOBS BONERS CARD GAME \/PT","og_url":"https:\/\/lovme.pt\/index.php\/produto\/kheper-games-boobs-boners-card-game-pt\/","og_site_name":"Lovme","article_modified_time":"2026-02-19T20:05:54+00:00","og_image":[{"width":800,"height":800,"url":"https:\/\/erki24nd3ub.exactdn.com\/wp-content\/uploads\/dream\/img\/img_139338_9e211d636ae482504f36cf114ce4e0b9_1.jpg?strip=all","type":"image\/jpeg"}],"twitter_card":"summary_large_image","schema":{"@context":"https:\/\/schema.org","@graph":[{"@type":"WebPage","@id":"https:\/\/lovme.pt\/index.php\/produto\/kheper-games-boobs-boners-card-game-pt\/","url":"https:\/\/lovme.pt\/index.php\/produto\/kheper-games-boobs-boners-card-game-pt\/","name":"KHEPER GAMES - BOOBS BONERS CARD GAME \/PT - Lovme","isPartOf":{"@id":"https:\/\/lovme.pt\/#website"},"primaryImageOfPage":{"@id":"https:\/\/lovme.pt\/index.php\/produto\/kheper-games-boobs-boners-card-game-pt\/#primaryimage"},"image":{"@id":"https:\/\/lovme.pt\/index.php\/produto\/kheper-games-boobs-boners-card-game-pt\/#primaryimage"},"thumbnailUrl":"https:\/\/erki24nd3ub.exactdn.com\/wp-content\/uploads\/dream\/img\/img_139338_9e211d636ae482504f36cf114ce4e0b9_1.jpg?strip=all","datePublished":"2025-09-30T09:53:51+00:00","dateModified":"2026-02-19T20:05:54+00:00","breadcrumb":{"@id":"https:\/\/lovme.pt\/index.php\/produto\/kheper-games-boobs-boners-card-game-pt\/#breadcrumb"},"inLanguage":"pt-PT","potentialAction":[{"@type":"ReadAction","target":["https:\/\/lovme.pt\/index.php\/produto\/kheper-games-boobs-boners-card-game-pt\/"]}]},{"@type":"ImageObject","inLanguage":"pt-PT","@id":"https:\/\/lovme.pt\/index.php\/produto\/kheper-games-boobs-boners-card-game-pt\/#primaryimage","url":"https:\/\/erki24nd3ub.exactdn.com\/wp-content\/uploads\/dream\/img\/img_139338_9e211d636ae482504f36cf114ce4e0b9_1.jpg?strip=all","contentUrl":"https:\/\/erki24nd3ub.exactdn.com\/wp-content\/uploads\/dream\/img\/img_139338_9e211d636ae482504f36cf114ce4e0b9_1.jpg?strip=all","width":800,"height":800},{"@type":"BreadcrumbList","@id":"https:\/\/lovme.pt\/index.php\/produto\/kheper-games-boobs-boners-card-game-pt\/#breadcrumb","itemListElement":[{"@type":"ListItem","position":1,"name":"In\u00edcio","item":"https:\/\/lovme.pt\/"},{"@type":"ListItem","position":2,"name":"Loja","item":"https:\/\/lovme.pt\/index.php\/loja\/"},{"@type":"ListItem","position":3,"name":"KHEPER GAMES &#8211; BOOBS BONERS CARD GAME \/PT"}]},{"@type":"WebSite","@id":"https:\/\/lovme.pt\/#website","url":"https:\/\/lovme.pt\/","name":"Lovme Loja Er\u00f3tica N\u00ba1 em Portugal","description":"A melhor loja er\u00f3tica de Portugal.","alternateName":"Loja Er\u00f3tica Lovme","potentialAction":[{"@type":"SearchAction","target":{"@type":"EntryPoint","urlTemplate":"https:\/\/lovme.pt\/?s={search_term_string}"},"query-input":{"@type":"PropertyValueSpecification","valueRequired":true,"valueName":"search_term_string"}}],"inLanguage":"pt-PT"}]}},"_links":{"self":[{"href":"https:\/\/lovme.pt\/index.php\/wp-json\/wp\/v2\/product\/42552","targetHints":{"allow":["GET"]}}],"collection":[{"href":"https:\/\/lovme.pt\/index.php\/wp-json\/wp\/v2\/product"}],"about":[{"href":"https:\/\/lovme.pt\/index.php\/wp-json\/wp\/v2\/types\/product"}],"wp:featuredmedia":[{"embeddable":true,"href":"https:\/\/lovme.pt\/index.php\/wp-json\/wp\/v2\/media\/59030"}],"wp:attachment":[{"href":"https:\/\/lovme.pt\/index.php\/wp-json\/wp\/v2\/media?parent=42552"}],"wp:term":[{"taxonomy":"product_brand","embeddable":true,"href":"https:\/\/lovme.pt\/index.php\/wp-json\/wp\/v2\/product_brand?post=42552"},{"taxonomy":"product_cat","embeddable":true,"href":"https:\/\/lovme.pt\/index.php\/wp-json\/wp\/v2\/product_cat?post=42552"},{"taxonomy":"product_tag","embeddable":true,"href":"https:\/\/lovme.pt\/index.php\/wp-json\/wp\/v2\/product_tag?post=42552"}],"curies":[{"name":"wp","href":"https:\/\/api.w.org\/{rel}","templated":true}]}}