{"id":42482,"date":"2025-09-30T10:11:10","date_gmt":"2025-09-30T10:11:10","guid":{"rendered":"https:\/\/lovme.pt\/?post_type=product&#038;p=42482"},"modified":"2026-02-19T20:23:17","modified_gmt":"2026-02-19T20:23:17","slug":"lelo-anel-vibrador-violeta-tor-3","status":"publish","type":"product","link":"https:\/\/lovme.pt\/index.php\/produto\/lelo-anel-vibrador-violeta-tor-3\/","title":{"rendered":"LELO &#8211; TOR 3 ANILLO VIBRADOR NEGRO"},"content":{"rendered":"<p>TOR\u2122 3 \u00e9 um anel vibrat\u00f3rio para casais que pode ser conectado ao nosso aplicativo. Cont\u00e9m mais modos e intensidades de prazer do que a gera\u00e7\u00e3o anterior. O seu corpo de silicone macio e biocompat\u00edvel adapta-se perfeitamente a todas as formas e tamanhos, e as suas vibra\u00e7\u00f5es s\u00e3o transmitidas a ambos os parceiros para melhorar as rela\u00e7\u00f5es \u00edntimas. \u00c9 compat\u00edvel com o aplicativo LELO via Bluetooth. Gra\u00e7as a ele, voc\u00ea pode personalizar sua experi\u00eancia para torn\u00e1-la \u00fanica e ter maior controle do seu dispositivo.<\/p>\n<p>\u00a0<\/p>\n<p><strong>CARACTER\u00cdSTICAS ESPECIAIS<\/strong><\/p>\n<p>O TOR\u2122 3 \u00e9 compat\u00edvel com o aplicativo LELO, permitindo que voc\u00ea desbloqueie mais modos de prazer e experimente diferentes intensidades para encontrar o seu ponto ideal. Al\u00e9m de oferecer uma maior variedade de op\u00e7\u00f5es ao jogar com seu TOR\u2122 3, o aplicativo LELO oferece muitos outros benef\u00edcios. \u00c9 uma plataforma multifuncional de bem-estar sexual dedicada \u00e0 sexualidade humana. Cont\u00e9m mais de 4.000 artigos, literatura er\u00f3tica v\u00edvida e valiosos conselhos sobre relacionamento.<\/p>\n<p><strong>8 MODOS DE VIBRA\u00c7\u00c3O PODEROSOS<\/strong><br \/>TOR\u2122 3 oferece 8 padr\u00f5es de vibra\u00e7\u00e3o com diferentes intensidades; desde toques suaves at\u00e9 pulsa\u00e7\u00f5es muito emocionantes.<\/p>\n<p><strong>SILICONE EXTRAMACIO<\/strong><br \/>Silicone de alta qualidade, ultramacio e quente ao toque para que voc\u00ea possa desfrutar de um prazer profundamente satisfat\u00f3rio e higi\u00eanico.<\/p>\n<p><strong>CONTROLADO POR APLICATIVO<\/strong><br \/>Conecte e controle seu dispositivo via Bluetooth para maior prazer.<\/p>\n<p>\u00a0<\/p>\n<p><strong>CARACTER\u00cdSTICAS:<\/strong><br \/>Materiais: Silicone seguro para o corpo e pl\u00e1stico ABS<br \/>Acabamento: liso<br \/>Tamanho: 46,7 x 22,2 x 60 mm<br \/>Di\u00e2metro: 29mm<br \/>Bateria: \u00edon de l\u00edtio 70 mAh 3,7 V<br \/>Carregamento: At\u00e9 2 horas a 5,0 V 70 mA<br \/>Pot\u00eancia nominal:<br \/>Entrada: 5V 0,35W<br \/>Sa\u00edda: 3,7 V 0,24 W<br \/>Tempo de uso: at\u00e9 1,5 horas<br \/>Espera: at\u00e9 90 dias<br \/>Frequ\u00eancia: 130 Hz<br \/>N\u00edvel m\u00e1ximo de ru\u00eddo: 60 dB<br \/>Interface: 2 bot\u00f5es<br \/>Modo de opera\u00e7\u00e3o: opera\u00e7\u00e3o cont\u00ednua<\/p>\n<p>\u00a0<\/p>\n<p><strong>INSTRU\u00c7\u00d5ES DE USO:<\/strong><\/p>\n<p><strong>COMO USAR SEU PRODUTO SEM O APLICATIVO LELO\u2122<\/strong><\/p>\n<ul>\n<li>Antes da primeira utiliza\u00e7\u00e3o, carregue seu TORTM 3 por 2 horas.<\/li>\n<li>Pressione o bot\u00e3o + para ligar o dispositivo.<\/li>\n<li>Uma vez ligado, pressione o bot\u00e3o + uma vez para aumentar a intensidade do motor (s\u00e3o 12 n\u00edveis no total).<\/li>\n<li>Pressione o bot\u00e3o + duas vezes para alterar o padr\u00e3o de opera\u00e7\u00e3o do motor (Modo).<\/li>\n<li>Pressione o bot\u00e3o &#8211; uma vez e por muito tempo para diminuir o n\u00edvel do motor para 0; o dispositivo ser\u00e1 desligado.<\/li>\n<li>Para deslig\u00e1-lo, voc\u00ea tamb\u00e9m pode pressionar os bot\u00f5es &#8211; e + enquanto o dispositivo estiver ligado.<\/li>\n<\/ul>\n<p><strong>COMO USAR SEU PRODUTO COM O APLICATIVO LELO\u2122<\/strong><\/p>\n<ul>\n<li>Antes da primeira utiliza\u00e7\u00e3o, carregue seu TORTM 3 por 2 horas.<\/li>\n<li>BAIXE A VERS\u00c3O PARA IOS OU ANDROID.<\/li>\n<li>Pressione o bot\u00e3o + para lig\u00e1-lo enquanto ativa o Bluetooth.<\/li>\n<li>Todas as luzes LED piscam simultaneamente para mostrar que est\u00e1 emparelhando via Bluetooth.<\/li>\n<li>Abra o aplicativo LELOTM e localize o \u00edcone do brinquedo na parte inferior da tela.<\/li>\n<li>Encontre seu TORTM 3 e selecione \u201cConectar\u201d. Pressione e segure o bot\u00e3o + no seu dispositivo.<\/li>\n<li>Para confirmar a conex\u00e3o, pressione novamente o bot\u00e3o + do seu dispositivo.<\/li>\n<li>V\u00e1 para \u201cMEUS LELO TOYS\u201d e selecione \u201cPLAY\u201d.<\/li>\n<li>Escolha entre tr\u00eas modos de controle diferentes.<\/li>\n<li>Selecione \u201cCONFIGURA\u00c7\u00d5ES\u201d para configurar modos adicionais.<\/li>\n<li>Se quiser salvar suas configura\u00e7\u00f5es para uso offline, toque em \u201cSALVAR\u201d na parte inferior da tela.<\/li>\n<li>Use o menu suspenso para definir o tempo padr\u00e3o de desligamento autom\u00e1tico de 10 a 20 minutos. Voc\u00ea pode verificar o n\u00edvel da bateria no canto superior esquerdo.<\/li>\n<\/ul>\n","protected":false},"excerpt":{"rendered":"<p>LELO &#8211; ANEL VIBRADOR VIOLETA TOR 4<\/p>\n","protected":false},"featured_media":63712,"template":"","meta":{"_acf_changed":false},"product_brand":[],"product_cat":[17,59,60],"product_tag":[],"class_list":{"0":"post-42482","1":"product","2":"type-product","3":"status-publish","4":"has-post-thumbnail","6":"product_cat-brinquedos-de-bem-estar-sexual","7":"product_cat-para-casais","8":"product_cat-para-eles","9":"yith_product_brand-lelo","11":"first","12":"instock","13":"taxable","14":"shipping-taxable","15":"purchasable","16":"product-type-variable","17":"has-default-attributes"},"acf":[],"yoast_head":"<!-- This site is optimized with the Yoast SEO plugin v27.4 - https:\/\/yoast.com\/product\/yoast-seo-wordpress\/ -->\n<title>LELO - TOR 3 ANILLO VIBRADOR NEGRO - Lovme<\/title>\n<meta name=\"robots\" content=\"index, follow, max-snippet:-1, max-image-preview:large, max-video-preview:-1\" \/>\n<link rel=\"canonical\" href=\"https:\/\/lovme.pt\/index.php\/produto\/lelo-anel-vibrador-violeta-tor-3\/\" \/>\n<meta property=\"og:locale\" content=\"pt_PT\" \/>\n<meta property=\"og:type\" content=\"article\" \/>\n<meta property=\"og:title\" content=\"LELO - TOR 3 ANILLO VIBRADOR NEGRO - Lovme\" \/>\n<meta property=\"og:description\" content=\"LELO - ANEL VIBRADOR VIOLETA TOR 4\" \/>\n<meta property=\"og:url\" content=\"https:\/\/lovme.pt\/index.php\/produto\/lelo-anel-vibrador-violeta-tor-3\/\" \/>\n<meta property=\"og:site_name\" content=\"Lovme\" \/>\n<meta property=\"article:modified_time\" content=\"2026-02-19T20:23:17+00:00\" \/>\n<meta property=\"og:image\" content=\"https:\/\/erki24nd3ub.exactdn.com\/wp-content\/uploads\/dream\/img\/img_142829_3e5b47f742f0f3608d2a0c5d67f7c175_1.jpg?strip=all\" \/>\n\t<meta property=\"og:image:width\" content=\"800\" \/>\n\t<meta property=\"og:image:height\" content=\"800\" \/>\n\t<meta property=\"og:image:type\" content=\"image\/jpeg\" \/>\n<meta name=\"twitter:card\" content=\"summary_large_image\" \/>\n<meta name=\"twitter:label1\" content=\"Tempo estimado de leitura\" \/>\n\t<meta name=\"twitter:data1\" content=\"3 minutos\" \/>\n<script type=\"application\/ld+json\" class=\"yoast-schema-graph\">{\"@context\":\"https:\\\/\\\/schema.org\",\"@graph\":[{\"@type\":\"WebPage\",\"@id\":\"https:\\\/\\\/lovme.pt\\\/index.php\\\/produto\\\/lelo-anel-vibrador-violeta-tor-3\\\/\",\"url\":\"https:\\\/\\\/lovme.pt\\\/index.php\\\/produto\\\/lelo-anel-vibrador-violeta-tor-3\\\/\",\"name\":\"LELO - TOR 3 ANILLO VIBRADOR NEGRO - Lovme\",\"isPartOf\":{\"@id\":\"https:\\\/\\\/lovme.pt\\\/#website\"},\"primaryImageOfPage\":{\"@id\":\"https:\\\/\\\/lovme.pt\\\/index.php\\\/produto\\\/lelo-anel-vibrador-violeta-tor-3\\\/#primaryimage\"},\"image\":{\"@id\":\"https:\\\/\\\/lovme.pt\\\/index.php\\\/produto\\\/lelo-anel-vibrador-violeta-tor-3\\\/#primaryimage\"},\"thumbnailUrl\":\"https:\\\/\\\/erki24nd3ub.exactdn.com\\\/wp-content\\\/uploads\\\/dream\\\/img\\\/img_142829_3e5b47f742f0f3608d2a0c5d67f7c175_1.jpg?strip=all\",\"datePublished\":\"2025-09-30T10:11:10+00:00\",\"dateModified\":\"2026-02-19T20:23:17+00:00\",\"breadcrumb\":{\"@id\":\"https:\\\/\\\/lovme.pt\\\/index.php\\\/produto\\\/lelo-anel-vibrador-violeta-tor-3\\\/#breadcrumb\"},\"inLanguage\":\"pt-PT\",\"potentialAction\":[{\"@type\":\"ReadAction\",\"target\":[\"https:\\\/\\\/lovme.pt\\\/index.php\\\/produto\\\/lelo-anel-vibrador-violeta-tor-3\\\/\"]}]},{\"@type\":\"ImageObject\",\"inLanguage\":\"pt-PT\",\"@id\":\"https:\\\/\\\/lovme.pt\\\/index.php\\\/produto\\\/lelo-anel-vibrador-violeta-tor-3\\\/#primaryimage\",\"url\":\"https:\\\/\\\/erki24nd3ub.exactdn.com\\\/wp-content\\\/uploads\\\/dream\\\/img\\\/img_142829_3e5b47f742f0f3608d2a0c5d67f7c175_1.jpg?strip=all\",\"contentUrl\":\"https:\\\/\\\/erki24nd3ub.exactdn.com\\\/wp-content\\\/uploads\\\/dream\\\/img\\\/img_142829_3e5b47f742f0f3608d2a0c5d67f7c175_1.jpg?strip=all\",\"width\":800,\"height\":800},{\"@type\":\"BreadcrumbList\",\"@id\":\"https:\\\/\\\/lovme.pt\\\/index.php\\\/produto\\\/lelo-anel-vibrador-violeta-tor-3\\\/#breadcrumb\",\"itemListElement\":[{\"@type\":\"ListItem\",\"position\":1,\"name\":\"In\u00edcio\",\"item\":\"https:\\\/\\\/lovme.pt\\\/\"},{\"@type\":\"ListItem\",\"position\":2,\"name\":\"Loja\",\"item\":\"https:\\\/\\\/lovme.pt\\\/index.php\\\/loja\\\/\"},{\"@type\":\"ListItem\",\"position\":3,\"name\":\"LELO &#8211; TOR 3 ANILLO VIBRADOR NEGRO\"}]},{\"@type\":\"WebSite\",\"@id\":\"https:\\\/\\\/lovme.pt\\\/#website\",\"url\":\"https:\\\/\\\/lovme.pt\\\/\",\"name\":\"Lovme Loja Er\u00f3tica N\u00ba1 em Portugal\",\"description\":\"A melhor loja er\u00f3tica de Portugal.\",\"alternateName\":\"Loja Er\u00f3tica Lovme\",\"potentialAction\":[{\"@type\":\"SearchAction\",\"target\":{\"@type\":\"EntryPoint\",\"urlTemplate\":\"https:\\\/\\\/lovme.pt\\\/?s={search_term_string}\"},\"query-input\":{\"@type\":\"PropertyValueSpecification\",\"valueRequired\":true,\"valueName\":\"search_term_string\"}}],\"inLanguage\":\"pt-PT\"}]}<\/script>\n<!-- \/ Yoast SEO plugin. -->","yoast_head_json":{"title":"LELO - TOR 3 ANILLO VIBRADOR NEGRO - Lovme","robots":{"index":"index","follow":"follow","max-snippet":"max-snippet:-1","max-image-preview":"max-image-preview:large","max-video-preview":"max-video-preview:-1"},"canonical":"https:\/\/lovme.pt\/index.php\/produto\/lelo-anel-vibrador-violeta-tor-3\/","og_locale":"pt_PT","og_type":"article","og_title":"LELO - TOR 3 ANILLO VIBRADOR NEGRO - Lovme","og_description":"LELO - ANEL VIBRADOR VIOLETA TOR 4","og_url":"https:\/\/lovme.pt\/index.php\/produto\/lelo-anel-vibrador-violeta-tor-3\/","og_site_name":"Lovme","article_modified_time":"2026-02-19T20:23:17+00:00","og_image":[{"width":800,"height":800,"url":"https:\/\/erki24nd3ub.exactdn.com\/wp-content\/uploads\/dream\/img\/img_142829_3e5b47f742f0f3608d2a0c5d67f7c175_1.jpg?strip=all","type":"image\/jpeg"}],"twitter_card":"summary_large_image","twitter_misc":{"Tempo estimado de leitura":"3 minutos"},"schema":{"@context":"https:\/\/schema.org","@graph":[{"@type":"WebPage","@id":"https:\/\/lovme.pt\/index.php\/produto\/lelo-anel-vibrador-violeta-tor-3\/","url":"https:\/\/lovme.pt\/index.php\/produto\/lelo-anel-vibrador-violeta-tor-3\/","name":"LELO - TOR 3 ANILLO VIBRADOR NEGRO - Lovme","isPartOf":{"@id":"https:\/\/lovme.pt\/#website"},"primaryImageOfPage":{"@id":"https:\/\/lovme.pt\/index.php\/produto\/lelo-anel-vibrador-violeta-tor-3\/#primaryimage"},"image":{"@id":"https:\/\/lovme.pt\/index.php\/produto\/lelo-anel-vibrador-violeta-tor-3\/#primaryimage"},"thumbnailUrl":"https:\/\/erki24nd3ub.exactdn.com\/wp-content\/uploads\/dream\/img\/img_142829_3e5b47f742f0f3608d2a0c5d67f7c175_1.jpg?strip=all","datePublished":"2025-09-30T10:11:10+00:00","dateModified":"2026-02-19T20:23:17+00:00","breadcrumb":{"@id":"https:\/\/lovme.pt\/index.php\/produto\/lelo-anel-vibrador-violeta-tor-3\/#breadcrumb"},"inLanguage":"pt-PT","potentialAction":[{"@type":"ReadAction","target":["https:\/\/lovme.pt\/index.php\/produto\/lelo-anel-vibrador-violeta-tor-3\/"]}]},{"@type":"ImageObject","inLanguage":"pt-PT","@id":"https:\/\/lovme.pt\/index.php\/produto\/lelo-anel-vibrador-violeta-tor-3\/#primaryimage","url":"https:\/\/erki24nd3ub.exactdn.com\/wp-content\/uploads\/dream\/img\/img_142829_3e5b47f742f0f3608d2a0c5d67f7c175_1.jpg?strip=all","contentUrl":"https:\/\/erki24nd3ub.exactdn.com\/wp-content\/uploads\/dream\/img\/img_142829_3e5b47f742f0f3608d2a0c5d67f7c175_1.jpg?strip=all","width":800,"height":800},{"@type":"BreadcrumbList","@id":"https:\/\/lovme.pt\/index.php\/produto\/lelo-anel-vibrador-violeta-tor-3\/#breadcrumb","itemListElement":[{"@type":"ListItem","position":1,"name":"In\u00edcio","item":"https:\/\/lovme.pt\/"},{"@type":"ListItem","position":2,"name":"Loja","item":"https:\/\/lovme.pt\/index.php\/loja\/"},{"@type":"ListItem","position":3,"name":"LELO &#8211; TOR 3 ANILLO VIBRADOR NEGRO"}]},{"@type":"WebSite","@id":"https:\/\/lovme.pt\/#website","url":"https:\/\/lovme.pt\/","name":"Lovme Loja Er\u00f3tica N\u00ba1 em Portugal","description":"A melhor loja er\u00f3tica de Portugal.","alternateName":"Loja Er\u00f3tica Lovme","potentialAction":[{"@type":"SearchAction","target":{"@type":"EntryPoint","urlTemplate":"https:\/\/lovme.pt\/?s={search_term_string}"},"query-input":{"@type":"PropertyValueSpecification","valueRequired":true,"valueName":"search_term_string"}}],"inLanguage":"pt-PT"}]}},"_links":{"self":[{"href":"https:\/\/lovme.pt\/index.php\/wp-json\/wp\/v2\/product\/42482","targetHints":{"allow":["GET"]}}],"collection":[{"href":"https:\/\/lovme.pt\/index.php\/wp-json\/wp\/v2\/product"}],"about":[{"href":"https:\/\/lovme.pt\/index.php\/wp-json\/wp\/v2\/types\/product"}],"wp:featuredmedia":[{"embeddable":true,"href":"https:\/\/lovme.pt\/index.php\/wp-json\/wp\/v2\/media\/63712"}],"wp:attachment":[{"href":"https:\/\/lovme.pt\/index.php\/wp-json\/wp\/v2\/media?parent=42482"}],"wp:term":[{"taxonomy":"product_brand","embeddable":true,"href":"https:\/\/lovme.pt\/index.php\/wp-json\/wp\/v2\/product_brand?post=42482"},{"taxonomy":"product_cat","embeddable":true,"href":"https:\/\/lovme.pt\/index.php\/wp-json\/wp\/v2\/product_cat?post=42482"},{"taxonomy":"product_tag","embeddable":true,"href":"https:\/\/lovme.pt\/index.php\/wp-json\/wp\/v2\/product_tag?post=42482"}],"curies":[{"name":"wp","href":"https:\/\/api.w.org\/{rel}","templated":true}]}}