{"id":42393,"date":"2025-09-30T09:47:32","date_gmt":"2025-09-30T09:47:32","guid":{"rendered":"https:\/\/lovme.pt\/?post_type=product&p=42393"},"modified":"2026-02-19T20:05:18","modified_gmt":"2026-02-19T20:05:18","slug":"id-3some-garrafa-de-cereja-selvagem-de-4-fl-oz","status":"publish","type":"product","link":"https:\/\/lovme.pt\/index.php\/produto\/id-3some-garrafa-de-cereja-selvagem-de-4-fl-oz\/","title":{"rendered":"ID 3SOME &#8211; GARRAFA DE CEREJA SELVAGEM DE 4 FL OZ"},"content":{"rendered":"<p>3 em 1 e muita divers\u00e3o!<\/p>\n<p><strong>SABOR DELICIOSO<\/strong><\/p>\n<p>T\u00e3o delicioso que voc\u00ea n\u00e3o pode deixar de lamber! Dispon\u00edvel em 4 sabores de frutas sem a\u00e7\u00facar de dar \u00e1gua na boca, com sabor de verdade.<\/p>\n<p><strong>PURO, SEM ADITIVOS EXTRAS<\/strong><\/p>\n<p>Dois ingredientes simples e nada mais. Sem adi\u00e7\u00e3o de \u00e1gua!<\/p>\n<p><strong>MULTIUSO 3 EM 1<\/strong><\/p>\n<p>\u00d3timo para prazer oral e massagens sensuais. Acaricie suavemente para sentir uma deliciosa sensa\u00e7\u00e3o de aquecimento.<\/p>\n<p><strong>N\u00c3O MANCHA, F\u00c1CIL DE LIMPAR<\/strong><\/p>\n<p>Enx\u00e1gue facilmente com apenas \u00e1gua, perfeito para facilitar o uso e a limpeza.<\/p>\n<p><strong>AMIG\u00c1VEL COM BRINQUEDOS E L\u00c1TEX<\/strong><\/p>\n<p>Seguro para uso em brinquedos de silicone e borracha. Compat\u00edvel com l\u00e1tex de borracha natural.<\/p>\n<p>\u00a0<\/p>\n","protected":false},"excerpt":{"rendered":"<p>EMBALAGEM DISPON\u00cdVEL EM: \/pt\/fr\/<\/p>\n","protected":false},"featured_media":57096,"template":"","meta":{"_acf_changed":false},"product_brand":[],"product_cat":[49,53,73],"product_tag":[],"class_list":{"0":"post-42393","1":"product","2":"type-product","3":"status-publish","4":"has-post-thumbnail","6":"product_cat-cosmeticos","7":"product_cat-lubrificantes-intimos","8":"product_cat-preservativos","9":"yith_product_brand-id-lubricantesid-3some","10":"yith_product_brand-id-lubricantes","12":"first","13":"instock","14":"taxable","15":"shipping-taxable","16":"purchasable","17":"product-type-simple"},"acf":[],"yoast_head":"<!-- This site is optimized with the Yoast SEO plugin v27.4 - https:\/\/yoast.com\/product\/yoast-seo-wordpress\/ -->\n<title>ID 3SOME - GARRAFA DE CEREJA SELVAGEM DE 4 FL OZ - Lovme<\/title>\n<meta name=\"robots\" content=\"index, follow, max-snippet:-1, max-image-preview:large, max-video-preview:-1\" \/>\n<link rel=\"canonical\" href=\"https:\/\/lovme.pt\/index.php\/produto\/id-3some-garrafa-de-cereja-selvagem-de-4-fl-oz\/\" \/>\n<meta property=\"og:locale\" content=\"pt_PT\" \/>\n<meta property=\"og:type\" content=\"article\" \/>\n<meta property=\"og:title\" content=\"ID 3SOME - GARRAFA DE CEREJA SELVAGEM DE 4 FL OZ - Lovme\" \/>\n<meta property=\"og:description\" content=\"EMBALAGEM DISPON\u00cdVEL EM: \/pt\/fr\/\" \/>\n<meta property=\"og:url\" content=\"https:\/\/lovme.pt\/index.php\/produto\/id-3some-garrafa-de-cereja-selvagem-de-4-fl-oz\/\" \/>\n<meta property=\"og:site_name\" content=\"Lovme\" \/>\n<meta property=\"article:modified_time\" content=\"2026-02-19T20:05:18+00:00\" \/>\n<meta property=\"og:image\" content=\"https:\/\/erki24nd3ub.exactdn.com\/wp-content\/uploads\/dream\/img\/img_138550_3957ad3547623c98fb814264d7a1631d_1.jpg?strip=all\" \/>\n\t<meta property=\"og:image:width\" content=\"800\" \/>\n\t<meta property=\"og:image:height\" content=\"800\" \/>\n\t<meta property=\"og:image:type\" content=\"image\/jpeg\" \/>\n<meta name=\"twitter:card\" content=\"summary_large_image\" \/>\n<meta name=\"twitter:label1\" content=\"Tempo estimado de leitura\" \/>\n\t<meta name=\"twitter:data1\" content=\"1 minuto\" \/>\n<script type=\"application\/ld+json\" class=\"yoast-schema-graph\">{\"@context\":\"https:\\\/\\\/schema.org\",\"@graph\":[{\"@type\":\"WebPage\",\"@id\":\"https:\\\/\\\/lovme.pt\\\/index.php\\\/produto\\\/id-3some-garrafa-de-cereja-selvagem-de-4-fl-oz\\\/\",\"url\":\"https:\\\/\\\/lovme.pt\\\/index.php\\\/produto\\\/id-3some-garrafa-de-cereja-selvagem-de-4-fl-oz\\\/\",\"name\":\"ID 3SOME - GARRAFA DE CEREJA SELVAGEM DE 4 FL OZ - Lovme\",\"isPartOf\":{\"@id\":\"https:\\\/\\\/lovme.pt\\\/#website\"},\"primaryImageOfPage\":{\"@id\":\"https:\\\/\\\/lovme.pt\\\/index.php\\\/produto\\\/id-3some-garrafa-de-cereja-selvagem-de-4-fl-oz\\\/#primaryimage\"},\"image\":{\"@id\":\"https:\\\/\\\/lovme.pt\\\/index.php\\\/produto\\\/id-3some-garrafa-de-cereja-selvagem-de-4-fl-oz\\\/#primaryimage\"},\"thumbnailUrl\":\"https:\\\/\\\/erki24nd3ub.exactdn.com\\\/wp-content\\\/uploads\\\/dream\\\/img\\\/img_138550_3957ad3547623c98fb814264d7a1631d_1.jpg?strip=all\",\"datePublished\":\"2025-09-30T09:47:32+00:00\",\"dateModified\":\"2026-02-19T20:05:18+00:00\",\"breadcrumb\":{\"@id\":\"https:\\\/\\\/lovme.pt\\\/index.php\\\/produto\\\/id-3some-garrafa-de-cereja-selvagem-de-4-fl-oz\\\/#breadcrumb\"},\"inLanguage\":\"pt-PT\",\"potentialAction\":[{\"@type\":\"ReadAction\",\"target\":[\"https:\\\/\\\/lovme.pt\\\/index.php\\\/produto\\\/id-3some-garrafa-de-cereja-selvagem-de-4-fl-oz\\\/\"]}]},{\"@type\":\"ImageObject\",\"inLanguage\":\"pt-PT\",\"@id\":\"https:\\\/\\\/lovme.pt\\\/index.php\\\/produto\\\/id-3some-garrafa-de-cereja-selvagem-de-4-fl-oz\\\/#primaryimage\",\"url\":\"https:\\\/\\\/erki24nd3ub.exactdn.com\\\/wp-content\\\/uploads\\\/dream\\\/img\\\/img_138550_3957ad3547623c98fb814264d7a1631d_1.jpg?strip=all\",\"contentUrl\":\"https:\\\/\\\/erki24nd3ub.exactdn.com\\\/wp-content\\\/uploads\\\/dream\\\/img\\\/img_138550_3957ad3547623c98fb814264d7a1631d_1.jpg?strip=all\",\"width\":800,\"height\":800},{\"@type\":\"BreadcrumbList\",\"@id\":\"https:\\\/\\\/lovme.pt\\\/index.php\\\/produto\\\/id-3some-garrafa-de-cereja-selvagem-de-4-fl-oz\\\/#breadcrumb\",\"itemListElement\":[{\"@type\":\"ListItem\",\"position\":1,\"name\":\"In\u00edcio\",\"item\":\"https:\\\/\\\/lovme.pt\\\/\"},{\"@type\":\"ListItem\",\"position\":2,\"name\":\"Loja\",\"item\":\"https:\\\/\\\/lovme.pt\\\/index.php\\\/loja\\\/\"},{\"@type\":\"ListItem\",\"position\":3,\"name\":\"ID 3SOME &#8211; GARRAFA DE CEREJA SELVAGEM DE 4 FL OZ\"}]},{\"@type\":\"WebSite\",\"@id\":\"https:\\\/\\\/lovme.pt\\\/#website\",\"url\":\"https:\\\/\\\/lovme.pt\\\/\",\"name\":\"Lovme Loja Er\u00f3tica N\u00ba1 em Portugal\",\"description\":\"A melhor loja er\u00f3tica de Portugal.\",\"alternateName\":\"Loja Er\u00f3tica Lovme\",\"potentialAction\":[{\"@type\":\"SearchAction\",\"target\":{\"@type\":\"EntryPoint\",\"urlTemplate\":\"https:\\\/\\\/lovme.pt\\\/?s={search_term_string}\"},\"query-input\":{\"@type\":\"PropertyValueSpecification\",\"valueRequired\":true,\"valueName\":\"search_term_string\"}}],\"inLanguage\":\"pt-PT\"}]}<\/script>\n<!-- \/ Yoast SEO plugin. -->","yoast_head_json":{"title":"ID 3SOME - GARRAFA DE CEREJA SELVAGEM DE 4 FL OZ - Lovme","robots":{"index":"index","follow":"follow","max-snippet":"max-snippet:-1","max-image-preview":"max-image-preview:large","max-video-preview":"max-video-preview:-1"},"canonical":"https:\/\/lovme.pt\/index.php\/produto\/id-3some-garrafa-de-cereja-selvagem-de-4-fl-oz\/","og_locale":"pt_PT","og_type":"article","og_title":"ID 3SOME - GARRAFA DE CEREJA SELVAGEM DE 4 FL OZ - Lovme","og_description":"EMBALAGEM DISPON\u00cdVEL EM: \/pt\/fr\/","og_url":"https:\/\/lovme.pt\/index.php\/produto\/id-3some-garrafa-de-cereja-selvagem-de-4-fl-oz\/","og_site_name":"Lovme","article_modified_time":"2026-02-19T20:05:18+00:00","og_image":[{"width":800,"height":800,"url":"https:\/\/erki24nd3ub.exactdn.com\/wp-content\/uploads\/dream\/img\/img_138550_3957ad3547623c98fb814264d7a1631d_1.jpg?strip=all","type":"image\/jpeg"}],"twitter_card":"summary_large_image","twitter_misc":{"Tempo estimado de leitura":"1 minuto"},"schema":{"@context":"https:\/\/schema.org","@graph":[{"@type":"WebPage","@id":"https:\/\/lovme.pt\/index.php\/produto\/id-3some-garrafa-de-cereja-selvagem-de-4-fl-oz\/","url":"https:\/\/lovme.pt\/index.php\/produto\/id-3some-garrafa-de-cereja-selvagem-de-4-fl-oz\/","name":"ID 3SOME - GARRAFA DE CEREJA SELVAGEM DE 4 FL OZ - Lovme","isPartOf":{"@id":"https:\/\/lovme.pt\/#website"},"primaryImageOfPage":{"@id":"https:\/\/lovme.pt\/index.php\/produto\/id-3some-garrafa-de-cereja-selvagem-de-4-fl-oz\/#primaryimage"},"image":{"@id":"https:\/\/lovme.pt\/index.php\/produto\/id-3some-garrafa-de-cereja-selvagem-de-4-fl-oz\/#primaryimage"},"thumbnailUrl":"https:\/\/erki24nd3ub.exactdn.com\/wp-content\/uploads\/dream\/img\/img_138550_3957ad3547623c98fb814264d7a1631d_1.jpg?strip=all","datePublished":"2025-09-30T09:47:32+00:00","dateModified":"2026-02-19T20:05:18+00:00","breadcrumb":{"@id":"https:\/\/lovme.pt\/index.php\/produto\/id-3some-garrafa-de-cereja-selvagem-de-4-fl-oz\/#breadcrumb"},"inLanguage":"pt-PT","potentialAction":[{"@type":"ReadAction","target":["https:\/\/lovme.pt\/index.php\/produto\/id-3some-garrafa-de-cereja-selvagem-de-4-fl-oz\/"]}]},{"@type":"ImageObject","inLanguage":"pt-PT","@id":"https:\/\/lovme.pt\/index.php\/produto\/id-3some-garrafa-de-cereja-selvagem-de-4-fl-oz\/#primaryimage","url":"https:\/\/erki24nd3ub.exactdn.com\/wp-content\/uploads\/dream\/img\/img_138550_3957ad3547623c98fb814264d7a1631d_1.jpg?strip=all","contentUrl":"https:\/\/erki24nd3ub.exactdn.com\/wp-content\/uploads\/dream\/img\/img_138550_3957ad3547623c98fb814264d7a1631d_1.jpg?strip=all","width":800,"height":800},{"@type":"BreadcrumbList","@id":"https:\/\/lovme.pt\/index.php\/produto\/id-3some-garrafa-de-cereja-selvagem-de-4-fl-oz\/#breadcrumb","itemListElement":[{"@type":"ListItem","position":1,"name":"In\u00edcio","item":"https:\/\/lovme.pt\/"},{"@type":"ListItem","position":2,"name":"Loja","item":"https:\/\/lovme.pt\/index.php\/loja\/"},{"@type":"ListItem","position":3,"name":"ID 3SOME &#8211; GARRAFA DE CEREJA SELVAGEM DE 4 FL OZ"}]},{"@type":"WebSite","@id":"https:\/\/lovme.pt\/#website","url":"https:\/\/lovme.pt\/","name":"Lovme Loja Er\u00f3tica N\u00ba1 em Portugal","description":"A melhor loja er\u00f3tica de Portugal.","alternateName":"Loja Er\u00f3tica Lovme","potentialAction":[{"@type":"SearchAction","target":{"@type":"EntryPoint","urlTemplate":"https:\/\/lovme.pt\/?s={search_term_string}"},"query-input":{"@type":"PropertyValueSpecification","valueRequired":true,"valueName":"search_term_string"}}],"inLanguage":"pt-PT"}]}},"_links":{"self":[{"href":"https:\/\/lovme.pt\/index.php\/wp-json\/wp\/v2\/product\/42393","targetHints":{"allow":["GET"]}}],"collection":[{"href":"https:\/\/lovme.pt\/index.php\/wp-json\/wp\/v2\/product"}],"about":[{"href":"https:\/\/lovme.pt\/index.php\/wp-json\/wp\/v2\/types\/product"}],"wp:featuredmedia":[{"embeddable":true,"href":"https:\/\/lovme.pt\/index.php\/wp-json\/wp\/v2\/media\/57096"}],"wp:attachment":[{"href":"https:\/\/lovme.pt\/index.php\/wp-json\/wp\/v2\/media?parent=42393"}],"wp:term":[{"taxonomy":"product_brand","embeddable":true,"href":"https:\/\/lovme.pt\/index.php\/wp-json\/wp\/v2\/product_brand?post=42393"},{"taxonomy":"product_cat","embeddable":true,"href":"https:\/\/lovme.pt\/index.php\/wp-json\/wp\/v2\/product_cat?post=42393"},{"taxonomy":"product_tag","embeddable":true,"href":"https:\/\/lovme.pt\/index.php\/wp-json\/wp\/v2\/product_tag?post=42393"}],"curies":[{"name":"wp","href":"https:\/\/api.w.org\/{rel}","templated":true}]}}