{"id":42322,"date":"2026-01-19T16:13:34","date_gmt":"2026-01-19T16:13:34","guid":{"rendered":"https:\/\/lovme.pt\/?post_type=product&p=42322"},"modified":"2026-05-13T16:15:21","modified_gmt":"2026-05-13T16:15:21","slug":"blacksilver-beck-wand-e-ventosa-2-em-1-silicone","status":"publish","type":"product","link":"https:\/\/lovme.pt\/index.php\/produto\/blacksilver-beck-wand-e-ventosa-2-em-1-silicone\/","title":{"rendered":"BLACKSILVER &#8211; BECK WAND E VENTOSA 2 EM 1 SILICONE"},"content":{"rendered":"<p>Sexualidade e sensualidade se unem para lhe oferecer um dos melhores brinquedos j\u00e1 criados.<\/p>\n<p> BLACKSILVER\u2122 Beck \u00e9 o massageador com varinha de suc\u00e7\u00e3o essencial para voc\u00ea ou seu parceiro. Libere a tens\u00e3o do seu corpo, esque\u00e7a o estresse e relaxe os m\u00fasculos para abrir as portas para uma experi\u00eancia org\u00e1stica \u00fanica. Com um design refinado, este poderoso massageador apresenta dez padr\u00f5es de massagem diferentes para ajudar a relaxar os m\u00fasculos e liberar o estresse. Agora com uma al\u00e7a mais est\u00e1vel e uma carga ainda mais duradoura, para que voc\u00ea possa desfrutar de horas e horas de prazer. Relaxe como nunca antes.<\/p>\n<p> BLACKSILVER\u2122 Beck incorpora ondas de press\u00e3o especialmente projetadas para combinar com a vibra\u00e7\u00e3o da varinha.<\/p>\n<p> BLACKSILVER\u2122 Beck conquistar\u00e1 seu cora\u00e7\u00e3o com seu design l\u00fadico e combina\u00e7\u00e3o de ondas de press\u00e3o e vibra\u00e7\u00f5es. O vibrador de varinha \u00e9 equipado com dois motores control\u00e1veis separadamente que mimam seu clit\u00f3ris com 10 ondas de press\u00e3o e 10 programas de vibra\u00e7\u00e3o. As in\u00fameras combina\u00e7\u00f5es poss\u00edveis oferecem diferentes intensidades, de suave a intensa.<\/p>\n<p> 1 &#8211; UM DESIGN FINO COM POT\u00caNCIA INCR\u00cdVEL<\/p>\n<ul>\n<li> Pot\u00eancia concentrada e constante para relaxamento infinito.<\/li>\n<\/ul>\n<p> 2 &#8211; CABO MAIS FIRME<\/p>\n<ul>\n<li> Controle est\u00e1vel e seguro em todas as intensidades.<\/li>\n<\/ul>\n<p> 3 &#8211; BATERIA DE MAIOR DURA\u00c7\u00c3O<\/p>\n<ul>\n<li> Com uma bateria de longa dura\u00e7\u00e3o e 10 n\u00edveis de vibra\u00e7\u00e3o para que voc\u00ea possa aproveitar horas de prazer.<\/li>\n<\/ul>\n<p> 4 &#8211; SILICONE EXTRA MACIO<\/p>\n<ul>\n<li> Silicone de alta qualidade, quente e agrad\u00e1vel ao toque.<\/li>\n<\/ul>\n<p> O BLACKSILVER\u2122 Beck se adapta confortavelmente \u00e0 sua m\u00e3o durante o uso, gra\u00e7as ao seu formato ergon\u00f4mico; al\u00e9m disso, \u00e9 f\u00e1cil de levar para qualquer lugar, sem ocupar muito espa\u00e7o. Seu design l\u00fadico \u00e9 especialmente adequado para iniciantes ou usu\u00e1rios avan\u00e7ados. Este vibrador de press\u00e3o com varinha \u00e9 feito de silicone inofensivo ao corpo e \u00e9 especialmente higi\u00eanico e suave para a pele.<\/p>\n<ul>\n<li> Materiais: Silicone biocompat\u00edvel e detalhes em pl\u00e1stico ABS<\/li>\n<li> 10 modos de vibra\u00e7\u00e3o<\/li>\n<li> 10 modos de suc\u00e7\u00e3o.<\/li>\n<li> Peso: 348 g<\/li>\n<li> Interface: interface de 3 bot\u00f5es<\/li>\n<li> Frequ\u00eancia: 80 Hz<\/li>\n<li> Bateria: \u00edon de l\u00edtio 1050 mAh 3,7 V<\/li>\n<li> Carregamento: 2,5 horas a 5,0 V 750 mA<\/li>\n<li> Tempo de uso: at\u00e9 4 horas<\/li>\n<\/ul>\n<p> Aproveite seu brinquedo tanto quanto n\u00f3s gostamos de faz\u00ea-lo para voc\u00ea.<\/p>\n<p> Por que escolher o material BlackSilver\u2122?<\/p>\n<p> Todos os brinquedos BlackSilver\u2122 s\u00e3o feitos de silicone medicinal macio e sedoso, extremamente escorregadio e que absorve rapidamente o calor do corpo. O brinquedo pode ser facilmente limpo com \u00e1gua morna e um pouco de sab\u00e3o. Com um pouco de limpador desinfetante para brinquedos, voc\u00ea pode garantir uma higiene particularmente completa, idealmente com o spray desinfetante perfeitamente coordenado da Waterfeel ou Intimichic. Para o m\u00e1ximo prazer, use sempre seu brinquedo com um dos lubrificantes \u00e0 base de \u00e1gua Waterfeel que combinam perfeitamente com o produto.<\/p>\n<p> <span font-size:=\"\" roboto=\"\" style=\"color: rgb(57, 57, 57); font-family: \">**Observa\u00e7\u00e3o: A venda deste produto \u00e9 proibida em qualquer canal de com\u00e9rcio eletr\u00f4nico. As vendas s\u00e3o autorizadas para lojas f\u00edsicas.<\/span><\/p>\n","protected":false},"excerpt":{"rendered":"<p>BLACKSILVER &#8211; BECK WAND E VENTOSA 2 EM 1 SILICONE<\/p>\n","protected":false},"featured_media":106332,"template":"","meta":{"_acf_changed":false},"product_brand":[],"product_cat":[17,61,76],"product_tag":[],"class_list":{"0":"post-42322","1":"product","2":"type-product","3":"status-publish","4":"has-post-thumbnail","6":"product_cat-brinquedos-de-bem-estar-sexual","7":"product_cat-para-elas","8":"product_cat-vibradores","9":"yith_product_brand-blacksilver","11":"first","12":"outofstock","13":"taxable","14":"shipping-taxable","15":"purchasable","16":"product-type-simple"},"acf":[],"yoast_head":"<!-- This site is optimized with the Yoast SEO plugin v27.4 - https:\/\/yoast.com\/product\/yoast-seo-wordpress\/ -->\n<title>BLACKSILVER - BECK WAND E VENTOSA 2 EM 1 SILICONE - Lovme<\/title>\n<meta name=\"robots\" content=\"index, follow, max-snippet:-1, max-image-preview:large, max-video-preview:-1\" \/>\n<link rel=\"canonical\" href=\"https:\/\/lovme.pt\/index.php\/produto\/blacksilver-beck-wand-e-ventosa-2-em-1-silicone\/\" \/>\n<meta property=\"og:locale\" content=\"pt_PT\" \/>\n<meta property=\"og:type\" content=\"article\" \/>\n<meta property=\"og:title\" content=\"BLACKSILVER - BECK WAND E VENTOSA 2 EM 1 SILICONE - Lovme\" \/>\n<meta property=\"og:description\" content=\"BLACKSILVER - BECK WAND E VENTOSA 2 EM 1 SILICONE\" \/>\n<meta property=\"og:url\" content=\"https:\/\/lovme.pt\/index.php\/produto\/blacksilver-beck-wand-e-ventosa-2-em-1-silicone\/\" \/>\n<meta property=\"og:site_name\" content=\"Lovme\" \/>\n<meta property=\"article:modified_time\" content=\"2026-05-13T16:15:21+00:00\" \/>\n<meta property=\"og:image\" content=\"https:\/\/erki24nd3ub.exactdn.com\/wp-content\/uploads\/dream\/img\/img_145582_0b8783eca5e35d917db9af5f17158f16_1.png?strip=all\" \/>\n\t<meta property=\"og:image:width\" content=\"800\" \/>\n\t<meta property=\"og:image:height\" content=\"800\" \/>\n\t<meta property=\"og:image:type\" content=\"image\/png\" \/>\n<meta name=\"twitter:card\" content=\"summary_large_image\" \/>\n<meta name=\"twitter:label1\" content=\"Tempo estimado de leitura\" \/>\n\t<meta name=\"twitter:data1\" content=\"3 minutos\" \/>\n<script type=\"application\/ld+json\" class=\"yoast-schema-graph\">{\"@context\":\"https:\\\/\\\/schema.org\",\"@graph\":[{\"@type\":\"WebPage\",\"@id\":\"https:\\\/\\\/lovme.pt\\\/index.php\\\/produto\\\/blacksilver-beck-wand-e-ventosa-2-em-1-silicone\\\/\",\"url\":\"https:\\\/\\\/lovme.pt\\\/index.php\\\/produto\\\/blacksilver-beck-wand-e-ventosa-2-em-1-silicone\\\/\",\"name\":\"BLACKSILVER - BECK WAND E VENTOSA 2 EM 1 SILICONE - Lovme\",\"isPartOf\":{\"@id\":\"https:\\\/\\\/lovme.pt\\\/#website\"},\"primaryImageOfPage\":{\"@id\":\"https:\\\/\\\/lovme.pt\\\/index.php\\\/produto\\\/blacksilver-beck-wand-e-ventosa-2-em-1-silicone\\\/#primaryimage\"},\"image\":{\"@id\":\"https:\\\/\\\/lovme.pt\\\/index.php\\\/produto\\\/blacksilver-beck-wand-e-ventosa-2-em-1-silicone\\\/#primaryimage\"},\"thumbnailUrl\":\"https:\\\/\\\/erki24nd3ub.exactdn.com\\\/wp-content\\\/uploads\\\/dream\\\/img\\\/img_145582_0b8783eca5e35d917db9af5f17158f16_1.png?strip=all\",\"datePublished\":\"2026-01-19T16:13:34+00:00\",\"dateModified\":\"2026-05-13T16:15:21+00:00\",\"breadcrumb\":{\"@id\":\"https:\\\/\\\/lovme.pt\\\/index.php\\\/produto\\\/blacksilver-beck-wand-e-ventosa-2-em-1-silicone\\\/#breadcrumb\"},\"inLanguage\":\"pt-PT\",\"potentialAction\":[{\"@type\":\"ReadAction\",\"target\":[\"https:\\\/\\\/lovme.pt\\\/index.php\\\/produto\\\/blacksilver-beck-wand-e-ventosa-2-em-1-silicone\\\/\"]}]},{\"@type\":\"ImageObject\",\"inLanguage\":\"pt-PT\",\"@id\":\"https:\\\/\\\/lovme.pt\\\/index.php\\\/produto\\\/blacksilver-beck-wand-e-ventosa-2-em-1-silicone\\\/#primaryimage\",\"url\":\"https:\\\/\\\/erki24nd3ub.exactdn.com\\\/wp-content\\\/uploads\\\/dream\\\/img\\\/img_145582_0b8783eca5e35d917db9af5f17158f16_1.png?strip=all\",\"contentUrl\":\"https:\\\/\\\/erki24nd3ub.exactdn.com\\\/wp-content\\\/uploads\\\/dream\\\/img\\\/img_145582_0b8783eca5e35d917db9af5f17158f16_1.png?strip=all\",\"width\":800,\"height\":800},{\"@type\":\"BreadcrumbList\",\"@id\":\"https:\\\/\\\/lovme.pt\\\/index.php\\\/produto\\\/blacksilver-beck-wand-e-ventosa-2-em-1-silicone\\\/#breadcrumb\",\"itemListElement\":[{\"@type\":\"ListItem\",\"position\":1,\"name\":\"In\u00edcio\",\"item\":\"https:\\\/\\\/lovme.pt\\\/\"},{\"@type\":\"ListItem\",\"position\":2,\"name\":\"Loja\",\"item\":\"https:\\\/\\\/lovme.pt\\\/index.php\\\/loja\\\/\"},{\"@type\":\"ListItem\",\"position\":3,\"name\":\"BLACKSILVER &#8211; BECK WAND E VENTOSA 2 EM 1 SILICONE\"}]},{\"@type\":\"WebSite\",\"@id\":\"https:\\\/\\\/lovme.pt\\\/#website\",\"url\":\"https:\\\/\\\/lovme.pt\\\/\",\"name\":\"Lovme Loja Er\u00f3tica N\u00ba1 em Portugal\",\"description\":\"A melhor loja er\u00f3tica de Portugal.\",\"alternateName\":\"Loja Er\u00f3tica Lovme\",\"potentialAction\":[{\"@type\":\"SearchAction\",\"target\":{\"@type\":\"EntryPoint\",\"urlTemplate\":\"https:\\\/\\\/lovme.pt\\\/?s={search_term_string}\"},\"query-input\":{\"@type\":\"PropertyValueSpecification\",\"valueRequired\":true,\"valueName\":\"search_term_string\"}}],\"inLanguage\":\"pt-PT\"}]}<\/script>\n<!-- \/ Yoast SEO plugin. -->","yoast_head_json":{"title":"BLACKSILVER - BECK WAND E VENTOSA 2 EM 1 SILICONE - Lovme","robots":{"index":"index","follow":"follow","max-snippet":"max-snippet:-1","max-image-preview":"max-image-preview:large","max-video-preview":"max-video-preview:-1"},"canonical":"https:\/\/lovme.pt\/index.php\/produto\/blacksilver-beck-wand-e-ventosa-2-em-1-silicone\/","og_locale":"pt_PT","og_type":"article","og_title":"BLACKSILVER - BECK WAND E VENTOSA 2 EM 1 SILICONE - Lovme","og_description":"BLACKSILVER - BECK WAND E VENTOSA 2 EM 1 SILICONE","og_url":"https:\/\/lovme.pt\/index.php\/produto\/blacksilver-beck-wand-e-ventosa-2-em-1-silicone\/","og_site_name":"Lovme","article_modified_time":"2026-05-13T16:15:21+00:00","og_image":[{"width":800,"height":800,"url":"https:\/\/erki24nd3ub.exactdn.com\/wp-content\/uploads\/dream\/img\/img_145582_0b8783eca5e35d917db9af5f17158f16_1.png?strip=all","type":"image\/png"}],"twitter_card":"summary_large_image","twitter_misc":{"Tempo estimado de leitura":"3 minutos"},"schema":{"@context":"https:\/\/schema.org","@graph":[{"@type":"WebPage","@id":"https:\/\/lovme.pt\/index.php\/produto\/blacksilver-beck-wand-e-ventosa-2-em-1-silicone\/","url":"https:\/\/lovme.pt\/index.php\/produto\/blacksilver-beck-wand-e-ventosa-2-em-1-silicone\/","name":"BLACKSILVER - BECK WAND E VENTOSA 2 EM 1 SILICONE - Lovme","isPartOf":{"@id":"https:\/\/lovme.pt\/#website"},"primaryImageOfPage":{"@id":"https:\/\/lovme.pt\/index.php\/produto\/blacksilver-beck-wand-e-ventosa-2-em-1-silicone\/#primaryimage"},"image":{"@id":"https:\/\/lovme.pt\/index.php\/produto\/blacksilver-beck-wand-e-ventosa-2-em-1-silicone\/#primaryimage"},"thumbnailUrl":"https:\/\/erki24nd3ub.exactdn.com\/wp-content\/uploads\/dream\/img\/img_145582_0b8783eca5e35d917db9af5f17158f16_1.png?strip=all","datePublished":"2026-01-19T16:13:34+00:00","dateModified":"2026-05-13T16:15:21+00:00","breadcrumb":{"@id":"https:\/\/lovme.pt\/index.php\/produto\/blacksilver-beck-wand-e-ventosa-2-em-1-silicone\/#breadcrumb"},"inLanguage":"pt-PT","potentialAction":[{"@type":"ReadAction","target":["https:\/\/lovme.pt\/index.php\/produto\/blacksilver-beck-wand-e-ventosa-2-em-1-silicone\/"]}]},{"@type":"ImageObject","inLanguage":"pt-PT","@id":"https:\/\/lovme.pt\/index.php\/produto\/blacksilver-beck-wand-e-ventosa-2-em-1-silicone\/#primaryimage","url":"https:\/\/erki24nd3ub.exactdn.com\/wp-content\/uploads\/dream\/img\/img_145582_0b8783eca5e35d917db9af5f17158f16_1.png?strip=all","contentUrl":"https:\/\/erki24nd3ub.exactdn.com\/wp-content\/uploads\/dream\/img\/img_145582_0b8783eca5e35d917db9af5f17158f16_1.png?strip=all","width":800,"height":800},{"@type":"BreadcrumbList","@id":"https:\/\/lovme.pt\/index.php\/produto\/blacksilver-beck-wand-e-ventosa-2-em-1-silicone\/#breadcrumb","itemListElement":[{"@type":"ListItem","position":1,"name":"In\u00edcio","item":"https:\/\/lovme.pt\/"},{"@type":"ListItem","position":2,"name":"Loja","item":"https:\/\/lovme.pt\/index.php\/loja\/"},{"@type":"ListItem","position":3,"name":"BLACKSILVER &#8211; BECK WAND E VENTOSA 2 EM 1 SILICONE"}]},{"@type":"WebSite","@id":"https:\/\/lovme.pt\/#website","url":"https:\/\/lovme.pt\/","name":"Lovme Loja Er\u00f3tica N\u00ba1 em Portugal","description":"A melhor loja er\u00f3tica de Portugal.","alternateName":"Loja Er\u00f3tica Lovme","potentialAction":[{"@type":"SearchAction","target":{"@type":"EntryPoint","urlTemplate":"https:\/\/lovme.pt\/?s={search_term_string}"},"query-input":{"@type":"PropertyValueSpecification","valueRequired":true,"valueName":"search_term_string"}}],"inLanguage":"pt-PT"}]}},"_links":{"self":[{"href":"https:\/\/lovme.pt\/index.php\/wp-json\/wp\/v2\/product\/42322","targetHints":{"allow":["GET"]}}],"collection":[{"href":"https:\/\/lovme.pt\/index.php\/wp-json\/wp\/v2\/product"}],"about":[{"href":"https:\/\/lovme.pt\/index.php\/wp-json\/wp\/v2\/types\/product"}],"wp:featuredmedia":[{"embeddable":true,"href":"https:\/\/lovme.pt\/index.php\/wp-json\/wp\/v2\/media\/106332"}],"wp:attachment":[{"href":"https:\/\/lovme.pt\/index.php\/wp-json\/wp\/v2\/media?parent=42322"}],"wp:term":[{"taxonomy":"product_brand","embeddable":true,"href":"https:\/\/lovme.pt\/index.php\/wp-json\/wp\/v2\/product_brand?post=42322"},{"taxonomy":"product_cat","embeddable":true,"href":"https:\/\/lovme.pt\/index.php\/wp-json\/wp\/v2\/product_cat?post=42322"},{"taxonomy":"product_tag","embeddable":true,"href":"https:\/\/lovme.pt\/index.php\/wp-json\/wp\/v2\/product_tag?post=42322"}],"curies":[{"name":"wp","href":"https:\/\/api.w.org\/{rel}","templated":true}]}}