{"id":42321,"date":"2025-10-01T20:08:05","date_gmt":"2025-10-01T20:08:05","guid":{"rendered":"https:\/\/lovme.pt\/?post_type=product&#038;p=42321"},"modified":"2026-02-19T20:08:47","modified_gmt":"2026-02-19T20:08:47","slug":"blacksilver-drake-deluxe-sucking-vibe-silicone-recarregavel-preto","status":"publish","type":"product","link":"https:\/\/lovme.pt\/index.php\/produto\/blacksilver-drake-deluxe-sucking-vibe-silicone-recarregavel-preto\/","title":{"rendered":"BLACKSILVER &#8211; DRAKE DELUXE SUCKING VIBE SILICONE RECARREG\u00c1VEL PRETO"},"content":{"rendered":"<p>Aproveite o novo estimulador de suc\u00e7\u00e3o clitoriana BlackSilver\u2122 Drake. Voc\u00ea pode atingir sua pot\u00eancia m\u00e1xima com um \u00fanico clique. Modelo confeccionado em silicone e ABS extra macio com design ergon\u00f4mico para f\u00e1cil uso.<\/p>\n<p>Seu clit\u00f3ris ser\u00e1 inundado de prazer como nunca antes: BlackSilver\u2122 Drake 3! Com a nossa inovadora tecnologia de suc\u00e7\u00e3o, a \u00faltima gera\u00e7\u00e3o deste cl\u00e1ssico imita a onda sensual da \u00e1gua pulsante.<\/p>\n<p>Por que BlackSilver\u2122 Drake? Damos-lhe 10 motivos exclusivos que o far\u00e3o procurar BlackSilver\u2122 Drake 3<\/p>\n<ul>\n<li>Poder incr\u00edvel<\/li>\n<li>Tamanho compacto \u00fanico no mercado, perfeito para levar para qualquer lugar, seu tamanho compacto permite lev\u00e1-lo na bolsa para o escrit\u00f3rio ou em viagem.<\/li>\n<li>Silicone que cuida da sua pele<\/li>\n<li>Ergon\u00f4mico, perfeito para a mulher segurar na m\u00e3o enquanto chupa<\/li>\n<li>Orgasmo r\u00e1pido e garantido<\/li>\n<li>Testado em 190 profissionais do setor er\u00f3tico que garantem 100% de efic\u00e1cia<\/li>\n<li>Cabe\u00e7a de silicone que estimula todos os seus sentidos<\/li>\n<li>Cor preta elegante.<\/li>\n<\/ul>\n<p>BlackSilver\u2122 Drake: Leva voc\u00ea ao c\u00e9u com orgasmos inimit\u00e1veis<\/p>\n<p>BlackSilver\u2122 Drake \u00e9 o melhor dispositivo de bem-estar sexual quando se trata de estimula\u00e7\u00e3o do clit\u00f3ris. Desfrute de 10 programas de suc\u00e7\u00e3o com seu potente motor. O BlackSilver\u2122 Drake inunda seu corpo com essas ondas de prazer, criando uma sensa\u00e7\u00e3o particularmente natural e permitindo orgasmos cristalinos como voc\u00ea nunca experimentou antes. Voc\u00ea prefere provocar seu clit\u00f3ris com a conhecida tecnologia BlackSilver\u2122 Drake e totalmente sem contato?<\/p>\n<p>Quais s\u00e3o os outros benef\u00edcios do BlackSilver\u2122 Drake?<\/p>\n<p>BlackSilver\u2122 Drake tem um design fosco refinado. Ao contr\u00e1rio do seu antecessor, esta ventosa inovadora \u00e9 feita de silicone 100% sem costuras, adequado para a pele, com um toque suave (supermacio para a pele e especialmente higi\u00e9nico). Seu acabamento \u00e0 prova d\u00e1gua (IPX5) permite lev\u00e1-lo ao chuveiro ou banheira e tamb\u00e9m facilita a limpeza com \u00e1gua morna e sab\u00e3o neutro. Depois de atingir cl\u00edmax alucinantes, voc\u00ea pode recarregar facilmente as baterias integradas do vibrador com o cabo de carregamento USB inclu\u00eddo.<\/p>\n<p>LIMPEZA<\/p>\n<p>Limpe bem o brinquedo antes e depois de cada uso com \u00e1gua morna e sab\u00e3o neutro.<\/p>\n<p>ARMAZENAR<\/p>\n<p>Guarde o seu brinquedo BlackSilver\u2122 Drake em um local livre de poeira e mantenha-o longe de brinquedos feitos de outros materiais. Evite deix\u00e1-lo exposto \u00e0 luz solar direta e NUNCA exponha-o a calor extremo.<\/p>\n<p>DICAS DE USO<\/p>\n<p>BlackSilver\u2122 Drake recomenda o uso de lubrificantes \u00e0 base de \u00e1gua, como Waterfeel\u2122, Aqua\u2122, Bioaqua\u2122, Aquatravel\u2122 ou Coquette\u2122 para uma inser\u00e7\u00e3o f\u00e1cil e suave de todos os produtos de silicone. N\u00e3o utilize lubrificantes, \u00f3leos ou cremes de silicone com qualquer produto de silicone, pois podem degradar o material do produto e limitar o seu desempenho e vida \u00fatil.<\/p>\n<p>3 ANOS DE GARANTIA<\/p>\n<p>Esta garantia se aplica a todos os produtos BlackSilver\u2122 Drake adquiridos, a partir da data da compra original do referido produto. Esta garantia n\u00e3o cobre danos causados por uso indevido ou diferente do pretendido e descrito no manual de instru\u00e7\u00f5es do produto, desgaste normal, altera\u00e7\u00e3o, uso n\u00e3o razo\u00e1vel, servi\u00e7o por ag\u00eancias de servi\u00e7o n\u00e3o autorizadas ou perda ou dano a baterias ou baterias. remov\u00edvel.<\/p>\n<p><span style=\"color: rgb(57, 57, 57);\">**Observa\u00e7\u00e3o; Este produto est\u00e1 proibido de ser vendido em qualquer canal de com\u00e9rcio eletr\u00f4nico. A venda \u00e9 autorizada para pontos f\u00edsicos.<\/span><\/p>\n","protected":false},"excerpt":{"rendered":"<p>BLACKSILVER &#8211; DRAKE DELUXE SUCKING VIBE SILICONE RECARREG\u00c1VEL PRETO<\/p>\n","protected":false},"featured_media":103078,"template":"","meta":{"_acf_changed":false},"product_brand":[],"product_cat":[17,61,64],"product_tag":[],"class_list":{"0":"post-42321","1":"product","2":"type-product","3":"status-publish","4":"has-post-thumbnail","6":"product_cat-brinquedos-de-bem-estar-sexual","7":"product_cat-para-elas","8":"product_cat-sugadores","9":"yith_product_brand-blacksilver","11":"first","12":"instock","13":"taxable","14":"shipping-taxable","15":"purchasable","16":"product-type-simple"},"acf":[],"yoast_head":"<!-- This site is optimized with the Yoast SEO plugin v27.3 - https:\/\/yoast.com\/product\/yoast-seo-wordpress\/ -->\n<title>BLACKSILVER - DRAKE DELUXE SUCKING VIBE SILICONE RECARREG\u00c1VEL PRETO - Lovme<\/title>\n<meta name=\"robots\" content=\"index, follow, max-snippet:-1, max-image-preview:large, max-video-preview:-1\" \/>\n<link rel=\"canonical\" href=\"https:\/\/lovme.pt\/index.php\/produto\/blacksilver-drake-deluxe-sucking-vibe-silicone-recarregavel-preto\/\" \/>\n<meta property=\"og:locale\" content=\"pt_PT\" \/>\n<meta property=\"og:type\" content=\"article\" \/>\n<meta property=\"og:title\" content=\"BLACKSILVER - DRAKE DELUXE SUCKING VIBE SILICONE RECARREG\u00c1VEL PRETO - Lovme\" \/>\n<meta property=\"og:description\" content=\"BLACKSILVER - DRAKE DELUXE SUCKING VIBE SILICONE RECARREG\u00c1VEL PRETO\" \/>\n<meta property=\"og:url\" content=\"https:\/\/lovme.pt\/index.php\/produto\/blacksilver-drake-deluxe-sucking-vibe-silicone-recarregavel-preto\/\" \/>\n<meta property=\"og:site_name\" content=\"Lovme\" \/>\n<meta property=\"article:modified_time\" content=\"2026-02-19T20:08:47+00:00\" \/>\n<meta property=\"og:image\" content=\"https:\/\/erki24nd3ub.exactdn.com\/wp-content\/uploads\/dream\/img\/img_138232_3bc034c35a27de592a21d4f6f8b84fb0_1.png?strip=all\" \/>\n\t<meta property=\"og:image:width\" content=\"800\" \/>\n\t<meta property=\"og:image:height\" content=\"800\" \/>\n\t<meta property=\"og:image:type\" content=\"image\/png\" \/>\n<meta name=\"twitter:card\" content=\"summary_large_image\" \/>\n<meta name=\"twitter:label1\" content=\"Tempo estimado de leitura\" \/>\n\t<meta name=\"twitter:data1\" content=\"3 minutos\" \/>\n<script type=\"application\/ld+json\" class=\"yoast-schema-graph\">{\"@context\":\"https:\\\/\\\/schema.org\",\"@graph\":[{\"@type\":\"WebPage\",\"@id\":\"https:\\\/\\\/lovme.pt\\\/index.php\\\/produto\\\/blacksilver-drake-deluxe-sucking-vibe-silicone-recarregavel-preto\\\/\",\"url\":\"https:\\\/\\\/lovme.pt\\\/index.php\\\/produto\\\/blacksilver-drake-deluxe-sucking-vibe-silicone-recarregavel-preto\\\/\",\"name\":\"BLACKSILVER - DRAKE DELUXE SUCKING VIBE SILICONE RECARREG\u00c1VEL PRETO - Lovme\",\"isPartOf\":{\"@id\":\"https:\\\/\\\/lovme.pt\\\/#website\"},\"primaryImageOfPage\":{\"@id\":\"https:\\\/\\\/lovme.pt\\\/index.php\\\/produto\\\/blacksilver-drake-deluxe-sucking-vibe-silicone-recarregavel-preto\\\/#primaryimage\"},\"image\":{\"@id\":\"https:\\\/\\\/lovme.pt\\\/index.php\\\/produto\\\/blacksilver-drake-deluxe-sucking-vibe-silicone-recarregavel-preto\\\/#primaryimage\"},\"thumbnailUrl\":\"https:\\\/\\\/erki24nd3ub.exactdn.com\\\/wp-content\\\/uploads\\\/dream\\\/img\\\/img_138232_3bc034c35a27de592a21d4f6f8b84fb0_1.png?strip=all\",\"datePublished\":\"2025-10-01T20:08:05+00:00\",\"dateModified\":\"2026-02-19T20:08:47+00:00\",\"breadcrumb\":{\"@id\":\"https:\\\/\\\/lovme.pt\\\/index.php\\\/produto\\\/blacksilver-drake-deluxe-sucking-vibe-silicone-recarregavel-preto\\\/#breadcrumb\"},\"inLanguage\":\"pt-PT\",\"potentialAction\":[{\"@type\":\"ReadAction\",\"target\":[\"https:\\\/\\\/lovme.pt\\\/index.php\\\/produto\\\/blacksilver-drake-deluxe-sucking-vibe-silicone-recarregavel-preto\\\/\"]}]},{\"@type\":\"ImageObject\",\"inLanguage\":\"pt-PT\",\"@id\":\"https:\\\/\\\/lovme.pt\\\/index.php\\\/produto\\\/blacksilver-drake-deluxe-sucking-vibe-silicone-recarregavel-preto\\\/#primaryimage\",\"url\":\"https:\\\/\\\/erki24nd3ub.exactdn.com\\\/wp-content\\\/uploads\\\/dream\\\/img\\\/img_138232_3bc034c35a27de592a21d4f6f8b84fb0_1.png?strip=all\",\"contentUrl\":\"https:\\\/\\\/erki24nd3ub.exactdn.com\\\/wp-content\\\/uploads\\\/dream\\\/img\\\/img_138232_3bc034c35a27de592a21d4f6f8b84fb0_1.png?strip=all\",\"width\":800,\"height\":800},{\"@type\":\"BreadcrumbList\",\"@id\":\"https:\\\/\\\/lovme.pt\\\/index.php\\\/produto\\\/blacksilver-drake-deluxe-sucking-vibe-silicone-recarregavel-preto\\\/#breadcrumb\",\"itemListElement\":[{\"@type\":\"ListItem\",\"position\":1,\"name\":\"In\u00edcio\",\"item\":\"https:\\\/\\\/lovme.pt\\\/\"},{\"@type\":\"ListItem\",\"position\":2,\"name\":\"Loja\",\"item\":\"https:\\\/\\\/lovme.pt\\\/index.php\\\/loja\\\/\"},{\"@type\":\"ListItem\",\"position\":3,\"name\":\"BLACKSILVER &#8211; DRAKE DELUXE SUCKING VIBE SILICONE RECARREG\u00c1VEL PRETO\"}]},{\"@type\":\"WebSite\",\"@id\":\"https:\\\/\\\/lovme.pt\\\/#website\",\"url\":\"https:\\\/\\\/lovme.pt\\\/\",\"name\":\"Lovme Loja Er\u00f3tica N\u00ba1 em Portugal\",\"description\":\"A melhor loja er\u00f3tica de Portugal.\",\"alternateName\":\"Loja Er\u00f3tica Lovme\",\"potentialAction\":[{\"@type\":\"SearchAction\",\"target\":{\"@type\":\"EntryPoint\",\"urlTemplate\":\"https:\\\/\\\/lovme.pt\\\/?s={search_term_string}\"},\"query-input\":{\"@type\":\"PropertyValueSpecification\",\"valueRequired\":true,\"valueName\":\"search_term_string\"}}],\"inLanguage\":\"pt-PT\"}]}<\/script>\n<!-- \/ Yoast SEO plugin. -->","yoast_head_json":{"title":"BLACKSILVER - DRAKE DELUXE SUCKING VIBE SILICONE RECARREG\u00c1VEL PRETO - Lovme","robots":{"index":"index","follow":"follow","max-snippet":"max-snippet:-1","max-image-preview":"max-image-preview:large","max-video-preview":"max-video-preview:-1"},"canonical":"https:\/\/lovme.pt\/index.php\/produto\/blacksilver-drake-deluxe-sucking-vibe-silicone-recarregavel-preto\/","og_locale":"pt_PT","og_type":"article","og_title":"BLACKSILVER - DRAKE DELUXE SUCKING VIBE SILICONE RECARREG\u00c1VEL PRETO - Lovme","og_description":"BLACKSILVER - DRAKE DELUXE SUCKING VIBE SILICONE RECARREG\u00c1VEL PRETO","og_url":"https:\/\/lovme.pt\/index.php\/produto\/blacksilver-drake-deluxe-sucking-vibe-silicone-recarregavel-preto\/","og_site_name":"Lovme","article_modified_time":"2026-02-19T20:08:47+00:00","og_image":[{"width":800,"height":800,"url":"https:\/\/erki24nd3ub.exactdn.com\/wp-content\/uploads\/dream\/img\/img_138232_3bc034c35a27de592a21d4f6f8b84fb0_1.png?strip=all","type":"image\/png"}],"twitter_card":"summary_large_image","twitter_misc":{"Tempo estimado de leitura":"3 minutos"},"schema":{"@context":"https:\/\/schema.org","@graph":[{"@type":"WebPage","@id":"https:\/\/lovme.pt\/index.php\/produto\/blacksilver-drake-deluxe-sucking-vibe-silicone-recarregavel-preto\/","url":"https:\/\/lovme.pt\/index.php\/produto\/blacksilver-drake-deluxe-sucking-vibe-silicone-recarregavel-preto\/","name":"BLACKSILVER - DRAKE DELUXE SUCKING VIBE SILICONE RECARREG\u00c1VEL PRETO - Lovme","isPartOf":{"@id":"https:\/\/lovme.pt\/#website"},"primaryImageOfPage":{"@id":"https:\/\/lovme.pt\/index.php\/produto\/blacksilver-drake-deluxe-sucking-vibe-silicone-recarregavel-preto\/#primaryimage"},"image":{"@id":"https:\/\/lovme.pt\/index.php\/produto\/blacksilver-drake-deluxe-sucking-vibe-silicone-recarregavel-preto\/#primaryimage"},"thumbnailUrl":"https:\/\/erki24nd3ub.exactdn.com\/wp-content\/uploads\/dream\/img\/img_138232_3bc034c35a27de592a21d4f6f8b84fb0_1.png?strip=all","datePublished":"2025-10-01T20:08:05+00:00","dateModified":"2026-02-19T20:08:47+00:00","breadcrumb":{"@id":"https:\/\/lovme.pt\/index.php\/produto\/blacksilver-drake-deluxe-sucking-vibe-silicone-recarregavel-preto\/#breadcrumb"},"inLanguage":"pt-PT","potentialAction":[{"@type":"ReadAction","target":["https:\/\/lovme.pt\/index.php\/produto\/blacksilver-drake-deluxe-sucking-vibe-silicone-recarregavel-preto\/"]}]},{"@type":"ImageObject","inLanguage":"pt-PT","@id":"https:\/\/lovme.pt\/index.php\/produto\/blacksilver-drake-deluxe-sucking-vibe-silicone-recarregavel-preto\/#primaryimage","url":"https:\/\/erki24nd3ub.exactdn.com\/wp-content\/uploads\/dream\/img\/img_138232_3bc034c35a27de592a21d4f6f8b84fb0_1.png?strip=all","contentUrl":"https:\/\/erki24nd3ub.exactdn.com\/wp-content\/uploads\/dream\/img\/img_138232_3bc034c35a27de592a21d4f6f8b84fb0_1.png?strip=all","width":800,"height":800},{"@type":"BreadcrumbList","@id":"https:\/\/lovme.pt\/index.php\/produto\/blacksilver-drake-deluxe-sucking-vibe-silicone-recarregavel-preto\/#breadcrumb","itemListElement":[{"@type":"ListItem","position":1,"name":"In\u00edcio","item":"https:\/\/lovme.pt\/"},{"@type":"ListItem","position":2,"name":"Loja","item":"https:\/\/lovme.pt\/index.php\/loja\/"},{"@type":"ListItem","position":3,"name":"BLACKSILVER &#8211; DRAKE DELUXE SUCKING VIBE SILICONE RECARREG\u00c1VEL PRETO"}]},{"@type":"WebSite","@id":"https:\/\/lovme.pt\/#website","url":"https:\/\/lovme.pt\/","name":"Lovme Loja Er\u00f3tica N\u00ba1 em Portugal","description":"A melhor loja er\u00f3tica de Portugal.","alternateName":"Loja Er\u00f3tica Lovme","potentialAction":[{"@type":"SearchAction","target":{"@type":"EntryPoint","urlTemplate":"https:\/\/lovme.pt\/?s={search_term_string}"},"query-input":{"@type":"PropertyValueSpecification","valueRequired":true,"valueName":"search_term_string"}}],"inLanguage":"pt-PT"}]}},"_links":{"self":[{"href":"https:\/\/lovme.pt\/index.php\/wp-json\/wp\/v2\/product\/42321","targetHints":{"allow":["GET"]}}],"collection":[{"href":"https:\/\/lovme.pt\/index.php\/wp-json\/wp\/v2\/product"}],"about":[{"href":"https:\/\/lovme.pt\/index.php\/wp-json\/wp\/v2\/types\/product"}],"wp:featuredmedia":[{"embeddable":true,"href":"https:\/\/lovme.pt\/index.php\/wp-json\/wp\/v2\/media\/103078"}],"wp:attachment":[{"href":"https:\/\/lovme.pt\/index.php\/wp-json\/wp\/v2\/media?parent=42321"}],"wp:term":[{"taxonomy":"product_brand","embeddable":true,"href":"https:\/\/lovme.pt\/index.php\/wp-json\/wp\/v2\/product_brand?post=42321"},{"taxonomy":"product_cat","embeddable":true,"href":"https:\/\/lovme.pt\/index.php\/wp-json\/wp\/v2\/product_cat?post=42321"},{"taxonomy":"product_tag","embeddable":true,"href":"https:\/\/lovme.pt\/index.php\/wp-json\/wp\/v2\/product_tag?post=42321"}],"curies":[{"name":"wp","href":"https:\/\/api.w.org\/{rel}","templated":true}]}}