{"id":42319,"date":"2026-01-19T16:07:58","date_gmt":"2026-01-19T16:07:58","guid":{"rendered":"https:\/\/lovme.pt\/?post_type=product&p=42319"},"modified":"2026-02-19T20:08:47","modified_gmt":"2026-02-19T20:08:47","slug":"blacksilver-dj-estimulador-de-coelho-de-silicone-recarregavel-adam-preto","status":"publish","type":"product","link":"https:\/\/lovme.pt\/index.php\/produto\/blacksilver-dj-estimulador-de-coelho-de-silicone-recarregavel-adam-preto\/","title":{"rendered":"BLACKSILVER &#8211; DJ. ESTIMULADOR DE COELHO DE SILICONE RECARREG\u00c1VEL ADAM PRETO"},"content":{"rendered":"<p>Novos tempos de vibra\u00e7\u00e3o intensa e prazerosa!<\/p>\n<p>BLACKSILVER\u2122 Adam oferece prazer ilimitado atrav\u00e9s de dupla estimula\u00e7\u00e3o. Dois motores potentes mimam o clit\u00f3ris e o ponto G. O estimulador clitoriano adapta-se perfeitamente ao seu design ergon\u00f3mico para uma estimula\u00e7\u00e3o intensificada.<\/p>\n<p>BLACKSILVER\u2122 Adam \u00e9 extremamente flex\u00edvel.<\/p>\n<ul>\n<li>A tecnologia de silicone flex\u00edvel torna o eixo macio, suave e extremamente flex\u00edvel.<\/li>\n<\/ul>\n<p>Dois motores potentes criam vibra\u00e7\u00f5es poderosas em toda a superf\u00edcie do dispositivo<\/p>\n<p>Gra\u00e7as ao seu acabamento \u00e0 prova d\u00e1gua IPX7, este dispositivo de bem-estar sexual pode ser usado com seguran\u00e7a na \u00e1gua e \u00e9 f\u00e1cil de limpar<\/p>\n<p>1 &#8211; UMA EXPERI\u00caNCIA INCR\u00cdVEL<\/p>\n<ul>\n<li>Explore os melhores orgasmos da sua vida estimulando o clit\u00f3ris e o ponto G ao mesmo tempo.<\/li>\n<\/ul>\n<p>2 &#8211; ESTIMULADOR EXTERNO ERGON\u00d4MICO<\/p>\n<ul>\n<li>Com bra\u00e7o totalmente flex\u00edvel e vibra\u00e7\u00f5es Ultra poderosas para estimular o clit\u00f3ris, que se adapta a todos os corpos.<\/li>\n<\/ul>\n<p>3 &#8211; SILICONE EXTRASOFT<\/p>\n<ul>\n<li>Silicone de alta qualidade, quente e agrad\u00e1vel \u00e0 pele.<\/li>\n<li>Materiais: Silicone biocompat\u00edvel e detalhes em pl\u00e1stico ABS<\/li>\n<li>10 modos de vibra\u00e7\u00e3o<\/li>\n<li>Interface: interface de 3 bot\u00f5es<\/li>\n<li>Frequ\u00eancia: 80 Hz<\/li>\n<li>Bateria: \u00edon-l\u00edtio 1050 mAh 3,7 V<\/li>\n<li>Carga: 2,5 horas a 5,0 V 750 mA<\/li>\n<li>Tempo de uso: at\u00e9 4 horas<\/li>\n<\/ul>\n<p>Aproveite o seu brinquedo tanto quanto n\u00f3s gostamos de faz\u00ea-lo para voc\u00ea.<\/p>\n<p>Por que escolher o material BlackSilver\u2122?<\/p>\n<p>Todos os brinquedos BlackSilver\u2122 s\u00e3o feitos de silicone m\u00e9dico macio e sedoso, que \u00e9 extremamente escorregadio e absorve rapidamente o calor do corpo. O brinquedo pode ser facilmente limpo com \u00e1gua morna e um pouco de sab\u00e3o. Com um pouco de limpador desinfetante para brinquedos, voc\u00ea pode garantir uma higiene particularmente completa, de prefer\u00eancia com o spray desinfetante perfeitamente coordenado da Waterfeel ou Intimichic. Para o m\u00e1ximo prazer suave, use sempre o seu brinquedo com um dos lubrificantes \u00e0 base de \u00e1gua Waterfeel que combinam perfeitamente com o produto.<\/p>\n<p><span style=\"color: rgb(57, 57, 57);\">**Observa\u00e7\u00e3o; Este produto est\u00e1 proibido de ser vendido em qualquer canal de com\u00e9rcio eletr\u00f4nico. A venda \u00e9 autorizada para pontos f\u00edsicos.<\/span> .<\/p>\n<div aria-checked=\"false\" aria-label=\"No importante\" class=\"pG\" data-is-important=\"false\" data-tooltip-align=\"b,l\" data-tooltip-contained=\"true\" data-tooltip-delay=\"1500\" jsaction=\"https:\/\/interno.dreamlove.es\/mouseenter:Oh6g9b; mouseleave:Oh6g9b;click:KjsqPd; keydown:mAamLc;\" jscontroller=\"sggJRd\" jsname=\"FaKNoe\" role=\"switch\" style=\"font-size: 0px; padding: 0px; position: relative; width: 20px; height: 20px; cursor: pointer; display: inline-block; margin: 0px 8px 0px 0px;\" tabindex=\"0\">\u00a0<\/div>\n","protected":false},"excerpt":{"rendered":"<p>BLACKSILVER &#8211; DJ. ADAM VIBE ESTIMULANTE SILICONE RECARREG\u00c1VEL PRETO<\/p>\n","protected":false},"featured_media":106240,"template":"","meta":{"_acf_changed":false},"product_brand":[],"product_cat":[17,61,76],"product_tag":[],"class_list":{"0":"post-42319","1":"product","2":"type-product","3":"status-publish","4":"has-post-thumbnail","6":"product_cat-brinquedos-de-bem-estar-sexual","7":"product_cat-para-elas","8":"product_cat-vibradores","9":"yith_product_brand-blacksilver","11":"first","12":"instock","13":"taxable","14":"shipping-taxable","15":"purchasable","16":"product-type-simple"},"acf":[],"yoast_head":"<!-- This site is optimized with the Yoast SEO plugin v27.4 - https:\/\/yoast.com\/product\/yoast-seo-wordpress\/ -->\n<title>BLACKSILVER - DJ. ESTIMULADOR DE COELHO DE SILICONE RECARREG\u00c1VEL ADAM PRETO - Lovme<\/title>\n<meta name=\"robots\" content=\"index, follow, max-snippet:-1, max-image-preview:large, max-video-preview:-1\" \/>\n<link rel=\"canonical\" href=\"https:\/\/lovme.pt\/index.php\/produto\/blacksilver-dj-estimulador-de-coelho-de-silicone-recarregavel-adam-preto\/\" \/>\n<meta property=\"og:locale\" content=\"pt_PT\" \/>\n<meta property=\"og:type\" content=\"article\" \/>\n<meta property=\"og:title\" content=\"BLACKSILVER - DJ. ESTIMULADOR DE COELHO DE SILICONE RECARREG\u00c1VEL ADAM PRETO - Lovme\" \/>\n<meta property=\"og:description\" content=\"BLACKSILVER - DJ. ADAM VIBE ESTIMULANTE SILICONE RECARREG\u00c1VEL PRETO\" \/>\n<meta property=\"og:url\" content=\"https:\/\/lovme.pt\/index.php\/produto\/blacksilver-dj-estimulador-de-coelho-de-silicone-recarregavel-adam-preto\/\" \/>\n<meta property=\"og:site_name\" content=\"Lovme\" \/>\n<meta property=\"article:modified_time\" content=\"2026-02-19T20:08:47+00:00\" \/>\n<meta property=\"og:image\" content=\"https:\/\/erki24nd3ub.exactdn.com\/wp-content\/uploads\/dream\/img\/img_138221_7150d7dd1048e585c724e2d84312c3fa_1.png?strip=all\" \/>\n\t<meta property=\"og:image:width\" content=\"800\" \/>\n\t<meta property=\"og:image:height\" content=\"800\" \/>\n\t<meta property=\"og:image:type\" content=\"image\/png\" \/>\n<meta name=\"twitter:card\" content=\"summary_large_image\" \/>\n<meta name=\"twitter:label1\" content=\"Tempo estimado de leitura\" \/>\n\t<meta name=\"twitter:data1\" content=\"2 minutos\" \/>\n<script type=\"application\/ld+json\" class=\"yoast-schema-graph\">{\"@context\":\"https:\\\/\\\/schema.org\",\"@graph\":[{\"@type\":\"WebPage\",\"@id\":\"https:\\\/\\\/lovme.pt\\\/index.php\\\/produto\\\/blacksilver-dj-estimulador-de-coelho-de-silicone-recarregavel-adam-preto\\\/\",\"url\":\"https:\\\/\\\/lovme.pt\\\/index.php\\\/produto\\\/blacksilver-dj-estimulador-de-coelho-de-silicone-recarregavel-adam-preto\\\/\",\"name\":\"BLACKSILVER - DJ. ESTIMULADOR DE COELHO DE SILICONE RECARREG\u00c1VEL ADAM PRETO - Lovme\",\"isPartOf\":{\"@id\":\"https:\\\/\\\/lovme.pt\\\/#website\"},\"primaryImageOfPage\":{\"@id\":\"https:\\\/\\\/lovme.pt\\\/index.php\\\/produto\\\/blacksilver-dj-estimulador-de-coelho-de-silicone-recarregavel-adam-preto\\\/#primaryimage\"},\"image\":{\"@id\":\"https:\\\/\\\/lovme.pt\\\/index.php\\\/produto\\\/blacksilver-dj-estimulador-de-coelho-de-silicone-recarregavel-adam-preto\\\/#primaryimage\"},\"thumbnailUrl\":\"https:\\\/\\\/erki24nd3ub.exactdn.com\\\/wp-content\\\/uploads\\\/dream\\\/img\\\/img_138221_7150d7dd1048e585c724e2d84312c3fa_1.png?strip=all\",\"datePublished\":\"2026-01-19T16:07:58+00:00\",\"dateModified\":\"2026-02-19T20:08:47+00:00\",\"breadcrumb\":{\"@id\":\"https:\\\/\\\/lovme.pt\\\/index.php\\\/produto\\\/blacksilver-dj-estimulador-de-coelho-de-silicone-recarregavel-adam-preto\\\/#breadcrumb\"},\"inLanguage\":\"pt-PT\",\"potentialAction\":[{\"@type\":\"ReadAction\",\"target\":[\"https:\\\/\\\/lovme.pt\\\/index.php\\\/produto\\\/blacksilver-dj-estimulador-de-coelho-de-silicone-recarregavel-adam-preto\\\/\"]}]},{\"@type\":\"ImageObject\",\"inLanguage\":\"pt-PT\",\"@id\":\"https:\\\/\\\/lovme.pt\\\/index.php\\\/produto\\\/blacksilver-dj-estimulador-de-coelho-de-silicone-recarregavel-adam-preto\\\/#primaryimage\",\"url\":\"https:\\\/\\\/erki24nd3ub.exactdn.com\\\/wp-content\\\/uploads\\\/dream\\\/img\\\/img_138221_7150d7dd1048e585c724e2d84312c3fa_1.png?strip=all\",\"contentUrl\":\"https:\\\/\\\/erki24nd3ub.exactdn.com\\\/wp-content\\\/uploads\\\/dream\\\/img\\\/img_138221_7150d7dd1048e585c724e2d84312c3fa_1.png?strip=all\",\"width\":800,\"height\":800},{\"@type\":\"BreadcrumbList\",\"@id\":\"https:\\\/\\\/lovme.pt\\\/index.php\\\/produto\\\/blacksilver-dj-estimulador-de-coelho-de-silicone-recarregavel-adam-preto\\\/#breadcrumb\",\"itemListElement\":[{\"@type\":\"ListItem\",\"position\":1,\"name\":\"In\u00edcio\",\"item\":\"https:\\\/\\\/lovme.pt\\\/\"},{\"@type\":\"ListItem\",\"position\":2,\"name\":\"Loja\",\"item\":\"https:\\\/\\\/lovme.pt\\\/index.php\\\/loja\\\/\"},{\"@type\":\"ListItem\",\"position\":3,\"name\":\"BLACKSILVER &#8211; DJ. ESTIMULADOR DE COELHO DE SILICONE RECARREG\u00c1VEL ADAM PRETO\"}]},{\"@type\":\"WebSite\",\"@id\":\"https:\\\/\\\/lovme.pt\\\/#website\",\"url\":\"https:\\\/\\\/lovme.pt\\\/\",\"name\":\"Lovme Loja Er\u00f3tica N\u00ba1 em Portugal\",\"description\":\"A melhor loja er\u00f3tica de Portugal.\",\"alternateName\":\"Loja Er\u00f3tica Lovme\",\"potentialAction\":[{\"@type\":\"SearchAction\",\"target\":{\"@type\":\"EntryPoint\",\"urlTemplate\":\"https:\\\/\\\/lovme.pt\\\/?s={search_term_string}\"},\"query-input\":{\"@type\":\"PropertyValueSpecification\",\"valueRequired\":true,\"valueName\":\"search_term_string\"}}],\"inLanguage\":\"pt-PT\"}]}<\/script>\n<!-- \/ Yoast SEO plugin. -->","yoast_head_json":{"title":"BLACKSILVER - DJ. ESTIMULADOR DE COELHO DE SILICONE RECARREG\u00c1VEL ADAM PRETO - Lovme","robots":{"index":"index","follow":"follow","max-snippet":"max-snippet:-1","max-image-preview":"max-image-preview:large","max-video-preview":"max-video-preview:-1"},"canonical":"https:\/\/lovme.pt\/index.php\/produto\/blacksilver-dj-estimulador-de-coelho-de-silicone-recarregavel-adam-preto\/","og_locale":"pt_PT","og_type":"article","og_title":"BLACKSILVER - DJ. ESTIMULADOR DE COELHO DE SILICONE RECARREG\u00c1VEL ADAM PRETO - Lovme","og_description":"BLACKSILVER - DJ. ADAM VIBE ESTIMULANTE SILICONE RECARREG\u00c1VEL PRETO","og_url":"https:\/\/lovme.pt\/index.php\/produto\/blacksilver-dj-estimulador-de-coelho-de-silicone-recarregavel-adam-preto\/","og_site_name":"Lovme","article_modified_time":"2026-02-19T20:08:47+00:00","og_image":[{"width":800,"height":800,"url":"https:\/\/erki24nd3ub.exactdn.com\/wp-content\/uploads\/dream\/img\/img_138221_7150d7dd1048e585c724e2d84312c3fa_1.png?strip=all","type":"image\/png"}],"twitter_card":"summary_large_image","twitter_misc":{"Tempo estimado de leitura":"2 minutos"},"schema":{"@context":"https:\/\/schema.org","@graph":[{"@type":"WebPage","@id":"https:\/\/lovme.pt\/index.php\/produto\/blacksilver-dj-estimulador-de-coelho-de-silicone-recarregavel-adam-preto\/","url":"https:\/\/lovme.pt\/index.php\/produto\/blacksilver-dj-estimulador-de-coelho-de-silicone-recarregavel-adam-preto\/","name":"BLACKSILVER - DJ. ESTIMULADOR DE COELHO DE SILICONE RECARREG\u00c1VEL ADAM PRETO - Lovme","isPartOf":{"@id":"https:\/\/lovme.pt\/#website"},"primaryImageOfPage":{"@id":"https:\/\/lovme.pt\/index.php\/produto\/blacksilver-dj-estimulador-de-coelho-de-silicone-recarregavel-adam-preto\/#primaryimage"},"image":{"@id":"https:\/\/lovme.pt\/index.php\/produto\/blacksilver-dj-estimulador-de-coelho-de-silicone-recarregavel-adam-preto\/#primaryimage"},"thumbnailUrl":"https:\/\/erki24nd3ub.exactdn.com\/wp-content\/uploads\/dream\/img\/img_138221_7150d7dd1048e585c724e2d84312c3fa_1.png?strip=all","datePublished":"2026-01-19T16:07:58+00:00","dateModified":"2026-02-19T20:08:47+00:00","breadcrumb":{"@id":"https:\/\/lovme.pt\/index.php\/produto\/blacksilver-dj-estimulador-de-coelho-de-silicone-recarregavel-adam-preto\/#breadcrumb"},"inLanguage":"pt-PT","potentialAction":[{"@type":"ReadAction","target":["https:\/\/lovme.pt\/index.php\/produto\/blacksilver-dj-estimulador-de-coelho-de-silicone-recarregavel-adam-preto\/"]}]},{"@type":"ImageObject","inLanguage":"pt-PT","@id":"https:\/\/lovme.pt\/index.php\/produto\/blacksilver-dj-estimulador-de-coelho-de-silicone-recarregavel-adam-preto\/#primaryimage","url":"https:\/\/erki24nd3ub.exactdn.com\/wp-content\/uploads\/dream\/img\/img_138221_7150d7dd1048e585c724e2d84312c3fa_1.png?strip=all","contentUrl":"https:\/\/erki24nd3ub.exactdn.com\/wp-content\/uploads\/dream\/img\/img_138221_7150d7dd1048e585c724e2d84312c3fa_1.png?strip=all","width":800,"height":800},{"@type":"BreadcrumbList","@id":"https:\/\/lovme.pt\/index.php\/produto\/blacksilver-dj-estimulador-de-coelho-de-silicone-recarregavel-adam-preto\/#breadcrumb","itemListElement":[{"@type":"ListItem","position":1,"name":"In\u00edcio","item":"https:\/\/lovme.pt\/"},{"@type":"ListItem","position":2,"name":"Loja","item":"https:\/\/lovme.pt\/index.php\/loja\/"},{"@type":"ListItem","position":3,"name":"BLACKSILVER &#8211; DJ. ESTIMULADOR DE COELHO DE SILICONE RECARREG\u00c1VEL ADAM PRETO"}]},{"@type":"WebSite","@id":"https:\/\/lovme.pt\/#website","url":"https:\/\/lovme.pt\/","name":"Lovme Loja Er\u00f3tica N\u00ba1 em Portugal","description":"A melhor loja er\u00f3tica de Portugal.","alternateName":"Loja Er\u00f3tica Lovme","potentialAction":[{"@type":"SearchAction","target":{"@type":"EntryPoint","urlTemplate":"https:\/\/lovme.pt\/?s={search_term_string}"},"query-input":{"@type":"PropertyValueSpecification","valueRequired":true,"valueName":"search_term_string"}}],"inLanguage":"pt-PT"}]}},"_links":{"self":[{"href":"https:\/\/lovme.pt\/index.php\/wp-json\/wp\/v2\/product\/42319","targetHints":{"allow":["GET"]}}],"collection":[{"href":"https:\/\/lovme.pt\/index.php\/wp-json\/wp\/v2\/product"}],"about":[{"href":"https:\/\/lovme.pt\/index.php\/wp-json\/wp\/v2\/types\/product"}],"wp:featuredmedia":[{"embeddable":true,"href":"https:\/\/lovme.pt\/index.php\/wp-json\/wp\/v2\/media\/106240"}],"wp:attachment":[{"href":"https:\/\/lovme.pt\/index.php\/wp-json\/wp\/v2\/media?parent=42319"}],"wp:term":[{"taxonomy":"product_brand","embeddable":true,"href":"https:\/\/lovme.pt\/index.php\/wp-json\/wp\/v2\/product_brand?post=42319"},{"taxonomy":"product_cat","embeddable":true,"href":"https:\/\/lovme.pt\/index.php\/wp-json\/wp\/v2\/product_cat?post=42319"},{"taxonomy":"product_tag","embeddable":true,"href":"https:\/\/lovme.pt\/index.php\/wp-json\/wp\/v2\/product_tag?post=42319"}],"curies":[{"name":"wp","href":"https:\/\/api.w.org\/{rel}","templated":true}]}}