{"id":42318,"date":"2026-01-19T16:03:58","date_gmt":"2026-01-19T16:03:58","guid":{"rendered":"https:\/\/lovme.pt\/?post_type=product&p=42318"},"modified":"2026-02-19T20:06:52","modified_gmt":"2026-02-19T20:06:52","slug":"blacksilver-anel-vibrador-de-silicone-3-motores-recarregaveis-preto","status":"publish","type":"product","link":"https:\/\/lovme.pt\/index.php\/produto\/blacksilver-anel-vibrador-de-silicone-3-motores-recarregaveis-preto\/","title":{"rendered":"BLACKSILVER &#8211; ANEL VIBRADOR DE SILICONE 3 MOTORES RECARREG\u00c1VEIS PRETO"},"content":{"rendered":"<p>Ofere\u00e7a ao seu parceiro uma experi\u00eancia incompar\u00e1vel gra\u00e7as a este anel vibrat\u00f3rio da BlackSilver\u2122. Especialmente extens\u00edvel, adapta-se facilmente a todos os tamanhos e sublima a ere\u00e7\u00e3o enquanto o seu revolucion\u00e1rio estimulador vibra com a vibra\u00e7\u00e3o e satisfar\u00e1 o seu clit\u00f3ris.<\/p>\n<p>BlackSilver\u2122 Licking \u00e9 um anel vibrat\u00f3rio perfeito para casais gra\u00e7as ao seu habilidoso e flex\u00edvel estimulador de efeito Licking. Perfeito para um trio.<\/p>\n<p>Casais:<\/p>\n<p>Combinando an\u00e9is penianos e estimula\u00e7\u00e3o do clit\u00f3ris, este talentoso anel de bala faz com que voc\u00ea goste de compartilhar essa experi\u00eancia incr\u00edvel com seu parceiro. O estimulador Licking estilizado e com formato totalmente ergon\u00f4mico faz contato perfeito com o clit\u00f3ris para proporcionar maior estimula\u00e7\u00e3o e orgasmos mais intensos.<\/p>\n<p>Para ela:<\/p>\n<p>Ondulando no centro do corpo macio e texturizado, BlackSilver\u2122 Licking apresenta pequenas linhas que se movem com a vibra\u00e7\u00e3o para satisfazer o clit\u00f3ris.<\/p>\n<p>Para ele:<\/p>\n<p>Projetado para estimula\u00e7\u00e3o mais duradoura e maior fervor, a flexibilidade e firmeza do anel peniano levanta suavemente seu membro, melhorando sua ere\u00e7\u00e3o, travando-o firmemente no lugar e oferecendo suporte s\u00f3lido para sua base.<\/p>\n<p>COMO US\u00c1-LO?<\/p>\n<p>Para desfrutar deste incr\u00edvel e emocionante par de an\u00e9is, basta usar as faixas flex\u00edveis e coloc\u00e1-lo sobre a base do seu p\u00eanis. Ajuste-o conforme necess\u00e1rio para maior conforto.<\/p>\n<p>Aumente instantaneamente a satisfa\u00e7\u00e3o com um simples clique. Pressione os bot\u00f5es duplos, habilmente colocados em cada lado do anel para ativar uma intensa onda de pulsa\u00e7\u00f5es para uma experi\u00eancia er\u00f3tica extrema.<\/p>\n<p>Colocado no centro deste anel criativo e vers\u00e1til est\u00e1 o motor \u00fanico e potente. O motor tem for\u00e7a suficiente para estimular totalmente seu membro enquanto acaricia seu pontinho sens\u00edvel, produzindo orgasmos m\u00faltiplos para os casais. Como cortesia, o pequeno mas potente motor sussurra sutilmente em seu ambiente silencioso.<\/p>\n<p>Al\u00e9m disso, o Licking BlackSilver\u2122 \u00e9 \u00e0 prova d\u00e1gua IPX6, voc\u00ea tamb\u00e9m pode us\u00e1-lo nos locais mais \u00famidos, como embaixo do chuveiro ou na banheira, e tamb\u00e9m pode ser facilmente limpo com \u00e1gua morna e sab\u00e3o neutro. BlackSilver\u2122 Licking \u00e9 de tirar o f\u00f4lego, as baterias integradas podem ser recarregadas usando o cabo de carregamento USB inclu\u00eddo.<\/p>\n<ul>\n<li>Vibra\u00e7\u00e3o profunda super intensa.<\/li>\n<li>Silicone amigo do corpo<\/li>\n<li>10 modos de vibra\u00e7\u00e3o de frequ\u00eancia<\/li>\n<li>10 modos de efeito estimulantes de lambida.<\/li>\n<li>IPX6 \u00e0 prova d\u00e1gua<\/li>\n<li>Bateria de \u00edon de l\u00edtio. Cabo inclu\u00eddo.<\/li>\n<\/ul>\n<p>Se falamos de conforto no transporte e discri\u00e7\u00e3o, BlackSilver\u2122 come\u00e7a por inovar, pois tamb\u00e9m consideramos que \u00e9 uma parte muito importante da experi\u00eancia de compra de um brinquedo er\u00f3tico. Ao adquirir um brinquedo BlackSilver\u2122, receber\u00e1 uma caixa premium onde encontrar\u00e1 o brinquedo, um carregador, para que a primeira experi\u00eancia do cliente seja a mais agrad\u00e1vel poss\u00edvel, podendo transportar o brinquedo discretamente para onde quiser.<\/p>\n<p>Por que escolher o material BlackSilver\u2122?<\/p>\n<p>MATERIAIS E CUIDADOS<\/p>\n<p>Todos os brinquedos BlackSilver\u2122 s\u00e3o feitos de silicone m\u00e9dico macio e sedoso, que \u00e9 extremamente escorregadio e absorve rapidamente o calor do corpo. O brinquedo pode ser facilmente limpo com \u00e1gua morna e um pouco de sab\u00e3o. Com um pouco de limpador desinfetante para brinquedos, voc\u00ea pode garantir uma higiene particularmente completa, de prefer\u00eancia com o spray desinfetante perfeitamente coordenado da Waterfeel ou Intimichic. Para o m\u00e1ximo prazer suave, use sempre o seu brinquedo com um dos lubrificantes \u00e0 base de \u00e1gua Waterfeel que combinam perfeitamente com o produto.<\/p>\n<p><span font-size:=\"\" roboto=\"\" style=\"color: rgb(57, 57, 57); font-family: \">**Observa\u00e7\u00e3o; Este produto est\u00e1 proibido de ser vendido em qualquer canal de com\u00e9rcio eletr\u00f4nico. A venda \u00e9 autorizada para pontos f\u00edsicos.<\/span><\/p>\n","protected":false},"excerpt":{"rendered":"<p>BLACKSILVER &#8211; ANEL DE GALO VIBRANDO E LAMBENDO SILICONE RECARREG\u00c1VEL PRETO<\/p>\n","protected":false},"featured_media":106145,"template":"","meta":{"_acf_changed":false},"product_brand":[],"product_cat":[17,59,60],"product_tag":[],"class_list":{"0":"post-42318","1":"product","2":"type-product","3":"status-publish","4":"has-post-thumbnail","6":"product_cat-brinquedos-de-bem-estar-sexual","7":"product_cat-para-casais","8":"product_cat-para-eles","9":"yith_product_brand-blacksilver","11":"first","12":"instock","13":"taxable","14":"shipping-taxable","15":"purchasable","16":"product-type-simple"},"acf":[],"yoast_head":"<!-- This site is optimized with the Yoast SEO plugin v27.4 - https:\/\/yoast.com\/product\/yoast-seo-wordpress\/ -->\n<title>BLACKSILVER - ANEL VIBRADOR DE SILICONE 3 MOTORES RECARREG\u00c1VEIS PRETO - Lovme<\/title>\n<meta name=\"robots\" content=\"index, follow, max-snippet:-1, max-image-preview:large, max-video-preview:-1\" \/>\n<link rel=\"canonical\" href=\"https:\/\/lovme.pt\/index.php\/produto\/blacksilver-anel-vibrador-de-silicone-3-motores-recarregaveis-preto\/\" \/>\n<meta property=\"og:locale\" content=\"pt_PT\" \/>\n<meta property=\"og:type\" content=\"article\" \/>\n<meta property=\"og:title\" content=\"BLACKSILVER - ANEL VIBRADOR DE SILICONE 3 MOTORES RECARREG\u00c1VEIS PRETO - Lovme\" \/>\n<meta property=\"og:description\" content=\"BLACKSILVER - ANEL DE GALO VIBRANDO E LAMBENDO SILICONE RECARREG\u00c1VEL PRETO\" \/>\n<meta property=\"og:url\" content=\"https:\/\/lovme.pt\/index.php\/produto\/blacksilver-anel-vibrador-de-silicone-3-motores-recarregaveis-preto\/\" \/>\n<meta property=\"og:site_name\" content=\"Lovme\" \/>\n<meta property=\"article:modified_time\" content=\"2026-02-19T20:06:52+00:00\" \/>\n<meta property=\"og:image\" content=\"https:\/\/erki24nd3ub.exactdn.com\/wp-content\/uploads\/dream\/img\/img_138198_277ebf80514d1ed28b715eff1af1ed4d_1.png?strip=all\" \/>\n\t<meta property=\"og:image:width\" content=\"800\" \/>\n\t<meta property=\"og:image:height\" content=\"800\" \/>\n\t<meta property=\"og:image:type\" content=\"image\/png\" \/>\n<meta name=\"twitter:card\" content=\"summary_large_image\" \/>\n<meta name=\"twitter:label1\" content=\"Tempo estimado de leitura\" \/>\n\t<meta name=\"twitter:data1\" content=\"3 minutos\" \/>\n<script type=\"application\/ld+json\" class=\"yoast-schema-graph\">{\"@context\":\"https:\\\/\\\/schema.org\",\"@graph\":[{\"@type\":\"WebPage\",\"@id\":\"https:\\\/\\\/lovme.pt\\\/index.php\\\/produto\\\/blacksilver-anel-vibrador-de-silicone-3-motores-recarregaveis-preto\\\/\",\"url\":\"https:\\\/\\\/lovme.pt\\\/index.php\\\/produto\\\/blacksilver-anel-vibrador-de-silicone-3-motores-recarregaveis-preto\\\/\",\"name\":\"BLACKSILVER - ANEL VIBRADOR DE SILICONE 3 MOTORES RECARREG\u00c1VEIS PRETO - Lovme\",\"isPartOf\":{\"@id\":\"https:\\\/\\\/lovme.pt\\\/#website\"},\"primaryImageOfPage\":{\"@id\":\"https:\\\/\\\/lovme.pt\\\/index.php\\\/produto\\\/blacksilver-anel-vibrador-de-silicone-3-motores-recarregaveis-preto\\\/#primaryimage\"},\"image\":{\"@id\":\"https:\\\/\\\/lovme.pt\\\/index.php\\\/produto\\\/blacksilver-anel-vibrador-de-silicone-3-motores-recarregaveis-preto\\\/#primaryimage\"},\"thumbnailUrl\":\"https:\\\/\\\/erki24nd3ub.exactdn.com\\\/wp-content\\\/uploads\\\/dream\\\/img\\\/img_138198_277ebf80514d1ed28b715eff1af1ed4d_1.png?strip=all\",\"datePublished\":\"2026-01-19T16:03:58+00:00\",\"dateModified\":\"2026-02-19T20:06:52+00:00\",\"breadcrumb\":{\"@id\":\"https:\\\/\\\/lovme.pt\\\/index.php\\\/produto\\\/blacksilver-anel-vibrador-de-silicone-3-motores-recarregaveis-preto\\\/#breadcrumb\"},\"inLanguage\":\"pt-PT\",\"potentialAction\":[{\"@type\":\"ReadAction\",\"target\":[\"https:\\\/\\\/lovme.pt\\\/index.php\\\/produto\\\/blacksilver-anel-vibrador-de-silicone-3-motores-recarregaveis-preto\\\/\"]}]},{\"@type\":\"ImageObject\",\"inLanguage\":\"pt-PT\",\"@id\":\"https:\\\/\\\/lovme.pt\\\/index.php\\\/produto\\\/blacksilver-anel-vibrador-de-silicone-3-motores-recarregaveis-preto\\\/#primaryimage\",\"url\":\"https:\\\/\\\/erki24nd3ub.exactdn.com\\\/wp-content\\\/uploads\\\/dream\\\/img\\\/img_138198_277ebf80514d1ed28b715eff1af1ed4d_1.png?strip=all\",\"contentUrl\":\"https:\\\/\\\/erki24nd3ub.exactdn.com\\\/wp-content\\\/uploads\\\/dream\\\/img\\\/img_138198_277ebf80514d1ed28b715eff1af1ed4d_1.png?strip=all\",\"width\":800,\"height\":800},{\"@type\":\"BreadcrumbList\",\"@id\":\"https:\\\/\\\/lovme.pt\\\/index.php\\\/produto\\\/blacksilver-anel-vibrador-de-silicone-3-motores-recarregaveis-preto\\\/#breadcrumb\",\"itemListElement\":[{\"@type\":\"ListItem\",\"position\":1,\"name\":\"In\u00edcio\",\"item\":\"https:\\\/\\\/lovme.pt\\\/\"},{\"@type\":\"ListItem\",\"position\":2,\"name\":\"Loja\",\"item\":\"https:\\\/\\\/lovme.pt\\\/index.php\\\/loja\\\/\"},{\"@type\":\"ListItem\",\"position\":3,\"name\":\"BLACKSILVER &#8211; ANEL VIBRADOR DE SILICONE 3 MOTORES RECARREG\u00c1VEIS PRETO\"}]},{\"@type\":\"WebSite\",\"@id\":\"https:\\\/\\\/lovme.pt\\\/#website\",\"url\":\"https:\\\/\\\/lovme.pt\\\/\",\"name\":\"Lovme Loja Er\u00f3tica N\u00ba1 em Portugal\",\"description\":\"A melhor loja er\u00f3tica de Portugal.\",\"alternateName\":\"Loja Er\u00f3tica Lovme\",\"potentialAction\":[{\"@type\":\"SearchAction\",\"target\":{\"@type\":\"EntryPoint\",\"urlTemplate\":\"https:\\\/\\\/lovme.pt\\\/?s={search_term_string}\"},\"query-input\":{\"@type\":\"PropertyValueSpecification\",\"valueRequired\":true,\"valueName\":\"search_term_string\"}}],\"inLanguage\":\"pt-PT\"}]}<\/script>\n<!-- \/ Yoast SEO plugin. -->","yoast_head_json":{"title":"BLACKSILVER - ANEL VIBRADOR DE SILICONE 3 MOTORES RECARREG\u00c1VEIS PRETO - Lovme","robots":{"index":"index","follow":"follow","max-snippet":"max-snippet:-1","max-image-preview":"max-image-preview:large","max-video-preview":"max-video-preview:-1"},"canonical":"https:\/\/lovme.pt\/index.php\/produto\/blacksilver-anel-vibrador-de-silicone-3-motores-recarregaveis-preto\/","og_locale":"pt_PT","og_type":"article","og_title":"BLACKSILVER - ANEL VIBRADOR DE SILICONE 3 MOTORES RECARREG\u00c1VEIS PRETO - Lovme","og_description":"BLACKSILVER - ANEL DE GALO VIBRANDO E LAMBENDO SILICONE RECARREG\u00c1VEL PRETO","og_url":"https:\/\/lovme.pt\/index.php\/produto\/blacksilver-anel-vibrador-de-silicone-3-motores-recarregaveis-preto\/","og_site_name":"Lovme","article_modified_time":"2026-02-19T20:06:52+00:00","og_image":[{"width":800,"height":800,"url":"https:\/\/erki24nd3ub.exactdn.com\/wp-content\/uploads\/dream\/img\/img_138198_277ebf80514d1ed28b715eff1af1ed4d_1.png?strip=all","type":"image\/png"}],"twitter_card":"summary_large_image","twitter_misc":{"Tempo estimado de leitura":"3 minutos"},"schema":{"@context":"https:\/\/schema.org","@graph":[{"@type":"WebPage","@id":"https:\/\/lovme.pt\/index.php\/produto\/blacksilver-anel-vibrador-de-silicone-3-motores-recarregaveis-preto\/","url":"https:\/\/lovme.pt\/index.php\/produto\/blacksilver-anel-vibrador-de-silicone-3-motores-recarregaveis-preto\/","name":"BLACKSILVER - ANEL VIBRADOR DE SILICONE 3 MOTORES RECARREG\u00c1VEIS PRETO - Lovme","isPartOf":{"@id":"https:\/\/lovme.pt\/#website"},"primaryImageOfPage":{"@id":"https:\/\/lovme.pt\/index.php\/produto\/blacksilver-anel-vibrador-de-silicone-3-motores-recarregaveis-preto\/#primaryimage"},"image":{"@id":"https:\/\/lovme.pt\/index.php\/produto\/blacksilver-anel-vibrador-de-silicone-3-motores-recarregaveis-preto\/#primaryimage"},"thumbnailUrl":"https:\/\/erki24nd3ub.exactdn.com\/wp-content\/uploads\/dream\/img\/img_138198_277ebf80514d1ed28b715eff1af1ed4d_1.png?strip=all","datePublished":"2026-01-19T16:03:58+00:00","dateModified":"2026-02-19T20:06:52+00:00","breadcrumb":{"@id":"https:\/\/lovme.pt\/index.php\/produto\/blacksilver-anel-vibrador-de-silicone-3-motores-recarregaveis-preto\/#breadcrumb"},"inLanguage":"pt-PT","potentialAction":[{"@type":"ReadAction","target":["https:\/\/lovme.pt\/index.php\/produto\/blacksilver-anel-vibrador-de-silicone-3-motores-recarregaveis-preto\/"]}]},{"@type":"ImageObject","inLanguage":"pt-PT","@id":"https:\/\/lovme.pt\/index.php\/produto\/blacksilver-anel-vibrador-de-silicone-3-motores-recarregaveis-preto\/#primaryimage","url":"https:\/\/erki24nd3ub.exactdn.com\/wp-content\/uploads\/dream\/img\/img_138198_277ebf80514d1ed28b715eff1af1ed4d_1.png?strip=all","contentUrl":"https:\/\/erki24nd3ub.exactdn.com\/wp-content\/uploads\/dream\/img\/img_138198_277ebf80514d1ed28b715eff1af1ed4d_1.png?strip=all","width":800,"height":800},{"@type":"BreadcrumbList","@id":"https:\/\/lovme.pt\/index.php\/produto\/blacksilver-anel-vibrador-de-silicone-3-motores-recarregaveis-preto\/#breadcrumb","itemListElement":[{"@type":"ListItem","position":1,"name":"In\u00edcio","item":"https:\/\/lovme.pt\/"},{"@type":"ListItem","position":2,"name":"Loja","item":"https:\/\/lovme.pt\/index.php\/loja\/"},{"@type":"ListItem","position":3,"name":"BLACKSILVER &#8211; ANEL VIBRADOR DE SILICONE 3 MOTORES RECARREG\u00c1VEIS PRETO"}]},{"@type":"WebSite","@id":"https:\/\/lovme.pt\/#website","url":"https:\/\/lovme.pt\/","name":"Lovme Loja Er\u00f3tica N\u00ba1 em Portugal","description":"A melhor loja er\u00f3tica de Portugal.","alternateName":"Loja Er\u00f3tica Lovme","potentialAction":[{"@type":"SearchAction","target":{"@type":"EntryPoint","urlTemplate":"https:\/\/lovme.pt\/?s={search_term_string}"},"query-input":{"@type":"PropertyValueSpecification","valueRequired":true,"valueName":"search_term_string"}}],"inLanguage":"pt-PT"}]}},"_links":{"self":[{"href":"https:\/\/lovme.pt\/index.php\/wp-json\/wp\/v2\/product\/42318","targetHints":{"allow":["GET"]}}],"collection":[{"href":"https:\/\/lovme.pt\/index.php\/wp-json\/wp\/v2\/product"}],"about":[{"href":"https:\/\/lovme.pt\/index.php\/wp-json\/wp\/v2\/types\/product"}],"wp:featuredmedia":[{"embeddable":true,"href":"https:\/\/lovme.pt\/index.php\/wp-json\/wp\/v2\/media\/106145"}],"wp:attachment":[{"href":"https:\/\/lovme.pt\/index.php\/wp-json\/wp\/v2\/media?parent=42318"}],"wp:term":[{"taxonomy":"product_brand","embeddable":true,"href":"https:\/\/lovme.pt\/index.php\/wp-json\/wp\/v2\/product_brand?post=42318"},{"taxonomy":"product_cat","embeddable":true,"href":"https:\/\/lovme.pt\/index.php\/wp-json\/wp\/v2\/product_cat?post=42318"},{"taxonomy":"product_tag","embeddable":true,"href":"https:\/\/lovme.pt\/index.php\/wp-json\/wp\/v2\/product_tag?post=42318"}],"curies":[{"name":"wp","href":"https:\/\/api.w.org\/{rel}","templated":true}]}}