{"id":42317,"date":"2026-01-19T16:04:36","date_gmt":"2026-01-19T16:04:36","guid":{"rendered":"https:\/\/lovme.pt\/?post_type=product&p=42317"},"modified":"2026-02-19T20:07:33","modified_gmt":"2026-02-19T20:07:33","slug":"blacksilver-cala-vibradora-de-silicone-recarregvel-preston-preta","status":"publish","type":"product","link":"https:\/\/lovme.pt\/index.php\/produto\/blacksilver-cala-vibradora-de-silicone-recarregvel-preston-preta\/","title":{"rendered":"BLACKSILVER &#8211; CALA VIBRADORA DE SILICONE RECARREGVEL PRESTON PRETA"},"content":{"rendered":"<p>Criatividade sem limites! Jogue em qualquer lugar!<\/p>\n<p>Com o pr\u00e1tico \u00edman, o vibrador BlackSilver\u2122 Silicone Panty fixa-se discretamente \u00e0 calcinha e estimula o clit\u00f3ris gra\u00e7as ao seu formato ergon\u00f4mico e vibra\u00e7\u00f5es intensas. O silicone bodysafe para a pele e o controle remoto do controle remoto totalmente discreto resultam em um brinquedo \u00fanico.<\/p>\n<p>Vibrador Panty de silicone BlackSilver\u2122: vibrador clitoriano para viagens<\/p>\n<p>O vibrador de calcinha de silicone BlackSilver \u2122 oferece uma estimula\u00e7\u00e3o muito sexual quando voc\u00ea est\u00e1 fora: O vibrador de calcinha \u00e9 preso \u00e0 calcinha gra\u00e7as a um \u00edm\u00e3 confort\u00e1vel, para que possa mim\u00e1-la com vibra\u00e7\u00f5es poderosas e silenciosas e animar sua vida di\u00e1ria.<\/p>\n<p>Gra\u00e7as ao seu formato ergon\u00f4mico, adapta-se perfeitamente aos contornos do seu corpo e repousa diretamente sobre o clit\u00f3ris, permitindo-lhe experimentar uma estimula\u00e7\u00e3o particularmente intensa. A estrutura de silicone segura para o corpo \u00e9 particularmente macia e garante um jogo delicado com apenas algumas gotas de lubrificante.<\/p>\n<p>Como o vibrador clitoriano \u00e9 port\u00e1til, ele tamb\u00e9m pode ser facilmente controlado em qualquer lugar: o controle remoto atrav\u00e9s do controle remoto totalmente discreto garante uma opera\u00e7\u00e3o f\u00e1cil e simples. Desta forma voc\u00ea pode controlar as vibra\u00e7\u00f5es da calcinha vibrat\u00f3ria atrav\u00e9s do controle remoto, ou dar o controle ao seu parceiro! Gra\u00e7as ao novo controle remoto projetado para total discri\u00e7\u00e3o, voc\u00ea pode dar asas \u00e0 sua criatividade.<\/p>\n<p>Al\u00e9m disso, como o vibrador de calcinha \u00e9 \u00e0 prova d\u00e1gua IPX7, voc\u00ea tamb\u00e9m pode us\u00e1-lo nos locais mais \u00famidos, como embaixo do chuveiro ou na banheira, e tamb\u00e9m pode ser facilmente limpo com \u00e1gua morna e sab\u00e3o neutro. Se o vibrador BlackSilver\u2122 Silicone Panty ficar sem energia, as baterias integradas podem ser recarregadas usando o cabo de carregamento USB inclu\u00eddo.<\/p>\n<ul>\n<li>Vibra\u00e7\u00e3o profunda super intensa.<\/li>\n<li>Silicone amigo do corpo<\/li>\n<li>9 modos de vibra\u00e7\u00e3o de frequ\u00eancia<\/li>\n<li>IPX7 \u00e0 prova d\u00e1gua<\/li>\n<li>modo sussurro<\/li>\n<li>Bateria de \u00edon de l\u00edtio. Cabo inclu\u00eddo.<\/li>\n<\/ul>\n<p>Se falamos de conforto no transporte e discri\u00e7\u00e3o, BlackSilver\u2122 come\u00e7a por inovar, pois tamb\u00e9m consideramos que \u00e9 uma parte muito importante da experi\u00eancia de compra de um brinquedo er\u00f3tico. Ao adquirir um brinquedo BlackSilver\u2122, receber\u00e1 uma caixa premium onde encontrar\u00e1 o brinquedo, um carregador, para que a primeira experi\u00eancia do cliente seja a mais agrad\u00e1vel poss\u00edvel, podendo transportar o brinquedo discretamente para onde quiser.<\/p>\n<p>Por que escolher o material BlackSilver\u2122?<\/p>\n<p>MATERIAIS E CUIDADOS<\/p>\n<p>Todos os brinquedos BlackSilver\u2122 s\u00e3o feitos de silicone m\u00e9dico macio e sedoso, que \u00e9 extremamente escorregadio e absorve rapidamente o calor do corpo. O brinquedo pode ser facilmente limpo com \u00e1gua morna e um pouco de sab\u00e3o. Com um pouco de limpador desinfetante para brinquedos, voc\u00ea pode garantir uma higiene particularmente completa, de prefer\u00eancia com o spray desinfetante perfeitamente coordenado da Waterfeel ou Intimichic. Para o m\u00e1ximo prazer suave, use sempre o seu brinquedo com um dos lubrificantes \u00e0 base de \u00e1gua Waterfeel que combinam perfeitamente com o produto.<\/p>\n<p><span style=\"color: rgb(57, 57, 57);\">**Observa\u00e7\u00e3o; Este produto est\u00e1 proibido de ser vendido em qualquer canal de com\u00e9rcio eletr\u00f4nico. A venda \u00e9 autorizada para pontos f\u00edsicos.<\/span><\/p>\n","protected":false},"excerpt":{"rendered":"<p>BLACKSILVER &#8211; CALA VIBRADORA DE SILICONE RECARREGVEL PRESTON PRETA<\/p>\n","protected":false},"featured_media":106150,"template":"","meta":{"_acf_changed":false},"product_brand":[],"product_cat":[17,63,76],"product_tag":[],"class_list":{"0":"post-42317","1":"product","2":"type-product","3":"status-publish","4":"has-post-thumbnail","6":"product_cat-brinquedos-de-bem-estar-sexual","7":"product_cat-sexo-anal","8":"product_cat-vibradores","9":"yith_product_brand-blacksilver","11":"first","12":"instock","13":"taxable","14":"shipping-taxable","15":"purchasable","16":"product-type-simple"},"acf":[],"yoast_head":"<!-- This site is optimized with the Yoast SEO plugin v27.3 - https:\/\/yoast.com\/product\/yoast-seo-wordpress\/ -->\n<title>BLACKSILVER - CALA VIBRADORA DE SILICONE RECARREGVEL PRESTON PRETA - Lovme<\/title>\n<meta name=\"robots\" content=\"index, follow, max-snippet:-1, max-image-preview:large, max-video-preview:-1\" \/>\n<link rel=\"canonical\" href=\"https:\/\/lovme.pt\/index.php\/produto\/blacksilver-cala-vibradora-de-silicone-recarregvel-preston-preta\/\" \/>\n<meta property=\"og:locale\" content=\"pt_PT\" \/>\n<meta property=\"og:type\" content=\"article\" \/>\n<meta property=\"og:title\" content=\"BLACKSILVER - CALA VIBRADORA DE SILICONE RECARREGVEL PRESTON PRETA - Lovme\" \/>\n<meta property=\"og:description\" content=\"BLACKSILVER - CALA VIBRADORA DE SILICONE RECARREGVEL PRESTON PRETA\" \/>\n<meta property=\"og:url\" content=\"https:\/\/lovme.pt\/index.php\/produto\/blacksilver-cala-vibradora-de-silicone-recarregvel-preston-preta\/\" \/>\n<meta property=\"og:site_name\" content=\"Lovme\" \/>\n<meta property=\"article:modified_time\" content=\"2026-02-19T20:07:33+00:00\" \/>\n<meta property=\"og:image\" content=\"https:\/\/erki24nd3ub.exactdn.com\/wp-content\/uploads\/dream\/img\/img_138187_ac054e9e046ff0a3aeb8d80c8dc7c27f_1.png?strip=all\" \/>\n\t<meta property=\"og:image:width\" content=\"800\" \/>\n\t<meta property=\"og:image:height\" content=\"800\" \/>\n\t<meta property=\"og:image:type\" content=\"image\/png\" \/>\n<meta name=\"twitter:card\" content=\"summary_large_image\" \/>\n<meta name=\"twitter:label1\" content=\"Tempo estimado de leitura\" \/>\n\t<meta name=\"twitter:data1\" content=\"3 minutos\" \/>\n<script type=\"application\/ld+json\" class=\"yoast-schema-graph\">{\"@context\":\"https:\\\/\\\/schema.org\",\"@graph\":[{\"@type\":\"WebPage\",\"@id\":\"https:\\\/\\\/lovme.pt\\\/index.php\\\/produto\\\/blacksilver-cala-vibradora-de-silicone-recarregvel-preston-preta\\\/\",\"url\":\"https:\\\/\\\/lovme.pt\\\/index.php\\\/produto\\\/blacksilver-cala-vibradora-de-silicone-recarregvel-preston-preta\\\/\",\"name\":\"BLACKSILVER - CALA VIBRADORA DE SILICONE RECARREGVEL PRESTON PRETA - Lovme\",\"isPartOf\":{\"@id\":\"https:\\\/\\\/lovme.pt\\\/#website\"},\"primaryImageOfPage\":{\"@id\":\"https:\\\/\\\/lovme.pt\\\/index.php\\\/produto\\\/blacksilver-cala-vibradora-de-silicone-recarregvel-preston-preta\\\/#primaryimage\"},\"image\":{\"@id\":\"https:\\\/\\\/lovme.pt\\\/index.php\\\/produto\\\/blacksilver-cala-vibradora-de-silicone-recarregvel-preston-preta\\\/#primaryimage\"},\"thumbnailUrl\":\"https:\\\/\\\/erki24nd3ub.exactdn.com\\\/wp-content\\\/uploads\\\/dream\\\/img\\\/img_138187_ac054e9e046ff0a3aeb8d80c8dc7c27f_1.png?strip=all\",\"datePublished\":\"2026-01-19T16:04:36+00:00\",\"dateModified\":\"2026-02-19T20:07:33+00:00\",\"breadcrumb\":{\"@id\":\"https:\\\/\\\/lovme.pt\\\/index.php\\\/produto\\\/blacksilver-cala-vibradora-de-silicone-recarregvel-preston-preta\\\/#breadcrumb\"},\"inLanguage\":\"pt-PT\",\"potentialAction\":[{\"@type\":\"ReadAction\",\"target\":[\"https:\\\/\\\/lovme.pt\\\/index.php\\\/produto\\\/blacksilver-cala-vibradora-de-silicone-recarregvel-preston-preta\\\/\"]}]},{\"@type\":\"ImageObject\",\"inLanguage\":\"pt-PT\",\"@id\":\"https:\\\/\\\/lovme.pt\\\/index.php\\\/produto\\\/blacksilver-cala-vibradora-de-silicone-recarregvel-preston-preta\\\/#primaryimage\",\"url\":\"https:\\\/\\\/erki24nd3ub.exactdn.com\\\/wp-content\\\/uploads\\\/dream\\\/img\\\/img_138187_ac054e9e046ff0a3aeb8d80c8dc7c27f_1.png?strip=all\",\"contentUrl\":\"https:\\\/\\\/erki24nd3ub.exactdn.com\\\/wp-content\\\/uploads\\\/dream\\\/img\\\/img_138187_ac054e9e046ff0a3aeb8d80c8dc7c27f_1.png?strip=all\",\"width\":800,\"height\":800},{\"@type\":\"BreadcrumbList\",\"@id\":\"https:\\\/\\\/lovme.pt\\\/index.php\\\/produto\\\/blacksilver-cala-vibradora-de-silicone-recarregvel-preston-preta\\\/#breadcrumb\",\"itemListElement\":[{\"@type\":\"ListItem\",\"position\":1,\"name\":\"In\u00edcio\",\"item\":\"https:\\\/\\\/lovme.pt\\\/\"},{\"@type\":\"ListItem\",\"position\":2,\"name\":\"Loja\",\"item\":\"https:\\\/\\\/lovme.pt\\\/index.php\\\/loja\\\/\"},{\"@type\":\"ListItem\",\"position\":3,\"name\":\"BLACKSILVER &#8211; CALA VIBRADORA DE SILICONE RECARREGVEL PRESTON PRETA\"}]},{\"@type\":\"WebSite\",\"@id\":\"https:\\\/\\\/lovme.pt\\\/#website\",\"url\":\"https:\\\/\\\/lovme.pt\\\/\",\"name\":\"Lovme Loja Er\u00f3tica N\u00ba1 em Portugal\",\"description\":\"A melhor loja er\u00f3tica de Portugal.\",\"alternateName\":\"Loja Er\u00f3tica Lovme\",\"potentialAction\":[{\"@type\":\"SearchAction\",\"target\":{\"@type\":\"EntryPoint\",\"urlTemplate\":\"https:\\\/\\\/lovme.pt\\\/?s={search_term_string}\"},\"query-input\":{\"@type\":\"PropertyValueSpecification\",\"valueRequired\":true,\"valueName\":\"search_term_string\"}}],\"inLanguage\":\"pt-PT\"}]}<\/script>\n<!-- \/ Yoast SEO plugin. -->","yoast_head_json":{"title":"BLACKSILVER - CALA VIBRADORA DE SILICONE RECARREGVEL PRESTON PRETA - Lovme","robots":{"index":"index","follow":"follow","max-snippet":"max-snippet:-1","max-image-preview":"max-image-preview:large","max-video-preview":"max-video-preview:-1"},"canonical":"https:\/\/lovme.pt\/index.php\/produto\/blacksilver-cala-vibradora-de-silicone-recarregvel-preston-preta\/","og_locale":"pt_PT","og_type":"article","og_title":"BLACKSILVER - CALA VIBRADORA DE SILICONE RECARREGVEL PRESTON PRETA - Lovme","og_description":"BLACKSILVER - CALA VIBRADORA DE SILICONE RECARREGVEL PRESTON PRETA","og_url":"https:\/\/lovme.pt\/index.php\/produto\/blacksilver-cala-vibradora-de-silicone-recarregvel-preston-preta\/","og_site_name":"Lovme","article_modified_time":"2026-02-19T20:07:33+00:00","og_image":[{"width":800,"height":800,"url":"https:\/\/erki24nd3ub.exactdn.com\/wp-content\/uploads\/dream\/img\/img_138187_ac054e9e046ff0a3aeb8d80c8dc7c27f_1.png?strip=all","type":"image\/png"}],"twitter_card":"summary_large_image","twitter_misc":{"Tempo estimado de leitura":"3 minutos"},"schema":{"@context":"https:\/\/schema.org","@graph":[{"@type":"WebPage","@id":"https:\/\/lovme.pt\/index.php\/produto\/blacksilver-cala-vibradora-de-silicone-recarregvel-preston-preta\/","url":"https:\/\/lovme.pt\/index.php\/produto\/blacksilver-cala-vibradora-de-silicone-recarregvel-preston-preta\/","name":"BLACKSILVER - CALA VIBRADORA DE SILICONE RECARREGVEL PRESTON PRETA - Lovme","isPartOf":{"@id":"https:\/\/lovme.pt\/#website"},"primaryImageOfPage":{"@id":"https:\/\/lovme.pt\/index.php\/produto\/blacksilver-cala-vibradora-de-silicone-recarregvel-preston-preta\/#primaryimage"},"image":{"@id":"https:\/\/lovme.pt\/index.php\/produto\/blacksilver-cala-vibradora-de-silicone-recarregvel-preston-preta\/#primaryimage"},"thumbnailUrl":"https:\/\/erki24nd3ub.exactdn.com\/wp-content\/uploads\/dream\/img\/img_138187_ac054e9e046ff0a3aeb8d80c8dc7c27f_1.png?strip=all","datePublished":"2026-01-19T16:04:36+00:00","dateModified":"2026-02-19T20:07:33+00:00","breadcrumb":{"@id":"https:\/\/lovme.pt\/index.php\/produto\/blacksilver-cala-vibradora-de-silicone-recarregvel-preston-preta\/#breadcrumb"},"inLanguage":"pt-PT","potentialAction":[{"@type":"ReadAction","target":["https:\/\/lovme.pt\/index.php\/produto\/blacksilver-cala-vibradora-de-silicone-recarregvel-preston-preta\/"]}]},{"@type":"ImageObject","inLanguage":"pt-PT","@id":"https:\/\/lovme.pt\/index.php\/produto\/blacksilver-cala-vibradora-de-silicone-recarregvel-preston-preta\/#primaryimage","url":"https:\/\/erki24nd3ub.exactdn.com\/wp-content\/uploads\/dream\/img\/img_138187_ac054e9e046ff0a3aeb8d80c8dc7c27f_1.png?strip=all","contentUrl":"https:\/\/erki24nd3ub.exactdn.com\/wp-content\/uploads\/dream\/img\/img_138187_ac054e9e046ff0a3aeb8d80c8dc7c27f_1.png?strip=all","width":800,"height":800},{"@type":"BreadcrumbList","@id":"https:\/\/lovme.pt\/index.php\/produto\/blacksilver-cala-vibradora-de-silicone-recarregvel-preston-preta\/#breadcrumb","itemListElement":[{"@type":"ListItem","position":1,"name":"In\u00edcio","item":"https:\/\/lovme.pt\/"},{"@type":"ListItem","position":2,"name":"Loja","item":"https:\/\/lovme.pt\/index.php\/loja\/"},{"@type":"ListItem","position":3,"name":"BLACKSILVER &#8211; CALA VIBRADORA DE SILICONE RECARREGVEL PRESTON PRETA"}]},{"@type":"WebSite","@id":"https:\/\/lovme.pt\/#website","url":"https:\/\/lovme.pt\/","name":"Lovme Loja Er\u00f3tica N\u00ba1 em Portugal","description":"A melhor loja er\u00f3tica de Portugal.","alternateName":"Loja Er\u00f3tica Lovme","potentialAction":[{"@type":"SearchAction","target":{"@type":"EntryPoint","urlTemplate":"https:\/\/lovme.pt\/?s={search_term_string}"},"query-input":{"@type":"PropertyValueSpecification","valueRequired":true,"valueName":"search_term_string"}}],"inLanguage":"pt-PT"}]}},"_links":{"self":[{"href":"https:\/\/lovme.pt\/index.php\/wp-json\/wp\/v2\/product\/42317","targetHints":{"allow":["GET"]}}],"collection":[{"href":"https:\/\/lovme.pt\/index.php\/wp-json\/wp\/v2\/product"}],"about":[{"href":"https:\/\/lovme.pt\/index.php\/wp-json\/wp\/v2\/types\/product"}],"wp:featuredmedia":[{"embeddable":true,"href":"https:\/\/lovme.pt\/index.php\/wp-json\/wp\/v2\/media\/106150"}],"wp:attachment":[{"href":"https:\/\/lovme.pt\/index.php\/wp-json\/wp\/v2\/media?parent=42317"}],"wp:term":[{"taxonomy":"product_brand","embeddable":true,"href":"https:\/\/lovme.pt\/index.php\/wp-json\/wp\/v2\/product_brand?post=42317"},{"taxonomy":"product_cat","embeddable":true,"href":"https:\/\/lovme.pt\/index.php\/wp-json\/wp\/v2\/product_cat?post=42317"},{"taxonomy":"product_tag","embeddable":true,"href":"https:\/\/lovme.pt\/index.php\/wp-json\/wp\/v2\/product_tag?post=42317"}],"curies":[{"name":"wp","href":"https:\/\/api.w.org\/{rel}","templated":true}]}}