{"id":42315,"date":"2026-01-19T16:10:04","date_gmt":"2026-01-19T16:10:04","guid":{"rendered":"https:\/\/lovme.pt\/?post_type=product&p=42315"},"modified":"2026-02-19T20:14:15","modified_gmt":"2026-02-19T20:14:15","slug":"blacksilver-sean-plug-anal-premium-silicone-preto","status":"publish","type":"product","link":"https:\/\/lovme.pt\/index.php\/produto\/blacksilver-sean-plug-anal-premium-silicone-preto\/","title":{"rendered":"BLACKSILVER &#8211; SEAN PLUG ANAL PREMIUM SILICONE PRETO"},"content":{"rendered":"<p>Um design projetado para estimula\u00e7\u00e3o intensa do ponto P anal.<\/p>\n<p>Os plugues BlackSilver\u2122 s\u00e3o brinquedos ideais tanto para iniciantes quanto para especialistas em brincadeiras anais. A sua rigidez, n\u00e3o isenta de flexibilidade, e a variedade de formas e tamanhos tornam-nos essenciais para todos os amantes do sexo anal. S\u00e3o f\u00e1ceis de limpar e o silicone com que s\u00e3o feitos \u00e9 extra macio ao toque. Aproveite o seu brinquedo tanto quanto n\u00f3s gostamos de faz\u00ea-lo para voc\u00ea.<\/p>\n<p>DESCUBRA SEAN<\/p>\n<ul>\n<li>Prazeres sem fim com este estimulador anal de silicone com toque aveludado. Equipado com diversas sali\u00eancias e vales, massageia eficazmente as partes \u00edntimas.<\/li>\n<li>Possui cabe\u00e7a fina e flex\u00edvel para facilitar a inser\u00e7\u00e3o e torn\u00e1-la mais suave.<\/li>\n<\/ul>\n<p>COMO US\u00c1-LO?<\/p>\n<p>Prazer sem fim com este estimulador anal com silicone de toque aveludado. Possui l\u00e2mpadas que massageiam suas partes \u00edntimas e cabe\u00e7a macia para inser\u00e7\u00e3o e extra\u00e7\u00e3o segura e agrad\u00e1vel.<\/p>\n<p>Por que escolher o material BlackSilver\u2122?<\/p>\n<p>Todos os brinquedos BlackSilver\u2122 s\u00e3o feitos de silicone m\u00e9dico macio e sedoso, que \u00e9 extremamente escorregadio e absorve rapidamente o calor do corpo. O brinquedo pode ser facilmente limpo com \u00e1gua morna e um pouco de sab\u00e3o. Com um pouco de limpador desinfetante para brinquedos, voc\u00ea pode garantir uma higiene particularmente completa, de prefer\u00eancia com o spray desinfetante perfeitamente coordenado da Waterfeel ou Intimichic. Para o m\u00e1ximo prazer suave, use sempre o seu brinquedo com um dos lubrificantes \u00e0 base de \u00e1gua Waterfeel que combinam perfeitamente com o produto.<\/p>\n<p><span style=\"color: rgb(57, 57, 57);\">**Observa\u00e7\u00e3o; Este produto est\u00e1 proibido de ser vendido em qualquer canal de com\u00e9rcio eletr\u00f4nico. A venda \u00e9 autorizada para pontos f\u00edsicos.<\/span><\/p>\n","protected":false},"excerpt":{"rendered":"<p>BLACKSILVER &#8211; SEAN PLUG ANAL PREMIUM SILICONE PRETO<\/p>\n","protected":false},"featured_media":106255,"template":"","meta":{"_acf_changed":false},"product_brand":[],"product_cat":[48,17,63,76],"product_tag":[],"class_list":{"0":"post-42315","1":"product","2":"type-product","3":"status-publish","4":"has-post-thumbnail","6":"product_cat-bdsm","7":"product_cat-brinquedos-de-bem-estar-sexual","8":"product_cat-sexo-anal","9":"product_cat-vibradores","10":"yith_product_brand-blacksilver","12":"first","13":"instock","14":"taxable","15":"shipping-taxable","16":"purchasable","17":"product-type-simple"},"acf":[],"yoast_head":"<!-- This site is optimized with the Yoast SEO plugin v27.4 - https:\/\/yoast.com\/product\/yoast-seo-wordpress\/ -->\n<title>BLACKSILVER - SEAN PLUG ANAL PREMIUM SILICONE PRETO - Lovme<\/title>\n<meta name=\"robots\" content=\"index, follow, max-snippet:-1, max-image-preview:large, max-video-preview:-1\" \/>\n<link rel=\"canonical\" href=\"https:\/\/lovme.pt\/index.php\/produto\/blacksilver-sean-plug-anal-premium-silicone-preto\/\" \/>\n<meta property=\"og:locale\" content=\"pt_PT\" \/>\n<meta property=\"og:type\" content=\"article\" \/>\n<meta property=\"og:title\" content=\"BLACKSILVER - SEAN PLUG ANAL PREMIUM SILICONE PRETO - Lovme\" \/>\n<meta property=\"og:description\" content=\"BLACKSILVER - SEAN PLUG ANAL PREMIUM SILICONE PRETO\" \/>\n<meta property=\"og:url\" content=\"https:\/\/lovme.pt\/index.php\/produto\/blacksilver-sean-plug-anal-premium-silicone-preto\/\" \/>\n<meta property=\"og:site_name\" content=\"Lovme\" \/>\n<meta property=\"article:modified_time\" content=\"2026-02-19T20:14:15+00:00\" \/>\n<meta property=\"og:image\" content=\"https:\/\/erki24nd3ub.exactdn.com\/wp-content\/uploads\/dream\/img\/img_138178_0d017ad2c0136cf7ad3166e751091d42_1.png?strip=all\" \/>\n\t<meta property=\"og:image:width\" content=\"800\" \/>\n\t<meta property=\"og:image:height\" content=\"800\" \/>\n\t<meta property=\"og:image:type\" content=\"image\/png\" \/>\n<meta name=\"twitter:card\" content=\"summary_large_image\" \/>\n<meta name=\"twitter:label1\" content=\"Tempo estimado de leitura\" \/>\n\t<meta name=\"twitter:data1\" content=\"1 minuto\" \/>\n<script type=\"application\/ld+json\" class=\"yoast-schema-graph\">{\"@context\":\"https:\\\/\\\/schema.org\",\"@graph\":[{\"@type\":\"WebPage\",\"@id\":\"https:\\\/\\\/lovme.pt\\\/index.php\\\/produto\\\/blacksilver-sean-plug-anal-premium-silicone-preto\\\/\",\"url\":\"https:\\\/\\\/lovme.pt\\\/index.php\\\/produto\\\/blacksilver-sean-plug-anal-premium-silicone-preto\\\/\",\"name\":\"BLACKSILVER - SEAN PLUG ANAL PREMIUM SILICONE PRETO - Lovme\",\"isPartOf\":{\"@id\":\"https:\\\/\\\/lovme.pt\\\/#website\"},\"primaryImageOfPage\":{\"@id\":\"https:\\\/\\\/lovme.pt\\\/index.php\\\/produto\\\/blacksilver-sean-plug-anal-premium-silicone-preto\\\/#primaryimage\"},\"image\":{\"@id\":\"https:\\\/\\\/lovme.pt\\\/index.php\\\/produto\\\/blacksilver-sean-plug-anal-premium-silicone-preto\\\/#primaryimage\"},\"thumbnailUrl\":\"https:\\\/\\\/erki24nd3ub.exactdn.com\\\/wp-content\\\/uploads\\\/dream\\\/img\\\/img_138178_0d017ad2c0136cf7ad3166e751091d42_1.png?strip=all\",\"datePublished\":\"2026-01-19T16:10:04+00:00\",\"dateModified\":\"2026-02-19T20:14:15+00:00\",\"breadcrumb\":{\"@id\":\"https:\\\/\\\/lovme.pt\\\/index.php\\\/produto\\\/blacksilver-sean-plug-anal-premium-silicone-preto\\\/#breadcrumb\"},\"inLanguage\":\"pt-PT\",\"potentialAction\":[{\"@type\":\"ReadAction\",\"target\":[\"https:\\\/\\\/lovme.pt\\\/index.php\\\/produto\\\/blacksilver-sean-plug-anal-premium-silicone-preto\\\/\"]}]},{\"@type\":\"ImageObject\",\"inLanguage\":\"pt-PT\",\"@id\":\"https:\\\/\\\/lovme.pt\\\/index.php\\\/produto\\\/blacksilver-sean-plug-anal-premium-silicone-preto\\\/#primaryimage\",\"url\":\"https:\\\/\\\/erki24nd3ub.exactdn.com\\\/wp-content\\\/uploads\\\/dream\\\/img\\\/img_138178_0d017ad2c0136cf7ad3166e751091d42_1.png?strip=all\",\"contentUrl\":\"https:\\\/\\\/erki24nd3ub.exactdn.com\\\/wp-content\\\/uploads\\\/dream\\\/img\\\/img_138178_0d017ad2c0136cf7ad3166e751091d42_1.png?strip=all\",\"width\":800,\"height\":800},{\"@type\":\"BreadcrumbList\",\"@id\":\"https:\\\/\\\/lovme.pt\\\/index.php\\\/produto\\\/blacksilver-sean-plug-anal-premium-silicone-preto\\\/#breadcrumb\",\"itemListElement\":[{\"@type\":\"ListItem\",\"position\":1,\"name\":\"In\u00edcio\",\"item\":\"https:\\\/\\\/lovme.pt\\\/\"},{\"@type\":\"ListItem\",\"position\":2,\"name\":\"Loja\",\"item\":\"https:\\\/\\\/lovme.pt\\\/index.php\\\/loja\\\/\"},{\"@type\":\"ListItem\",\"position\":3,\"name\":\"BLACKSILVER &#8211; SEAN PLUG ANAL PREMIUM SILICONE PRETO\"}]},{\"@type\":\"WebSite\",\"@id\":\"https:\\\/\\\/lovme.pt\\\/#website\",\"url\":\"https:\\\/\\\/lovme.pt\\\/\",\"name\":\"Lovme Loja Er\u00f3tica N\u00ba1 em Portugal\",\"description\":\"A melhor loja er\u00f3tica de Portugal.\",\"alternateName\":\"Loja Er\u00f3tica Lovme\",\"potentialAction\":[{\"@type\":\"SearchAction\",\"target\":{\"@type\":\"EntryPoint\",\"urlTemplate\":\"https:\\\/\\\/lovme.pt\\\/?s={search_term_string}\"},\"query-input\":{\"@type\":\"PropertyValueSpecification\",\"valueRequired\":true,\"valueName\":\"search_term_string\"}}],\"inLanguage\":\"pt-PT\"}]}<\/script>\n<!-- \/ Yoast SEO plugin. -->","yoast_head_json":{"title":"BLACKSILVER - SEAN PLUG ANAL PREMIUM SILICONE PRETO - Lovme","robots":{"index":"index","follow":"follow","max-snippet":"max-snippet:-1","max-image-preview":"max-image-preview:large","max-video-preview":"max-video-preview:-1"},"canonical":"https:\/\/lovme.pt\/index.php\/produto\/blacksilver-sean-plug-anal-premium-silicone-preto\/","og_locale":"pt_PT","og_type":"article","og_title":"BLACKSILVER - SEAN PLUG ANAL PREMIUM SILICONE PRETO - Lovme","og_description":"BLACKSILVER - SEAN PLUG ANAL PREMIUM SILICONE PRETO","og_url":"https:\/\/lovme.pt\/index.php\/produto\/blacksilver-sean-plug-anal-premium-silicone-preto\/","og_site_name":"Lovme","article_modified_time":"2026-02-19T20:14:15+00:00","og_image":[{"width":800,"height":800,"url":"https:\/\/erki24nd3ub.exactdn.com\/wp-content\/uploads\/dream\/img\/img_138178_0d017ad2c0136cf7ad3166e751091d42_1.png?strip=all","type":"image\/png"}],"twitter_card":"summary_large_image","twitter_misc":{"Tempo estimado de leitura":"1 minuto"},"schema":{"@context":"https:\/\/schema.org","@graph":[{"@type":"WebPage","@id":"https:\/\/lovme.pt\/index.php\/produto\/blacksilver-sean-plug-anal-premium-silicone-preto\/","url":"https:\/\/lovme.pt\/index.php\/produto\/blacksilver-sean-plug-anal-premium-silicone-preto\/","name":"BLACKSILVER - SEAN PLUG ANAL PREMIUM SILICONE PRETO - Lovme","isPartOf":{"@id":"https:\/\/lovme.pt\/#website"},"primaryImageOfPage":{"@id":"https:\/\/lovme.pt\/index.php\/produto\/blacksilver-sean-plug-anal-premium-silicone-preto\/#primaryimage"},"image":{"@id":"https:\/\/lovme.pt\/index.php\/produto\/blacksilver-sean-plug-anal-premium-silicone-preto\/#primaryimage"},"thumbnailUrl":"https:\/\/erki24nd3ub.exactdn.com\/wp-content\/uploads\/dream\/img\/img_138178_0d017ad2c0136cf7ad3166e751091d42_1.png?strip=all","datePublished":"2026-01-19T16:10:04+00:00","dateModified":"2026-02-19T20:14:15+00:00","breadcrumb":{"@id":"https:\/\/lovme.pt\/index.php\/produto\/blacksilver-sean-plug-anal-premium-silicone-preto\/#breadcrumb"},"inLanguage":"pt-PT","potentialAction":[{"@type":"ReadAction","target":["https:\/\/lovme.pt\/index.php\/produto\/blacksilver-sean-plug-anal-premium-silicone-preto\/"]}]},{"@type":"ImageObject","inLanguage":"pt-PT","@id":"https:\/\/lovme.pt\/index.php\/produto\/blacksilver-sean-plug-anal-premium-silicone-preto\/#primaryimage","url":"https:\/\/erki24nd3ub.exactdn.com\/wp-content\/uploads\/dream\/img\/img_138178_0d017ad2c0136cf7ad3166e751091d42_1.png?strip=all","contentUrl":"https:\/\/erki24nd3ub.exactdn.com\/wp-content\/uploads\/dream\/img\/img_138178_0d017ad2c0136cf7ad3166e751091d42_1.png?strip=all","width":800,"height":800},{"@type":"BreadcrumbList","@id":"https:\/\/lovme.pt\/index.php\/produto\/blacksilver-sean-plug-anal-premium-silicone-preto\/#breadcrumb","itemListElement":[{"@type":"ListItem","position":1,"name":"In\u00edcio","item":"https:\/\/lovme.pt\/"},{"@type":"ListItem","position":2,"name":"Loja","item":"https:\/\/lovme.pt\/index.php\/loja\/"},{"@type":"ListItem","position":3,"name":"BLACKSILVER &#8211; SEAN PLUG ANAL PREMIUM SILICONE PRETO"}]},{"@type":"WebSite","@id":"https:\/\/lovme.pt\/#website","url":"https:\/\/lovme.pt\/","name":"Lovme Loja Er\u00f3tica N\u00ba1 em Portugal","description":"A melhor loja er\u00f3tica de Portugal.","alternateName":"Loja Er\u00f3tica Lovme","potentialAction":[{"@type":"SearchAction","target":{"@type":"EntryPoint","urlTemplate":"https:\/\/lovme.pt\/?s={search_term_string}"},"query-input":{"@type":"PropertyValueSpecification","valueRequired":true,"valueName":"search_term_string"}}],"inLanguage":"pt-PT"}]}},"_links":{"self":[{"href":"https:\/\/lovme.pt\/index.php\/wp-json\/wp\/v2\/product\/42315","targetHints":{"allow":["GET"]}}],"collection":[{"href":"https:\/\/lovme.pt\/index.php\/wp-json\/wp\/v2\/product"}],"about":[{"href":"https:\/\/lovme.pt\/index.php\/wp-json\/wp\/v2\/types\/product"}],"wp:featuredmedia":[{"embeddable":true,"href":"https:\/\/lovme.pt\/index.php\/wp-json\/wp\/v2\/media\/106255"}],"wp:attachment":[{"href":"https:\/\/lovme.pt\/index.php\/wp-json\/wp\/v2\/media?parent=42315"}],"wp:term":[{"taxonomy":"product_brand","embeddable":true,"href":"https:\/\/lovme.pt\/index.php\/wp-json\/wp\/v2\/product_brand?post=42315"},{"taxonomy":"product_cat","embeddable":true,"href":"https:\/\/lovme.pt\/index.php\/wp-json\/wp\/v2\/product_cat?post=42315"},{"taxonomy":"product_tag","embeddable":true,"href":"https:\/\/lovme.pt\/index.php\/wp-json\/wp\/v2\/product_tag?post=42315"}],"curies":[{"name":"wp","href":"https:\/\/api.w.org\/{rel}","templated":true}]}}