{"id":42251,"date":"2025-09-30T20:43:46","date_gmt":"2025-09-30T20:43:46","guid":{"rendered":"https:\/\/lovme.pt\/?post_type=product&p=42251"},"modified":"2026-02-19T20:08:47","modified_gmt":"2026-02-19T20:08:47","slug":"intense-rob-pantie-controle-remoto-rosa","status":"publish","type":"product","link":"https:\/\/lovme.pt\/index.php\/produto\/intense-rob-pantie-controle-remoto-rosa\/","title":{"rendered":"INTENSE &#8211; ROB PANTIE CONTROLE REMOTO ROSA"},"content":{"rendered":"<p>Voc\u00ea gostaria de experi\u00eancias de formigamento no jantar ou de orgasmos no cinema? A Calcinha Intense\u2122 acompanha voc\u00ea discretamente em todos os lugares e garante momentos intensos. O vibrador de posicionamento curvo feito de silicone macio e sedoso pode ser facilmente fixado em suas roupas \u00edntimas. Com formato ergon\u00f4mico e estrutura ondulada, a calcinha se adapta perfeitamente aos seus contornos e estimula partes sens\u00edveis do corpo por dentro e por fora.<\/p>\n<p> Intense\u2122 Panty \u00e9 o brinquedo perfeito para casais se voc\u00ea procura uma conex\u00e3o mais profunda tanto f\u00edsica quanto emocionalmente. Seus motores permitem explorar uma ampla gama de padr\u00f5es de vibra\u00e7\u00e3o que se adaptam \u00e0 anatomia de seus corpos. Inclui um controle remoto que voc\u00ea pode usar de forma muito discreta, que o ajudar\u00e1 a atingir um orgasmo harmonioso.<\/p>\n<p> 1 &#8211; DOBRAR A POT\u00caNCIA<\/p>\n<ul>\n<li> Sinta as vibra\u00e7\u00f5es intensas com motores que funcionam em equipe, dando origem a uma sensa\u00e7\u00e3o que \u00e9 transmitida ao clit\u00f3ris.<\/li>\n<\/ul>\n<p> 2 &#8211; MAIOR GAMA DE INTENSIDADES<\/p>\n<ul>\n<li> Experimente diferentes n\u00edveis de satisfa\u00e7\u00e3o com 10 modos de prazer intenso<\/li>\n<\/ul>\n<p> 3 &#8211; BATERIA MAIS DURADOURA<\/p>\n<ul>\n<li> Com uma bateria de maior dura\u00e7\u00e3o para que possa desfrutar de horas e horas de prazer.<\/li>\n<\/ul>\n<p> VOC\u00ca ME AMA?<\/p>\n<p> Para desfrutar ao m\u00e1ximo, o Vibrador \u00cdntimo Feminino Intense\u2122 deve estar ligado, pois s\u00f3 ent\u00e3o poder\u00e1 ser controlado com o controle remoto inclu\u00eddo. Deixe o seu ente querido assumir o controle e surpreenda-se quando ele apertar o bot\u00e3o m\u00e1gico que o leva \u00e0 nuvem da lux\u00faria. Definitivamente n\u00e3o ser\u00e1 mon\u00f3tono com a Calcinha Intense\u2122, pois possui 10 programas de vibra\u00e7\u00e3o em seu repert\u00f3rio, do suave ao intensamente forte.<\/p>\n<ul>\n<li> CAL\u00c7A INTENSE\u2122 com controle remoto<\/li>\n<\/ul>\n<p> INTENSE\u2122 PANTY \u00e9 absolutamente discreto, pois suas vibra\u00e7\u00f5es intensas, mas silenciosas, s\u00e3o t\u00e3o silenciosas quanto um sussurro. Al\u00e9m disso, possui uma superf\u00edcie de silicone agrad\u00e1vel e amiga do corpo que garante uma experi\u00eancia suave com apenas algumas gotas de lubrificante. Mesmo nos locais mais h\u00famidos, como o duche ou a banheira, a divers\u00e3o com a INTENSE\u2122 PANTY n\u00e3o para gra\u00e7as ao seu acabamento \u00e0 prova de \u00e1gua IPX7.<\/p>\n","protected":false},"excerpt":{"rendered":"<p>INTENSE &#8211; ROB PANTIE CONTROLE REMOTO ROSA<\/p>\n","protected":false},"featured_media":72016,"template":"","meta":{"_acf_changed":false},"product_brand":[],"product_cat":[17,61,76],"product_tag":[],"class_list":{"0":"post-42251","1":"product","2":"type-product","3":"status-publish","4":"has-post-thumbnail","6":"product_cat-brinquedos-de-bem-estar-sexual","7":"product_cat-para-elas","8":"product_cat-vibradores","9":"yith_product_brand-intense","10":"yith_product_brand-intenseintense-toysintense-fun","11":"yith_product_brand-intenseintense-toys","13":"first","14":"instock","15":"taxable","16":"shipping-taxable","17":"purchasable","18":"product-type-simple"},"acf":[],"yoast_head":"<!-- This site is optimized with the Yoast SEO plugin v27.4 - https:\/\/yoast.com\/product\/yoast-seo-wordpress\/ -->\n<title>INTENSE - ROB PANTIE CONTROLE REMOTO ROSA - Lovme<\/title>\n<meta name=\"robots\" content=\"index, follow, max-snippet:-1, max-image-preview:large, max-video-preview:-1\" \/>\n<link rel=\"canonical\" href=\"https:\/\/lovme.pt\/index.php\/produto\/intense-rob-pantie-controle-remoto-rosa\/\" \/>\n<meta property=\"og:locale\" content=\"pt_PT\" \/>\n<meta property=\"og:type\" content=\"article\" \/>\n<meta property=\"og:title\" content=\"INTENSE - ROB PANTIE CONTROLE REMOTO ROSA - Lovme\" \/>\n<meta property=\"og:description\" content=\"INTENSE - ROB PANTIE CONTROLE REMOTO ROSA\" \/>\n<meta property=\"og:url\" content=\"https:\/\/lovme.pt\/index.php\/produto\/intense-rob-pantie-controle-remoto-rosa\/\" \/>\n<meta property=\"og:site_name\" content=\"Lovme\" \/>\n<meta property=\"article:modified_time\" content=\"2026-02-19T20:08:47+00:00\" \/>\n<meta property=\"og:image\" content=\"https:\/\/erki24nd3ub.exactdn.com\/wp-content\/uploads\/dream\/img\/img_144356_63f2dbdc21fa362590691f1c22109cb0_1.png?strip=all\" \/>\n\t<meta property=\"og:image:width\" content=\"800\" \/>\n\t<meta property=\"og:image:height\" content=\"800\" \/>\n\t<meta property=\"og:image:type\" content=\"image\/png\" \/>\n<meta name=\"twitter:card\" content=\"summary_large_image\" \/>\n<meta name=\"twitter:label1\" content=\"Tempo estimado de leitura\" \/>\n\t<meta name=\"twitter:data1\" content=\"2 minutos\" \/>\n<script type=\"application\/ld+json\" class=\"yoast-schema-graph\">{\"@context\":\"https:\\\/\\\/schema.org\",\"@graph\":[{\"@type\":\"WebPage\",\"@id\":\"https:\\\/\\\/lovme.pt\\\/index.php\\\/produto\\\/intense-rob-pantie-controle-remoto-rosa\\\/\",\"url\":\"https:\\\/\\\/lovme.pt\\\/index.php\\\/produto\\\/intense-rob-pantie-controle-remoto-rosa\\\/\",\"name\":\"INTENSE - ROB PANTIE CONTROLE REMOTO ROSA - Lovme\",\"isPartOf\":{\"@id\":\"https:\\\/\\\/lovme.pt\\\/#website\"},\"primaryImageOfPage\":{\"@id\":\"https:\\\/\\\/lovme.pt\\\/index.php\\\/produto\\\/intense-rob-pantie-controle-remoto-rosa\\\/#primaryimage\"},\"image\":{\"@id\":\"https:\\\/\\\/lovme.pt\\\/index.php\\\/produto\\\/intense-rob-pantie-controle-remoto-rosa\\\/#primaryimage\"},\"thumbnailUrl\":\"https:\\\/\\\/erki24nd3ub.exactdn.com\\\/wp-content\\\/uploads\\\/dream\\\/img\\\/img_144356_63f2dbdc21fa362590691f1c22109cb0_1.png?strip=all\",\"datePublished\":\"2025-09-30T20:43:46+00:00\",\"dateModified\":\"2026-02-19T20:08:47+00:00\",\"breadcrumb\":{\"@id\":\"https:\\\/\\\/lovme.pt\\\/index.php\\\/produto\\\/intense-rob-pantie-controle-remoto-rosa\\\/#breadcrumb\"},\"inLanguage\":\"pt-PT\",\"potentialAction\":[{\"@type\":\"ReadAction\",\"target\":[\"https:\\\/\\\/lovme.pt\\\/index.php\\\/produto\\\/intense-rob-pantie-controle-remoto-rosa\\\/\"]}]},{\"@type\":\"ImageObject\",\"inLanguage\":\"pt-PT\",\"@id\":\"https:\\\/\\\/lovme.pt\\\/index.php\\\/produto\\\/intense-rob-pantie-controle-remoto-rosa\\\/#primaryimage\",\"url\":\"https:\\\/\\\/erki24nd3ub.exactdn.com\\\/wp-content\\\/uploads\\\/dream\\\/img\\\/img_144356_63f2dbdc21fa362590691f1c22109cb0_1.png?strip=all\",\"contentUrl\":\"https:\\\/\\\/erki24nd3ub.exactdn.com\\\/wp-content\\\/uploads\\\/dream\\\/img\\\/img_144356_63f2dbdc21fa362590691f1c22109cb0_1.png?strip=all\",\"width\":800,\"height\":800},{\"@type\":\"BreadcrumbList\",\"@id\":\"https:\\\/\\\/lovme.pt\\\/index.php\\\/produto\\\/intense-rob-pantie-controle-remoto-rosa\\\/#breadcrumb\",\"itemListElement\":[{\"@type\":\"ListItem\",\"position\":1,\"name\":\"In\u00edcio\",\"item\":\"https:\\\/\\\/lovme.pt\\\/\"},{\"@type\":\"ListItem\",\"position\":2,\"name\":\"Loja\",\"item\":\"https:\\\/\\\/lovme.pt\\\/index.php\\\/loja\\\/\"},{\"@type\":\"ListItem\",\"position\":3,\"name\":\"INTENSE &#8211; ROB PANTIE CONTROLE REMOTO ROSA\"}]},{\"@type\":\"WebSite\",\"@id\":\"https:\\\/\\\/lovme.pt\\\/#website\",\"url\":\"https:\\\/\\\/lovme.pt\\\/\",\"name\":\"Lovme Loja Er\u00f3tica N\u00ba1 em Portugal\",\"description\":\"A melhor loja er\u00f3tica de Portugal.\",\"alternateName\":\"Loja Er\u00f3tica Lovme\",\"potentialAction\":[{\"@type\":\"SearchAction\",\"target\":{\"@type\":\"EntryPoint\",\"urlTemplate\":\"https:\\\/\\\/lovme.pt\\\/?s={search_term_string}\"},\"query-input\":{\"@type\":\"PropertyValueSpecification\",\"valueRequired\":true,\"valueName\":\"search_term_string\"}}],\"inLanguage\":\"pt-PT\"}]}<\/script>\n<!-- \/ Yoast SEO plugin. -->","yoast_head_json":{"title":"INTENSE - ROB PANTIE CONTROLE REMOTO ROSA - Lovme","robots":{"index":"index","follow":"follow","max-snippet":"max-snippet:-1","max-image-preview":"max-image-preview:large","max-video-preview":"max-video-preview:-1"},"canonical":"https:\/\/lovme.pt\/index.php\/produto\/intense-rob-pantie-controle-remoto-rosa\/","og_locale":"pt_PT","og_type":"article","og_title":"INTENSE - ROB PANTIE CONTROLE REMOTO ROSA - Lovme","og_description":"INTENSE - ROB PANTIE CONTROLE REMOTO ROSA","og_url":"https:\/\/lovme.pt\/index.php\/produto\/intense-rob-pantie-controle-remoto-rosa\/","og_site_name":"Lovme","article_modified_time":"2026-02-19T20:08:47+00:00","og_image":[{"width":800,"height":800,"url":"https:\/\/erki24nd3ub.exactdn.com\/wp-content\/uploads\/dream\/img\/img_144356_63f2dbdc21fa362590691f1c22109cb0_1.png?strip=all","type":"image\/png"}],"twitter_card":"summary_large_image","twitter_misc":{"Tempo estimado de leitura":"2 minutos"},"schema":{"@context":"https:\/\/schema.org","@graph":[{"@type":"WebPage","@id":"https:\/\/lovme.pt\/index.php\/produto\/intense-rob-pantie-controle-remoto-rosa\/","url":"https:\/\/lovme.pt\/index.php\/produto\/intense-rob-pantie-controle-remoto-rosa\/","name":"INTENSE - ROB PANTIE CONTROLE REMOTO ROSA - Lovme","isPartOf":{"@id":"https:\/\/lovme.pt\/#website"},"primaryImageOfPage":{"@id":"https:\/\/lovme.pt\/index.php\/produto\/intense-rob-pantie-controle-remoto-rosa\/#primaryimage"},"image":{"@id":"https:\/\/lovme.pt\/index.php\/produto\/intense-rob-pantie-controle-remoto-rosa\/#primaryimage"},"thumbnailUrl":"https:\/\/erki24nd3ub.exactdn.com\/wp-content\/uploads\/dream\/img\/img_144356_63f2dbdc21fa362590691f1c22109cb0_1.png?strip=all","datePublished":"2025-09-30T20:43:46+00:00","dateModified":"2026-02-19T20:08:47+00:00","breadcrumb":{"@id":"https:\/\/lovme.pt\/index.php\/produto\/intense-rob-pantie-controle-remoto-rosa\/#breadcrumb"},"inLanguage":"pt-PT","potentialAction":[{"@type":"ReadAction","target":["https:\/\/lovme.pt\/index.php\/produto\/intense-rob-pantie-controle-remoto-rosa\/"]}]},{"@type":"ImageObject","inLanguage":"pt-PT","@id":"https:\/\/lovme.pt\/index.php\/produto\/intense-rob-pantie-controle-remoto-rosa\/#primaryimage","url":"https:\/\/erki24nd3ub.exactdn.com\/wp-content\/uploads\/dream\/img\/img_144356_63f2dbdc21fa362590691f1c22109cb0_1.png?strip=all","contentUrl":"https:\/\/erki24nd3ub.exactdn.com\/wp-content\/uploads\/dream\/img\/img_144356_63f2dbdc21fa362590691f1c22109cb0_1.png?strip=all","width":800,"height":800},{"@type":"BreadcrumbList","@id":"https:\/\/lovme.pt\/index.php\/produto\/intense-rob-pantie-controle-remoto-rosa\/#breadcrumb","itemListElement":[{"@type":"ListItem","position":1,"name":"In\u00edcio","item":"https:\/\/lovme.pt\/"},{"@type":"ListItem","position":2,"name":"Loja","item":"https:\/\/lovme.pt\/index.php\/loja\/"},{"@type":"ListItem","position":3,"name":"INTENSE &#8211; ROB PANTIE CONTROLE REMOTO ROSA"}]},{"@type":"WebSite","@id":"https:\/\/lovme.pt\/#website","url":"https:\/\/lovme.pt\/","name":"Lovme Loja Er\u00f3tica N\u00ba1 em Portugal","description":"A melhor loja er\u00f3tica de Portugal.","alternateName":"Loja Er\u00f3tica Lovme","potentialAction":[{"@type":"SearchAction","target":{"@type":"EntryPoint","urlTemplate":"https:\/\/lovme.pt\/?s={search_term_string}"},"query-input":{"@type":"PropertyValueSpecification","valueRequired":true,"valueName":"search_term_string"}}],"inLanguage":"pt-PT"}]}},"_links":{"self":[{"href":"https:\/\/lovme.pt\/index.php\/wp-json\/wp\/v2\/product\/42251","targetHints":{"allow":["GET"]}}],"collection":[{"href":"https:\/\/lovme.pt\/index.php\/wp-json\/wp\/v2\/product"}],"about":[{"href":"https:\/\/lovme.pt\/index.php\/wp-json\/wp\/v2\/types\/product"}],"wp:featuredmedia":[{"embeddable":true,"href":"https:\/\/lovme.pt\/index.php\/wp-json\/wp\/v2\/media\/72016"}],"wp:attachment":[{"href":"https:\/\/lovme.pt\/index.php\/wp-json\/wp\/v2\/media?parent=42251"}],"wp:term":[{"taxonomy":"product_brand","embeddable":true,"href":"https:\/\/lovme.pt\/index.php\/wp-json\/wp\/v2\/product_brand?post=42251"},{"taxonomy":"product_cat","embeddable":true,"href":"https:\/\/lovme.pt\/index.php\/wp-json\/wp\/v2\/product_cat?post=42251"},{"taxonomy":"product_tag","embeddable":true,"href":"https:\/\/lovme.pt\/index.php\/wp-json\/wp\/v2\/product_tag?post=42251"}],"curies":[{"name":"wp","href":"https:\/\/api.w.org\/{rel}","templated":true}]}}