{"id":42250,"date":"2025-09-30T20:43:45","date_gmt":"2025-09-30T20:43:45","guid":{"rendered":"https:\/\/lovme.pt\/?post_type=product&p=42250"},"modified":"2026-02-19T20:08:47","modified_gmt":"2026-02-19T20:08:47","slug":"intense-pack-bolas-kegel-kendall-azul","status":"publish","type":"product","link":"https:\/\/lovme.pt\/index.php\/produto\/intense-pack-bolas-kegel-kendall-azul\/","title":{"rendered":"INTENSE &#8211; PACK BOLAS KEGEL KENDALL AZUL"},"content":{"rendered":"<p>As bolas chinesas Intense\u2122 Pack Kendall s\u00e3o revestidas com silicone 100% de alta qualidade. T\u00eam um design elegante em duas cores e um incompar\u00e1vel toque de veludo macio e muito confort\u00e1vel.<\/p>\n<p> Intense\u2122 Pack Kendall \u00e9 o complemento ideal para o treino do pavimento p\u00e9lvico, especialmente para mulheres principiantes e\/ou com inclina\u00e7\u00f5es uterinas. \u00c9 inserido como um tamp\u00e3o e, assim como o Intense\u2122 Pack Kendall, \u00e9 quase impercept\u00edvel. Durante os movimentos di\u00e1rios, as rota\u00e7\u00f5es internas constantes e silenciosas geram contra\u00e7\u00f5es musculares involunt\u00e1rias que fortalecem os m\u00fasculos do assoalho p\u00e9lvico.<\/p>\n<p> Intense\u2122 Pack Kendall ajuda a tonificar os m\u00fasculos do pavimento p\u00e9lvico respons\u00e1veis pelo prazer sexual, possuem um peso perfeitamente dosado que garante uma sess\u00e3o de treino sensacional do pavimento p\u00e9lvico, para reduzir a incontin\u00eancia, intensificar o orgasmo e consequentemente melhorar a sa\u00fade sexual.<\/p>\n<p> Para maior efic\u00e1cia, s\u00e3o recomendadas sess\u00f5es curtas e regulares. Comece com Intense\u2122 Pack Kendall de 28 gramas por no m\u00e1ximo 15 minutos por dia quando estiver em movimento, assim que conseguir ret\u00ea-los facilmente continue com Intense\u2122 Pack Kendall de 50 gramas, e repita o processo, quando conseguir retenha-os. Parab\u00e9ns! Voc\u00ea alcan\u00e7ou o fortalecimento perfeito do assoalho p\u00e9lvico com Intense\u2122 Pack Kendall<\/p>\n<p> As bolas Intense\u2122 Pack Kendall s\u00e3o totalmente lisas, facilitando a inser\u00e7\u00e3o e produzindo uma sensa\u00e7\u00e3o de conforto. F\u00e1cil de usar e limpar, \u00e9 a escolha perfeita para uma sa\u00fade muscular p\u00e9lvica impec\u00e1vel.<\/p>\n<p> Estrutura 100% em silicone hipoalerg\u00eanico.<\/p>\n<ul>\n<li> Peso; Pacote Intense\u2122 Kendall One Ball; 28 gramas<\/li>\n<li> Peso; Pacote Intense\u2122 Kendall de duas bolas; 50 gramas<\/li>\n<\/ul>\n<p> Depois de coloc\u00e1-los dentro de voc\u00ea, seus m\u00fasculos p\u00e9lvicos come\u00e7ar\u00e3o a trabalhar tentando manter as bolas no lugar.<\/p>\n<p> A rota\u00e7\u00e3o da bola no seu interior estimula e fortalece os m\u00fasculos do assoalho p\u00e9lvico durante os movimentos da vida di\u00e1ria.<\/p>\n<ul>\n<li> Aumenta a sensibilidade durante o sexo, tanto para MULHERES como para HOMENS!<\/li>\n<li> Parteiras e ginecologistas recomendam-no como m\u00e9todo de recupera\u00e7\u00e3o do assoalho p\u00e9lvico ap\u00f3s o parto.<\/li>\n<li> Aumenta os resultados da gin\u00e1stica p\u00f3s-parto<\/li>\n<li> Previne incontin\u00eancia urin\u00e1ria e descolamento uterino<\/li>\n<li> Desmaiar<\/li>\n<li> Use dicas<\/li>\n<\/ul>\n<p> Intense\u2122 Pack Kendall recomenda o uso de lubrificantes \u00e0 base de \u00e1gua, como Aqua\u2122, BioAqua\u2122, Coquette\u2122 ou Waterfeel\u2122 para facilitar o uso e inser\u00e7\u00e3o de todos os produtos de silicone. N\u00e3o utilize lubrificantes, \u00f3leos ou cremes \u00e0 base de silicone com produtos de silicone, pois podem degradar o material, limitando seu funcionamento e vida \u00fatil.<\/p>\n<p> Limpeza<\/p>\n<ul>\n<li> Limpe bem o brinquedo antes e depois de cada uso com \u00e1gua morna e sab\u00e3o neutro.<\/li>\n<\/ul>\n<p> Armazenar<\/p>\n<ul>\n<li> Guarde as bolas Intense\u2122 Pack Kendall em local livre de poeira e mantenha-as fora do contato com outros brinquedos de materiais diversos (TPR, gelatina de PVC, etc.). Evite exp\u00f4-las \u00e0 luz solar e a temperaturas extremamente altas.<\/li>\n<\/ul>\n","protected":false},"excerpt":{"rendered":"<p>INTENSE &#8211; PACK BOLAS KEGEL KENDALL AZUL<\/p>\n","protected":false},"featured_media":72013,"template":"","meta":{"_acf_changed":false},"product_brand":[],"product_cat":[54,17,61],"product_tag":[],"class_list":{"0":"post-42250","1":"product","2":"type-product","3":"status-publish","4":"has-post-thumbnail","6":"product_cat-bolas-chinesas","7":"product_cat-brinquedos-de-bem-estar-sexual","8":"product_cat-para-elas","9":"yith_product_brand-intense","10":"yith_product_brand-intenseintense-toysintense-health-fun","11":"yith_product_brand-intenseintense-toys","13":"first","14":"instock","15":"taxable","16":"shipping-taxable","17":"purchasable","18":"product-type-simple"},"acf":[],"yoast_head":"<!-- This site is optimized with the Yoast SEO plugin v27.4 - https:\/\/yoast.com\/product\/yoast-seo-wordpress\/ -->\n<title>INTENSE - PACK BOLAS KEGEL KENDALL AZUL - Lovme<\/title>\n<meta name=\"robots\" content=\"index, follow, max-snippet:-1, max-image-preview:large, max-video-preview:-1\" \/>\n<link rel=\"canonical\" href=\"https:\/\/lovme.pt\/index.php\/produto\/intense-pack-bolas-kegel-kendall-azul\/\" \/>\n<meta property=\"og:locale\" content=\"pt_PT\" \/>\n<meta property=\"og:type\" content=\"article\" \/>\n<meta property=\"og:title\" content=\"INTENSE - PACK BOLAS KEGEL KENDALL AZUL - Lovme\" \/>\n<meta property=\"og:description\" content=\"INTENSE - PACK BOLAS KEGEL KENDALL AZUL\" \/>\n<meta property=\"og:url\" content=\"https:\/\/lovme.pt\/index.php\/produto\/intense-pack-bolas-kegel-kendall-azul\/\" \/>\n<meta property=\"og:site_name\" content=\"Lovme\" \/>\n<meta property=\"article:modified_time\" content=\"2026-02-19T20:08:47+00:00\" \/>\n<meta property=\"og:image\" content=\"https:\/\/erki24nd3ub.exactdn.com\/wp-content\/uploads\/dream\/img\/img_138063_9f17b828883cb11baaa85732204f61cc_1.png?strip=all\" \/>\n\t<meta property=\"og:image:width\" content=\"800\" \/>\n\t<meta property=\"og:image:height\" content=\"800\" \/>\n\t<meta property=\"og:image:type\" content=\"image\/png\" \/>\n<meta name=\"twitter:card\" content=\"summary_large_image\" \/>\n<meta name=\"twitter:label1\" content=\"Tempo estimado de leitura\" \/>\n\t<meta name=\"twitter:data1\" content=\"2 minutos\" \/>\n<script type=\"application\/ld+json\" class=\"yoast-schema-graph\">{\"@context\":\"https:\\\/\\\/schema.org\",\"@graph\":[{\"@type\":\"WebPage\",\"@id\":\"https:\\\/\\\/lovme.pt\\\/index.php\\\/produto\\\/intense-pack-bolas-kegel-kendall-azul\\\/\",\"url\":\"https:\\\/\\\/lovme.pt\\\/index.php\\\/produto\\\/intense-pack-bolas-kegel-kendall-azul\\\/\",\"name\":\"INTENSE - PACK BOLAS KEGEL KENDALL AZUL - Lovme\",\"isPartOf\":{\"@id\":\"https:\\\/\\\/lovme.pt\\\/#website\"},\"primaryImageOfPage\":{\"@id\":\"https:\\\/\\\/lovme.pt\\\/index.php\\\/produto\\\/intense-pack-bolas-kegel-kendall-azul\\\/#primaryimage\"},\"image\":{\"@id\":\"https:\\\/\\\/lovme.pt\\\/index.php\\\/produto\\\/intense-pack-bolas-kegel-kendall-azul\\\/#primaryimage\"},\"thumbnailUrl\":\"https:\\\/\\\/erki24nd3ub.exactdn.com\\\/wp-content\\\/uploads\\\/dream\\\/img\\\/img_138063_9f17b828883cb11baaa85732204f61cc_1.png?strip=all\",\"datePublished\":\"2025-09-30T20:43:45+00:00\",\"dateModified\":\"2026-02-19T20:08:47+00:00\",\"breadcrumb\":{\"@id\":\"https:\\\/\\\/lovme.pt\\\/index.php\\\/produto\\\/intense-pack-bolas-kegel-kendall-azul\\\/#breadcrumb\"},\"inLanguage\":\"pt-PT\",\"potentialAction\":[{\"@type\":\"ReadAction\",\"target\":[\"https:\\\/\\\/lovme.pt\\\/index.php\\\/produto\\\/intense-pack-bolas-kegel-kendall-azul\\\/\"]}]},{\"@type\":\"ImageObject\",\"inLanguage\":\"pt-PT\",\"@id\":\"https:\\\/\\\/lovme.pt\\\/index.php\\\/produto\\\/intense-pack-bolas-kegel-kendall-azul\\\/#primaryimage\",\"url\":\"https:\\\/\\\/erki24nd3ub.exactdn.com\\\/wp-content\\\/uploads\\\/dream\\\/img\\\/img_138063_9f17b828883cb11baaa85732204f61cc_1.png?strip=all\",\"contentUrl\":\"https:\\\/\\\/erki24nd3ub.exactdn.com\\\/wp-content\\\/uploads\\\/dream\\\/img\\\/img_138063_9f17b828883cb11baaa85732204f61cc_1.png?strip=all\",\"width\":800,\"height\":800},{\"@type\":\"BreadcrumbList\",\"@id\":\"https:\\\/\\\/lovme.pt\\\/index.php\\\/produto\\\/intense-pack-bolas-kegel-kendall-azul\\\/#breadcrumb\",\"itemListElement\":[{\"@type\":\"ListItem\",\"position\":1,\"name\":\"In\u00edcio\",\"item\":\"https:\\\/\\\/lovme.pt\\\/\"},{\"@type\":\"ListItem\",\"position\":2,\"name\":\"Loja\",\"item\":\"https:\\\/\\\/lovme.pt\\\/index.php\\\/loja\\\/\"},{\"@type\":\"ListItem\",\"position\":3,\"name\":\"INTENSE &#8211; PACK BOLAS KEGEL KENDALL AZUL\"}]},{\"@type\":\"WebSite\",\"@id\":\"https:\\\/\\\/lovme.pt\\\/#website\",\"url\":\"https:\\\/\\\/lovme.pt\\\/\",\"name\":\"Lovme Loja Er\u00f3tica N\u00ba1 em Portugal\",\"description\":\"A melhor loja er\u00f3tica de Portugal.\",\"alternateName\":\"Loja Er\u00f3tica Lovme\",\"potentialAction\":[{\"@type\":\"SearchAction\",\"target\":{\"@type\":\"EntryPoint\",\"urlTemplate\":\"https:\\\/\\\/lovme.pt\\\/?s={search_term_string}\"},\"query-input\":{\"@type\":\"PropertyValueSpecification\",\"valueRequired\":true,\"valueName\":\"search_term_string\"}}],\"inLanguage\":\"pt-PT\"}]}<\/script>\n<!-- \/ Yoast SEO plugin. -->","yoast_head_json":{"title":"INTENSE - PACK BOLAS KEGEL KENDALL AZUL - Lovme","robots":{"index":"index","follow":"follow","max-snippet":"max-snippet:-1","max-image-preview":"max-image-preview:large","max-video-preview":"max-video-preview:-1"},"canonical":"https:\/\/lovme.pt\/index.php\/produto\/intense-pack-bolas-kegel-kendall-azul\/","og_locale":"pt_PT","og_type":"article","og_title":"INTENSE - PACK BOLAS KEGEL KENDALL AZUL - Lovme","og_description":"INTENSE - PACK BOLAS KEGEL KENDALL AZUL","og_url":"https:\/\/lovme.pt\/index.php\/produto\/intense-pack-bolas-kegel-kendall-azul\/","og_site_name":"Lovme","article_modified_time":"2026-02-19T20:08:47+00:00","og_image":[{"width":800,"height":800,"url":"https:\/\/erki24nd3ub.exactdn.com\/wp-content\/uploads\/dream\/img\/img_138063_9f17b828883cb11baaa85732204f61cc_1.png?strip=all","type":"image\/png"}],"twitter_card":"summary_large_image","twitter_misc":{"Tempo estimado de leitura":"2 minutos"},"schema":{"@context":"https:\/\/schema.org","@graph":[{"@type":"WebPage","@id":"https:\/\/lovme.pt\/index.php\/produto\/intense-pack-bolas-kegel-kendall-azul\/","url":"https:\/\/lovme.pt\/index.php\/produto\/intense-pack-bolas-kegel-kendall-azul\/","name":"INTENSE - PACK BOLAS KEGEL KENDALL AZUL - Lovme","isPartOf":{"@id":"https:\/\/lovme.pt\/#website"},"primaryImageOfPage":{"@id":"https:\/\/lovme.pt\/index.php\/produto\/intense-pack-bolas-kegel-kendall-azul\/#primaryimage"},"image":{"@id":"https:\/\/lovme.pt\/index.php\/produto\/intense-pack-bolas-kegel-kendall-azul\/#primaryimage"},"thumbnailUrl":"https:\/\/erki24nd3ub.exactdn.com\/wp-content\/uploads\/dream\/img\/img_138063_9f17b828883cb11baaa85732204f61cc_1.png?strip=all","datePublished":"2025-09-30T20:43:45+00:00","dateModified":"2026-02-19T20:08:47+00:00","breadcrumb":{"@id":"https:\/\/lovme.pt\/index.php\/produto\/intense-pack-bolas-kegel-kendall-azul\/#breadcrumb"},"inLanguage":"pt-PT","potentialAction":[{"@type":"ReadAction","target":["https:\/\/lovme.pt\/index.php\/produto\/intense-pack-bolas-kegel-kendall-azul\/"]}]},{"@type":"ImageObject","inLanguage":"pt-PT","@id":"https:\/\/lovme.pt\/index.php\/produto\/intense-pack-bolas-kegel-kendall-azul\/#primaryimage","url":"https:\/\/erki24nd3ub.exactdn.com\/wp-content\/uploads\/dream\/img\/img_138063_9f17b828883cb11baaa85732204f61cc_1.png?strip=all","contentUrl":"https:\/\/erki24nd3ub.exactdn.com\/wp-content\/uploads\/dream\/img\/img_138063_9f17b828883cb11baaa85732204f61cc_1.png?strip=all","width":800,"height":800},{"@type":"BreadcrumbList","@id":"https:\/\/lovme.pt\/index.php\/produto\/intense-pack-bolas-kegel-kendall-azul\/#breadcrumb","itemListElement":[{"@type":"ListItem","position":1,"name":"In\u00edcio","item":"https:\/\/lovme.pt\/"},{"@type":"ListItem","position":2,"name":"Loja","item":"https:\/\/lovme.pt\/index.php\/loja\/"},{"@type":"ListItem","position":3,"name":"INTENSE &#8211; PACK BOLAS KEGEL KENDALL AZUL"}]},{"@type":"WebSite","@id":"https:\/\/lovme.pt\/#website","url":"https:\/\/lovme.pt\/","name":"Lovme Loja Er\u00f3tica N\u00ba1 em Portugal","description":"A melhor loja er\u00f3tica de Portugal.","alternateName":"Loja Er\u00f3tica Lovme","potentialAction":[{"@type":"SearchAction","target":{"@type":"EntryPoint","urlTemplate":"https:\/\/lovme.pt\/?s={search_term_string}"},"query-input":{"@type":"PropertyValueSpecification","valueRequired":true,"valueName":"search_term_string"}}],"inLanguage":"pt-PT"}]}},"_links":{"self":[{"href":"https:\/\/lovme.pt\/index.php\/wp-json\/wp\/v2\/product\/42250","targetHints":{"allow":["GET"]}}],"collection":[{"href":"https:\/\/lovme.pt\/index.php\/wp-json\/wp\/v2\/product"}],"about":[{"href":"https:\/\/lovme.pt\/index.php\/wp-json\/wp\/v2\/types\/product"}],"wp:featuredmedia":[{"embeddable":true,"href":"https:\/\/lovme.pt\/index.php\/wp-json\/wp\/v2\/media\/72013"}],"wp:attachment":[{"href":"https:\/\/lovme.pt\/index.php\/wp-json\/wp\/v2\/media?parent=42250"}],"wp:term":[{"taxonomy":"product_brand","embeddable":true,"href":"https:\/\/lovme.pt\/index.php\/wp-json\/wp\/v2\/product_brand?post=42250"},{"taxonomy":"product_cat","embeddable":true,"href":"https:\/\/lovme.pt\/index.php\/wp-json\/wp\/v2\/product_cat?post=42250"},{"taxonomy":"product_tag","embeddable":true,"href":"https:\/\/lovme.pt\/index.php\/wp-json\/wp\/v2\/product_tag?post=42250"}],"curies":[{"name":"wp","href":"https:\/\/api.w.org\/{rel}","templated":true}]}}