{"id":42248,"date":"2025-10-01T00:04:27","date_gmt":"2025-10-01T00:04:27","guid":{"rendered":"https:\/\/lovme.pt\/?post_type=product&p=42248"},"modified":"2026-02-19T20:14:15","modified_gmt":"2026-02-19T20:14:15","slug":"intense-plug-anal-de-metal-de-aluminio-com-cristal-rosa-tamanho-l","status":"publish","type":"product","link":"https:\/\/lovme.pt\/index.php\/produto\/intense-plug-anal-de-metal-de-aluminio-com-cristal-rosa-tamanho-l\/","title":{"rendered":"INTENSE &#8211; PLUG ANAL DE METAL DE ALUM\u00cdNIO COM CRISTAL ROSA TAMANHO L"},"content":{"rendered":"<p>UM TOQUE BRILHANTE!<\/p>\n<p> Deixe suas n\u00e1degas brilharem com o plug anal Intense\u2122, decorado com uma joia de diamante. Este plug de metal de alta qualidade com detalhes em azul brilhante adiciona glamour \u00e0s suas aventuras anais.<\/p>\n<p> DESIGN GLAMOROSO PARA PRAZER INTENSO<\/p>\n<p style=\"margin-left:\"> Mergulhe em um mundo de prazer glamoroso com o Plugue Anal Intense\u2122 Diamond Jewel. Este plug anal de alta qualidade \u00e9 feito de metal totalmente testado e liso, sem Phalatos, e \u00e9 adornado com uma pedra brilhante. Aproveite o design luxuoso que transforma suas aventuras anais em uma experi\u00eancia glamorosa. Com seu tamanho agrad\u00e1vel, formato firme e manej\u00e1vel, este plug oferece estimula\u00e7\u00e3o anal elegante e confort\u00e1vel.<\/p>\n<p> MATERIAL DE ALTA QUALIDADE PARA DESFRUTAR SEM PREOCUPA\u00c7\u00d5ES<\/p>\n<p> Material de alta qualidade feito de metal seguro para o corpo e vidro acr\u00edlico garante divers\u00e3o sem preocupa\u00e7\u00f5es e tamb\u00e9m \u00e9 f\u00e1cil de limpar. Voc\u00ea pode se concentrar totalmente no prazer intenso sem comprometer a seguran\u00e7a.<\/p>\n<p> Medidas; 9 cm de comprimento x 4 cm de di\u00e2metro.<\/p>\n<p> LUXO DE Intense\u2122,.<\/p>\n<p> Intense\u2122, \u00e9 uma marca exclusiva conhecida pelos seus produtos de alta qualidade. O Butt Plug With Diamond Jewel faz parte da cole\u00e7\u00e3o Intense\u2122 Sex Toy e incorpora o prazer e a eleg\u00e2ncia que definem Intense\u2122.<\/p>\n<p> Experimente a combina\u00e7\u00e3o emocionante de design elegante e estimula\u00e7\u00e3o anal intensa com o plug anal Intense\u2122 Diamond Jewel. Mergulhe no prazer glamoroso e descubra novos patamares de prazer.<\/p>\n<p> MATERIAIS E CUIDADOS<\/p>\n<p> Este vibrador anal \u00e9 feito de metal seguro para o corpo, um material de alta qualidade que \u00e9 muito forte e excitantemente inflex\u00edvel, mas mais leve que o alum\u00ednio ou o vidro. Gra\u00e7as \u00e0 sua superf\u00edcie lisa, o metal tamb\u00e9m \u00e9 particularmente higi\u00e9nico e amigo da pele. Voc\u00ea pode alterar a temperatura do vibrador com \u00e1gua morna ou fria para descobrir tipos de estimula\u00e7\u00e3o completamente novos. N\u00e3o importa qual lubrificante voc\u00ea use, tanto os lubrificantes \u00e0 base de \u00e1gua quanto os \u00e0 base de silicone s\u00e3o adequados. Recomendamos a marca Waterfeel, BlackHole ou Bioaqua. Este brinquedo \u00e9 f\u00e1cil de limpar com \u00e1gua morna e sab\u00e3o. Para uma higiene completa, voc\u00ea pode usar um limpador de brinquedos antibacteriano.<\/p>\n<p> A MARCA INTENSE\u2122,<\/p>\n<p> INTENSE combina produtos de qualidade e itens de moda em todas as faixas de pre\u00e7o para tornar a brincadeira sexual uma parte do estilo de vida cotidiano. Se voc\u00ea est\u00e1 no in\u00edcio de sua jornada sexual ou j\u00e1 \u00e9 um profissional sexual. H\u00e1 sempre algo interessante para descobrir entre as diferentes cole\u00e7\u00f5es. Devido ao aspecto luxuoso e elegante de todos os produtos INTENSE, \u00e9 o presente perfeito para trazer alegria. INTENSE \u00e9 adequado para todos os or\u00e7amentos, todas as ocasi\u00f5es e todas as aventuras.<\/p>\n","protected":false},"excerpt":{"rendered":"<p>INTENSE &#8211; PLUG ANAL DE METAL DE ALUM\u00cdNIO COM CRISTAL ROSA TAMANHO L<\/p>\n","protected":false},"featured_media":84245,"template":"","meta":{"_acf_changed":false},"product_brand":[],"product_cat":[48,17,56,62,63],"product_tag":[],"class_list":{"0":"post-42248","1":"product","2":"type-product","3":"status-publish","4":"has-post-thumbnail","6":"product_cat-bdsm","7":"product_cat-brinquedos-de-bem-estar-sexual","8":"product_cat-dildos-e-arneses","9":"product_cat-plugues-e-correntes-anais","10":"product_cat-sexo-anal","11":"yith_product_brand-intense","12":"yith_product_brand-intenseintense-toysintense-anal-toys","13":"yith_product_brand-intenseintense-toys","15":"first","16":"instock","17":"taxable","18":"shipping-taxable","19":"purchasable","20":"product-type-simple"},"acf":[],"yoast_head":"<!-- This site is optimized with the Yoast SEO plugin v27.4 - https:\/\/yoast.com\/product\/yoast-seo-wordpress\/ -->\n<title>INTENSE - PLUG ANAL DE METAL DE ALUM\u00cdNIO COM CRISTAL ROSA TAMANHO L - Lovme<\/title>\n<meta name=\"robots\" content=\"index, follow, max-snippet:-1, max-image-preview:large, max-video-preview:-1\" \/>\n<link rel=\"canonical\" href=\"https:\/\/lovme.pt\/index.php\/produto\/intense-plug-anal-de-metal-de-aluminio-com-cristal-rosa-tamanho-l\/\" \/>\n<meta property=\"og:locale\" content=\"pt_PT\" \/>\n<meta property=\"og:type\" content=\"article\" \/>\n<meta property=\"og:title\" content=\"INTENSE - PLUG ANAL DE METAL DE ALUM\u00cdNIO COM CRISTAL ROSA TAMANHO L - Lovme\" \/>\n<meta property=\"og:description\" content=\"INTENSE - PLUG ANAL DE METAL DE ALUM\u00cdNIO COM CRISTAL ROSA TAMANHO L\" \/>\n<meta property=\"og:url\" content=\"https:\/\/lovme.pt\/index.php\/produto\/intense-plug-anal-de-metal-de-aluminio-com-cristal-rosa-tamanho-l\/\" \/>\n<meta property=\"og:site_name\" content=\"Lovme\" \/>\n<meta property=\"article:modified_time\" content=\"2026-02-19T20:14:15+00:00\" \/>\n<meta property=\"og:image\" content=\"https:\/\/erki24nd3ub.exactdn.com\/wp-content\/uploads\/dream\/img\/img_151233_8efc578ab18229768f05fc8f82265efa_1.png?strip=all\" \/>\n\t<meta property=\"og:image:width\" content=\"800\" \/>\n\t<meta property=\"og:image:height\" content=\"800\" \/>\n\t<meta property=\"og:image:type\" content=\"image\/png\" \/>\n<meta name=\"twitter:card\" content=\"summary_large_image\" \/>\n<meta name=\"twitter:label1\" content=\"Tempo estimado de leitura\" \/>\n\t<meta name=\"twitter:data1\" content=\"2 minutos\" \/>\n<script type=\"application\/ld+json\" class=\"yoast-schema-graph\">{\"@context\":\"https:\\\/\\\/schema.org\",\"@graph\":[{\"@type\":\"WebPage\",\"@id\":\"https:\\\/\\\/lovme.pt\\\/index.php\\\/produto\\\/intense-plug-anal-de-metal-de-aluminio-com-cristal-rosa-tamanho-l\\\/\",\"url\":\"https:\\\/\\\/lovme.pt\\\/index.php\\\/produto\\\/intense-plug-anal-de-metal-de-aluminio-com-cristal-rosa-tamanho-l\\\/\",\"name\":\"INTENSE - PLUG ANAL DE METAL DE ALUM\u00cdNIO COM CRISTAL ROSA TAMANHO L - Lovme\",\"isPartOf\":{\"@id\":\"https:\\\/\\\/lovme.pt\\\/#website\"},\"primaryImageOfPage\":{\"@id\":\"https:\\\/\\\/lovme.pt\\\/index.php\\\/produto\\\/intense-plug-anal-de-metal-de-aluminio-com-cristal-rosa-tamanho-l\\\/#primaryimage\"},\"image\":{\"@id\":\"https:\\\/\\\/lovme.pt\\\/index.php\\\/produto\\\/intense-plug-anal-de-metal-de-aluminio-com-cristal-rosa-tamanho-l\\\/#primaryimage\"},\"thumbnailUrl\":\"https:\\\/\\\/erki24nd3ub.exactdn.com\\\/wp-content\\\/uploads\\\/dream\\\/img\\\/img_151233_8efc578ab18229768f05fc8f82265efa_1.png?strip=all\",\"datePublished\":\"2025-10-01T00:04:27+00:00\",\"dateModified\":\"2026-02-19T20:14:15+00:00\",\"breadcrumb\":{\"@id\":\"https:\\\/\\\/lovme.pt\\\/index.php\\\/produto\\\/intense-plug-anal-de-metal-de-aluminio-com-cristal-rosa-tamanho-l\\\/#breadcrumb\"},\"inLanguage\":\"pt-PT\",\"potentialAction\":[{\"@type\":\"ReadAction\",\"target\":[\"https:\\\/\\\/lovme.pt\\\/index.php\\\/produto\\\/intense-plug-anal-de-metal-de-aluminio-com-cristal-rosa-tamanho-l\\\/\"]}]},{\"@type\":\"ImageObject\",\"inLanguage\":\"pt-PT\",\"@id\":\"https:\\\/\\\/lovme.pt\\\/index.php\\\/produto\\\/intense-plug-anal-de-metal-de-aluminio-com-cristal-rosa-tamanho-l\\\/#primaryimage\",\"url\":\"https:\\\/\\\/erki24nd3ub.exactdn.com\\\/wp-content\\\/uploads\\\/dream\\\/img\\\/img_151233_8efc578ab18229768f05fc8f82265efa_1.png?strip=all\",\"contentUrl\":\"https:\\\/\\\/erki24nd3ub.exactdn.com\\\/wp-content\\\/uploads\\\/dream\\\/img\\\/img_151233_8efc578ab18229768f05fc8f82265efa_1.png?strip=all\",\"width\":800,\"height\":800},{\"@type\":\"BreadcrumbList\",\"@id\":\"https:\\\/\\\/lovme.pt\\\/index.php\\\/produto\\\/intense-plug-anal-de-metal-de-aluminio-com-cristal-rosa-tamanho-l\\\/#breadcrumb\",\"itemListElement\":[{\"@type\":\"ListItem\",\"position\":1,\"name\":\"In\u00edcio\",\"item\":\"https:\\\/\\\/lovme.pt\\\/\"},{\"@type\":\"ListItem\",\"position\":2,\"name\":\"Loja\",\"item\":\"https:\\\/\\\/lovme.pt\\\/index.php\\\/loja\\\/\"},{\"@type\":\"ListItem\",\"position\":3,\"name\":\"INTENSE &#8211; PLUG ANAL DE METAL DE ALUM\u00cdNIO COM CRISTAL ROSA TAMANHO L\"}]},{\"@type\":\"WebSite\",\"@id\":\"https:\\\/\\\/lovme.pt\\\/#website\",\"url\":\"https:\\\/\\\/lovme.pt\\\/\",\"name\":\"Lovme Loja Er\u00f3tica N\u00ba1 em Portugal\",\"description\":\"A melhor loja er\u00f3tica de Portugal.\",\"alternateName\":\"Loja Er\u00f3tica Lovme\",\"potentialAction\":[{\"@type\":\"SearchAction\",\"target\":{\"@type\":\"EntryPoint\",\"urlTemplate\":\"https:\\\/\\\/lovme.pt\\\/?s={search_term_string}\"},\"query-input\":{\"@type\":\"PropertyValueSpecification\",\"valueRequired\":true,\"valueName\":\"search_term_string\"}}],\"inLanguage\":\"pt-PT\"}]}<\/script>\n<!-- \/ Yoast SEO plugin. -->","yoast_head_json":{"title":"INTENSE - PLUG ANAL DE METAL DE ALUM\u00cdNIO COM CRISTAL ROSA TAMANHO L - Lovme","robots":{"index":"index","follow":"follow","max-snippet":"max-snippet:-1","max-image-preview":"max-image-preview:large","max-video-preview":"max-video-preview:-1"},"canonical":"https:\/\/lovme.pt\/index.php\/produto\/intense-plug-anal-de-metal-de-aluminio-com-cristal-rosa-tamanho-l\/","og_locale":"pt_PT","og_type":"article","og_title":"INTENSE - PLUG ANAL DE METAL DE ALUM\u00cdNIO COM CRISTAL ROSA TAMANHO L - Lovme","og_description":"INTENSE - PLUG ANAL DE METAL DE ALUM\u00cdNIO COM CRISTAL ROSA TAMANHO L","og_url":"https:\/\/lovme.pt\/index.php\/produto\/intense-plug-anal-de-metal-de-aluminio-com-cristal-rosa-tamanho-l\/","og_site_name":"Lovme","article_modified_time":"2026-02-19T20:14:15+00:00","og_image":[{"width":800,"height":800,"url":"https:\/\/erki24nd3ub.exactdn.com\/wp-content\/uploads\/dream\/img\/img_151233_8efc578ab18229768f05fc8f82265efa_1.png?strip=all","type":"image\/png"}],"twitter_card":"summary_large_image","twitter_misc":{"Tempo estimado de leitura":"2 minutos"},"schema":{"@context":"https:\/\/schema.org","@graph":[{"@type":"WebPage","@id":"https:\/\/lovme.pt\/index.php\/produto\/intense-plug-anal-de-metal-de-aluminio-com-cristal-rosa-tamanho-l\/","url":"https:\/\/lovme.pt\/index.php\/produto\/intense-plug-anal-de-metal-de-aluminio-com-cristal-rosa-tamanho-l\/","name":"INTENSE - PLUG ANAL DE METAL DE ALUM\u00cdNIO COM CRISTAL ROSA TAMANHO L - Lovme","isPartOf":{"@id":"https:\/\/lovme.pt\/#website"},"primaryImageOfPage":{"@id":"https:\/\/lovme.pt\/index.php\/produto\/intense-plug-anal-de-metal-de-aluminio-com-cristal-rosa-tamanho-l\/#primaryimage"},"image":{"@id":"https:\/\/lovme.pt\/index.php\/produto\/intense-plug-anal-de-metal-de-aluminio-com-cristal-rosa-tamanho-l\/#primaryimage"},"thumbnailUrl":"https:\/\/erki24nd3ub.exactdn.com\/wp-content\/uploads\/dream\/img\/img_151233_8efc578ab18229768f05fc8f82265efa_1.png?strip=all","datePublished":"2025-10-01T00:04:27+00:00","dateModified":"2026-02-19T20:14:15+00:00","breadcrumb":{"@id":"https:\/\/lovme.pt\/index.php\/produto\/intense-plug-anal-de-metal-de-aluminio-com-cristal-rosa-tamanho-l\/#breadcrumb"},"inLanguage":"pt-PT","potentialAction":[{"@type":"ReadAction","target":["https:\/\/lovme.pt\/index.php\/produto\/intense-plug-anal-de-metal-de-aluminio-com-cristal-rosa-tamanho-l\/"]}]},{"@type":"ImageObject","inLanguage":"pt-PT","@id":"https:\/\/lovme.pt\/index.php\/produto\/intense-plug-anal-de-metal-de-aluminio-com-cristal-rosa-tamanho-l\/#primaryimage","url":"https:\/\/erki24nd3ub.exactdn.com\/wp-content\/uploads\/dream\/img\/img_151233_8efc578ab18229768f05fc8f82265efa_1.png?strip=all","contentUrl":"https:\/\/erki24nd3ub.exactdn.com\/wp-content\/uploads\/dream\/img\/img_151233_8efc578ab18229768f05fc8f82265efa_1.png?strip=all","width":800,"height":800},{"@type":"BreadcrumbList","@id":"https:\/\/lovme.pt\/index.php\/produto\/intense-plug-anal-de-metal-de-aluminio-com-cristal-rosa-tamanho-l\/#breadcrumb","itemListElement":[{"@type":"ListItem","position":1,"name":"In\u00edcio","item":"https:\/\/lovme.pt\/"},{"@type":"ListItem","position":2,"name":"Loja","item":"https:\/\/lovme.pt\/index.php\/loja\/"},{"@type":"ListItem","position":3,"name":"INTENSE &#8211; PLUG ANAL DE METAL DE ALUM\u00cdNIO COM CRISTAL ROSA TAMANHO L"}]},{"@type":"WebSite","@id":"https:\/\/lovme.pt\/#website","url":"https:\/\/lovme.pt\/","name":"Lovme Loja Er\u00f3tica N\u00ba1 em Portugal","description":"A melhor loja er\u00f3tica de Portugal.","alternateName":"Loja Er\u00f3tica Lovme","potentialAction":[{"@type":"SearchAction","target":{"@type":"EntryPoint","urlTemplate":"https:\/\/lovme.pt\/?s={search_term_string}"},"query-input":{"@type":"PropertyValueSpecification","valueRequired":true,"valueName":"search_term_string"}}],"inLanguage":"pt-PT"}]}},"_links":{"self":[{"href":"https:\/\/lovme.pt\/index.php\/wp-json\/wp\/v2\/product\/42248","targetHints":{"allow":["GET"]}}],"collection":[{"href":"https:\/\/lovme.pt\/index.php\/wp-json\/wp\/v2\/product"}],"about":[{"href":"https:\/\/lovme.pt\/index.php\/wp-json\/wp\/v2\/types\/product"}],"wp:featuredmedia":[{"embeddable":true,"href":"https:\/\/lovme.pt\/index.php\/wp-json\/wp\/v2\/media\/84245"}],"wp:attachment":[{"href":"https:\/\/lovme.pt\/index.php\/wp-json\/wp\/v2\/media?parent=42248"}],"wp:term":[{"taxonomy":"product_brand","embeddable":true,"href":"https:\/\/lovme.pt\/index.php\/wp-json\/wp\/v2\/product_brand?post=42248"},{"taxonomy":"product_cat","embeddable":true,"href":"https:\/\/lovme.pt\/index.php\/wp-json\/wp\/v2\/product_cat?post=42248"},{"taxonomy":"product_tag","embeddable":true,"href":"https:\/\/lovme.pt\/index.php\/wp-json\/wp\/v2\/product_tag?post=42248"}],"curies":[{"name":"wp","href":"https:\/\/api.w.org\/{rel}","templated":true}]}}