{"id":42230,"date":"2025-10-01T00:03:49","date_gmt":"2025-10-01T00:03:49","guid":{"rendered":"https:\/\/lovme.pt\/?post_type=product&p=42230"},"modified":"2026-02-19T20:14:14","modified_gmt":"2026-02-19T20:14:14","slug":"intense-conjunto-de-plugues-de-silicone-multicolor","status":"publish","type":"product","link":"https:\/\/lovme.pt\/index.php\/produto\/intense-conjunto-de-plugues-de-silicone-multicolor\/","title":{"rendered":"INTENSE &#8211; CONJUNTO DE PLUGUES DE SILICONE MULTICOLOR"},"content":{"rendered":"<p>Liberte o seu lado selvagem e desfrute de um prazer incomum com os conjuntos de plugues anais Intense\u2122. Este conjunto ousado de plugues anais \u00e9 feito para se divertir com o design tie-dye brilhante, sonda c\u00f4nica arredondada e base de ventosa vers\u00e1til para brincadeiras ainda mais divertidas. A sonda de silicone aumenta gradualmente em circunfer\u00eancia para permitir que voc\u00ea desfrute de um jogo satisfat\u00f3rio com um di\u00e2metro de 2,7 cm a 4 cm.<\/p>\n<p>O brinquedo sexual Intense\u2122 \u00e9 um conjunto de plugs anais com os quais voc\u00ea n\u00e3o ficar\u00e1 indiferente. \u00c9 grande e pequeno o suficiente para ter o tamanho ideal para estimula\u00e7\u00e3o anal. Com a sua extremidade esf\u00e9rica, os tamp\u00f5es anais Intense\u2122 foram concebidos especificamente como um tamp\u00e3o anal, embora tamb\u00e9m possam ser usados por via vaginal. Use os plugues anais Intense\u2122 do seu jeito e explore novas sensa\u00e7\u00f5es.<\/p>\n<p>Sua principal caracter\u00edstica \u00e9 um toque muito macio e gra\u00e7as \u00e0 fabrica\u00e7\u00e3o de silicone estampado. Al\u00e9m disso, seu formato ergon\u00f4mico facilita a dilata\u00e7\u00e3o, o que \u00e9 especialmente pr\u00e1tico no caso de brincadeira anal.<\/p>\n<p>Medidas;<\/p>\n<ol>\n<li>Plugue anal tamanho S; 7 cm de comprimento x 2,7 cm de di\u00e2metro<\/li>\n<li>Plugue anal tamanho M; 8 cm de comprimento x 3,5 cm de di\u00e2metro<\/li>\n<li>Plugue anal tamanho L; 9 cm de comprimento x 4 cm de di\u00e2metro.<\/li>\n<\/ol>\n<p>Os conjuntos de plugues anais Intense\u2122 recomendam o uso de lubrificantes \u00e0 base de \u00e1gua, como Aqua\u2122, BioAqua\u2122, Coquette\u2122 ou Waterfeel\u2122 para facilitar o uso e inser\u00e7\u00e3o de todos os produtos de silicone. N\u00e3o utilize lubrificantes, \u00f3leos ou cremes \u00e0 base de silicone com produtos de silicone, pois podem degradar o material, limitando seu funcionamento e vida \u00fatil.<\/p>\n<p>Limpeza<\/p>\n<ul>\n<li>Limpe bem o brinquedo antes e depois de cada uso com \u00e1gua morna e sab\u00e3o neutro.<\/li>\n<\/ul>\n<p>Armazenar<\/p>\n<ul>\n<li>Guarde os conjuntos de plugues anais Intense\u2122 em local livre de poeira e mantenha-os fora do contato com outros brinquedos de materiais diversos TPR, geleia de PVC, etc.<\/li>\n<\/ul>\n","protected":false},"excerpt":{"rendered":"<p>INTENSE &#8211; CONJUNTO DE PLUGUES DE SILICONE MULTICOLOR<\/p>\n","protected":false},"featured_media":84155,"template":"","meta":{"_acf_changed":false},"product_brand":[],"product_cat":[48,17,62,63],"product_tag":[],"class_list":{"0":"post-42230","1":"product","2":"type-product","3":"status-publish","4":"has-post-thumbnail","6":"product_cat-bdsm","7":"product_cat-brinquedos-de-bem-estar-sexual","8":"product_cat-plugues-e-correntes-anais","9":"product_cat-sexo-anal","10":"yith_product_brand-intense","11":"yith_product_brand-intenseintense-toysintense-anal-toys","12":"yith_product_brand-intenseintense-toys","14":"first","15":"instock","16":"taxable","17":"shipping-taxable","18":"purchasable","19":"product-type-simple"},"acf":[],"yoast_head":"<!-- This site is optimized with the Yoast SEO plugin v27.4 - https:\/\/yoast.com\/product\/yoast-seo-wordpress\/ -->\n<title>INTENSE - CONJUNTO DE PLUGUES DE SILICONE MULTICOLOR - Lovme<\/title>\n<meta name=\"robots\" content=\"index, follow, max-snippet:-1, max-image-preview:large, max-video-preview:-1\" \/>\n<link rel=\"canonical\" href=\"https:\/\/lovme.pt\/index.php\/produto\/intense-conjunto-de-plugues-de-silicone-multicolor\/\" \/>\n<meta property=\"og:locale\" content=\"pt_PT\" \/>\n<meta property=\"og:type\" content=\"article\" \/>\n<meta property=\"og:title\" content=\"INTENSE - CONJUNTO DE PLUGUES DE SILICONE MULTICOLOR - Lovme\" \/>\n<meta property=\"og:description\" content=\"INTENSE - CONJUNTO DE PLUGUES DE SILICONE MULTICOLOR\" \/>\n<meta property=\"og:url\" content=\"https:\/\/lovme.pt\/index.php\/produto\/intense-conjunto-de-plugues-de-silicone-multicolor\/\" \/>\n<meta property=\"og:site_name\" content=\"Lovme\" \/>\n<meta property=\"article:modified_time\" content=\"2026-02-19T20:14:14+00:00\" \/>\n<meta property=\"og:image\" content=\"https:\/\/erki24nd3ub.exactdn.com\/wp-content\/uploads\/dream\/img\/img_137907_b6a50fbb83354be66f631d439ab71b0e_1.png?strip=all\" \/>\n\t<meta property=\"og:image:width\" content=\"800\" \/>\n\t<meta property=\"og:image:height\" content=\"800\" \/>\n\t<meta property=\"og:image:type\" content=\"image\/png\" \/>\n<meta name=\"twitter:card\" content=\"summary_large_image\" \/>\n<meta name=\"twitter:label1\" content=\"Tempo estimado de leitura\" \/>\n\t<meta name=\"twitter:data1\" content=\"2 minutos\" \/>\n<script type=\"application\/ld+json\" class=\"yoast-schema-graph\">{\"@context\":\"https:\\\/\\\/schema.org\",\"@graph\":[{\"@type\":\"WebPage\",\"@id\":\"https:\\\/\\\/lovme.pt\\\/index.php\\\/produto\\\/intense-conjunto-de-plugues-de-silicone-multicolor\\\/\",\"url\":\"https:\\\/\\\/lovme.pt\\\/index.php\\\/produto\\\/intense-conjunto-de-plugues-de-silicone-multicolor\\\/\",\"name\":\"INTENSE - CONJUNTO DE PLUGUES DE SILICONE MULTICOLOR - Lovme\",\"isPartOf\":{\"@id\":\"https:\\\/\\\/lovme.pt\\\/#website\"},\"primaryImageOfPage\":{\"@id\":\"https:\\\/\\\/lovme.pt\\\/index.php\\\/produto\\\/intense-conjunto-de-plugues-de-silicone-multicolor\\\/#primaryimage\"},\"image\":{\"@id\":\"https:\\\/\\\/lovme.pt\\\/index.php\\\/produto\\\/intense-conjunto-de-plugues-de-silicone-multicolor\\\/#primaryimage\"},\"thumbnailUrl\":\"https:\\\/\\\/erki24nd3ub.exactdn.com\\\/wp-content\\\/uploads\\\/dream\\\/img\\\/img_137907_b6a50fbb83354be66f631d439ab71b0e_1.png?strip=all\",\"datePublished\":\"2025-10-01T00:03:49+00:00\",\"dateModified\":\"2026-02-19T20:14:14+00:00\",\"breadcrumb\":{\"@id\":\"https:\\\/\\\/lovme.pt\\\/index.php\\\/produto\\\/intense-conjunto-de-plugues-de-silicone-multicolor\\\/#breadcrumb\"},\"inLanguage\":\"pt-PT\",\"potentialAction\":[{\"@type\":\"ReadAction\",\"target\":[\"https:\\\/\\\/lovme.pt\\\/index.php\\\/produto\\\/intense-conjunto-de-plugues-de-silicone-multicolor\\\/\"]}]},{\"@type\":\"ImageObject\",\"inLanguage\":\"pt-PT\",\"@id\":\"https:\\\/\\\/lovme.pt\\\/index.php\\\/produto\\\/intense-conjunto-de-plugues-de-silicone-multicolor\\\/#primaryimage\",\"url\":\"https:\\\/\\\/erki24nd3ub.exactdn.com\\\/wp-content\\\/uploads\\\/dream\\\/img\\\/img_137907_b6a50fbb83354be66f631d439ab71b0e_1.png?strip=all\",\"contentUrl\":\"https:\\\/\\\/erki24nd3ub.exactdn.com\\\/wp-content\\\/uploads\\\/dream\\\/img\\\/img_137907_b6a50fbb83354be66f631d439ab71b0e_1.png?strip=all\",\"width\":800,\"height\":800},{\"@type\":\"BreadcrumbList\",\"@id\":\"https:\\\/\\\/lovme.pt\\\/index.php\\\/produto\\\/intense-conjunto-de-plugues-de-silicone-multicolor\\\/#breadcrumb\",\"itemListElement\":[{\"@type\":\"ListItem\",\"position\":1,\"name\":\"In\u00edcio\",\"item\":\"https:\\\/\\\/lovme.pt\\\/\"},{\"@type\":\"ListItem\",\"position\":2,\"name\":\"Loja\",\"item\":\"https:\\\/\\\/lovme.pt\\\/index.php\\\/loja\\\/\"},{\"@type\":\"ListItem\",\"position\":3,\"name\":\"INTENSE &#8211; CONJUNTO DE PLUGUES DE SILICONE MULTICOLOR\"}]},{\"@type\":\"WebSite\",\"@id\":\"https:\\\/\\\/lovme.pt\\\/#website\",\"url\":\"https:\\\/\\\/lovme.pt\\\/\",\"name\":\"Lovme Loja Er\u00f3tica N\u00ba1 em Portugal\",\"description\":\"A melhor loja er\u00f3tica de Portugal.\",\"alternateName\":\"Loja Er\u00f3tica Lovme\",\"potentialAction\":[{\"@type\":\"SearchAction\",\"target\":{\"@type\":\"EntryPoint\",\"urlTemplate\":\"https:\\\/\\\/lovme.pt\\\/?s={search_term_string}\"},\"query-input\":{\"@type\":\"PropertyValueSpecification\",\"valueRequired\":true,\"valueName\":\"search_term_string\"}}],\"inLanguage\":\"pt-PT\"}]}<\/script>\n<!-- \/ Yoast SEO plugin. -->","yoast_head_json":{"title":"INTENSE - CONJUNTO DE PLUGUES DE SILICONE MULTICOLOR - Lovme","robots":{"index":"index","follow":"follow","max-snippet":"max-snippet:-1","max-image-preview":"max-image-preview:large","max-video-preview":"max-video-preview:-1"},"canonical":"https:\/\/lovme.pt\/index.php\/produto\/intense-conjunto-de-plugues-de-silicone-multicolor\/","og_locale":"pt_PT","og_type":"article","og_title":"INTENSE - CONJUNTO DE PLUGUES DE SILICONE MULTICOLOR - Lovme","og_description":"INTENSE - CONJUNTO DE PLUGUES DE SILICONE MULTICOLOR","og_url":"https:\/\/lovme.pt\/index.php\/produto\/intense-conjunto-de-plugues-de-silicone-multicolor\/","og_site_name":"Lovme","article_modified_time":"2026-02-19T20:14:14+00:00","og_image":[{"width":800,"height":800,"url":"https:\/\/erki24nd3ub.exactdn.com\/wp-content\/uploads\/dream\/img\/img_137907_b6a50fbb83354be66f631d439ab71b0e_1.png?strip=all","type":"image\/png"}],"twitter_card":"summary_large_image","twitter_misc":{"Tempo estimado de leitura":"2 minutos"},"schema":{"@context":"https:\/\/schema.org","@graph":[{"@type":"WebPage","@id":"https:\/\/lovme.pt\/index.php\/produto\/intense-conjunto-de-plugues-de-silicone-multicolor\/","url":"https:\/\/lovme.pt\/index.php\/produto\/intense-conjunto-de-plugues-de-silicone-multicolor\/","name":"INTENSE - CONJUNTO DE PLUGUES DE SILICONE MULTICOLOR - Lovme","isPartOf":{"@id":"https:\/\/lovme.pt\/#website"},"primaryImageOfPage":{"@id":"https:\/\/lovme.pt\/index.php\/produto\/intense-conjunto-de-plugues-de-silicone-multicolor\/#primaryimage"},"image":{"@id":"https:\/\/lovme.pt\/index.php\/produto\/intense-conjunto-de-plugues-de-silicone-multicolor\/#primaryimage"},"thumbnailUrl":"https:\/\/erki24nd3ub.exactdn.com\/wp-content\/uploads\/dream\/img\/img_137907_b6a50fbb83354be66f631d439ab71b0e_1.png?strip=all","datePublished":"2025-10-01T00:03:49+00:00","dateModified":"2026-02-19T20:14:14+00:00","breadcrumb":{"@id":"https:\/\/lovme.pt\/index.php\/produto\/intense-conjunto-de-plugues-de-silicone-multicolor\/#breadcrumb"},"inLanguage":"pt-PT","potentialAction":[{"@type":"ReadAction","target":["https:\/\/lovme.pt\/index.php\/produto\/intense-conjunto-de-plugues-de-silicone-multicolor\/"]}]},{"@type":"ImageObject","inLanguage":"pt-PT","@id":"https:\/\/lovme.pt\/index.php\/produto\/intense-conjunto-de-plugues-de-silicone-multicolor\/#primaryimage","url":"https:\/\/erki24nd3ub.exactdn.com\/wp-content\/uploads\/dream\/img\/img_137907_b6a50fbb83354be66f631d439ab71b0e_1.png?strip=all","contentUrl":"https:\/\/erki24nd3ub.exactdn.com\/wp-content\/uploads\/dream\/img\/img_137907_b6a50fbb83354be66f631d439ab71b0e_1.png?strip=all","width":800,"height":800},{"@type":"BreadcrumbList","@id":"https:\/\/lovme.pt\/index.php\/produto\/intense-conjunto-de-plugues-de-silicone-multicolor\/#breadcrumb","itemListElement":[{"@type":"ListItem","position":1,"name":"In\u00edcio","item":"https:\/\/lovme.pt\/"},{"@type":"ListItem","position":2,"name":"Loja","item":"https:\/\/lovme.pt\/index.php\/loja\/"},{"@type":"ListItem","position":3,"name":"INTENSE &#8211; CONJUNTO DE PLUGUES DE SILICONE MULTICOLOR"}]},{"@type":"WebSite","@id":"https:\/\/lovme.pt\/#website","url":"https:\/\/lovme.pt\/","name":"Lovme Loja Er\u00f3tica N\u00ba1 em Portugal","description":"A melhor loja er\u00f3tica de Portugal.","alternateName":"Loja Er\u00f3tica Lovme","potentialAction":[{"@type":"SearchAction","target":{"@type":"EntryPoint","urlTemplate":"https:\/\/lovme.pt\/?s={search_term_string}"},"query-input":{"@type":"PropertyValueSpecification","valueRequired":true,"valueName":"search_term_string"}}],"inLanguage":"pt-PT"}]}},"_links":{"self":[{"href":"https:\/\/lovme.pt\/index.php\/wp-json\/wp\/v2\/product\/42230","targetHints":{"allow":["GET"]}}],"collection":[{"href":"https:\/\/lovme.pt\/index.php\/wp-json\/wp\/v2\/product"}],"about":[{"href":"https:\/\/lovme.pt\/index.php\/wp-json\/wp\/v2\/types\/product"}],"wp:featuredmedia":[{"embeddable":true,"href":"https:\/\/lovme.pt\/index.php\/wp-json\/wp\/v2\/media\/84155"}],"wp:attachment":[{"href":"https:\/\/lovme.pt\/index.php\/wp-json\/wp\/v2\/media?parent=42230"}],"wp:term":[{"taxonomy":"product_brand","embeddable":true,"href":"https:\/\/lovme.pt\/index.php\/wp-json\/wp\/v2\/product_brand?post=42230"},{"taxonomy":"product_cat","embeddable":true,"href":"https:\/\/lovme.pt\/index.php\/wp-json\/wp\/v2\/product_cat?post=42230"},{"taxonomy":"product_tag","embeddable":true,"href":"https:\/\/lovme.pt\/index.php\/wp-json\/wp\/v2\/product_tag?post=42230"}],"curies":[{"name":"wp","href":"https:\/\/api.w.org\/{rel}","templated":true}]}}