{"id":42228,"date":"2025-09-30T10:11:05","date_gmt":"2025-09-30T10:11:05","guid":{"rendered":"https:\/\/lovme.pt\/?post_type=product&p=42228"},"modified":"2026-02-19T20:06:51","modified_gmt":"2026-02-19T20:06:51","slug":"intense-arnes-oco-com-dildo-16-x-3-cm","status":"publish","type":"product","link":"https:\/\/lovme.pt\/index.php\/produto\/intense-arnes-oco-com-dildo-16-x-3-cm\/","title":{"rendered":"INTENSE &#8211; ARN\u00caS OCO COM DILDO 16 X 3 CM"},"content":{"rendered":"<p>Voc\u00ea sempre quis ter um p\u00eanis grande e se sentir mais confiante quanto ao seu tamanho? Seu amante sabe que o tamanho importa, e ningu\u00e9m pode realizar suas fantasias e satisfazer sua parceira como um garanh\u00e3o.<\/p>\n<p>Fant\u00e1stico arn\u00eas oco para homem em cor natural. Fabricado com TPR de primeira qualidade, livre de Phalatos, pertence \u00e0 cole\u00e7\u00e3o Intense (marca patenteada)<\/p>\n<p>Agora voc\u00ea pode ter o comprimento e a circunfer\u00eancia que sempre sonhou com este arn\u00eas oco bem apoiado. Receba um sorriso satisfat\u00f3rio de seu amante.<\/p>\n<p>O arn\u00eas el\u00e1stico e confort\u00e1vel ajusta-se facilmente para caber na maioria dos tamanhos. \u00c9 perfeito para homens com disfun\u00e7\u00e3o er\u00e9til, para mulheres ou para casais que fantasiam sobre os seus desejos mais sombrios.<\/p>\n<p>Gra\u00e7as ao seu sistema de al\u00e7as, al\u00e9m de se adaptar a diversas cinturas, permanece no lugar durante toda a atividade.<\/p>\n<p>Para melhor conserva\u00e7\u00e3o, recomendamos limp\u00e1-lo ap\u00f3s cada utiliza\u00e7\u00e3o com Waterfeel Toy Cleaner e \u00e1gua morna.<\/p>\n<p>Medidas; Com 16 x 3 cm de di\u00e2metro, o interior adapta-se \u00e0 maioria dos tamanhos e \u00e9 flex\u00edvel.<\/p>\n<p>Explore seu lado dominante ou submisso.<\/p>\n<ul>\n<li>Material flex\u00edvel, confort\u00e1vel e adapt\u00e1vel.<\/li>\n<li>Arn\u00eas el\u00e1stico, tamanho \u00fanico.<\/li>\n<li>Toque realista.<\/li>\n<li>Material seguro para a pele.<\/li>\n<li>Livre de falato.<\/li>\n<\/ul>\n","protected":false},"excerpt":{"rendered":"<p>INTENSE &#8211; ARN\u00caS OCO COM DILDO 16 X 3 CM<\/p>\n","protected":false},"featured_media":63700,"template":"","meta":{"_acf_changed":false},"product_brand":[],"product_cat":[17,56,60],"product_tag":[],"class_list":{"0":"post-42228","1":"product","2":"type-product","3":"status-publish","4":"has-post-thumbnail","6":"product_cat-brinquedos-de-bem-estar-sexual","7":"product_cat-dildos-e-arneses","8":"product_cat-para-eles","9":"yith_product_brand-intense","10":"yith_product_brand-intenseintense-toysintense-couples-toys","11":"yith_product_brand-intenseintense-toys","13":"first","14":"instock","15":"taxable","16":"shipping-taxable","17":"purchasable","18":"product-type-simple"},"acf":[],"yoast_head":"<!-- This site is optimized with the Yoast SEO plugin v27.4 - https:\/\/yoast.com\/product\/yoast-seo-wordpress\/ -->\n<title>INTENSE - ARN\u00caS OCO COM DILDO 16 X 3 CM - Lovme<\/title>\n<meta name=\"robots\" content=\"index, follow, max-snippet:-1, max-image-preview:large, max-video-preview:-1\" \/>\n<link rel=\"canonical\" href=\"https:\/\/lovme.pt\/index.php\/produto\/intense-arnes-oco-com-dildo-16-x-3-cm\/\" \/>\n<meta property=\"og:locale\" content=\"pt_PT\" \/>\n<meta property=\"og:type\" content=\"article\" \/>\n<meta property=\"og:title\" content=\"INTENSE - ARN\u00caS OCO COM DILDO 16 X 3 CM - Lovme\" \/>\n<meta property=\"og:description\" content=\"INTENSE - ARN\u00caS OCO COM DILDO 16 X 3 CM\" \/>\n<meta property=\"og:url\" content=\"https:\/\/lovme.pt\/index.php\/produto\/intense-arnes-oco-com-dildo-16-x-3-cm\/\" \/>\n<meta property=\"og:site_name\" content=\"Lovme\" \/>\n<meta property=\"article:modified_time\" content=\"2026-02-19T20:06:51+00:00\" \/>\n<meta property=\"og:image\" content=\"https:\/\/erki24nd3ub.exactdn.com\/wp-content\/uploads\/dream\/img\/img_144334_1a29f7a29709807c0f9d62d2bf6c575e_1.png?strip=all\" \/>\n\t<meta property=\"og:image:width\" content=\"800\" \/>\n\t<meta property=\"og:image:height\" content=\"800\" \/>\n\t<meta property=\"og:image:type\" content=\"image\/png\" \/>\n<meta name=\"twitter:card\" content=\"summary_large_image\" \/>\n<meta name=\"twitter:label1\" content=\"Tempo estimado de leitura\" \/>\n\t<meta name=\"twitter:data1\" content=\"1 minuto\" \/>\n<script type=\"application\/ld+json\" class=\"yoast-schema-graph\">{\"@context\":\"https:\\\/\\\/schema.org\",\"@graph\":[{\"@type\":\"WebPage\",\"@id\":\"https:\\\/\\\/lovme.pt\\\/index.php\\\/produto\\\/intense-arnes-oco-com-dildo-16-x-3-cm\\\/\",\"url\":\"https:\\\/\\\/lovme.pt\\\/index.php\\\/produto\\\/intense-arnes-oco-com-dildo-16-x-3-cm\\\/\",\"name\":\"INTENSE - ARN\u00caS OCO COM DILDO 16 X 3 CM - Lovme\",\"isPartOf\":{\"@id\":\"https:\\\/\\\/lovme.pt\\\/#website\"},\"primaryImageOfPage\":{\"@id\":\"https:\\\/\\\/lovme.pt\\\/index.php\\\/produto\\\/intense-arnes-oco-com-dildo-16-x-3-cm\\\/#primaryimage\"},\"image\":{\"@id\":\"https:\\\/\\\/lovme.pt\\\/index.php\\\/produto\\\/intense-arnes-oco-com-dildo-16-x-3-cm\\\/#primaryimage\"},\"thumbnailUrl\":\"https:\\\/\\\/erki24nd3ub.exactdn.com\\\/wp-content\\\/uploads\\\/dream\\\/img\\\/img_144334_1a29f7a29709807c0f9d62d2bf6c575e_1.png?strip=all\",\"datePublished\":\"2025-09-30T10:11:05+00:00\",\"dateModified\":\"2026-02-19T20:06:51+00:00\",\"breadcrumb\":{\"@id\":\"https:\\\/\\\/lovme.pt\\\/index.php\\\/produto\\\/intense-arnes-oco-com-dildo-16-x-3-cm\\\/#breadcrumb\"},\"inLanguage\":\"pt-PT\",\"potentialAction\":[{\"@type\":\"ReadAction\",\"target\":[\"https:\\\/\\\/lovme.pt\\\/index.php\\\/produto\\\/intense-arnes-oco-com-dildo-16-x-3-cm\\\/\"]}]},{\"@type\":\"ImageObject\",\"inLanguage\":\"pt-PT\",\"@id\":\"https:\\\/\\\/lovme.pt\\\/index.php\\\/produto\\\/intense-arnes-oco-com-dildo-16-x-3-cm\\\/#primaryimage\",\"url\":\"https:\\\/\\\/erki24nd3ub.exactdn.com\\\/wp-content\\\/uploads\\\/dream\\\/img\\\/img_144334_1a29f7a29709807c0f9d62d2bf6c575e_1.png?strip=all\",\"contentUrl\":\"https:\\\/\\\/erki24nd3ub.exactdn.com\\\/wp-content\\\/uploads\\\/dream\\\/img\\\/img_144334_1a29f7a29709807c0f9d62d2bf6c575e_1.png?strip=all\",\"width\":800,\"height\":800},{\"@type\":\"BreadcrumbList\",\"@id\":\"https:\\\/\\\/lovme.pt\\\/index.php\\\/produto\\\/intense-arnes-oco-com-dildo-16-x-3-cm\\\/#breadcrumb\",\"itemListElement\":[{\"@type\":\"ListItem\",\"position\":1,\"name\":\"In\u00edcio\",\"item\":\"https:\\\/\\\/lovme.pt\\\/\"},{\"@type\":\"ListItem\",\"position\":2,\"name\":\"Loja\",\"item\":\"https:\\\/\\\/lovme.pt\\\/index.php\\\/loja\\\/\"},{\"@type\":\"ListItem\",\"position\":3,\"name\":\"INTENSE &#8211; ARN\u00caS OCO COM DILDO 16 X 3 CM\"}]},{\"@type\":\"WebSite\",\"@id\":\"https:\\\/\\\/lovme.pt\\\/#website\",\"url\":\"https:\\\/\\\/lovme.pt\\\/\",\"name\":\"Lovme Loja Er\u00f3tica N\u00ba1 em Portugal\",\"description\":\"A melhor loja er\u00f3tica de Portugal.\",\"alternateName\":\"Loja Er\u00f3tica Lovme\",\"potentialAction\":[{\"@type\":\"SearchAction\",\"target\":{\"@type\":\"EntryPoint\",\"urlTemplate\":\"https:\\\/\\\/lovme.pt\\\/?s={search_term_string}\"},\"query-input\":{\"@type\":\"PropertyValueSpecification\",\"valueRequired\":true,\"valueName\":\"search_term_string\"}}],\"inLanguage\":\"pt-PT\"}]}<\/script>\n<!-- \/ Yoast SEO plugin. -->","yoast_head_json":{"title":"INTENSE - ARN\u00caS OCO COM DILDO 16 X 3 CM - Lovme","robots":{"index":"index","follow":"follow","max-snippet":"max-snippet:-1","max-image-preview":"max-image-preview:large","max-video-preview":"max-video-preview:-1"},"canonical":"https:\/\/lovme.pt\/index.php\/produto\/intense-arnes-oco-com-dildo-16-x-3-cm\/","og_locale":"pt_PT","og_type":"article","og_title":"INTENSE - ARN\u00caS OCO COM DILDO 16 X 3 CM - Lovme","og_description":"INTENSE - ARN\u00caS OCO COM DILDO 16 X 3 CM","og_url":"https:\/\/lovme.pt\/index.php\/produto\/intense-arnes-oco-com-dildo-16-x-3-cm\/","og_site_name":"Lovme","article_modified_time":"2026-02-19T20:06:51+00:00","og_image":[{"width":800,"height":800,"url":"https:\/\/erki24nd3ub.exactdn.com\/wp-content\/uploads\/dream\/img\/img_144334_1a29f7a29709807c0f9d62d2bf6c575e_1.png?strip=all","type":"image\/png"}],"twitter_card":"summary_large_image","twitter_misc":{"Tempo estimado de leitura":"1 minuto"},"schema":{"@context":"https:\/\/schema.org","@graph":[{"@type":"WebPage","@id":"https:\/\/lovme.pt\/index.php\/produto\/intense-arnes-oco-com-dildo-16-x-3-cm\/","url":"https:\/\/lovme.pt\/index.php\/produto\/intense-arnes-oco-com-dildo-16-x-3-cm\/","name":"INTENSE - ARN\u00caS OCO COM DILDO 16 X 3 CM - Lovme","isPartOf":{"@id":"https:\/\/lovme.pt\/#website"},"primaryImageOfPage":{"@id":"https:\/\/lovme.pt\/index.php\/produto\/intense-arnes-oco-com-dildo-16-x-3-cm\/#primaryimage"},"image":{"@id":"https:\/\/lovme.pt\/index.php\/produto\/intense-arnes-oco-com-dildo-16-x-3-cm\/#primaryimage"},"thumbnailUrl":"https:\/\/erki24nd3ub.exactdn.com\/wp-content\/uploads\/dream\/img\/img_144334_1a29f7a29709807c0f9d62d2bf6c575e_1.png?strip=all","datePublished":"2025-09-30T10:11:05+00:00","dateModified":"2026-02-19T20:06:51+00:00","breadcrumb":{"@id":"https:\/\/lovme.pt\/index.php\/produto\/intense-arnes-oco-com-dildo-16-x-3-cm\/#breadcrumb"},"inLanguage":"pt-PT","potentialAction":[{"@type":"ReadAction","target":["https:\/\/lovme.pt\/index.php\/produto\/intense-arnes-oco-com-dildo-16-x-3-cm\/"]}]},{"@type":"ImageObject","inLanguage":"pt-PT","@id":"https:\/\/lovme.pt\/index.php\/produto\/intense-arnes-oco-com-dildo-16-x-3-cm\/#primaryimage","url":"https:\/\/erki24nd3ub.exactdn.com\/wp-content\/uploads\/dream\/img\/img_144334_1a29f7a29709807c0f9d62d2bf6c575e_1.png?strip=all","contentUrl":"https:\/\/erki24nd3ub.exactdn.com\/wp-content\/uploads\/dream\/img\/img_144334_1a29f7a29709807c0f9d62d2bf6c575e_1.png?strip=all","width":800,"height":800},{"@type":"BreadcrumbList","@id":"https:\/\/lovme.pt\/index.php\/produto\/intense-arnes-oco-com-dildo-16-x-3-cm\/#breadcrumb","itemListElement":[{"@type":"ListItem","position":1,"name":"In\u00edcio","item":"https:\/\/lovme.pt\/"},{"@type":"ListItem","position":2,"name":"Loja","item":"https:\/\/lovme.pt\/index.php\/loja\/"},{"@type":"ListItem","position":3,"name":"INTENSE &#8211; ARN\u00caS OCO COM DILDO 16 X 3 CM"}]},{"@type":"WebSite","@id":"https:\/\/lovme.pt\/#website","url":"https:\/\/lovme.pt\/","name":"Lovme Loja Er\u00f3tica N\u00ba1 em Portugal","description":"A melhor loja er\u00f3tica de Portugal.","alternateName":"Loja Er\u00f3tica Lovme","potentialAction":[{"@type":"SearchAction","target":{"@type":"EntryPoint","urlTemplate":"https:\/\/lovme.pt\/?s={search_term_string}"},"query-input":{"@type":"PropertyValueSpecification","valueRequired":true,"valueName":"search_term_string"}}],"inLanguage":"pt-PT"}]}},"_links":{"self":[{"href":"https:\/\/lovme.pt\/index.php\/wp-json\/wp\/v2\/product\/42228","targetHints":{"allow":["GET"]}}],"collection":[{"href":"https:\/\/lovme.pt\/index.php\/wp-json\/wp\/v2\/product"}],"about":[{"href":"https:\/\/lovme.pt\/index.php\/wp-json\/wp\/v2\/types\/product"}],"wp:featuredmedia":[{"embeddable":true,"href":"https:\/\/lovme.pt\/index.php\/wp-json\/wp\/v2\/media\/63700"}],"wp:attachment":[{"href":"https:\/\/lovme.pt\/index.php\/wp-json\/wp\/v2\/media?parent=42228"}],"wp:term":[{"taxonomy":"product_brand","embeddable":true,"href":"https:\/\/lovme.pt\/index.php\/wp-json\/wp\/v2\/product_brand?post=42228"},{"taxonomy":"product_cat","embeddable":true,"href":"https:\/\/lovme.pt\/index.php\/wp-json\/wp\/v2\/product_cat?post=42228"},{"taxonomy":"product_tag","embeddable":true,"href":"https:\/\/lovme.pt\/index.php\/wp-json\/wp\/v2\/product_tag?post=42228"}],"curies":[{"name":"wp","href":"https:\/\/api.w.org\/{rel}","templated":true}]}}