{"id":42225,"date":"2025-09-30T20:43:40","date_gmt":"2025-09-30T20:43:40","guid":{"rendered":"https:\/\/lovme.pt\/?post_type=product&#038;p=42225"},"modified":"2026-02-19T20:08:47","modified_gmt":"2026-02-19T20:08:47","slug":"intense-controle-remoto-mindy-pantie-roxo","status":"publish","type":"product","link":"https:\/\/lovme.pt\/index.php\/produto\/intense-controle-remoto-mindy-pantie-roxo\/","title":{"rendered":"INTENSO &#8211; MINDY PANTIE CONTROLE REMOTO ROXO"},"content":{"rendered":"<p>Deseja sensa\u00e7\u00f5es estimulantes durante o jantar ou orgasmos no cinema? A calcinha Intense\u2122 acompanha voc\u00ea discretamente em qualquer lugar e garante momentos intensos. O vibrador curvado e posicion\u00e1vel, feito de silicone macio e sedoso, pode ser facilmente acoplado \u00e0 sua roupa \u00edntima. Com seu formato ergon\u00f4mico e textura ondulada, a calcinha se adapta perfeitamente \u00e0s suas curvas e estimula \u00e1reas sens\u00edveis do corpo, tanto interna quanto externamente.<\/p>\n<p> A calcinha Intense\u2122 \u00e9 o brinquedo perfeito para casais que buscam uma conex\u00e3o mais profunda, tanto f\u00edsica quanto emocional. Seus motores permitem explorar uma ampla gama de padr\u00f5es de vibra\u00e7\u00e3o que se adaptam \u00e0 anatomia do corpo. Inclui um controle remoto que pode ser usado com muita discri\u00e7\u00e3o, ajudando voc\u00ea a atingir o orgasmo em perfeita harmonia.<\/p>\n<p> 1  DOBRE A POT\u00caNCIA<\/p>\n<ul>\n<li> Sinta vibra\u00e7\u00f5es intensas com motores trabalhando em conjunto, criando sensa\u00e7\u00f5es que viajam diretamente para o clit\u00f3ris.<\/li>\n<\/ul>\n<p> 2  MAIOR GAMA DE INTENSIDADES<\/p>\n<ul>\n<li> Experimente diferentes n\u00edveis de satisfa\u00e7\u00e3o com 10 modos de prazer intenso.<\/li>\n<\/ul>\n<p> 3  BATERIA DE MAIOR DURA\u00c7\u00c3O<\/p>\n<ul>\n<li> Equipada com uma bateria de longa dura\u00e7\u00e3o para que voc\u00ea possa desfrutar de horas e horas de prazer.<\/li>\n<\/ul>\n<p> VOC\u00ca ME AMA?<\/p>\n<p> Para desfrutar ao m\u00e1ximo, o vibrador de calcinha Intense\u2122 precisa estar ligado, pois somente assim poder\u00e1 ser controlado com o controle remoto incluso. Deixe seu parceiro assumir o controle e surpreenda voc\u00ea ao pressionar o bot\u00e3o m\u00e1gico que leva voc\u00ea direto para o \u00e1pice do prazer. O vibrador de calcinha Intense\u2122 est\u00e1 longe de ser mon\u00f3tono, oferecendo 10 programas de vibra\u00e7\u00e3o que variam de suave a extremamente potente.<\/p>\n","protected":false},"excerpt":{"rendered":"<p>INTENSO &#8211; MINDY PANTIE CONTROLE REMOTO ROXO<\/p>\n","protected":false},"featured_media":72000,"template":"","meta":{"_acf_changed":false},"product_brand":[],"product_cat":[17,61,76],"product_tag":[],"class_list":{"0":"post-42225","1":"product","2":"type-product","3":"status-publish","4":"has-post-thumbnail","6":"product_cat-brinquedos-de-bem-estar-sexual","7":"product_cat-para-elas","8":"product_cat-vibradores","9":"yith_product_brand-intense","10":"yith_product_brand-intenseintense-toysintense-fun","11":"yith_product_brand-intenseintense-toys","13":"first","14":"instock","15":"taxable","16":"shipping-taxable","17":"purchasable","18":"product-type-simple"},"acf":[],"yoast_head":"<!-- This site is optimized with the Yoast SEO plugin v27.4 - https:\/\/yoast.com\/product\/yoast-seo-wordpress\/ -->\n<title>INTENSO - MINDY PANTIE CONTROLE REMOTO ROXO - Lovme<\/title>\n<meta name=\"robots\" content=\"index, follow, max-snippet:-1, max-image-preview:large, max-video-preview:-1\" \/>\n<link rel=\"canonical\" href=\"https:\/\/lovme.pt\/index.php\/produto\/intense-controle-remoto-mindy-pantie-roxo\/\" \/>\n<meta property=\"og:locale\" content=\"pt_PT\" \/>\n<meta property=\"og:type\" content=\"article\" \/>\n<meta property=\"og:title\" content=\"INTENSO - MINDY PANTIE CONTROLE REMOTO ROXO - Lovme\" \/>\n<meta property=\"og:description\" content=\"INTENSO - MINDY PANTIE CONTROLE REMOTO ROXO\" \/>\n<meta property=\"og:url\" content=\"https:\/\/lovme.pt\/index.php\/produto\/intense-controle-remoto-mindy-pantie-roxo\/\" \/>\n<meta property=\"og:site_name\" content=\"Lovme\" \/>\n<meta property=\"article:modified_time\" content=\"2026-02-19T20:08:47+00:00\" \/>\n<meta property=\"og:image\" content=\"https:\/\/erki24nd3ub.exactdn.com\/wp-content\/uploads\/dream\/img\/img_144336_492f43817faa4c21c5eda42d2aa4934e_1.png?strip=all\" \/>\n\t<meta property=\"og:image:width\" content=\"800\" \/>\n\t<meta property=\"og:image:height\" content=\"800\" \/>\n\t<meta property=\"og:image:type\" content=\"image\/png\" \/>\n<meta name=\"twitter:card\" content=\"summary_large_image\" \/>\n<meta name=\"twitter:label1\" content=\"Tempo estimado de leitura\" \/>\n\t<meta name=\"twitter:data1\" content=\"1 minuto\" \/>\n<script type=\"application\/ld+json\" class=\"yoast-schema-graph\">{\"@context\":\"https:\\\/\\\/schema.org\",\"@graph\":[{\"@type\":\"WebPage\",\"@id\":\"https:\\\/\\\/lovme.pt\\\/index.php\\\/produto\\\/intense-controle-remoto-mindy-pantie-roxo\\\/\",\"url\":\"https:\\\/\\\/lovme.pt\\\/index.php\\\/produto\\\/intense-controle-remoto-mindy-pantie-roxo\\\/\",\"name\":\"INTENSO - MINDY PANTIE CONTROLE REMOTO ROXO - Lovme\",\"isPartOf\":{\"@id\":\"https:\\\/\\\/lovme.pt\\\/#website\"},\"primaryImageOfPage\":{\"@id\":\"https:\\\/\\\/lovme.pt\\\/index.php\\\/produto\\\/intense-controle-remoto-mindy-pantie-roxo\\\/#primaryimage\"},\"image\":{\"@id\":\"https:\\\/\\\/lovme.pt\\\/index.php\\\/produto\\\/intense-controle-remoto-mindy-pantie-roxo\\\/#primaryimage\"},\"thumbnailUrl\":\"https:\\\/\\\/erki24nd3ub.exactdn.com\\\/wp-content\\\/uploads\\\/dream\\\/img\\\/img_144336_492f43817faa4c21c5eda42d2aa4934e_1.png?strip=all\",\"datePublished\":\"2025-09-30T20:43:40+00:00\",\"dateModified\":\"2026-02-19T20:08:47+00:00\",\"breadcrumb\":{\"@id\":\"https:\\\/\\\/lovme.pt\\\/index.php\\\/produto\\\/intense-controle-remoto-mindy-pantie-roxo\\\/#breadcrumb\"},\"inLanguage\":\"pt-PT\",\"potentialAction\":[{\"@type\":\"ReadAction\",\"target\":[\"https:\\\/\\\/lovme.pt\\\/index.php\\\/produto\\\/intense-controle-remoto-mindy-pantie-roxo\\\/\"]}]},{\"@type\":\"ImageObject\",\"inLanguage\":\"pt-PT\",\"@id\":\"https:\\\/\\\/lovme.pt\\\/index.php\\\/produto\\\/intense-controle-remoto-mindy-pantie-roxo\\\/#primaryimage\",\"url\":\"https:\\\/\\\/erki24nd3ub.exactdn.com\\\/wp-content\\\/uploads\\\/dream\\\/img\\\/img_144336_492f43817faa4c21c5eda42d2aa4934e_1.png?strip=all\",\"contentUrl\":\"https:\\\/\\\/erki24nd3ub.exactdn.com\\\/wp-content\\\/uploads\\\/dream\\\/img\\\/img_144336_492f43817faa4c21c5eda42d2aa4934e_1.png?strip=all\",\"width\":800,\"height\":800},{\"@type\":\"BreadcrumbList\",\"@id\":\"https:\\\/\\\/lovme.pt\\\/index.php\\\/produto\\\/intense-controle-remoto-mindy-pantie-roxo\\\/#breadcrumb\",\"itemListElement\":[{\"@type\":\"ListItem\",\"position\":1,\"name\":\"In\u00edcio\",\"item\":\"https:\\\/\\\/lovme.pt\\\/\"},{\"@type\":\"ListItem\",\"position\":2,\"name\":\"Loja\",\"item\":\"https:\\\/\\\/lovme.pt\\\/index.php\\\/loja\\\/\"},{\"@type\":\"ListItem\",\"position\":3,\"name\":\"INTENSO &#8211; MINDY PANTIE CONTROLE REMOTO ROXO\"}]},{\"@type\":\"WebSite\",\"@id\":\"https:\\\/\\\/lovme.pt\\\/#website\",\"url\":\"https:\\\/\\\/lovme.pt\\\/\",\"name\":\"Lovme Loja Er\u00f3tica N\u00ba1 em Portugal\",\"description\":\"A melhor loja er\u00f3tica de Portugal.\",\"alternateName\":\"Loja Er\u00f3tica Lovme\",\"potentialAction\":[{\"@type\":\"SearchAction\",\"target\":{\"@type\":\"EntryPoint\",\"urlTemplate\":\"https:\\\/\\\/lovme.pt\\\/?s={search_term_string}\"},\"query-input\":{\"@type\":\"PropertyValueSpecification\",\"valueRequired\":true,\"valueName\":\"search_term_string\"}}],\"inLanguage\":\"pt-PT\"}]}<\/script>\n<!-- \/ Yoast SEO plugin. -->","yoast_head_json":{"title":"INTENSO - MINDY PANTIE CONTROLE REMOTO ROXO - Lovme","robots":{"index":"index","follow":"follow","max-snippet":"max-snippet:-1","max-image-preview":"max-image-preview:large","max-video-preview":"max-video-preview:-1"},"canonical":"https:\/\/lovme.pt\/index.php\/produto\/intense-controle-remoto-mindy-pantie-roxo\/","og_locale":"pt_PT","og_type":"article","og_title":"INTENSO - MINDY PANTIE CONTROLE REMOTO ROXO - Lovme","og_description":"INTENSO - MINDY PANTIE CONTROLE REMOTO ROXO","og_url":"https:\/\/lovme.pt\/index.php\/produto\/intense-controle-remoto-mindy-pantie-roxo\/","og_site_name":"Lovme","article_modified_time":"2026-02-19T20:08:47+00:00","og_image":[{"width":800,"height":800,"url":"https:\/\/erki24nd3ub.exactdn.com\/wp-content\/uploads\/dream\/img\/img_144336_492f43817faa4c21c5eda42d2aa4934e_1.png?strip=all","type":"image\/png"}],"twitter_card":"summary_large_image","twitter_misc":{"Tempo estimado de leitura":"1 minuto"},"schema":{"@context":"https:\/\/schema.org","@graph":[{"@type":"WebPage","@id":"https:\/\/lovme.pt\/index.php\/produto\/intense-controle-remoto-mindy-pantie-roxo\/","url":"https:\/\/lovme.pt\/index.php\/produto\/intense-controle-remoto-mindy-pantie-roxo\/","name":"INTENSO - MINDY PANTIE CONTROLE REMOTO ROXO - Lovme","isPartOf":{"@id":"https:\/\/lovme.pt\/#website"},"primaryImageOfPage":{"@id":"https:\/\/lovme.pt\/index.php\/produto\/intense-controle-remoto-mindy-pantie-roxo\/#primaryimage"},"image":{"@id":"https:\/\/lovme.pt\/index.php\/produto\/intense-controle-remoto-mindy-pantie-roxo\/#primaryimage"},"thumbnailUrl":"https:\/\/erki24nd3ub.exactdn.com\/wp-content\/uploads\/dream\/img\/img_144336_492f43817faa4c21c5eda42d2aa4934e_1.png?strip=all","datePublished":"2025-09-30T20:43:40+00:00","dateModified":"2026-02-19T20:08:47+00:00","breadcrumb":{"@id":"https:\/\/lovme.pt\/index.php\/produto\/intense-controle-remoto-mindy-pantie-roxo\/#breadcrumb"},"inLanguage":"pt-PT","potentialAction":[{"@type":"ReadAction","target":["https:\/\/lovme.pt\/index.php\/produto\/intense-controle-remoto-mindy-pantie-roxo\/"]}]},{"@type":"ImageObject","inLanguage":"pt-PT","@id":"https:\/\/lovme.pt\/index.php\/produto\/intense-controle-remoto-mindy-pantie-roxo\/#primaryimage","url":"https:\/\/erki24nd3ub.exactdn.com\/wp-content\/uploads\/dream\/img\/img_144336_492f43817faa4c21c5eda42d2aa4934e_1.png?strip=all","contentUrl":"https:\/\/erki24nd3ub.exactdn.com\/wp-content\/uploads\/dream\/img\/img_144336_492f43817faa4c21c5eda42d2aa4934e_1.png?strip=all","width":800,"height":800},{"@type":"BreadcrumbList","@id":"https:\/\/lovme.pt\/index.php\/produto\/intense-controle-remoto-mindy-pantie-roxo\/#breadcrumb","itemListElement":[{"@type":"ListItem","position":1,"name":"In\u00edcio","item":"https:\/\/lovme.pt\/"},{"@type":"ListItem","position":2,"name":"Loja","item":"https:\/\/lovme.pt\/index.php\/loja\/"},{"@type":"ListItem","position":3,"name":"INTENSO &#8211; MINDY PANTIE CONTROLE REMOTO ROXO"}]},{"@type":"WebSite","@id":"https:\/\/lovme.pt\/#website","url":"https:\/\/lovme.pt\/","name":"Lovme Loja Er\u00f3tica N\u00ba1 em Portugal","description":"A melhor loja er\u00f3tica de Portugal.","alternateName":"Loja Er\u00f3tica Lovme","potentialAction":[{"@type":"SearchAction","target":{"@type":"EntryPoint","urlTemplate":"https:\/\/lovme.pt\/?s={search_term_string}"},"query-input":{"@type":"PropertyValueSpecification","valueRequired":true,"valueName":"search_term_string"}}],"inLanguage":"pt-PT"}]}},"_links":{"self":[{"href":"https:\/\/lovme.pt\/index.php\/wp-json\/wp\/v2\/product\/42225","targetHints":{"allow":["GET"]}}],"collection":[{"href":"https:\/\/lovme.pt\/index.php\/wp-json\/wp\/v2\/product"}],"about":[{"href":"https:\/\/lovme.pt\/index.php\/wp-json\/wp\/v2\/types\/product"}],"wp:featuredmedia":[{"embeddable":true,"href":"https:\/\/lovme.pt\/index.php\/wp-json\/wp\/v2\/media\/72000"}],"wp:attachment":[{"href":"https:\/\/lovme.pt\/index.php\/wp-json\/wp\/v2\/media?parent=42225"}],"wp:term":[{"taxonomy":"product_brand","embeddable":true,"href":"https:\/\/lovme.pt\/index.php\/wp-json\/wp\/v2\/product_brand?post=42225"},{"taxonomy":"product_cat","embeddable":true,"href":"https:\/\/lovme.pt\/index.php\/wp-json\/wp\/v2\/product_cat?post=42225"},{"taxonomy":"product_tag","embeddable":true,"href":"https:\/\/lovme.pt\/index.php\/wp-json\/wp\/v2\/product_tag?post=42225"}],"curies":[{"name":"wp","href":"https:\/\/api.w.org\/{rel}","templated":true}]}}