{"id":42193,"date":"2025-09-30T20:22:07","date_gmt":"2025-09-30T20:22:07","guid":{"rendered":"https:\/\/lovme.pt\/?post_type=product&p=42193"},"modified":"2026-02-19T20:07:50","modified_gmt":"2026-02-19T20:07:50","slug":"intense-bomba-preta-02","status":"publish","type":"product","link":"https:\/\/lovme.pt\/index.php\/produto\/intense-bomba-preta-02\/","title":{"rendered":"INTENSE &#8211; BOMBA PRETA 02"},"content":{"rendered":"<p>Todas as Bombas Penianas Intense est\u00e3o aqui para impressionar com uma fant\u00e1stica gama de dispositivos para aumentar o p\u00e9nis!<\/p>\n<p>A Bomba Peniana Intensa \u00e9 a melhor maneira de melhorar seu desempenho sexual, tamanho e resist\u00eancia. Enviamos amostras de produtos para homens entre 22 e 45 anos com problemas de ere\u00e7\u00e3o ou simplesmente para melhorar o desempenho e o tamanho do p\u00eanis. O feedback foi 100% positivo, todos verificaram que \u00e9 o melhor produto do mercado.<\/p>\n<p>Intense Penis Pump ajuda a conseguir uma ere\u00e7\u00e3o mais facilmente atrav\u00e9s de um sistema de v\u00e1cuo que concentra o sangue no p\u00eanis quando ele ainda est\u00e1 fl\u00e1cido. A ere\u00e7\u00e3o \u00e9 alcan\u00e7ada e mantida por meio de uma veda\u00e7\u00e3o confort\u00e1vel e herm\u00e9tica na base do corpo, logo na jun\u00e7\u00e3o do p\u00eanis com o p\u00fabis, gra\u00e7as \u00e0 qual o sangue fica retido no tronco. Gra\u00e7as \u00e0 manga, a veda\u00e7\u00e3o \u00e9 firme, confort\u00e1vel e estanque sem apertar.<\/p>\n<p>Os m\u00e9dicos consideram a bomba peniana um tratamento eficaz e barato para a disfun\u00e7\u00e3o er\u00e9til e afirmam que o uso prolongado do dispositivo aumentar\u00e1 permanentemente o tamanho do p\u00eanis.<\/p>\n<p>Outras vantagens da variedade Intense Penis Pump s\u00e3o, entre outras, ejacula\u00e7\u00e3o retardada, melhora do apetite sexual, aumento de testosterona, manuten\u00e7\u00e3o de ere\u00e7\u00f5es mais duras e duradouras e suporte do tecido peniano ap\u00f3s cirurgia de pr\u00f3stata.<\/p>\n<p>Intense Penis Pump 02 melhora o seu desempenho gra\u00e7as ao medidor integrado. Num n\u00edvel mais avan\u00e7ado, o sistema de calibra\u00e7\u00e3o \u00e9 necess\u00e1rio para otimizar o desempenho e garantir a press\u00e3o real.<\/p>\n<p>Para usar, basta inserir seu p\u00eanis no cilindro, apertar a al\u00e7a de estilo m\u00e9dico e observar seu p\u00eanis ganhar for\u00e7a com muito prazer! O bocal el\u00e1stico forma uma veda\u00e7\u00e3o perfeitamente apertada contra a sua pele e cria um v\u00e1cuo poderoso dentro da c\u00e2mara, for\u00e7ando o seu p\u00e9nis a expandir-se rapidamente em comprimento e circunfer\u00eancia. O cilindro transparente permite que voc\u00ea veja como seu membro fica maior e mais grosso a cada bomba.<\/p>\n<p>Quando atingir o tamanho desejado, basta pressionar o bot\u00e3o de libera\u00e7\u00e3o r\u00e1pida para aliviar instantaneamente a press\u00e3o e voc\u00ea estar\u00e1 pronto para jogar!<\/p>\n<p>Quando terminar, basta retirar o cilindro da mangueira e limp\u00e1-lo com Waterfeel Toy Cleaner Gel e \u00e1gua morna.<\/p>\n<p>Bomba Peniana INTENSA, oferece resultados instant\u00e2neos!<\/p>\n<ul>\n<li>Especifica\u00e7\u00f5es t\u00e9cnicas da Bomba Peniana Intensa 02;<\/li>\n<li>comprimento inser\u00edvel; 20cm<\/li>\n<li>Di\u00e2metro interno total; 6,5 cm<\/li>\n<li>Material; abd\u00f4men + silicone<\/li>\n<li>\u00c0 prova d\u00e1gua<\/li>\n<\/ul>\n","protected":false},"excerpt":{"rendered":"<p>INTENSE &#8211; BOMBA PRETA 02<\/p>\n","protected":false},"featured_media":67865,"template":"","meta":{"_acf_changed":false},"product_brand":[],"product_cat":[17,60],"product_tag":[],"class_list":{"0":"post-42193","1":"product","2":"type-product","3":"status-publish","4":"has-post-thumbnail","6":"product_cat-brinquedos-de-bem-estar-sexual","7":"product_cat-para-eles","8":"yith_product_brand-intense","9":"yith_product_brand-intenseintense-toysintense-pump","10":"yith_product_brand-intenseintense-toys","12":"first","13":"instock","14":"taxable","15":"shipping-taxable","16":"purchasable","17":"product-type-simple"},"acf":[],"yoast_head":"<!-- This site is optimized with the Yoast SEO plugin v27.4 - https:\/\/yoast.com\/product\/yoast-seo-wordpress\/ -->\n<title>INTENSE - BOMBA PRETA 02 - Lovme<\/title>\n<meta name=\"robots\" content=\"index, follow, max-snippet:-1, max-image-preview:large, max-video-preview:-1\" \/>\n<link rel=\"canonical\" href=\"https:\/\/lovme.pt\/index.php\/produto\/intense-bomba-preta-02\/\" \/>\n<meta property=\"og:locale\" content=\"pt_PT\" \/>\n<meta property=\"og:type\" content=\"article\" \/>\n<meta property=\"og:title\" content=\"INTENSE - BOMBA PRETA 02 - Lovme\" \/>\n<meta property=\"og:description\" content=\"INTENSE - BOMBA PRETA 02\" \/>\n<meta property=\"og:url\" content=\"https:\/\/lovme.pt\/index.php\/produto\/intense-bomba-preta-02\/\" \/>\n<meta property=\"og:site_name\" content=\"Lovme\" \/>\n<meta property=\"article:modified_time\" content=\"2026-02-19T20:07:50+00:00\" \/>\n<meta property=\"og:image\" content=\"https:\/\/erki24nd3ub.exactdn.com\/wp-content\/uploads\/dream\/img\/img_137828_33dd549fb1185f43d53ea8673144d8c1_1.png?strip=all\" \/>\n\t<meta property=\"og:image:width\" content=\"800\" \/>\n\t<meta property=\"og:image:height\" content=\"800\" \/>\n\t<meta property=\"og:image:type\" content=\"image\/png\" \/>\n<meta name=\"twitter:card\" content=\"summary_large_image\" \/>\n<meta name=\"twitter:label1\" content=\"Tempo estimado de leitura\" \/>\n\t<meta name=\"twitter:data1\" content=\"2 minutos\" \/>\n<script type=\"application\/ld+json\" class=\"yoast-schema-graph\">{\"@context\":\"https:\\\/\\\/schema.org\",\"@graph\":[{\"@type\":\"WebPage\",\"@id\":\"https:\\\/\\\/lovme.pt\\\/index.php\\\/produto\\\/intense-bomba-preta-02\\\/\",\"url\":\"https:\\\/\\\/lovme.pt\\\/index.php\\\/produto\\\/intense-bomba-preta-02\\\/\",\"name\":\"INTENSE - BOMBA PRETA 02 - Lovme\",\"isPartOf\":{\"@id\":\"https:\\\/\\\/lovme.pt\\\/#website\"},\"primaryImageOfPage\":{\"@id\":\"https:\\\/\\\/lovme.pt\\\/index.php\\\/produto\\\/intense-bomba-preta-02\\\/#primaryimage\"},\"image\":{\"@id\":\"https:\\\/\\\/lovme.pt\\\/index.php\\\/produto\\\/intense-bomba-preta-02\\\/#primaryimage\"},\"thumbnailUrl\":\"https:\\\/\\\/erki24nd3ub.exactdn.com\\\/wp-content\\\/uploads\\\/dream\\\/img\\\/img_137828_33dd549fb1185f43d53ea8673144d8c1_1.png?strip=all\",\"datePublished\":\"2025-09-30T20:22:07+00:00\",\"dateModified\":\"2026-02-19T20:07:50+00:00\",\"breadcrumb\":{\"@id\":\"https:\\\/\\\/lovme.pt\\\/index.php\\\/produto\\\/intense-bomba-preta-02\\\/#breadcrumb\"},\"inLanguage\":\"pt-PT\",\"potentialAction\":[{\"@type\":\"ReadAction\",\"target\":[\"https:\\\/\\\/lovme.pt\\\/index.php\\\/produto\\\/intense-bomba-preta-02\\\/\"]}]},{\"@type\":\"ImageObject\",\"inLanguage\":\"pt-PT\",\"@id\":\"https:\\\/\\\/lovme.pt\\\/index.php\\\/produto\\\/intense-bomba-preta-02\\\/#primaryimage\",\"url\":\"https:\\\/\\\/erki24nd3ub.exactdn.com\\\/wp-content\\\/uploads\\\/dream\\\/img\\\/img_137828_33dd549fb1185f43d53ea8673144d8c1_1.png?strip=all\",\"contentUrl\":\"https:\\\/\\\/erki24nd3ub.exactdn.com\\\/wp-content\\\/uploads\\\/dream\\\/img\\\/img_137828_33dd549fb1185f43d53ea8673144d8c1_1.png?strip=all\",\"width\":800,\"height\":800},{\"@type\":\"BreadcrumbList\",\"@id\":\"https:\\\/\\\/lovme.pt\\\/index.php\\\/produto\\\/intense-bomba-preta-02\\\/#breadcrumb\",\"itemListElement\":[{\"@type\":\"ListItem\",\"position\":1,\"name\":\"In\u00edcio\",\"item\":\"https:\\\/\\\/lovme.pt\\\/\"},{\"@type\":\"ListItem\",\"position\":2,\"name\":\"Loja\",\"item\":\"https:\\\/\\\/lovme.pt\\\/index.php\\\/loja\\\/\"},{\"@type\":\"ListItem\",\"position\":3,\"name\":\"INTENSE &#8211; BOMBA PRETA 02\"}]},{\"@type\":\"WebSite\",\"@id\":\"https:\\\/\\\/lovme.pt\\\/#website\",\"url\":\"https:\\\/\\\/lovme.pt\\\/\",\"name\":\"Lovme Loja Er\u00f3tica N\u00ba1 em Portugal\",\"description\":\"A melhor loja er\u00f3tica de Portugal.\",\"alternateName\":\"Loja Er\u00f3tica Lovme\",\"potentialAction\":[{\"@type\":\"SearchAction\",\"target\":{\"@type\":\"EntryPoint\",\"urlTemplate\":\"https:\\\/\\\/lovme.pt\\\/?s={search_term_string}\"},\"query-input\":{\"@type\":\"PropertyValueSpecification\",\"valueRequired\":true,\"valueName\":\"search_term_string\"}}],\"inLanguage\":\"pt-PT\"}]}<\/script>\n<!-- \/ Yoast SEO plugin. -->","yoast_head_json":{"title":"INTENSE - BOMBA PRETA 02 - Lovme","robots":{"index":"index","follow":"follow","max-snippet":"max-snippet:-1","max-image-preview":"max-image-preview:large","max-video-preview":"max-video-preview:-1"},"canonical":"https:\/\/lovme.pt\/index.php\/produto\/intense-bomba-preta-02\/","og_locale":"pt_PT","og_type":"article","og_title":"INTENSE - BOMBA PRETA 02 - Lovme","og_description":"INTENSE - BOMBA PRETA 02","og_url":"https:\/\/lovme.pt\/index.php\/produto\/intense-bomba-preta-02\/","og_site_name":"Lovme","article_modified_time":"2026-02-19T20:07:50+00:00","og_image":[{"width":800,"height":800,"url":"https:\/\/erki24nd3ub.exactdn.com\/wp-content\/uploads\/dream\/img\/img_137828_33dd549fb1185f43d53ea8673144d8c1_1.png?strip=all","type":"image\/png"}],"twitter_card":"summary_large_image","twitter_misc":{"Tempo estimado de leitura":"2 minutos"},"schema":{"@context":"https:\/\/schema.org","@graph":[{"@type":"WebPage","@id":"https:\/\/lovme.pt\/index.php\/produto\/intense-bomba-preta-02\/","url":"https:\/\/lovme.pt\/index.php\/produto\/intense-bomba-preta-02\/","name":"INTENSE - BOMBA PRETA 02 - Lovme","isPartOf":{"@id":"https:\/\/lovme.pt\/#website"},"primaryImageOfPage":{"@id":"https:\/\/lovme.pt\/index.php\/produto\/intense-bomba-preta-02\/#primaryimage"},"image":{"@id":"https:\/\/lovme.pt\/index.php\/produto\/intense-bomba-preta-02\/#primaryimage"},"thumbnailUrl":"https:\/\/erki24nd3ub.exactdn.com\/wp-content\/uploads\/dream\/img\/img_137828_33dd549fb1185f43d53ea8673144d8c1_1.png?strip=all","datePublished":"2025-09-30T20:22:07+00:00","dateModified":"2026-02-19T20:07:50+00:00","breadcrumb":{"@id":"https:\/\/lovme.pt\/index.php\/produto\/intense-bomba-preta-02\/#breadcrumb"},"inLanguage":"pt-PT","potentialAction":[{"@type":"ReadAction","target":["https:\/\/lovme.pt\/index.php\/produto\/intense-bomba-preta-02\/"]}]},{"@type":"ImageObject","inLanguage":"pt-PT","@id":"https:\/\/lovme.pt\/index.php\/produto\/intense-bomba-preta-02\/#primaryimage","url":"https:\/\/erki24nd3ub.exactdn.com\/wp-content\/uploads\/dream\/img\/img_137828_33dd549fb1185f43d53ea8673144d8c1_1.png?strip=all","contentUrl":"https:\/\/erki24nd3ub.exactdn.com\/wp-content\/uploads\/dream\/img\/img_137828_33dd549fb1185f43d53ea8673144d8c1_1.png?strip=all","width":800,"height":800},{"@type":"BreadcrumbList","@id":"https:\/\/lovme.pt\/index.php\/produto\/intense-bomba-preta-02\/#breadcrumb","itemListElement":[{"@type":"ListItem","position":1,"name":"In\u00edcio","item":"https:\/\/lovme.pt\/"},{"@type":"ListItem","position":2,"name":"Loja","item":"https:\/\/lovme.pt\/index.php\/loja\/"},{"@type":"ListItem","position":3,"name":"INTENSE &#8211; BOMBA PRETA 02"}]},{"@type":"WebSite","@id":"https:\/\/lovme.pt\/#website","url":"https:\/\/lovme.pt\/","name":"Lovme Loja Er\u00f3tica N\u00ba1 em Portugal","description":"A melhor loja er\u00f3tica de Portugal.","alternateName":"Loja Er\u00f3tica Lovme","potentialAction":[{"@type":"SearchAction","target":{"@type":"EntryPoint","urlTemplate":"https:\/\/lovme.pt\/?s={search_term_string}"},"query-input":{"@type":"PropertyValueSpecification","valueRequired":true,"valueName":"search_term_string"}}],"inLanguage":"pt-PT"}]}},"_links":{"self":[{"href":"https:\/\/lovme.pt\/index.php\/wp-json\/wp\/v2\/product\/42193","targetHints":{"allow":["GET"]}}],"collection":[{"href":"https:\/\/lovme.pt\/index.php\/wp-json\/wp\/v2\/product"}],"about":[{"href":"https:\/\/lovme.pt\/index.php\/wp-json\/wp\/v2\/types\/product"}],"wp:featuredmedia":[{"embeddable":true,"href":"https:\/\/lovme.pt\/index.php\/wp-json\/wp\/v2\/media\/67865"}],"wp:attachment":[{"href":"https:\/\/lovme.pt\/index.php\/wp-json\/wp\/v2\/media?parent=42193"}],"wp:term":[{"taxonomy":"product_brand","embeddable":true,"href":"https:\/\/lovme.pt\/index.php\/wp-json\/wp\/v2\/product_brand?post=42193"},{"taxonomy":"product_cat","embeddable":true,"href":"https:\/\/lovme.pt\/index.php\/wp-json\/wp\/v2\/product_cat?post=42193"},{"taxonomy":"product_tag","embeddable":true,"href":"https:\/\/lovme.pt\/index.php\/wp-json\/wp\/v2\/product_tag?post=42193"}],"curies":[{"name":"wp","href":"https:\/\/api.w.org\/{rel}","templated":true}]}}