{"id":42167,"date":"2025-09-30T20:43:35","date_gmt":"2025-09-30T20:43:35","guid":{"rendered":"https:\/\/lovme.pt\/?post_type=product&#038;p=42167"},"modified":"2026-02-19T20:23:18","modified_gmt":"2026-02-19T20:23:18","slug":"je-joue-duet-bulletpurple","status":"publish","type":"product","link":"https:\/\/lovme.pt\/index.php\/produto\/je-joue-duet-bulletpurple\/","title":{"rendered":"JE JOUE &#8211; DUET BALA VIBRADORA MORADO"},"content":{"rendered":"<p>Conhe\u00e7a o Duet, um vibrador bala de m\u00faltiplas superf\u00edcies com pequenos pontos de prazer arredondados e graduados de um lado e uma superf\u00edcie lisa e sedosa do outro para proporcionar m\u00faltiplas sensa\u00e7\u00f5es em todo o corpo. Use o Duet para estimular pontos de prazer externos, como clit\u00f3ris, mamilos e coxa. E se voc\u00ea quiser explorar mais, Duet \u00e9 o parceiro perfeito para brincadeiras de penetra\u00e7\u00e3o suave e superficial com suas vibra\u00e7\u00f5es profundamente ricas. Com seu silicone de grau m\u00e9dico, macio e sedoso e seguro para o corpo, o Duet \u00e9 \u00f3timo ao toque e ainda melhor \u00e0 experi\u00eancia. Deixe que os famosos motores estrondosos de Je Joue mimem seu corpo mais profundamente, proporcionando-lhe uma experi\u00eancia \u00edntima mais rica e prazerosa.<\/p>\n<p><strong>CARACTER\u00cdSTICAS<\/strong><\/p>\n<ul>\n<li>Vibrador bullet compacto com ponta multi-superf\u00edcie<\/li>\n<li>5 velocidades e 7 padr\u00f5es definidos para emocionar voc\u00ea<\/li>\n<li>Silencioso para brincadeiras privadas ou perfeito para uso com um parceiro<\/li>\n<li>\u00c0 prova d\u00e1gua para divers\u00e3o na \u00e1gua<\/li>\n<li>Totalmente recarreg\u00e1vel, conecte-se a uma porta USB onde quer que esteja<\/li>\n<li>Vibrador 100% vegano<\/li>\n<li>Bloqueio de viagem &#8211; basta segurar + e &#8211; juntos para bloquear e desbloquear<\/li>\n<li>Como mede<\/li>\n<li>Altura: 115 mm \/ 11,5 cm<\/li>\n<li>Largura: 28,5 mm \/ 2,85 cm<\/li>\n<li>Profundidade: 28,5 mm \/ 2,85 cm<\/li>\n<\/ul>\n<p><strong>DICAS CRIATIVAS<\/strong><br \/>A ponta multifacetada do Duet\u2122 significa que voc\u00ea pode usar diferentes superf\u00edcies para explorar o que \u00e9 melhor para voc\u00ea. O Duet tamb\u00e9m \u00e9 vers\u00e1til e pode ser usado tanto para brincadeiras externas quanto internas rasas. ;<\/p>\n<p>Use o Duet para explorar a vulva, massageando os l\u00e1bios e o clit\u00f3ris para aumentar a excita\u00e7\u00e3o e explorar o que funciona melhor para voc\u00ea. Gire a ponta do Duet\u2122 no clit\u00f3ris e continue explorando onde voc\u00ea se sente bem. Experimente as diferentes superf\u00edcies, tanto arredondadas como lisas, bem como as intensidades e escolha o que lhe agrada. Continue girando e adicionando press\u00e3o onde voc\u00ea sente as sensa\u00e7\u00f5es, aumentando o prazer e o ac\u00famulo. O motor estrondoso do Duet libera vibra\u00e7\u00f5es de baixa frequ\u00eancia que penetrar\u00e3o ainda mais no corpo, proporcionando uma sensa\u00e7\u00e3o mais rica e profunda.<\/p>\n<p>Se voc\u00ea quiser explorar algumas vibra\u00e7\u00f5es internas superficiais, fa\u00e7a-o quando estiver excitado ou use um lubrificante \u00e0 base de \u00e1gua. A explora\u00e7\u00e3o \u00e9 fundamental, gire e adicione press\u00e3o onde for bom. Para quem quer ser mais aventureiro, pode explorar a entrada do \u00e2nus e o per\u00edneo, deixando-se excitar pelas vibra\u00e7\u00f5es e superf\u00edcies do Duet\u2122.<\/p>\n<p>Usando as 5 velocidades e 7 padr\u00f5es diferentes, experimente diferentes intensidades, press\u00f5es e pulsa\u00e7\u00f5es. Experimente o que funciona melhor para o seu corpo e siga em frente.<\/p>\n","protected":false},"excerpt":{"rendered":"<p>JE JOUE &#8211; DUET BULLETPURPLE<\/p>\n","protected":false},"featured_media":71983,"template":"","meta":{"_acf_changed":false},"product_brand":[],"product_cat":[17,61,63,76],"product_tag":[],"class_list":{"0":"post-42167","1":"product","2":"type-product","3":"status-publish","4":"has-post-thumbnail","6":"product_cat-brinquedos-de-bem-estar-sexual","7":"product_cat-para-elas","8":"product_cat-sexo-anal","9":"product_cat-vibradores","10":"yith_product_brand-je-joue","12":"first","13":"instock","14":"taxable","15":"shipping-taxable","16":"purchasable","17":"product-type-variable","18":"has-default-attributes"},"acf":[],"yoast_head":"<!-- This site is optimized with the Yoast SEO plugin v27.4 - https:\/\/yoast.com\/product\/yoast-seo-wordpress\/ -->\n<title>JE JOUE - DUET BALA VIBRADORA MORADO - Lovme<\/title>\n<meta name=\"robots\" content=\"index, follow, max-snippet:-1, max-image-preview:large, max-video-preview:-1\" \/>\n<link rel=\"canonical\" href=\"https:\/\/lovme.pt\/index.php\/produto\/je-joue-duet-bulletpurple\/\" \/>\n<meta property=\"og:locale\" content=\"pt_PT\" \/>\n<meta property=\"og:type\" content=\"article\" \/>\n<meta property=\"og:title\" content=\"JE JOUE - DUET BALA VIBRADORA MORADO - Lovme\" \/>\n<meta property=\"og:description\" content=\"JE JOUE - DUET BULLETPURPLE\" \/>\n<meta property=\"og:url\" content=\"https:\/\/lovme.pt\/index.php\/produto\/je-joue-duet-bulletpurple\/\" \/>\n<meta property=\"og:site_name\" content=\"Lovme\" \/>\n<meta property=\"article:modified_time\" content=\"2026-02-19T20:23:18+00:00\" \/>\n<meta property=\"og:image\" content=\"https:\/\/erki24nd3ub.exactdn.com\/wp-content\/uploads\/dream\/img\/img_137716_999973d801cca3113fdca29cc98cc8e4_1.jpg?strip=all\" \/>\n\t<meta property=\"og:image:width\" content=\"590\" \/>\n\t<meta property=\"og:image:height\" content=\"590\" \/>\n\t<meta property=\"og:image:type\" content=\"image\/jpeg\" \/>\n<meta name=\"twitter:card\" content=\"summary_large_image\" \/>\n<meta name=\"twitter:label1\" content=\"Tempo estimado de leitura\" \/>\n\t<meta name=\"twitter:data1\" content=\"2 minutos\" \/>\n<script type=\"application\/ld+json\" class=\"yoast-schema-graph\">{\"@context\":\"https:\\\/\\\/schema.org\",\"@graph\":[{\"@type\":\"WebPage\",\"@id\":\"https:\\\/\\\/lovme.pt\\\/index.php\\\/produto\\\/je-joue-duet-bulletpurple\\\/\",\"url\":\"https:\\\/\\\/lovme.pt\\\/index.php\\\/produto\\\/je-joue-duet-bulletpurple\\\/\",\"name\":\"JE JOUE - DUET BALA VIBRADORA MORADO - Lovme\",\"isPartOf\":{\"@id\":\"https:\\\/\\\/lovme.pt\\\/#website\"},\"primaryImageOfPage\":{\"@id\":\"https:\\\/\\\/lovme.pt\\\/index.php\\\/produto\\\/je-joue-duet-bulletpurple\\\/#primaryimage\"},\"image\":{\"@id\":\"https:\\\/\\\/lovme.pt\\\/index.php\\\/produto\\\/je-joue-duet-bulletpurple\\\/#primaryimage\"},\"thumbnailUrl\":\"https:\\\/\\\/erki24nd3ub.exactdn.com\\\/wp-content\\\/uploads\\\/dream\\\/img\\\/img_137716_999973d801cca3113fdca29cc98cc8e4_1.jpg?strip=all\",\"datePublished\":\"2025-09-30T20:43:35+00:00\",\"dateModified\":\"2026-02-19T20:23:18+00:00\",\"breadcrumb\":{\"@id\":\"https:\\\/\\\/lovme.pt\\\/index.php\\\/produto\\\/je-joue-duet-bulletpurple\\\/#breadcrumb\"},\"inLanguage\":\"pt-PT\",\"potentialAction\":[{\"@type\":\"ReadAction\",\"target\":[\"https:\\\/\\\/lovme.pt\\\/index.php\\\/produto\\\/je-joue-duet-bulletpurple\\\/\"]}]},{\"@type\":\"ImageObject\",\"inLanguage\":\"pt-PT\",\"@id\":\"https:\\\/\\\/lovme.pt\\\/index.php\\\/produto\\\/je-joue-duet-bulletpurple\\\/#primaryimage\",\"url\":\"https:\\\/\\\/erki24nd3ub.exactdn.com\\\/wp-content\\\/uploads\\\/dream\\\/img\\\/img_137716_999973d801cca3113fdca29cc98cc8e4_1.jpg?strip=all\",\"contentUrl\":\"https:\\\/\\\/erki24nd3ub.exactdn.com\\\/wp-content\\\/uploads\\\/dream\\\/img\\\/img_137716_999973d801cca3113fdca29cc98cc8e4_1.jpg?strip=all\",\"width\":590,\"height\":590},{\"@type\":\"BreadcrumbList\",\"@id\":\"https:\\\/\\\/lovme.pt\\\/index.php\\\/produto\\\/je-joue-duet-bulletpurple\\\/#breadcrumb\",\"itemListElement\":[{\"@type\":\"ListItem\",\"position\":1,\"name\":\"In\u00edcio\",\"item\":\"https:\\\/\\\/lovme.pt\\\/\"},{\"@type\":\"ListItem\",\"position\":2,\"name\":\"Loja\",\"item\":\"https:\\\/\\\/lovme.pt\\\/index.php\\\/loja\\\/\"},{\"@type\":\"ListItem\",\"position\":3,\"name\":\"JE JOUE &#8211; DUET BALA VIBRADORA MORADO\"}]},{\"@type\":\"WebSite\",\"@id\":\"https:\\\/\\\/lovme.pt\\\/#website\",\"url\":\"https:\\\/\\\/lovme.pt\\\/\",\"name\":\"Lovme Loja Er\u00f3tica N\u00ba1 em Portugal\",\"description\":\"A melhor loja er\u00f3tica de Portugal.\",\"alternateName\":\"Loja Er\u00f3tica Lovme\",\"potentialAction\":[{\"@type\":\"SearchAction\",\"target\":{\"@type\":\"EntryPoint\",\"urlTemplate\":\"https:\\\/\\\/lovme.pt\\\/?s={search_term_string}\"},\"query-input\":{\"@type\":\"PropertyValueSpecification\",\"valueRequired\":true,\"valueName\":\"search_term_string\"}}],\"inLanguage\":\"pt-PT\"}]}<\/script>\n<!-- \/ Yoast SEO plugin. -->","yoast_head_json":{"title":"JE JOUE - DUET BALA VIBRADORA MORADO - Lovme","robots":{"index":"index","follow":"follow","max-snippet":"max-snippet:-1","max-image-preview":"max-image-preview:large","max-video-preview":"max-video-preview:-1"},"canonical":"https:\/\/lovme.pt\/index.php\/produto\/je-joue-duet-bulletpurple\/","og_locale":"pt_PT","og_type":"article","og_title":"JE JOUE - DUET BALA VIBRADORA MORADO - Lovme","og_description":"JE JOUE - DUET BULLETPURPLE","og_url":"https:\/\/lovme.pt\/index.php\/produto\/je-joue-duet-bulletpurple\/","og_site_name":"Lovme","article_modified_time":"2026-02-19T20:23:18+00:00","og_image":[{"width":590,"height":590,"url":"https:\/\/erki24nd3ub.exactdn.com\/wp-content\/uploads\/dream\/img\/img_137716_999973d801cca3113fdca29cc98cc8e4_1.jpg?strip=all","type":"image\/jpeg"}],"twitter_card":"summary_large_image","twitter_misc":{"Tempo estimado de leitura":"2 minutos"},"schema":{"@context":"https:\/\/schema.org","@graph":[{"@type":"WebPage","@id":"https:\/\/lovme.pt\/index.php\/produto\/je-joue-duet-bulletpurple\/","url":"https:\/\/lovme.pt\/index.php\/produto\/je-joue-duet-bulletpurple\/","name":"JE JOUE - DUET BALA VIBRADORA MORADO - Lovme","isPartOf":{"@id":"https:\/\/lovme.pt\/#website"},"primaryImageOfPage":{"@id":"https:\/\/lovme.pt\/index.php\/produto\/je-joue-duet-bulletpurple\/#primaryimage"},"image":{"@id":"https:\/\/lovme.pt\/index.php\/produto\/je-joue-duet-bulletpurple\/#primaryimage"},"thumbnailUrl":"https:\/\/erki24nd3ub.exactdn.com\/wp-content\/uploads\/dream\/img\/img_137716_999973d801cca3113fdca29cc98cc8e4_1.jpg?strip=all","datePublished":"2025-09-30T20:43:35+00:00","dateModified":"2026-02-19T20:23:18+00:00","breadcrumb":{"@id":"https:\/\/lovme.pt\/index.php\/produto\/je-joue-duet-bulletpurple\/#breadcrumb"},"inLanguage":"pt-PT","potentialAction":[{"@type":"ReadAction","target":["https:\/\/lovme.pt\/index.php\/produto\/je-joue-duet-bulletpurple\/"]}]},{"@type":"ImageObject","inLanguage":"pt-PT","@id":"https:\/\/lovme.pt\/index.php\/produto\/je-joue-duet-bulletpurple\/#primaryimage","url":"https:\/\/erki24nd3ub.exactdn.com\/wp-content\/uploads\/dream\/img\/img_137716_999973d801cca3113fdca29cc98cc8e4_1.jpg?strip=all","contentUrl":"https:\/\/erki24nd3ub.exactdn.com\/wp-content\/uploads\/dream\/img\/img_137716_999973d801cca3113fdca29cc98cc8e4_1.jpg?strip=all","width":590,"height":590},{"@type":"BreadcrumbList","@id":"https:\/\/lovme.pt\/index.php\/produto\/je-joue-duet-bulletpurple\/#breadcrumb","itemListElement":[{"@type":"ListItem","position":1,"name":"In\u00edcio","item":"https:\/\/lovme.pt\/"},{"@type":"ListItem","position":2,"name":"Loja","item":"https:\/\/lovme.pt\/index.php\/loja\/"},{"@type":"ListItem","position":3,"name":"JE JOUE &#8211; DUET BALA VIBRADORA MORADO"}]},{"@type":"WebSite","@id":"https:\/\/lovme.pt\/#website","url":"https:\/\/lovme.pt\/","name":"Lovme Loja Er\u00f3tica N\u00ba1 em Portugal","description":"A melhor loja er\u00f3tica de Portugal.","alternateName":"Loja Er\u00f3tica Lovme","potentialAction":[{"@type":"SearchAction","target":{"@type":"EntryPoint","urlTemplate":"https:\/\/lovme.pt\/?s={search_term_string}"},"query-input":{"@type":"PropertyValueSpecification","valueRequired":true,"valueName":"search_term_string"}}],"inLanguage":"pt-PT"}]}},"_links":{"self":[{"href":"https:\/\/lovme.pt\/index.php\/wp-json\/wp\/v2\/product\/42167","targetHints":{"allow":["GET"]}}],"collection":[{"href":"https:\/\/lovme.pt\/index.php\/wp-json\/wp\/v2\/product"}],"about":[{"href":"https:\/\/lovme.pt\/index.php\/wp-json\/wp\/v2\/types\/product"}],"wp:featuredmedia":[{"embeddable":true,"href":"https:\/\/lovme.pt\/index.php\/wp-json\/wp\/v2\/media\/71983"}],"wp:attachment":[{"href":"https:\/\/lovme.pt\/index.php\/wp-json\/wp\/v2\/media?parent=42167"}],"wp:term":[{"taxonomy":"product_brand","embeddable":true,"href":"https:\/\/lovme.pt\/index.php\/wp-json\/wp\/v2\/product_brand?post=42167"},{"taxonomy":"product_cat","embeddable":true,"href":"https:\/\/lovme.pt\/index.php\/wp-json\/wp\/v2\/product_cat?post=42167"},{"taxonomy":"product_tag","embeddable":true,"href":"https:\/\/lovme.pt\/index.php\/wp-json\/wp\/v2\/product_tag?post=42167"}],"curies":[{"name":"wp","href":"https:\/\/api.w.org\/{rel}","templated":true}]}}