{"id":42163,"date":"2025-09-30T20:43:31","date_gmt":"2025-09-30T20:43:31","guid":{"rendered":"https:\/\/lovme.pt\/?post_type=product&#038;p=42163"},"modified":"2026-02-19T20:23:18","modified_gmt":"2026-02-19T20:23:18","slug":"je-joue-vita-bullet-melancia-rosa","status":"publish","type":"product","link":"https:\/\/lovme.pt\/index.php\/produto\/je-joue-vita-bullet-melancia-rosa\/","title":{"rendered":"JE JOUE &#8211; VITA BALA VIBRADORA AZUL"},"content":{"rendered":"<p>Conhe\u00e7a <strong>o Vita<\/strong> , um exclusivo vibrador com ponta arredondada, perfeito para um prazer mais direcionado. Use <strong>o Vita<\/strong> para estimular pontos de prazer externos, como o clit\u00f3ris e os mamilos. Com sua ponta em formato de varinha e pesco\u00e7o flex\u00edvel, <strong>o Vita<\/strong> pode &#8220;flexionar&#8221; ao redor de qualquer corpo e suas partes mais er\u00f3genas e \u00edntimas. Com seu design sem costura, o Vita \u00e9 agrad\u00e1vel ao toque. Deixe nossos famosos motores vibrat\u00f3rios penetrarem mais profundamente em seu corpo, proporcionando uma sensa\u00e7\u00e3o mais rica e profunda.<\/p>\n<p><u><strong>CARACTER\u00cdSTICAS<\/strong><\/u><\/p>\n<ul>\n<li>Vibrador de bala compacto com ponta multissuperf\u00edcie<\/li>\n<li>5 velocidades e 7 padr\u00f5es para emocionar voc\u00ea<\/li>\n<li>Silencioso para brincadeiras privadas ou perfeito para uso com um parceiro<\/li>\n<li>\u00c0 prova d\u00e1gua para divers\u00e3o na \u00e1gua<\/li>\n<li>Totalmente recarreg\u00e1vel, conecte-o a uma porta USB onde quer que esteja<\/li>\n<li>Vibrador 100% vegano<\/li>\n<li>Trava de viagem: basta pressionar e segurar + e &#8211; juntos para travar e destravar<\/li>\n<li>Como medir<\/li>\n<li>Altura: 123 mm \/ 12,3 cm<\/li>\n<li>Profundidade: 26 mm \/ 2,6 cm<\/li>\n<li>Largura: 29,5 mm \/ 2,95 cm<\/li>\n<\/ul>\n<p>A ponta arredondada do <strong>Vita<\/strong> \u2122 \u00e9 perfeita para proporcionar prazer imediato. Use a ponta vibrat\u00f3ria para estimular pontos sens\u00edveis como mamilos, clit\u00f3ris e l\u00e1bios vaginais.<\/p>\n<p>Para come\u00e7ar, use o Vita para massagear o clit\u00f3ris externo e os l\u00e1bios vaginais. Use a ponta do aplicador para massagear suavemente as \u00e1reas que lhe d\u00e3o prazer. A ponta c\u00f4ncava do Vita\u2122 pode ser usada para identificar o clit\u00f3ris, ent\u00e3o, depois de explor\u00e1-lo girando essa \u00e1rea, comece a identificar onde est\u00e3o as \u00e1reas sens\u00edveis dela. Aumente a intensidade com velocidades ou press\u00e3o para chegar ao orgasmo. Para brincadeiras internas, insira o Vita na vagina somente quando estiver excitada ou use um lubrificante \u00e0 base de \u00e1gua para facilitar a inser\u00e7\u00e3o. Voc\u00ea pode usar o Vita para brincadeiras superficiais internamente para obter a melhor sensa\u00e7\u00e3o, explorando quais dire\u00e7\u00f5es e press\u00f5es lhe d\u00e3o prazer. Ao explorar outras partes do corpo, o Vita se sente \u00f3timo na ponta do p\u00eanis e no per\u00edneo. Deixe as vibra\u00e7\u00f5es fazerem sua m\u00e1gica.<\/p>\n<p>Certifique-se de usar as velocidades e padr\u00f5es do Vita para descobrir o que funciona melhor para voc\u00ea. Alguns podem gostar de uma intensidade leve e aument\u00e1-la conforme a excita\u00e7\u00e3o come\u00e7a. Outros podem preferir ir para a velocidade mais alta imediatamente  \u00e9 o prazer deles, ent\u00e3o divirta-se e fa\u00e7a.<\/p>\n","protected":false},"excerpt":{"rendered":"<p>JE JOUE &#8211; VITA BULLET MELANCIA ROSA<\/p>\n","protected":false},"featured_media":71965,"template":"","meta":{"_acf_changed":false},"product_brand":[],"product_cat":[17,61,63,76],"product_tag":[],"class_list":{"0":"post-42163","1":"product","2":"type-product","3":"status-publish","4":"has-post-thumbnail","6":"product_cat-brinquedos-de-bem-estar-sexual","7":"product_cat-para-elas","8":"product_cat-sexo-anal","9":"product_cat-vibradores","10":"yith_product_brand-je-joue","12":"first","13":"instock","14":"taxable","15":"shipping-taxable","16":"purchasable","17":"product-type-variable","18":"has-default-attributes"},"acf":[],"yoast_head":"<!-- This site is optimized with the Yoast SEO plugin v27.3 - https:\/\/yoast.com\/product\/yoast-seo-wordpress\/ -->\n<title>JE JOUE - VITA BALA VIBRADORA AZUL - Lovme<\/title>\n<meta name=\"robots\" content=\"index, follow, max-snippet:-1, max-image-preview:large, max-video-preview:-1\" \/>\n<link rel=\"canonical\" href=\"https:\/\/lovme.pt\/index.php\/produto\/je-joue-vita-bullet-melancia-rosa\/\" \/>\n<meta property=\"og:locale\" content=\"pt_PT\" \/>\n<meta property=\"og:type\" content=\"article\" \/>\n<meta property=\"og:title\" content=\"JE JOUE - VITA BALA VIBRADORA AZUL - Lovme\" \/>\n<meta property=\"og:description\" content=\"JE JOUE - VITA BULLET MELANCIA ROSA\" \/>\n<meta property=\"og:url\" content=\"https:\/\/lovme.pt\/index.php\/produto\/je-joue-vita-bullet-melancia-rosa\/\" \/>\n<meta property=\"og:site_name\" content=\"Lovme\" \/>\n<meta property=\"article:modified_time\" content=\"2026-02-19T20:23:18+00:00\" \/>\n<meta property=\"og:image\" content=\"https:\/\/erki24nd3ub.exactdn.com\/wp-content\/uploads\/dream\/img\/img_137677_9a4a138c10231d66b81a01738304c204_1.jpg?strip=all\" \/>\n\t<meta property=\"og:image:width\" content=\"800\" \/>\n\t<meta property=\"og:image:height\" content=\"800\" \/>\n\t<meta property=\"og:image:type\" content=\"image\/jpeg\" \/>\n<meta name=\"twitter:card\" content=\"summary_large_image\" \/>\n<meta name=\"twitter:label1\" content=\"Tempo estimado de leitura\" \/>\n\t<meta name=\"twitter:data1\" content=\"2 minutos\" \/>\n<script type=\"application\/ld+json\" class=\"yoast-schema-graph\">{\"@context\":\"https:\\\/\\\/schema.org\",\"@graph\":[{\"@type\":\"WebPage\",\"@id\":\"https:\\\/\\\/lovme.pt\\\/index.php\\\/produto\\\/je-joue-vita-bullet-melancia-rosa\\\/\",\"url\":\"https:\\\/\\\/lovme.pt\\\/index.php\\\/produto\\\/je-joue-vita-bullet-melancia-rosa\\\/\",\"name\":\"JE JOUE - VITA BALA VIBRADORA AZUL - Lovme\",\"isPartOf\":{\"@id\":\"https:\\\/\\\/lovme.pt\\\/#website\"},\"primaryImageOfPage\":{\"@id\":\"https:\\\/\\\/lovme.pt\\\/index.php\\\/produto\\\/je-joue-vita-bullet-melancia-rosa\\\/#primaryimage\"},\"image\":{\"@id\":\"https:\\\/\\\/lovme.pt\\\/index.php\\\/produto\\\/je-joue-vita-bullet-melancia-rosa\\\/#primaryimage\"},\"thumbnailUrl\":\"https:\\\/\\\/erki24nd3ub.exactdn.com\\\/wp-content\\\/uploads\\\/dream\\\/img\\\/img_137677_9a4a138c10231d66b81a01738304c204_1.jpg?strip=all\",\"datePublished\":\"2025-09-30T20:43:31+00:00\",\"dateModified\":\"2026-02-19T20:23:18+00:00\",\"breadcrumb\":{\"@id\":\"https:\\\/\\\/lovme.pt\\\/index.php\\\/produto\\\/je-joue-vita-bullet-melancia-rosa\\\/#breadcrumb\"},\"inLanguage\":\"pt-PT\",\"potentialAction\":[{\"@type\":\"ReadAction\",\"target\":[\"https:\\\/\\\/lovme.pt\\\/index.php\\\/produto\\\/je-joue-vita-bullet-melancia-rosa\\\/\"]}]},{\"@type\":\"ImageObject\",\"inLanguage\":\"pt-PT\",\"@id\":\"https:\\\/\\\/lovme.pt\\\/index.php\\\/produto\\\/je-joue-vita-bullet-melancia-rosa\\\/#primaryimage\",\"url\":\"https:\\\/\\\/erki24nd3ub.exactdn.com\\\/wp-content\\\/uploads\\\/dream\\\/img\\\/img_137677_9a4a138c10231d66b81a01738304c204_1.jpg?strip=all\",\"contentUrl\":\"https:\\\/\\\/erki24nd3ub.exactdn.com\\\/wp-content\\\/uploads\\\/dream\\\/img\\\/img_137677_9a4a138c10231d66b81a01738304c204_1.jpg?strip=all\",\"width\":800,\"height\":800},{\"@type\":\"BreadcrumbList\",\"@id\":\"https:\\\/\\\/lovme.pt\\\/index.php\\\/produto\\\/je-joue-vita-bullet-melancia-rosa\\\/#breadcrumb\",\"itemListElement\":[{\"@type\":\"ListItem\",\"position\":1,\"name\":\"In\u00edcio\",\"item\":\"https:\\\/\\\/lovme.pt\\\/\"},{\"@type\":\"ListItem\",\"position\":2,\"name\":\"Loja\",\"item\":\"https:\\\/\\\/lovme.pt\\\/index.php\\\/loja\\\/\"},{\"@type\":\"ListItem\",\"position\":3,\"name\":\"JE JOUE &#8211; VITA BALA VIBRADORA AZUL\"}]},{\"@type\":\"WebSite\",\"@id\":\"https:\\\/\\\/lovme.pt\\\/#website\",\"url\":\"https:\\\/\\\/lovme.pt\\\/\",\"name\":\"Lovme Loja Er\u00f3tica N\u00ba1 em Portugal\",\"description\":\"A melhor loja er\u00f3tica de Portugal.\",\"alternateName\":\"Loja Er\u00f3tica Lovme\",\"potentialAction\":[{\"@type\":\"SearchAction\",\"target\":{\"@type\":\"EntryPoint\",\"urlTemplate\":\"https:\\\/\\\/lovme.pt\\\/?s={search_term_string}\"},\"query-input\":{\"@type\":\"PropertyValueSpecification\",\"valueRequired\":true,\"valueName\":\"search_term_string\"}}],\"inLanguage\":\"pt-PT\"}]}<\/script>\n<!-- \/ Yoast SEO plugin. -->","yoast_head_json":{"title":"JE JOUE - VITA BALA VIBRADORA AZUL - Lovme","robots":{"index":"index","follow":"follow","max-snippet":"max-snippet:-1","max-image-preview":"max-image-preview:large","max-video-preview":"max-video-preview:-1"},"canonical":"https:\/\/lovme.pt\/index.php\/produto\/je-joue-vita-bullet-melancia-rosa\/","og_locale":"pt_PT","og_type":"article","og_title":"JE JOUE - VITA BALA VIBRADORA AZUL - Lovme","og_description":"JE JOUE - VITA BULLET MELANCIA ROSA","og_url":"https:\/\/lovme.pt\/index.php\/produto\/je-joue-vita-bullet-melancia-rosa\/","og_site_name":"Lovme","article_modified_time":"2026-02-19T20:23:18+00:00","og_image":[{"width":800,"height":800,"url":"https:\/\/erki24nd3ub.exactdn.com\/wp-content\/uploads\/dream\/img\/img_137677_9a4a138c10231d66b81a01738304c204_1.jpg?strip=all","type":"image\/jpeg"}],"twitter_card":"summary_large_image","twitter_misc":{"Tempo estimado de leitura":"2 minutos"},"schema":{"@context":"https:\/\/schema.org","@graph":[{"@type":"WebPage","@id":"https:\/\/lovme.pt\/index.php\/produto\/je-joue-vita-bullet-melancia-rosa\/","url":"https:\/\/lovme.pt\/index.php\/produto\/je-joue-vita-bullet-melancia-rosa\/","name":"JE JOUE - VITA BALA VIBRADORA AZUL - Lovme","isPartOf":{"@id":"https:\/\/lovme.pt\/#website"},"primaryImageOfPage":{"@id":"https:\/\/lovme.pt\/index.php\/produto\/je-joue-vita-bullet-melancia-rosa\/#primaryimage"},"image":{"@id":"https:\/\/lovme.pt\/index.php\/produto\/je-joue-vita-bullet-melancia-rosa\/#primaryimage"},"thumbnailUrl":"https:\/\/erki24nd3ub.exactdn.com\/wp-content\/uploads\/dream\/img\/img_137677_9a4a138c10231d66b81a01738304c204_1.jpg?strip=all","datePublished":"2025-09-30T20:43:31+00:00","dateModified":"2026-02-19T20:23:18+00:00","breadcrumb":{"@id":"https:\/\/lovme.pt\/index.php\/produto\/je-joue-vita-bullet-melancia-rosa\/#breadcrumb"},"inLanguage":"pt-PT","potentialAction":[{"@type":"ReadAction","target":["https:\/\/lovme.pt\/index.php\/produto\/je-joue-vita-bullet-melancia-rosa\/"]}]},{"@type":"ImageObject","inLanguage":"pt-PT","@id":"https:\/\/lovme.pt\/index.php\/produto\/je-joue-vita-bullet-melancia-rosa\/#primaryimage","url":"https:\/\/erki24nd3ub.exactdn.com\/wp-content\/uploads\/dream\/img\/img_137677_9a4a138c10231d66b81a01738304c204_1.jpg?strip=all","contentUrl":"https:\/\/erki24nd3ub.exactdn.com\/wp-content\/uploads\/dream\/img\/img_137677_9a4a138c10231d66b81a01738304c204_1.jpg?strip=all","width":800,"height":800},{"@type":"BreadcrumbList","@id":"https:\/\/lovme.pt\/index.php\/produto\/je-joue-vita-bullet-melancia-rosa\/#breadcrumb","itemListElement":[{"@type":"ListItem","position":1,"name":"In\u00edcio","item":"https:\/\/lovme.pt\/"},{"@type":"ListItem","position":2,"name":"Loja","item":"https:\/\/lovme.pt\/index.php\/loja\/"},{"@type":"ListItem","position":3,"name":"JE JOUE &#8211; VITA BALA VIBRADORA AZUL"}]},{"@type":"WebSite","@id":"https:\/\/lovme.pt\/#website","url":"https:\/\/lovme.pt\/","name":"Lovme Loja Er\u00f3tica N\u00ba1 em Portugal","description":"A melhor loja er\u00f3tica de Portugal.","alternateName":"Loja Er\u00f3tica Lovme","potentialAction":[{"@type":"SearchAction","target":{"@type":"EntryPoint","urlTemplate":"https:\/\/lovme.pt\/?s={search_term_string}"},"query-input":{"@type":"PropertyValueSpecification","valueRequired":true,"valueName":"search_term_string"}}],"inLanguage":"pt-PT"}]}},"_links":{"self":[{"href":"https:\/\/lovme.pt\/index.php\/wp-json\/wp\/v2\/product\/42163","targetHints":{"allow":["GET"]}}],"collection":[{"href":"https:\/\/lovme.pt\/index.php\/wp-json\/wp\/v2\/product"}],"about":[{"href":"https:\/\/lovme.pt\/index.php\/wp-json\/wp\/v2\/types\/product"}],"wp:featuredmedia":[{"embeddable":true,"href":"https:\/\/lovme.pt\/index.php\/wp-json\/wp\/v2\/media\/71965"}],"wp:attachment":[{"href":"https:\/\/lovme.pt\/index.php\/wp-json\/wp\/v2\/media?parent=42163"}],"wp:term":[{"taxonomy":"product_brand","embeddable":true,"href":"https:\/\/lovme.pt\/index.php\/wp-json\/wp\/v2\/product_brand?post=42163"},{"taxonomy":"product_cat","embeddable":true,"href":"https:\/\/lovme.pt\/index.php\/wp-json\/wp\/v2\/product_cat?post=42163"},{"taxonomy":"product_tag","embeddable":true,"href":"https:\/\/lovme.pt\/index.php\/wp-json\/wp\/v2\/product_tag?post=42163"}],"curies":[{"name":"wp","href":"https:\/\/api.w.org\/{rel}","templated":true}]}}