{"id":42161,"date":"2025-09-30T20:43:30","date_gmt":"2025-09-30T20:43:30","guid":{"rendered":"https:\/\/lovme.pt\/?post_type=product&p=42161"},"modified":"2026-02-20T04:01:14","modified_gmt":"2026-02-20T04:01:14","slug":"satisfyer-sparkling-darling-dourado","status":"publish","type":"product","link":"https:\/\/lovme.pt\/index.php\/produto\/satisfyer-sparkling-darling-dourado\/","title":{"rendered":"SATISFYER &#8211; SPARKLING DARLING DOURADO"},"content":{"rendered":"<p>Esta vibra\u00e7\u00e3o inteligente esconde um poder concentrado com ponta vibrat\u00f3ria e tampa remov\u00edvel, tornando-o higi\u00eanico e o companheiro de viagem ideal. Combine ritmos inebriantes para criar a vibra\u00e7\u00e3o perfeita e toque cada nota, do baixo ao crescendo.<\/p>\n<p> <strong>O que faz o Satisfyer Sparkling Darling?<\/strong><\/p>\n<p> O Satisfyer Sparkling Darling \u00e9 clandestino, sexy e sedutor. Al\u00e9m de seu acabamento de alta qualidade e design excepcional, este vibrador ganha pontos por seu tamanho pr\u00e1tico. Gra\u00e7as \u00e0 tampa higi\u00eanica, ele pode desaparecer discretamente na sua bolsa e ficar t\u00e3o bonito quanto o seu batom favorito.<br \/> O tamanho compacto deste minivibrador esconde muita pot\u00eancia: 10 padr\u00f5es de vibra\u00e7\u00e3o diferentes e 5 velocidades far\u00e3o seu clit\u00f3ris funcionar e proporcionar\u00e3o orgasmos explosivos. O eixo reto e a ponta arredondada ficam bem no seu pequeno bot\u00e3o, estimulando-o poderosamente. A superf\u00edcie lisa feita de silicone delicado \u00e9 agrad\u00e1vel \u00e0 pele e fica ainda mais lisa com um pouco de lubrificante. O vibrador de clit\u00f3ris tamb\u00e9m pode ser usado com a tampa colocada, o que confere \u00e0 superf\u00edcie um aspecto met\u00e1lico para variedade extra nos seus pontos quentes.<\/p>\n<p> <strong>Por que devo comprar um Satisfyer Sparkling Darling?<\/strong><\/p>\n<p> O tamanho pr\u00e1tico do Sparkling Darling torna-o no companheiro de viagem ideal  quer esteja de f\u00e9rias, em viagem de neg\u00f3cios ou numa viagem \u00e0 cidade. Est\u00e1 dispon\u00edvel a qualquer hora e em qualquer lugar  at\u00e9 mesmo no chuveiro ou na banheira. Gra\u00e7as ao seu acabamento \u00e0 prova de \u00e1gua (IPX7), tamb\u00e9m o deixar\u00e1 feliz no duche ou na banheira. Depois de us\u00e1-lo, voc\u00ea pode limpar facilmente sua pequena joia com sab\u00e3o, \u00e1gua morna ou um limpador de dispositivos de bem-estar sexual. A bateria do potente vibrador pode ser recarregada de forma ecol\u00f3gica com o cabo de carregamento USB inclu\u00eddo.<br \/> Obtenha esta pequena joia vibrante agora e experimente horas de prazer poderoso com seu clit\u00f3ris!<\/p>\n<\/p>\n<ul>\n<li> Capa mole e dura<\/li>\n<li> Vibra\u00e7\u00e3o profunda super forte<\/li>\n<li> 15 programas de vibra\u00e7\u00e3o<\/li>\n<li> Modo sussurro<\/li>\n<li> \u00c0 prova d\u00e1gua com classifica\u00e7\u00e3o IPX7<\/li>\n<li> Silicone amigo do corpo<\/li>\n<li> F\u00e1cil de limpar<\/li>\n<li> Bateria de \u00edon de l\u00edtio<\/li>\n<li> 15 anos de garantia<\/li>\n<li> Inclui cabo de carregamento magn\u00e9tico USB<\/li>\n<\/ul>\n","protected":false},"excerpt":{"rendered":"<p>SATISFYER &#8211; SPARKLING DARLING DOURADO<\/p>\n","protected":false},"featured_media":71959,"template":"","meta":{"_acf_changed":false},"product_brand":[],"product_cat":[17,61,76],"product_tag":[],"class_list":{"0":"post-42161","1":"product","2":"type-product","3":"status-publish","4":"has-post-thumbnail","6":"product_cat-brinquedos-de-bem-estar-sexual","7":"product_cat-para-elas","8":"product_cat-vibradores","9":"yith_product_brand-satisfyer","10":"yith_product_brand-satisfyer-satisfyer-vibrator","12":"first","13":"instock","14":"taxable","15":"shipping-taxable","16":"purchasable","17":"product-type-simple"},"acf":[],"yoast_head":"<!-- This site is optimized with the Yoast SEO plugin v27.4 - https:\/\/yoast.com\/product\/yoast-seo-wordpress\/ -->\n<title>SATISFYER - SPARKLING DARLING DOURADO - Lovme<\/title>\n<meta name=\"robots\" content=\"index, follow, max-snippet:-1, max-image-preview:large, max-video-preview:-1\" \/>\n<link rel=\"canonical\" href=\"https:\/\/lovme.pt\/index.php\/produto\/satisfyer-sparkling-darling-dourado\/\" \/>\n<meta property=\"og:locale\" content=\"pt_PT\" \/>\n<meta property=\"og:type\" content=\"article\" \/>\n<meta property=\"og:title\" content=\"SATISFYER - SPARKLING DARLING DOURADO - Lovme\" \/>\n<meta property=\"og:description\" content=\"SATISFYER - SPARKLING DARLING DOURADO\" \/>\n<meta property=\"og:url\" content=\"https:\/\/lovme.pt\/index.php\/produto\/satisfyer-sparkling-darling-dourado\/\" \/>\n<meta property=\"og:site_name\" content=\"Lovme\" \/>\n<meta property=\"article:modified_time\" content=\"2026-02-20T04:01:14+00:00\" \/>\n<meta property=\"og:image\" content=\"https:\/\/erki24nd3ub.exactdn.com\/wp-content\/uploads\/dream\/img\/img_137669_0660361f45cf54a0ca3cec73e34cd2e2_1.jpg?strip=all\" \/>\n\t<meta property=\"og:image:width\" content=\"800\" \/>\n\t<meta property=\"og:image:height\" content=\"800\" \/>\n\t<meta property=\"og:image:type\" content=\"image\/jpeg\" \/>\n<meta name=\"twitter:card\" content=\"summary_large_image\" \/>\n<meta name=\"twitter:label1\" content=\"Tempo estimado de leitura\" \/>\n\t<meta name=\"twitter:data1\" content=\"2 minutos\" \/>\n<script type=\"application\/ld+json\" class=\"yoast-schema-graph\">{\"@context\":\"https:\\\/\\\/schema.org\",\"@graph\":[{\"@type\":\"WebPage\",\"@id\":\"https:\\\/\\\/lovme.pt\\\/index.php\\\/produto\\\/satisfyer-sparkling-darling-dourado\\\/\",\"url\":\"https:\\\/\\\/lovme.pt\\\/index.php\\\/produto\\\/satisfyer-sparkling-darling-dourado\\\/\",\"name\":\"SATISFYER - SPARKLING DARLING DOURADO - Lovme\",\"isPartOf\":{\"@id\":\"https:\\\/\\\/lovme.pt\\\/#website\"},\"primaryImageOfPage\":{\"@id\":\"https:\\\/\\\/lovme.pt\\\/index.php\\\/produto\\\/satisfyer-sparkling-darling-dourado\\\/#primaryimage\"},\"image\":{\"@id\":\"https:\\\/\\\/lovme.pt\\\/index.php\\\/produto\\\/satisfyer-sparkling-darling-dourado\\\/#primaryimage\"},\"thumbnailUrl\":\"https:\\\/\\\/erki24nd3ub.exactdn.com\\\/wp-content\\\/uploads\\\/dream\\\/img\\\/img_137669_0660361f45cf54a0ca3cec73e34cd2e2_1.jpg?strip=all\",\"datePublished\":\"2025-09-30T20:43:30+00:00\",\"dateModified\":\"2026-02-20T04:01:14+00:00\",\"breadcrumb\":{\"@id\":\"https:\\\/\\\/lovme.pt\\\/index.php\\\/produto\\\/satisfyer-sparkling-darling-dourado\\\/#breadcrumb\"},\"inLanguage\":\"pt-PT\",\"potentialAction\":[{\"@type\":\"ReadAction\",\"target\":[\"https:\\\/\\\/lovme.pt\\\/index.php\\\/produto\\\/satisfyer-sparkling-darling-dourado\\\/\"]}]},{\"@type\":\"ImageObject\",\"inLanguage\":\"pt-PT\",\"@id\":\"https:\\\/\\\/lovme.pt\\\/index.php\\\/produto\\\/satisfyer-sparkling-darling-dourado\\\/#primaryimage\",\"url\":\"https:\\\/\\\/erki24nd3ub.exactdn.com\\\/wp-content\\\/uploads\\\/dream\\\/img\\\/img_137669_0660361f45cf54a0ca3cec73e34cd2e2_1.jpg?strip=all\",\"contentUrl\":\"https:\\\/\\\/erki24nd3ub.exactdn.com\\\/wp-content\\\/uploads\\\/dream\\\/img\\\/img_137669_0660361f45cf54a0ca3cec73e34cd2e2_1.jpg?strip=all\",\"width\":800,\"height\":800},{\"@type\":\"BreadcrumbList\",\"@id\":\"https:\\\/\\\/lovme.pt\\\/index.php\\\/produto\\\/satisfyer-sparkling-darling-dourado\\\/#breadcrumb\",\"itemListElement\":[{\"@type\":\"ListItem\",\"position\":1,\"name\":\"In\u00edcio\",\"item\":\"https:\\\/\\\/lovme.pt\\\/\"},{\"@type\":\"ListItem\",\"position\":2,\"name\":\"Loja\",\"item\":\"https:\\\/\\\/lovme.pt\\\/index.php\\\/loja\\\/\"},{\"@type\":\"ListItem\",\"position\":3,\"name\":\"SATISFYER &#8211; SPARKLING DARLING DOURADO\"}]},{\"@type\":\"WebSite\",\"@id\":\"https:\\\/\\\/lovme.pt\\\/#website\",\"url\":\"https:\\\/\\\/lovme.pt\\\/\",\"name\":\"Lovme Loja Er\u00f3tica N\u00ba1 em Portugal\",\"description\":\"A melhor loja er\u00f3tica de Portugal.\",\"alternateName\":\"Loja Er\u00f3tica Lovme\",\"potentialAction\":[{\"@type\":\"SearchAction\",\"target\":{\"@type\":\"EntryPoint\",\"urlTemplate\":\"https:\\\/\\\/lovme.pt\\\/?s={search_term_string}\"},\"query-input\":{\"@type\":\"PropertyValueSpecification\",\"valueRequired\":true,\"valueName\":\"search_term_string\"}}],\"inLanguage\":\"pt-PT\"}]}<\/script>\n<!-- \/ Yoast SEO plugin. -->","yoast_head_json":{"title":"SATISFYER - SPARKLING DARLING DOURADO - Lovme","robots":{"index":"index","follow":"follow","max-snippet":"max-snippet:-1","max-image-preview":"max-image-preview:large","max-video-preview":"max-video-preview:-1"},"canonical":"https:\/\/lovme.pt\/index.php\/produto\/satisfyer-sparkling-darling-dourado\/","og_locale":"pt_PT","og_type":"article","og_title":"SATISFYER - SPARKLING DARLING DOURADO - Lovme","og_description":"SATISFYER - SPARKLING DARLING DOURADO","og_url":"https:\/\/lovme.pt\/index.php\/produto\/satisfyer-sparkling-darling-dourado\/","og_site_name":"Lovme","article_modified_time":"2026-02-20T04:01:14+00:00","og_image":[{"width":800,"height":800,"url":"https:\/\/erki24nd3ub.exactdn.com\/wp-content\/uploads\/dream\/img\/img_137669_0660361f45cf54a0ca3cec73e34cd2e2_1.jpg?strip=all","type":"image\/jpeg"}],"twitter_card":"summary_large_image","twitter_misc":{"Tempo estimado de leitura":"2 minutos"},"schema":{"@context":"https:\/\/schema.org","@graph":[{"@type":"WebPage","@id":"https:\/\/lovme.pt\/index.php\/produto\/satisfyer-sparkling-darling-dourado\/","url":"https:\/\/lovme.pt\/index.php\/produto\/satisfyer-sparkling-darling-dourado\/","name":"SATISFYER - SPARKLING DARLING DOURADO - Lovme","isPartOf":{"@id":"https:\/\/lovme.pt\/#website"},"primaryImageOfPage":{"@id":"https:\/\/lovme.pt\/index.php\/produto\/satisfyer-sparkling-darling-dourado\/#primaryimage"},"image":{"@id":"https:\/\/lovme.pt\/index.php\/produto\/satisfyer-sparkling-darling-dourado\/#primaryimage"},"thumbnailUrl":"https:\/\/erki24nd3ub.exactdn.com\/wp-content\/uploads\/dream\/img\/img_137669_0660361f45cf54a0ca3cec73e34cd2e2_1.jpg?strip=all","datePublished":"2025-09-30T20:43:30+00:00","dateModified":"2026-02-20T04:01:14+00:00","breadcrumb":{"@id":"https:\/\/lovme.pt\/index.php\/produto\/satisfyer-sparkling-darling-dourado\/#breadcrumb"},"inLanguage":"pt-PT","potentialAction":[{"@type":"ReadAction","target":["https:\/\/lovme.pt\/index.php\/produto\/satisfyer-sparkling-darling-dourado\/"]}]},{"@type":"ImageObject","inLanguage":"pt-PT","@id":"https:\/\/lovme.pt\/index.php\/produto\/satisfyer-sparkling-darling-dourado\/#primaryimage","url":"https:\/\/erki24nd3ub.exactdn.com\/wp-content\/uploads\/dream\/img\/img_137669_0660361f45cf54a0ca3cec73e34cd2e2_1.jpg?strip=all","contentUrl":"https:\/\/erki24nd3ub.exactdn.com\/wp-content\/uploads\/dream\/img\/img_137669_0660361f45cf54a0ca3cec73e34cd2e2_1.jpg?strip=all","width":800,"height":800},{"@type":"BreadcrumbList","@id":"https:\/\/lovme.pt\/index.php\/produto\/satisfyer-sparkling-darling-dourado\/#breadcrumb","itemListElement":[{"@type":"ListItem","position":1,"name":"In\u00edcio","item":"https:\/\/lovme.pt\/"},{"@type":"ListItem","position":2,"name":"Loja","item":"https:\/\/lovme.pt\/index.php\/loja\/"},{"@type":"ListItem","position":3,"name":"SATISFYER &#8211; SPARKLING DARLING DOURADO"}]},{"@type":"WebSite","@id":"https:\/\/lovme.pt\/#website","url":"https:\/\/lovme.pt\/","name":"Lovme Loja Er\u00f3tica N\u00ba1 em Portugal","description":"A melhor loja er\u00f3tica de Portugal.","alternateName":"Loja Er\u00f3tica Lovme","potentialAction":[{"@type":"SearchAction","target":{"@type":"EntryPoint","urlTemplate":"https:\/\/lovme.pt\/?s={search_term_string}"},"query-input":{"@type":"PropertyValueSpecification","valueRequired":true,"valueName":"search_term_string"}}],"inLanguage":"pt-PT"}]}},"_links":{"self":[{"href":"https:\/\/lovme.pt\/index.php\/wp-json\/wp\/v2\/product\/42161","targetHints":{"allow":["GET"]}}],"collection":[{"href":"https:\/\/lovme.pt\/index.php\/wp-json\/wp\/v2\/product"}],"about":[{"href":"https:\/\/lovme.pt\/index.php\/wp-json\/wp\/v2\/types\/product"}],"wp:featuredmedia":[{"embeddable":true,"href":"https:\/\/lovme.pt\/index.php\/wp-json\/wp\/v2\/media\/71959"}],"wp:attachment":[{"href":"https:\/\/lovme.pt\/index.php\/wp-json\/wp\/v2\/media?parent=42161"}],"wp:term":[{"taxonomy":"product_brand","embeddable":true,"href":"https:\/\/lovme.pt\/index.php\/wp-json\/wp\/v2\/product_brand?post=42161"},{"taxonomy":"product_cat","embeddable":true,"href":"https:\/\/lovme.pt\/index.php\/wp-json\/wp\/v2\/product_cat?post=42161"},{"taxonomy":"product_tag","embeddable":true,"href":"https:\/\/lovme.pt\/index.php\/wp-json\/wp\/v2\/product_tag?post=42161"}],"curies":[{"name":"wp","href":"https:\/\/api.w.org\/{rel}","templated":true}]}}