{"id":42160,"date":"2025-09-30T10:11:02","date_gmt":"2025-09-30T10:11:02","guid":{"rendered":"https:\/\/lovme.pt\/?post_type=product&p=42160"},"modified":"2026-05-13T16:12:56","modified_gmt":"2026-05-13T16:12:56","slug":"satisfyer-aplicativo-strong-one-connect","status":"publish","type":"product","link":"https:\/\/lovme.pt\/index.php\/produto\/satisfyer-aplicativo-strong-one-connect\/","title":{"rendered":"SATISFYER &#8211; APLICATIVO STRONG ONE CONNECT"},"content":{"rendered":"<p>O anel peniano Strong One feito de silicone amigo do corpo lhe dar\u00e1 mais resist\u00eancia e rigidez e retardar\u00e1 sua ejacula\u00e7\u00e3o. As vibra\u00e7\u00f5es profundas tamb\u00e9m estimulam ambos os parceiros e podem ser controladas via app.<\/p>\n<p> <strong>Satisfyer Strong One: o anel peniano para maior resist\u00eancia<\/strong><\/p>\n<p> O Strong One da Satisfyer lhe dar\u00e1 melhor resist\u00eancia e retardar\u00e1 a ejacula\u00e7\u00e3o durante o sexo! O anel peniano consiste em silicone macio e adequado ao corpo que se ajusta de maneira flex\u00edvel ao redor do seu p\u00eanis. A restri\u00e7\u00e3o do fluxo sangu\u00edneo para longe do p\u00eanis intensifica sua ere\u00e7\u00e3o para que voc\u00ea possa aproveitar ao m\u00e1ximo seu ato sexual. O Strong One excita voc\u00ea e seu amante durante o sexo com vibra\u00e7\u00f5es intensas que podem ser controladas atrav\u00e9s do bot\u00e3o One Touch ou do aplicativo gratuito Satisfyer Connect. Al\u00e9m de poder controlar remotamente o seu dispositivo de bem-estar sexual, existem in\u00fameras outras fun\u00e7\u00f5es para explorar, como criar os seus pr\u00f3prios programas de vibra\u00e7\u00e3o com base no ru\u00eddo ambiente ou na sua lista de reprodu\u00e7\u00e3o do Spotify. O que voc\u00ea est\u00e1 esperando?<\/p>\n<p> <strong>O que mais o Satisfyer Strong One pode fazer?<\/strong><\/p>\n<p> Gra\u00e7as ao seu acabamento \u00e0 prova d\u00e1gua (IPX7), o Satisfyer Strong One tamb\u00e9m pode ser usado quando as coisas ficam um pouco molhadas. Quer voc\u00ea o use no chuveiro ou na banheira, este anel peniano enriquecer\u00e1 seu ato sexual com vibra\u00e7\u00f5es estimulantes. E se alguma vez ficar sem energia, as baterias integradas podem ser recarregadas com o cabo de carregamento USB inclu\u00eddo. O anel peniano pode ser limpo facilmente com \u00e1gua morna e sab\u00e3o neutro. Garanta depois uma higiene perfeita com um produto de limpeza para dispositivos de bem-estar sexual, como o Satisfyer Disinfectant Spray.<\/p>\n<\/p>\n<ul>\n<li> Garantia de 15 anos<\/li>\n<li> Uso de parceiros<\/li>\n<li> Divers\u00e3o para solteiros e parceiros<\/li>\n<li> Vibra\u00e7\u00e3o profunda super forte<\/li>\n<li> Silicone amigo do corpo<\/li>\n<li> \u00c0 prova d\u00e1gua (IPX7)<\/li>\n<li> Tamb\u00e9m pode ser usado sem o aplicativo<\/li>\n<li> Programas predefinidos podem ser editados<\/li>\n<li> App oferece uma gama infinita de programas<\/li>\n<li> Modo sussurro<\/li>\n<li> Bateria recarreg\u00e1vel de \u00edons de l\u00edtio Cabo de carregamento USB magn\u00e9tico inclu\u00eddo<\/li>\n<li> F\u00e1cil de limpar 10 programas de vibra\u00e7\u00e3o<\/li>\n<\/ul>\n","protected":false},"excerpt":{"rendered":"<p>SATISFYER &#8211; APLICATIVO STRONG ONE CONNECT<\/p>\n","protected":false},"featured_media":63690,"template":"","meta":{"_acf_changed":false},"product_brand":[],"product_cat":[17,59,60,76],"product_tag":[],"class_list":{"0":"post-42160","1":"product","2":"type-product","3":"status-publish","4":"has-post-thumbnail","6":"product_cat-brinquedos-de-bem-estar-sexual","7":"product_cat-para-casais","8":"product_cat-para-eles","9":"product_cat-vibradores","10":"yith_product_brand-satisfyer","11":"yith_product_brand-satisfyer-satisfyer-connect","13":"first","14":"instock","15":"taxable","16":"shipping-taxable","17":"purchasable","18":"product-type-simple"},"acf":[],"yoast_head":"<!-- This site is optimized with the Yoast SEO plugin v27.4 - https:\/\/yoast.com\/product\/yoast-seo-wordpress\/ -->\n<title>SATISFYER - APLICATIVO STRONG ONE CONNECT - Lovme<\/title>\n<meta name=\"robots\" content=\"index, follow, max-snippet:-1, max-image-preview:large, max-video-preview:-1\" \/>\n<link rel=\"canonical\" href=\"https:\/\/lovme.pt\/index.php\/produto\/satisfyer-aplicativo-strong-one-connect\/\" \/>\n<meta property=\"og:locale\" content=\"pt_PT\" \/>\n<meta property=\"og:type\" content=\"article\" \/>\n<meta property=\"og:title\" content=\"SATISFYER - APLICATIVO STRONG ONE CONNECT - Lovme\" \/>\n<meta property=\"og:description\" content=\"SATISFYER - APLICATIVO STRONG ONE CONNECT\" \/>\n<meta property=\"og:url\" content=\"https:\/\/lovme.pt\/index.php\/produto\/satisfyer-aplicativo-strong-one-connect\/\" \/>\n<meta property=\"og:site_name\" content=\"Lovme\" \/>\n<meta property=\"article:modified_time\" content=\"2026-05-13T16:12:56+00:00\" \/>\n<meta property=\"og:image\" content=\"https:\/\/erki24nd3ub.exactdn.com\/wp-content\/uploads\/dream\/img\/img_137637_1678f0b0df904d7c3ec3c75189a3d4ca_1.jpg?strip=all\" \/>\n\t<meta property=\"og:image:width\" content=\"800\" \/>\n\t<meta property=\"og:image:height\" content=\"800\" \/>\n\t<meta property=\"og:image:type\" content=\"image\/jpeg\" \/>\n<meta name=\"twitter:card\" content=\"summary_large_image\" \/>\n<meta name=\"twitter:label1\" content=\"Tempo estimado de leitura\" \/>\n\t<meta name=\"twitter:data1\" content=\"2 minutos\" \/>\n<script type=\"application\/ld+json\" class=\"yoast-schema-graph\">{\"@context\":\"https:\\\/\\\/schema.org\",\"@graph\":[{\"@type\":\"WebPage\",\"@id\":\"https:\\\/\\\/lovme.pt\\\/index.php\\\/produto\\\/satisfyer-aplicativo-strong-one-connect\\\/\",\"url\":\"https:\\\/\\\/lovme.pt\\\/index.php\\\/produto\\\/satisfyer-aplicativo-strong-one-connect\\\/\",\"name\":\"SATISFYER - APLICATIVO STRONG ONE CONNECT - Lovme\",\"isPartOf\":{\"@id\":\"https:\\\/\\\/lovme.pt\\\/#website\"},\"primaryImageOfPage\":{\"@id\":\"https:\\\/\\\/lovme.pt\\\/index.php\\\/produto\\\/satisfyer-aplicativo-strong-one-connect\\\/#primaryimage\"},\"image\":{\"@id\":\"https:\\\/\\\/lovme.pt\\\/index.php\\\/produto\\\/satisfyer-aplicativo-strong-one-connect\\\/#primaryimage\"},\"thumbnailUrl\":\"https:\\\/\\\/erki24nd3ub.exactdn.com\\\/wp-content\\\/uploads\\\/dream\\\/img\\\/img_137637_1678f0b0df904d7c3ec3c75189a3d4ca_1.jpg?strip=all\",\"datePublished\":\"2025-09-30T10:11:02+00:00\",\"dateModified\":\"2026-05-13T16:12:56+00:00\",\"breadcrumb\":{\"@id\":\"https:\\\/\\\/lovme.pt\\\/index.php\\\/produto\\\/satisfyer-aplicativo-strong-one-connect\\\/#breadcrumb\"},\"inLanguage\":\"pt-PT\",\"potentialAction\":[{\"@type\":\"ReadAction\",\"target\":[\"https:\\\/\\\/lovme.pt\\\/index.php\\\/produto\\\/satisfyer-aplicativo-strong-one-connect\\\/\"]}]},{\"@type\":\"ImageObject\",\"inLanguage\":\"pt-PT\",\"@id\":\"https:\\\/\\\/lovme.pt\\\/index.php\\\/produto\\\/satisfyer-aplicativo-strong-one-connect\\\/#primaryimage\",\"url\":\"https:\\\/\\\/erki24nd3ub.exactdn.com\\\/wp-content\\\/uploads\\\/dream\\\/img\\\/img_137637_1678f0b0df904d7c3ec3c75189a3d4ca_1.jpg?strip=all\",\"contentUrl\":\"https:\\\/\\\/erki24nd3ub.exactdn.com\\\/wp-content\\\/uploads\\\/dream\\\/img\\\/img_137637_1678f0b0df904d7c3ec3c75189a3d4ca_1.jpg?strip=all\",\"width\":800,\"height\":800},{\"@type\":\"BreadcrumbList\",\"@id\":\"https:\\\/\\\/lovme.pt\\\/index.php\\\/produto\\\/satisfyer-aplicativo-strong-one-connect\\\/#breadcrumb\",\"itemListElement\":[{\"@type\":\"ListItem\",\"position\":1,\"name\":\"In\u00edcio\",\"item\":\"https:\\\/\\\/lovme.pt\\\/\"},{\"@type\":\"ListItem\",\"position\":2,\"name\":\"Loja\",\"item\":\"https:\\\/\\\/lovme.pt\\\/index.php\\\/loja\\\/\"},{\"@type\":\"ListItem\",\"position\":3,\"name\":\"SATISFYER &#8211; APLICATIVO STRONG ONE CONNECT\"}]},{\"@type\":\"WebSite\",\"@id\":\"https:\\\/\\\/lovme.pt\\\/#website\",\"url\":\"https:\\\/\\\/lovme.pt\\\/\",\"name\":\"Lovme Loja Er\u00f3tica N\u00ba1 em Portugal\",\"description\":\"A melhor loja er\u00f3tica de Portugal.\",\"alternateName\":\"Loja Er\u00f3tica Lovme\",\"potentialAction\":[{\"@type\":\"SearchAction\",\"target\":{\"@type\":\"EntryPoint\",\"urlTemplate\":\"https:\\\/\\\/lovme.pt\\\/?s={search_term_string}\"},\"query-input\":{\"@type\":\"PropertyValueSpecification\",\"valueRequired\":true,\"valueName\":\"search_term_string\"}}],\"inLanguage\":\"pt-PT\"}]}<\/script>\n<!-- \/ Yoast SEO plugin. -->","yoast_head_json":{"title":"SATISFYER - APLICATIVO STRONG ONE CONNECT - Lovme","robots":{"index":"index","follow":"follow","max-snippet":"max-snippet:-1","max-image-preview":"max-image-preview:large","max-video-preview":"max-video-preview:-1"},"canonical":"https:\/\/lovme.pt\/index.php\/produto\/satisfyer-aplicativo-strong-one-connect\/","og_locale":"pt_PT","og_type":"article","og_title":"SATISFYER - APLICATIVO STRONG ONE CONNECT - Lovme","og_description":"SATISFYER - APLICATIVO STRONG ONE CONNECT","og_url":"https:\/\/lovme.pt\/index.php\/produto\/satisfyer-aplicativo-strong-one-connect\/","og_site_name":"Lovme","article_modified_time":"2026-05-13T16:12:56+00:00","og_image":[{"width":800,"height":800,"url":"https:\/\/erki24nd3ub.exactdn.com\/wp-content\/uploads\/dream\/img\/img_137637_1678f0b0df904d7c3ec3c75189a3d4ca_1.jpg?strip=all","type":"image\/jpeg"}],"twitter_card":"summary_large_image","twitter_misc":{"Tempo estimado de leitura":"2 minutos"},"schema":{"@context":"https:\/\/schema.org","@graph":[{"@type":"WebPage","@id":"https:\/\/lovme.pt\/index.php\/produto\/satisfyer-aplicativo-strong-one-connect\/","url":"https:\/\/lovme.pt\/index.php\/produto\/satisfyer-aplicativo-strong-one-connect\/","name":"SATISFYER - APLICATIVO STRONG ONE CONNECT - Lovme","isPartOf":{"@id":"https:\/\/lovme.pt\/#website"},"primaryImageOfPage":{"@id":"https:\/\/lovme.pt\/index.php\/produto\/satisfyer-aplicativo-strong-one-connect\/#primaryimage"},"image":{"@id":"https:\/\/lovme.pt\/index.php\/produto\/satisfyer-aplicativo-strong-one-connect\/#primaryimage"},"thumbnailUrl":"https:\/\/erki24nd3ub.exactdn.com\/wp-content\/uploads\/dream\/img\/img_137637_1678f0b0df904d7c3ec3c75189a3d4ca_1.jpg?strip=all","datePublished":"2025-09-30T10:11:02+00:00","dateModified":"2026-05-13T16:12:56+00:00","breadcrumb":{"@id":"https:\/\/lovme.pt\/index.php\/produto\/satisfyer-aplicativo-strong-one-connect\/#breadcrumb"},"inLanguage":"pt-PT","potentialAction":[{"@type":"ReadAction","target":["https:\/\/lovme.pt\/index.php\/produto\/satisfyer-aplicativo-strong-one-connect\/"]}]},{"@type":"ImageObject","inLanguage":"pt-PT","@id":"https:\/\/lovme.pt\/index.php\/produto\/satisfyer-aplicativo-strong-one-connect\/#primaryimage","url":"https:\/\/erki24nd3ub.exactdn.com\/wp-content\/uploads\/dream\/img\/img_137637_1678f0b0df904d7c3ec3c75189a3d4ca_1.jpg?strip=all","contentUrl":"https:\/\/erki24nd3ub.exactdn.com\/wp-content\/uploads\/dream\/img\/img_137637_1678f0b0df904d7c3ec3c75189a3d4ca_1.jpg?strip=all","width":800,"height":800},{"@type":"BreadcrumbList","@id":"https:\/\/lovme.pt\/index.php\/produto\/satisfyer-aplicativo-strong-one-connect\/#breadcrumb","itemListElement":[{"@type":"ListItem","position":1,"name":"In\u00edcio","item":"https:\/\/lovme.pt\/"},{"@type":"ListItem","position":2,"name":"Loja","item":"https:\/\/lovme.pt\/index.php\/loja\/"},{"@type":"ListItem","position":3,"name":"SATISFYER &#8211; APLICATIVO STRONG ONE CONNECT"}]},{"@type":"WebSite","@id":"https:\/\/lovme.pt\/#website","url":"https:\/\/lovme.pt\/","name":"Lovme Loja Er\u00f3tica N\u00ba1 em Portugal","description":"A melhor loja er\u00f3tica de Portugal.","alternateName":"Loja Er\u00f3tica Lovme","potentialAction":[{"@type":"SearchAction","target":{"@type":"EntryPoint","urlTemplate":"https:\/\/lovme.pt\/?s={search_term_string}"},"query-input":{"@type":"PropertyValueSpecification","valueRequired":true,"valueName":"search_term_string"}}],"inLanguage":"pt-PT"}]}},"_links":{"self":[{"href":"https:\/\/lovme.pt\/index.php\/wp-json\/wp\/v2\/product\/42160","targetHints":{"allow":["GET"]}}],"collection":[{"href":"https:\/\/lovme.pt\/index.php\/wp-json\/wp\/v2\/product"}],"about":[{"href":"https:\/\/lovme.pt\/index.php\/wp-json\/wp\/v2\/types\/product"}],"wp:featuredmedia":[{"embeddable":true,"href":"https:\/\/lovme.pt\/index.php\/wp-json\/wp\/v2\/media\/63690"}],"wp:attachment":[{"href":"https:\/\/lovme.pt\/index.php\/wp-json\/wp\/v2\/media?parent=42160"}],"wp:term":[{"taxonomy":"product_brand","embeddable":true,"href":"https:\/\/lovme.pt\/index.php\/wp-json\/wp\/v2\/product_brand?post=42160"},{"taxonomy":"product_cat","embeddable":true,"href":"https:\/\/lovme.pt\/index.php\/wp-json\/wp\/v2\/product_cat?post=42160"},{"taxonomy":"product_tag","embeddable":true,"href":"https:\/\/lovme.pt\/index.php\/wp-json\/wp\/v2\/product_tag?post=42160"}],"curies":[{"name":"wp","href":"https:\/\/api.w.org\/{rel}","templated":true}]}}