{"id":42133,"date":"2025-10-01T00:03:47","date_gmt":"2025-10-01T00:03:47","guid":{"rendered":"https:\/\/lovme.pt\/?post_type=product&p=42133"},"modified":"2026-02-19T20:14:14","modified_gmt":"2026-02-19T20:14:14","slug":"satisfyer-plugue-de-alimentao-roxo","status":"publish","type":"product","link":"https:\/\/lovme.pt\/index.php\/produto\/satisfyer-plugue-de-alimentao-roxo\/","title":{"rendered":"SATISFYER &#8211; PLUGUE DE ALIMENTAO ROXO"},"content":{"rendered":"<p>TOC Toc! Algu\u00e9m est\u00e1 esperando na sua porta dos fundos&#8230;<\/p>\n<p> O Power Plug chegou para proporcionar aquelas fortes vibra\u00e7\u00f5es anais que voc\u00ea deseja. N\u00e3o \u00e9 um plug anal comum, o Power Plug faz jus ao seu nome com vibra\u00e7\u00f5es profundas para estimular o ponto de acesso da porta dos fundos. Com um cano ligeiramente mais largo, desfrute de uma sensa\u00e7\u00e3o visivelmente cheia enquanto as sensa\u00e7\u00f5es se deleitam. A seguran\u00e7a \u00e9 sempre uma considera\u00e7\u00e3o, portanto, a ampla base cobre voc\u00ea.<\/p>\n<p> Habilitado para Bluetooth, o Power Plug se conecta ao premiado e gratuito aplicativo Satisfyer Connect, dando a voc\u00ea a op\u00e7\u00e3o de ter controle total do potente motor e personalizar verdadeiramente suas jornadas de prazer anal. Embora o Power Plug seja feito de silicone macio e seguro para o corpo, \u00e9 sempre recomend\u00e1vel us\u00e1-lo com um lubrificante \u00e0 base de \u00e1gua para facilitar. E fique \u00e0 vontade para levar seu plugue de alimenta\u00e7\u00e3o com classifica\u00e7\u00e3o \u00e0 prova d\u00e1gua IPX7 para a banheira ou chuveiro. O poder deste plug obriga voc\u00ea ao prazer!<\/p>\n<\/p>\n<ul>\n<li> Motor potente transmite ritmos de vibra\u00e7\u00e3o intensos por todo o plugue<\/li>\n<li> 12 programas diferentes oferecem variedade para o m\u00e1ximo prazer<\/li>\n<li> Adequado para homens e mulheres Garantia de 15 anos<\/li>\n<li> Vibra\u00e7\u00e3o profunda super forte<\/li>\n<li> Unissex<\/li>\n<li> Silicone amigo do corpo<\/li>\n<li> \u00c0 prova d\u00e1gua (IPX7)<\/li>\n<li> Modo sussurro<\/li>\n<li> Bateria recarreg\u00e1vel de \u00edons de l\u00edtio<\/li>\n<li> Cabo de carregamento USB magn\u00e9tico inclu\u00eddo<\/li>\n<li> F\u00e1cil de limpar<\/li>\n<\/ul>\n","protected":false},"excerpt":{"rendered":"<p>SATISFYER &#8211; PLUGUE DE ALIMENTAO ROXO<\/p>\n","protected":false},"featured_media":84150,"template":"","meta":{"_acf_changed":false},"product_brand":[],"product_cat":[48,17,62,63],"product_tag":[],"class_list":{"0":"post-42133","1":"product","2":"type-product","3":"status-publish","4":"has-post-thumbnail","6":"product_cat-bdsm","7":"product_cat-brinquedos-de-bem-estar-sexual","8":"product_cat-plugues-e-correntes-anais","9":"product_cat-sexo-anal","10":"yith_product_brand-satisfyer","11":"yith_product_brand-satisfyer-satisfyer-plugs","13":"first","14":"instock","15":"taxable","16":"shipping-taxable","17":"purchasable","18":"product-type-simple"},"acf":[],"yoast_head":"<!-- This site is optimized with the Yoast SEO plugin v27.4 - https:\/\/yoast.com\/product\/yoast-seo-wordpress\/ -->\n<title>SATISFYER - PLUGUE DE ALIMENTAO ROXO - Lovme<\/title>\n<meta name=\"robots\" content=\"index, follow, max-snippet:-1, max-image-preview:large, max-video-preview:-1\" \/>\n<link rel=\"canonical\" href=\"https:\/\/lovme.pt\/index.php\/produto\/satisfyer-plugue-de-alimentao-roxo\/\" \/>\n<meta property=\"og:locale\" content=\"pt_PT\" \/>\n<meta property=\"og:type\" content=\"article\" \/>\n<meta property=\"og:title\" content=\"SATISFYER - PLUGUE DE ALIMENTAO ROXO - Lovme\" \/>\n<meta property=\"og:description\" content=\"SATISFYER - PLUGUE DE ALIMENTAO ROXO\" \/>\n<meta property=\"og:url\" content=\"https:\/\/lovme.pt\/index.php\/produto\/satisfyer-plugue-de-alimentao-roxo\/\" \/>\n<meta property=\"og:site_name\" content=\"Lovme\" \/>\n<meta property=\"article:modified_time\" content=\"2026-02-19T20:14:14+00:00\" \/>\n<meta property=\"og:image\" content=\"https:\/\/erki24nd3ub.exactdn.com\/wp-content\/uploads\/dream\/img\/img_137574_97977e888bbd0bc4fbc9d4edf0121125_1.jpg?strip=all\" \/>\n\t<meta property=\"og:image:width\" content=\"644\" \/>\n\t<meta property=\"og:image:height\" content=\"644\" \/>\n\t<meta property=\"og:image:type\" content=\"image\/jpeg\" \/>\n<meta name=\"twitter:card\" content=\"summary_large_image\" \/>\n<meta name=\"twitter:label1\" content=\"Tempo estimado de leitura\" \/>\n\t<meta name=\"twitter:data1\" content=\"1 minuto\" \/>\n<script type=\"application\/ld+json\" class=\"yoast-schema-graph\">{\"@context\":\"https:\\\/\\\/schema.org\",\"@graph\":[{\"@type\":\"WebPage\",\"@id\":\"https:\\\/\\\/lovme.pt\\\/index.php\\\/produto\\\/satisfyer-plugue-de-alimentao-roxo\\\/\",\"url\":\"https:\\\/\\\/lovme.pt\\\/index.php\\\/produto\\\/satisfyer-plugue-de-alimentao-roxo\\\/\",\"name\":\"SATISFYER - PLUGUE DE ALIMENTAO ROXO - Lovme\",\"isPartOf\":{\"@id\":\"https:\\\/\\\/lovme.pt\\\/#website\"},\"primaryImageOfPage\":{\"@id\":\"https:\\\/\\\/lovme.pt\\\/index.php\\\/produto\\\/satisfyer-plugue-de-alimentao-roxo\\\/#primaryimage\"},\"image\":{\"@id\":\"https:\\\/\\\/lovme.pt\\\/index.php\\\/produto\\\/satisfyer-plugue-de-alimentao-roxo\\\/#primaryimage\"},\"thumbnailUrl\":\"https:\\\/\\\/erki24nd3ub.exactdn.com\\\/wp-content\\\/uploads\\\/dream\\\/img\\\/img_137574_97977e888bbd0bc4fbc9d4edf0121125_1.jpg?strip=all\",\"datePublished\":\"2025-10-01T00:03:47+00:00\",\"dateModified\":\"2026-02-19T20:14:14+00:00\",\"breadcrumb\":{\"@id\":\"https:\\\/\\\/lovme.pt\\\/index.php\\\/produto\\\/satisfyer-plugue-de-alimentao-roxo\\\/#breadcrumb\"},\"inLanguage\":\"pt-PT\",\"potentialAction\":[{\"@type\":\"ReadAction\",\"target\":[\"https:\\\/\\\/lovme.pt\\\/index.php\\\/produto\\\/satisfyer-plugue-de-alimentao-roxo\\\/\"]}]},{\"@type\":\"ImageObject\",\"inLanguage\":\"pt-PT\",\"@id\":\"https:\\\/\\\/lovme.pt\\\/index.php\\\/produto\\\/satisfyer-plugue-de-alimentao-roxo\\\/#primaryimage\",\"url\":\"https:\\\/\\\/erki24nd3ub.exactdn.com\\\/wp-content\\\/uploads\\\/dream\\\/img\\\/img_137574_97977e888bbd0bc4fbc9d4edf0121125_1.jpg?strip=all\",\"contentUrl\":\"https:\\\/\\\/erki24nd3ub.exactdn.com\\\/wp-content\\\/uploads\\\/dream\\\/img\\\/img_137574_97977e888bbd0bc4fbc9d4edf0121125_1.jpg?strip=all\",\"width\":644,\"height\":644},{\"@type\":\"BreadcrumbList\",\"@id\":\"https:\\\/\\\/lovme.pt\\\/index.php\\\/produto\\\/satisfyer-plugue-de-alimentao-roxo\\\/#breadcrumb\",\"itemListElement\":[{\"@type\":\"ListItem\",\"position\":1,\"name\":\"In\u00edcio\",\"item\":\"https:\\\/\\\/lovme.pt\\\/\"},{\"@type\":\"ListItem\",\"position\":2,\"name\":\"Loja\",\"item\":\"https:\\\/\\\/lovme.pt\\\/index.php\\\/loja\\\/\"},{\"@type\":\"ListItem\",\"position\":3,\"name\":\"SATISFYER &#8211; PLUGUE DE ALIMENTAO ROXO\"}]},{\"@type\":\"WebSite\",\"@id\":\"https:\\\/\\\/lovme.pt\\\/#website\",\"url\":\"https:\\\/\\\/lovme.pt\\\/\",\"name\":\"Lovme Loja Er\u00f3tica N\u00ba1 em Portugal\",\"description\":\"A melhor loja er\u00f3tica de Portugal.\",\"alternateName\":\"Loja Er\u00f3tica Lovme\",\"potentialAction\":[{\"@type\":\"SearchAction\",\"target\":{\"@type\":\"EntryPoint\",\"urlTemplate\":\"https:\\\/\\\/lovme.pt\\\/?s={search_term_string}\"},\"query-input\":{\"@type\":\"PropertyValueSpecification\",\"valueRequired\":true,\"valueName\":\"search_term_string\"}}],\"inLanguage\":\"pt-PT\"}]}<\/script>\n<!-- \/ Yoast SEO plugin. -->","yoast_head_json":{"title":"SATISFYER - PLUGUE DE ALIMENTAO ROXO - Lovme","robots":{"index":"index","follow":"follow","max-snippet":"max-snippet:-1","max-image-preview":"max-image-preview:large","max-video-preview":"max-video-preview:-1"},"canonical":"https:\/\/lovme.pt\/index.php\/produto\/satisfyer-plugue-de-alimentao-roxo\/","og_locale":"pt_PT","og_type":"article","og_title":"SATISFYER - PLUGUE DE ALIMENTAO ROXO - Lovme","og_description":"SATISFYER - PLUGUE DE ALIMENTAO ROXO","og_url":"https:\/\/lovme.pt\/index.php\/produto\/satisfyer-plugue-de-alimentao-roxo\/","og_site_name":"Lovme","article_modified_time":"2026-02-19T20:14:14+00:00","og_image":[{"width":644,"height":644,"url":"https:\/\/erki24nd3ub.exactdn.com\/wp-content\/uploads\/dream\/img\/img_137574_97977e888bbd0bc4fbc9d4edf0121125_1.jpg?strip=all","type":"image\/jpeg"}],"twitter_card":"summary_large_image","twitter_misc":{"Tempo estimado de leitura":"1 minuto"},"schema":{"@context":"https:\/\/schema.org","@graph":[{"@type":"WebPage","@id":"https:\/\/lovme.pt\/index.php\/produto\/satisfyer-plugue-de-alimentao-roxo\/","url":"https:\/\/lovme.pt\/index.php\/produto\/satisfyer-plugue-de-alimentao-roxo\/","name":"SATISFYER - PLUGUE DE ALIMENTAO ROXO - Lovme","isPartOf":{"@id":"https:\/\/lovme.pt\/#website"},"primaryImageOfPage":{"@id":"https:\/\/lovme.pt\/index.php\/produto\/satisfyer-plugue-de-alimentao-roxo\/#primaryimage"},"image":{"@id":"https:\/\/lovme.pt\/index.php\/produto\/satisfyer-plugue-de-alimentao-roxo\/#primaryimage"},"thumbnailUrl":"https:\/\/erki24nd3ub.exactdn.com\/wp-content\/uploads\/dream\/img\/img_137574_97977e888bbd0bc4fbc9d4edf0121125_1.jpg?strip=all","datePublished":"2025-10-01T00:03:47+00:00","dateModified":"2026-02-19T20:14:14+00:00","breadcrumb":{"@id":"https:\/\/lovme.pt\/index.php\/produto\/satisfyer-plugue-de-alimentao-roxo\/#breadcrumb"},"inLanguage":"pt-PT","potentialAction":[{"@type":"ReadAction","target":["https:\/\/lovme.pt\/index.php\/produto\/satisfyer-plugue-de-alimentao-roxo\/"]}]},{"@type":"ImageObject","inLanguage":"pt-PT","@id":"https:\/\/lovme.pt\/index.php\/produto\/satisfyer-plugue-de-alimentao-roxo\/#primaryimage","url":"https:\/\/erki24nd3ub.exactdn.com\/wp-content\/uploads\/dream\/img\/img_137574_97977e888bbd0bc4fbc9d4edf0121125_1.jpg?strip=all","contentUrl":"https:\/\/erki24nd3ub.exactdn.com\/wp-content\/uploads\/dream\/img\/img_137574_97977e888bbd0bc4fbc9d4edf0121125_1.jpg?strip=all","width":644,"height":644},{"@type":"BreadcrumbList","@id":"https:\/\/lovme.pt\/index.php\/produto\/satisfyer-plugue-de-alimentao-roxo\/#breadcrumb","itemListElement":[{"@type":"ListItem","position":1,"name":"In\u00edcio","item":"https:\/\/lovme.pt\/"},{"@type":"ListItem","position":2,"name":"Loja","item":"https:\/\/lovme.pt\/index.php\/loja\/"},{"@type":"ListItem","position":3,"name":"SATISFYER &#8211; PLUGUE DE ALIMENTAO ROXO"}]},{"@type":"WebSite","@id":"https:\/\/lovme.pt\/#website","url":"https:\/\/lovme.pt\/","name":"Lovme Loja Er\u00f3tica N\u00ba1 em Portugal","description":"A melhor loja er\u00f3tica de Portugal.","alternateName":"Loja Er\u00f3tica Lovme","potentialAction":[{"@type":"SearchAction","target":{"@type":"EntryPoint","urlTemplate":"https:\/\/lovme.pt\/?s={search_term_string}"},"query-input":{"@type":"PropertyValueSpecification","valueRequired":true,"valueName":"search_term_string"}}],"inLanguage":"pt-PT"}]}},"_links":{"self":[{"href":"https:\/\/lovme.pt\/index.php\/wp-json\/wp\/v2\/product\/42133","targetHints":{"allow":["GET"]}}],"collection":[{"href":"https:\/\/lovme.pt\/index.php\/wp-json\/wp\/v2\/product"}],"about":[{"href":"https:\/\/lovme.pt\/index.php\/wp-json\/wp\/v2\/types\/product"}],"wp:featuredmedia":[{"embeddable":true,"href":"https:\/\/lovme.pt\/index.php\/wp-json\/wp\/v2\/media\/84150"}],"wp:attachment":[{"href":"https:\/\/lovme.pt\/index.php\/wp-json\/wp\/v2\/media?parent=42133"}],"wp:term":[{"taxonomy":"product_brand","embeddable":true,"href":"https:\/\/lovme.pt\/index.php\/wp-json\/wp\/v2\/product_brand?post=42133"},{"taxonomy":"product_cat","embeddable":true,"href":"https:\/\/lovme.pt\/index.php\/wp-json\/wp\/v2\/product_cat?post=42133"},{"taxonomy":"product_tag","embeddable":true,"href":"https:\/\/lovme.pt\/index.php\/wp-json\/wp\/v2\/product_tag?post=42133"}],"curies":[{"name":"wp","href":"https:\/\/api.w.org\/{rel}","templated":true}]}}