{"id":42131,"date":"2025-10-01T00:03:45","date_gmt":"2025-10-01T00:03:45","guid":{"rendered":"https:\/\/lovme.pt\/?post_type=product&#038;p=42131"},"modified":"2026-02-19T20:23:20","modified_gmt":"2026-02-19T20:23:20","slug":"satisfyer-plugue-de-intensidade-roxo","status":"publish","type":"product","link":"https:\/\/lovme.pt\/index.php\/produto\/satisfyer-plugue-de-intensidade-roxo\/","title":{"rendered":"SATISFYER &#8211; INTENSITY PLUG MORADO"},"content":{"rendered":"<p>Sempre saiu querendo mais?&#8230; O Intensity Plug n\u00e3o ir\u00e1 decepcionar. Projetado para f\u00e1cil inser\u00e7\u00e3o, o plug Intensity aborda a brincadeira anal com facilidade.<\/p>\n<p> O material flex\u00edvel e amig\u00e1vel ao corpo proporciona vibra\u00e7\u00f5es suaves atrav\u00e9s de um design ergon\u00f4mico &#8211; tornando-o o plugue perfeito para novatos e profissionais. A ampla ranhura na haste proporciona estimula\u00e7\u00e3o adicional, al\u00e9m das vibra\u00e7\u00f5es intensas que seu nome promete. Fique tranquilo em sua jornada anal pela ampla base para apoiar suas jornadas de prazer anal. Como sempre, recomenda-se a combina\u00e7\u00e3o com um lubrificante \u00e0 base de \u00e1gua para seu conforto.<\/p>\n<p> Habilitado para Bluetooth, o Intensity Plug se conecta ao premiado e gratuito aplicativo Satisfyer Connect, oferecendo a voc\u00ea a op\u00e7\u00e3o de ter controle total do potente motor e personalizar verdadeiramente o seu prazer. O Intensity Plug \u00e9 feito de silicone seguro para o corpo, \u00e9 recarreg\u00e1vel e tem classifica\u00e7\u00e3o IPX7 \u00e0 prova d\u00e1gua &#8211; ent\u00e3o n\u00e3o hesite em tornar seu pr\u00f3ximo banho ou banho intenso! Voc\u00ea pediu\u2026 \u00c9 hora de intensificar seus desejos anais!<\/p>\n<\/p>\n<ul>\n<li> Motor potente transmite ritmos de vibra\u00e7\u00e3o intensos por todo o plugue<\/li>\n<li> 12 programas diferentes oferecem variedade para o m\u00e1ximo prazer<\/li>\n<li> Adequado para homens e mulheres Garantia de 15 anos<\/li>\n<li> Vibra\u00e7\u00e3o profunda super forte<\/li>\n<li> Unissex<\/li>\n<li> Silicone amigo do corpo<\/li>\n<li> \u00c0 prova d\u00e1gua (IPX7)<\/li>\n<li> Modo sussurro<\/li>\n<li> Bateria recarreg\u00e1vel de \u00edons de l\u00edtio<\/li>\n<li> Cabo de carregamento USB magn\u00e9tico inclu\u00eddo<\/li>\n<li> F\u00e1cil de limpar<\/li>\n<\/ul>\n","protected":false},"excerpt":{"rendered":"<p>SATISFYER &#8211; PLUGUE DE INTENSIDADE ROXO<\/p>\n","protected":false},"featured_media":84143,"template":"","meta":{"_acf_changed":false},"product_brand":[],"product_cat":[48,17,115,62,63],"product_tag":[],"class_list":{"0":"post-42131","1":"product","2":"type-product","3":"status-publish","4":"has-post-thumbnail","6":"product_cat-bdsm","7":"product_cat-brinquedos-de-bem-estar-sexual","8":"product_cat-ofertas","9":"product_cat-plugues-e-correntes-anais","10":"product_cat-sexo-anal","11":"yith_product_brand-satisfyer","12":"yith_product_brand-satisfyer-satisfyer-plugs","14":"first","15":"instock","16":"taxable","17":"shipping-taxable","18":"purchasable","19":"product-type-variable","20":"has-default-attributes"},"acf":[],"yoast_head":"<!-- This site is optimized with the Yoast SEO plugin v27.4 - https:\/\/yoast.com\/product\/yoast-seo-wordpress\/ -->\n<title>SATISFYER - INTENSITY PLUG MORADO - Lovme<\/title>\n<meta name=\"robots\" content=\"index, follow, max-snippet:-1, max-image-preview:large, max-video-preview:-1\" \/>\n<link rel=\"canonical\" href=\"https:\/\/lovme.pt\/index.php\/produto\/satisfyer-plugue-de-intensidade-roxo\/\" \/>\n<meta property=\"og:locale\" content=\"pt_PT\" \/>\n<meta property=\"og:type\" content=\"article\" \/>\n<meta property=\"og:title\" content=\"SATISFYER - INTENSITY PLUG MORADO - Lovme\" \/>\n<meta property=\"og:description\" content=\"SATISFYER - PLUGUE DE INTENSIDADE ROXO\" \/>\n<meta property=\"og:url\" content=\"https:\/\/lovme.pt\/index.php\/produto\/satisfyer-plugue-de-intensidade-roxo\/\" \/>\n<meta property=\"og:site_name\" content=\"Lovme\" \/>\n<meta property=\"article:modified_time\" content=\"2026-02-19T20:23:20+00:00\" \/>\n<meta property=\"og:image\" content=\"https:\/\/erki24nd3ub.exactdn.com\/wp-content\/uploads\/dream\/img\/img_137555_3790cd48c6b41e4d1847789102a64cb4_1.jpg?strip=all\" \/>\n\t<meta property=\"og:image:width\" content=\"800\" \/>\n\t<meta property=\"og:image:height\" content=\"800\" \/>\n\t<meta property=\"og:image:type\" content=\"image\/jpeg\" \/>\n<meta name=\"twitter:card\" content=\"summary_large_image\" \/>\n<meta name=\"twitter:label1\" content=\"Tempo estimado de leitura\" \/>\n\t<meta name=\"twitter:data1\" content=\"1 minuto\" \/>\n<script type=\"application\/ld+json\" class=\"yoast-schema-graph\">{\"@context\":\"https:\\\/\\\/schema.org\",\"@graph\":[{\"@type\":\"WebPage\",\"@id\":\"https:\\\/\\\/lovme.pt\\\/index.php\\\/produto\\\/satisfyer-plugue-de-intensidade-roxo\\\/\",\"url\":\"https:\\\/\\\/lovme.pt\\\/index.php\\\/produto\\\/satisfyer-plugue-de-intensidade-roxo\\\/\",\"name\":\"SATISFYER - INTENSITY PLUG MORADO - Lovme\",\"isPartOf\":{\"@id\":\"https:\\\/\\\/lovme.pt\\\/#website\"},\"primaryImageOfPage\":{\"@id\":\"https:\\\/\\\/lovme.pt\\\/index.php\\\/produto\\\/satisfyer-plugue-de-intensidade-roxo\\\/#primaryimage\"},\"image\":{\"@id\":\"https:\\\/\\\/lovme.pt\\\/index.php\\\/produto\\\/satisfyer-plugue-de-intensidade-roxo\\\/#primaryimage\"},\"thumbnailUrl\":\"https:\\\/\\\/erki24nd3ub.exactdn.com\\\/wp-content\\\/uploads\\\/dream\\\/img\\\/img_137555_3790cd48c6b41e4d1847789102a64cb4_1.jpg?strip=all\",\"datePublished\":\"2025-10-01T00:03:45+00:00\",\"dateModified\":\"2026-02-19T20:23:20+00:00\",\"breadcrumb\":{\"@id\":\"https:\\\/\\\/lovme.pt\\\/index.php\\\/produto\\\/satisfyer-plugue-de-intensidade-roxo\\\/#breadcrumb\"},\"inLanguage\":\"pt-PT\",\"potentialAction\":[{\"@type\":\"ReadAction\",\"target\":[\"https:\\\/\\\/lovme.pt\\\/index.php\\\/produto\\\/satisfyer-plugue-de-intensidade-roxo\\\/\"]}]},{\"@type\":\"ImageObject\",\"inLanguage\":\"pt-PT\",\"@id\":\"https:\\\/\\\/lovme.pt\\\/index.php\\\/produto\\\/satisfyer-plugue-de-intensidade-roxo\\\/#primaryimage\",\"url\":\"https:\\\/\\\/erki24nd3ub.exactdn.com\\\/wp-content\\\/uploads\\\/dream\\\/img\\\/img_137555_3790cd48c6b41e4d1847789102a64cb4_1.jpg?strip=all\",\"contentUrl\":\"https:\\\/\\\/erki24nd3ub.exactdn.com\\\/wp-content\\\/uploads\\\/dream\\\/img\\\/img_137555_3790cd48c6b41e4d1847789102a64cb4_1.jpg?strip=all\",\"width\":800,\"height\":800},{\"@type\":\"BreadcrumbList\",\"@id\":\"https:\\\/\\\/lovme.pt\\\/index.php\\\/produto\\\/satisfyer-plugue-de-intensidade-roxo\\\/#breadcrumb\",\"itemListElement\":[{\"@type\":\"ListItem\",\"position\":1,\"name\":\"In\u00edcio\",\"item\":\"https:\\\/\\\/lovme.pt\\\/\"},{\"@type\":\"ListItem\",\"position\":2,\"name\":\"Loja\",\"item\":\"https:\\\/\\\/lovme.pt\\\/index.php\\\/loja\\\/\"},{\"@type\":\"ListItem\",\"position\":3,\"name\":\"SATISFYER &#8211; INTENSITY PLUG MORADO\"}]},{\"@type\":\"WebSite\",\"@id\":\"https:\\\/\\\/lovme.pt\\\/#website\",\"url\":\"https:\\\/\\\/lovme.pt\\\/\",\"name\":\"Lovme Loja Er\u00f3tica N\u00ba1 em Portugal\",\"description\":\"A melhor loja er\u00f3tica de Portugal.\",\"alternateName\":\"Loja Er\u00f3tica Lovme\",\"potentialAction\":[{\"@type\":\"SearchAction\",\"target\":{\"@type\":\"EntryPoint\",\"urlTemplate\":\"https:\\\/\\\/lovme.pt\\\/?s={search_term_string}\"},\"query-input\":{\"@type\":\"PropertyValueSpecification\",\"valueRequired\":true,\"valueName\":\"search_term_string\"}}],\"inLanguage\":\"pt-PT\"}]}<\/script>\n<!-- \/ Yoast SEO plugin. -->","yoast_head_json":{"title":"SATISFYER - INTENSITY PLUG MORADO - Lovme","robots":{"index":"index","follow":"follow","max-snippet":"max-snippet:-1","max-image-preview":"max-image-preview:large","max-video-preview":"max-video-preview:-1"},"canonical":"https:\/\/lovme.pt\/index.php\/produto\/satisfyer-plugue-de-intensidade-roxo\/","og_locale":"pt_PT","og_type":"article","og_title":"SATISFYER - INTENSITY PLUG MORADO - Lovme","og_description":"SATISFYER - PLUGUE DE INTENSIDADE ROXO","og_url":"https:\/\/lovme.pt\/index.php\/produto\/satisfyer-plugue-de-intensidade-roxo\/","og_site_name":"Lovme","article_modified_time":"2026-02-19T20:23:20+00:00","og_image":[{"width":800,"height":800,"url":"https:\/\/erki24nd3ub.exactdn.com\/wp-content\/uploads\/dream\/img\/img_137555_3790cd48c6b41e4d1847789102a64cb4_1.jpg?strip=all","type":"image\/jpeg"}],"twitter_card":"summary_large_image","twitter_misc":{"Tempo estimado de leitura":"1 minuto"},"schema":{"@context":"https:\/\/schema.org","@graph":[{"@type":"WebPage","@id":"https:\/\/lovme.pt\/index.php\/produto\/satisfyer-plugue-de-intensidade-roxo\/","url":"https:\/\/lovme.pt\/index.php\/produto\/satisfyer-plugue-de-intensidade-roxo\/","name":"SATISFYER - INTENSITY PLUG MORADO - Lovme","isPartOf":{"@id":"https:\/\/lovme.pt\/#website"},"primaryImageOfPage":{"@id":"https:\/\/lovme.pt\/index.php\/produto\/satisfyer-plugue-de-intensidade-roxo\/#primaryimage"},"image":{"@id":"https:\/\/lovme.pt\/index.php\/produto\/satisfyer-plugue-de-intensidade-roxo\/#primaryimage"},"thumbnailUrl":"https:\/\/erki24nd3ub.exactdn.com\/wp-content\/uploads\/dream\/img\/img_137555_3790cd48c6b41e4d1847789102a64cb4_1.jpg?strip=all","datePublished":"2025-10-01T00:03:45+00:00","dateModified":"2026-02-19T20:23:20+00:00","breadcrumb":{"@id":"https:\/\/lovme.pt\/index.php\/produto\/satisfyer-plugue-de-intensidade-roxo\/#breadcrumb"},"inLanguage":"pt-PT","potentialAction":[{"@type":"ReadAction","target":["https:\/\/lovme.pt\/index.php\/produto\/satisfyer-plugue-de-intensidade-roxo\/"]}]},{"@type":"ImageObject","inLanguage":"pt-PT","@id":"https:\/\/lovme.pt\/index.php\/produto\/satisfyer-plugue-de-intensidade-roxo\/#primaryimage","url":"https:\/\/erki24nd3ub.exactdn.com\/wp-content\/uploads\/dream\/img\/img_137555_3790cd48c6b41e4d1847789102a64cb4_1.jpg?strip=all","contentUrl":"https:\/\/erki24nd3ub.exactdn.com\/wp-content\/uploads\/dream\/img\/img_137555_3790cd48c6b41e4d1847789102a64cb4_1.jpg?strip=all","width":800,"height":800},{"@type":"BreadcrumbList","@id":"https:\/\/lovme.pt\/index.php\/produto\/satisfyer-plugue-de-intensidade-roxo\/#breadcrumb","itemListElement":[{"@type":"ListItem","position":1,"name":"In\u00edcio","item":"https:\/\/lovme.pt\/"},{"@type":"ListItem","position":2,"name":"Loja","item":"https:\/\/lovme.pt\/index.php\/loja\/"},{"@type":"ListItem","position":3,"name":"SATISFYER &#8211; INTENSITY PLUG MORADO"}]},{"@type":"WebSite","@id":"https:\/\/lovme.pt\/#website","url":"https:\/\/lovme.pt\/","name":"Lovme Loja Er\u00f3tica N\u00ba1 em Portugal","description":"A melhor loja er\u00f3tica de Portugal.","alternateName":"Loja Er\u00f3tica Lovme","potentialAction":[{"@type":"SearchAction","target":{"@type":"EntryPoint","urlTemplate":"https:\/\/lovme.pt\/?s={search_term_string}"},"query-input":{"@type":"PropertyValueSpecification","valueRequired":true,"valueName":"search_term_string"}}],"inLanguage":"pt-PT"}]}},"_links":{"self":[{"href":"https:\/\/lovme.pt\/index.php\/wp-json\/wp\/v2\/product\/42131","targetHints":{"allow":["GET"]}}],"collection":[{"href":"https:\/\/lovme.pt\/index.php\/wp-json\/wp\/v2\/product"}],"about":[{"href":"https:\/\/lovme.pt\/index.php\/wp-json\/wp\/v2\/types\/product"}],"wp:featuredmedia":[{"embeddable":true,"href":"https:\/\/lovme.pt\/index.php\/wp-json\/wp\/v2\/media\/84143"}],"wp:attachment":[{"href":"https:\/\/lovme.pt\/index.php\/wp-json\/wp\/v2\/media?parent=42131"}],"wp:term":[{"taxonomy":"product_brand","embeddable":true,"href":"https:\/\/lovme.pt\/index.php\/wp-json\/wp\/v2\/product_brand?post=42131"},{"taxonomy":"product_cat","embeddable":true,"href":"https:\/\/lovme.pt\/index.php\/wp-json\/wp\/v2\/product_cat?post=42131"},{"taxonomy":"product_tag","embeddable":true,"href":"https:\/\/lovme.pt\/index.php\/wp-json\/wp\/v2\/product_tag?post=42131"}],"curies":[{"name":"wp","href":"https:\/\/api.w.org\/{rel}","templated":true}]}}