{"id":42096,"date":"2025-09-30T22:16:13","date_gmt":"2025-09-30T22:16:13","guid":{"rendered":"https:\/\/lovme.pt\/?post_type=product&p=42096"},"modified":"2026-01-31T00:30:59","modified_gmt":"2026-01-31T00:30:59","slug":"anais-men-savage-jock-bikini-s","status":"publish","type":"product","link":"https:\/\/lovme.pt\/index.php\/produto\/anais-men-savage-jock-bikini-s\/","title":{"rendered":"ANAIS MEN &#8211; SAVAGE JOCK BIKINI S"},"content":{"rendered":"<div>\n<p><b>SELVAGEM<\/b><br \/> Microfibra vermelha macia com uma bela e expressiva estampa animal<\/p>\n<\/div>\n<p> <strong>Caracter\u00edsticas<\/strong><\/p>\n<div>\n<ul>\n<li> <span style=\"font-size:\">braguitas de biqu\u00edni com nalgas abertas<\/span><\/li>\n<li> <span style=\"font-size:\">hecho de material de alta qualidade<\/span><\/li>\n<li> <span style=\"font-size:\">gl\u00fateos masculinos que revelam juguetonamente, tentadores com seu corte audaz<\/span><\/li>\n<\/ul>\n<p> <strong>Composi\u00e7\u00e3o<\/strong><\/p>\n<\/div>\n<div>\n<ul>\n<li> 80% poliamida<\/li>\n<li> 20% elastano<\/li>\n<\/ul>\n<\/div>\n<div> Anais Apparel la lencer\u00eda mais sexy del mundo desde 2003. <\/div>\n<div>\n<div>\n<table border=\"0\" cellpadding=\"0\" cellspacing=\"0\" style=\"border-collapse:\" width=\"832\" width:=\"\">\n<tbody>\n<tr height=\"23\" style=\"height:\">\n<td class=\"xl72\" colspan=\"8\" height=\"23\" style=\"height:\" width=\"832\" width:=\"\"> <strong>GUIA DE TALLAS<\/strong><\/td>\n<\/tr>\n<tr height=\"23\" style=\"height:\">\n<td class=\"xl73\" colspan=\"2\" height=\"23\" style=\"height:\"> Talla<\/td>\n<td border-left:=\"class=xl71\" style=\"border-top:\" width=\"104\" width:=\"\"> S<\/td>\n<td border-left:=\"class=xl71\" style=\"border-top:\" width=\"104\" width:=\"\"> M<\/td>\n<td border-left:=\"class=xl71\" style=\"border-top:\" width=\"104\" width:=\"\"> eu<\/td>\n<td border-left:=\"class=xl71\" style=\"border-top:\" width=\"104\" width:=\"\"> GG<\/td>\n<td border-left:=\"class=xl71\" style=\"border-top:\" width=\"104\" width:=\"\"> 2GG<\/td>\n<td border-left:=\"class=xl71\" style=\"border-top:\" width=\"104\" width:=\"\"> 3GG <\/td>\n<\/tr>\n<tr height=\"23\" style=\"height:\">\n<td class=\"xl74\" colspan=\"2\" height=\"23\" style=\"height:\" width=\"208\" width:=\"\"> Cintura em cm<\/td>\n<td border-left:=\"class=xl72\" style=\"border-top:\" width=\"104\" width:=\"\"> 75-80<\/td>\n<td border-left:=\"class=xl72\" style=\"border-top:\" width=\"104\" width:=\"\"> 81-88<\/td>\n<td border-left:=\"class=xl71\" style=\"border-top:\" width=\"104\" width:=\"\"> 89-97<\/td>\n<td border-left:=\"class=xl71\" style=\"border-top:\" width=\"104\" width:=\"\"> 98-106<\/td>\n<td border-left:=\"class=xl71\" style=\"border-top:\" width=\"104\" width:=\"\"> 107-116<\/td>\n<td border-left:=\"class=xl71\" style=\"border-top:\" width=\"104\" width:=\"\"> 117-125<\/td>\n<\/tr>\n<\/tbody>\n<\/table>\n<\/div>\n<\/div>\n<p> <strong>ANAIS, UNA LENCER\u00cdA PARA TODOS LOS GUSTOS SEXUALES.<\/strong><\/p>\n<p> Tras el lanzamiento de ANAIS lencer\u00eda para mujeres en 2016, varios a\u00f1os despu\u00e9s, en 2021, se inventou a marca ANAIS FOR MEN para atender a um nicho de mercado diferente. Os propriet\u00e1rios da empresa familiar decidem lan\u00e7ar ANAIS, convirti\u00e9ndola em uma marca mais aberta a p\u00fablicos de diferentes idades e gostos sexuais.<\/p>\n<p> Com o in\u00edcio desta marca, ANAIS realmente despeg\u00f3, cada ano duplicando sua popularidade.<\/p>\n<p> La fuerza aqu\u00ed tamb\u00e9m es que la marca est\u00e1 criada y hecha en Europa, utilizando los mejores texteis europeos, pero hechos de manera diferente.<\/p>\n<p> Esta marca se tornou mais atraente, mais sexy, mais salva e, portanto, se converteu no solo em uma marca para um grupo de edad geralmente mais jovem, mas tamb\u00e9m em uma marca referente \u00e0s principais festas, visitando homens e mulheres de toda a Europa.<\/p>\n<p> Mas todo segue criado e fabricado na Polonia, de gran calidad comprobando a qualidade de cada produto antes de seu envio a trav\u00e9s de um departamento de qualidade.<\/p>\n<p> Como consequ\u00eancia do sucesso de ANAIS, a marca segue crescendo, criando novas cole\u00e7\u00f5es para homens, desenvolvendo uma grande variedade. Com um estilo picante e sexy, ANAIS FOR MEN tem sido recebido pela comunidade com os brazos abertos e hoje \u00e9 uma marca de refer\u00eancia na moda principalmente para homens heterossexuais que cuidam de sua imagem e homens gays de todo o mundo.<\/p>\n","protected":false},"excerpt":{"rendered":"<p>ANAIS MEN &#8211; SAVAGE JOCK BIKINI S<\/p>\n","protected":false},"featured_media":76160,"template":"","meta":{"_acf_changed":false},"product_brand":[],"product_cat":[47,67,115],"product_tag":[],"class_list":{"0":"post-42096","1":"product","2":"type-product","3":"status-publish","4":"has-post-thumbnail","6":"product_cat-lingerie","7":"product_cat-lingerie-masculina","8":"product_cat-ofertas","9":"yith_product_brand-anais-luxury-lingerie","10":"yith_product_brand-anais-luxury-lingerie-anais-men","11":"yith_product_brand-anais-luxury-lingerie-anais-men-anais-men-jock","13":"first","14":"instock","15":"taxable","16":"shipping-taxable","17":"purchasable","18":"product-type-variable","19":"has-default-attributes"},"acf":[],"yoast_head":"<!-- This site is optimized with the Yoast SEO plugin v27.4 - https:\/\/yoast.com\/product\/yoast-seo-wordpress\/ -->\n<title>ANAIS MEN - SAVAGE JOCK BIKINI S - Lovme<\/title>\n<meta name=\"robots\" content=\"index, follow, max-snippet:-1, max-image-preview:large, max-video-preview:-1\" \/>\n<link rel=\"canonical\" href=\"https:\/\/lovme.pt\/index.php\/produto\/anais-men-savage-jock-bikini-s\/\" \/>\n<meta property=\"og:locale\" content=\"pt_PT\" \/>\n<meta property=\"og:type\" content=\"article\" \/>\n<meta property=\"og:title\" content=\"ANAIS MEN - SAVAGE JOCK BIKINI S - Lovme\" \/>\n<meta property=\"og:description\" content=\"ANAIS MEN - SAVAGE JOCK BIKINI S\" \/>\n<meta property=\"og:url\" content=\"https:\/\/lovme.pt\/index.php\/produto\/anais-men-savage-jock-bikini-s\/\" \/>\n<meta property=\"og:site_name\" content=\"Lovme\" \/>\n<meta property=\"article:modified_time\" content=\"2026-01-31T00:30:59+00:00\" \/>\n<meta property=\"og:image\" content=\"https:\/\/erki24nd3ub.exactdn.com\/wp-content\/uploads\/dream\/img\/img_142185_4c6eac291ac14440b2ce10700ea039ef_1.jpg?strip=all\" \/>\n\t<meta property=\"og:image:width\" content=\"800\" \/>\n\t<meta property=\"og:image:height\" content=\"800\" \/>\n\t<meta property=\"og:image:type\" content=\"image\/jpeg\" \/>\n<meta name=\"twitter:card\" content=\"summary_large_image\" \/>\n<meta name=\"twitter:label1\" content=\"Tempo estimado de leitura\" \/>\n\t<meta name=\"twitter:data1\" content=\"2 minutos\" \/>\n<script type=\"application\/ld+json\" class=\"yoast-schema-graph\">{\"@context\":\"https:\\\/\\\/schema.org\",\"@graph\":[{\"@type\":\"WebPage\",\"@id\":\"https:\\\/\\\/lovme.pt\\\/index.php\\\/produto\\\/anais-men-savage-jock-bikini-s\\\/\",\"url\":\"https:\\\/\\\/lovme.pt\\\/index.php\\\/produto\\\/anais-men-savage-jock-bikini-s\\\/\",\"name\":\"ANAIS MEN - SAVAGE JOCK BIKINI S - Lovme\",\"isPartOf\":{\"@id\":\"https:\\\/\\\/lovme.pt\\\/#website\"},\"primaryImageOfPage\":{\"@id\":\"https:\\\/\\\/lovme.pt\\\/index.php\\\/produto\\\/anais-men-savage-jock-bikini-s\\\/#primaryimage\"},\"image\":{\"@id\":\"https:\\\/\\\/lovme.pt\\\/index.php\\\/produto\\\/anais-men-savage-jock-bikini-s\\\/#primaryimage\"},\"thumbnailUrl\":\"https:\\\/\\\/erki24nd3ub.exactdn.com\\\/wp-content\\\/uploads\\\/dream\\\/img\\\/img_142185_4c6eac291ac14440b2ce10700ea039ef_1.jpg?strip=all\",\"datePublished\":\"2025-09-30T22:16:13+00:00\",\"dateModified\":\"2026-01-31T00:30:59+00:00\",\"breadcrumb\":{\"@id\":\"https:\\\/\\\/lovme.pt\\\/index.php\\\/produto\\\/anais-men-savage-jock-bikini-s\\\/#breadcrumb\"},\"inLanguage\":\"pt-PT\",\"potentialAction\":[{\"@type\":\"ReadAction\",\"target\":[\"https:\\\/\\\/lovme.pt\\\/index.php\\\/produto\\\/anais-men-savage-jock-bikini-s\\\/\"]}]},{\"@type\":\"ImageObject\",\"inLanguage\":\"pt-PT\",\"@id\":\"https:\\\/\\\/lovme.pt\\\/index.php\\\/produto\\\/anais-men-savage-jock-bikini-s\\\/#primaryimage\",\"url\":\"https:\\\/\\\/erki24nd3ub.exactdn.com\\\/wp-content\\\/uploads\\\/dream\\\/img\\\/img_142185_4c6eac291ac14440b2ce10700ea039ef_1.jpg?strip=all\",\"contentUrl\":\"https:\\\/\\\/erki24nd3ub.exactdn.com\\\/wp-content\\\/uploads\\\/dream\\\/img\\\/img_142185_4c6eac291ac14440b2ce10700ea039ef_1.jpg?strip=all\",\"width\":800,\"height\":800},{\"@type\":\"BreadcrumbList\",\"@id\":\"https:\\\/\\\/lovme.pt\\\/index.php\\\/produto\\\/anais-men-savage-jock-bikini-s\\\/#breadcrumb\",\"itemListElement\":[{\"@type\":\"ListItem\",\"position\":1,\"name\":\"In\u00edcio\",\"item\":\"https:\\\/\\\/lovme.pt\\\/\"},{\"@type\":\"ListItem\",\"position\":2,\"name\":\"Loja\",\"item\":\"https:\\\/\\\/lovme.pt\\\/index.php\\\/loja\\\/\"},{\"@type\":\"ListItem\",\"position\":3,\"name\":\"ANAIS MEN &#8211; SAVAGE JOCK BIKINI S\"}]},{\"@type\":\"WebSite\",\"@id\":\"https:\\\/\\\/lovme.pt\\\/#website\",\"url\":\"https:\\\/\\\/lovme.pt\\\/\",\"name\":\"Lovme Loja Er\u00f3tica N\u00ba1 em Portugal\",\"description\":\"A melhor loja er\u00f3tica de Portugal.\",\"alternateName\":\"Loja Er\u00f3tica Lovme\",\"potentialAction\":[{\"@type\":\"SearchAction\",\"target\":{\"@type\":\"EntryPoint\",\"urlTemplate\":\"https:\\\/\\\/lovme.pt\\\/?s={search_term_string}\"},\"query-input\":{\"@type\":\"PropertyValueSpecification\",\"valueRequired\":true,\"valueName\":\"search_term_string\"}}],\"inLanguage\":\"pt-PT\"}]}<\/script>\n<!-- \/ Yoast SEO plugin. -->","yoast_head_json":{"title":"ANAIS MEN - SAVAGE JOCK BIKINI S - Lovme","robots":{"index":"index","follow":"follow","max-snippet":"max-snippet:-1","max-image-preview":"max-image-preview:large","max-video-preview":"max-video-preview:-1"},"canonical":"https:\/\/lovme.pt\/index.php\/produto\/anais-men-savage-jock-bikini-s\/","og_locale":"pt_PT","og_type":"article","og_title":"ANAIS MEN - SAVAGE JOCK BIKINI S - Lovme","og_description":"ANAIS MEN - SAVAGE JOCK BIKINI S","og_url":"https:\/\/lovme.pt\/index.php\/produto\/anais-men-savage-jock-bikini-s\/","og_site_name":"Lovme","article_modified_time":"2026-01-31T00:30:59+00:00","og_image":[{"width":800,"height":800,"url":"https:\/\/erki24nd3ub.exactdn.com\/wp-content\/uploads\/dream\/img\/img_142185_4c6eac291ac14440b2ce10700ea039ef_1.jpg?strip=all","type":"image\/jpeg"}],"twitter_card":"summary_large_image","twitter_misc":{"Tempo estimado de leitura":"2 minutos"},"schema":{"@context":"https:\/\/schema.org","@graph":[{"@type":"WebPage","@id":"https:\/\/lovme.pt\/index.php\/produto\/anais-men-savage-jock-bikini-s\/","url":"https:\/\/lovme.pt\/index.php\/produto\/anais-men-savage-jock-bikini-s\/","name":"ANAIS MEN - SAVAGE JOCK BIKINI S - Lovme","isPartOf":{"@id":"https:\/\/lovme.pt\/#website"},"primaryImageOfPage":{"@id":"https:\/\/lovme.pt\/index.php\/produto\/anais-men-savage-jock-bikini-s\/#primaryimage"},"image":{"@id":"https:\/\/lovme.pt\/index.php\/produto\/anais-men-savage-jock-bikini-s\/#primaryimage"},"thumbnailUrl":"https:\/\/erki24nd3ub.exactdn.com\/wp-content\/uploads\/dream\/img\/img_142185_4c6eac291ac14440b2ce10700ea039ef_1.jpg?strip=all","datePublished":"2025-09-30T22:16:13+00:00","dateModified":"2026-01-31T00:30:59+00:00","breadcrumb":{"@id":"https:\/\/lovme.pt\/index.php\/produto\/anais-men-savage-jock-bikini-s\/#breadcrumb"},"inLanguage":"pt-PT","potentialAction":[{"@type":"ReadAction","target":["https:\/\/lovme.pt\/index.php\/produto\/anais-men-savage-jock-bikini-s\/"]}]},{"@type":"ImageObject","inLanguage":"pt-PT","@id":"https:\/\/lovme.pt\/index.php\/produto\/anais-men-savage-jock-bikini-s\/#primaryimage","url":"https:\/\/erki24nd3ub.exactdn.com\/wp-content\/uploads\/dream\/img\/img_142185_4c6eac291ac14440b2ce10700ea039ef_1.jpg?strip=all","contentUrl":"https:\/\/erki24nd3ub.exactdn.com\/wp-content\/uploads\/dream\/img\/img_142185_4c6eac291ac14440b2ce10700ea039ef_1.jpg?strip=all","width":800,"height":800},{"@type":"BreadcrumbList","@id":"https:\/\/lovme.pt\/index.php\/produto\/anais-men-savage-jock-bikini-s\/#breadcrumb","itemListElement":[{"@type":"ListItem","position":1,"name":"In\u00edcio","item":"https:\/\/lovme.pt\/"},{"@type":"ListItem","position":2,"name":"Loja","item":"https:\/\/lovme.pt\/index.php\/loja\/"},{"@type":"ListItem","position":3,"name":"ANAIS MEN &#8211; SAVAGE JOCK BIKINI S"}]},{"@type":"WebSite","@id":"https:\/\/lovme.pt\/#website","url":"https:\/\/lovme.pt\/","name":"Lovme Loja Er\u00f3tica N\u00ba1 em Portugal","description":"A melhor loja er\u00f3tica de Portugal.","alternateName":"Loja Er\u00f3tica Lovme","potentialAction":[{"@type":"SearchAction","target":{"@type":"EntryPoint","urlTemplate":"https:\/\/lovme.pt\/?s={search_term_string}"},"query-input":{"@type":"PropertyValueSpecification","valueRequired":true,"valueName":"search_term_string"}}],"inLanguage":"pt-PT"}]}},"_links":{"self":[{"href":"https:\/\/lovme.pt\/index.php\/wp-json\/wp\/v2\/product\/42096","targetHints":{"allow":["GET"]}}],"collection":[{"href":"https:\/\/lovme.pt\/index.php\/wp-json\/wp\/v2\/product"}],"about":[{"href":"https:\/\/lovme.pt\/index.php\/wp-json\/wp\/v2\/types\/product"}],"wp:featuredmedia":[{"embeddable":true,"href":"https:\/\/lovme.pt\/index.php\/wp-json\/wp\/v2\/media\/76160"}],"wp:attachment":[{"href":"https:\/\/lovme.pt\/index.php\/wp-json\/wp\/v2\/media?parent=42096"}],"wp:term":[{"taxonomy":"product_brand","embeddable":true,"href":"https:\/\/lovme.pt\/index.php\/wp-json\/wp\/v2\/product_brand?post=42096"},{"taxonomy":"product_cat","embeddable":true,"href":"https:\/\/lovme.pt\/index.php\/wp-json\/wp\/v2\/product_cat?post=42096"},{"taxonomy":"product_tag","embeddable":true,"href":"https:\/\/lovme.pt\/index.php\/wp-json\/wp\/v2\/product_tag?post=42096"}],"curies":[{"name":"wp","href":"https:\/\/api.w.org\/{rel}","templated":true}]}}