{"id":42079,"date":"2025-09-30T22:12:05","date_gmt":"2025-09-30T22:12:05","guid":{"rendered":"https:\/\/lovme.pt\/?post_type=product&p=42079"},"modified":"2026-02-19T20:23:19","modified_gmt":"2026-02-19T20:23:19","slug":"anais-men-power-slip-s","status":"publish","type":"product","link":"https:\/\/lovme.pt\/index.php\/produto\/anais-men-power-slip-s\/","title":{"rendered":"ANAIS MEN &#8211; POWER SLIP S"},"content":{"rendered":"<div>\n<p><b>PODER<\/b><br \/> Modal suave de cor transparente com estampado de rosas e caveiras<\/p>\n<\/div>\n<p> <strong>Caracter\u00edsticas<\/strong><\/p>\n<ul>\n<li> cuecas masculinas sexy<\/li>\n<li> feito de material de alta qualidade<\/li>\n<li> corte perfeito garante conforto de uso<\/li>\n<li> largo, confort\u00e1vel e el\u00e1stico na cintura<\/li>\n<\/ul>\n<div> <strong>Composi\u00e7\u00e3o<\/strong><\/div>\n<div>\n<ul>\n<li> <span style=\"font-size:\">80% poliamida<\/span><\/li>\n<li> <span style=\"font-size:\">20% elastano<\/span><\/li>\n<\/ul>\n<p> Anais Apparel a lingerie mais sexy do mundo desde 2003. <\/p>\n<\/div>\n<div>\n<table border=\"0\" cellpadding=\"0\" cellspacing=\"0\" style=\"border-collapse:\" width=\"832\" width:=\"\">\n<tbody>\n<tr height=\"23\" style=\"height:\">\n<td class=\"xl72\" colspan=\"8\" height=\"23\" style=\"height:\" width=\"832\" width:=\"\"> <strong>TABELA DE TAMANHOS<\/strong><\/td>\n<\/tr>\n<tr height=\"23\" style=\"height:\">\n<td class=\"xl73\" colspan=\"2\" height=\"23\" style=\"height:\"> Tamanho<\/td>\n<td border-left:=\"\" class=\"xl71\" style=\"border-top:\" width=\"104\" width:=\"\"> S<\/td>\n<td border-left:=\"\" class=\"xl71\" style=\"border-top:\" width=\"104\" width:=\"\"> M<\/td>\n<td border-left:=\"\" class=\"xl71\" style=\"border-top:\" width=\"104\" width:=\"\"> eu<\/td>\n<td border-left:=\"\" class=\"xl71\" style=\"border-top:\" width=\"104\" width:=\"\"> GG<\/td>\n<td border-left:=\"\" class=\"xl71\" style=\"border-top:\" width=\"104\" width:=\"\"> 2GG<\/td>\n<td border-left:=\"\" class=\"xl71\" style=\"border-top:\" width=\"104\" width:=\"\"> 3GG <\/td>\n<\/tr>\n<tr height=\"23\" style=\"height:\">\n<td class=\"xl74\" colspan=\"2\" height=\"23\" style=\"height:\" width=\"208\" width:=\"\"> cintura em cm<\/td>\n<td border-left:=\"\" class=\"xl72\" style=\"border-top:\" width=\"104\" width:=\"\"> 75-80<\/td>\n<td border-left:=\"\" class=\"xl72\" style=\"border-top:\" width=\"104\" width:=\"\"> 81-88<\/td>\n<td border-left:=\"\" class=\"xl71\" style=\"border-top:\" width=\"104\" width:=\"\"> 89-97<\/td>\n<td border-left:=\"\" class=\"xl71\" style=\"border-top:\" width=\"104\" width:=\"\"> 98-106<\/td>\n<td border-left:=\"\" class=\"xl71\" style=\"border-top:\" width=\"104\" width:=\"\"> 107-116<\/td>\n<td border-left:=\"\" class=\"xl71\" style=\"border-top:\" width=\"104\" width:=\"\"> 117-125<\/td>\n<\/tr>\n<\/tbody>\n<\/table>\n<\/div>\n<p> <strong>ANAIS, UMA LINGERIE PARA TODOS OS GOSTOS SEXUAIS.<\/strong><\/p>\n<p> Ap\u00f3s o lan\u00e7amento da lingerie ANAIS para mulheres em 2016, v\u00e1rios anos depois, em 2021, a marca ANAIS FOR MEN foi inventada para atender a um nicho de mercado diferente. Os donos da empresa familiar decidiram lan\u00e7ar ANAIS, tornando-a uma marca mais aberta a p\u00fablicos de diferentes idades e gostos sexuais.<\/p>\n<p> Com o in\u00edcio desta marca, ANAIS realmente decolou, dobrando de popularidade a cada ano.<\/p>\n<p> A for\u00e7a aqui tamb\u00e9m \u00e9 que a marca \u00e9 criada e fabricada na Europa, usando os melhores tecidos europeus, mas feitos de forma diferente.<\/p>\n<p> Esta marca tornou-se mais ousada, mais sexy, mais selvagem e, assim, tornou-se n\u00e3o apenas uma marca para uma faixa et\u00e1ria geralmente mais jovem, mas tamb\u00e9m uma marca para grandes festas, vestindo homens e mulheres! mulheres de toda a Europa.<\/p>\n<p> Mas tudo ainda \u00e9 criado e fabricado na Pol\u00f4nia, de \u00f3tima qualidade verificando a qualidade de cada produto antes do embarque atrav\u00e9s de um departamento de qualidade.<\/p>\n<p> Como consequ\u00eancia do sucesso da ANAIS, a marca continua a crescer, criando novas cole\u00e7\u00f5es para homem, desenvolvendo uma grande variedade. Com um estilo picante e sexy, ANAIS FOR MEN tem sido recebida pela comunidade de bra\u00e7os abertos e hoje \u00e9 uma marca refer\u00eancia em moda principalmente para homens heterossexuais que cuidam de sua imagem e gays de todo o mundo.<\/p>\n","protected":false},"excerpt":{"rendered":"<p>ANAIS MEN &#8211; POWER SLIP S<\/p>\n","protected":false},"featured_media":75031,"template":"","meta":{"_acf_changed":false},"product_brand":[],"product_cat":[47,67,115],"product_tag":[],"class_list":{"0":"post-42079","1":"product","2":"type-product","3":"status-publish","4":"has-post-thumbnail","6":"product_cat-lingerie","7":"product_cat-lingerie-masculina","8":"product_cat-ofertas","9":"yith_product_brand-anais-luxury-lingerie","10":"yith_product_brand-anais-luxury-lingerie-anais-men","11":"yith_product_brand-anais-luxury-lingerie-anais-men-anais-men-slip-thong","13":"first","14":"instock","15":"taxable","16":"shipping-taxable","17":"purchasable","18":"product-type-variable","19":"has-default-attributes"},"acf":[],"yoast_head":"<!-- This site is optimized with the Yoast SEO plugin v27.4 - https:\/\/yoast.com\/product\/yoast-seo-wordpress\/ -->\n<title>ANAIS MEN - POWER SLIP S - Lovme<\/title>\n<meta name=\"robots\" content=\"index, follow, max-snippet:-1, max-image-preview:large, max-video-preview:-1\" \/>\n<link rel=\"canonical\" href=\"https:\/\/lovme.pt\/index.php\/produto\/anais-men-power-slip-s\/\" \/>\n<meta property=\"og:locale\" content=\"pt_PT\" \/>\n<meta property=\"og:type\" content=\"article\" \/>\n<meta property=\"og:title\" content=\"ANAIS MEN - POWER SLIP S - Lovme\" \/>\n<meta property=\"og:description\" content=\"ANAIS MEN - POWER SLIP S\" \/>\n<meta property=\"og:url\" content=\"https:\/\/lovme.pt\/index.php\/produto\/anais-men-power-slip-s\/\" \/>\n<meta property=\"og:site_name\" content=\"Lovme\" \/>\n<meta property=\"article:modified_time\" content=\"2026-02-19T20:23:19+00:00\" \/>\n<meta property=\"og:image\" content=\"https:\/\/erki24nd3ub.exactdn.com\/wp-content\/uploads\/dream\/img\/img_141884_f1de755d9dda9c2ba1ac2e2dab863522_1.jpg?strip=all\" \/>\n\t<meta property=\"og:image:width\" content=\"800\" \/>\n\t<meta property=\"og:image:height\" content=\"800\" \/>\n\t<meta property=\"og:image:type\" content=\"image\/jpeg\" \/>\n<meta name=\"twitter:card\" content=\"summary_large_image\" \/>\n<meta name=\"twitter:label1\" content=\"Tempo estimado de leitura\" \/>\n\t<meta name=\"twitter:data1\" content=\"2 minutos\" \/>\n<script type=\"application\/ld+json\" class=\"yoast-schema-graph\">{\"@context\":\"https:\\\/\\\/schema.org\",\"@graph\":[{\"@type\":\"WebPage\",\"@id\":\"https:\\\/\\\/lovme.pt\\\/index.php\\\/produto\\\/anais-men-power-slip-s\\\/\",\"url\":\"https:\\\/\\\/lovme.pt\\\/index.php\\\/produto\\\/anais-men-power-slip-s\\\/\",\"name\":\"ANAIS MEN - POWER SLIP S - Lovme\",\"isPartOf\":{\"@id\":\"https:\\\/\\\/lovme.pt\\\/#website\"},\"primaryImageOfPage\":{\"@id\":\"https:\\\/\\\/lovme.pt\\\/index.php\\\/produto\\\/anais-men-power-slip-s\\\/#primaryimage\"},\"image\":{\"@id\":\"https:\\\/\\\/lovme.pt\\\/index.php\\\/produto\\\/anais-men-power-slip-s\\\/#primaryimage\"},\"thumbnailUrl\":\"https:\\\/\\\/erki24nd3ub.exactdn.com\\\/wp-content\\\/uploads\\\/dream\\\/img\\\/img_141884_f1de755d9dda9c2ba1ac2e2dab863522_1.jpg?strip=all\",\"datePublished\":\"2025-09-30T22:12:05+00:00\",\"dateModified\":\"2026-02-19T20:23:19+00:00\",\"breadcrumb\":{\"@id\":\"https:\\\/\\\/lovme.pt\\\/index.php\\\/produto\\\/anais-men-power-slip-s\\\/#breadcrumb\"},\"inLanguage\":\"pt-PT\",\"potentialAction\":[{\"@type\":\"ReadAction\",\"target\":[\"https:\\\/\\\/lovme.pt\\\/index.php\\\/produto\\\/anais-men-power-slip-s\\\/\"]}]},{\"@type\":\"ImageObject\",\"inLanguage\":\"pt-PT\",\"@id\":\"https:\\\/\\\/lovme.pt\\\/index.php\\\/produto\\\/anais-men-power-slip-s\\\/#primaryimage\",\"url\":\"https:\\\/\\\/erki24nd3ub.exactdn.com\\\/wp-content\\\/uploads\\\/dream\\\/img\\\/img_141884_f1de755d9dda9c2ba1ac2e2dab863522_1.jpg?strip=all\",\"contentUrl\":\"https:\\\/\\\/erki24nd3ub.exactdn.com\\\/wp-content\\\/uploads\\\/dream\\\/img\\\/img_141884_f1de755d9dda9c2ba1ac2e2dab863522_1.jpg?strip=all\",\"width\":800,\"height\":800},{\"@type\":\"BreadcrumbList\",\"@id\":\"https:\\\/\\\/lovme.pt\\\/index.php\\\/produto\\\/anais-men-power-slip-s\\\/#breadcrumb\",\"itemListElement\":[{\"@type\":\"ListItem\",\"position\":1,\"name\":\"In\u00edcio\",\"item\":\"https:\\\/\\\/lovme.pt\\\/\"},{\"@type\":\"ListItem\",\"position\":2,\"name\":\"Loja\",\"item\":\"https:\\\/\\\/lovme.pt\\\/index.php\\\/loja\\\/\"},{\"@type\":\"ListItem\",\"position\":3,\"name\":\"ANAIS MEN &#8211; POWER SLIP S\"}]},{\"@type\":\"WebSite\",\"@id\":\"https:\\\/\\\/lovme.pt\\\/#website\",\"url\":\"https:\\\/\\\/lovme.pt\\\/\",\"name\":\"Lovme Loja Er\u00f3tica N\u00ba1 em Portugal\",\"description\":\"A melhor loja er\u00f3tica de Portugal.\",\"alternateName\":\"Loja Er\u00f3tica Lovme\",\"potentialAction\":[{\"@type\":\"SearchAction\",\"target\":{\"@type\":\"EntryPoint\",\"urlTemplate\":\"https:\\\/\\\/lovme.pt\\\/?s={search_term_string}\"},\"query-input\":{\"@type\":\"PropertyValueSpecification\",\"valueRequired\":true,\"valueName\":\"search_term_string\"}}],\"inLanguage\":\"pt-PT\"}]}<\/script>\n<!-- \/ Yoast SEO plugin. -->","yoast_head_json":{"title":"ANAIS MEN - POWER SLIP S - Lovme","robots":{"index":"index","follow":"follow","max-snippet":"max-snippet:-1","max-image-preview":"max-image-preview:large","max-video-preview":"max-video-preview:-1"},"canonical":"https:\/\/lovme.pt\/index.php\/produto\/anais-men-power-slip-s\/","og_locale":"pt_PT","og_type":"article","og_title":"ANAIS MEN - POWER SLIP S - Lovme","og_description":"ANAIS MEN - POWER SLIP S","og_url":"https:\/\/lovme.pt\/index.php\/produto\/anais-men-power-slip-s\/","og_site_name":"Lovme","article_modified_time":"2026-02-19T20:23:19+00:00","og_image":[{"width":800,"height":800,"url":"https:\/\/erki24nd3ub.exactdn.com\/wp-content\/uploads\/dream\/img\/img_141884_f1de755d9dda9c2ba1ac2e2dab863522_1.jpg?strip=all","type":"image\/jpeg"}],"twitter_card":"summary_large_image","twitter_misc":{"Tempo estimado de leitura":"2 minutos"},"schema":{"@context":"https:\/\/schema.org","@graph":[{"@type":"WebPage","@id":"https:\/\/lovme.pt\/index.php\/produto\/anais-men-power-slip-s\/","url":"https:\/\/lovme.pt\/index.php\/produto\/anais-men-power-slip-s\/","name":"ANAIS MEN - POWER SLIP S - Lovme","isPartOf":{"@id":"https:\/\/lovme.pt\/#website"},"primaryImageOfPage":{"@id":"https:\/\/lovme.pt\/index.php\/produto\/anais-men-power-slip-s\/#primaryimage"},"image":{"@id":"https:\/\/lovme.pt\/index.php\/produto\/anais-men-power-slip-s\/#primaryimage"},"thumbnailUrl":"https:\/\/erki24nd3ub.exactdn.com\/wp-content\/uploads\/dream\/img\/img_141884_f1de755d9dda9c2ba1ac2e2dab863522_1.jpg?strip=all","datePublished":"2025-09-30T22:12:05+00:00","dateModified":"2026-02-19T20:23:19+00:00","breadcrumb":{"@id":"https:\/\/lovme.pt\/index.php\/produto\/anais-men-power-slip-s\/#breadcrumb"},"inLanguage":"pt-PT","potentialAction":[{"@type":"ReadAction","target":["https:\/\/lovme.pt\/index.php\/produto\/anais-men-power-slip-s\/"]}]},{"@type":"ImageObject","inLanguage":"pt-PT","@id":"https:\/\/lovme.pt\/index.php\/produto\/anais-men-power-slip-s\/#primaryimage","url":"https:\/\/erki24nd3ub.exactdn.com\/wp-content\/uploads\/dream\/img\/img_141884_f1de755d9dda9c2ba1ac2e2dab863522_1.jpg?strip=all","contentUrl":"https:\/\/erki24nd3ub.exactdn.com\/wp-content\/uploads\/dream\/img\/img_141884_f1de755d9dda9c2ba1ac2e2dab863522_1.jpg?strip=all","width":800,"height":800},{"@type":"BreadcrumbList","@id":"https:\/\/lovme.pt\/index.php\/produto\/anais-men-power-slip-s\/#breadcrumb","itemListElement":[{"@type":"ListItem","position":1,"name":"In\u00edcio","item":"https:\/\/lovme.pt\/"},{"@type":"ListItem","position":2,"name":"Loja","item":"https:\/\/lovme.pt\/index.php\/loja\/"},{"@type":"ListItem","position":3,"name":"ANAIS MEN &#8211; POWER SLIP S"}]},{"@type":"WebSite","@id":"https:\/\/lovme.pt\/#website","url":"https:\/\/lovme.pt\/","name":"Lovme Loja Er\u00f3tica N\u00ba1 em Portugal","description":"A melhor loja er\u00f3tica de Portugal.","alternateName":"Loja Er\u00f3tica Lovme","potentialAction":[{"@type":"SearchAction","target":{"@type":"EntryPoint","urlTemplate":"https:\/\/lovme.pt\/?s={search_term_string}"},"query-input":{"@type":"PropertyValueSpecification","valueRequired":true,"valueName":"search_term_string"}}],"inLanguage":"pt-PT"}]}},"_links":{"self":[{"href":"https:\/\/lovme.pt\/index.php\/wp-json\/wp\/v2\/product\/42079","targetHints":{"allow":["GET"]}}],"collection":[{"href":"https:\/\/lovme.pt\/index.php\/wp-json\/wp\/v2\/product"}],"about":[{"href":"https:\/\/lovme.pt\/index.php\/wp-json\/wp\/v2\/types\/product"}],"wp:featuredmedia":[{"embeddable":true,"href":"https:\/\/lovme.pt\/index.php\/wp-json\/wp\/v2\/media\/75031"}],"wp:attachment":[{"href":"https:\/\/lovme.pt\/index.php\/wp-json\/wp\/v2\/media?parent=42079"}],"wp:term":[{"taxonomy":"product_brand","embeddable":true,"href":"https:\/\/lovme.pt\/index.php\/wp-json\/wp\/v2\/product_brand?post=42079"},{"taxonomy":"product_cat","embeddable":true,"href":"https:\/\/lovme.pt\/index.php\/wp-json\/wp\/v2\/product_cat?post=42079"},{"taxonomy":"product_tag","embeddable":true,"href":"https:\/\/lovme.pt\/index.php\/wp-json\/wp\/v2\/product_tag?post=42079"}],"curies":[{"name":"wp","href":"https:\/\/api.w.org\/{rel}","templated":true}]}}