{"id":41902,"date":"2025-10-01T03:18:07","date_gmt":"2025-10-01T03:18:07","guid":{"rendered":"https:\/\/lovme.pt\/?post_type=product&p=41902"},"modified":"2026-02-19T20:22:51","modified_gmt":"2026-02-19T20:22:51","slug":"fleshlight-boost-blow-lm-flesh-rp","status":"publish","type":"product","link":"https:\/\/lovme.pt\/index.php\/produto\/fleshlight-boost-blow-lm-flesh-rp\/","title":{"rendered":"FLESHLIGHT BOOST &#8211; BLOW LM FLESH RP"},"content":{"rendered":"<p>Prepare-se para que o BLOW lhe d\u00ea o boquete da sua vida. Experimente a sensa\u00e7\u00e3o emocionante do sexo oral no momento que voc\u00ea preferir com nosso novo brinquedo sexual bucal realista. \u00c0 medida que voc\u00ea desliza seu membro sobre a l\u00edngua e pela boca, os an\u00e9is flutuantes &#8220;Turbo Tech&#8221; do Boost lhe dar\u00e3o uma sensa\u00e7\u00e3o realista de fela\u00e7\u00e3o cada vez que voc\u00ea o penetrar. Prepare-se para uma experi\u00eancia imersiva e intensa de garganta profunda, na qual v\u00e1rios grupos de sali\u00eancias, almofadas grandes e protuber\u00e2ncias alongadas massagear\u00e3o sua ere\u00e7\u00e3o at\u00e9 a perfei\u00e7\u00e3o.<\/p>\n<p> Fleshlight Boost leva tudo o que voc\u00ea adora nos produtos Fleshlight e leva para o pr\u00f3ximo n\u00edvel. A linha de brinquedos Boost apresenta mais novidades do que qualquer outro produto desde a vers\u00e3o original.<\/p>\n<p> Al\u00e9m das novas cores e tons de pele, os furos est\u00e3o mais detalhados e realistas do que nunca. Cada brinquedo tamb\u00e9m apresenta nosso inovador limite de controle de suc\u00e7\u00e3o, permitindo aos usu\u00e1rios escolher o n\u00edvel de tens\u00e3o desejado.<\/p>\n<p> Prepare-se! Estamos prestes a lev\u00e1-lo a um n\u00edvel totalmente novo de satisfa\u00e7\u00e3o sexual!<\/p>\n<p> <strong>Isto \u00e9 o que voc\u00ea receber\u00e1 com seu Boost Blow:<\/strong><\/p>\n<ul>\n<li> Estojo Boost Azul Met\u00e1lico<\/li>\n<li> Orif\u00edcio de sopro<\/li>\n<li> Textura de golpe<\/li>\n<li> Plugue de controle de suc\u00e7\u00e3o<\/li>\n<li> Instru\u00e7\u00f5es de uso e manuten\u00e7\u00e3o<\/li>\n<\/ul>\n","protected":false},"excerpt":{"rendered":"<p>FLESHLIGHT BOOST &#8211; BLOW LM FLESH RP<\/p>\n","protected":false},"featured_media":102620,"template":"","meta":{"_acf_changed":false},"product_brand":[],"product_cat":[17,58,60],"product_tag":[],"class_list":{"0":"post-41902","1":"product","2":"type-product","3":"status-publish","4":"has-post-thumbnail","6":"product_cat-brinquedos-de-bem-estar-sexual","7":"product_cat-masturbadores-para-penis","8":"product_cat-para-eles","9":"yith_product_brand-fleshlight","10":"yith_product_brand-fleshlightfleshlight-boost","12":"first","13":"instock","14":"taxable","15":"shipping-taxable","16":"purchasable","17":"product-type-simple"},"acf":[],"yoast_head":"<!-- This site is optimized with the Yoast SEO plugin v27.4 - https:\/\/yoast.com\/product\/yoast-seo-wordpress\/ -->\n<title>FLESHLIGHT BOOST - BLOW LM FLESH RP - Lovme<\/title>\n<meta name=\"robots\" content=\"index, follow, max-snippet:-1, max-image-preview:large, max-video-preview:-1\" \/>\n<link rel=\"canonical\" href=\"https:\/\/lovme.pt\/index.php\/produto\/fleshlight-boost-blow-lm-flesh-rp\/\" \/>\n<meta property=\"og:locale\" content=\"pt_PT\" \/>\n<meta property=\"og:type\" content=\"article\" \/>\n<meta property=\"og:title\" content=\"FLESHLIGHT BOOST - BLOW LM FLESH RP - Lovme\" \/>\n<meta property=\"og:description\" content=\"FLESHLIGHT BOOST - BLOW LM FLESH RP\" \/>\n<meta property=\"og:url\" content=\"https:\/\/lovme.pt\/index.php\/produto\/fleshlight-boost-blow-lm-flesh-rp\/\" \/>\n<meta property=\"og:site_name\" content=\"Lovme\" \/>\n<meta property=\"article:modified_time\" content=\"2026-02-19T20:22:51+00:00\" \/>\n<meta property=\"og:image\" content=\"https:\/\/erki24nd3ub.exactdn.com\/wp-content\/uploads\/dream\/img\/img_137159_8618766c45d4f3a6561b3d5c4ec71d3b_1.jpg?strip=all\" \/>\n\t<meta property=\"og:image:width\" content=\"672\" \/>\n\t<meta property=\"og:image:height\" content=\"671\" \/>\n\t<meta property=\"og:image:type\" content=\"image\/jpeg\" \/>\n<meta name=\"twitter:card\" content=\"summary_large_image\" \/>\n<meta name=\"twitter:label1\" content=\"Tempo estimado de leitura\" \/>\n\t<meta name=\"twitter:data1\" content=\"1 minuto\" \/>\n<script type=\"application\/ld+json\" class=\"yoast-schema-graph\">{\"@context\":\"https:\\\/\\\/schema.org\",\"@graph\":[{\"@type\":\"WebPage\",\"@id\":\"https:\\\/\\\/lovme.pt\\\/index.php\\\/produto\\\/fleshlight-boost-blow-lm-flesh-rp\\\/\",\"url\":\"https:\\\/\\\/lovme.pt\\\/index.php\\\/produto\\\/fleshlight-boost-blow-lm-flesh-rp\\\/\",\"name\":\"FLESHLIGHT BOOST - BLOW LM FLESH RP - Lovme\",\"isPartOf\":{\"@id\":\"https:\\\/\\\/lovme.pt\\\/#website\"},\"primaryImageOfPage\":{\"@id\":\"https:\\\/\\\/lovme.pt\\\/index.php\\\/produto\\\/fleshlight-boost-blow-lm-flesh-rp\\\/#primaryimage\"},\"image\":{\"@id\":\"https:\\\/\\\/lovme.pt\\\/index.php\\\/produto\\\/fleshlight-boost-blow-lm-flesh-rp\\\/#primaryimage\"},\"thumbnailUrl\":\"https:\\\/\\\/erki24nd3ub.exactdn.com\\\/wp-content\\\/uploads\\\/dream\\\/img\\\/img_137159_8618766c45d4f3a6561b3d5c4ec71d3b_1.jpg?strip=all\",\"datePublished\":\"2025-10-01T03:18:07+00:00\",\"dateModified\":\"2026-02-19T20:22:51+00:00\",\"breadcrumb\":{\"@id\":\"https:\\\/\\\/lovme.pt\\\/index.php\\\/produto\\\/fleshlight-boost-blow-lm-flesh-rp\\\/#breadcrumb\"},\"inLanguage\":\"pt-PT\",\"potentialAction\":[{\"@type\":\"ReadAction\",\"target\":[\"https:\\\/\\\/lovme.pt\\\/index.php\\\/produto\\\/fleshlight-boost-blow-lm-flesh-rp\\\/\"]}]},{\"@type\":\"ImageObject\",\"inLanguage\":\"pt-PT\",\"@id\":\"https:\\\/\\\/lovme.pt\\\/index.php\\\/produto\\\/fleshlight-boost-blow-lm-flesh-rp\\\/#primaryimage\",\"url\":\"https:\\\/\\\/erki24nd3ub.exactdn.com\\\/wp-content\\\/uploads\\\/dream\\\/img\\\/img_137159_8618766c45d4f3a6561b3d5c4ec71d3b_1.jpg?strip=all\",\"contentUrl\":\"https:\\\/\\\/erki24nd3ub.exactdn.com\\\/wp-content\\\/uploads\\\/dream\\\/img\\\/img_137159_8618766c45d4f3a6561b3d5c4ec71d3b_1.jpg?strip=all\",\"width\":672,\"height\":671},{\"@type\":\"BreadcrumbList\",\"@id\":\"https:\\\/\\\/lovme.pt\\\/index.php\\\/produto\\\/fleshlight-boost-blow-lm-flesh-rp\\\/#breadcrumb\",\"itemListElement\":[{\"@type\":\"ListItem\",\"position\":1,\"name\":\"In\u00edcio\",\"item\":\"https:\\\/\\\/lovme.pt\\\/\"},{\"@type\":\"ListItem\",\"position\":2,\"name\":\"Loja\",\"item\":\"https:\\\/\\\/lovme.pt\\\/index.php\\\/loja\\\/\"},{\"@type\":\"ListItem\",\"position\":3,\"name\":\"FLESHLIGHT BOOST &#8211; BLOW LM FLESH RP\"}]},{\"@type\":\"WebSite\",\"@id\":\"https:\\\/\\\/lovme.pt\\\/#website\",\"url\":\"https:\\\/\\\/lovme.pt\\\/\",\"name\":\"Lovme Loja Er\u00f3tica N\u00ba1 em Portugal\",\"description\":\"A melhor loja er\u00f3tica de Portugal.\",\"alternateName\":\"Loja Er\u00f3tica Lovme\",\"potentialAction\":[{\"@type\":\"SearchAction\",\"target\":{\"@type\":\"EntryPoint\",\"urlTemplate\":\"https:\\\/\\\/lovme.pt\\\/?s={search_term_string}\"},\"query-input\":{\"@type\":\"PropertyValueSpecification\",\"valueRequired\":true,\"valueName\":\"search_term_string\"}}],\"inLanguage\":\"pt-PT\"}]}<\/script>\n<!-- \/ Yoast SEO plugin. -->","yoast_head_json":{"title":"FLESHLIGHT BOOST - BLOW LM FLESH RP - Lovme","robots":{"index":"index","follow":"follow","max-snippet":"max-snippet:-1","max-image-preview":"max-image-preview:large","max-video-preview":"max-video-preview:-1"},"canonical":"https:\/\/lovme.pt\/index.php\/produto\/fleshlight-boost-blow-lm-flesh-rp\/","og_locale":"pt_PT","og_type":"article","og_title":"FLESHLIGHT BOOST - BLOW LM FLESH RP - Lovme","og_description":"FLESHLIGHT BOOST - BLOW LM FLESH RP","og_url":"https:\/\/lovme.pt\/index.php\/produto\/fleshlight-boost-blow-lm-flesh-rp\/","og_site_name":"Lovme","article_modified_time":"2026-02-19T20:22:51+00:00","og_image":[{"width":672,"height":671,"url":"https:\/\/erki24nd3ub.exactdn.com\/wp-content\/uploads\/dream\/img\/img_137159_8618766c45d4f3a6561b3d5c4ec71d3b_1.jpg?strip=all","type":"image\/jpeg"}],"twitter_card":"summary_large_image","twitter_misc":{"Tempo estimado de leitura":"1 minuto"},"schema":{"@context":"https:\/\/schema.org","@graph":[{"@type":"WebPage","@id":"https:\/\/lovme.pt\/index.php\/produto\/fleshlight-boost-blow-lm-flesh-rp\/","url":"https:\/\/lovme.pt\/index.php\/produto\/fleshlight-boost-blow-lm-flesh-rp\/","name":"FLESHLIGHT BOOST - BLOW LM FLESH RP - Lovme","isPartOf":{"@id":"https:\/\/lovme.pt\/#website"},"primaryImageOfPage":{"@id":"https:\/\/lovme.pt\/index.php\/produto\/fleshlight-boost-blow-lm-flesh-rp\/#primaryimage"},"image":{"@id":"https:\/\/lovme.pt\/index.php\/produto\/fleshlight-boost-blow-lm-flesh-rp\/#primaryimage"},"thumbnailUrl":"https:\/\/erki24nd3ub.exactdn.com\/wp-content\/uploads\/dream\/img\/img_137159_8618766c45d4f3a6561b3d5c4ec71d3b_1.jpg?strip=all","datePublished":"2025-10-01T03:18:07+00:00","dateModified":"2026-02-19T20:22:51+00:00","breadcrumb":{"@id":"https:\/\/lovme.pt\/index.php\/produto\/fleshlight-boost-blow-lm-flesh-rp\/#breadcrumb"},"inLanguage":"pt-PT","potentialAction":[{"@type":"ReadAction","target":["https:\/\/lovme.pt\/index.php\/produto\/fleshlight-boost-blow-lm-flesh-rp\/"]}]},{"@type":"ImageObject","inLanguage":"pt-PT","@id":"https:\/\/lovme.pt\/index.php\/produto\/fleshlight-boost-blow-lm-flesh-rp\/#primaryimage","url":"https:\/\/erki24nd3ub.exactdn.com\/wp-content\/uploads\/dream\/img\/img_137159_8618766c45d4f3a6561b3d5c4ec71d3b_1.jpg?strip=all","contentUrl":"https:\/\/erki24nd3ub.exactdn.com\/wp-content\/uploads\/dream\/img\/img_137159_8618766c45d4f3a6561b3d5c4ec71d3b_1.jpg?strip=all","width":672,"height":671},{"@type":"BreadcrumbList","@id":"https:\/\/lovme.pt\/index.php\/produto\/fleshlight-boost-blow-lm-flesh-rp\/#breadcrumb","itemListElement":[{"@type":"ListItem","position":1,"name":"In\u00edcio","item":"https:\/\/lovme.pt\/"},{"@type":"ListItem","position":2,"name":"Loja","item":"https:\/\/lovme.pt\/index.php\/loja\/"},{"@type":"ListItem","position":3,"name":"FLESHLIGHT BOOST &#8211; BLOW LM FLESH RP"}]},{"@type":"WebSite","@id":"https:\/\/lovme.pt\/#website","url":"https:\/\/lovme.pt\/","name":"Lovme Loja Er\u00f3tica N\u00ba1 em Portugal","description":"A melhor loja er\u00f3tica de Portugal.","alternateName":"Loja Er\u00f3tica Lovme","potentialAction":[{"@type":"SearchAction","target":{"@type":"EntryPoint","urlTemplate":"https:\/\/lovme.pt\/?s={search_term_string}"},"query-input":{"@type":"PropertyValueSpecification","valueRequired":true,"valueName":"search_term_string"}}],"inLanguage":"pt-PT"}]}},"_links":{"self":[{"href":"https:\/\/lovme.pt\/index.php\/wp-json\/wp\/v2\/product\/41902","targetHints":{"allow":["GET"]}}],"collection":[{"href":"https:\/\/lovme.pt\/index.php\/wp-json\/wp\/v2\/product"}],"about":[{"href":"https:\/\/lovme.pt\/index.php\/wp-json\/wp\/v2\/types\/product"}],"wp:featuredmedia":[{"embeddable":true,"href":"https:\/\/lovme.pt\/index.php\/wp-json\/wp\/v2\/media\/102620"}],"wp:attachment":[{"href":"https:\/\/lovme.pt\/index.php\/wp-json\/wp\/v2\/media?parent=41902"}],"wp:term":[{"taxonomy":"product_brand","embeddable":true,"href":"https:\/\/lovme.pt\/index.php\/wp-json\/wp\/v2\/product_brand?post=41902"},{"taxonomy":"product_cat","embeddable":true,"href":"https:\/\/lovme.pt\/index.php\/wp-json\/wp\/v2\/product_cat?post=41902"},{"taxonomy":"product_tag","embeddable":true,"href":"https:\/\/lovme.pt\/index.php\/wp-json\/wp\/v2\/product_tag?post=41902"}],"curies":[{"name":"wp","href":"https:\/\/api.w.org\/{rel}","templated":true}]}}