{"id":41901,"date":"2025-10-01T02:46:39","date_gmt":"2025-10-01T02:46:39","guid":{"rendered":"https:\/\/lovme.pt\/?post_type=product&p=41901"},"modified":"2026-02-19T20:21:40","modified_gmt":"2026-02-19T20:21:40","slug":"fleshlight-boost-bang-lm-flesh-rp","status":"publish","type":"product","link":"https:\/\/lovme.pt\/index.php\/produto\/fleshlight-boost-bang-lm-flesh-rp\/","title":{"rendered":"FLESHLIGHT BOOST &#8211; BANG LM FLESH RP"},"content":{"rendered":"<p>Prepare-se para o melhor BANG da sua vida! Deslize seu membro nesses l\u00e1bios hiper-realistas e experimente uma sensa\u00e7\u00e3o de masturba\u00e7\u00e3o como nunca antes. Os an\u00e9is flutuantes &#8220;Turbo Tech&#8221; do Boost abra\u00e7am seu membro, proporcionando uma sensa\u00e7\u00e3o de conforto em todos os momentos. Depois de penetrar neste centro de prazer, voc\u00ea passar\u00e1 por um canal altamente texturizado e apertado, composto por an\u00e9is ranhurados e discos flutuantes, projetados para massagear sua ere\u00e7\u00e3o com perfei\u00e7\u00e3o.<\/p>\n<p> Fleshlight Boost leva tudo o que voc\u00ea adora nos produtos Fleshlight e leva para o pr\u00f3ximo n\u00edvel. A linha de brinquedos Boost apresenta mais novidades do que qualquer outro produto desde a vers\u00e3o original.<\/p>\n<p> Al\u00e9m das novas cores e tons de pele, os furos est\u00e3o mais detalhados e realistas do que nunca. Cada brinquedo tamb\u00e9m apresenta nosso inovador limite de controle de suc\u00e7\u00e3o, permitindo aos usu\u00e1rios escolher o n\u00edvel de tens\u00e3o desejado.<\/p>\n<p> Prepare-se! Estamos prestes a lev\u00e1-lo a um n\u00edvel totalmente novo de satisfa\u00e7\u00e3o sexual!<\/p>\n<p> <strong>Aqui est\u00e1 o que voc\u00ea receber\u00e1 com seu Boost Bang:<\/strong><\/p>\n<ul>\n<li> Estojo Boost Met\u00e1lico AzulBang Hole<\/li>\n<li> Textura de franja<\/li>\n<li> Plugue de controle de suc\u00e7\u00e3o<\/li>\n<li> Instru\u00e7\u00f5es de uso e manuten\u00e7\u00e3o<\/li>\n<\/ul>\n","protected":false},"excerpt":{"rendered":"<p>FLESHLIGHT BOOST &#8211; BANG LM FLESH RP<\/p>\n","protected":false},"featured_media":98884,"template":"","meta":{"_acf_changed":false},"product_brand":[],"product_cat":[17],"product_tag":[],"class_list":{"0":"post-41901","1":"product","2":"type-product","3":"status-publish","4":"has-post-thumbnail","6":"product_cat-brinquedos-de-bem-estar-sexual","7":"yith_product_brand-fleshlight","8":"yith_product_brand-fleshlightfleshlight-boost","10":"first","11":"instock","12":"taxable","13":"shipping-taxable","14":"purchasable","15":"product-type-simple"},"acf":[],"yoast_head":"<!-- This site is optimized with the Yoast SEO plugin v27.4 - https:\/\/yoast.com\/product\/yoast-seo-wordpress\/ -->\n<title>FLESHLIGHT BOOST - BANG LM FLESH RP - Lovme<\/title>\n<meta name=\"robots\" content=\"index, follow, max-snippet:-1, max-image-preview:large, max-video-preview:-1\" \/>\n<link rel=\"canonical\" href=\"https:\/\/lovme.pt\/index.php\/produto\/fleshlight-boost-bang-lm-flesh-rp\/\" \/>\n<meta property=\"og:locale\" content=\"pt_PT\" \/>\n<meta property=\"og:type\" content=\"article\" \/>\n<meta property=\"og:title\" content=\"FLESHLIGHT BOOST - BANG LM FLESH RP - Lovme\" \/>\n<meta property=\"og:description\" content=\"FLESHLIGHT BOOST - BANG LM FLESH RP\" \/>\n<meta property=\"og:url\" content=\"https:\/\/lovme.pt\/index.php\/produto\/fleshlight-boost-bang-lm-flesh-rp\/\" \/>\n<meta property=\"og:site_name\" content=\"Lovme\" \/>\n<meta property=\"article:modified_time\" content=\"2026-02-19T20:21:40+00:00\" \/>\n<meta property=\"og:image\" content=\"https:\/\/erki24nd3ub.exactdn.com\/wp-content\/uploads\/dream\/img\/img_137145_14f8b50ed393e2f46d3ce9e3b5ce5ae7_1.jpg?strip=all\" \/>\n\t<meta property=\"og:image:width\" content=\"672\" \/>\n\t<meta property=\"og:image:height\" content=\"673\" \/>\n\t<meta property=\"og:image:type\" content=\"image\/jpeg\" \/>\n<meta name=\"twitter:card\" content=\"summary_large_image\" \/>\n<meta name=\"twitter:label1\" content=\"Tempo estimado de leitura\" \/>\n\t<meta name=\"twitter:data1\" content=\"1 minuto\" \/>\n<script type=\"application\/ld+json\" class=\"yoast-schema-graph\">{\"@context\":\"https:\\\/\\\/schema.org\",\"@graph\":[{\"@type\":\"WebPage\",\"@id\":\"https:\\\/\\\/lovme.pt\\\/index.php\\\/produto\\\/fleshlight-boost-bang-lm-flesh-rp\\\/\",\"url\":\"https:\\\/\\\/lovme.pt\\\/index.php\\\/produto\\\/fleshlight-boost-bang-lm-flesh-rp\\\/\",\"name\":\"FLESHLIGHT BOOST - BANG LM FLESH RP - Lovme\",\"isPartOf\":{\"@id\":\"https:\\\/\\\/lovme.pt\\\/#website\"},\"primaryImageOfPage\":{\"@id\":\"https:\\\/\\\/lovme.pt\\\/index.php\\\/produto\\\/fleshlight-boost-bang-lm-flesh-rp\\\/#primaryimage\"},\"image\":{\"@id\":\"https:\\\/\\\/lovme.pt\\\/index.php\\\/produto\\\/fleshlight-boost-bang-lm-flesh-rp\\\/#primaryimage\"},\"thumbnailUrl\":\"https:\\\/\\\/erki24nd3ub.exactdn.com\\\/wp-content\\\/uploads\\\/dream\\\/img\\\/img_137145_14f8b50ed393e2f46d3ce9e3b5ce5ae7_1.jpg?strip=all\",\"datePublished\":\"2025-10-01T02:46:39+00:00\",\"dateModified\":\"2026-02-19T20:21:40+00:00\",\"breadcrumb\":{\"@id\":\"https:\\\/\\\/lovme.pt\\\/index.php\\\/produto\\\/fleshlight-boost-bang-lm-flesh-rp\\\/#breadcrumb\"},\"inLanguage\":\"pt-PT\",\"potentialAction\":[{\"@type\":\"ReadAction\",\"target\":[\"https:\\\/\\\/lovme.pt\\\/index.php\\\/produto\\\/fleshlight-boost-bang-lm-flesh-rp\\\/\"]}]},{\"@type\":\"ImageObject\",\"inLanguage\":\"pt-PT\",\"@id\":\"https:\\\/\\\/lovme.pt\\\/index.php\\\/produto\\\/fleshlight-boost-bang-lm-flesh-rp\\\/#primaryimage\",\"url\":\"https:\\\/\\\/erki24nd3ub.exactdn.com\\\/wp-content\\\/uploads\\\/dream\\\/img\\\/img_137145_14f8b50ed393e2f46d3ce9e3b5ce5ae7_1.jpg?strip=all\",\"contentUrl\":\"https:\\\/\\\/erki24nd3ub.exactdn.com\\\/wp-content\\\/uploads\\\/dream\\\/img\\\/img_137145_14f8b50ed393e2f46d3ce9e3b5ce5ae7_1.jpg?strip=all\",\"width\":672,\"height\":673},{\"@type\":\"BreadcrumbList\",\"@id\":\"https:\\\/\\\/lovme.pt\\\/index.php\\\/produto\\\/fleshlight-boost-bang-lm-flesh-rp\\\/#breadcrumb\",\"itemListElement\":[{\"@type\":\"ListItem\",\"position\":1,\"name\":\"In\u00edcio\",\"item\":\"https:\\\/\\\/lovme.pt\\\/\"},{\"@type\":\"ListItem\",\"position\":2,\"name\":\"Loja\",\"item\":\"https:\\\/\\\/lovme.pt\\\/index.php\\\/loja\\\/\"},{\"@type\":\"ListItem\",\"position\":3,\"name\":\"FLESHLIGHT BOOST &#8211; BANG LM FLESH RP\"}]},{\"@type\":\"WebSite\",\"@id\":\"https:\\\/\\\/lovme.pt\\\/#website\",\"url\":\"https:\\\/\\\/lovme.pt\\\/\",\"name\":\"Lovme Loja Er\u00f3tica N\u00ba1 em Portugal\",\"description\":\"A melhor loja er\u00f3tica de Portugal.\",\"alternateName\":\"Loja Er\u00f3tica Lovme\",\"potentialAction\":[{\"@type\":\"SearchAction\",\"target\":{\"@type\":\"EntryPoint\",\"urlTemplate\":\"https:\\\/\\\/lovme.pt\\\/?s={search_term_string}\"},\"query-input\":{\"@type\":\"PropertyValueSpecification\",\"valueRequired\":true,\"valueName\":\"search_term_string\"}}],\"inLanguage\":\"pt-PT\"}]}<\/script>\n<!-- \/ Yoast SEO plugin. -->","yoast_head_json":{"title":"FLESHLIGHT BOOST - BANG LM FLESH RP - Lovme","robots":{"index":"index","follow":"follow","max-snippet":"max-snippet:-1","max-image-preview":"max-image-preview:large","max-video-preview":"max-video-preview:-1"},"canonical":"https:\/\/lovme.pt\/index.php\/produto\/fleshlight-boost-bang-lm-flesh-rp\/","og_locale":"pt_PT","og_type":"article","og_title":"FLESHLIGHT BOOST - BANG LM FLESH RP - Lovme","og_description":"FLESHLIGHT BOOST - BANG LM FLESH RP","og_url":"https:\/\/lovme.pt\/index.php\/produto\/fleshlight-boost-bang-lm-flesh-rp\/","og_site_name":"Lovme","article_modified_time":"2026-02-19T20:21:40+00:00","og_image":[{"width":672,"height":673,"url":"https:\/\/erki24nd3ub.exactdn.com\/wp-content\/uploads\/dream\/img\/img_137145_14f8b50ed393e2f46d3ce9e3b5ce5ae7_1.jpg?strip=all","type":"image\/jpeg"}],"twitter_card":"summary_large_image","twitter_misc":{"Tempo estimado de leitura":"1 minuto"},"schema":{"@context":"https:\/\/schema.org","@graph":[{"@type":"WebPage","@id":"https:\/\/lovme.pt\/index.php\/produto\/fleshlight-boost-bang-lm-flesh-rp\/","url":"https:\/\/lovme.pt\/index.php\/produto\/fleshlight-boost-bang-lm-flesh-rp\/","name":"FLESHLIGHT BOOST - BANG LM FLESH RP - Lovme","isPartOf":{"@id":"https:\/\/lovme.pt\/#website"},"primaryImageOfPage":{"@id":"https:\/\/lovme.pt\/index.php\/produto\/fleshlight-boost-bang-lm-flesh-rp\/#primaryimage"},"image":{"@id":"https:\/\/lovme.pt\/index.php\/produto\/fleshlight-boost-bang-lm-flesh-rp\/#primaryimage"},"thumbnailUrl":"https:\/\/erki24nd3ub.exactdn.com\/wp-content\/uploads\/dream\/img\/img_137145_14f8b50ed393e2f46d3ce9e3b5ce5ae7_1.jpg?strip=all","datePublished":"2025-10-01T02:46:39+00:00","dateModified":"2026-02-19T20:21:40+00:00","breadcrumb":{"@id":"https:\/\/lovme.pt\/index.php\/produto\/fleshlight-boost-bang-lm-flesh-rp\/#breadcrumb"},"inLanguage":"pt-PT","potentialAction":[{"@type":"ReadAction","target":["https:\/\/lovme.pt\/index.php\/produto\/fleshlight-boost-bang-lm-flesh-rp\/"]}]},{"@type":"ImageObject","inLanguage":"pt-PT","@id":"https:\/\/lovme.pt\/index.php\/produto\/fleshlight-boost-bang-lm-flesh-rp\/#primaryimage","url":"https:\/\/erki24nd3ub.exactdn.com\/wp-content\/uploads\/dream\/img\/img_137145_14f8b50ed393e2f46d3ce9e3b5ce5ae7_1.jpg?strip=all","contentUrl":"https:\/\/erki24nd3ub.exactdn.com\/wp-content\/uploads\/dream\/img\/img_137145_14f8b50ed393e2f46d3ce9e3b5ce5ae7_1.jpg?strip=all","width":672,"height":673},{"@type":"BreadcrumbList","@id":"https:\/\/lovme.pt\/index.php\/produto\/fleshlight-boost-bang-lm-flesh-rp\/#breadcrumb","itemListElement":[{"@type":"ListItem","position":1,"name":"In\u00edcio","item":"https:\/\/lovme.pt\/"},{"@type":"ListItem","position":2,"name":"Loja","item":"https:\/\/lovme.pt\/index.php\/loja\/"},{"@type":"ListItem","position":3,"name":"FLESHLIGHT BOOST &#8211; BANG LM FLESH RP"}]},{"@type":"WebSite","@id":"https:\/\/lovme.pt\/#website","url":"https:\/\/lovme.pt\/","name":"Lovme Loja Er\u00f3tica N\u00ba1 em Portugal","description":"A melhor loja er\u00f3tica de Portugal.","alternateName":"Loja Er\u00f3tica Lovme","potentialAction":[{"@type":"SearchAction","target":{"@type":"EntryPoint","urlTemplate":"https:\/\/lovme.pt\/?s={search_term_string}"},"query-input":{"@type":"PropertyValueSpecification","valueRequired":true,"valueName":"search_term_string"}}],"inLanguage":"pt-PT"}]}},"_links":{"self":[{"href":"https:\/\/lovme.pt\/index.php\/wp-json\/wp\/v2\/product\/41901","targetHints":{"allow":["GET"]}}],"collection":[{"href":"https:\/\/lovme.pt\/index.php\/wp-json\/wp\/v2\/product"}],"about":[{"href":"https:\/\/lovme.pt\/index.php\/wp-json\/wp\/v2\/types\/product"}],"wp:featuredmedia":[{"embeddable":true,"href":"https:\/\/lovme.pt\/index.php\/wp-json\/wp\/v2\/media\/98884"}],"wp:attachment":[{"href":"https:\/\/lovme.pt\/index.php\/wp-json\/wp\/v2\/media?parent=41901"}],"wp:term":[{"taxonomy":"product_brand","embeddable":true,"href":"https:\/\/lovme.pt\/index.php\/wp-json\/wp\/v2\/product_brand?post=41901"},{"taxonomy":"product_cat","embeddable":true,"href":"https:\/\/lovme.pt\/index.php\/wp-json\/wp\/v2\/product_cat?post=41901"},{"taxonomy":"product_tag","embeddable":true,"href":"https:\/\/lovme.pt\/index.php\/wp-json\/wp\/v2\/product_tag?post=41901"}],"curies":[{"name":"wp","href":"https:\/\/api.w.org\/{rel}","templated":true}]}}