{"id":41871,"date":"2025-10-01T02:11:04","date_gmt":"2025-10-01T02:11:04","guid":{"rendered":"https:\/\/lovme.pt\/?post_type=product&p=41871"},"modified":"2026-02-19T20:18:39","modified_gmt":"2026-02-19T20:18:39","slug":"my-size-mix-preservativos-47-mm-10-unidades","status":"publish","type":"product","link":"https:\/\/lovme.pt\/index.php\/produto\/my-size-mix-preservativos-47-mm-10-unidades\/","title":{"rendered":"MY SIZE &#8211; MIX PRESERVATIVOS 47 MM 10 UNIDADES"},"content":{"rendered":"<ul>\n<li>AMPLIA VARIEDAD: elige de entre el surtido de preservativos naturales, azules, acanalados y con sabor a fresa, que se adaptan a tu estado de \u00e1nimo o a tus preferencias.<\/li>\n<li>EL COND\u00d3N: los anchos de nuestros preservativos son ajustables para adaptarse a cada persona de una forma absolutamente perfecta; as\u00ed se reduce el esfuerzo necesario y los posibles contactos con las u\u00f1as al coloc\u00e1rselos.<\/li>\n<li>HIPOALERG\u00c9NICOS Y CASI INODOROS, NATURALMENTE: con un grosor de 0,07\u00a0mm, el cond\u00f3n es ultrafino, lo que potencia la intensidad y la sensibilidad. El l\u00e1tex de caucho natural de primera calidad los hace hipoalerg\u00e9nicos y casi inodoros.<\/li>\n<li>SOSTENIBLE Y 100% VEGANO: en la fabricaci\u00f3n de los productos MY.SIZE solo se utilizan materias primas sin ingredientes de origen animal y que no se han probado en animales.<\/li>\n<li>EL TRATO: 10 preservativos de MY.SIZE en 4 variaciones: 4 Classic cl\u00e1sicos, 2 Ribbed acanalados, 2\u00a0Flavour con sabor, 2 Colour de colores. , 47\u00a0mm. Marcado CE. En cumplimiento de la Directiva de la UE\u00a093\/42\/CEE relativa a los productos sanitarios. Disponible en otros anchos nominales. Incluye aplicaci\u00f3n de medida gratuita en l\u00ednea.<\/li>\n<\/ul>\n","protected":false},"excerpt":{"rendered":"<p>MY SIZE &#8211; MIX PRESERVATIVOS 47 MM 10 UNIDADES<\/p>\n","protected":false},"featured_media":95332,"template":"","meta":{"_acf_changed":false},"product_brand":[],"product_cat":[73],"product_tag":[],"class_list":{"0":"post-41871","1":"product","2":"type-product","3":"status-publish","4":"has-post-thumbnail","6":"product_cat-preservativos","7":"yith_product_brand-my-size","8":"yith_product_brand-my-sizemy-size-mix","10":"first","11":"instock","12":"taxable","13":"shipping-taxable","14":"purchasable","15":"product-type-simple"},"acf":[],"yoast_head":"<!-- This site is optimized with the Yoast SEO plugin v27.4 - https:\/\/yoast.com\/product\/yoast-seo-wordpress\/ -->\n<title>MY SIZE - MIX PRESERVATIVOS 47 MM 10 UNIDADES - Lovme<\/title>\n<meta name=\"robots\" content=\"index, follow, max-snippet:-1, max-image-preview:large, max-video-preview:-1\" \/>\n<link rel=\"canonical\" href=\"https:\/\/lovme.pt\/index.php\/produto\/my-size-mix-preservativos-47-mm-10-unidades\/\" \/>\n<meta property=\"og:locale\" content=\"pt_PT\" \/>\n<meta property=\"og:type\" content=\"article\" \/>\n<meta property=\"og:title\" content=\"MY SIZE - MIX PRESERVATIVOS 47 MM 10 UNIDADES - Lovme\" \/>\n<meta property=\"og:description\" content=\"MY SIZE - MIX PRESERVATIVOS 47 MM 10 UNIDADES\" \/>\n<meta property=\"og:url\" content=\"https:\/\/lovme.pt\/index.php\/produto\/my-size-mix-preservativos-47-mm-10-unidades\/\" \/>\n<meta property=\"og:site_name\" content=\"Lovme\" \/>\n<meta property=\"article:modified_time\" content=\"2026-02-19T20:18:39+00:00\" \/>\n<meta property=\"og:image\" content=\"https:\/\/erki24nd3ub.exactdn.com\/wp-content\/uploads\/dream\/img\/img_137135_be3e4e1e8c8b97fc2d84efa3b64b3e0d_1.jpg?strip=all\" \/>\n\t<meta property=\"og:image:width\" content=\"800\" \/>\n\t<meta property=\"og:image:height\" content=\"800\" \/>\n\t<meta property=\"og:image:type\" content=\"image\/jpeg\" \/>\n<meta name=\"twitter:card\" content=\"summary_large_image\" \/>\n<meta name=\"twitter:label1\" content=\"Tempo estimado de leitura\" \/>\n\t<meta name=\"twitter:data1\" content=\"1 minuto\" \/>\n<script type=\"application\/ld+json\" class=\"yoast-schema-graph\">{\"@context\":\"https:\\\/\\\/schema.org\",\"@graph\":[{\"@type\":\"WebPage\",\"@id\":\"https:\\\/\\\/lovme.pt\\\/index.php\\\/produto\\\/my-size-mix-preservativos-47-mm-10-unidades\\\/\",\"url\":\"https:\\\/\\\/lovme.pt\\\/index.php\\\/produto\\\/my-size-mix-preservativos-47-mm-10-unidades\\\/\",\"name\":\"MY SIZE - MIX PRESERVATIVOS 47 MM 10 UNIDADES - Lovme\",\"isPartOf\":{\"@id\":\"https:\\\/\\\/lovme.pt\\\/#website\"},\"primaryImageOfPage\":{\"@id\":\"https:\\\/\\\/lovme.pt\\\/index.php\\\/produto\\\/my-size-mix-preservativos-47-mm-10-unidades\\\/#primaryimage\"},\"image\":{\"@id\":\"https:\\\/\\\/lovme.pt\\\/index.php\\\/produto\\\/my-size-mix-preservativos-47-mm-10-unidades\\\/#primaryimage\"},\"thumbnailUrl\":\"https:\\\/\\\/erki24nd3ub.exactdn.com\\\/wp-content\\\/uploads\\\/dream\\\/img\\\/img_137135_be3e4e1e8c8b97fc2d84efa3b64b3e0d_1.jpg?strip=all\",\"datePublished\":\"2025-10-01T02:11:04+00:00\",\"dateModified\":\"2026-02-19T20:18:39+00:00\",\"breadcrumb\":{\"@id\":\"https:\\\/\\\/lovme.pt\\\/index.php\\\/produto\\\/my-size-mix-preservativos-47-mm-10-unidades\\\/#breadcrumb\"},\"inLanguage\":\"pt-PT\",\"potentialAction\":[{\"@type\":\"ReadAction\",\"target\":[\"https:\\\/\\\/lovme.pt\\\/index.php\\\/produto\\\/my-size-mix-preservativos-47-mm-10-unidades\\\/\"]}]},{\"@type\":\"ImageObject\",\"inLanguage\":\"pt-PT\",\"@id\":\"https:\\\/\\\/lovme.pt\\\/index.php\\\/produto\\\/my-size-mix-preservativos-47-mm-10-unidades\\\/#primaryimage\",\"url\":\"https:\\\/\\\/erki24nd3ub.exactdn.com\\\/wp-content\\\/uploads\\\/dream\\\/img\\\/img_137135_be3e4e1e8c8b97fc2d84efa3b64b3e0d_1.jpg?strip=all\",\"contentUrl\":\"https:\\\/\\\/erki24nd3ub.exactdn.com\\\/wp-content\\\/uploads\\\/dream\\\/img\\\/img_137135_be3e4e1e8c8b97fc2d84efa3b64b3e0d_1.jpg?strip=all\",\"width\":800,\"height\":800},{\"@type\":\"BreadcrumbList\",\"@id\":\"https:\\\/\\\/lovme.pt\\\/index.php\\\/produto\\\/my-size-mix-preservativos-47-mm-10-unidades\\\/#breadcrumb\",\"itemListElement\":[{\"@type\":\"ListItem\",\"position\":1,\"name\":\"In\u00edcio\",\"item\":\"https:\\\/\\\/lovme.pt\\\/\"},{\"@type\":\"ListItem\",\"position\":2,\"name\":\"Loja\",\"item\":\"https:\\\/\\\/lovme.pt\\\/index.php\\\/loja\\\/\"},{\"@type\":\"ListItem\",\"position\":3,\"name\":\"MY SIZE &#8211; MIX PRESERVATIVOS 47 MM 10 UNIDADES\"}]},{\"@type\":\"WebSite\",\"@id\":\"https:\\\/\\\/lovme.pt\\\/#website\",\"url\":\"https:\\\/\\\/lovme.pt\\\/\",\"name\":\"Lovme Loja Er\u00f3tica N\u00ba1 em Portugal\",\"description\":\"A melhor loja er\u00f3tica de Portugal.\",\"alternateName\":\"Loja Er\u00f3tica Lovme\",\"potentialAction\":[{\"@type\":\"SearchAction\",\"target\":{\"@type\":\"EntryPoint\",\"urlTemplate\":\"https:\\\/\\\/lovme.pt\\\/?s={search_term_string}\"},\"query-input\":{\"@type\":\"PropertyValueSpecification\",\"valueRequired\":true,\"valueName\":\"search_term_string\"}}],\"inLanguage\":\"pt-PT\"}]}<\/script>\n<!-- \/ Yoast SEO plugin. -->","yoast_head_json":{"title":"MY SIZE - MIX PRESERVATIVOS 47 MM 10 UNIDADES - Lovme","robots":{"index":"index","follow":"follow","max-snippet":"max-snippet:-1","max-image-preview":"max-image-preview:large","max-video-preview":"max-video-preview:-1"},"canonical":"https:\/\/lovme.pt\/index.php\/produto\/my-size-mix-preservativos-47-mm-10-unidades\/","og_locale":"pt_PT","og_type":"article","og_title":"MY SIZE - MIX PRESERVATIVOS 47 MM 10 UNIDADES - Lovme","og_description":"MY SIZE - MIX PRESERVATIVOS 47 MM 10 UNIDADES","og_url":"https:\/\/lovme.pt\/index.php\/produto\/my-size-mix-preservativos-47-mm-10-unidades\/","og_site_name":"Lovme","article_modified_time":"2026-02-19T20:18:39+00:00","og_image":[{"width":800,"height":800,"url":"https:\/\/erki24nd3ub.exactdn.com\/wp-content\/uploads\/dream\/img\/img_137135_be3e4e1e8c8b97fc2d84efa3b64b3e0d_1.jpg?strip=all","type":"image\/jpeg"}],"twitter_card":"summary_large_image","twitter_misc":{"Tempo estimado de leitura":"1 minuto"},"schema":{"@context":"https:\/\/schema.org","@graph":[{"@type":"WebPage","@id":"https:\/\/lovme.pt\/index.php\/produto\/my-size-mix-preservativos-47-mm-10-unidades\/","url":"https:\/\/lovme.pt\/index.php\/produto\/my-size-mix-preservativos-47-mm-10-unidades\/","name":"MY SIZE - MIX PRESERVATIVOS 47 MM 10 UNIDADES - Lovme","isPartOf":{"@id":"https:\/\/lovme.pt\/#website"},"primaryImageOfPage":{"@id":"https:\/\/lovme.pt\/index.php\/produto\/my-size-mix-preservativos-47-mm-10-unidades\/#primaryimage"},"image":{"@id":"https:\/\/lovme.pt\/index.php\/produto\/my-size-mix-preservativos-47-mm-10-unidades\/#primaryimage"},"thumbnailUrl":"https:\/\/erki24nd3ub.exactdn.com\/wp-content\/uploads\/dream\/img\/img_137135_be3e4e1e8c8b97fc2d84efa3b64b3e0d_1.jpg?strip=all","datePublished":"2025-10-01T02:11:04+00:00","dateModified":"2026-02-19T20:18:39+00:00","breadcrumb":{"@id":"https:\/\/lovme.pt\/index.php\/produto\/my-size-mix-preservativos-47-mm-10-unidades\/#breadcrumb"},"inLanguage":"pt-PT","potentialAction":[{"@type":"ReadAction","target":["https:\/\/lovme.pt\/index.php\/produto\/my-size-mix-preservativos-47-mm-10-unidades\/"]}]},{"@type":"ImageObject","inLanguage":"pt-PT","@id":"https:\/\/lovme.pt\/index.php\/produto\/my-size-mix-preservativos-47-mm-10-unidades\/#primaryimage","url":"https:\/\/erki24nd3ub.exactdn.com\/wp-content\/uploads\/dream\/img\/img_137135_be3e4e1e8c8b97fc2d84efa3b64b3e0d_1.jpg?strip=all","contentUrl":"https:\/\/erki24nd3ub.exactdn.com\/wp-content\/uploads\/dream\/img\/img_137135_be3e4e1e8c8b97fc2d84efa3b64b3e0d_1.jpg?strip=all","width":800,"height":800},{"@type":"BreadcrumbList","@id":"https:\/\/lovme.pt\/index.php\/produto\/my-size-mix-preservativos-47-mm-10-unidades\/#breadcrumb","itemListElement":[{"@type":"ListItem","position":1,"name":"In\u00edcio","item":"https:\/\/lovme.pt\/"},{"@type":"ListItem","position":2,"name":"Loja","item":"https:\/\/lovme.pt\/index.php\/loja\/"},{"@type":"ListItem","position":3,"name":"MY SIZE &#8211; MIX PRESERVATIVOS 47 MM 10 UNIDADES"}]},{"@type":"WebSite","@id":"https:\/\/lovme.pt\/#website","url":"https:\/\/lovme.pt\/","name":"Lovme Loja Er\u00f3tica N\u00ba1 em Portugal","description":"A melhor loja er\u00f3tica de Portugal.","alternateName":"Loja Er\u00f3tica Lovme","potentialAction":[{"@type":"SearchAction","target":{"@type":"EntryPoint","urlTemplate":"https:\/\/lovme.pt\/?s={search_term_string}"},"query-input":{"@type":"PropertyValueSpecification","valueRequired":true,"valueName":"search_term_string"}}],"inLanguage":"pt-PT"}]}},"_links":{"self":[{"href":"https:\/\/lovme.pt\/index.php\/wp-json\/wp\/v2\/product\/41871","targetHints":{"allow":["GET"]}}],"collection":[{"href":"https:\/\/lovme.pt\/index.php\/wp-json\/wp\/v2\/product"}],"about":[{"href":"https:\/\/lovme.pt\/index.php\/wp-json\/wp\/v2\/types\/product"}],"wp:featuredmedia":[{"embeddable":true,"href":"https:\/\/lovme.pt\/index.php\/wp-json\/wp\/v2\/media\/95332"}],"wp:attachment":[{"href":"https:\/\/lovme.pt\/index.php\/wp-json\/wp\/v2\/media?parent=41871"}],"wp:term":[{"taxonomy":"product_brand","embeddable":true,"href":"https:\/\/lovme.pt\/index.php\/wp-json\/wp\/v2\/product_brand?post=41871"},{"taxonomy":"product_cat","embeddable":true,"href":"https:\/\/lovme.pt\/index.php\/wp-json\/wp\/v2\/product_cat?post=41871"},{"taxonomy":"product_tag","embeddable":true,"href":"https:\/\/lovme.pt\/index.php\/wp-json\/wp\/v2\/product_tag?post=41871"}],"curies":[{"name":"wp","href":"https:\/\/api.w.org\/{rel}","templated":true}]}}