{"id":41866,"date":"2025-10-01T02:11:00","date_gmt":"2025-10-01T02:11:00","guid":{"rendered":"https:\/\/lovme.pt\/?post_type=product&p=41866"},"modified":"2026-02-19T20:18:36","modified_gmt":"2026-02-19T20:18:36","slug":"my-size-pro-preservativos-57-mm-80-unidades","status":"publish","type":"product","link":"https:\/\/lovme.pt\/index.php\/produto\/my-size-pro-preservativos-57-mm-80-unidades\/","title":{"rendered":"MY SIZE &#8211; PRO PRESERVATIVOS 57 MM 80 UNIDADES"},"content":{"rendered":"<p>Cada homem \u00e9 \u00fanico. Suas medidas tamb\u00e9m. N\u00e3o h\u00e1 m\u00e9dias.<\/p>\n<p>Um preservativo que se adapta perfeitamente a todos os homens independentemente do seu tamanho, feito \u00e0 medida, oferecendo o ajuste individual perfeito, com qualidade superior, esse era o nosso modesto objetivo quando come\u00e7amos em 2008. MY. SIZE reinventou uma vida sexual mais segura e sensual, al\u00e9m das fronteiras da Europa. Oferecemos para uso individual uma capa genital masculina, confeccionada para permitir sensa\u00e7\u00e3o de bem-estar e seguran\u00e7a.<\/p>\n<p>Com minha. TAMANHO todas as reclama\u00e7\u00f5es sobre o uso da camisinha v\u00e3o sendo eliminadas por falta de sensibilidade e passam a ser puro prazer e ultrassensibilidade.<\/p>\n<p>Contrace\u00e7\u00e3o pessoal, mas consensual, integrada na seguran\u00e7a desimpedida e no prazer sens\u00edvel: uma solu\u00e7\u00e3o sexual para as pessoas.<\/p>\n<p>MEU. SIZE adapta-se a todas as necessidades em <strong>MY. TAMANHO PRO<\/strong><\/p>\n<ul>\n<li><strong>Unidades:<\/strong> 80 unidades<\/li>\n<li><strong>Di\u00e2metro:<\/strong> 57 mm<\/li>\n<\/ul>\n<p><strong>EXCLUSIVO<\/strong><\/p>\n<ul>\n<li>MEU. SIZE PRO \u00e9 a \u00fanica marca no mundo que oferece uma ampla gama de larguras para seus usu\u00e1rios.<\/li>\n<\/ul>\n<p><strong>BONITA PELE<\/strong><\/p>\n<ul>\n<li>Produto pobre em al\u00e9rgenos devido ao uso de VYTEX puro: l\u00e1tex contendo 90% menos prote\u00ednas do l\u00e1tex que o l\u00e1tex usual, resultando em um produto quase totalmente alerg\u00eanico, livre de prote\u00ednas e contaminantes.<\/li>\n<\/ul>\n<p><strong>CHEIRO<\/strong><\/p>\n<ul>\n<li>Redu\u00e7\u00e3o substancial do cheiro habitual do preservativo, gra\u00e7as ao uso de VYTEXLatex de alta pureza.<\/li>\n<\/ul>\n<p><strong>ULTRA SENS\u00cdVEL<\/strong><\/p>\n<ul>\n<li>Com uma espessura de parede de apenas 0,05 &#8211; 0,06 mm, os preservativos MY. SIZE PRO s\u00e3o muito mais finos e oferecem um toque natural ultrassens\u00edvel.<\/li>\n<\/ul>\n<p><strong>SEGURAN\u00c7A<\/strong><\/p>\n<ul>\n<li>Nossos preservativos personalizados reduzem o esfor\u00e7o aplicado que ocorre ao colocar o preservativo, a causa mais comum de rompimento do preservativo.<\/li>\n<\/ul>\n<p><strong>VEGANO<\/strong><\/p>\n<ul>\n<li>Nossos MEUS preservativos. SIZE PRO est\u00e3o isentos de qualquer produto e n\u00e3o cont\u00eam ingredientes ou materiais de origem animal.<\/li>\n<\/ul>\n<p><strong>USAR<\/strong><\/p>\n<ul>\n<li>A l\u00e2mina de veda\u00e7\u00e3o especial dos nossos preservativos MY. SIZE PRO \u00e9 muito fino, por isso \u00e9 muito simples de abrir.<\/li>\n<\/ul>\n<p><strong>QUALIDADE<\/strong><\/p>\n<ul>\n<li>Bem acima do padr\u00e3o, nossas camisinhas veganas s\u00e3o fabricadas com processo certificado e sustent\u00e1vel. Todos os produtos possuem a etiqueta CE e aplicam a Diretiva de Dispositivos M\u00e9dicos da UE, 93\/42\/EEC.<\/li>\n<\/ul>\n<p><strong>LEGALIDADE<\/strong><\/p>\n<ul>\n<li>Os direitos trabalhistas e as condi\u00e7\u00f5es de trabalho de nossos fornecedores s\u00e3o revisados regularmente e est\u00e3o permanentemente em conformidade com as normas internacionais da OIA, Organiza\u00e7\u00e3o Internacional do Trabalho.<\/li>\n<\/ul>\n<p><strong>SUSTENTABILIDADE<\/strong><\/p>\n<ul>\n<li>As medidas ambientais e de sustentabilidade do processo de fabrica\u00e7\u00e3o de nossos produtos s\u00e3o revisadas regularmente e atendem permanentemente \u00e0 norma internacional ISO 14001. Ela garante a melhoria cont\u00ednua do desempenho ambiental do processo de fabrica\u00e7\u00e3o.<\/li>\n<\/ul>\n<p><strong>ENERGIA SOLAR<\/strong><\/p>\n<ul>\n<li>At\u00e9 2021 mais de 60% da energia necess\u00e1ria para o processo de fabrica\u00e7\u00e3o de nossos produtos vir\u00e1 de recursos regenerativos. Tamb\u00e9m seguimos um rigoroso esquema de reciclagem de \u00e1gua e aproveitamento de \u00e1guas pluviais.<\/li>\n<\/ul>\n","protected":false},"excerpt":{"rendered":"<p>MY SIZE &#8211; PRO PRESERVATIVOS 57 MM 80 UNIDADES<\/p>\n","protected":false},"featured_media":95327,"template":"","meta":{"_acf_changed":false},"product_brand":[],"product_cat":[73],"product_tag":[],"class_list":{"0":"post-41866","1":"product","2":"type-product","3":"status-publish","4":"has-post-thumbnail","6":"product_cat-preservativos","7":"yith_product_brand-my-size","8":"yith_product_brand-my-sizemy-size-pro","10":"first","11":"instock","12":"taxable","13":"shipping-taxable","14":"purchasable","15":"product-type-simple"},"acf":[],"yoast_head":"<!-- This site is optimized with the Yoast SEO plugin v27.4 - https:\/\/yoast.com\/product\/yoast-seo-wordpress\/ -->\n<title>MY SIZE - PRO PRESERVATIVOS 57 MM 80 UNIDADES - Lovme<\/title>\n<meta name=\"robots\" content=\"index, follow, max-snippet:-1, max-image-preview:large, max-video-preview:-1\" \/>\n<link rel=\"canonical\" href=\"https:\/\/lovme.pt\/index.php\/produto\/my-size-pro-preservativos-57-mm-80-unidades\/\" \/>\n<meta property=\"og:locale\" content=\"pt_PT\" \/>\n<meta property=\"og:type\" content=\"article\" \/>\n<meta property=\"og:title\" content=\"MY SIZE - PRO PRESERVATIVOS 57 MM 80 UNIDADES - Lovme\" \/>\n<meta property=\"og:description\" content=\"MY SIZE - PRO PRESERVATIVOS 57 MM 80 UNIDADES\" \/>\n<meta property=\"og:url\" content=\"https:\/\/lovme.pt\/index.php\/produto\/my-size-pro-preservativos-57-mm-80-unidades\/\" \/>\n<meta property=\"og:site_name\" content=\"Lovme\" \/>\n<meta property=\"article:modified_time\" content=\"2026-02-19T20:18:36+00:00\" \/>\n<meta property=\"og:image\" content=\"https:\/\/erki24nd3ub.exactdn.com\/wp-content\/uploads\/dream\/img\/img_141265_4abfeaf8d1592741e0ee41a1cffb65a6_1.jpg?strip=all\" \/>\n\t<meta property=\"og:image:width\" content=\"800\" \/>\n\t<meta property=\"og:image:height\" content=\"800\" \/>\n\t<meta property=\"og:image:type\" content=\"image\/jpeg\" \/>\n<meta name=\"twitter:card\" content=\"summary_large_image\" \/>\n<meta name=\"twitter:label1\" content=\"Tempo estimado de leitura\" \/>\n\t<meta name=\"twitter:data1\" content=\"2 minutos\" \/>\n<script type=\"application\/ld+json\" class=\"yoast-schema-graph\">{\"@context\":\"https:\\\/\\\/schema.org\",\"@graph\":[{\"@type\":\"WebPage\",\"@id\":\"https:\\\/\\\/lovme.pt\\\/index.php\\\/produto\\\/my-size-pro-preservativos-57-mm-80-unidades\\\/\",\"url\":\"https:\\\/\\\/lovme.pt\\\/index.php\\\/produto\\\/my-size-pro-preservativos-57-mm-80-unidades\\\/\",\"name\":\"MY SIZE - PRO PRESERVATIVOS 57 MM 80 UNIDADES - Lovme\",\"isPartOf\":{\"@id\":\"https:\\\/\\\/lovme.pt\\\/#website\"},\"primaryImageOfPage\":{\"@id\":\"https:\\\/\\\/lovme.pt\\\/index.php\\\/produto\\\/my-size-pro-preservativos-57-mm-80-unidades\\\/#primaryimage\"},\"image\":{\"@id\":\"https:\\\/\\\/lovme.pt\\\/index.php\\\/produto\\\/my-size-pro-preservativos-57-mm-80-unidades\\\/#primaryimage\"},\"thumbnailUrl\":\"https:\\\/\\\/erki24nd3ub.exactdn.com\\\/wp-content\\\/uploads\\\/dream\\\/img\\\/img_141265_4abfeaf8d1592741e0ee41a1cffb65a6_1.jpg?strip=all\",\"datePublished\":\"2025-10-01T02:11:00+00:00\",\"dateModified\":\"2026-02-19T20:18:36+00:00\",\"breadcrumb\":{\"@id\":\"https:\\\/\\\/lovme.pt\\\/index.php\\\/produto\\\/my-size-pro-preservativos-57-mm-80-unidades\\\/#breadcrumb\"},\"inLanguage\":\"pt-PT\",\"potentialAction\":[{\"@type\":\"ReadAction\",\"target\":[\"https:\\\/\\\/lovme.pt\\\/index.php\\\/produto\\\/my-size-pro-preservativos-57-mm-80-unidades\\\/\"]}]},{\"@type\":\"ImageObject\",\"inLanguage\":\"pt-PT\",\"@id\":\"https:\\\/\\\/lovme.pt\\\/index.php\\\/produto\\\/my-size-pro-preservativos-57-mm-80-unidades\\\/#primaryimage\",\"url\":\"https:\\\/\\\/erki24nd3ub.exactdn.com\\\/wp-content\\\/uploads\\\/dream\\\/img\\\/img_141265_4abfeaf8d1592741e0ee41a1cffb65a6_1.jpg?strip=all\",\"contentUrl\":\"https:\\\/\\\/erki24nd3ub.exactdn.com\\\/wp-content\\\/uploads\\\/dream\\\/img\\\/img_141265_4abfeaf8d1592741e0ee41a1cffb65a6_1.jpg?strip=all\",\"width\":800,\"height\":800},{\"@type\":\"BreadcrumbList\",\"@id\":\"https:\\\/\\\/lovme.pt\\\/index.php\\\/produto\\\/my-size-pro-preservativos-57-mm-80-unidades\\\/#breadcrumb\",\"itemListElement\":[{\"@type\":\"ListItem\",\"position\":1,\"name\":\"In\u00edcio\",\"item\":\"https:\\\/\\\/lovme.pt\\\/\"},{\"@type\":\"ListItem\",\"position\":2,\"name\":\"Loja\",\"item\":\"https:\\\/\\\/lovme.pt\\\/index.php\\\/loja\\\/\"},{\"@type\":\"ListItem\",\"position\":3,\"name\":\"MY SIZE &#8211; PRO PRESERVATIVOS 57 MM 80 UNIDADES\"}]},{\"@type\":\"WebSite\",\"@id\":\"https:\\\/\\\/lovme.pt\\\/#website\",\"url\":\"https:\\\/\\\/lovme.pt\\\/\",\"name\":\"Lovme Loja Er\u00f3tica N\u00ba1 em Portugal\",\"description\":\"A melhor loja er\u00f3tica de Portugal.\",\"alternateName\":\"Loja Er\u00f3tica Lovme\",\"potentialAction\":[{\"@type\":\"SearchAction\",\"target\":{\"@type\":\"EntryPoint\",\"urlTemplate\":\"https:\\\/\\\/lovme.pt\\\/?s={search_term_string}\"},\"query-input\":{\"@type\":\"PropertyValueSpecification\",\"valueRequired\":true,\"valueName\":\"search_term_string\"}}],\"inLanguage\":\"pt-PT\"}]}<\/script>\n<!-- \/ Yoast SEO plugin. -->","yoast_head_json":{"title":"MY SIZE - PRO PRESERVATIVOS 57 MM 80 UNIDADES - Lovme","robots":{"index":"index","follow":"follow","max-snippet":"max-snippet:-1","max-image-preview":"max-image-preview:large","max-video-preview":"max-video-preview:-1"},"canonical":"https:\/\/lovme.pt\/index.php\/produto\/my-size-pro-preservativos-57-mm-80-unidades\/","og_locale":"pt_PT","og_type":"article","og_title":"MY SIZE - PRO PRESERVATIVOS 57 MM 80 UNIDADES - Lovme","og_description":"MY SIZE - PRO PRESERVATIVOS 57 MM 80 UNIDADES","og_url":"https:\/\/lovme.pt\/index.php\/produto\/my-size-pro-preservativos-57-mm-80-unidades\/","og_site_name":"Lovme","article_modified_time":"2026-02-19T20:18:36+00:00","og_image":[{"width":800,"height":800,"url":"https:\/\/erki24nd3ub.exactdn.com\/wp-content\/uploads\/dream\/img\/img_141265_4abfeaf8d1592741e0ee41a1cffb65a6_1.jpg?strip=all","type":"image\/jpeg"}],"twitter_card":"summary_large_image","twitter_misc":{"Tempo estimado de leitura":"2 minutos"},"schema":{"@context":"https:\/\/schema.org","@graph":[{"@type":"WebPage","@id":"https:\/\/lovme.pt\/index.php\/produto\/my-size-pro-preservativos-57-mm-80-unidades\/","url":"https:\/\/lovme.pt\/index.php\/produto\/my-size-pro-preservativos-57-mm-80-unidades\/","name":"MY SIZE - PRO PRESERVATIVOS 57 MM 80 UNIDADES - Lovme","isPartOf":{"@id":"https:\/\/lovme.pt\/#website"},"primaryImageOfPage":{"@id":"https:\/\/lovme.pt\/index.php\/produto\/my-size-pro-preservativos-57-mm-80-unidades\/#primaryimage"},"image":{"@id":"https:\/\/lovme.pt\/index.php\/produto\/my-size-pro-preservativos-57-mm-80-unidades\/#primaryimage"},"thumbnailUrl":"https:\/\/erki24nd3ub.exactdn.com\/wp-content\/uploads\/dream\/img\/img_141265_4abfeaf8d1592741e0ee41a1cffb65a6_1.jpg?strip=all","datePublished":"2025-10-01T02:11:00+00:00","dateModified":"2026-02-19T20:18:36+00:00","breadcrumb":{"@id":"https:\/\/lovme.pt\/index.php\/produto\/my-size-pro-preservativos-57-mm-80-unidades\/#breadcrumb"},"inLanguage":"pt-PT","potentialAction":[{"@type":"ReadAction","target":["https:\/\/lovme.pt\/index.php\/produto\/my-size-pro-preservativos-57-mm-80-unidades\/"]}]},{"@type":"ImageObject","inLanguage":"pt-PT","@id":"https:\/\/lovme.pt\/index.php\/produto\/my-size-pro-preservativos-57-mm-80-unidades\/#primaryimage","url":"https:\/\/erki24nd3ub.exactdn.com\/wp-content\/uploads\/dream\/img\/img_141265_4abfeaf8d1592741e0ee41a1cffb65a6_1.jpg?strip=all","contentUrl":"https:\/\/erki24nd3ub.exactdn.com\/wp-content\/uploads\/dream\/img\/img_141265_4abfeaf8d1592741e0ee41a1cffb65a6_1.jpg?strip=all","width":800,"height":800},{"@type":"BreadcrumbList","@id":"https:\/\/lovme.pt\/index.php\/produto\/my-size-pro-preservativos-57-mm-80-unidades\/#breadcrumb","itemListElement":[{"@type":"ListItem","position":1,"name":"In\u00edcio","item":"https:\/\/lovme.pt\/"},{"@type":"ListItem","position":2,"name":"Loja","item":"https:\/\/lovme.pt\/index.php\/loja\/"},{"@type":"ListItem","position":3,"name":"MY SIZE &#8211; PRO PRESERVATIVOS 57 MM 80 UNIDADES"}]},{"@type":"WebSite","@id":"https:\/\/lovme.pt\/#website","url":"https:\/\/lovme.pt\/","name":"Lovme Loja Er\u00f3tica N\u00ba1 em Portugal","description":"A melhor loja er\u00f3tica de Portugal.","alternateName":"Loja Er\u00f3tica Lovme","potentialAction":[{"@type":"SearchAction","target":{"@type":"EntryPoint","urlTemplate":"https:\/\/lovme.pt\/?s={search_term_string}"},"query-input":{"@type":"PropertyValueSpecification","valueRequired":true,"valueName":"search_term_string"}}],"inLanguage":"pt-PT"}]}},"_links":{"self":[{"href":"https:\/\/lovme.pt\/index.php\/wp-json\/wp\/v2\/product\/41866","targetHints":{"allow":["GET"]}}],"collection":[{"href":"https:\/\/lovme.pt\/index.php\/wp-json\/wp\/v2\/product"}],"about":[{"href":"https:\/\/lovme.pt\/index.php\/wp-json\/wp\/v2\/types\/product"}],"wp:featuredmedia":[{"embeddable":true,"href":"https:\/\/lovme.pt\/index.php\/wp-json\/wp\/v2\/media\/95327"}],"wp:attachment":[{"href":"https:\/\/lovme.pt\/index.php\/wp-json\/wp\/v2\/media?parent=41866"}],"wp:term":[{"taxonomy":"product_brand","embeddable":true,"href":"https:\/\/lovme.pt\/index.php\/wp-json\/wp\/v2\/product_brand?post=41866"},{"taxonomy":"product_cat","embeddable":true,"href":"https:\/\/lovme.pt\/index.php\/wp-json\/wp\/v2\/product_cat?post=41866"},{"taxonomy":"product_tag","embeddable":true,"href":"https:\/\/lovme.pt\/index.php\/wp-json\/wp\/v2\/product_tag?post=41866"}],"curies":[{"name":"wp","href":"https:\/\/api.w.org\/{rel}","templated":true}]}}