{"id":41854,"date":"2025-10-01T03:13:05","date_gmt":"2025-10-01T03:13:05","guid":{"rendered":"https:\/\/lovme.pt\/?post_type=product&p=41854"},"modified":"2026-02-19T20:22:39","modified_gmt":"2026-02-19T20:22:39","slug":"duracell-plus-power-100-bateria-alcalina-aa-lr6-10-unidade","status":"publish","type":"product","link":"https:\/\/lovme.pt\/index.php\/produto\/duracell-plus-power-100-bateria-alcalina-aa-lr6-10-unidade\/","title":{"rendered":"DURACELL &#8211; PLUS POWER 100 BATERIA ALCALINA AA LR6 10 UNIDADE"},"content":{"rendered":"<p>A bateria AA \u00e9 a bateria mais utilizada no mundo e pode ser encontrada em centenas de milhares de dispositivos. Os c\u00f3digos IEC para baterias AA incluem o popular LR6 para baterias alcalinas AA e HR6 para baterias recarreg\u00e1veis NiMH. A voltagem normal para essas baterias \u00e9 1,5V, enquanto as baterias recarreg\u00e1veis geralmente fornecem 1,2V. As novas baterias de l\u00edtio AA oferecem uma capacidade muito maior por um pre\u00e7o um pouco mais alto.<\/p>\n<p> Introduzido em 1907, o tamanho da bateria AA foi padronizado pelo American National Standards Institute (ANSI) em 1947, mas j\u00e1 era usado em lanternas e novidades el\u00e9tricas h\u00e1 algum tempo antes da padroniza\u00e7\u00e3o formal. A nomenclatura de baterias ANSI e IEC fornece v\u00e1rias designa\u00e7\u00f5es para c\u00e9lulas deste tamanho, dependendo das caracter\u00edsticas da c\u00e9lula e da qu\u00edmica. Cada bateria AA tem 51 mm de comprimento e 14 mm de di\u00e2metro<\/p>\n<p> Os formatos em que a pilha AA est\u00e1 dispon\u00edvel s\u00e3o pilhas alcalinas, pilhas salinas, pilhas de l\u00edtio de longa dura\u00e7\u00e3o e pilhas recarreg\u00e1veis de diferentes capacidades. As pilhas alcalinas AA t\u00eam uma vida \u00fatil de cerca de 6 anos, enquanto as equivalentes de l\u00edtio AA duram at\u00e9 9 anos antes do uso. As baterias AA recarreg\u00e1veis est\u00e3o agora dispon\u00edveis em NiMH com capacidades de at\u00e9 2850mAh e tamb\u00e9m est\u00e3o dispon\u00edveis na nova tecnologia \u201cpr\u00e9-carregada\u201d que permite us\u00e1-las imediatamente.<\/p>\n<p> Modelo: DUR14696<\/p>\n<p> Marca: Duracell<\/p>\n<p> Tipo: AA LR6<\/p>\n<p> Tens\u00e3o: 1,5V<\/p>\n<p> &#8211; Usos: rel\u00f3gios de parede, barbeadores Gillette, teclados e ratos, controles remotos, lanternas, brinquedos &#8230;<\/p>\n","protected":false},"excerpt":{"rendered":"<p>DURACELL &#8211; PLUS POWER 100 BATERIA ALCALINA AA LR6 10 UNIDADE<\/p>\n","protected":false},"featured_media":102110,"template":"","meta":{"_acf_changed":false},"product_brand":[],"product_cat":[17,15],"product_tag":[],"class_list":{"0":"post-41854","1":"product","2":"type-product","3":"status-publish","4":"has-post-thumbnail","6":"product_cat-brinquedos-de-bem-estar-sexual","7":"product_cat-loja","8":"yith_product_brand-duracell","10":"first","11":"instock","12":"taxable","13":"shipping-taxable","14":"purchasable","15":"product-type-simple"},"acf":[],"yoast_head":"<!-- This site is optimized with the Yoast SEO plugin v27.4 - https:\/\/yoast.com\/product\/yoast-seo-wordpress\/ -->\n<title>DURACELL - PLUS POWER 100 BATERIA ALCALINA AA LR6 10 UNIDADE - Lovme<\/title>\n<meta name=\"robots\" content=\"index, follow, max-snippet:-1, max-image-preview:large, max-video-preview:-1\" \/>\n<link rel=\"canonical\" href=\"https:\/\/lovme.pt\/index.php\/produto\/duracell-plus-power-100-bateria-alcalina-aa-lr6-10-unidade\/\" \/>\n<meta property=\"og:locale\" content=\"pt_PT\" \/>\n<meta property=\"og:type\" content=\"article\" \/>\n<meta property=\"og:title\" content=\"DURACELL - PLUS POWER 100 BATERIA ALCALINA AA LR6 10 UNIDADE - Lovme\" \/>\n<meta property=\"og:description\" content=\"DURACELL - PLUS POWER 100 BATERIA ALCALINA AA LR6 10 UNIDADE\" \/>\n<meta property=\"og:url\" content=\"https:\/\/lovme.pt\/index.php\/produto\/duracell-plus-power-100-bateria-alcalina-aa-lr6-10-unidade\/\" \/>\n<meta property=\"og:site_name\" content=\"Lovme\" \/>\n<meta property=\"article:modified_time\" content=\"2026-02-19T20:22:39+00:00\" \/>\n<meta property=\"og:image\" content=\"https:\/\/erki24nd3ub.exactdn.com\/wp-content\/uploads\/dream\/img\/img_137047_1c570ed534729ea59c55bb9a3a1ccc46_1.jpg?strip=all\" \/>\n\t<meta property=\"og:image:width\" content=\"800\" \/>\n\t<meta property=\"og:image:height\" content=\"800\" \/>\n\t<meta property=\"og:image:type\" content=\"image\/jpeg\" \/>\n<meta name=\"twitter:card\" content=\"summary_large_image\" \/>\n<meta name=\"twitter:label1\" content=\"Tempo estimado de leitura\" \/>\n\t<meta name=\"twitter:data1\" content=\"1 minuto\" \/>\n<script type=\"application\/ld+json\" class=\"yoast-schema-graph\">{\"@context\":\"https:\\\/\\\/schema.org\",\"@graph\":[{\"@type\":\"WebPage\",\"@id\":\"https:\\\/\\\/lovme.pt\\\/index.php\\\/produto\\\/duracell-plus-power-100-bateria-alcalina-aa-lr6-10-unidade\\\/\",\"url\":\"https:\\\/\\\/lovme.pt\\\/index.php\\\/produto\\\/duracell-plus-power-100-bateria-alcalina-aa-lr6-10-unidade\\\/\",\"name\":\"DURACELL - PLUS POWER 100 BATERIA ALCALINA AA LR6 10 UNIDADE - Lovme\",\"isPartOf\":{\"@id\":\"https:\\\/\\\/lovme.pt\\\/#website\"},\"primaryImageOfPage\":{\"@id\":\"https:\\\/\\\/lovme.pt\\\/index.php\\\/produto\\\/duracell-plus-power-100-bateria-alcalina-aa-lr6-10-unidade\\\/#primaryimage\"},\"image\":{\"@id\":\"https:\\\/\\\/lovme.pt\\\/index.php\\\/produto\\\/duracell-plus-power-100-bateria-alcalina-aa-lr6-10-unidade\\\/#primaryimage\"},\"thumbnailUrl\":\"https:\\\/\\\/erki24nd3ub.exactdn.com\\\/wp-content\\\/uploads\\\/dream\\\/img\\\/img_137047_1c570ed534729ea59c55bb9a3a1ccc46_1.jpg?strip=all\",\"datePublished\":\"2025-10-01T03:13:05+00:00\",\"dateModified\":\"2026-02-19T20:22:39+00:00\",\"breadcrumb\":{\"@id\":\"https:\\\/\\\/lovme.pt\\\/index.php\\\/produto\\\/duracell-plus-power-100-bateria-alcalina-aa-lr6-10-unidade\\\/#breadcrumb\"},\"inLanguage\":\"pt-PT\",\"potentialAction\":[{\"@type\":\"ReadAction\",\"target\":[\"https:\\\/\\\/lovme.pt\\\/index.php\\\/produto\\\/duracell-plus-power-100-bateria-alcalina-aa-lr6-10-unidade\\\/\"]}]},{\"@type\":\"ImageObject\",\"inLanguage\":\"pt-PT\",\"@id\":\"https:\\\/\\\/lovme.pt\\\/index.php\\\/produto\\\/duracell-plus-power-100-bateria-alcalina-aa-lr6-10-unidade\\\/#primaryimage\",\"url\":\"https:\\\/\\\/erki24nd3ub.exactdn.com\\\/wp-content\\\/uploads\\\/dream\\\/img\\\/img_137047_1c570ed534729ea59c55bb9a3a1ccc46_1.jpg?strip=all\",\"contentUrl\":\"https:\\\/\\\/erki24nd3ub.exactdn.com\\\/wp-content\\\/uploads\\\/dream\\\/img\\\/img_137047_1c570ed534729ea59c55bb9a3a1ccc46_1.jpg?strip=all\",\"width\":800,\"height\":800},{\"@type\":\"BreadcrumbList\",\"@id\":\"https:\\\/\\\/lovme.pt\\\/index.php\\\/produto\\\/duracell-plus-power-100-bateria-alcalina-aa-lr6-10-unidade\\\/#breadcrumb\",\"itemListElement\":[{\"@type\":\"ListItem\",\"position\":1,\"name\":\"In\u00edcio\",\"item\":\"https:\\\/\\\/lovme.pt\\\/\"},{\"@type\":\"ListItem\",\"position\":2,\"name\":\"Loja\",\"item\":\"https:\\\/\\\/lovme.pt\\\/index.php\\\/loja\\\/\"},{\"@type\":\"ListItem\",\"position\":3,\"name\":\"DURACELL &#8211; PLUS POWER 100 BATERIA ALCALINA AA LR6 10 UNIDADE\"}]},{\"@type\":\"WebSite\",\"@id\":\"https:\\\/\\\/lovme.pt\\\/#website\",\"url\":\"https:\\\/\\\/lovme.pt\\\/\",\"name\":\"Lovme Loja Er\u00f3tica N\u00ba1 em Portugal\",\"description\":\"A melhor loja er\u00f3tica de Portugal.\",\"alternateName\":\"Loja Er\u00f3tica Lovme\",\"potentialAction\":[{\"@type\":\"SearchAction\",\"target\":{\"@type\":\"EntryPoint\",\"urlTemplate\":\"https:\\\/\\\/lovme.pt\\\/?s={search_term_string}\"},\"query-input\":{\"@type\":\"PropertyValueSpecification\",\"valueRequired\":true,\"valueName\":\"search_term_string\"}}],\"inLanguage\":\"pt-PT\"}]}<\/script>\n<!-- \/ Yoast SEO plugin. -->","yoast_head_json":{"title":"DURACELL - PLUS POWER 100 BATERIA ALCALINA AA LR6 10 UNIDADE - Lovme","robots":{"index":"index","follow":"follow","max-snippet":"max-snippet:-1","max-image-preview":"max-image-preview:large","max-video-preview":"max-video-preview:-1"},"canonical":"https:\/\/lovme.pt\/index.php\/produto\/duracell-plus-power-100-bateria-alcalina-aa-lr6-10-unidade\/","og_locale":"pt_PT","og_type":"article","og_title":"DURACELL - PLUS POWER 100 BATERIA ALCALINA AA LR6 10 UNIDADE - Lovme","og_description":"DURACELL - PLUS POWER 100 BATERIA ALCALINA AA LR6 10 UNIDADE","og_url":"https:\/\/lovme.pt\/index.php\/produto\/duracell-plus-power-100-bateria-alcalina-aa-lr6-10-unidade\/","og_site_name":"Lovme","article_modified_time":"2026-02-19T20:22:39+00:00","og_image":[{"width":800,"height":800,"url":"https:\/\/erki24nd3ub.exactdn.com\/wp-content\/uploads\/dream\/img\/img_137047_1c570ed534729ea59c55bb9a3a1ccc46_1.jpg?strip=all","type":"image\/jpeg"}],"twitter_card":"summary_large_image","twitter_misc":{"Tempo estimado de leitura":"1 minuto"},"schema":{"@context":"https:\/\/schema.org","@graph":[{"@type":"WebPage","@id":"https:\/\/lovme.pt\/index.php\/produto\/duracell-plus-power-100-bateria-alcalina-aa-lr6-10-unidade\/","url":"https:\/\/lovme.pt\/index.php\/produto\/duracell-plus-power-100-bateria-alcalina-aa-lr6-10-unidade\/","name":"DURACELL - PLUS POWER 100 BATERIA ALCALINA AA LR6 10 UNIDADE - Lovme","isPartOf":{"@id":"https:\/\/lovme.pt\/#website"},"primaryImageOfPage":{"@id":"https:\/\/lovme.pt\/index.php\/produto\/duracell-plus-power-100-bateria-alcalina-aa-lr6-10-unidade\/#primaryimage"},"image":{"@id":"https:\/\/lovme.pt\/index.php\/produto\/duracell-plus-power-100-bateria-alcalina-aa-lr6-10-unidade\/#primaryimage"},"thumbnailUrl":"https:\/\/erki24nd3ub.exactdn.com\/wp-content\/uploads\/dream\/img\/img_137047_1c570ed534729ea59c55bb9a3a1ccc46_1.jpg?strip=all","datePublished":"2025-10-01T03:13:05+00:00","dateModified":"2026-02-19T20:22:39+00:00","breadcrumb":{"@id":"https:\/\/lovme.pt\/index.php\/produto\/duracell-plus-power-100-bateria-alcalina-aa-lr6-10-unidade\/#breadcrumb"},"inLanguage":"pt-PT","potentialAction":[{"@type":"ReadAction","target":["https:\/\/lovme.pt\/index.php\/produto\/duracell-plus-power-100-bateria-alcalina-aa-lr6-10-unidade\/"]}]},{"@type":"ImageObject","inLanguage":"pt-PT","@id":"https:\/\/lovme.pt\/index.php\/produto\/duracell-plus-power-100-bateria-alcalina-aa-lr6-10-unidade\/#primaryimage","url":"https:\/\/erki24nd3ub.exactdn.com\/wp-content\/uploads\/dream\/img\/img_137047_1c570ed534729ea59c55bb9a3a1ccc46_1.jpg?strip=all","contentUrl":"https:\/\/erki24nd3ub.exactdn.com\/wp-content\/uploads\/dream\/img\/img_137047_1c570ed534729ea59c55bb9a3a1ccc46_1.jpg?strip=all","width":800,"height":800},{"@type":"BreadcrumbList","@id":"https:\/\/lovme.pt\/index.php\/produto\/duracell-plus-power-100-bateria-alcalina-aa-lr6-10-unidade\/#breadcrumb","itemListElement":[{"@type":"ListItem","position":1,"name":"In\u00edcio","item":"https:\/\/lovme.pt\/"},{"@type":"ListItem","position":2,"name":"Loja","item":"https:\/\/lovme.pt\/index.php\/loja\/"},{"@type":"ListItem","position":3,"name":"DURACELL &#8211; PLUS POWER 100 BATERIA ALCALINA AA LR6 10 UNIDADE"}]},{"@type":"WebSite","@id":"https:\/\/lovme.pt\/#website","url":"https:\/\/lovme.pt\/","name":"Lovme Loja Er\u00f3tica N\u00ba1 em Portugal","description":"A melhor loja er\u00f3tica de Portugal.","alternateName":"Loja Er\u00f3tica Lovme","potentialAction":[{"@type":"SearchAction","target":{"@type":"EntryPoint","urlTemplate":"https:\/\/lovme.pt\/?s={search_term_string}"},"query-input":{"@type":"PropertyValueSpecification","valueRequired":true,"valueName":"search_term_string"}}],"inLanguage":"pt-PT"}]}},"_links":{"self":[{"href":"https:\/\/lovme.pt\/index.php\/wp-json\/wp\/v2\/product\/41854","targetHints":{"allow":["GET"]}}],"collection":[{"href":"https:\/\/lovme.pt\/index.php\/wp-json\/wp\/v2\/product"}],"about":[{"href":"https:\/\/lovme.pt\/index.php\/wp-json\/wp\/v2\/types\/product"}],"wp:featuredmedia":[{"embeddable":true,"href":"https:\/\/lovme.pt\/index.php\/wp-json\/wp\/v2\/media\/102110"}],"wp:attachment":[{"href":"https:\/\/lovme.pt\/index.php\/wp-json\/wp\/v2\/media?parent=41854"}],"wp:term":[{"taxonomy":"product_brand","embeddable":true,"href":"https:\/\/lovme.pt\/index.php\/wp-json\/wp\/v2\/product_brand?post=41854"},{"taxonomy":"product_cat","embeddable":true,"href":"https:\/\/lovme.pt\/index.php\/wp-json\/wp\/v2\/product_cat?post=41854"},{"taxonomy":"product_tag","embeddable":true,"href":"https:\/\/lovme.pt\/index.php\/wp-json\/wp\/v2\/product_tag?post=41854"}],"curies":[{"name":"wp","href":"https:\/\/api.w.org\/{rel}","templated":true}]}}