{"id":41853,"date":"2025-10-01T03:13:04","date_gmt":"2025-10-01T03:13:04","guid":{"rendered":"https:\/\/lovme.pt\/?post_type=product&p=41853"},"modified":"2026-02-19T20:22:39","modified_gmt":"2026-02-19T20:22:39","slug":"duracell-bateria-alcalina-optimum-200-aaa-lr03-12-unidade","status":"publish","type":"product","link":"https:\/\/lovme.pt\/index.php\/produto\/duracell-bateria-alcalina-optimum-200-aaa-lr03-12-unidade\/","title":{"rendered":"DURACELL &#8211; BATERIA ALCALINA OPTIMUM 200 AAA LR03 12 UNIDADE"},"content":{"rendered":"<p>As pilhas alcalinas Duracell Plus AAA s\u00e3o ideais para alimentar todos os seus dispositivos do dia a dia.<\/p>\n<p> A inova\u00e7\u00e3o mais revolucion\u00e1ria da Duracell at\u00e9 hoje. A nova bateria alcalina Duracell Optimum apresenta um novo sistema cat\u00f3dico que pode proporcionar uma vida \u00fatil at\u00e9 200% mais longa ou mais energia, permitindo-lhe obter o melhor desempenho dos seus dispositivos. Duracell Optimum durar\u00e1 mais que as baterias alcalinas Duracell anteriores em uma ampla variedade de dispositivos de m\u00e9dia a alta pot\u00eancia.<\/p>\n<p> As baterias Duracell n\u00e3o utilizadas podem manter a energia por at\u00e9 10 anos quando armazenadas em temperatura ambiente.<\/p>\n<p> Essas baterias s\u00e3o recomendadas pela Duracell para dispositivos de uso di\u00e1rio, como c\u00e2meras digitais, flashes fotogr\u00e1ficos, brinquedos ou alto-falantes sem fio e, claro, s\u00e3o ideais para dispositivos comumente usados, como lanternas, controladores de jogos port\u00e1teis, l\u00e2minas de barbear e escovas de dente. dentes e muitos outros.<\/p>\n<p> <strong>CARACTER\u00cdSTICAS T\u00c9CNICAS:<\/strong><\/p>\n<ul>\n<li> Marca: Duracell<\/li>\n<li> Tipo: AAA LR03<\/li>\n<li> Tecnologia: Alcalina<\/li>\n<li> Tens\u00e3o: 1,5V<\/li>\n<li> Embalagem inovadora: armazenamento ideal para baterias novas e usadas<\/li>\n<\/ul>\n","protected":false},"excerpt":{"rendered":"<p>DURACELL &#8211; BATERIA ALCALINA OPTIMUM 200 AAA LR03 12 UNIDADE<\/p>\n","protected":false},"featured_media":102109,"template":"","meta":{"_acf_changed":false},"product_brand":[],"product_cat":[17,15],"product_tag":[],"class_list":{"0":"post-41853","1":"product","2":"type-product","3":"status-publish","4":"has-post-thumbnail","6":"product_cat-brinquedos-de-bem-estar-sexual","7":"product_cat-loja","8":"yith_product_brand-duracell","10":"first","11":"instock","12":"taxable","13":"shipping-taxable","14":"purchasable","15":"product-type-simple"},"acf":[],"yoast_head":"<!-- This site is optimized with the Yoast SEO plugin v27.4 - https:\/\/yoast.com\/product\/yoast-seo-wordpress\/ -->\n<title>DURACELL - BATERIA ALCALINA OPTIMUM 200 AAA LR03 12 UNIDADE - Lovme<\/title>\n<meta name=\"robots\" content=\"index, follow, max-snippet:-1, max-image-preview:large, max-video-preview:-1\" \/>\n<link rel=\"canonical\" href=\"https:\/\/lovme.pt\/index.php\/produto\/duracell-bateria-alcalina-optimum-200-aaa-lr03-12-unidade\/\" \/>\n<meta property=\"og:locale\" content=\"pt_PT\" \/>\n<meta property=\"og:type\" content=\"article\" \/>\n<meta property=\"og:title\" content=\"DURACELL - BATERIA ALCALINA OPTIMUM 200 AAA LR03 12 UNIDADE - Lovme\" \/>\n<meta property=\"og:description\" content=\"DURACELL - BATERIA ALCALINA OPTIMUM 200 AAA LR03 12 UNIDADE\" \/>\n<meta property=\"og:url\" content=\"https:\/\/lovme.pt\/index.php\/produto\/duracell-bateria-alcalina-optimum-200-aaa-lr03-12-unidade\/\" \/>\n<meta property=\"og:site_name\" content=\"Lovme\" \/>\n<meta property=\"article:modified_time\" content=\"2026-02-19T20:22:39+00:00\" \/>\n<meta property=\"og:image\" content=\"https:\/\/erki24nd3ub.exactdn.com\/wp-content\/uploads\/dream\/img\/img_137021_a30753e86ce32b77d11587d30c87aeb7_1.jpg?strip=all\" \/>\n\t<meta property=\"og:image:width\" content=\"800\" \/>\n\t<meta property=\"og:image:height\" content=\"800\" \/>\n\t<meta property=\"og:image:type\" content=\"image\/jpeg\" \/>\n<meta name=\"twitter:card\" content=\"summary_large_image\" \/>\n<meta name=\"twitter:label1\" content=\"Tempo estimado de leitura\" \/>\n\t<meta name=\"twitter:data1\" content=\"1 minuto\" \/>\n<script type=\"application\/ld+json\" class=\"yoast-schema-graph\">{\"@context\":\"https:\\\/\\\/schema.org\",\"@graph\":[{\"@type\":\"WebPage\",\"@id\":\"https:\\\/\\\/lovme.pt\\\/index.php\\\/produto\\\/duracell-bateria-alcalina-optimum-200-aaa-lr03-12-unidade\\\/\",\"url\":\"https:\\\/\\\/lovme.pt\\\/index.php\\\/produto\\\/duracell-bateria-alcalina-optimum-200-aaa-lr03-12-unidade\\\/\",\"name\":\"DURACELL - BATERIA ALCALINA OPTIMUM 200 AAA LR03 12 UNIDADE - Lovme\",\"isPartOf\":{\"@id\":\"https:\\\/\\\/lovme.pt\\\/#website\"},\"primaryImageOfPage\":{\"@id\":\"https:\\\/\\\/lovme.pt\\\/index.php\\\/produto\\\/duracell-bateria-alcalina-optimum-200-aaa-lr03-12-unidade\\\/#primaryimage\"},\"image\":{\"@id\":\"https:\\\/\\\/lovme.pt\\\/index.php\\\/produto\\\/duracell-bateria-alcalina-optimum-200-aaa-lr03-12-unidade\\\/#primaryimage\"},\"thumbnailUrl\":\"https:\\\/\\\/erki24nd3ub.exactdn.com\\\/wp-content\\\/uploads\\\/dream\\\/img\\\/img_137021_a30753e86ce32b77d11587d30c87aeb7_1.jpg?strip=all\",\"datePublished\":\"2025-10-01T03:13:04+00:00\",\"dateModified\":\"2026-02-19T20:22:39+00:00\",\"breadcrumb\":{\"@id\":\"https:\\\/\\\/lovme.pt\\\/index.php\\\/produto\\\/duracell-bateria-alcalina-optimum-200-aaa-lr03-12-unidade\\\/#breadcrumb\"},\"inLanguage\":\"pt-PT\",\"potentialAction\":[{\"@type\":\"ReadAction\",\"target\":[\"https:\\\/\\\/lovme.pt\\\/index.php\\\/produto\\\/duracell-bateria-alcalina-optimum-200-aaa-lr03-12-unidade\\\/\"]}]},{\"@type\":\"ImageObject\",\"inLanguage\":\"pt-PT\",\"@id\":\"https:\\\/\\\/lovme.pt\\\/index.php\\\/produto\\\/duracell-bateria-alcalina-optimum-200-aaa-lr03-12-unidade\\\/#primaryimage\",\"url\":\"https:\\\/\\\/erki24nd3ub.exactdn.com\\\/wp-content\\\/uploads\\\/dream\\\/img\\\/img_137021_a30753e86ce32b77d11587d30c87aeb7_1.jpg?strip=all\",\"contentUrl\":\"https:\\\/\\\/erki24nd3ub.exactdn.com\\\/wp-content\\\/uploads\\\/dream\\\/img\\\/img_137021_a30753e86ce32b77d11587d30c87aeb7_1.jpg?strip=all\",\"width\":800,\"height\":800},{\"@type\":\"BreadcrumbList\",\"@id\":\"https:\\\/\\\/lovme.pt\\\/index.php\\\/produto\\\/duracell-bateria-alcalina-optimum-200-aaa-lr03-12-unidade\\\/#breadcrumb\",\"itemListElement\":[{\"@type\":\"ListItem\",\"position\":1,\"name\":\"In\u00edcio\",\"item\":\"https:\\\/\\\/lovme.pt\\\/\"},{\"@type\":\"ListItem\",\"position\":2,\"name\":\"Loja\",\"item\":\"https:\\\/\\\/lovme.pt\\\/index.php\\\/loja\\\/\"},{\"@type\":\"ListItem\",\"position\":3,\"name\":\"DURACELL &#8211; BATERIA ALCALINA OPTIMUM 200 AAA LR03 12 UNIDADE\"}]},{\"@type\":\"WebSite\",\"@id\":\"https:\\\/\\\/lovme.pt\\\/#website\",\"url\":\"https:\\\/\\\/lovme.pt\\\/\",\"name\":\"Lovme Loja Er\u00f3tica N\u00ba1 em Portugal\",\"description\":\"A melhor loja er\u00f3tica de Portugal.\",\"alternateName\":\"Loja Er\u00f3tica Lovme\",\"potentialAction\":[{\"@type\":\"SearchAction\",\"target\":{\"@type\":\"EntryPoint\",\"urlTemplate\":\"https:\\\/\\\/lovme.pt\\\/?s={search_term_string}\"},\"query-input\":{\"@type\":\"PropertyValueSpecification\",\"valueRequired\":true,\"valueName\":\"search_term_string\"}}],\"inLanguage\":\"pt-PT\"}]}<\/script>\n<!-- \/ Yoast SEO plugin. -->","yoast_head_json":{"title":"DURACELL - BATERIA ALCALINA OPTIMUM 200 AAA LR03 12 UNIDADE - Lovme","robots":{"index":"index","follow":"follow","max-snippet":"max-snippet:-1","max-image-preview":"max-image-preview:large","max-video-preview":"max-video-preview:-1"},"canonical":"https:\/\/lovme.pt\/index.php\/produto\/duracell-bateria-alcalina-optimum-200-aaa-lr03-12-unidade\/","og_locale":"pt_PT","og_type":"article","og_title":"DURACELL - BATERIA ALCALINA OPTIMUM 200 AAA LR03 12 UNIDADE - Lovme","og_description":"DURACELL - BATERIA ALCALINA OPTIMUM 200 AAA LR03 12 UNIDADE","og_url":"https:\/\/lovme.pt\/index.php\/produto\/duracell-bateria-alcalina-optimum-200-aaa-lr03-12-unidade\/","og_site_name":"Lovme","article_modified_time":"2026-02-19T20:22:39+00:00","og_image":[{"width":800,"height":800,"url":"https:\/\/erki24nd3ub.exactdn.com\/wp-content\/uploads\/dream\/img\/img_137021_a30753e86ce32b77d11587d30c87aeb7_1.jpg?strip=all","type":"image\/jpeg"}],"twitter_card":"summary_large_image","twitter_misc":{"Tempo estimado de leitura":"1 minuto"},"schema":{"@context":"https:\/\/schema.org","@graph":[{"@type":"WebPage","@id":"https:\/\/lovme.pt\/index.php\/produto\/duracell-bateria-alcalina-optimum-200-aaa-lr03-12-unidade\/","url":"https:\/\/lovme.pt\/index.php\/produto\/duracell-bateria-alcalina-optimum-200-aaa-lr03-12-unidade\/","name":"DURACELL - BATERIA ALCALINA OPTIMUM 200 AAA LR03 12 UNIDADE - Lovme","isPartOf":{"@id":"https:\/\/lovme.pt\/#website"},"primaryImageOfPage":{"@id":"https:\/\/lovme.pt\/index.php\/produto\/duracell-bateria-alcalina-optimum-200-aaa-lr03-12-unidade\/#primaryimage"},"image":{"@id":"https:\/\/lovme.pt\/index.php\/produto\/duracell-bateria-alcalina-optimum-200-aaa-lr03-12-unidade\/#primaryimage"},"thumbnailUrl":"https:\/\/erki24nd3ub.exactdn.com\/wp-content\/uploads\/dream\/img\/img_137021_a30753e86ce32b77d11587d30c87aeb7_1.jpg?strip=all","datePublished":"2025-10-01T03:13:04+00:00","dateModified":"2026-02-19T20:22:39+00:00","breadcrumb":{"@id":"https:\/\/lovme.pt\/index.php\/produto\/duracell-bateria-alcalina-optimum-200-aaa-lr03-12-unidade\/#breadcrumb"},"inLanguage":"pt-PT","potentialAction":[{"@type":"ReadAction","target":["https:\/\/lovme.pt\/index.php\/produto\/duracell-bateria-alcalina-optimum-200-aaa-lr03-12-unidade\/"]}]},{"@type":"ImageObject","inLanguage":"pt-PT","@id":"https:\/\/lovme.pt\/index.php\/produto\/duracell-bateria-alcalina-optimum-200-aaa-lr03-12-unidade\/#primaryimage","url":"https:\/\/erki24nd3ub.exactdn.com\/wp-content\/uploads\/dream\/img\/img_137021_a30753e86ce32b77d11587d30c87aeb7_1.jpg?strip=all","contentUrl":"https:\/\/erki24nd3ub.exactdn.com\/wp-content\/uploads\/dream\/img\/img_137021_a30753e86ce32b77d11587d30c87aeb7_1.jpg?strip=all","width":800,"height":800},{"@type":"BreadcrumbList","@id":"https:\/\/lovme.pt\/index.php\/produto\/duracell-bateria-alcalina-optimum-200-aaa-lr03-12-unidade\/#breadcrumb","itemListElement":[{"@type":"ListItem","position":1,"name":"In\u00edcio","item":"https:\/\/lovme.pt\/"},{"@type":"ListItem","position":2,"name":"Loja","item":"https:\/\/lovme.pt\/index.php\/loja\/"},{"@type":"ListItem","position":3,"name":"DURACELL &#8211; BATERIA ALCALINA OPTIMUM 200 AAA LR03 12 UNIDADE"}]},{"@type":"WebSite","@id":"https:\/\/lovme.pt\/#website","url":"https:\/\/lovme.pt\/","name":"Lovme Loja Er\u00f3tica N\u00ba1 em Portugal","description":"A melhor loja er\u00f3tica de Portugal.","alternateName":"Loja Er\u00f3tica Lovme","potentialAction":[{"@type":"SearchAction","target":{"@type":"EntryPoint","urlTemplate":"https:\/\/lovme.pt\/?s={search_term_string}"},"query-input":{"@type":"PropertyValueSpecification","valueRequired":true,"valueName":"search_term_string"}}],"inLanguage":"pt-PT"}]}},"_links":{"self":[{"href":"https:\/\/lovme.pt\/index.php\/wp-json\/wp\/v2\/product\/41853","targetHints":{"allow":["GET"]}}],"collection":[{"href":"https:\/\/lovme.pt\/index.php\/wp-json\/wp\/v2\/product"}],"about":[{"href":"https:\/\/lovme.pt\/index.php\/wp-json\/wp\/v2\/types\/product"}],"wp:featuredmedia":[{"embeddable":true,"href":"https:\/\/lovme.pt\/index.php\/wp-json\/wp\/v2\/media\/102109"}],"wp:attachment":[{"href":"https:\/\/lovme.pt\/index.php\/wp-json\/wp\/v2\/media?parent=41853"}],"wp:term":[{"taxonomy":"product_brand","embeddable":true,"href":"https:\/\/lovme.pt\/index.php\/wp-json\/wp\/v2\/product_brand?post=41853"},{"taxonomy":"product_cat","embeddable":true,"href":"https:\/\/lovme.pt\/index.php\/wp-json\/wp\/v2\/product_cat?post=41853"},{"taxonomy":"product_tag","embeddable":true,"href":"https:\/\/lovme.pt\/index.php\/wp-json\/wp\/v2\/product_tag?post=41853"}],"curies":[{"name":"wp","href":"https:\/\/api.w.org\/{rel}","templated":true}]}}