{"id":41852,"date":"2025-10-01T03:13:03","date_gmt":"2025-10-01T03:13:03","guid":{"rendered":"https:\/\/lovme.pt\/?post_type=product&p=41852"},"modified":"2026-02-19T20:22:39","modified_gmt":"2026-02-19T20:22:39","slug":"duracell-bateria-boto-litio-cr2450-3v-1-unidade","status":"publish","type":"product","link":"https:\/\/lovme.pt\/index.php\/produto\/duracell-bateria-boto-litio-cr2450-3v-1-unidade\/","title":{"rendered":"DURACELL &#8211; BATERIA BOTO LITIO CR2450 3V 1 UNIDADE"},"content":{"rendered":"<p>A maior capacidade da c\u00e9lula CR2450 permite que a bateria forne\u00e7a um n\u00edvel de desempenho mais alto do que algumas baterias de zinco compar\u00e1veis. Essas baterias oferecem uma taxa de descarga anual muito baixa, em torno de 2%, com capacidade de serem armazenadas por dez anos, sem perder muito da carga original. O design leve e compacto desta bateria a torna perfeita para f\u00e1cil armazenamento, para que os consumidores possam ter tudo \u00e0 m\u00e3o para todos os seus pequenos dispositivos eletr\u00f4nicos que utilizam esse tipo de bateria. Um de seus usos mais comuns \u00e9 em dispositivos port\u00e1teis de monitoramento m\u00e9dico, como monitores de frequ\u00eancia card\u00edaca, glicos\u00edmetros e medidores industriais. Com vida \u00fatil de at\u00e9 dez anos, essa bateria \u00e9 uma op\u00e7\u00e3o econ\u00f4mica que permite manter seus equipamentos eletr\u00f4nicos funcionando.<\/p>\n<p> <strong>CARACTER\u00cdSTICAS T\u00c9CNICAS:<\/strong><br \/>  Modelo: DRB2450<br \/>  Marca: Duracell<br \/>  Tipo: CR2450<br \/>  Tecnologia: L\u00edtio<br \/>  Tens\u00e3o: 3V<br \/>  Usos: Calculadoras, rel\u00f3gios de pulso, controles remotos, alarmes de carros, chaveiros de carros&#8230;<\/p>\n","protected":false},"excerpt":{"rendered":"<p>DURACELL &#8211; BATERIA BOTO LITIO CR2450 3V 1 UNIDADE<\/p>\n","protected":false},"featured_media":102108,"template":"","meta":{"_acf_changed":false},"product_brand":[],"product_cat":[17,15],"product_tag":[],"class_list":{"0":"post-41852","1":"product","2":"type-product","3":"status-publish","4":"has-post-thumbnail","6":"product_cat-brinquedos-de-bem-estar-sexual","7":"product_cat-loja","8":"yith_product_brand-duracell","10":"first","11":"instock","12":"taxable","13":"shipping-taxable","14":"purchasable","15":"product-type-simple"},"acf":[],"yoast_head":"<!-- This site is optimized with the Yoast SEO plugin v27.4 - https:\/\/yoast.com\/product\/yoast-seo-wordpress\/ -->\n<title>DURACELL - BATERIA BOTO LITIO CR2450 3V 1 UNIDADE - Lovme<\/title>\n<meta name=\"robots\" content=\"index, follow, max-snippet:-1, max-image-preview:large, max-video-preview:-1\" \/>\n<link rel=\"canonical\" href=\"https:\/\/lovme.pt\/index.php\/produto\/duracell-bateria-boto-litio-cr2450-3v-1-unidade\/\" \/>\n<meta property=\"og:locale\" content=\"pt_PT\" \/>\n<meta property=\"og:type\" content=\"article\" \/>\n<meta property=\"og:title\" content=\"DURACELL - BATERIA BOTO LITIO CR2450 3V 1 UNIDADE - Lovme\" \/>\n<meta property=\"og:description\" content=\"DURACELL - BATERIA BOTO LITIO CR2450 3V 1 UNIDADE\" \/>\n<meta property=\"og:url\" content=\"https:\/\/lovme.pt\/index.php\/produto\/duracell-bateria-boto-litio-cr2450-3v-1-unidade\/\" \/>\n<meta property=\"og:site_name\" content=\"Lovme\" \/>\n<meta property=\"article:modified_time\" content=\"2026-02-19T20:22:39+00:00\" \/>\n<meta property=\"og:image\" content=\"https:\/\/erki24nd3ub.exactdn.com\/wp-content\/uploads\/dream\/img\/img_137018_46b5f900badcb7fb7bc9c8b6ebc45fec_1.jpg?strip=all\" \/>\n\t<meta property=\"og:image:width\" content=\"800\" \/>\n\t<meta property=\"og:image:height\" content=\"800\" \/>\n\t<meta property=\"og:image:type\" content=\"image\/jpeg\" \/>\n<meta name=\"twitter:card\" content=\"summary_large_image\" \/>\n<meta name=\"twitter:label1\" content=\"Tempo estimado de leitura\" \/>\n\t<meta name=\"twitter:data1\" content=\"1 minuto\" \/>\n<script type=\"application\/ld+json\" class=\"yoast-schema-graph\">{\"@context\":\"https:\\\/\\\/schema.org\",\"@graph\":[{\"@type\":\"WebPage\",\"@id\":\"https:\\\/\\\/lovme.pt\\\/index.php\\\/produto\\\/duracell-bateria-boto-litio-cr2450-3v-1-unidade\\\/\",\"url\":\"https:\\\/\\\/lovme.pt\\\/index.php\\\/produto\\\/duracell-bateria-boto-litio-cr2450-3v-1-unidade\\\/\",\"name\":\"DURACELL - BATERIA BOTO LITIO CR2450 3V 1 UNIDADE - Lovme\",\"isPartOf\":{\"@id\":\"https:\\\/\\\/lovme.pt\\\/#website\"},\"primaryImageOfPage\":{\"@id\":\"https:\\\/\\\/lovme.pt\\\/index.php\\\/produto\\\/duracell-bateria-boto-litio-cr2450-3v-1-unidade\\\/#primaryimage\"},\"image\":{\"@id\":\"https:\\\/\\\/lovme.pt\\\/index.php\\\/produto\\\/duracell-bateria-boto-litio-cr2450-3v-1-unidade\\\/#primaryimage\"},\"thumbnailUrl\":\"https:\\\/\\\/erki24nd3ub.exactdn.com\\\/wp-content\\\/uploads\\\/dream\\\/img\\\/img_137018_46b5f900badcb7fb7bc9c8b6ebc45fec_1.jpg?strip=all\",\"datePublished\":\"2025-10-01T03:13:03+00:00\",\"dateModified\":\"2026-02-19T20:22:39+00:00\",\"breadcrumb\":{\"@id\":\"https:\\\/\\\/lovme.pt\\\/index.php\\\/produto\\\/duracell-bateria-boto-litio-cr2450-3v-1-unidade\\\/#breadcrumb\"},\"inLanguage\":\"pt-PT\",\"potentialAction\":[{\"@type\":\"ReadAction\",\"target\":[\"https:\\\/\\\/lovme.pt\\\/index.php\\\/produto\\\/duracell-bateria-boto-litio-cr2450-3v-1-unidade\\\/\"]}]},{\"@type\":\"ImageObject\",\"inLanguage\":\"pt-PT\",\"@id\":\"https:\\\/\\\/lovme.pt\\\/index.php\\\/produto\\\/duracell-bateria-boto-litio-cr2450-3v-1-unidade\\\/#primaryimage\",\"url\":\"https:\\\/\\\/erki24nd3ub.exactdn.com\\\/wp-content\\\/uploads\\\/dream\\\/img\\\/img_137018_46b5f900badcb7fb7bc9c8b6ebc45fec_1.jpg?strip=all\",\"contentUrl\":\"https:\\\/\\\/erki24nd3ub.exactdn.com\\\/wp-content\\\/uploads\\\/dream\\\/img\\\/img_137018_46b5f900badcb7fb7bc9c8b6ebc45fec_1.jpg?strip=all\",\"width\":800,\"height\":800},{\"@type\":\"BreadcrumbList\",\"@id\":\"https:\\\/\\\/lovme.pt\\\/index.php\\\/produto\\\/duracell-bateria-boto-litio-cr2450-3v-1-unidade\\\/#breadcrumb\",\"itemListElement\":[{\"@type\":\"ListItem\",\"position\":1,\"name\":\"In\u00edcio\",\"item\":\"https:\\\/\\\/lovme.pt\\\/\"},{\"@type\":\"ListItem\",\"position\":2,\"name\":\"Loja\",\"item\":\"https:\\\/\\\/lovme.pt\\\/index.php\\\/loja\\\/\"},{\"@type\":\"ListItem\",\"position\":3,\"name\":\"DURACELL &#8211; BATERIA BOTO LITIO CR2450 3V 1 UNIDADE\"}]},{\"@type\":\"WebSite\",\"@id\":\"https:\\\/\\\/lovme.pt\\\/#website\",\"url\":\"https:\\\/\\\/lovme.pt\\\/\",\"name\":\"Lovme Loja Er\u00f3tica N\u00ba1 em Portugal\",\"description\":\"A melhor loja er\u00f3tica de Portugal.\",\"alternateName\":\"Loja Er\u00f3tica Lovme\",\"potentialAction\":[{\"@type\":\"SearchAction\",\"target\":{\"@type\":\"EntryPoint\",\"urlTemplate\":\"https:\\\/\\\/lovme.pt\\\/?s={search_term_string}\"},\"query-input\":{\"@type\":\"PropertyValueSpecification\",\"valueRequired\":true,\"valueName\":\"search_term_string\"}}],\"inLanguage\":\"pt-PT\"}]}<\/script>\n<!-- \/ Yoast SEO plugin. -->","yoast_head_json":{"title":"DURACELL - BATERIA BOTO LITIO CR2450 3V 1 UNIDADE - Lovme","robots":{"index":"index","follow":"follow","max-snippet":"max-snippet:-1","max-image-preview":"max-image-preview:large","max-video-preview":"max-video-preview:-1"},"canonical":"https:\/\/lovme.pt\/index.php\/produto\/duracell-bateria-boto-litio-cr2450-3v-1-unidade\/","og_locale":"pt_PT","og_type":"article","og_title":"DURACELL - BATERIA BOTO LITIO CR2450 3V 1 UNIDADE - Lovme","og_description":"DURACELL - BATERIA BOTO LITIO CR2450 3V 1 UNIDADE","og_url":"https:\/\/lovme.pt\/index.php\/produto\/duracell-bateria-boto-litio-cr2450-3v-1-unidade\/","og_site_name":"Lovme","article_modified_time":"2026-02-19T20:22:39+00:00","og_image":[{"width":800,"height":800,"url":"https:\/\/erki24nd3ub.exactdn.com\/wp-content\/uploads\/dream\/img\/img_137018_46b5f900badcb7fb7bc9c8b6ebc45fec_1.jpg?strip=all","type":"image\/jpeg"}],"twitter_card":"summary_large_image","twitter_misc":{"Tempo estimado de leitura":"1 minuto"},"schema":{"@context":"https:\/\/schema.org","@graph":[{"@type":"WebPage","@id":"https:\/\/lovme.pt\/index.php\/produto\/duracell-bateria-boto-litio-cr2450-3v-1-unidade\/","url":"https:\/\/lovme.pt\/index.php\/produto\/duracell-bateria-boto-litio-cr2450-3v-1-unidade\/","name":"DURACELL - BATERIA BOTO LITIO CR2450 3V 1 UNIDADE - Lovme","isPartOf":{"@id":"https:\/\/lovme.pt\/#website"},"primaryImageOfPage":{"@id":"https:\/\/lovme.pt\/index.php\/produto\/duracell-bateria-boto-litio-cr2450-3v-1-unidade\/#primaryimage"},"image":{"@id":"https:\/\/lovme.pt\/index.php\/produto\/duracell-bateria-boto-litio-cr2450-3v-1-unidade\/#primaryimage"},"thumbnailUrl":"https:\/\/erki24nd3ub.exactdn.com\/wp-content\/uploads\/dream\/img\/img_137018_46b5f900badcb7fb7bc9c8b6ebc45fec_1.jpg?strip=all","datePublished":"2025-10-01T03:13:03+00:00","dateModified":"2026-02-19T20:22:39+00:00","breadcrumb":{"@id":"https:\/\/lovme.pt\/index.php\/produto\/duracell-bateria-boto-litio-cr2450-3v-1-unidade\/#breadcrumb"},"inLanguage":"pt-PT","potentialAction":[{"@type":"ReadAction","target":["https:\/\/lovme.pt\/index.php\/produto\/duracell-bateria-boto-litio-cr2450-3v-1-unidade\/"]}]},{"@type":"ImageObject","inLanguage":"pt-PT","@id":"https:\/\/lovme.pt\/index.php\/produto\/duracell-bateria-boto-litio-cr2450-3v-1-unidade\/#primaryimage","url":"https:\/\/erki24nd3ub.exactdn.com\/wp-content\/uploads\/dream\/img\/img_137018_46b5f900badcb7fb7bc9c8b6ebc45fec_1.jpg?strip=all","contentUrl":"https:\/\/erki24nd3ub.exactdn.com\/wp-content\/uploads\/dream\/img\/img_137018_46b5f900badcb7fb7bc9c8b6ebc45fec_1.jpg?strip=all","width":800,"height":800},{"@type":"BreadcrumbList","@id":"https:\/\/lovme.pt\/index.php\/produto\/duracell-bateria-boto-litio-cr2450-3v-1-unidade\/#breadcrumb","itemListElement":[{"@type":"ListItem","position":1,"name":"In\u00edcio","item":"https:\/\/lovme.pt\/"},{"@type":"ListItem","position":2,"name":"Loja","item":"https:\/\/lovme.pt\/index.php\/loja\/"},{"@type":"ListItem","position":3,"name":"DURACELL &#8211; BATERIA BOTO LITIO CR2450 3V 1 UNIDADE"}]},{"@type":"WebSite","@id":"https:\/\/lovme.pt\/#website","url":"https:\/\/lovme.pt\/","name":"Lovme Loja Er\u00f3tica N\u00ba1 em Portugal","description":"A melhor loja er\u00f3tica de Portugal.","alternateName":"Loja Er\u00f3tica Lovme","potentialAction":[{"@type":"SearchAction","target":{"@type":"EntryPoint","urlTemplate":"https:\/\/lovme.pt\/?s={search_term_string}"},"query-input":{"@type":"PropertyValueSpecification","valueRequired":true,"valueName":"search_term_string"}}],"inLanguage":"pt-PT"}]}},"_links":{"self":[{"href":"https:\/\/lovme.pt\/index.php\/wp-json\/wp\/v2\/product\/41852","targetHints":{"allow":["GET"]}}],"collection":[{"href":"https:\/\/lovme.pt\/index.php\/wp-json\/wp\/v2\/product"}],"about":[{"href":"https:\/\/lovme.pt\/index.php\/wp-json\/wp\/v2\/types\/product"}],"wp:featuredmedia":[{"embeddable":true,"href":"https:\/\/lovme.pt\/index.php\/wp-json\/wp\/v2\/media\/102108"}],"wp:attachment":[{"href":"https:\/\/lovme.pt\/index.php\/wp-json\/wp\/v2\/media?parent=41852"}],"wp:term":[{"taxonomy":"product_brand","embeddable":true,"href":"https:\/\/lovme.pt\/index.php\/wp-json\/wp\/v2\/product_brand?post=41852"},{"taxonomy":"product_cat","embeddable":true,"href":"https:\/\/lovme.pt\/index.php\/wp-json\/wp\/v2\/product_cat?post=41852"},{"taxonomy":"product_tag","embeddable":true,"href":"https:\/\/lovme.pt\/index.php\/wp-json\/wp\/v2\/product_tag?post=41852"}],"curies":[{"name":"wp","href":"https:\/\/api.w.org\/{rel}","templated":true}]}}