{"id":41832,"date":"2025-10-01T03:12:52","date_gmt":"2025-10-01T03:12:52","guid":{"rendered":"https:\/\/lovme.pt\/?post_type=product&p=41832"},"modified":"2026-02-19T20:22:38","modified_gmt":"2026-02-19T20:22:38","slug":"energizer-bateria-boto-de-litio-cr2032-3v-1-unidade","status":"publish","type":"product","link":"https:\/\/lovme.pt\/index.php\/produto\/energizer-bateria-boto-de-litio-cr2032-3v-1-unidade\/","title":{"rendered":"ENERGIZER &#8211; BATERIA BOTO DE L\u00cdTIO CR2032 3V 1 UNIDADE"},"content":{"rendered":"<p>A bateria CR2032 \u00e9 usada em rel\u00f3gios, calculadoras, dispositivos PDA, dispositivos m\u00e9dicos, brinquedos, balan\u00e7as de banheiro e cozinha, ped\u00f4metros e uma infinidade de outros produtos. A c\u00e9lula CR2032 \u00e9 a bateria de l\u00edtio mais comum. \u00c9 comumente usado em placas-m\u00e3e de computadores com mem\u00f3ria BIOS n\u00e3o vol\u00e1til e baterias de backup de rel\u00f3gio em tempo real (RTC). Com vida \u00fatil de at\u00e9 dez anos, esta bateria \u00e9 uma op\u00e7\u00e3o econ\u00f4mica que permite manter seus equipamentos eletr\u00f4nicos em pleno funcionamento.<\/p>\n<p> Modelo: EGBCR2032<\/p>\n<p> Marca: Energizador<\/p>\n<p> Tipo: CR2032<\/p>\n<p> Tecnologia: L\u00edtio<\/p>\n<p> &#8211; Tens\u00e3o: 3V<\/p>\n<p> &#8211; Usos: Despertadores, CMOS, controles de carro, calculadoras &#8230;<\/p>\n","protected":false},"excerpt":{"rendered":"<p>ENERGIZER &#8211; BATERIA BOTO DE L\u00cdTIO CR2032 3V 1 UNIDADE<\/p>\n","protected":false},"featured_media":102097,"template":"","meta":{"_acf_changed":false},"product_brand":[],"product_cat":[17,15],"product_tag":[],"class_list":{"0":"post-41832","1":"product","2":"type-product","3":"status-publish","4":"has-post-thumbnail","6":"product_cat-brinquedos-de-bem-estar-sexual","7":"product_cat-loja","8":"yith_product_brand-energizer","10":"first","11":"instock","12":"taxable","13":"shipping-taxable","14":"purchasable","15":"product-type-simple"},"acf":[],"yoast_head":"<!-- This site is optimized with the Yoast SEO plugin v27.4 - https:\/\/yoast.com\/product\/yoast-seo-wordpress\/ -->\n<title>ENERGIZER - BATERIA BOTO DE L\u00cdTIO CR2032 3V 1 UNIDADE - Lovme<\/title>\n<meta name=\"robots\" content=\"index, follow, max-snippet:-1, max-image-preview:large, max-video-preview:-1\" \/>\n<link rel=\"canonical\" href=\"https:\/\/lovme.pt\/index.php\/produto\/energizer-bateria-boto-de-litio-cr2032-3v-1-unidade\/\" \/>\n<meta property=\"og:locale\" content=\"pt_PT\" \/>\n<meta property=\"og:type\" content=\"article\" \/>\n<meta property=\"og:title\" content=\"ENERGIZER - BATERIA BOTO DE L\u00cdTIO CR2032 3V 1 UNIDADE - Lovme\" \/>\n<meta property=\"og:description\" content=\"ENERGIZER - BATERIA BOTO DE L\u00cdTIO CR2032 3V 1 UNIDADE\" \/>\n<meta property=\"og:url\" content=\"https:\/\/lovme.pt\/index.php\/produto\/energizer-bateria-boto-de-litio-cr2032-3v-1-unidade\/\" \/>\n<meta property=\"og:site_name\" content=\"Lovme\" \/>\n<meta property=\"article:modified_time\" content=\"2026-02-19T20:22:38+00:00\" \/>\n<meta property=\"og:image\" content=\"https:\/\/erki24nd3ub.exactdn.com\/wp-content\/uploads\/dream\/img\/img_136985_4349b2e47c8cb557aaeca196a7576f00_1.jpg?strip=all\" \/>\n\t<meta property=\"og:image:width\" content=\"800\" \/>\n\t<meta property=\"og:image:height\" content=\"800\" \/>\n\t<meta property=\"og:image:type\" content=\"image\/jpeg\" \/>\n<meta name=\"twitter:card\" content=\"summary_large_image\" \/>\n<meta name=\"twitter:label1\" content=\"Tempo estimado de leitura\" \/>\n\t<meta name=\"twitter:data1\" content=\"1 minuto\" \/>\n<script type=\"application\/ld+json\" class=\"yoast-schema-graph\">{\"@context\":\"https:\\\/\\\/schema.org\",\"@graph\":[{\"@type\":\"WebPage\",\"@id\":\"https:\\\/\\\/lovme.pt\\\/index.php\\\/produto\\\/energizer-bateria-boto-de-litio-cr2032-3v-1-unidade\\\/\",\"url\":\"https:\\\/\\\/lovme.pt\\\/index.php\\\/produto\\\/energizer-bateria-boto-de-litio-cr2032-3v-1-unidade\\\/\",\"name\":\"ENERGIZER - BATERIA BOTO DE L\u00cdTIO CR2032 3V 1 UNIDADE - Lovme\",\"isPartOf\":{\"@id\":\"https:\\\/\\\/lovme.pt\\\/#website\"},\"primaryImageOfPage\":{\"@id\":\"https:\\\/\\\/lovme.pt\\\/index.php\\\/produto\\\/energizer-bateria-boto-de-litio-cr2032-3v-1-unidade\\\/#primaryimage\"},\"image\":{\"@id\":\"https:\\\/\\\/lovme.pt\\\/index.php\\\/produto\\\/energizer-bateria-boto-de-litio-cr2032-3v-1-unidade\\\/#primaryimage\"},\"thumbnailUrl\":\"https:\\\/\\\/erki24nd3ub.exactdn.com\\\/wp-content\\\/uploads\\\/dream\\\/img\\\/img_136985_4349b2e47c8cb557aaeca196a7576f00_1.jpg?strip=all\",\"datePublished\":\"2025-10-01T03:12:52+00:00\",\"dateModified\":\"2026-02-19T20:22:38+00:00\",\"breadcrumb\":{\"@id\":\"https:\\\/\\\/lovme.pt\\\/index.php\\\/produto\\\/energizer-bateria-boto-de-litio-cr2032-3v-1-unidade\\\/#breadcrumb\"},\"inLanguage\":\"pt-PT\",\"potentialAction\":[{\"@type\":\"ReadAction\",\"target\":[\"https:\\\/\\\/lovme.pt\\\/index.php\\\/produto\\\/energizer-bateria-boto-de-litio-cr2032-3v-1-unidade\\\/\"]}]},{\"@type\":\"ImageObject\",\"inLanguage\":\"pt-PT\",\"@id\":\"https:\\\/\\\/lovme.pt\\\/index.php\\\/produto\\\/energizer-bateria-boto-de-litio-cr2032-3v-1-unidade\\\/#primaryimage\",\"url\":\"https:\\\/\\\/erki24nd3ub.exactdn.com\\\/wp-content\\\/uploads\\\/dream\\\/img\\\/img_136985_4349b2e47c8cb557aaeca196a7576f00_1.jpg?strip=all\",\"contentUrl\":\"https:\\\/\\\/erki24nd3ub.exactdn.com\\\/wp-content\\\/uploads\\\/dream\\\/img\\\/img_136985_4349b2e47c8cb557aaeca196a7576f00_1.jpg?strip=all\",\"width\":800,\"height\":800},{\"@type\":\"BreadcrumbList\",\"@id\":\"https:\\\/\\\/lovme.pt\\\/index.php\\\/produto\\\/energizer-bateria-boto-de-litio-cr2032-3v-1-unidade\\\/#breadcrumb\",\"itemListElement\":[{\"@type\":\"ListItem\",\"position\":1,\"name\":\"In\u00edcio\",\"item\":\"https:\\\/\\\/lovme.pt\\\/\"},{\"@type\":\"ListItem\",\"position\":2,\"name\":\"Loja\",\"item\":\"https:\\\/\\\/lovme.pt\\\/index.php\\\/loja\\\/\"},{\"@type\":\"ListItem\",\"position\":3,\"name\":\"ENERGIZER &#8211; BATERIA BOTO DE L\u00cdTIO CR2032 3V 1 UNIDADE\"}]},{\"@type\":\"WebSite\",\"@id\":\"https:\\\/\\\/lovme.pt\\\/#website\",\"url\":\"https:\\\/\\\/lovme.pt\\\/\",\"name\":\"Lovme Loja Er\u00f3tica N\u00ba1 em Portugal\",\"description\":\"A melhor loja er\u00f3tica de Portugal.\",\"alternateName\":\"Loja Er\u00f3tica Lovme\",\"potentialAction\":[{\"@type\":\"SearchAction\",\"target\":{\"@type\":\"EntryPoint\",\"urlTemplate\":\"https:\\\/\\\/lovme.pt\\\/?s={search_term_string}\"},\"query-input\":{\"@type\":\"PropertyValueSpecification\",\"valueRequired\":true,\"valueName\":\"search_term_string\"}}],\"inLanguage\":\"pt-PT\"}]}<\/script>\n<!-- \/ Yoast SEO plugin. -->","yoast_head_json":{"title":"ENERGIZER - BATERIA BOTO DE L\u00cdTIO CR2032 3V 1 UNIDADE - Lovme","robots":{"index":"index","follow":"follow","max-snippet":"max-snippet:-1","max-image-preview":"max-image-preview:large","max-video-preview":"max-video-preview:-1"},"canonical":"https:\/\/lovme.pt\/index.php\/produto\/energizer-bateria-boto-de-litio-cr2032-3v-1-unidade\/","og_locale":"pt_PT","og_type":"article","og_title":"ENERGIZER - BATERIA BOTO DE L\u00cdTIO CR2032 3V 1 UNIDADE - Lovme","og_description":"ENERGIZER - BATERIA BOTO DE L\u00cdTIO CR2032 3V 1 UNIDADE","og_url":"https:\/\/lovme.pt\/index.php\/produto\/energizer-bateria-boto-de-litio-cr2032-3v-1-unidade\/","og_site_name":"Lovme","article_modified_time":"2026-02-19T20:22:38+00:00","og_image":[{"width":800,"height":800,"url":"https:\/\/erki24nd3ub.exactdn.com\/wp-content\/uploads\/dream\/img\/img_136985_4349b2e47c8cb557aaeca196a7576f00_1.jpg?strip=all","type":"image\/jpeg"}],"twitter_card":"summary_large_image","twitter_misc":{"Tempo estimado de leitura":"1 minuto"},"schema":{"@context":"https:\/\/schema.org","@graph":[{"@type":"WebPage","@id":"https:\/\/lovme.pt\/index.php\/produto\/energizer-bateria-boto-de-litio-cr2032-3v-1-unidade\/","url":"https:\/\/lovme.pt\/index.php\/produto\/energizer-bateria-boto-de-litio-cr2032-3v-1-unidade\/","name":"ENERGIZER - BATERIA BOTO DE L\u00cdTIO CR2032 3V 1 UNIDADE - Lovme","isPartOf":{"@id":"https:\/\/lovme.pt\/#website"},"primaryImageOfPage":{"@id":"https:\/\/lovme.pt\/index.php\/produto\/energizer-bateria-boto-de-litio-cr2032-3v-1-unidade\/#primaryimage"},"image":{"@id":"https:\/\/lovme.pt\/index.php\/produto\/energizer-bateria-boto-de-litio-cr2032-3v-1-unidade\/#primaryimage"},"thumbnailUrl":"https:\/\/erki24nd3ub.exactdn.com\/wp-content\/uploads\/dream\/img\/img_136985_4349b2e47c8cb557aaeca196a7576f00_1.jpg?strip=all","datePublished":"2025-10-01T03:12:52+00:00","dateModified":"2026-02-19T20:22:38+00:00","breadcrumb":{"@id":"https:\/\/lovme.pt\/index.php\/produto\/energizer-bateria-boto-de-litio-cr2032-3v-1-unidade\/#breadcrumb"},"inLanguage":"pt-PT","potentialAction":[{"@type":"ReadAction","target":["https:\/\/lovme.pt\/index.php\/produto\/energizer-bateria-boto-de-litio-cr2032-3v-1-unidade\/"]}]},{"@type":"ImageObject","inLanguage":"pt-PT","@id":"https:\/\/lovme.pt\/index.php\/produto\/energizer-bateria-boto-de-litio-cr2032-3v-1-unidade\/#primaryimage","url":"https:\/\/erki24nd3ub.exactdn.com\/wp-content\/uploads\/dream\/img\/img_136985_4349b2e47c8cb557aaeca196a7576f00_1.jpg?strip=all","contentUrl":"https:\/\/erki24nd3ub.exactdn.com\/wp-content\/uploads\/dream\/img\/img_136985_4349b2e47c8cb557aaeca196a7576f00_1.jpg?strip=all","width":800,"height":800},{"@type":"BreadcrumbList","@id":"https:\/\/lovme.pt\/index.php\/produto\/energizer-bateria-boto-de-litio-cr2032-3v-1-unidade\/#breadcrumb","itemListElement":[{"@type":"ListItem","position":1,"name":"In\u00edcio","item":"https:\/\/lovme.pt\/"},{"@type":"ListItem","position":2,"name":"Loja","item":"https:\/\/lovme.pt\/index.php\/loja\/"},{"@type":"ListItem","position":3,"name":"ENERGIZER &#8211; BATERIA BOTO DE L\u00cdTIO CR2032 3V 1 UNIDADE"}]},{"@type":"WebSite","@id":"https:\/\/lovme.pt\/#website","url":"https:\/\/lovme.pt\/","name":"Lovme Loja Er\u00f3tica N\u00ba1 em Portugal","description":"A melhor loja er\u00f3tica de Portugal.","alternateName":"Loja Er\u00f3tica Lovme","potentialAction":[{"@type":"SearchAction","target":{"@type":"EntryPoint","urlTemplate":"https:\/\/lovme.pt\/?s={search_term_string}"},"query-input":{"@type":"PropertyValueSpecification","valueRequired":true,"valueName":"search_term_string"}}],"inLanguage":"pt-PT"}]}},"_links":{"self":[{"href":"https:\/\/lovme.pt\/index.php\/wp-json\/wp\/v2\/product\/41832","targetHints":{"allow":["GET"]}}],"collection":[{"href":"https:\/\/lovme.pt\/index.php\/wp-json\/wp\/v2\/product"}],"about":[{"href":"https:\/\/lovme.pt\/index.php\/wp-json\/wp\/v2\/types\/product"}],"wp:featuredmedia":[{"embeddable":true,"href":"https:\/\/lovme.pt\/index.php\/wp-json\/wp\/v2\/media\/102097"}],"wp:attachment":[{"href":"https:\/\/lovme.pt\/index.php\/wp-json\/wp\/v2\/media?parent=41832"}],"wp:term":[{"taxonomy":"product_brand","embeddable":true,"href":"https:\/\/lovme.pt\/index.php\/wp-json\/wp\/v2\/product_brand?post=41832"},{"taxonomy":"product_cat","embeddable":true,"href":"https:\/\/lovme.pt\/index.php\/wp-json\/wp\/v2\/product_cat?post=41832"},{"taxonomy":"product_tag","embeddable":true,"href":"https:\/\/lovme.pt\/index.php\/wp-json\/wp\/v2\/product_tag?post=41832"}],"curies":[{"name":"wp","href":"https:\/\/api.w.org\/{rel}","templated":true}]}}