{"id":41825,"date":"2025-09-30T10:04:50","date_gmt":"2025-09-30T10:04:50","guid":{"rendered":"https:\/\/lovme.pt\/?post_type=product&#038;p=41825"},"modified":"2026-02-19T20:06:28","modified_gmt":"2026-02-19T20:06:28","slug":"pretty-love-vibrador-sincero-e-ondas-estimulantes-do-clitoris-silicone-roxo","status":"publish","type":"product","link":"https:\/\/lovme.pt\/index.php\/produto\/pretty-love-vibrador-sincero-e-ondas-estimulantes-do-clitoris-silicone-roxo\/","title":{"rendered":"PRETTY LOVE &#8211; SINCERO VIBRADOR E SUC\u00c7\u00c3O CLIT\u00d3RICA DE SILICONE ROXO"},"content":{"rendered":"<p>Este vibrador rabbit com textura \u00fanica oferece sensa\u00e7\u00f5es internas e externas alucinantes. \u00c9 feito de silicone macio e \u00e0 prova d\u00e1gua para facilitar a limpeza, al\u00e9m de proporcionar divers\u00e3o com vapor no chuveiro ou na banheira, proporcionando m\u00e1xima versatilidade! Ao contr\u00e1rio de outros vibradores rabbit, ele possui uma p\u00e1 clitoriana ergon\u00f4mica preenchida com cerdas macias de silicone para proporcionar sensa\u00e7\u00f5es ainda mais excitantes. Com 10 fun\u00e7\u00f5es de vibra\u00e7\u00e3o intensa, este vibrador exclusivo certamente far\u00e1 jus ao seu nome e proporcionar\u00e1 cl\u00edmax ap\u00f3s cl\u00edmax&#8230;<\/p>\n<ul>\n<li> Fun\u00e7\u00e3o: 10 fun\u00e7\u00f5es de vibra\u00e7\u00e3o.<\/li>\n<li> Alimenta\u00e7\u00e3o: USB recarreg\u00e1vel<\/li>\n<li> Material: silicone<\/li>\n<li> Cor: 0602S Roxo<\/li>\n<li> Tamanho da embalagem (mm): 230*95*50<\/li>\n<\/ul>\n<p> A Pretty Love fabrica produtos de alta qualidade. Eles contam com garantia de um ano contra defeitos t\u00e9cnicos.<\/p>\n","protected":false},"excerpt":{"rendered":"<p>PRETTY LOVE &#8211; SINCERO VIBRADOR E SUC\u00c7\u00c3O CLIT\u00d3RICA DE SILICONE ROXO<\/p>\n","protected":false},"featured_media":62042,"template":"","meta":{"_acf_changed":false},"product_brand":[],"product_cat":[17,76],"product_tag":[],"class_list":{"0":"post-41825","1":"product","2":"type-product","3":"status-publish","4":"has-post-thumbnail","6":"product_cat-brinquedos-de-bem-estar-sexual","7":"product_cat-vibradores","8":"yith_product_brand-pretty-love","10":"first","11":"instock","12":"taxable","13":"shipping-taxable","14":"purchasable","15":"product-type-simple"},"acf":[],"yoast_head":"<!-- This site is optimized with the Yoast SEO plugin v27.4 - https:\/\/yoast.com\/product\/yoast-seo-wordpress\/ -->\n<title>PRETTY LOVE - SINCERO VIBRADOR E SUC\u00c7\u00c3O CLIT\u00d3RICA DE SILICONE ROXO - Lovme<\/title>\n<meta name=\"robots\" content=\"index, follow, max-snippet:-1, max-image-preview:large, max-video-preview:-1\" \/>\n<link rel=\"canonical\" href=\"https:\/\/lovme.pt\/index.php\/produto\/pretty-love-vibrador-sincero-e-ondas-estimulantes-do-clitoris-silicone-roxo\/\" \/>\n<meta property=\"og:locale\" content=\"pt_PT\" \/>\n<meta property=\"og:type\" content=\"article\" \/>\n<meta property=\"og:title\" content=\"PRETTY LOVE - SINCERO VIBRADOR E SUC\u00c7\u00c3O CLIT\u00d3RICA DE SILICONE ROXO - Lovme\" \/>\n<meta property=\"og:description\" content=\"PRETTY LOVE - SINCERO VIBRADOR E SUC\u00c7\u00c3O CLIT\u00d3RICA DE SILICONE ROXO\" \/>\n<meta property=\"og:url\" content=\"https:\/\/lovme.pt\/index.php\/produto\/pretty-love-vibrador-sincero-e-ondas-estimulantes-do-clitoris-silicone-roxo\/\" \/>\n<meta property=\"og:site_name\" content=\"Lovme\" \/>\n<meta property=\"article:modified_time\" content=\"2026-02-19T20:06:28+00:00\" \/>\n<meta property=\"og:image\" content=\"https:\/\/erki24nd3ub.exactdn.com\/wp-content\/uploads\/dream\/img\/img_145108_a0f77539f78dd5d5efa993f1d36032bf_1.jpg?strip=all\" \/>\n\t<meta property=\"og:image:width\" content=\"800\" \/>\n\t<meta property=\"og:image:height\" content=\"800\" \/>\n\t<meta property=\"og:image:type\" content=\"image\/jpeg\" \/>\n<meta name=\"twitter:card\" content=\"summary_large_image\" \/>\n<meta name=\"twitter:label1\" content=\"Tempo estimado de leitura\" \/>\n\t<meta name=\"twitter:data1\" content=\"1 minuto\" \/>\n<script type=\"application\/ld+json\" class=\"yoast-schema-graph\">{\"@context\":\"https:\\\/\\\/schema.org\",\"@graph\":[{\"@type\":\"WebPage\",\"@id\":\"https:\\\/\\\/lovme.pt\\\/index.php\\\/produto\\\/pretty-love-vibrador-sincero-e-ondas-estimulantes-do-clitoris-silicone-roxo\\\/\",\"url\":\"https:\\\/\\\/lovme.pt\\\/index.php\\\/produto\\\/pretty-love-vibrador-sincero-e-ondas-estimulantes-do-clitoris-silicone-roxo\\\/\",\"name\":\"PRETTY LOVE - SINCERO VIBRADOR E SUC\u00c7\u00c3O CLIT\u00d3RICA DE SILICONE ROXO - Lovme\",\"isPartOf\":{\"@id\":\"https:\\\/\\\/lovme.pt\\\/#website\"},\"primaryImageOfPage\":{\"@id\":\"https:\\\/\\\/lovme.pt\\\/index.php\\\/produto\\\/pretty-love-vibrador-sincero-e-ondas-estimulantes-do-clitoris-silicone-roxo\\\/#primaryimage\"},\"image\":{\"@id\":\"https:\\\/\\\/lovme.pt\\\/index.php\\\/produto\\\/pretty-love-vibrador-sincero-e-ondas-estimulantes-do-clitoris-silicone-roxo\\\/#primaryimage\"},\"thumbnailUrl\":\"https:\\\/\\\/erki24nd3ub.exactdn.com\\\/wp-content\\\/uploads\\\/dream\\\/img\\\/img_145108_a0f77539f78dd5d5efa993f1d36032bf_1.jpg?strip=all\",\"datePublished\":\"2025-09-30T10:04:50+00:00\",\"dateModified\":\"2026-02-19T20:06:28+00:00\",\"breadcrumb\":{\"@id\":\"https:\\\/\\\/lovme.pt\\\/index.php\\\/produto\\\/pretty-love-vibrador-sincero-e-ondas-estimulantes-do-clitoris-silicone-roxo\\\/#breadcrumb\"},\"inLanguage\":\"pt-PT\",\"potentialAction\":[{\"@type\":\"ReadAction\",\"target\":[\"https:\\\/\\\/lovme.pt\\\/index.php\\\/produto\\\/pretty-love-vibrador-sincero-e-ondas-estimulantes-do-clitoris-silicone-roxo\\\/\"]}]},{\"@type\":\"ImageObject\",\"inLanguage\":\"pt-PT\",\"@id\":\"https:\\\/\\\/lovme.pt\\\/index.php\\\/produto\\\/pretty-love-vibrador-sincero-e-ondas-estimulantes-do-clitoris-silicone-roxo\\\/#primaryimage\",\"url\":\"https:\\\/\\\/erki24nd3ub.exactdn.com\\\/wp-content\\\/uploads\\\/dream\\\/img\\\/img_145108_a0f77539f78dd5d5efa993f1d36032bf_1.jpg?strip=all\",\"contentUrl\":\"https:\\\/\\\/erki24nd3ub.exactdn.com\\\/wp-content\\\/uploads\\\/dream\\\/img\\\/img_145108_a0f77539f78dd5d5efa993f1d36032bf_1.jpg?strip=all\",\"width\":800,\"height\":800},{\"@type\":\"BreadcrumbList\",\"@id\":\"https:\\\/\\\/lovme.pt\\\/index.php\\\/produto\\\/pretty-love-vibrador-sincero-e-ondas-estimulantes-do-clitoris-silicone-roxo\\\/#breadcrumb\",\"itemListElement\":[{\"@type\":\"ListItem\",\"position\":1,\"name\":\"In\u00edcio\",\"item\":\"https:\\\/\\\/lovme.pt\\\/\"},{\"@type\":\"ListItem\",\"position\":2,\"name\":\"Loja\",\"item\":\"https:\\\/\\\/lovme.pt\\\/index.php\\\/loja\\\/\"},{\"@type\":\"ListItem\",\"position\":3,\"name\":\"PRETTY LOVE &#8211; SINCERO VIBRADOR E SUC\u00c7\u00c3O CLIT\u00d3RICA DE SILICONE ROXO\"}]},{\"@type\":\"WebSite\",\"@id\":\"https:\\\/\\\/lovme.pt\\\/#website\",\"url\":\"https:\\\/\\\/lovme.pt\\\/\",\"name\":\"Lovme Loja Er\u00f3tica N\u00ba1 em Portugal\",\"description\":\"A melhor loja er\u00f3tica de Portugal.\",\"alternateName\":\"Loja Er\u00f3tica Lovme\",\"potentialAction\":[{\"@type\":\"SearchAction\",\"target\":{\"@type\":\"EntryPoint\",\"urlTemplate\":\"https:\\\/\\\/lovme.pt\\\/?s={search_term_string}\"},\"query-input\":{\"@type\":\"PropertyValueSpecification\",\"valueRequired\":true,\"valueName\":\"search_term_string\"}}],\"inLanguage\":\"pt-PT\"}]}<\/script>\n<!-- \/ Yoast SEO plugin. -->","yoast_head_json":{"title":"PRETTY LOVE - SINCERO VIBRADOR E SUC\u00c7\u00c3O CLIT\u00d3RICA DE SILICONE ROXO - Lovme","robots":{"index":"index","follow":"follow","max-snippet":"max-snippet:-1","max-image-preview":"max-image-preview:large","max-video-preview":"max-video-preview:-1"},"canonical":"https:\/\/lovme.pt\/index.php\/produto\/pretty-love-vibrador-sincero-e-ondas-estimulantes-do-clitoris-silicone-roxo\/","og_locale":"pt_PT","og_type":"article","og_title":"PRETTY LOVE - SINCERO VIBRADOR E SUC\u00c7\u00c3O CLIT\u00d3RICA DE SILICONE ROXO - Lovme","og_description":"PRETTY LOVE - SINCERO VIBRADOR E SUC\u00c7\u00c3O CLIT\u00d3RICA DE SILICONE ROXO","og_url":"https:\/\/lovme.pt\/index.php\/produto\/pretty-love-vibrador-sincero-e-ondas-estimulantes-do-clitoris-silicone-roxo\/","og_site_name":"Lovme","article_modified_time":"2026-02-19T20:06:28+00:00","og_image":[{"width":800,"height":800,"url":"https:\/\/erki24nd3ub.exactdn.com\/wp-content\/uploads\/dream\/img\/img_145108_a0f77539f78dd5d5efa993f1d36032bf_1.jpg?strip=all","type":"image\/jpeg"}],"twitter_card":"summary_large_image","twitter_misc":{"Tempo estimado de leitura":"1 minuto"},"schema":{"@context":"https:\/\/schema.org","@graph":[{"@type":"WebPage","@id":"https:\/\/lovme.pt\/index.php\/produto\/pretty-love-vibrador-sincero-e-ondas-estimulantes-do-clitoris-silicone-roxo\/","url":"https:\/\/lovme.pt\/index.php\/produto\/pretty-love-vibrador-sincero-e-ondas-estimulantes-do-clitoris-silicone-roxo\/","name":"PRETTY LOVE - SINCERO VIBRADOR E SUC\u00c7\u00c3O CLIT\u00d3RICA DE SILICONE ROXO - Lovme","isPartOf":{"@id":"https:\/\/lovme.pt\/#website"},"primaryImageOfPage":{"@id":"https:\/\/lovme.pt\/index.php\/produto\/pretty-love-vibrador-sincero-e-ondas-estimulantes-do-clitoris-silicone-roxo\/#primaryimage"},"image":{"@id":"https:\/\/lovme.pt\/index.php\/produto\/pretty-love-vibrador-sincero-e-ondas-estimulantes-do-clitoris-silicone-roxo\/#primaryimage"},"thumbnailUrl":"https:\/\/erki24nd3ub.exactdn.com\/wp-content\/uploads\/dream\/img\/img_145108_a0f77539f78dd5d5efa993f1d36032bf_1.jpg?strip=all","datePublished":"2025-09-30T10:04:50+00:00","dateModified":"2026-02-19T20:06:28+00:00","breadcrumb":{"@id":"https:\/\/lovme.pt\/index.php\/produto\/pretty-love-vibrador-sincero-e-ondas-estimulantes-do-clitoris-silicone-roxo\/#breadcrumb"},"inLanguage":"pt-PT","potentialAction":[{"@type":"ReadAction","target":["https:\/\/lovme.pt\/index.php\/produto\/pretty-love-vibrador-sincero-e-ondas-estimulantes-do-clitoris-silicone-roxo\/"]}]},{"@type":"ImageObject","inLanguage":"pt-PT","@id":"https:\/\/lovme.pt\/index.php\/produto\/pretty-love-vibrador-sincero-e-ondas-estimulantes-do-clitoris-silicone-roxo\/#primaryimage","url":"https:\/\/erki24nd3ub.exactdn.com\/wp-content\/uploads\/dream\/img\/img_145108_a0f77539f78dd5d5efa993f1d36032bf_1.jpg?strip=all","contentUrl":"https:\/\/erki24nd3ub.exactdn.com\/wp-content\/uploads\/dream\/img\/img_145108_a0f77539f78dd5d5efa993f1d36032bf_1.jpg?strip=all","width":800,"height":800},{"@type":"BreadcrumbList","@id":"https:\/\/lovme.pt\/index.php\/produto\/pretty-love-vibrador-sincero-e-ondas-estimulantes-do-clitoris-silicone-roxo\/#breadcrumb","itemListElement":[{"@type":"ListItem","position":1,"name":"In\u00edcio","item":"https:\/\/lovme.pt\/"},{"@type":"ListItem","position":2,"name":"Loja","item":"https:\/\/lovme.pt\/index.php\/loja\/"},{"@type":"ListItem","position":3,"name":"PRETTY LOVE &#8211; SINCERO VIBRADOR E SUC\u00c7\u00c3O CLIT\u00d3RICA DE SILICONE ROXO"}]},{"@type":"WebSite","@id":"https:\/\/lovme.pt\/#website","url":"https:\/\/lovme.pt\/","name":"Lovme Loja Er\u00f3tica N\u00ba1 em Portugal","description":"A melhor loja er\u00f3tica de Portugal.","alternateName":"Loja Er\u00f3tica Lovme","potentialAction":[{"@type":"SearchAction","target":{"@type":"EntryPoint","urlTemplate":"https:\/\/lovme.pt\/?s={search_term_string}"},"query-input":{"@type":"PropertyValueSpecification","valueRequired":true,"valueName":"search_term_string"}}],"inLanguage":"pt-PT"}]}},"_links":{"self":[{"href":"https:\/\/lovme.pt\/index.php\/wp-json\/wp\/v2\/product\/41825","targetHints":{"allow":["GET"]}}],"collection":[{"href":"https:\/\/lovme.pt\/index.php\/wp-json\/wp\/v2\/product"}],"about":[{"href":"https:\/\/lovme.pt\/index.php\/wp-json\/wp\/v2\/types\/product"}],"wp:featuredmedia":[{"embeddable":true,"href":"https:\/\/lovme.pt\/index.php\/wp-json\/wp\/v2\/media\/62042"}],"wp:attachment":[{"href":"https:\/\/lovme.pt\/index.php\/wp-json\/wp\/v2\/media?parent=41825"}],"wp:term":[{"taxonomy":"product_brand","embeddable":true,"href":"https:\/\/lovme.pt\/index.php\/wp-json\/wp\/v2\/product_brand?post=41825"},{"taxonomy":"product_cat","embeddable":true,"href":"https:\/\/lovme.pt\/index.php\/wp-json\/wp\/v2\/product_cat?post=41825"},{"taxonomy":"product_tag","embeddable":true,"href":"https:\/\/lovme.pt\/index.php\/wp-json\/wp\/v2\/product_tag?post=41825"}],"curies":[{"name":"wp","href":"https:\/\/api.w.org\/{rel}","templated":true}]}}