{"id":41815,"date":"2025-10-01T00:03:39","date_gmt":"2025-10-01T00:03:39","guid":{"rendered":"https:\/\/lovme.pt\/?post_type=product&p=41815"},"modified":"2026-02-19T20:14:14","modified_gmt":"2026-02-19T20:14:14","slug":"mr-play-plug-anal-vibrador-de-silicone-preto","status":"publish","type":"product","link":"https:\/\/lovme.pt\/index.php\/produto\/mr-play-plug-anal-vibrador-de-silicone-preto\/","title":{"rendered":"MR PLAY &#8211; PLUG ANAL VIBRADOR DE SILICONE PRETO"},"content":{"rendered":"<p>Para um prazer de outro mundo, n\u00e3o procure mais, este plug anal vibrat\u00f3rio de 10 fun\u00e7\u00f5es. Sinta os efeitos de curvatura dos dedos dos p\u00e9s de cada se\u00e7\u00e3o enquanto voc\u00ea mergulha mais fundo neste plug sensacional. Destacando-se contra o silicone preto, a bala azul espera para ser usada. Descubra 10 modos de vibra\u00e7\u00e3o enquanto voc\u00ea se perde em velocidades constantes e padr\u00f5es provocantes. Enquanto voc\u00ea toca, o bra\u00e7o estreito mant\u00e9m o plugue seguro e confort\u00e1vel no lugar.<\/p>\n<ul>\n<li> Fun\u00e7\u00e3o: 10 fun\u00e7\u00f5es de vibra\u00e7\u00e3o<\/li>\n<li> Alimenta\u00e7\u00e3o: 1 pilha AAA<\/li>\n<li> Material: silicone ABS<\/li>\n<li> Cor: 0801S preto.<\/li>\n<li> Tamanho da embalagem (mm): 175*100*80<\/li>\n<\/ul>\n<p> A Pretty Love fabrica produtos com alto padr\u00e3o de qualidade. Todos os seus produtos s\u00e3o projetados nos EUA e t\u00eam garantia de 1 ano para defeitos t\u00e9cnicos.<\/p>\n","protected":false},"excerpt":{"rendered":"<p>MR PLAY &#8211; PLUG ANAL VIBRADOR DE SILICONE PRETO<\/p>\n","protected":false},"featured_media":84126,"template":"","meta":{"_acf_changed":false},"product_brand":[],"product_cat":[48,17,62,63],"product_tag":[],"class_list":{"0":"post-41815","1":"product","2":"type-product","3":"status-publish","4":"has-post-thumbnail","6":"product_cat-bdsm","7":"product_cat-brinquedos-de-bem-estar-sexual","8":"product_cat-plugues-e-correntes-anais","9":"product_cat-sexo-anal","10":"yith_product_brand-mr-play","12":"first","13":"instock","14":"taxable","15":"shipping-taxable","16":"purchasable","17":"product-type-simple"},"acf":[],"yoast_head":"<!-- This site is optimized with the Yoast SEO plugin v27.4 - https:\/\/yoast.com\/product\/yoast-seo-wordpress\/ -->\n<title>MR PLAY - PLUG ANAL VIBRADOR DE SILICONE PRETO - Lovme<\/title>\n<meta name=\"robots\" content=\"index, follow, max-snippet:-1, max-image-preview:large, max-video-preview:-1\" \/>\n<link rel=\"canonical\" href=\"https:\/\/lovme.pt\/index.php\/produto\/mr-play-plug-anal-vibrador-de-silicone-preto\/\" \/>\n<meta property=\"og:locale\" content=\"pt_PT\" \/>\n<meta property=\"og:type\" content=\"article\" \/>\n<meta property=\"og:title\" content=\"MR PLAY - PLUG ANAL VIBRADOR DE SILICONE PRETO - Lovme\" \/>\n<meta property=\"og:description\" content=\"MR PLAY - PLUG ANAL VIBRADOR DE SILICONE PRETO\" \/>\n<meta property=\"og:url\" content=\"https:\/\/lovme.pt\/index.php\/produto\/mr-play-plug-anal-vibrador-de-silicone-preto\/\" \/>\n<meta property=\"og:site_name\" content=\"Lovme\" \/>\n<meta property=\"article:modified_time\" content=\"2026-02-19T20:14:14+00:00\" \/>\n<meta property=\"og:image\" content=\"https:\/\/erki24nd3ub.exactdn.com\/wp-content\/uploads\/dream\/img\/img_145098_822ef47e18a3505cf118433777bc6218_1.jpg?strip=all\" \/>\n\t<meta property=\"og:image:width\" content=\"800\" \/>\n\t<meta property=\"og:image:height\" content=\"800\" \/>\n\t<meta property=\"og:image:type\" content=\"image\/jpeg\" \/>\n<meta name=\"twitter:card\" content=\"summary_large_image\" \/>\n<meta name=\"twitter:label1\" content=\"Tempo estimado de leitura\" \/>\n\t<meta name=\"twitter:data1\" content=\"1 minuto\" \/>\n<script type=\"application\/ld+json\" class=\"yoast-schema-graph\">{\"@context\":\"https:\\\/\\\/schema.org\",\"@graph\":[{\"@type\":\"WebPage\",\"@id\":\"https:\\\/\\\/lovme.pt\\\/index.php\\\/produto\\\/mr-play-plug-anal-vibrador-de-silicone-preto\\\/\",\"url\":\"https:\\\/\\\/lovme.pt\\\/index.php\\\/produto\\\/mr-play-plug-anal-vibrador-de-silicone-preto\\\/\",\"name\":\"MR PLAY - PLUG ANAL VIBRADOR DE SILICONE PRETO - Lovme\",\"isPartOf\":{\"@id\":\"https:\\\/\\\/lovme.pt\\\/#website\"},\"primaryImageOfPage\":{\"@id\":\"https:\\\/\\\/lovme.pt\\\/index.php\\\/produto\\\/mr-play-plug-anal-vibrador-de-silicone-preto\\\/#primaryimage\"},\"image\":{\"@id\":\"https:\\\/\\\/lovme.pt\\\/index.php\\\/produto\\\/mr-play-plug-anal-vibrador-de-silicone-preto\\\/#primaryimage\"},\"thumbnailUrl\":\"https:\\\/\\\/erki24nd3ub.exactdn.com\\\/wp-content\\\/uploads\\\/dream\\\/img\\\/img_145098_822ef47e18a3505cf118433777bc6218_1.jpg?strip=all\",\"datePublished\":\"2025-10-01T00:03:39+00:00\",\"dateModified\":\"2026-02-19T20:14:14+00:00\",\"breadcrumb\":{\"@id\":\"https:\\\/\\\/lovme.pt\\\/index.php\\\/produto\\\/mr-play-plug-anal-vibrador-de-silicone-preto\\\/#breadcrumb\"},\"inLanguage\":\"pt-PT\",\"potentialAction\":[{\"@type\":\"ReadAction\",\"target\":[\"https:\\\/\\\/lovme.pt\\\/index.php\\\/produto\\\/mr-play-plug-anal-vibrador-de-silicone-preto\\\/\"]}]},{\"@type\":\"ImageObject\",\"inLanguage\":\"pt-PT\",\"@id\":\"https:\\\/\\\/lovme.pt\\\/index.php\\\/produto\\\/mr-play-plug-anal-vibrador-de-silicone-preto\\\/#primaryimage\",\"url\":\"https:\\\/\\\/erki24nd3ub.exactdn.com\\\/wp-content\\\/uploads\\\/dream\\\/img\\\/img_145098_822ef47e18a3505cf118433777bc6218_1.jpg?strip=all\",\"contentUrl\":\"https:\\\/\\\/erki24nd3ub.exactdn.com\\\/wp-content\\\/uploads\\\/dream\\\/img\\\/img_145098_822ef47e18a3505cf118433777bc6218_1.jpg?strip=all\",\"width\":800,\"height\":800},{\"@type\":\"BreadcrumbList\",\"@id\":\"https:\\\/\\\/lovme.pt\\\/index.php\\\/produto\\\/mr-play-plug-anal-vibrador-de-silicone-preto\\\/#breadcrumb\",\"itemListElement\":[{\"@type\":\"ListItem\",\"position\":1,\"name\":\"In\u00edcio\",\"item\":\"https:\\\/\\\/lovme.pt\\\/\"},{\"@type\":\"ListItem\",\"position\":2,\"name\":\"Loja\",\"item\":\"https:\\\/\\\/lovme.pt\\\/index.php\\\/loja\\\/\"},{\"@type\":\"ListItem\",\"position\":3,\"name\":\"MR PLAY &#8211; PLUG ANAL VIBRADOR DE SILICONE PRETO\"}]},{\"@type\":\"WebSite\",\"@id\":\"https:\\\/\\\/lovme.pt\\\/#website\",\"url\":\"https:\\\/\\\/lovme.pt\\\/\",\"name\":\"Lovme Loja Er\u00f3tica N\u00ba1 em Portugal\",\"description\":\"A melhor loja er\u00f3tica de Portugal.\",\"alternateName\":\"Loja Er\u00f3tica Lovme\",\"potentialAction\":[{\"@type\":\"SearchAction\",\"target\":{\"@type\":\"EntryPoint\",\"urlTemplate\":\"https:\\\/\\\/lovme.pt\\\/?s={search_term_string}\"},\"query-input\":{\"@type\":\"PropertyValueSpecification\",\"valueRequired\":true,\"valueName\":\"search_term_string\"}}],\"inLanguage\":\"pt-PT\"}]}<\/script>\n<!-- \/ Yoast SEO plugin. -->","yoast_head_json":{"title":"MR PLAY - PLUG ANAL VIBRADOR DE SILICONE PRETO - Lovme","robots":{"index":"index","follow":"follow","max-snippet":"max-snippet:-1","max-image-preview":"max-image-preview:large","max-video-preview":"max-video-preview:-1"},"canonical":"https:\/\/lovme.pt\/index.php\/produto\/mr-play-plug-anal-vibrador-de-silicone-preto\/","og_locale":"pt_PT","og_type":"article","og_title":"MR PLAY - PLUG ANAL VIBRADOR DE SILICONE PRETO - Lovme","og_description":"MR PLAY - PLUG ANAL VIBRADOR DE SILICONE PRETO","og_url":"https:\/\/lovme.pt\/index.php\/produto\/mr-play-plug-anal-vibrador-de-silicone-preto\/","og_site_name":"Lovme","article_modified_time":"2026-02-19T20:14:14+00:00","og_image":[{"width":800,"height":800,"url":"https:\/\/erki24nd3ub.exactdn.com\/wp-content\/uploads\/dream\/img\/img_145098_822ef47e18a3505cf118433777bc6218_1.jpg?strip=all","type":"image\/jpeg"}],"twitter_card":"summary_large_image","twitter_misc":{"Tempo estimado de leitura":"1 minuto"},"schema":{"@context":"https:\/\/schema.org","@graph":[{"@type":"WebPage","@id":"https:\/\/lovme.pt\/index.php\/produto\/mr-play-plug-anal-vibrador-de-silicone-preto\/","url":"https:\/\/lovme.pt\/index.php\/produto\/mr-play-plug-anal-vibrador-de-silicone-preto\/","name":"MR PLAY - PLUG ANAL VIBRADOR DE SILICONE PRETO - Lovme","isPartOf":{"@id":"https:\/\/lovme.pt\/#website"},"primaryImageOfPage":{"@id":"https:\/\/lovme.pt\/index.php\/produto\/mr-play-plug-anal-vibrador-de-silicone-preto\/#primaryimage"},"image":{"@id":"https:\/\/lovme.pt\/index.php\/produto\/mr-play-plug-anal-vibrador-de-silicone-preto\/#primaryimage"},"thumbnailUrl":"https:\/\/erki24nd3ub.exactdn.com\/wp-content\/uploads\/dream\/img\/img_145098_822ef47e18a3505cf118433777bc6218_1.jpg?strip=all","datePublished":"2025-10-01T00:03:39+00:00","dateModified":"2026-02-19T20:14:14+00:00","breadcrumb":{"@id":"https:\/\/lovme.pt\/index.php\/produto\/mr-play-plug-anal-vibrador-de-silicone-preto\/#breadcrumb"},"inLanguage":"pt-PT","potentialAction":[{"@type":"ReadAction","target":["https:\/\/lovme.pt\/index.php\/produto\/mr-play-plug-anal-vibrador-de-silicone-preto\/"]}]},{"@type":"ImageObject","inLanguage":"pt-PT","@id":"https:\/\/lovme.pt\/index.php\/produto\/mr-play-plug-anal-vibrador-de-silicone-preto\/#primaryimage","url":"https:\/\/erki24nd3ub.exactdn.com\/wp-content\/uploads\/dream\/img\/img_145098_822ef47e18a3505cf118433777bc6218_1.jpg?strip=all","contentUrl":"https:\/\/erki24nd3ub.exactdn.com\/wp-content\/uploads\/dream\/img\/img_145098_822ef47e18a3505cf118433777bc6218_1.jpg?strip=all","width":800,"height":800},{"@type":"BreadcrumbList","@id":"https:\/\/lovme.pt\/index.php\/produto\/mr-play-plug-anal-vibrador-de-silicone-preto\/#breadcrumb","itemListElement":[{"@type":"ListItem","position":1,"name":"In\u00edcio","item":"https:\/\/lovme.pt\/"},{"@type":"ListItem","position":2,"name":"Loja","item":"https:\/\/lovme.pt\/index.php\/loja\/"},{"@type":"ListItem","position":3,"name":"MR PLAY &#8211; PLUG ANAL VIBRADOR DE SILICONE PRETO"}]},{"@type":"WebSite","@id":"https:\/\/lovme.pt\/#website","url":"https:\/\/lovme.pt\/","name":"Lovme Loja Er\u00f3tica N\u00ba1 em Portugal","description":"A melhor loja er\u00f3tica de Portugal.","alternateName":"Loja Er\u00f3tica Lovme","potentialAction":[{"@type":"SearchAction","target":{"@type":"EntryPoint","urlTemplate":"https:\/\/lovme.pt\/?s={search_term_string}"},"query-input":{"@type":"PropertyValueSpecification","valueRequired":true,"valueName":"search_term_string"}}],"inLanguage":"pt-PT"}]}},"_links":{"self":[{"href":"https:\/\/lovme.pt\/index.php\/wp-json\/wp\/v2\/product\/41815","targetHints":{"allow":["GET"]}}],"collection":[{"href":"https:\/\/lovme.pt\/index.php\/wp-json\/wp\/v2\/product"}],"about":[{"href":"https:\/\/lovme.pt\/index.php\/wp-json\/wp\/v2\/types\/product"}],"wp:featuredmedia":[{"embeddable":true,"href":"https:\/\/lovme.pt\/index.php\/wp-json\/wp\/v2\/media\/84126"}],"wp:attachment":[{"href":"https:\/\/lovme.pt\/index.php\/wp-json\/wp\/v2\/media?parent=41815"}],"wp:term":[{"taxonomy":"product_brand","embeddable":true,"href":"https:\/\/lovme.pt\/index.php\/wp-json\/wp\/v2\/product_brand?post=41815"},{"taxonomy":"product_cat","embeddable":true,"href":"https:\/\/lovme.pt\/index.php\/wp-json\/wp\/v2\/product_cat?post=41815"},{"taxonomy":"product_tag","embeddable":true,"href":"https:\/\/lovme.pt\/index.php\/wp-json\/wp\/v2\/product_tag?post=41815"}],"curies":[{"name":"wp","href":"https:\/\/api.w.org\/{rel}","templated":true}]}}