{"id":41676,"date":"2025-10-01T02:21:32","date_gmt":"2025-10-01T02:21:32","guid":{"rendered":"https:\/\/lovme.pt\/?post_type=product&p=41676"},"modified":"2026-02-19T20:19:03","modified_gmt":"2026-02-19T20:19:03","slug":"jamyjob-signature-brandy-vagina-masturbador","status":"publish","type":"product","link":"https:\/\/lovme.pt\/index.php\/produto\/jamyjob-signature-brandy-vagina-masturbador\/","title":{"rendered":"JAMYJOB SIGNATURE &#8211; BRANDY VAGINA MASTURBADOR"},"content":{"rendered":"<p><strong>Jamyjob Assinatura Brandy masturbador<\/strong><\/p>\n<p><strong>Jamyjob Signature<\/strong> apresenta sua cole\u00e7\u00e3o de sete masturbadores para usar sozinho, em casal ou levar para qualquer lugar, fabricados em TPR aumentam a sensa\u00e7\u00e3o de prazer aumentando o bem-estar na masturba\u00e7\u00e3o masculina.<\/p>\n<p><strong>Instru\u00e7\u00f5es de uso:<\/strong><\/p>\n<ul>\n<li>Aplique um lubrificante \u00e0 base de \u00e1gua sem parabenos, como Waterfeel ou Nina Kik\u00ed, antes de usar.<\/li>\n<li>Ap\u00f3s o uso, se a ejacula\u00e7\u00e3o n\u00e3o ocorreu por dentro, limpe com sab\u00e3o de ph neutro e \u00e1gua morna, se a ejacula\u00e7\u00e3o ocorreu por dentro, retire a manga, coloque debaixo d\u00e1gua e limpe com sab\u00e3o de ph neutro, deixe secar e vai esteja pronto para uso novamente.<\/li>\n<\/ul>\n<p><strong>Caracter\u00edsticas:<\/strong><\/p>\n<ul>\n<li>Forma de vagina.<\/li>\n<li>Material; TPR livre de falatos<\/li>\n<\/ul>\n<p>\u00a0<\/p>\n<p><strong>5 BENEF\u00cdCIOS DA MASTURBA\u00c7\u00c3O MASCULINA<\/strong><\/p>\n<p>A masturba\u00e7\u00e3o continua a ser apreciada em algumas sociedades como algo imoral e prejudicial. Na verdade, \u00e9 um tema quase proibido, pouco discutido nas reuni\u00f5es e reservado para assuntos \u00edntimos. Tamb\u00e9m n\u00e3o devemos ignorar algumas das lendas urbanas que circulavam em torno da masturba\u00e7\u00e3o masculina: como causava esterilidade, cegueira ou aparecimento de espinhas. Por\u00e9m, esta t\u00e9cnica produz prazer e relaxamento, entre outras coisas. A seguir, mostramos os 5 benef\u00edcios da masturba\u00e7\u00e3o masculina.<\/p>\n<p><strong>Evite o c\u00e2ncer de pr\u00f3stata<\/strong><br \/>O c\u00e2ncer de pr\u00f3stata \u00e9 o tipo de c\u00e2ncer mais comum entre homens com mais de 70 anos. Na verdade, est\u00e1 a aumentar, pois mostra que j\u00e1 \u00e9 respons\u00e1vel por 12% dos novos casos de cancro detectados na Europa.<\/p>\n<p>Diferentes investiga\u00e7\u00f5es revelaram que o esvaziamento frequente da pr\u00f3stata, obtido atrav\u00e9s da ejacula\u00e7\u00e3o, pode prevenir o aparecimento do c\u00e2ncer de pr\u00f3stata. Alguns estudos dizem que quem se masturba mais de cinco vezes por semana tem 30% menos op\u00e7\u00f5es para acabar com um tumor de pr\u00f3stata.<\/p>\n<p><strong>Relaxamento natural<\/strong><br \/>As op\u00e7\u00f5es mais frequentes para relaxar s\u00e3o a tila, a leitura, a ioga ou mesmo os comprimidos. Mas gra\u00e7as \u00e0 masturba\u00e7\u00e3o voc\u00ea tamb\u00e9m pode obter essa qualidade, al\u00e9m de nos permitir acabar com a ins\u00f4nia. Ao atingir o orgasmo, o c\u00e9rebro do homem secreta horm\u00f4nios como a serotonina e a oxitocina, que est\u00e3o associados ao sono.<\/p>\n<p><strong>Mais fertilidade<\/strong><br \/>Ao contr\u00e1rio do que muitas vezes se pensa, a masturba\u00e7\u00e3o n\u00e3o afeta a qualidade do s\u00e9men. Muito pelo contr\u00e1rio, uma vez que consegue melhorar a motilidade dos espermatozoides. Isso ocorre porque atrav\u00e9s da ejacula\u00e7\u00e3o os espermatozoides residuais s\u00e3o liberados, fazendo com que os novos que saem sejam mais saud\u00e1veis e jovens.<\/p>\n<p><strong>Preven\u00e7\u00e3o de infec\u00e7\u00f5es<\/strong><br \/>A cada ejacula\u00e7\u00e3o as bact\u00e9rias s\u00e3o expelidas. Portanto, os dutos ejaculat\u00f3rios s\u00e3o desobstru\u00eddos, evitando o desenvolvimento de uma infec\u00e7\u00e3o. Mas al\u00e9m de notar nos \u00f3rg\u00e3os genitais, voc\u00ea tamb\u00e9m ir\u00e1 apreciar isso em outras \u00e1reas do corpo.<\/p>\n<p><strong>Aumenta a felicidade<\/strong><br \/>Com a masturba\u00e7\u00e3o secretamos uma s\u00e9rie de horm\u00f4nios como a dopamina e a oxitocina, que est\u00e3o associados aos n\u00edveis de felicidade. Os circuitos cerebrais de satisfa\u00e7\u00e3o s\u00e3o ativados, melhorando o humor e a felicidade.<\/p>\n<p>\u00a0<\/p>\n<p><strong>Use Jamyjob com frequ\u00eancia para melhorar seu desempenho sexual!<\/strong><\/p>\n","protected":false},"excerpt":{"rendered":"<p>JAMYJOB SIGNATURE &#8211; BRANDY VAGINA MASTURBADOR<\/p>\n","protected":false},"featured_media":96396,"template":"","meta":{"_acf_changed":false},"product_brand":[],"product_cat":[17,58,60],"product_tag":[],"class_list":{"0":"post-41676","1":"product","2":"type-product","3":"status-publish","4":"has-post-thumbnail","6":"product_cat-brinquedos-de-bem-estar-sexual","7":"product_cat-masturbadores-para-penis","8":"product_cat-para-eles","9":"yith_product_brand-cyber-girls-by-jamyjob","11":"first","12":"instock","13":"taxable","14":"shipping-taxable","15":"purchasable","16":"product-type-simple"},"acf":[],"yoast_head":"<!-- This site is optimized with the Yoast SEO plugin v27.4 - https:\/\/yoast.com\/product\/yoast-seo-wordpress\/ -->\n<title>JAMYJOB SIGNATURE - BRANDY VAGINA MASTURBADOR - Lovme<\/title>\n<meta name=\"robots\" content=\"index, follow, max-snippet:-1, max-image-preview:large, max-video-preview:-1\" \/>\n<link rel=\"canonical\" href=\"https:\/\/lovme.pt\/index.php\/produto\/jamyjob-signature-brandy-vagina-masturbador\/\" \/>\n<meta property=\"og:locale\" content=\"pt_PT\" \/>\n<meta property=\"og:type\" content=\"article\" \/>\n<meta property=\"og:title\" content=\"JAMYJOB SIGNATURE - BRANDY VAGINA MASTURBADOR - Lovme\" \/>\n<meta property=\"og:description\" content=\"JAMYJOB SIGNATURE - BRANDY VAGINA MASTURBADOR\" \/>\n<meta property=\"og:url\" content=\"https:\/\/lovme.pt\/index.php\/produto\/jamyjob-signature-brandy-vagina-masturbador\/\" \/>\n<meta property=\"og:site_name\" content=\"Lovme\" \/>\n<meta property=\"article:modified_time\" content=\"2026-02-19T20:19:03+00:00\" \/>\n<meta property=\"og:image\" content=\"https:\/\/erki24nd3ub.exactdn.com\/wp-content\/uploads\/dream\/img\/img_144326_c35155675c0c9d252a271de78196548e_1.png?strip=all\" \/>\n\t<meta property=\"og:image:width\" content=\"800\" \/>\n\t<meta property=\"og:image:height\" content=\"800\" \/>\n\t<meta property=\"og:image:type\" content=\"image\/png\" \/>\n<meta name=\"twitter:card\" content=\"summary_large_image\" \/>\n<meta name=\"twitter:label1\" content=\"Tempo estimado de leitura\" \/>\n\t<meta name=\"twitter:data1\" content=\"3 minutos\" \/>\n<script type=\"application\/ld+json\" class=\"yoast-schema-graph\">{\"@context\":\"https:\\\/\\\/schema.org\",\"@graph\":[{\"@type\":\"WebPage\",\"@id\":\"https:\\\/\\\/lovme.pt\\\/index.php\\\/produto\\\/jamyjob-signature-brandy-vagina-masturbador\\\/\",\"url\":\"https:\\\/\\\/lovme.pt\\\/index.php\\\/produto\\\/jamyjob-signature-brandy-vagina-masturbador\\\/\",\"name\":\"JAMYJOB SIGNATURE - BRANDY VAGINA MASTURBADOR - Lovme\",\"isPartOf\":{\"@id\":\"https:\\\/\\\/lovme.pt\\\/#website\"},\"primaryImageOfPage\":{\"@id\":\"https:\\\/\\\/lovme.pt\\\/index.php\\\/produto\\\/jamyjob-signature-brandy-vagina-masturbador\\\/#primaryimage\"},\"image\":{\"@id\":\"https:\\\/\\\/lovme.pt\\\/index.php\\\/produto\\\/jamyjob-signature-brandy-vagina-masturbador\\\/#primaryimage\"},\"thumbnailUrl\":\"https:\\\/\\\/erki24nd3ub.exactdn.com\\\/wp-content\\\/uploads\\\/dream\\\/img\\\/img_144326_c35155675c0c9d252a271de78196548e_1.png?strip=all\",\"datePublished\":\"2025-10-01T02:21:32+00:00\",\"dateModified\":\"2026-02-19T20:19:03+00:00\",\"breadcrumb\":{\"@id\":\"https:\\\/\\\/lovme.pt\\\/index.php\\\/produto\\\/jamyjob-signature-brandy-vagina-masturbador\\\/#breadcrumb\"},\"inLanguage\":\"pt-PT\",\"potentialAction\":[{\"@type\":\"ReadAction\",\"target\":[\"https:\\\/\\\/lovme.pt\\\/index.php\\\/produto\\\/jamyjob-signature-brandy-vagina-masturbador\\\/\"]}]},{\"@type\":\"ImageObject\",\"inLanguage\":\"pt-PT\",\"@id\":\"https:\\\/\\\/lovme.pt\\\/index.php\\\/produto\\\/jamyjob-signature-brandy-vagina-masturbador\\\/#primaryimage\",\"url\":\"https:\\\/\\\/erki24nd3ub.exactdn.com\\\/wp-content\\\/uploads\\\/dream\\\/img\\\/img_144326_c35155675c0c9d252a271de78196548e_1.png?strip=all\",\"contentUrl\":\"https:\\\/\\\/erki24nd3ub.exactdn.com\\\/wp-content\\\/uploads\\\/dream\\\/img\\\/img_144326_c35155675c0c9d252a271de78196548e_1.png?strip=all\",\"width\":800,\"height\":800},{\"@type\":\"BreadcrumbList\",\"@id\":\"https:\\\/\\\/lovme.pt\\\/index.php\\\/produto\\\/jamyjob-signature-brandy-vagina-masturbador\\\/#breadcrumb\",\"itemListElement\":[{\"@type\":\"ListItem\",\"position\":1,\"name\":\"In\u00edcio\",\"item\":\"https:\\\/\\\/lovme.pt\\\/\"},{\"@type\":\"ListItem\",\"position\":2,\"name\":\"Loja\",\"item\":\"https:\\\/\\\/lovme.pt\\\/index.php\\\/loja\\\/\"},{\"@type\":\"ListItem\",\"position\":3,\"name\":\"JAMYJOB SIGNATURE &#8211; BRANDY VAGINA MASTURBADOR\"}]},{\"@type\":\"WebSite\",\"@id\":\"https:\\\/\\\/lovme.pt\\\/#website\",\"url\":\"https:\\\/\\\/lovme.pt\\\/\",\"name\":\"Lovme Loja Er\u00f3tica N\u00ba1 em Portugal\",\"description\":\"A melhor loja er\u00f3tica de Portugal.\",\"alternateName\":\"Loja Er\u00f3tica Lovme\",\"potentialAction\":[{\"@type\":\"SearchAction\",\"target\":{\"@type\":\"EntryPoint\",\"urlTemplate\":\"https:\\\/\\\/lovme.pt\\\/?s={search_term_string}\"},\"query-input\":{\"@type\":\"PropertyValueSpecification\",\"valueRequired\":true,\"valueName\":\"search_term_string\"}}],\"inLanguage\":\"pt-PT\"}]}<\/script>\n<!-- \/ Yoast SEO plugin. -->","yoast_head_json":{"title":"JAMYJOB SIGNATURE - BRANDY VAGINA MASTURBADOR - Lovme","robots":{"index":"index","follow":"follow","max-snippet":"max-snippet:-1","max-image-preview":"max-image-preview:large","max-video-preview":"max-video-preview:-1"},"canonical":"https:\/\/lovme.pt\/index.php\/produto\/jamyjob-signature-brandy-vagina-masturbador\/","og_locale":"pt_PT","og_type":"article","og_title":"JAMYJOB SIGNATURE - BRANDY VAGINA MASTURBADOR - Lovme","og_description":"JAMYJOB SIGNATURE - BRANDY VAGINA MASTURBADOR","og_url":"https:\/\/lovme.pt\/index.php\/produto\/jamyjob-signature-brandy-vagina-masturbador\/","og_site_name":"Lovme","article_modified_time":"2026-02-19T20:19:03+00:00","og_image":[{"width":800,"height":800,"url":"https:\/\/erki24nd3ub.exactdn.com\/wp-content\/uploads\/dream\/img\/img_144326_c35155675c0c9d252a271de78196548e_1.png?strip=all","type":"image\/png"}],"twitter_card":"summary_large_image","twitter_misc":{"Tempo estimado de leitura":"3 minutos"},"schema":{"@context":"https:\/\/schema.org","@graph":[{"@type":"WebPage","@id":"https:\/\/lovme.pt\/index.php\/produto\/jamyjob-signature-brandy-vagina-masturbador\/","url":"https:\/\/lovme.pt\/index.php\/produto\/jamyjob-signature-brandy-vagina-masturbador\/","name":"JAMYJOB SIGNATURE - BRANDY VAGINA MASTURBADOR - Lovme","isPartOf":{"@id":"https:\/\/lovme.pt\/#website"},"primaryImageOfPage":{"@id":"https:\/\/lovme.pt\/index.php\/produto\/jamyjob-signature-brandy-vagina-masturbador\/#primaryimage"},"image":{"@id":"https:\/\/lovme.pt\/index.php\/produto\/jamyjob-signature-brandy-vagina-masturbador\/#primaryimage"},"thumbnailUrl":"https:\/\/erki24nd3ub.exactdn.com\/wp-content\/uploads\/dream\/img\/img_144326_c35155675c0c9d252a271de78196548e_1.png?strip=all","datePublished":"2025-10-01T02:21:32+00:00","dateModified":"2026-02-19T20:19:03+00:00","breadcrumb":{"@id":"https:\/\/lovme.pt\/index.php\/produto\/jamyjob-signature-brandy-vagina-masturbador\/#breadcrumb"},"inLanguage":"pt-PT","potentialAction":[{"@type":"ReadAction","target":["https:\/\/lovme.pt\/index.php\/produto\/jamyjob-signature-brandy-vagina-masturbador\/"]}]},{"@type":"ImageObject","inLanguage":"pt-PT","@id":"https:\/\/lovme.pt\/index.php\/produto\/jamyjob-signature-brandy-vagina-masturbador\/#primaryimage","url":"https:\/\/erki24nd3ub.exactdn.com\/wp-content\/uploads\/dream\/img\/img_144326_c35155675c0c9d252a271de78196548e_1.png?strip=all","contentUrl":"https:\/\/erki24nd3ub.exactdn.com\/wp-content\/uploads\/dream\/img\/img_144326_c35155675c0c9d252a271de78196548e_1.png?strip=all","width":800,"height":800},{"@type":"BreadcrumbList","@id":"https:\/\/lovme.pt\/index.php\/produto\/jamyjob-signature-brandy-vagina-masturbador\/#breadcrumb","itemListElement":[{"@type":"ListItem","position":1,"name":"In\u00edcio","item":"https:\/\/lovme.pt\/"},{"@type":"ListItem","position":2,"name":"Loja","item":"https:\/\/lovme.pt\/index.php\/loja\/"},{"@type":"ListItem","position":3,"name":"JAMYJOB SIGNATURE &#8211; BRANDY VAGINA MASTURBADOR"}]},{"@type":"WebSite","@id":"https:\/\/lovme.pt\/#website","url":"https:\/\/lovme.pt\/","name":"Lovme Loja Er\u00f3tica N\u00ba1 em Portugal","description":"A melhor loja er\u00f3tica de Portugal.","alternateName":"Loja Er\u00f3tica Lovme","potentialAction":[{"@type":"SearchAction","target":{"@type":"EntryPoint","urlTemplate":"https:\/\/lovme.pt\/?s={search_term_string}"},"query-input":{"@type":"PropertyValueSpecification","valueRequired":true,"valueName":"search_term_string"}}],"inLanguage":"pt-PT"}]}},"_links":{"self":[{"href":"https:\/\/lovme.pt\/index.php\/wp-json\/wp\/v2\/product\/41676","targetHints":{"allow":["GET"]}}],"collection":[{"href":"https:\/\/lovme.pt\/index.php\/wp-json\/wp\/v2\/product"}],"about":[{"href":"https:\/\/lovme.pt\/index.php\/wp-json\/wp\/v2\/types\/product"}],"wp:featuredmedia":[{"embeddable":true,"href":"https:\/\/lovme.pt\/index.php\/wp-json\/wp\/v2\/media\/96396"}],"wp:attachment":[{"href":"https:\/\/lovme.pt\/index.php\/wp-json\/wp\/v2\/media?parent=41676"}],"wp:term":[{"taxonomy":"product_brand","embeddable":true,"href":"https:\/\/lovme.pt\/index.php\/wp-json\/wp\/v2\/product_brand?post=41676"},{"taxonomy":"product_cat","embeddable":true,"href":"https:\/\/lovme.pt\/index.php\/wp-json\/wp\/v2\/product_cat?post=41676"},{"taxonomy":"product_tag","embeddable":true,"href":"https:\/\/lovme.pt\/index.php\/wp-json\/wp\/v2\/product_tag?post=41676"}],"curies":[{"name":"wp","href":"https:\/\/api.w.org\/{rel}","templated":true}]}}