{"id":41541,"date":"2025-09-30T20:43:11","date_gmt":"2025-09-30T20:43:11","guid":{"rendered":"https:\/\/lovme.pt\/?post_type=product&#038;p=41541"},"modified":"2026-02-19T20:23:18","modified_gmt":"2026-02-19T20:23:18","slug":"lelo-nea-3-massageiro-pessoal-preto","status":"publish","type":"product","link":"https:\/\/lovme.pt\/index.php\/produto\/lelo-nea-3-massageiro-pessoal-preto\/","title":{"rendered":"LELO &#8211; NEA 3 MASAJEADOR PERSONAL &#8211; AZUL"},"content":{"rendered":"<p><strong>NEA\u2122 3<\/strong> \u00e9 um pequeno massageador pessoal ideal para casais que desejam abrir as portas da sensualidade em seu relacionamento. Cont\u00e9m um design floral exclusivo e oferece dez modos de prazer com diversas intensidades. \u00c9 um dispositivo de prazer multissensorial, discreto mas potente, adequado para desfrutar sozinho ou brincar a dois.<\/p>\n<p>\u00a0<\/p>\n<p><strong>PRONTO PARA VIAJAR<\/strong> : Seu design compacto e discreto permite que voc\u00ea carregue o NEA\u2122 3 com voc\u00ea onde quer que voc\u00ea v\u00e1.<\/p>\n<p><strong>10 MODOS DE VIBRA\u00c7\u00c3O PODEROSOS<\/strong> : NEA\u2122 3 oferece dez padr\u00f5es de vibra\u00e7\u00e3o com intensidades diferentes; desde toques suaves at\u00e9 pulsa\u00e7\u00f5es muito emocionantes.<\/p>\n<p><strong>RECARREG\u00c1VEL POR USB E 100% IMPERME\u00c1VEL DE ACORDO COM O PADR\u00c3O IPX7<\/strong> : Desfrute de cl\u00edmax ilimitados a qualquer hora, em qualquer lugar, incluindo na banheira ou no chuveiro.<\/p>\n<p>\u00a0<\/p>\n<div><u><strong><span style=\"font-size: 13px;\">CARACTER\u00cdSTICAS:<\/span><\/strong><\/u><\/div>\n<div>\u00a0<\/div>\n<ul>\n<li><span style=\"font-size: 13px;\"><strong>Materiais:<\/strong> silicone biocompat\u00edvel e pl\u00e1stico ABS<\/span><\/li>\n<li><span style=\"font-size: 13px;\"><strong>Acabamento<\/strong> : liso<\/span><\/li>\n<li><span style=\"font-size: 13px;\"><strong>Tamanho<\/strong> :<\/span> 39x34x74mm<\/li>\n<li><span style=\"font-size: 13px;\"><strong>Peso<\/strong> :<\/span> <span style=\"font-size: 13px;\">45g<\/span><\/li>\n<li><span style=\"font-size: 13px;\"><strong>Bateria<\/strong> :<\/span> Li-ion 3,7 V com 300 mAh<\/li>\n<li><span style=\"font-size: 13px;\"><strong>Carga<\/strong> : at\u00e9 2 horas<\/span><\/li>\n<li><span style=\"font-size: 13px;\"><strong>Potencial nominal<\/strong> :<\/span> Entrada: 5 V 1,5 W \/\/ Sa\u00edda: 3,7 V 0,7 W<\/li>\n<li><span style=\"font-size: 13px;\"><strong>Tempo de uso<\/strong> : at\u00e9 2 horas<\/span><\/li>\n<li><span style=\"font-size: 13px;\"><strong>Espera<\/strong> : at\u00e9 90 dias<\/span><\/li>\n<li><span style=\"font-size: 13px;\"><strong>Frequ\u00eancia:<\/strong> 93 Hz<\/span><\/li>\n<li><span style=\"font-size: 13px;\"><strong>N\u00edvel m\u00e1ximo de ru\u00eddo:<\/strong> <60 dB<\/span><\/li>\n<li><span style=\"font-size: 13px;\"><strong>Interface<\/strong> : 2 bot\u00f5es<\/span><\/li>\n<\/ul>\n<div>\u00a0<\/div>\n<div>\u00a0<\/div>\n<div>\n<div><u><strong><span style=\"font-size: 13px;\">INSTRU\u00c7\u00d5ES DE USO:<\/span><\/strong><\/u><\/div>\n<ul>\n<li><span style=\"font-size: 13px;\">Antes da primeira utiliza\u00e7\u00e3o, carregue o seu<\/span> NEA\u2122 3 <span style=\"font-size: 13px;\"><span style=\"font-size: 13px;\">durante 2 horas.<\/span><\/span><\/li>\n<li><span style=\"font-size: 13px;\">A <span style=\"font-size: 13px;\">interface do dispositivo pode estar bloqueada.<\/span><\/span> Pressione e segure ambos os bot\u00f5es por 5 segundos.<\/li>\n<li>Pressione e segure o bot\u00e3o direito para lig\u00e1-lo.<\/li>\n<li>Pressione duas vezes rapidamente para alterar os modos.<\/li>\n<li>Pressione o bot\u00e3o esquerdo ou direito por um longo momento para aumentar ou diminuir a intensidade.<\/li>\n<li>Pressione e segure o bot\u00e3o esquerdo para deslig\u00e1-lo.<\/li>\n<\/ul>\n<\/div>\n","protected":false},"excerpt":{"rendered":"<p>LELO &#8211; NEA 3 MASSAGEIRO PESSOAL PRETO<\/p>\n","protected":false},"featured_media":71887,"template":"","meta":{"_acf_changed":false},"product_brand":[],"product_cat":[17,61],"product_tag":[],"class_list":{"0":"post-41541","1":"product","2":"type-product","3":"status-publish","4":"has-post-thumbnail","6":"product_cat-brinquedos-de-bem-estar-sexual","7":"product_cat-para-elas","8":"yith_product_brand-lelo","10":"first","11":"instock","12":"taxable","13":"shipping-taxable","14":"purchasable","15":"product-type-variable","16":"has-default-attributes"},"acf":[],"yoast_head":"<!-- This site is optimized with the Yoast SEO plugin v27.4 - https:\/\/yoast.com\/product\/yoast-seo-wordpress\/ -->\n<title>LELO - NEA 3 MASAJEADOR PERSONAL - AZUL - Lovme<\/title>\n<meta name=\"robots\" content=\"index, follow, max-snippet:-1, max-image-preview:large, max-video-preview:-1\" \/>\n<link rel=\"canonical\" href=\"https:\/\/lovme.pt\/index.php\/produto\/lelo-nea-3-massageiro-pessoal-preto\/\" \/>\n<meta property=\"og:locale\" content=\"pt_PT\" \/>\n<meta property=\"og:type\" content=\"article\" \/>\n<meta property=\"og:title\" content=\"LELO - NEA 3 MASAJEADOR PERSONAL - AZUL - Lovme\" \/>\n<meta property=\"og:description\" content=\"LELO - NEA 3 MASSAGEIRO PESSOAL PRETO\" \/>\n<meta property=\"og:url\" content=\"https:\/\/lovme.pt\/index.php\/produto\/lelo-nea-3-massageiro-pessoal-preto\/\" \/>\n<meta property=\"og:site_name\" content=\"Lovme\" \/>\n<meta property=\"article:modified_time\" content=\"2026-02-19T20:23:18+00:00\" \/>\n<meta property=\"og:image\" content=\"https:\/\/erki24nd3ub.exactdn.com\/wp-content\/uploads\/dream\/img\/img_135507_b1de1bcfd732834938f5ad6f6e9a4218_1.jpg?strip=all\" \/>\n\t<meta property=\"og:image:width\" content=\"800\" \/>\n\t<meta property=\"og:image:height\" content=\"800\" \/>\n\t<meta property=\"og:image:type\" content=\"image\/jpeg\" \/>\n<meta name=\"twitter:card\" content=\"summary_large_image\" \/>\n<meta name=\"twitter:label1\" content=\"Tempo estimado de leitura\" \/>\n\t<meta name=\"twitter:data1\" content=\"1 minuto\" \/>\n<script type=\"application\/ld+json\" class=\"yoast-schema-graph\">{\"@context\":\"https:\\\/\\\/schema.org\",\"@graph\":[{\"@type\":\"WebPage\",\"@id\":\"https:\\\/\\\/lovme.pt\\\/index.php\\\/produto\\\/lelo-nea-3-massageiro-pessoal-preto\\\/\",\"url\":\"https:\\\/\\\/lovme.pt\\\/index.php\\\/produto\\\/lelo-nea-3-massageiro-pessoal-preto\\\/\",\"name\":\"LELO - NEA 3 MASAJEADOR PERSONAL - AZUL - Lovme\",\"isPartOf\":{\"@id\":\"https:\\\/\\\/lovme.pt\\\/#website\"},\"primaryImageOfPage\":{\"@id\":\"https:\\\/\\\/lovme.pt\\\/index.php\\\/produto\\\/lelo-nea-3-massageiro-pessoal-preto\\\/#primaryimage\"},\"image\":{\"@id\":\"https:\\\/\\\/lovme.pt\\\/index.php\\\/produto\\\/lelo-nea-3-massageiro-pessoal-preto\\\/#primaryimage\"},\"thumbnailUrl\":\"https:\\\/\\\/erki24nd3ub.exactdn.com\\\/wp-content\\\/uploads\\\/dream\\\/img\\\/img_135507_b1de1bcfd732834938f5ad6f6e9a4218_1.jpg?strip=all\",\"datePublished\":\"2025-09-30T20:43:11+00:00\",\"dateModified\":\"2026-02-19T20:23:18+00:00\",\"breadcrumb\":{\"@id\":\"https:\\\/\\\/lovme.pt\\\/index.php\\\/produto\\\/lelo-nea-3-massageiro-pessoal-preto\\\/#breadcrumb\"},\"inLanguage\":\"pt-PT\",\"potentialAction\":[{\"@type\":\"ReadAction\",\"target\":[\"https:\\\/\\\/lovme.pt\\\/index.php\\\/produto\\\/lelo-nea-3-massageiro-pessoal-preto\\\/\"]}]},{\"@type\":\"ImageObject\",\"inLanguage\":\"pt-PT\",\"@id\":\"https:\\\/\\\/lovme.pt\\\/index.php\\\/produto\\\/lelo-nea-3-massageiro-pessoal-preto\\\/#primaryimage\",\"url\":\"https:\\\/\\\/erki24nd3ub.exactdn.com\\\/wp-content\\\/uploads\\\/dream\\\/img\\\/img_135507_b1de1bcfd732834938f5ad6f6e9a4218_1.jpg?strip=all\",\"contentUrl\":\"https:\\\/\\\/erki24nd3ub.exactdn.com\\\/wp-content\\\/uploads\\\/dream\\\/img\\\/img_135507_b1de1bcfd732834938f5ad6f6e9a4218_1.jpg?strip=all\",\"width\":800,\"height\":800},{\"@type\":\"BreadcrumbList\",\"@id\":\"https:\\\/\\\/lovme.pt\\\/index.php\\\/produto\\\/lelo-nea-3-massageiro-pessoal-preto\\\/#breadcrumb\",\"itemListElement\":[{\"@type\":\"ListItem\",\"position\":1,\"name\":\"In\u00edcio\",\"item\":\"https:\\\/\\\/lovme.pt\\\/\"},{\"@type\":\"ListItem\",\"position\":2,\"name\":\"Loja\",\"item\":\"https:\\\/\\\/lovme.pt\\\/index.php\\\/loja\\\/\"},{\"@type\":\"ListItem\",\"position\":3,\"name\":\"LELO &#8211; NEA 3 MASAJEADOR PERSONAL &#8211; AZUL\"}]},{\"@type\":\"WebSite\",\"@id\":\"https:\\\/\\\/lovme.pt\\\/#website\",\"url\":\"https:\\\/\\\/lovme.pt\\\/\",\"name\":\"Lovme Loja Er\u00f3tica N\u00ba1 em Portugal\",\"description\":\"A melhor loja er\u00f3tica de Portugal.\",\"alternateName\":\"Loja Er\u00f3tica Lovme\",\"potentialAction\":[{\"@type\":\"SearchAction\",\"target\":{\"@type\":\"EntryPoint\",\"urlTemplate\":\"https:\\\/\\\/lovme.pt\\\/?s={search_term_string}\"},\"query-input\":{\"@type\":\"PropertyValueSpecification\",\"valueRequired\":true,\"valueName\":\"search_term_string\"}}],\"inLanguage\":\"pt-PT\"}]}<\/script>\n<!-- \/ Yoast SEO plugin. -->","yoast_head_json":{"title":"LELO - NEA 3 MASAJEADOR PERSONAL - AZUL - Lovme","robots":{"index":"index","follow":"follow","max-snippet":"max-snippet:-1","max-image-preview":"max-image-preview:large","max-video-preview":"max-video-preview:-1"},"canonical":"https:\/\/lovme.pt\/index.php\/produto\/lelo-nea-3-massageiro-pessoal-preto\/","og_locale":"pt_PT","og_type":"article","og_title":"LELO - NEA 3 MASAJEADOR PERSONAL - AZUL - Lovme","og_description":"LELO - NEA 3 MASSAGEIRO PESSOAL PRETO","og_url":"https:\/\/lovme.pt\/index.php\/produto\/lelo-nea-3-massageiro-pessoal-preto\/","og_site_name":"Lovme","article_modified_time":"2026-02-19T20:23:18+00:00","og_image":[{"width":800,"height":800,"url":"https:\/\/erki24nd3ub.exactdn.com\/wp-content\/uploads\/dream\/img\/img_135507_b1de1bcfd732834938f5ad6f6e9a4218_1.jpg?strip=all","type":"image\/jpeg"}],"twitter_card":"summary_large_image","twitter_misc":{"Tempo estimado de leitura":"1 minuto"},"schema":{"@context":"https:\/\/schema.org","@graph":[{"@type":"WebPage","@id":"https:\/\/lovme.pt\/index.php\/produto\/lelo-nea-3-massageiro-pessoal-preto\/","url":"https:\/\/lovme.pt\/index.php\/produto\/lelo-nea-3-massageiro-pessoal-preto\/","name":"LELO - NEA 3 MASAJEADOR PERSONAL - AZUL - Lovme","isPartOf":{"@id":"https:\/\/lovme.pt\/#website"},"primaryImageOfPage":{"@id":"https:\/\/lovme.pt\/index.php\/produto\/lelo-nea-3-massageiro-pessoal-preto\/#primaryimage"},"image":{"@id":"https:\/\/lovme.pt\/index.php\/produto\/lelo-nea-3-massageiro-pessoal-preto\/#primaryimage"},"thumbnailUrl":"https:\/\/erki24nd3ub.exactdn.com\/wp-content\/uploads\/dream\/img\/img_135507_b1de1bcfd732834938f5ad6f6e9a4218_1.jpg?strip=all","datePublished":"2025-09-30T20:43:11+00:00","dateModified":"2026-02-19T20:23:18+00:00","breadcrumb":{"@id":"https:\/\/lovme.pt\/index.php\/produto\/lelo-nea-3-massageiro-pessoal-preto\/#breadcrumb"},"inLanguage":"pt-PT","potentialAction":[{"@type":"ReadAction","target":["https:\/\/lovme.pt\/index.php\/produto\/lelo-nea-3-massageiro-pessoal-preto\/"]}]},{"@type":"ImageObject","inLanguage":"pt-PT","@id":"https:\/\/lovme.pt\/index.php\/produto\/lelo-nea-3-massageiro-pessoal-preto\/#primaryimage","url":"https:\/\/erki24nd3ub.exactdn.com\/wp-content\/uploads\/dream\/img\/img_135507_b1de1bcfd732834938f5ad6f6e9a4218_1.jpg?strip=all","contentUrl":"https:\/\/erki24nd3ub.exactdn.com\/wp-content\/uploads\/dream\/img\/img_135507_b1de1bcfd732834938f5ad6f6e9a4218_1.jpg?strip=all","width":800,"height":800},{"@type":"BreadcrumbList","@id":"https:\/\/lovme.pt\/index.php\/produto\/lelo-nea-3-massageiro-pessoal-preto\/#breadcrumb","itemListElement":[{"@type":"ListItem","position":1,"name":"In\u00edcio","item":"https:\/\/lovme.pt\/"},{"@type":"ListItem","position":2,"name":"Loja","item":"https:\/\/lovme.pt\/index.php\/loja\/"},{"@type":"ListItem","position":3,"name":"LELO &#8211; NEA 3 MASAJEADOR PERSONAL &#8211; AZUL"}]},{"@type":"WebSite","@id":"https:\/\/lovme.pt\/#website","url":"https:\/\/lovme.pt\/","name":"Lovme Loja Er\u00f3tica N\u00ba1 em Portugal","description":"A melhor loja er\u00f3tica de Portugal.","alternateName":"Loja Er\u00f3tica Lovme","potentialAction":[{"@type":"SearchAction","target":{"@type":"EntryPoint","urlTemplate":"https:\/\/lovme.pt\/?s={search_term_string}"},"query-input":{"@type":"PropertyValueSpecification","valueRequired":true,"valueName":"search_term_string"}}],"inLanguage":"pt-PT"}]}},"_links":{"self":[{"href":"https:\/\/lovme.pt\/index.php\/wp-json\/wp\/v2\/product\/41541","targetHints":{"allow":["GET"]}}],"collection":[{"href":"https:\/\/lovme.pt\/index.php\/wp-json\/wp\/v2\/product"}],"about":[{"href":"https:\/\/lovme.pt\/index.php\/wp-json\/wp\/v2\/types\/product"}],"wp:featuredmedia":[{"embeddable":true,"href":"https:\/\/lovme.pt\/index.php\/wp-json\/wp\/v2\/media\/71887"}],"wp:attachment":[{"href":"https:\/\/lovme.pt\/index.php\/wp-json\/wp\/v2\/media?parent=41541"}],"wp:term":[{"taxonomy":"product_brand","embeddable":true,"href":"https:\/\/lovme.pt\/index.php\/wp-json\/wp\/v2\/product_brand?post=41541"},{"taxonomy":"product_cat","embeddable":true,"href":"https:\/\/lovme.pt\/index.php\/wp-json\/wp\/v2\/product_cat?post=41541"},{"taxonomy":"product_tag","embeddable":true,"href":"https:\/\/lovme.pt\/index.php\/wp-json\/wp\/v2\/product_tag?post=41541"}],"curies":[{"name":"wp","href":"https:\/\/api.w.org\/{rel}","templated":true}]}}