{"id":41534,"date":"2025-09-30T20:43:08","date_gmt":"2025-09-30T20:43:08","guid":{"rendered":"https:\/\/lovme.pt\/?post_type=product&p=41534"},"modified":"2026-02-19T20:08:46","modified_gmt":"2026-02-19T20:08:46","slug":"b-swish-bnaughty-deluxe-unleashed-midnight-blue","status":"publish","type":"product","link":"https:\/\/lovme.pt\/index.php\/produto\/b-swish-bnaughty-deluxe-unleashed-midnight-blue\/","title":{"rendered":"B SWISH &#8211; BNAUGHTY DELUXE UNLEASHED MIDNIGHT BLUE"},"content":{"rendered":"<p>Bnaughty Deluxe Unleashed \u00e9 uma bala suave e sem fio que ir\u00e1 satisfazer todas as suas curiosidades por horas de prazer \u00e0 prova d\u00e1gua. Use o controle remoto discreto e intuitivo para experimentar as 6 fun\u00e7\u00f5es desta bala de silicone. O Bnaughty Deluxe Unleashed \u00e9 uma pot\u00eancia de prazer vers\u00e1til. A bala de silicone compacta e sedosa \u00e9 \u00e0 prova d\u00e1gua e perfeita para aventuras individuais ou brincadeiras em casal. Controle todas as 6 fun\u00e7\u00f5es com o controle remoto discreto com bot\u00f5es liga\/desliga retroiluminados e bot\u00f5es de fun\u00e7\u00e3o, ou de forma independente com controles integrados no pr\u00f3prio bullet.<\/p>\n<p>Voc\u00ea decide se assume o controle ou se prefere jogar em casal! Para usar, basta pressionar e segurar o bot\u00e3o liga \/ desliga embutido na bala por 3 segundos, uma pequena vibra\u00e7\u00e3o indica que a bala est\u00e1 ligada. Para us\u00e1-lo sem o controle remoto, pressione o bot\u00e3o integrado novamente para percorrer as 6 fun\u00e7\u00f5es. Para usar com o controle remoto sem fio, basta pressionar o bot\u00e3o liga \/ desliga localizado no controle remoto, uma luz de fundo vermelha indica que o controle remoto est\u00e1 ligado. Pressione o bot\u00e3o de fun\u00e7\u00e3o para experimentar as 6 fun\u00e7\u00f5es.<\/p>\n<p>Para desligar, pressione o bot\u00e3o liga \/ desliga localizado no controle remoto e segure o bot\u00e3o liga \/ desliga embutido no bullet por 3 segundos. O Bnaughty Deluxe Unleashed \u00e9 convenientemente alimentado por 2 pilhas AAA no controle remoto sem fio e 1 pilha AA na bala. As baterias n\u00e3o est\u00e3o inclu\u00eddas. O Bnaughty Deluxe Unleashed Bullet \u00e9 feito de silicone n\u00e3o poroso e f\u00e1cil de limpar. A maneira mais f\u00e1cil de limpar seu brinquedo \u00e9 com \u00e1gua morna e sab\u00e3o e deixe secar ao ar.<\/p>\n<ul>\n<li>Materiais 100% seguros para o corpo<\/li>\n<li>6 fun\u00e7\u00f5es poderosas<\/li>\n<li>Luz de fundo vermelha \u00e0 prova d\u00e1gua<\/li>\n<\/ul>\n","protected":false},"excerpt":{"rendered":"<p>B SWISH &#8211; BNAUGHTY DELUXE UNLEASHED MIDNIGHT BLUE<\/p>\n","protected":false},"featured_media":71870,"template":"","meta":{"_acf_changed":false},"product_brand":[],"product_cat":[17,61,76],"product_tag":[],"class_list":{"0":"post-41534","1":"product","2":"type-product","3":"status-publish","4":"has-post-thumbnail","6":"product_cat-brinquedos-de-bem-estar-sexual","7":"product_cat-para-elas","8":"product_cat-vibradores","9":"yith_product_brand-b-swish","11":"first","12":"instock","13":"taxable","14":"shipping-taxable","15":"purchasable","16":"product-type-simple"},"acf":[],"yoast_head":"<!-- This site is optimized with the Yoast SEO plugin v27.3 - https:\/\/yoast.com\/product\/yoast-seo-wordpress\/ -->\n<title>B SWISH - BNAUGHTY DELUXE UNLEASHED MIDNIGHT BLUE - Lovme<\/title>\n<meta name=\"robots\" content=\"index, follow, max-snippet:-1, max-image-preview:large, max-video-preview:-1\" \/>\n<link rel=\"canonical\" href=\"https:\/\/lovme.pt\/index.php\/produto\/b-swish-bnaughty-deluxe-unleashed-midnight-blue\/\" \/>\n<meta property=\"og:locale\" content=\"pt_PT\" \/>\n<meta property=\"og:type\" content=\"article\" \/>\n<meta property=\"og:title\" content=\"B SWISH - BNAUGHTY DELUXE UNLEASHED MIDNIGHT BLUE - Lovme\" \/>\n<meta property=\"og:description\" content=\"B SWISH - BNAUGHTY DELUXE UNLEASHED MIDNIGHT BLUE\" \/>\n<meta property=\"og:url\" content=\"https:\/\/lovme.pt\/index.php\/produto\/b-swish-bnaughty-deluxe-unleashed-midnight-blue\/\" \/>\n<meta property=\"og:site_name\" content=\"Lovme\" \/>\n<meta property=\"article:modified_time\" content=\"2026-02-19T20:08:46+00:00\" \/>\n<meta property=\"og:image\" content=\"https:\/\/erki24nd3ub.exactdn.com\/wp-content\/uploads\/dream\/img\/img_145069_14247db31fb633c3860e631b16253631_1.jpg?strip=all\" \/>\n\t<meta property=\"og:image:width\" content=\"800\" \/>\n\t<meta property=\"og:image:height\" content=\"800\" \/>\n\t<meta property=\"og:image:type\" content=\"image\/jpeg\" \/>\n<meta name=\"twitter:card\" content=\"summary_large_image\" \/>\n<meta name=\"twitter:label1\" content=\"Tempo estimado de leitura\" \/>\n\t<meta name=\"twitter:data1\" content=\"2 minutos\" \/>\n<script type=\"application\/ld+json\" class=\"yoast-schema-graph\">{\"@context\":\"https:\\\/\\\/schema.org\",\"@graph\":[{\"@type\":\"WebPage\",\"@id\":\"https:\\\/\\\/lovme.pt\\\/index.php\\\/produto\\\/b-swish-bnaughty-deluxe-unleashed-midnight-blue\\\/\",\"url\":\"https:\\\/\\\/lovme.pt\\\/index.php\\\/produto\\\/b-swish-bnaughty-deluxe-unleashed-midnight-blue\\\/\",\"name\":\"B SWISH - BNAUGHTY DELUXE UNLEASHED MIDNIGHT BLUE - Lovme\",\"isPartOf\":{\"@id\":\"https:\\\/\\\/lovme.pt\\\/#website\"},\"primaryImageOfPage\":{\"@id\":\"https:\\\/\\\/lovme.pt\\\/index.php\\\/produto\\\/b-swish-bnaughty-deluxe-unleashed-midnight-blue\\\/#primaryimage\"},\"image\":{\"@id\":\"https:\\\/\\\/lovme.pt\\\/index.php\\\/produto\\\/b-swish-bnaughty-deluxe-unleashed-midnight-blue\\\/#primaryimage\"},\"thumbnailUrl\":\"https:\\\/\\\/erki24nd3ub.exactdn.com\\\/wp-content\\\/uploads\\\/dream\\\/img\\\/img_145069_14247db31fb633c3860e631b16253631_1.jpg?strip=all\",\"datePublished\":\"2025-09-30T20:43:08+00:00\",\"dateModified\":\"2026-02-19T20:08:46+00:00\",\"breadcrumb\":{\"@id\":\"https:\\\/\\\/lovme.pt\\\/index.php\\\/produto\\\/b-swish-bnaughty-deluxe-unleashed-midnight-blue\\\/#breadcrumb\"},\"inLanguage\":\"pt-PT\",\"potentialAction\":[{\"@type\":\"ReadAction\",\"target\":[\"https:\\\/\\\/lovme.pt\\\/index.php\\\/produto\\\/b-swish-bnaughty-deluxe-unleashed-midnight-blue\\\/\"]}]},{\"@type\":\"ImageObject\",\"inLanguage\":\"pt-PT\",\"@id\":\"https:\\\/\\\/lovme.pt\\\/index.php\\\/produto\\\/b-swish-bnaughty-deluxe-unleashed-midnight-blue\\\/#primaryimage\",\"url\":\"https:\\\/\\\/erki24nd3ub.exactdn.com\\\/wp-content\\\/uploads\\\/dream\\\/img\\\/img_145069_14247db31fb633c3860e631b16253631_1.jpg?strip=all\",\"contentUrl\":\"https:\\\/\\\/erki24nd3ub.exactdn.com\\\/wp-content\\\/uploads\\\/dream\\\/img\\\/img_145069_14247db31fb633c3860e631b16253631_1.jpg?strip=all\",\"width\":800,\"height\":800},{\"@type\":\"BreadcrumbList\",\"@id\":\"https:\\\/\\\/lovme.pt\\\/index.php\\\/produto\\\/b-swish-bnaughty-deluxe-unleashed-midnight-blue\\\/#breadcrumb\",\"itemListElement\":[{\"@type\":\"ListItem\",\"position\":1,\"name\":\"In\u00edcio\",\"item\":\"https:\\\/\\\/lovme.pt\\\/\"},{\"@type\":\"ListItem\",\"position\":2,\"name\":\"Loja\",\"item\":\"https:\\\/\\\/lovme.pt\\\/index.php\\\/loja\\\/\"},{\"@type\":\"ListItem\",\"position\":3,\"name\":\"B SWISH &#8211; BNAUGHTY DELUXE UNLEASHED MIDNIGHT BLUE\"}]},{\"@type\":\"WebSite\",\"@id\":\"https:\\\/\\\/lovme.pt\\\/#website\",\"url\":\"https:\\\/\\\/lovme.pt\\\/\",\"name\":\"Lovme Loja Er\u00f3tica N\u00ba1 em Portugal\",\"description\":\"A melhor loja er\u00f3tica de Portugal.\",\"alternateName\":\"Loja Er\u00f3tica Lovme\",\"potentialAction\":[{\"@type\":\"SearchAction\",\"target\":{\"@type\":\"EntryPoint\",\"urlTemplate\":\"https:\\\/\\\/lovme.pt\\\/?s={search_term_string}\"},\"query-input\":{\"@type\":\"PropertyValueSpecification\",\"valueRequired\":true,\"valueName\":\"search_term_string\"}}],\"inLanguage\":\"pt-PT\"}]}<\/script>\n<!-- \/ Yoast SEO plugin. -->","yoast_head_json":{"title":"B SWISH - BNAUGHTY DELUXE UNLEASHED MIDNIGHT BLUE - Lovme","robots":{"index":"index","follow":"follow","max-snippet":"max-snippet:-1","max-image-preview":"max-image-preview:large","max-video-preview":"max-video-preview:-1"},"canonical":"https:\/\/lovme.pt\/index.php\/produto\/b-swish-bnaughty-deluxe-unleashed-midnight-blue\/","og_locale":"pt_PT","og_type":"article","og_title":"B SWISH - BNAUGHTY DELUXE UNLEASHED MIDNIGHT BLUE - Lovme","og_description":"B SWISH - BNAUGHTY DELUXE UNLEASHED MIDNIGHT BLUE","og_url":"https:\/\/lovme.pt\/index.php\/produto\/b-swish-bnaughty-deluxe-unleashed-midnight-blue\/","og_site_name":"Lovme","article_modified_time":"2026-02-19T20:08:46+00:00","og_image":[{"width":800,"height":800,"url":"https:\/\/erki24nd3ub.exactdn.com\/wp-content\/uploads\/dream\/img\/img_145069_14247db31fb633c3860e631b16253631_1.jpg?strip=all","type":"image\/jpeg"}],"twitter_card":"summary_large_image","twitter_misc":{"Tempo estimado de leitura":"2 minutos"},"schema":{"@context":"https:\/\/schema.org","@graph":[{"@type":"WebPage","@id":"https:\/\/lovme.pt\/index.php\/produto\/b-swish-bnaughty-deluxe-unleashed-midnight-blue\/","url":"https:\/\/lovme.pt\/index.php\/produto\/b-swish-bnaughty-deluxe-unleashed-midnight-blue\/","name":"B SWISH - BNAUGHTY DELUXE UNLEASHED MIDNIGHT BLUE - Lovme","isPartOf":{"@id":"https:\/\/lovme.pt\/#website"},"primaryImageOfPage":{"@id":"https:\/\/lovme.pt\/index.php\/produto\/b-swish-bnaughty-deluxe-unleashed-midnight-blue\/#primaryimage"},"image":{"@id":"https:\/\/lovme.pt\/index.php\/produto\/b-swish-bnaughty-deluxe-unleashed-midnight-blue\/#primaryimage"},"thumbnailUrl":"https:\/\/erki24nd3ub.exactdn.com\/wp-content\/uploads\/dream\/img\/img_145069_14247db31fb633c3860e631b16253631_1.jpg?strip=all","datePublished":"2025-09-30T20:43:08+00:00","dateModified":"2026-02-19T20:08:46+00:00","breadcrumb":{"@id":"https:\/\/lovme.pt\/index.php\/produto\/b-swish-bnaughty-deluxe-unleashed-midnight-blue\/#breadcrumb"},"inLanguage":"pt-PT","potentialAction":[{"@type":"ReadAction","target":["https:\/\/lovme.pt\/index.php\/produto\/b-swish-bnaughty-deluxe-unleashed-midnight-blue\/"]}]},{"@type":"ImageObject","inLanguage":"pt-PT","@id":"https:\/\/lovme.pt\/index.php\/produto\/b-swish-bnaughty-deluxe-unleashed-midnight-blue\/#primaryimage","url":"https:\/\/erki24nd3ub.exactdn.com\/wp-content\/uploads\/dream\/img\/img_145069_14247db31fb633c3860e631b16253631_1.jpg?strip=all","contentUrl":"https:\/\/erki24nd3ub.exactdn.com\/wp-content\/uploads\/dream\/img\/img_145069_14247db31fb633c3860e631b16253631_1.jpg?strip=all","width":800,"height":800},{"@type":"BreadcrumbList","@id":"https:\/\/lovme.pt\/index.php\/produto\/b-swish-bnaughty-deluxe-unleashed-midnight-blue\/#breadcrumb","itemListElement":[{"@type":"ListItem","position":1,"name":"In\u00edcio","item":"https:\/\/lovme.pt\/"},{"@type":"ListItem","position":2,"name":"Loja","item":"https:\/\/lovme.pt\/index.php\/loja\/"},{"@type":"ListItem","position":3,"name":"B SWISH &#8211; BNAUGHTY DELUXE UNLEASHED MIDNIGHT BLUE"}]},{"@type":"WebSite","@id":"https:\/\/lovme.pt\/#website","url":"https:\/\/lovme.pt\/","name":"Lovme Loja Er\u00f3tica N\u00ba1 em Portugal","description":"A melhor loja er\u00f3tica de Portugal.","alternateName":"Loja Er\u00f3tica Lovme","potentialAction":[{"@type":"SearchAction","target":{"@type":"EntryPoint","urlTemplate":"https:\/\/lovme.pt\/?s={search_term_string}"},"query-input":{"@type":"PropertyValueSpecification","valueRequired":true,"valueName":"search_term_string"}}],"inLanguage":"pt-PT"}]}},"_links":{"self":[{"href":"https:\/\/lovme.pt\/index.php\/wp-json\/wp\/v2\/product\/41534","targetHints":{"allow":["GET"]}}],"collection":[{"href":"https:\/\/lovme.pt\/index.php\/wp-json\/wp\/v2\/product"}],"about":[{"href":"https:\/\/lovme.pt\/index.php\/wp-json\/wp\/v2\/types\/product"}],"wp:featuredmedia":[{"embeddable":true,"href":"https:\/\/lovme.pt\/index.php\/wp-json\/wp\/v2\/media\/71870"}],"wp:attachment":[{"href":"https:\/\/lovme.pt\/index.php\/wp-json\/wp\/v2\/media?parent=41534"}],"wp:term":[{"taxonomy":"product_brand","embeddable":true,"href":"https:\/\/lovme.pt\/index.php\/wp-json\/wp\/v2\/product_brand?post=41534"},{"taxonomy":"product_cat","embeddable":true,"href":"https:\/\/lovme.pt\/index.php\/wp-json\/wp\/v2\/product_cat?post=41534"},{"taxonomy":"product_tag","embeddable":true,"href":"https:\/\/lovme.pt\/index.php\/wp-json\/wp\/v2\/product_tag?post=41534"}],"curies":[{"name":"wp","href":"https:\/\/api.w.org\/{rel}","templated":true}]}}