{"id":41531,"date":"2025-09-30T20:43:05","date_gmt":"2025-09-30T20:43:05","guid":{"rendered":"https:\/\/lovme.pt\/?post_type=product&p=41531"},"modified":"2026-02-19T20:08:45","modified_gmt":"2026-02-19T20:08:45","slug":"b-swish-pastel-clssico-bwild","status":"publish","type":"product","link":"https:\/\/lovme.pt\/index.php\/produto\/b-swish-pastel-clssico-bwild\/","title":{"rendered":"B SWISH &#8211; PASTEL CLSSICO BWILD"},"content":{"rendered":"<p>Descubra o Vibrador Classic Wave B Swish! Um mundo inteiro de possibilidades para imagina\u00e7\u00e3o e divers\u00e3o!<\/p>\n<ul>\n<li>Material: Silicone<\/li>\n<li>Caracter\u00edsticas: \u00c0 Prova D \u00c1gua<\/li>\n<li>Alimentado por 2 pilhas AAA, inclu\u00eddas<\/li>\n<li>N\u00famero de baterias: 2<\/li>\n<li>Tipo de bateria: AAA<\/li>\n<li>Caracter\u00edsticas: 5<\/li>\n<li>Propriedades: \u00c0 Prova D \u00c1gua<\/li>\n<li>Di\u00e2metro aprox.: 3cm<\/li>\n<\/ul>\n","protected":false},"excerpt":{"rendered":"<p>B SWISH &#8211; PASTEL CLSSICO BWILD<\/p>\n","protected":false},"featured_media":71861,"template":"","meta":{"_acf_changed":false},"product_brand":[],"product_cat":[17,61,76],"product_tag":[],"class_list":{"0":"post-41531","1":"product","2":"type-product","3":"status-publish","4":"has-post-thumbnail","6":"product_cat-brinquedos-de-bem-estar-sexual","7":"product_cat-para-elas","8":"product_cat-vibradores","9":"yith_product_brand-b-swish","11":"first","12":"instock","13":"taxable","14":"shipping-taxable","15":"purchasable","16":"product-type-simple"},"acf":[],"yoast_head":"<!-- This site is optimized with the Yoast SEO plugin v27.3 - https:\/\/yoast.com\/product\/yoast-seo-wordpress\/ -->\n<title>B SWISH - PASTEL CLSSICO BWILD - Lovme<\/title>\n<meta name=\"robots\" content=\"index, follow, max-snippet:-1, max-image-preview:large, max-video-preview:-1\" \/>\n<link rel=\"canonical\" href=\"https:\/\/lovme.pt\/index.php\/produto\/b-swish-pastel-clssico-bwild\/\" \/>\n<meta property=\"og:locale\" content=\"pt_PT\" \/>\n<meta property=\"og:type\" content=\"article\" \/>\n<meta property=\"og:title\" content=\"B SWISH - PASTEL CLSSICO BWILD - Lovme\" \/>\n<meta property=\"og:description\" content=\"B SWISH - PASTEL CLSSICO BWILD\" \/>\n<meta property=\"og:url\" content=\"https:\/\/lovme.pt\/index.php\/produto\/b-swish-pastel-clssico-bwild\/\" \/>\n<meta property=\"og:site_name\" content=\"Lovme\" \/>\n<meta property=\"article:modified_time\" content=\"2026-02-19T20:08:45+00:00\" \/>\n<meta property=\"og:image\" content=\"https:\/\/erki24nd3ub.exactdn.com\/wp-content\/uploads\/dream\/img\/img_135447_18f08b82dea10e1d01cc89a6bb684218_1.jpg?strip=all\" \/>\n\t<meta property=\"og:image:width\" content=\"800\" \/>\n\t<meta property=\"og:image:height\" content=\"800\" \/>\n\t<meta property=\"og:image:type\" content=\"image\/jpeg\" \/>\n<meta name=\"twitter:card\" content=\"summary_large_image\" \/>\n<script type=\"application\/ld+json\" class=\"yoast-schema-graph\">{\"@context\":\"https:\\\/\\\/schema.org\",\"@graph\":[{\"@type\":\"WebPage\",\"@id\":\"https:\\\/\\\/lovme.pt\\\/index.php\\\/produto\\\/b-swish-pastel-clssico-bwild\\\/\",\"url\":\"https:\\\/\\\/lovme.pt\\\/index.php\\\/produto\\\/b-swish-pastel-clssico-bwild\\\/\",\"name\":\"B SWISH - PASTEL CLSSICO BWILD - Lovme\",\"isPartOf\":{\"@id\":\"https:\\\/\\\/lovme.pt\\\/#website\"},\"primaryImageOfPage\":{\"@id\":\"https:\\\/\\\/lovme.pt\\\/index.php\\\/produto\\\/b-swish-pastel-clssico-bwild\\\/#primaryimage\"},\"image\":{\"@id\":\"https:\\\/\\\/lovme.pt\\\/index.php\\\/produto\\\/b-swish-pastel-clssico-bwild\\\/#primaryimage\"},\"thumbnailUrl\":\"https:\\\/\\\/erki24nd3ub.exactdn.com\\\/wp-content\\\/uploads\\\/dream\\\/img\\\/img_135447_18f08b82dea10e1d01cc89a6bb684218_1.jpg?strip=all\",\"datePublished\":\"2025-09-30T20:43:05+00:00\",\"dateModified\":\"2026-02-19T20:08:45+00:00\",\"breadcrumb\":{\"@id\":\"https:\\\/\\\/lovme.pt\\\/index.php\\\/produto\\\/b-swish-pastel-clssico-bwild\\\/#breadcrumb\"},\"inLanguage\":\"pt-PT\",\"potentialAction\":[{\"@type\":\"ReadAction\",\"target\":[\"https:\\\/\\\/lovme.pt\\\/index.php\\\/produto\\\/b-swish-pastel-clssico-bwild\\\/\"]}]},{\"@type\":\"ImageObject\",\"inLanguage\":\"pt-PT\",\"@id\":\"https:\\\/\\\/lovme.pt\\\/index.php\\\/produto\\\/b-swish-pastel-clssico-bwild\\\/#primaryimage\",\"url\":\"https:\\\/\\\/erki24nd3ub.exactdn.com\\\/wp-content\\\/uploads\\\/dream\\\/img\\\/img_135447_18f08b82dea10e1d01cc89a6bb684218_1.jpg?strip=all\",\"contentUrl\":\"https:\\\/\\\/erki24nd3ub.exactdn.com\\\/wp-content\\\/uploads\\\/dream\\\/img\\\/img_135447_18f08b82dea10e1d01cc89a6bb684218_1.jpg?strip=all\",\"width\":800,\"height\":800},{\"@type\":\"BreadcrumbList\",\"@id\":\"https:\\\/\\\/lovme.pt\\\/index.php\\\/produto\\\/b-swish-pastel-clssico-bwild\\\/#breadcrumb\",\"itemListElement\":[{\"@type\":\"ListItem\",\"position\":1,\"name\":\"In\u00edcio\",\"item\":\"https:\\\/\\\/lovme.pt\\\/\"},{\"@type\":\"ListItem\",\"position\":2,\"name\":\"Loja\",\"item\":\"https:\\\/\\\/lovme.pt\\\/index.php\\\/loja\\\/\"},{\"@type\":\"ListItem\",\"position\":3,\"name\":\"B SWISH &#8211; PASTEL CLSSICO BWILD\"}]},{\"@type\":\"WebSite\",\"@id\":\"https:\\\/\\\/lovme.pt\\\/#website\",\"url\":\"https:\\\/\\\/lovme.pt\\\/\",\"name\":\"Lovme Loja Er\u00f3tica N\u00ba1 em Portugal\",\"description\":\"A melhor loja er\u00f3tica de Portugal.\",\"alternateName\":\"Loja Er\u00f3tica Lovme\",\"potentialAction\":[{\"@type\":\"SearchAction\",\"target\":{\"@type\":\"EntryPoint\",\"urlTemplate\":\"https:\\\/\\\/lovme.pt\\\/?s={search_term_string}\"},\"query-input\":{\"@type\":\"PropertyValueSpecification\",\"valueRequired\":true,\"valueName\":\"search_term_string\"}}],\"inLanguage\":\"pt-PT\"}]}<\/script>\n<!-- \/ Yoast SEO plugin. -->","yoast_head_json":{"title":"B SWISH - PASTEL CLSSICO BWILD - Lovme","robots":{"index":"index","follow":"follow","max-snippet":"max-snippet:-1","max-image-preview":"max-image-preview:large","max-video-preview":"max-video-preview:-1"},"canonical":"https:\/\/lovme.pt\/index.php\/produto\/b-swish-pastel-clssico-bwild\/","og_locale":"pt_PT","og_type":"article","og_title":"B SWISH - PASTEL CLSSICO BWILD - Lovme","og_description":"B SWISH - PASTEL CLSSICO BWILD","og_url":"https:\/\/lovme.pt\/index.php\/produto\/b-swish-pastel-clssico-bwild\/","og_site_name":"Lovme","article_modified_time":"2026-02-19T20:08:45+00:00","og_image":[{"width":800,"height":800,"url":"https:\/\/erki24nd3ub.exactdn.com\/wp-content\/uploads\/dream\/img\/img_135447_18f08b82dea10e1d01cc89a6bb684218_1.jpg?strip=all","type":"image\/jpeg"}],"twitter_card":"summary_large_image","schema":{"@context":"https:\/\/schema.org","@graph":[{"@type":"WebPage","@id":"https:\/\/lovme.pt\/index.php\/produto\/b-swish-pastel-clssico-bwild\/","url":"https:\/\/lovme.pt\/index.php\/produto\/b-swish-pastel-clssico-bwild\/","name":"B SWISH - PASTEL CLSSICO BWILD - Lovme","isPartOf":{"@id":"https:\/\/lovme.pt\/#website"},"primaryImageOfPage":{"@id":"https:\/\/lovme.pt\/index.php\/produto\/b-swish-pastel-clssico-bwild\/#primaryimage"},"image":{"@id":"https:\/\/lovme.pt\/index.php\/produto\/b-swish-pastel-clssico-bwild\/#primaryimage"},"thumbnailUrl":"https:\/\/erki24nd3ub.exactdn.com\/wp-content\/uploads\/dream\/img\/img_135447_18f08b82dea10e1d01cc89a6bb684218_1.jpg?strip=all","datePublished":"2025-09-30T20:43:05+00:00","dateModified":"2026-02-19T20:08:45+00:00","breadcrumb":{"@id":"https:\/\/lovme.pt\/index.php\/produto\/b-swish-pastel-clssico-bwild\/#breadcrumb"},"inLanguage":"pt-PT","potentialAction":[{"@type":"ReadAction","target":["https:\/\/lovme.pt\/index.php\/produto\/b-swish-pastel-clssico-bwild\/"]}]},{"@type":"ImageObject","inLanguage":"pt-PT","@id":"https:\/\/lovme.pt\/index.php\/produto\/b-swish-pastel-clssico-bwild\/#primaryimage","url":"https:\/\/erki24nd3ub.exactdn.com\/wp-content\/uploads\/dream\/img\/img_135447_18f08b82dea10e1d01cc89a6bb684218_1.jpg?strip=all","contentUrl":"https:\/\/erki24nd3ub.exactdn.com\/wp-content\/uploads\/dream\/img\/img_135447_18f08b82dea10e1d01cc89a6bb684218_1.jpg?strip=all","width":800,"height":800},{"@type":"BreadcrumbList","@id":"https:\/\/lovme.pt\/index.php\/produto\/b-swish-pastel-clssico-bwild\/#breadcrumb","itemListElement":[{"@type":"ListItem","position":1,"name":"In\u00edcio","item":"https:\/\/lovme.pt\/"},{"@type":"ListItem","position":2,"name":"Loja","item":"https:\/\/lovme.pt\/index.php\/loja\/"},{"@type":"ListItem","position":3,"name":"B SWISH &#8211; PASTEL CLSSICO BWILD"}]},{"@type":"WebSite","@id":"https:\/\/lovme.pt\/#website","url":"https:\/\/lovme.pt\/","name":"Lovme Loja Er\u00f3tica N\u00ba1 em Portugal","description":"A melhor loja er\u00f3tica de Portugal.","alternateName":"Loja Er\u00f3tica Lovme","potentialAction":[{"@type":"SearchAction","target":{"@type":"EntryPoint","urlTemplate":"https:\/\/lovme.pt\/?s={search_term_string}"},"query-input":{"@type":"PropertyValueSpecification","valueRequired":true,"valueName":"search_term_string"}}],"inLanguage":"pt-PT"}]}},"_links":{"self":[{"href":"https:\/\/lovme.pt\/index.php\/wp-json\/wp\/v2\/product\/41531","targetHints":{"allow":["GET"]}}],"collection":[{"href":"https:\/\/lovme.pt\/index.php\/wp-json\/wp\/v2\/product"}],"about":[{"href":"https:\/\/lovme.pt\/index.php\/wp-json\/wp\/v2\/types\/product"}],"wp:featuredmedia":[{"embeddable":true,"href":"https:\/\/lovme.pt\/index.php\/wp-json\/wp\/v2\/media\/71861"}],"wp:attachment":[{"href":"https:\/\/lovme.pt\/index.php\/wp-json\/wp\/v2\/media?parent=41531"}],"wp:term":[{"taxonomy":"product_brand","embeddable":true,"href":"https:\/\/lovme.pt\/index.php\/wp-json\/wp\/v2\/product_brand?post=41531"},{"taxonomy":"product_cat","embeddable":true,"href":"https:\/\/lovme.pt\/index.php\/wp-json\/wp\/v2\/product_cat?post=41531"},{"taxonomy":"product_tag","embeddable":true,"href":"https:\/\/lovme.pt\/index.php\/wp-json\/wp\/v2\/product_tag?post=41531"}],"curies":[{"name":"wp","href":"https:\/\/api.w.org\/{rel}","templated":true}]}}