{"id":41528,"date":"2025-09-30T20:43:02","date_gmt":"2025-09-30T20:43:02","guid":{"rendered":"https:\/\/lovme.pt\/?post_type=product&p=41528"},"modified":"2026-02-19T20:08:45","modified_gmt":"2026-02-19T20:08:45","slug":"b-swish-bfit-clssico-dorado","status":"publish","type":"product","link":"https:\/\/lovme.pt\/index.php\/produto\/b-swish-bfit-clssico-dorado\/","title":{"rendered":"B SWISH &#8211; BFIT CLSSICO DORADO"},"content":{"rendered":"<p>Treine sua sensibilidade ao prazer com treinamento personaliz\u00e1vel. As bolas do amor Bfit Classic, completas com quatro pesos flutuantes intercambi\u00e1veis, proporcionam sensa\u00e7\u00f5es profundamente excitantes enquanto treinam o assoalho p\u00e9lvico. Dois arneses com cordas de recupera\u00e7\u00e3o ultrafinas, mas superfortes, permitem m\u00e1ximo conforto e uso duradouro. Comece com os pesos mais leves de 28g e v\u00e1 subindo at\u00e9 os pesos mais pesados de 38g, totalizando 76g para um treino de Kegel mais forte.<\/p>\n<ul>\n<li>Materiais: Silicone, Pl\u00e1stico ABS, TPE<\/li>\n<li>Corpo Seguro: Sim<\/li>\n<li>\u00c0 prova d\u00e1gua: Sim<\/li>\n<li>Cuidados com \u00e1gua e sab\u00e3o<\/li>\n<li>Adequado para casais: Sim<\/li>\n<li>Combina\u00e7\u00e3o de lubrificantes \u00e0 base de \u00e1gua<\/li>\n<li>Di\u00e2metro: 2,9 cm, 3,6 cm<\/li>\n<li>Comprimento total: 7,8 cm, 9,3 cm<\/li>\n<\/ul>\n","protected":false},"excerpt":{"rendered":"<p>B SWISH &#8211; BFIT CLSSICO DORADO<\/p>\n","protected":false},"featured_media":71848,"template":"","meta":{"_acf_changed":false},"product_brand":[],"product_cat":[54,17,61],"product_tag":[],"class_list":{"0":"post-41528","1":"product","2":"type-product","3":"status-publish","4":"has-post-thumbnail","6":"product_cat-bolas-chinesas","7":"product_cat-brinquedos-de-bem-estar-sexual","8":"product_cat-para-elas","9":"yith_product_brand-b-swish","11":"first","12":"instock","13":"taxable","14":"shipping-taxable","15":"purchasable","16":"product-type-simple"},"acf":[],"yoast_head":"<!-- This site is optimized with the Yoast SEO plugin v27.3 - https:\/\/yoast.com\/product\/yoast-seo-wordpress\/ -->\n<title>B SWISH - BFIT CLSSICO DORADO - Lovme<\/title>\n<meta name=\"robots\" content=\"index, follow, max-snippet:-1, max-image-preview:large, max-video-preview:-1\" \/>\n<link rel=\"canonical\" href=\"https:\/\/lovme.pt\/index.php\/produto\/b-swish-bfit-clssico-dorado\/\" \/>\n<meta property=\"og:locale\" content=\"pt_PT\" \/>\n<meta property=\"og:type\" content=\"article\" \/>\n<meta property=\"og:title\" content=\"B SWISH - BFIT CLSSICO DORADO - Lovme\" \/>\n<meta property=\"og:description\" content=\"B SWISH - BFIT CLSSICO DORADO\" \/>\n<meta property=\"og:url\" content=\"https:\/\/lovme.pt\/index.php\/produto\/b-swish-bfit-clssico-dorado\/\" \/>\n<meta property=\"og:site_name\" content=\"Lovme\" \/>\n<meta property=\"article:modified_time\" content=\"2026-02-19T20:08:45+00:00\" \/>\n<meta property=\"og:image\" content=\"https:\/\/erki24nd3ub.exactdn.com\/wp-content\/uploads\/dream\/img\/img_145782_a9f6ab9384d7fd8f9a7f68bd7f14bfdf_1.jpg?strip=all\" \/>\n\t<meta property=\"og:image:width\" content=\"800\" \/>\n\t<meta property=\"og:image:height\" content=\"776\" \/>\n\t<meta property=\"og:image:type\" content=\"image\/jpeg\" \/>\n<meta name=\"twitter:card\" content=\"summary_large_image\" \/>\n<meta name=\"twitter:label1\" content=\"Tempo estimado de leitura\" \/>\n\t<meta name=\"twitter:data1\" content=\"1 minuto\" \/>\n<script type=\"application\/ld+json\" class=\"yoast-schema-graph\">{\"@context\":\"https:\\\/\\\/schema.org\",\"@graph\":[{\"@type\":\"WebPage\",\"@id\":\"https:\\\/\\\/lovme.pt\\\/index.php\\\/produto\\\/b-swish-bfit-clssico-dorado\\\/\",\"url\":\"https:\\\/\\\/lovme.pt\\\/index.php\\\/produto\\\/b-swish-bfit-clssico-dorado\\\/\",\"name\":\"B SWISH - BFIT CLSSICO DORADO - Lovme\",\"isPartOf\":{\"@id\":\"https:\\\/\\\/lovme.pt\\\/#website\"},\"primaryImageOfPage\":{\"@id\":\"https:\\\/\\\/lovme.pt\\\/index.php\\\/produto\\\/b-swish-bfit-clssico-dorado\\\/#primaryimage\"},\"image\":{\"@id\":\"https:\\\/\\\/lovme.pt\\\/index.php\\\/produto\\\/b-swish-bfit-clssico-dorado\\\/#primaryimage\"},\"thumbnailUrl\":\"https:\\\/\\\/erki24nd3ub.exactdn.com\\\/wp-content\\\/uploads\\\/dream\\\/img\\\/img_145782_a9f6ab9384d7fd8f9a7f68bd7f14bfdf_1.jpg?strip=all\",\"datePublished\":\"2025-09-30T20:43:02+00:00\",\"dateModified\":\"2026-02-19T20:08:45+00:00\",\"breadcrumb\":{\"@id\":\"https:\\\/\\\/lovme.pt\\\/index.php\\\/produto\\\/b-swish-bfit-clssico-dorado\\\/#breadcrumb\"},\"inLanguage\":\"pt-PT\",\"potentialAction\":[{\"@type\":\"ReadAction\",\"target\":[\"https:\\\/\\\/lovme.pt\\\/index.php\\\/produto\\\/b-swish-bfit-clssico-dorado\\\/\"]}]},{\"@type\":\"ImageObject\",\"inLanguage\":\"pt-PT\",\"@id\":\"https:\\\/\\\/lovme.pt\\\/index.php\\\/produto\\\/b-swish-bfit-clssico-dorado\\\/#primaryimage\",\"url\":\"https:\\\/\\\/erki24nd3ub.exactdn.com\\\/wp-content\\\/uploads\\\/dream\\\/img\\\/img_145782_a9f6ab9384d7fd8f9a7f68bd7f14bfdf_1.jpg?strip=all\",\"contentUrl\":\"https:\\\/\\\/erki24nd3ub.exactdn.com\\\/wp-content\\\/uploads\\\/dream\\\/img\\\/img_145782_a9f6ab9384d7fd8f9a7f68bd7f14bfdf_1.jpg?strip=all\",\"width\":800,\"height\":776},{\"@type\":\"BreadcrumbList\",\"@id\":\"https:\\\/\\\/lovme.pt\\\/index.php\\\/produto\\\/b-swish-bfit-clssico-dorado\\\/#breadcrumb\",\"itemListElement\":[{\"@type\":\"ListItem\",\"position\":1,\"name\":\"In\u00edcio\",\"item\":\"https:\\\/\\\/lovme.pt\\\/\"},{\"@type\":\"ListItem\",\"position\":2,\"name\":\"Loja\",\"item\":\"https:\\\/\\\/lovme.pt\\\/index.php\\\/loja\\\/\"},{\"@type\":\"ListItem\",\"position\":3,\"name\":\"B SWISH &#8211; BFIT CLSSICO DORADO\"}]},{\"@type\":\"WebSite\",\"@id\":\"https:\\\/\\\/lovme.pt\\\/#website\",\"url\":\"https:\\\/\\\/lovme.pt\\\/\",\"name\":\"Lovme Loja Er\u00f3tica N\u00ba1 em Portugal\",\"description\":\"A melhor loja er\u00f3tica de Portugal.\",\"alternateName\":\"Loja Er\u00f3tica Lovme\",\"potentialAction\":[{\"@type\":\"SearchAction\",\"target\":{\"@type\":\"EntryPoint\",\"urlTemplate\":\"https:\\\/\\\/lovme.pt\\\/?s={search_term_string}\"},\"query-input\":{\"@type\":\"PropertyValueSpecification\",\"valueRequired\":true,\"valueName\":\"search_term_string\"}}],\"inLanguage\":\"pt-PT\"}]}<\/script>\n<!-- \/ Yoast SEO plugin. -->","yoast_head_json":{"title":"B SWISH - BFIT CLSSICO DORADO - Lovme","robots":{"index":"index","follow":"follow","max-snippet":"max-snippet:-1","max-image-preview":"max-image-preview:large","max-video-preview":"max-video-preview:-1"},"canonical":"https:\/\/lovme.pt\/index.php\/produto\/b-swish-bfit-clssico-dorado\/","og_locale":"pt_PT","og_type":"article","og_title":"B SWISH - BFIT CLSSICO DORADO - Lovme","og_description":"B SWISH - BFIT CLSSICO DORADO","og_url":"https:\/\/lovme.pt\/index.php\/produto\/b-swish-bfit-clssico-dorado\/","og_site_name":"Lovme","article_modified_time":"2026-02-19T20:08:45+00:00","og_image":[{"width":800,"height":776,"url":"https:\/\/erki24nd3ub.exactdn.com\/wp-content\/uploads\/dream\/img\/img_145782_a9f6ab9384d7fd8f9a7f68bd7f14bfdf_1.jpg?strip=all","type":"image\/jpeg"}],"twitter_card":"summary_large_image","twitter_misc":{"Tempo estimado de leitura":"1 minuto"},"schema":{"@context":"https:\/\/schema.org","@graph":[{"@type":"WebPage","@id":"https:\/\/lovme.pt\/index.php\/produto\/b-swish-bfit-clssico-dorado\/","url":"https:\/\/lovme.pt\/index.php\/produto\/b-swish-bfit-clssico-dorado\/","name":"B SWISH - BFIT CLSSICO DORADO - Lovme","isPartOf":{"@id":"https:\/\/lovme.pt\/#website"},"primaryImageOfPage":{"@id":"https:\/\/lovme.pt\/index.php\/produto\/b-swish-bfit-clssico-dorado\/#primaryimage"},"image":{"@id":"https:\/\/lovme.pt\/index.php\/produto\/b-swish-bfit-clssico-dorado\/#primaryimage"},"thumbnailUrl":"https:\/\/erki24nd3ub.exactdn.com\/wp-content\/uploads\/dream\/img\/img_145782_a9f6ab9384d7fd8f9a7f68bd7f14bfdf_1.jpg?strip=all","datePublished":"2025-09-30T20:43:02+00:00","dateModified":"2026-02-19T20:08:45+00:00","breadcrumb":{"@id":"https:\/\/lovme.pt\/index.php\/produto\/b-swish-bfit-clssico-dorado\/#breadcrumb"},"inLanguage":"pt-PT","potentialAction":[{"@type":"ReadAction","target":["https:\/\/lovme.pt\/index.php\/produto\/b-swish-bfit-clssico-dorado\/"]}]},{"@type":"ImageObject","inLanguage":"pt-PT","@id":"https:\/\/lovme.pt\/index.php\/produto\/b-swish-bfit-clssico-dorado\/#primaryimage","url":"https:\/\/erki24nd3ub.exactdn.com\/wp-content\/uploads\/dream\/img\/img_145782_a9f6ab9384d7fd8f9a7f68bd7f14bfdf_1.jpg?strip=all","contentUrl":"https:\/\/erki24nd3ub.exactdn.com\/wp-content\/uploads\/dream\/img\/img_145782_a9f6ab9384d7fd8f9a7f68bd7f14bfdf_1.jpg?strip=all","width":800,"height":776},{"@type":"BreadcrumbList","@id":"https:\/\/lovme.pt\/index.php\/produto\/b-swish-bfit-clssico-dorado\/#breadcrumb","itemListElement":[{"@type":"ListItem","position":1,"name":"In\u00edcio","item":"https:\/\/lovme.pt\/"},{"@type":"ListItem","position":2,"name":"Loja","item":"https:\/\/lovme.pt\/index.php\/loja\/"},{"@type":"ListItem","position":3,"name":"B SWISH &#8211; BFIT CLSSICO DORADO"}]},{"@type":"WebSite","@id":"https:\/\/lovme.pt\/#website","url":"https:\/\/lovme.pt\/","name":"Lovme Loja Er\u00f3tica N\u00ba1 em Portugal","description":"A melhor loja er\u00f3tica de Portugal.","alternateName":"Loja Er\u00f3tica Lovme","potentialAction":[{"@type":"SearchAction","target":{"@type":"EntryPoint","urlTemplate":"https:\/\/lovme.pt\/?s={search_term_string}"},"query-input":{"@type":"PropertyValueSpecification","valueRequired":true,"valueName":"search_term_string"}}],"inLanguage":"pt-PT"}]}},"_links":{"self":[{"href":"https:\/\/lovme.pt\/index.php\/wp-json\/wp\/v2\/product\/41528","targetHints":{"allow":["GET"]}}],"collection":[{"href":"https:\/\/lovme.pt\/index.php\/wp-json\/wp\/v2\/product"}],"about":[{"href":"https:\/\/lovme.pt\/index.php\/wp-json\/wp\/v2\/types\/product"}],"wp:featuredmedia":[{"embeddable":true,"href":"https:\/\/lovme.pt\/index.php\/wp-json\/wp\/v2\/media\/71848"}],"wp:attachment":[{"href":"https:\/\/lovme.pt\/index.php\/wp-json\/wp\/v2\/media?parent=41528"}],"wp:term":[{"taxonomy":"product_brand","embeddable":true,"href":"https:\/\/lovme.pt\/index.php\/wp-json\/wp\/v2\/product_brand?post=41528"},{"taxonomy":"product_cat","embeddable":true,"href":"https:\/\/lovme.pt\/index.php\/wp-json\/wp\/v2\/product_cat?post=41528"},{"taxonomy":"product_tag","embeddable":true,"href":"https:\/\/lovme.pt\/index.php\/wp-json\/wp\/v2\/product_tag?post=41528"}],"curies":[{"name":"wp","href":"https:\/\/api.w.org\/{rel}","templated":true}]}}