{"id":41523,"date":"2025-09-30T20:42:59","date_gmt":"2025-09-30T20:42:59","guid":{"rendered":"https:\/\/lovme.pt\/?post_type=product&p=41523"},"modified":"2026-02-19T20:08:45","modified_gmt":"2026-02-19T20:08:45","slug":"b-swish-bfit-classic-flex-preto-38-g","status":"publish","type":"product","link":"https:\/\/lovme.pt\/index.php\/produto\/b-swish-bfit-classic-flex-preto-38-g\/","title":{"rendered":"B SWISH &#8211; BFIT CLASSIC FLEX PRETO 38 G."},"content":{"rendered":"<p>Treine sua sensibilidade ao prazer com treinamento personaliz\u00e1vel. As bolas Bfit Classic Flex de 38g, completas com dois pesos flutuantes, proporcionam sensa\u00e7\u00f5es profundamente excitantes enquanto voc\u00ea treina o assoalho p\u00e9lvico. Comece com o peso \u00fanico de 38g e v\u00e1 subindo at\u00e9 o peso duplo de 76g no total. Inclui dois arneses de silicone projetados para m\u00e1ximo conforto e adaptabilidade.<\/p>\n<ul>\n<li>Materiais: Silicone, Pl\u00e1stico ABS, TPE<\/li>\n<li>Corpo Seguro: Sim<\/li>\n<li>\u00c0 prova d\u00e1gua: Sim<\/li>\n<li>Cuidados com \u00e1gua e sab\u00e3o<\/li>\n<li>Combina\u00e7\u00e3o de lubrificantes \u00e0 base de \u00e1gua<\/li>\n<li>Di\u00e2metro: 3,6 cm<\/li>\n<li>Comprimento total: 9,3 cm<\/li>\n<li>Conte\u00fado da caixa: 2 arneses de silicone, 2 bolas ABS Kegel<\/li>\n<\/ul>\n","protected":false},"excerpt":{"rendered":"<p>B SWISH &#8211; BFIT CLASSIC FLEX PRETO 38 G.<\/p>\n","protected":false},"featured_media":71839,"template":"","meta":{"_acf_changed":false},"product_brand":[],"product_cat":[54,17,61],"product_tag":[],"class_list":{"0":"post-41523","1":"product","2":"type-product","3":"status-publish","4":"has-post-thumbnail","6":"product_cat-bolas-chinesas","7":"product_cat-brinquedos-de-bem-estar-sexual","8":"product_cat-para-elas","9":"yith_product_brand-b-swish","11":"first","12":"instock","13":"taxable","14":"shipping-taxable","15":"purchasable","16":"product-type-simple"},"acf":[],"yoast_head":"<!-- This site is optimized with the Yoast SEO plugin v27.3 - https:\/\/yoast.com\/product\/yoast-seo-wordpress\/ -->\n<title>B SWISH - BFIT CLASSIC FLEX PRETO 38 G. - Lovme<\/title>\n<meta name=\"robots\" content=\"index, follow, max-snippet:-1, max-image-preview:large, max-video-preview:-1\" \/>\n<link rel=\"canonical\" href=\"https:\/\/lovme.pt\/index.php\/produto\/b-swish-bfit-classic-flex-preto-38-g\/\" \/>\n<meta property=\"og:locale\" content=\"pt_PT\" \/>\n<meta property=\"og:type\" content=\"article\" \/>\n<meta property=\"og:title\" content=\"B SWISH - BFIT CLASSIC FLEX PRETO 38 G. - Lovme\" \/>\n<meta property=\"og:description\" content=\"B SWISH - BFIT CLASSIC FLEX PRETO 38 G.\" \/>\n<meta property=\"og:url\" content=\"https:\/\/lovme.pt\/index.php\/produto\/b-swish-bfit-classic-flex-preto-38-g\/\" \/>\n<meta property=\"og:site_name\" content=\"Lovme\" \/>\n<meta property=\"article:modified_time\" content=\"2026-02-19T20:08:45+00:00\" \/>\n<meta property=\"og:image\" content=\"https:\/\/erki24nd3ub.exactdn.com\/wp-content\/uploads\/dream\/img\/img_143854_71ae75a7f1f67bfae5c3210cc3144d69_1.jpg?strip=all\" \/>\n\t<meta property=\"og:image:width\" content=\"800\" \/>\n\t<meta property=\"og:image:height\" content=\"800\" \/>\n\t<meta property=\"og:image:type\" content=\"image\/jpeg\" \/>\n<meta name=\"twitter:card\" content=\"summary_large_image\" \/>\n<script type=\"application\/ld+json\" class=\"yoast-schema-graph\">{\"@context\":\"https:\\\/\\\/schema.org\",\"@graph\":[{\"@type\":\"WebPage\",\"@id\":\"https:\\\/\\\/lovme.pt\\\/index.php\\\/produto\\\/b-swish-bfit-classic-flex-preto-38-g\\\/\",\"url\":\"https:\\\/\\\/lovme.pt\\\/index.php\\\/produto\\\/b-swish-bfit-classic-flex-preto-38-g\\\/\",\"name\":\"B SWISH - BFIT CLASSIC FLEX PRETO 38 G. - Lovme\",\"isPartOf\":{\"@id\":\"https:\\\/\\\/lovme.pt\\\/#website\"},\"primaryImageOfPage\":{\"@id\":\"https:\\\/\\\/lovme.pt\\\/index.php\\\/produto\\\/b-swish-bfit-classic-flex-preto-38-g\\\/#primaryimage\"},\"image\":{\"@id\":\"https:\\\/\\\/lovme.pt\\\/index.php\\\/produto\\\/b-swish-bfit-classic-flex-preto-38-g\\\/#primaryimage\"},\"thumbnailUrl\":\"https:\\\/\\\/erki24nd3ub.exactdn.com\\\/wp-content\\\/uploads\\\/dream\\\/img\\\/img_143854_71ae75a7f1f67bfae5c3210cc3144d69_1.jpg?strip=all\",\"datePublished\":\"2025-09-30T20:42:59+00:00\",\"dateModified\":\"2026-02-19T20:08:45+00:00\",\"breadcrumb\":{\"@id\":\"https:\\\/\\\/lovme.pt\\\/index.php\\\/produto\\\/b-swish-bfit-classic-flex-preto-38-g\\\/#breadcrumb\"},\"inLanguage\":\"pt-PT\",\"potentialAction\":[{\"@type\":\"ReadAction\",\"target\":[\"https:\\\/\\\/lovme.pt\\\/index.php\\\/produto\\\/b-swish-bfit-classic-flex-preto-38-g\\\/\"]}]},{\"@type\":\"ImageObject\",\"inLanguage\":\"pt-PT\",\"@id\":\"https:\\\/\\\/lovme.pt\\\/index.php\\\/produto\\\/b-swish-bfit-classic-flex-preto-38-g\\\/#primaryimage\",\"url\":\"https:\\\/\\\/erki24nd3ub.exactdn.com\\\/wp-content\\\/uploads\\\/dream\\\/img\\\/img_143854_71ae75a7f1f67bfae5c3210cc3144d69_1.jpg?strip=all\",\"contentUrl\":\"https:\\\/\\\/erki24nd3ub.exactdn.com\\\/wp-content\\\/uploads\\\/dream\\\/img\\\/img_143854_71ae75a7f1f67bfae5c3210cc3144d69_1.jpg?strip=all\",\"width\":800,\"height\":800},{\"@type\":\"BreadcrumbList\",\"@id\":\"https:\\\/\\\/lovme.pt\\\/index.php\\\/produto\\\/b-swish-bfit-classic-flex-preto-38-g\\\/#breadcrumb\",\"itemListElement\":[{\"@type\":\"ListItem\",\"position\":1,\"name\":\"In\u00edcio\",\"item\":\"https:\\\/\\\/lovme.pt\\\/\"},{\"@type\":\"ListItem\",\"position\":2,\"name\":\"Loja\",\"item\":\"https:\\\/\\\/lovme.pt\\\/index.php\\\/loja\\\/\"},{\"@type\":\"ListItem\",\"position\":3,\"name\":\"B SWISH &#8211; BFIT CLASSIC FLEX PRETO 38 G.\"}]},{\"@type\":\"WebSite\",\"@id\":\"https:\\\/\\\/lovme.pt\\\/#website\",\"url\":\"https:\\\/\\\/lovme.pt\\\/\",\"name\":\"Lovme Loja Er\u00f3tica N\u00ba1 em Portugal\",\"description\":\"A melhor loja er\u00f3tica de Portugal.\",\"alternateName\":\"Loja Er\u00f3tica Lovme\",\"potentialAction\":[{\"@type\":\"SearchAction\",\"target\":{\"@type\":\"EntryPoint\",\"urlTemplate\":\"https:\\\/\\\/lovme.pt\\\/?s={search_term_string}\"},\"query-input\":{\"@type\":\"PropertyValueSpecification\",\"valueRequired\":true,\"valueName\":\"search_term_string\"}}],\"inLanguage\":\"pt-PT\"}]}<\/script>\n<!-- \/ Yoast SEO plugin. -->","yoast_head_json":{"title":"B SWISH - BFIT CLASSIC FLEX PRETO 38 G. - Lovme","robots":{"index":"index","follow":"follow","max-snippet":"max-snippet:-1","max-image-preview":"max-image-preview:large","max-video-preview":"max-video-preview:-1"},"canonical":"https:\/\/lovme.pt\/index.php\/produto\/b-swish-bfit-classic-flex-preto-38-g\/","og_locale":"pt_PT","og_type":"article","og_title":"B SWISH - BFIT CLASSIC FLEX PRETO 38 G. - Lovme","og_description":"B SWISH - BFIT CLASSIC FLEX PRETO 38 G.","og_url":"https:\/\/lovme.pt\/index.php\/produto\/b-swish-bfit-classic-flex-preto-38-g\/","og_site_name":"Lovme","article_modified_time":"2026-02-19T20:08:45+00:00","og_image":[{"width":800,"height":800,"url":"https:\/\/erki24nd3ub.exactdn.com\/wp-content\/uploads\/dream\/img\/img_143854_71ae75a7f1f67bfae5c3210cc3144d69_1.jpg?strip=all","type":"image\/jpeg"}],"twitter_card":"summary_large_image","schema":{"@context":"https:\/\/schema.org","@graph":[{"@type":"WebPage","@id":"https:\/\/lovme.pt\/index.php\/produto\/b-swish-bfit-classic-flex-preto-38-g\/","url":"https:\/\/lovme.pt\/index.php\/produto\/b-swish-bfit-classic-flex-preto-38-g\/","name":"B SWISH - BFIT CLASSIC FLEX PRETO 38 G. - Lovme","isPartOf":{"@id":"https:\/\/lovme.pt\/#website"},"primaryImageOfPage":{"@id":"https:\/\/lovme.pt\/index.php\/produto\/b-swish-bfit-classic-flex-preto-38-g\/#primaryimage"},"image":{"@id":"https:\/\/lovme.pt\/index.php\/produto\/b-swish-bfit-classic-flex-preto-38-g\/#primaryimage"},"thumbnailUrl":"https:\/\/erki24nd3ub.exactdn.com\/wp-content\/uploads\/dream\/img\/img_143854_71ae75a7f1f67bfae5c3210cc3144d69_1.jpg?strip=all","datePublished":"2025-09-30T20:42:59+00:00","dateModified":"2026-02-19T20:08:45+00:00","breadcrumb":{"@id":"https:\/\/lovme.pt\/index.php\/produto\/b-swish-bfit-classic-flex-preto-38-g\/#breadcrumb"},"inLanguage":"pt-PT","potentialAction":[{"@type":"ReadAction","target":["https:\/\/lovme.pt\/index.php\/produto\/b-swish-bfit-classic-flex-preto-38-g\/"]}]},{"@type":"ImageObject","inLanguage":"pt-PT","@id":"https:\/\/lovme.pt\/index.php\/produto\/b-swish-bfit-classic-flex-preto-38-g\/#primaryimage","url":"https:\/\/erki24nd3ub.exactdn.com\/wp-content\/uploads\/dream\/img\/img_143854_71ae75a7f1f67bfae5c3210cc3144d69_1.jpg?strip=all","contentUrl":"https:\/\/erki24nd3ub.exactdn.com\/wp-content\/uploads\/dream\/img\/img_143854_71ae75a7f1f67bfae5c3210cc3144d69_1.jpg?strip=all","width":800,"height":800},{"@type":"BreadcrumbList","@id":"https:\/\/lovme.pt\/index.php\/produto\/b-swish-bfit-classic-flex-preto-38-g\/#breadcrumb","itemListElement":[{"@type":"ListItem","position":1,"name":"In\u00edcio","item":"https:\/\/lovme.pt\/"},{"@type":"ListItem","position":2,"name":"Loja","item":"https:\/\/lovme.pt\/index.php\/loja\/"},{"@type":"ListItem","position":3,"name":"B SWISH &#8211; BFIT CLASSIC FLEX PRETO 38 G."}]},{"@type":"WebSite","@id":"https:\/\/lovme.pt\/#website","url":"https:\/\/lovme.pt\/","name":"Lovme Loja Er\u00f3tica N\u00ba1 em Portugal","description":"A melhor loja er\u00f3tica de Portugal.","alternateName":"Loja Er\u00f3tica Lovme","potentialAction":[{"@type":"SearchAction","target":{"@type":"EntryPoint","urlTemplate":"https:\/\/lovme.pt\/?s={search_term_string}"},"query-input":{"@type":"PropertyValueSpecification","valueRequired":true,"valueName":"search_term_string"}}],"inLanguage":"pt-PT"}]}},"_links":{"self":[{"href":"https:\/\/lovme.pt\/index.php\/wp-json\/wp\/v2\/product\/41523","targetHints":{"allow":["GET"]}}],"collection":[{"href":"https:\/\/lovme.pt\/index.php\/wp-json\/wp\/v2\/product"}],"about":[{"href":"https:\/\/lovme.pt\/index.php\/wp-json\/wp\/v2\/types\/product"}],"wp:featuredmedia":[{"embeddable":true,"href":"https:\/\/lovme.pt\/index.php\/wp-json\/wp\/v2\/media\/71839"}],"wp:attachment":[{"href":"https:\/\/lovme.pt\/index.php\/wp-json\/wp\/v2\/media?parent=41523"}],"wp:term":[{"taxonomy":"product_brand","embeddable":true,"href":"https:\/\/lovme.pt\/index.php\/wp-json\/wp\/v2\/product_brand?post=41523"},{"taxonomy":"product_cat","embeddable":true,"href":"https:\/\/lovme.pt\/index.php\/wp-json\/wp\/v2\/product_cat?post=41523"},{"taxonomy":"product_tag","embeddable":true,"href":"https:\/\/lovme.pt\/index.php\/wp-json\/wp\/v2\/product_tag?post=41523"}],"curies":[{"name":"wp","href":"https:\/\/api.w.org\/{rel}","templated":true}]}}